{"id":1478,"date":"2018-10-29T10:22:59","date_gmt":"2018-10-29T10:22:59","guid":{"rendered":"https:\/\/luxpro.pt\/?page_id=1478"},"modified":"2025-06-13T15:13:45","modified_gmt":"2025-06-13T14:13:45","slug":"termos-e-condicoes","status":"publish","type":"page","link":"https:\/\/luxpro.pt\/en\/termos-e-condicoes","title":{"rendered":"Termos e Condi\u00e7\u00f5es"},"content":{"rendered":"<p>Por favor leia estes termos e condi\u00e7\u00f5es atentamente antes de efetuar qualquer encomenda no nosso site. Ao efetuar uma encomenda estar\u00e1 a aceitar estes termos e condi\u00e7\u00f5es.<\/p>\n<p><strong>1. Propriedade LUXPRO<\/strong><br \/>\nA LUXPRO, com o endere\u00e7o\u00a0<a href=\"https:\/\/luxpro.pt\/\">www.luxpro.pt<\/a> e todos os seus conte\u00fados s\u00e3o propriedade da LUXPRO, de Tiago Amadeu Figueiredo Carvalho Ferreira, com sede no Loteamento Alta Mira Lote 33 Arcozelo Barcelos, 4750-108 Braga Portugal, e com o NICP: 223942944.<\/p>\n<p><strong>2. Encomendas<\/strong><br \/>\nTodos os artigos que est\u00e3o dispon\u00edveis na loja online LUXPRO est\u00e3o de acordo com a Lei Portuguesa.<br \/>\nOs artigos t\u00eam indicado o pre\u00e7o de venda ao p\u00fablico em euros e com IVA inclu\u00eddo \u00e0 taxa legal em vigor em Portugal e excluindo as despesas de envio, que s\u00e3o calculados com base no peso e destino da encomenda. No final do processo de encomenda o custo final de transporte ser\u00e1 inclu\u00eddo no carrinho de compras. Para grandes encomendas por favor entre em contacto connosco.<\/p>\n<p>As encomendas ser\u00e3o expedidas de 24h a 72h, salvo rutura de stock, por transportadora, que entrega os produtos na morada indicada.<\/p>\n<p>Se estiver a efetuar uma compra fora da Uni\u00e3o Europeia, por favor note que alguns produtos poder\u00e3o estar sujeitos a taxas e impostos aduaneiros aquando da entrada no pa\u00eds de destino. A LUXPRO n\u00e3o tem qualquer controlo sobre estes custos, que dependem da alf\u00e2ndega de cada pa\u00eds e por isso n\u00e3o s\u00e3o poss\u00edveis de prever. Os encargos e impostos de importa\u00e7\u00e3o s\u00e3o sempre da responsabilidade do comprador importador. O comprador tem ainda a responsabilidade de conhecer as restri\u00e7\u00f5es e respetivas taxas do pa\u00eds em que reside.<br \/>\nPara evitar qualquer tipo de problemas legais e que possam prejudicar o normal relacionamento comercial de confian\u00e7a m\u00fatua, por favor, entre em contato connosco.<\/p>\n<p><strong>3. Prazo de entrega<\/strong><br \/>\nA encomenda ser\u00e1 expedida at\u00e9 24h a 72h, salvo rutura de stock.<\/p>\n<p><strong>4. Devolu\u00e7\u00f5es<\/strong><br \/>\nO consumidor, pode exercer o direito de resolu\u00e7\u00e3o sem que lhe seja exigida qualquer indemniza\u00e7\u00e3o, no prazo de 14 (catorze) dias a contar do dia em que o consumidor adquira a posse f\u00edsica do bem. O consumidor deve no prazo de 14 (catorze) dias a contar da data da comunica\u00e7\u00e3o da resolu\u00e7\u00e3o devolver os bens \u00e0 Luxpro nas devidas condi\u00e7\u00f5es de utiliza\u00e7\u00e3o. A embalagem deve ser devolvida completa, tal como foi entregue e acompanhada de toda a documenta\u00e7\u00e3o recebida, nomeadamente, os seguintes documentos: fatura de venda e o documento que comprova a rece\u00e7\u00e3o do produto. Ap\u00f3s rece\u00e7\u00e3o da devolu\u00e7\u00e3o na Luxpro ser\u00e1 devolvido ao Consumidor o valor correspondente ao valor pago pela encomenda, exluindo o valor dos portes de envio. (valor da fatura de venda).<br \/>\n<strong>\u2028<\/strong><br \/>\n<strong>5. Obriga\u00e7\u00f5es do cliente<\/strong><br \/>\nO Cliente compromete-se a facultar dados pessoais e moradas corretas que permita a que a entrega possa ser efetuada durante as horas de expediente. Dever\u00e1 ainda fornecer informa\u00e7\u00f5es como nome, morada, telefone, email etc\u2026, para tratamento das suas encomendas, elabora\u00e7\u00e3o das respetivas faturas ou para um eventual contacto se necess\u00e1rio. O fornecimento de informa\u00e7\u00f5es erradas ou incompletas poder\u00e1 levar \u00e0 recusa de valida\u00e7\u00e3o das suas encomendas.<br \/>\n<strong>\u2028<\/strong><br \/>\n<strong>6. Lei Aplic\u00e1vel<\/strong><br \/>\nO Contrato rege-se pela lei portuguesa.<\/p>\n","protected":false},"excerpt":{"rendered":"<p>Por favor leia estes termos e condi\u00e7\u00f5es atentamente antes de efetuar qualquer encomenda no nosso site. Ao efetuar uma encomenda estar\u00e1 a aceitar estes termos e condi\u00e7\u00f5es. 1. Propriedade LUXPRO A LUXPRO, com o endere\u00e7o\u00a0www.luxpro.pt e todos os seus conte\u00fados s\u00e3o propriedade da LUXPRO, de Tiago Amadeu Figueiredo Carvalho Ferreira, com sede no Loteamento Alta Mira Lote 33 Arcozelo Barcelos, [&hellip;]<\/p>\n","protected":false},"author":728,"featured_media":0,"parent":0,"menu_order":0,"comment_status":"closed","ping_status":"closed","template":"","meta":{"footnotes":""},"class_list":["post-1478","page","type-page","status-publish","hentry"],"yoast_head":"<!-- This site is optimized with the Yoast SEO plugin v26.5 - https:\/\/yoast.com\/wordpress\/plugins\/seo\/ -->\n<title>Termos e Condi\u00e7\u00f5es - LuxPro<\/title>\n<meta name=\"robots\" content=\"index, follow, max-snippet:-1, max-image-preview:large, max-video-preview:-1\" \/>\n<link rel=\"canonical\" href=\"https:\/\/luxpro.pt\/en\/termos-e-condicoes\" \/>\n<meta property=\"og:locale\" content=\"en_US\" \/>\n<meta property=\"og:type\" content=\"article\" \/>\n<meta property=\"og:title\" content=\"Termos e Condi\u00e7\u00f5es - LuxPro\" \/>\n<meta property=\"og:description\" content=\"Por favor leia estes termos e condi\u00e7\u00f5es atentamente antes de efetuar qualquer encomenda no nosso site. Ao efetuar uma encomenda estar\u00e1 a aceitar estes termos e condi\u00e7\u00f5es. 1. Propriedade LUXPRO A LUXPRO, com o endere\u00e7o\u00a0www.luxpro.pt e todos os seus conte\u00fados s\u00e3o propriedade da LUXPRO, de Tiago Amadeu Figueiredo Carvalho Ferreira, com sede no Loteamento Alta Mira Lote 33 Arcozelo Barcelos, [&hellip;]\" \/>\n<meta property=\"og:url\" content=\"https:\/\/luxpro.pt\/en\/termos-e-condicoes\" \/>\n<meta property=\"og:site_name\" content=\"LuxPro\" \/>\n<meta property=\"article:modified_time\" content=\"2025-06-13T14:13:45+00:00\" \/>\n<meta name=\"twitter:card\" content=\"summary_large_image\" \/>\n<meta name=\"twitter:label1\" content=\"Est. reading time\" \/>\n\t<meta name=\"twitter:data1\" content=\"3 minutes\" \/>\n<script type=\"application\/ld+json\" class=\"yoast-schema-graph\">{\"@context\":\"https:\/\/schema.org\",\"@graph\":[{\"@type\":\"WebPage\",\"@id\":\"https:\/\/luxpro.pt\/en\/termos-e-condicoes\",\"url\":\"https:\/\/luxpro.pt\/en\/termos-e-condicoes\",\"name\":\"Termos e Condi\u00e7\u00f5es - LuxPro\",\"isPartOf\":{\"@id\":\"https:\/\/luxpro.pt\/en#website\"},\"datePublished\":\"2018-10-29T10:22:59+00:00\",\"dateModified\":\"2025-06-13T14:13:45+00:00\",\"breadcrumb\":{\"@id\":\"https:\/\/luxpro.pt\/en\/termos-e-condicoes#breadcrumb\"},\"inLanguage\":\"en-US\",\"potentialAction\":[{\"@type\":\"ReadAction\",\"target\":[\"https:\/\/luxpro.pt\/en\/termos-e-condicoes\"]}]},{\"@type\":\"BreadcrumbList\",\"@id\":\"https:\/\/luxpro.pt\/en\/termos-e-condicoes#breadcrumb\",\"itemListElement\":[{\"@type\":\"ListItem\",\"position\":1,\"name\":\"In\u00edcio\",\"item\":\"https:\/\/luxpro.pt\/en\"},{\"@type\":\"ListItem\",\"position\":2,\"name\":\"Termos e Condi\u00e7\u00f5es\"}]},{\"@type\":\"WebSite\",\"@id\":\"https:\/\/luxpro.pt\/en#website\",\"url\":\"https:\/\/luxpro.pt\/en\",\"name\":\"LuxPro\",\"description\":\"\",\"publisher\":{\"@id\":\"https:\/\/luxpro.pt\/en#\/schema\/person\/2d1bed59a52ad49be71622bef025e341\"},\"potentialAction\":[{\"@type\":\"SearchAction\",\"target\":{\"@type\":\"EntryPoint\",\"urlTemplate\":\"https:\/\/luxpro.pt\/en?s={search_term_string}\"},\"query-input\":{\"@type\":\"PropertyValueSpecification\",\"valueRequired\":true,\"valueName\":\"search_term_string\"}}],\"inLanguage\":\"en-US\"},{\"@type\":[\"Person\",\"Organization\"],\"@id\":\"https:\/\/luxpro.pt\/en#\/schema\/person\/2d1bed59a52ad49be71622bef025e341\",\"name\":\"Tiago Amadeu Ferreira\",\"image\":{\"@type\":\"ImageObject\",\"inLanguage\":\"en-US\",\"@id\":\"https:\/\/luxpro.pt\/en#\/schema\/person\/image\/\",\"url\":\"https:\/\/luxpro.pt\/wp-content\/uploads\/2017\/11\/logo.jpg\",\"contentUrl\":\"https:\/\/luxpro.pt\/wp-content\/uploads\/2017\/11\/logo.jpg\",\"width\":150,\"height\":33,\"caption\":\"Tiago Amadeu Ferreira\"},\"logo\":{\"@id\":\"https:\/\/luxpro.pt\/en#\/schema\/person\/image\/\"}}]}<\/script>\n<!-- \/ Yoast SEO plugin. -->","yoast_head_json":{"title":"Termos e Condi\u00e7\u00f5es - LuxPro","robots":{"index":"index","follow":"follow","max-snippet":"max-snippet:-1","max-image-preview":"max-image-preview:large","max-video-preview":"max-video-preview:-1"},"canonical":"https:\/\/luxpro.pt\/en\/termos-e-condicoes","og_locale":"en_US","og_type":"article","og_title":"Termos e Condi\u00e7\u00f5es - LuxPro","og_description":"Por favor leia estes termos e condi\u00e7\u00f5es atentamente antes de efetuar qualquer encomenda no nosso site. Ao efetuar uma encomenda estar\u00e1 a aceitar estes termos e condi\u00e7\u00f5es. 1. Propriedade LUXPRO A LUXPRO, com o endere\u00e7o\u00a0www.luxpro.pt e todos os seus conte\u00fados s\u00e3o propriedade da LUXPRO, de Tiago Amadeu Figueiredo Carvalho Ferreira, com sede no Loteamento Alta Mira Lote 33 Arcozelo Barcelos, [&hellip;]","og_url":"https:\/\/luxpro.pt\/en\/termos-e-condicoes","og_site_name":"LuxPro","article_modified_time":"2025-06-13T14:13:45+00:00","twitter_card":"summary_large_image","twitter_misc":{"Est. reading time":"3 minutes"},"schema":{"@context":"https:\/\/schema.org","@graph":[{"@type":"WebPage","@id":"https:\/\/luxpro.pt\/en\/termos-e-condicoes","url":"https:\/\/luxpro.pt\/en\/termos-e-condicoes","name":"Termos e Condi\u00e7\u00f5es - LuxPro","isPartOf":{"@id":"https:\/\/luxpro.pt\/en#website"},"datePublished":"2018-10-29T10:22:59+00:00","dateModified":"2025-06-13T14:13:45+00:00","breadcrumb":{"@id":"https:\/\/luxpro.pt\/en\/termos-e-condicoes#breadcrumb"},"inLanguage":"en-US","potentialAction":[{"@type":"ReadAction","target":["https:\/\/luxpro.pt\/en\/termos-e-condicoes"]}]},{"@type":"BreadcrumbList","@id":"https:\/\/luxpro.pt\/en\/termos-e-condicoes#breadcrumb","itemListElement":[{"@type":"ListItem","position":1,"name":"In\u00edcio","item":"https:\/\/luxpro.pt\/en"},{"@type":"ListItem","position":2,"name":"Termos e Condi\u00e7\u00f5es"}]},{"@type":"WebSite","@id":"https:\/\/luxpro.pt\/en#website","url":"https:\/\/luxpro.pt\/en","name":"LuxPro","description":"","publisher":{"@id":"https:\/\/luxpro.pt\/en#\/schema\/person\/2d1bed59a52ad49be71622bef025e341"},"potentialAction":[{"@type":"SearchAction","target":{"@type":"EntryPoint","urlTemplate":"https:\/\/luxpro.pt\/en?s={search_term_string}"},"query-input":{"@type":"PropertyValueSpecification","valueRequired":true,"valueName":"search_term_string"}}],"inLanguage":"en-US"},{"@type":["Person","Organization"],"@id":"https:\/\/luxpro.pt\/en#\/schema\/person\/2d1bed59a52ad49be71622bef025e341","name":"Tiago Amadeu Ferreira","image":{"@type":"ImageObject","inLanguage":"en-US","@id":"https:\/\/luxpro.pt\/en#\/schema\/person\/image\/","url":"https:\/\/luxpro.pt\/wp-content\/uploads\/2017\/11\/logo.jpg","contentUrl":"https:\/\/luxpro.pt\/wp-content\/uploads\/2017\/11\/logo.jpg","width":150,"height":33,"caption":"Tiago Amadeu Ferreira"},"logo":{"@id":"https:\/\/luxpro.pt\/en#\/schema\/person\/image\/"}}]}},"_links":{"self":[{"href":"https:\/\/luxpro.pt\/en\/wp-json\/wp\/v2\/pages\/1478","targetHints":{"allow":["GET"]}}],"collection":[{"href":"https:\/\/luxpro.pt\/en\/wp-json\/wp\/v2\/pages"}],"about":[{"href":"https:\/\/luxpro.pt\/en\/wp-json\/wp\/v2\/types\/page"}],"author":[{"embeddable":true,"href":"https:\/\/luxpro.pt\/en\/wp-json\/wp\/v2\/users\/728"}],"replies":[{"embeddable":true,"href":"https:\/\/luxpro.pt\/en\/wp-json\/wp\/v2\/comments?post=1478"}],"version-history":[{"count":2,"href":"https:\/\/luxpro.pt\/en\/wp-json\/wp\/v2\/pages\/1478\/revisions"}],"predecessor-version":[{"id":14629,"href":"https:\/\/luxpro.pt\/en\/wp-json\/wp\/v2\/pages\/1478\/revisions\/14629"}],"wp:attachment":[{"href":"https:\/\/luxpro.pt\/en\/wp-json\/wp\/v2\/media?parent=1478"}],"curies":[{"name":"wp","href":"https:\/\/api.w.org\/{rel}","templated":true}]}}