{"id":10291,"date":"2022-10-26T22:44:31","date_gmt":"2022-10-26T21:44:31","guid":{"rendered":"https:\/\/luxpro.pt\/?post_type=product&#038;p=10291"},"modified":"2023-09-28T16:19:13","modified_gmt":"2023-09-28T15:19:13","slug":"armadura-de-emergencia-dunna-d100l-normalux","status":"publish","type":"product","link":"https:\/\/luxpro.pt\/en\/produto\/armadura-de-emergencia-dunna-d100l-normalux","title":{"rendered":"Armadura  Emerg\u00eancia DUNNA D100L NORMALUX"},"content":{"rendered":"<p>DUNNA. Refer\u00eancia: D-100L, Fabricado pela Normalux.<\/p>\n<p>Lumens 110 lm. Autonomia (h) 1h. Modo operacional: N\u00e3o permanente.<\/p>\n<p>Tipo de instala\u00e7\u00e3o: Superf\u00edcie. Fonte de luz: Led. Bateria de: Ni-Cd 3,6V\/600mAh. IP: 44. IK: 07.<\/p>\n<p>Vers\u00e3o: Padr\u00e3o. Acabamento: Branco. Carca\u00e7a de: PC + ABS autoextingu\u00edvel. Voltagem: 230V 50Hz. Dimens\u00f5es (mm): 322 x 120 x 45 mm.<\/p>\n<p>Fabricado de acordo com os regulamentos% {norma}.<\/p>\n","protected":false},"excerpt":{"rendered":"<p>DUNNA. Refer\u00eancia: D-100L, Fabricado pela Normalux. Lumens 110 lm. Autonomia (h) 1h. Modo operacional: N\u00e3o permanente. Tipo de instala\u00e7\u00e3o: Superf\u00edcie. Fonte de luz: Led. Bateria de: Ni-Cd 3,6V\/600mAh. IP: 44. IK: 07. Vers\u00e3o: Padr\u00e3o. Acabamento: Branco. Carca\u00e7a de: PC + ABS autoextingu\u00edvel. Voltagem: 230V 50Hz. Dimens\u00f5es (mm): 322 x 120 x 45 mm. Fabricado de acordo com os regulamentos% {norma}.<\/p>\n","protected":false},"featured_media":6239,"comment_status":"open","ping_status":"closed","template":"","meta":[],"product_brand":[],"product_cat":[964,526],"product_tag":[],"class_list":{"0":"post-10291","1":"product","2":"type-product","3":"status-publish","4":"has-post-thumbnail","6":"product_cat-dunna","7":"product_cat-armadura-de-emergencia","9":"first","10":"instock","11":"taxable","12":"shipping-taxable","13":"purchasable","14":"product-type-simple"},"yoast_head":"<!-- This site is optimized with the Yoast SEO plugin v26.5 - https:\/\/yoast.com\/wordpress\/plugins\/seo\/ -->\n<title>ARMADURA DE EMERG\u00caNCIA DUNNA D100L NORMALUX<\/title>\n<meta name=\"description\" content=\"Dunna \u00e9 uma das nossas lumin\u00e1rias mais antigas e bem-sucedidas, \u00e0 qual foi aplicada a \u00faltima tecnologia LED e uma nova conce\u00e7\u00e3o moderna.\" \/>\n<meta name=\"robots\" content=\"index, follow, max-snippet:-1, max-image-preview:large, max-video-preview:-1\" \/>\n<link rel=\"canonical\" href=\"https:\/\/luxpro.pt\/en\/produto\/armadura-de-emergencia-dunna-d100l-normalux\" \/>\n<meta property=\"og:locale\" content=\"en_US\" \/>\n<meta property=\"og:type\" content=\"article\" \/>\n<meta property=\"og:title\" content=\"ARMADURA DE EMERG\u00caNCIA DUNNA D100L NORMALUX\" \/>\n<meta property=\"og:description\" content=\"Dunna \u00e9 uma das nossas lumin\u00e1rias mais antigas e bem-sucedidas, \u00e0 qual foi aplicada a \u00faltima tecnologia LED e uma nova conce\u00e7\u00e3o moderna.\" \/>\n<meta property=\"og:url\" content=\"https:\/\/luxpro.pt\/en\/produto\/armadura-de-emergencia-dunna-d100l-normalux\" \/>\n<meta property=\"og:site_name\" content=\"LuxPro\" \/>\n<meta property=\"article:modified_time\" content=\"2023-09-28T15:19:13+00:00\" \/>\n<meta property=\"og:image\" content=\"https:\/\/luxpro.pt\/wp-content\/uploads\/2020\/11\/DUNNA-1.png\" \/>\n\t<meta property=\"og:image:width\" content=\"487\" \/>\n\t<meta property=\"og:image:height\" content=\"553\" \/>\n\t<meta property=\"og:image:type\" content=\"image\/png\" \/>\n<meta name=\"twitter:card\" content=\"summary_large_image\" \/>\n<meta name=\"twitter:label1\" content=\"Est. reading time\" \/>\n\t<meta name=\"twitter:data1\" content=\"1 minute\" \/>\n<script type=\"application\/ld+json\" class=\"yoast-schema-graph\">{\"@context\":\"https:\/\/schema.org\",\"@graph\":[{\"@type\":\"WebPage\",\"@id\":\"https:\/\/luxpro.pt\/en\/produto\/armadura-de-emergencia-dunna-d100l-normalux\",\"url\":\"https:\/\/luxpro.pt\/en\/produto\/armadura-de-emergencia-dunna-d100l-normalux\",\"name\":\"ARMADURA DE EMERG\u00caNCIA DUNNA D100L NORMALUX\",\"isPartOf\":{\"@id\":\"https:\/\/luxpro.pt\/en#website\"},\"primaryImageOfPage\":{\"@id\":\"https:\/\/luxpro.pt\/en\/produto\/armadura-de-emergencia-dunna-d100l-normalux#primaryimage\"},\"image\":{\"@id\":\"https:\/\/luxpro.pt\/en\/produto\/armadura-de-emergencia-dunna-d100l-normalux#primaryimage\"},\"thumbnailUrl\":\"https:\/\/luxpro.pt\/wp-content\/uploads\/2020\/11\/DUNNA-1.png\",\"datePublished\":\"2022-10-26T21:44:31+00:00\",\"dateModified\":\"2023-09-28T15:19:13+00:00\",\"description\":\"Dunna \u00e9 uma das nossas lumin\u00e1rias mais antigas e bem-sucedidas, \u00e0 qual foi aplicada a \u00faltima tecnologia LED e uma nova conce\u00e7\u00e3o moderna.\",\"breadcrumb\":{\"@id\":\"https:\/\/luxpro.pt\/en\/produto\/armadura-de-emergencia-dunna-d100l-normalux#breadcrumb\"},\"inLanguage\":\"en-US\",\"potentialAction\":[{\"@type\":\"ReadAction\",\"target\":[\"https:\/\/luxpro.pt\/en\/produto\/armadura-de-emergencia-dunna-d100l-normalux\"]}]},{\"@type\":\"ImageObject\",\"inLanguage\":\"en-US\",\"@id\":\"https:\/\/luxpro.pt\/en\/produto\/armadura-de-emergencia-dunna-d100l-normalux#primaryimage\",\"url\":\"https:\/\/luxpro.pt\/wp-content\/uploads\/2020\/11\/DUNNA-1.png\",\"contentUrl\":\"https:\/\/luxpro.pt\/wp-content\/uploads\/2020\/11\/DUNNA-1.png\",\"width\":487,\"height\":553},{\"@type\":\"BreadcrumbList\",\"@id\":\"https:\/\/luxpro.pt\/en\/produto\/armadura-de-emergencia-dunna-d100l-normalux#breadcrumb\",\"itemListElement\":[{\"@type\":\"ListItem\",\"position\":1,\"name\":\"In\u00edcio\",\"item\":\"https:\/\/luxpro.pt\/en\"},{\"@type\":\"ListItem\",\"position\":2,\"name\":\"Shop\",\"item\":\"https:\/\/luxpro.pt\/en\/shop\"},{\"@type\":\"ListItem\",\"position\":3,\"name\":\"Armadura Emerg\u00eancia DUNNA D100L NORMALUX\"}]},{\"@type\":\"WebSite\",\"@id\":\"https:\/\/luxpro.pt\/en#website\",\"url\":\"https:\/\/luxpro.pt\/en\",\"name\":\"LuxPro\",\"description\":\"\",\"publisher\":{\"@id\":\"https:\/\/luxpro.pt\/en#\/schema\/person\/2d1bed59a52ad49be71622bef025e341\"},\"potentialAction\":[{\"@type\":\"SearchAction\",\"target\":{\"@type\":\"EntryPoint\",\"urlTemplate\":\"https:\/\/luxpro.pt\/en?s={search_term_string}\"},\"query-input\":{\"@type\":\"PropertyValueSpecification\",\"valueRequired\":true,\"valueName\":\"search_term_string\"}}],\"inLanguage\":\"en-US\"},{\"@type\":[\"Person\",\"Organization\"],\"@id\":\"https:\/\/luxpro.pt\/en#\/schema\/person\/2d1bed59a52ad49be71622bef025e341\",\"name\":\"Tiago Amadeu Ferreira\",\"image\":{\"@type\":\"ImageObject\",\"inLanguage\":\"en-US\",\"@id\":\"https:\/\/luxpro.pt\/en#\/schema\/person\/image\/\",\"url\":\"https:\/\/luxpro.pt\/wp-content\/uploads\/2017\/11\/logo.jpg\",\"contentUrl\":\"https:\/\/luxpro.pt\/wp-content\/uploads\/2017\/11\/logo.jpg\",\"width\":150,\"height\":33,\"caption\":\"Tiago Amadeu Ferreira\"},\"logo\":{\"@id\":\"https:\/\/luxpro.pt\/en#\/schema\/person\/image\/\"}}]}<\/script>\n<!-- \/ Yoast SEO plugin. -->","yoast_head_json":{"title":"ARMADURA DE EMERG\u00caNCIA DUNNA D100L NORMALUX","description":"Dunna \u00e9 uma das nossas lumin\u00e1rias mais antigas e bem-sucedidas, \u00e0 qual foi aplicada a \u00faltima tecnologia LED e uma nova conce\u00e7\u00e3o moderna.","robots":{"index":"index","follow":"follow","max-snippet":"max-snippet:-1","max-image-preview":"max-image-preview:large","max-video-preview":"max-video-preview:-1"},"canonical":"https:\/\/luxpro.pt\/en\/produto\/armadura-de-emergencia-dunna-d100l-normalux","og_locale":"en_US","og_type":"article","og_title":"ARMADURA DE EMERG\u00caNCIA DUNNA D100L NORMALUX","og_description":"Dunna \u00e9 uma das nossas lumin\u00e1rias mais antigas e bem-sucedidas, \u00e0 qual foi aplicada a \u00faltima tecnologia LED e uma nova conce\u00e7\u00e3o moderna.","og_url":"https:\/\/luxpro.pt\/en\/produto\/armadura-de-emergencia-dunna-d100l-normalux","og_site_name":"LuxPro","article_modified_time":"2023-09-28T15:19:13+00:00","og_image":[{"width":487,"height":553,"url":"https:\/\/luxpro.pt\/wp-content\/uploads\/2020\/11\/DUNNA-1.png","type":"image\/png"}],"twitter_card":"summary_large_image","twitter_misc":{"Est. reading time":"1 minute"},"schema":{"@context":"https:\/\/schema.org","@graph":[{"@type":"WebPage","@id":"https:\/\/luxpro.pt\/en\/produto\/armadura-de-emergencia-dunna-d100l-normalux","url":"https:\/\/luxpro.pt\/en\/produto\/armadura-de-emergencia-dunna-d100l-normalux","name":"ARMADURA DE EMERG\u00caNCIA DUNNA D100L NORMALUX","isPartOf":{"@id":"https:\/\/luxpro.pt\/en#website"},"primaryImageOfPage":{"@id":"https:\/\/luxpro.pt\/en\/produto\/armadura-de-emergencia-dunna-d100l-normalux#primaryimage"},"image":{"@id":"https:\/\/luxpro.pt\/en\/produto\/armadura-de-emergencia-dunna-d100l-normalux#primaryimage"},"thumbnailUrl":"https:\/\/luxpro.pt\/wp-content\/uploads\/2020\/11\/DUNNA-1.png","datePublished":"2022-10-26T21:44:31+00:00","dateModified":"2023-09-28T15:19:13+00:00","description":"Dunna \u00e9 uma das nossas lumin\u00e1rias mais antigas e bem-sucedidas, \u00e0 qual foi aplicada a \u00faltima tecnologia LED e uma nova conce\u00e7\u00e3o moderna.","breadcrumb":{"@id":"https:\/\/luxpro.pt\/en\/produto\/armadura-de-emergencia-dunna-d100l-normalux#breadcrumb"},"inLanguage":"en-US","potentialAction":[{"@type":"ReadAction","target":["https:\/\/luxpro.pt\/en\/produto\/armadura-de-emergencia-dunna-d100l-normalux"]}]},{"@type":"ImageObject","inLanguage":"en-US","@id":"https:\/\/luxpro.pt\/en\/produto\/armadura-de-emergencia-dunna-d100l-normalux#primaryimage","url":"https:\/\/luxpro.pt\/wp-content\/uploads\/2020\/11\/DUNNA-1.png","contentUrl":"https:\/\/luxpro.pt\/wp-content\/uploads\/2020\/11\/DUNNA-1.png","width":487,"height":553},{"@type":"BreadcrumbList","@id":"https:\/\/luxpro.pt\/en\/produto\/armadura-de-emergencia-dunna-d100l-normalux#breadcrumb","itemListElement":[{"@type":"ListItem","position":1,"name":"In\u00edcio","item":"https:\/\/luxpro.pt\/en"},{"@type":"ListItem","position":2,"name":"Shop","item":"https:\/\/luxpro.pt\/en\/shop"},{"@type":"ListItem","position":3,"name":"Armadura Emerg\u00eancia DUNNA D100L NORMALUX"}]},{"@type":"WebSite","@id":"https:\/\/luxpro.pt\/en#website","url":"https:\/\/luxpro.pt\/en","name":"LuxPro","description":"","publisher":{"@id":"https:\/\/luxpro.pt\/en#\/schema\/person\/2d1bed59a52ad49be71622bef025e341"},"potentialAction":[{"@type":"SearchAction","target":{"@type":"EntryPoint","urlTemplate":"https:\/\/luxpro.pt\/en?s={search_term_string}"},"query-input":{"@type":"PropertyValueSpecification","valueRequired":true,"valueName":"search_term_string"}}],"inLanguage":"en-US"},{"@type":["Person","Organization"],"@id":"https:\/\/luxpro.pt\/en#\/schema\/person\/2d1bed59a52ad49be71622bef025e341","name":"Tiago Amadeu Ferreira","image":{"@type":"ImageObject","inLanguage":"en-US","@id":"https:\/\/luxpro.pt\/en#\/schema\/person\/image\/","url":"https:\/\/luxpro.pt\/wp-content\/uploads\/2017\/11\/logo.jpg","contentUrl":"https:\/\/luxpro.pt\/wp-content\/uploads\/2017\/11\/logo.jpg","width":150,"height":33,"caption":"Tiago Amadeu Ferreira"},"logo":{"@id":"https:\/\/luxpro.pt\/en#\/schema\/person\/image\/"}}]}},"tiered_pricing_type":"fixed","tiered_pricing_fixed_rules":[],"tiered_pricing_product_settings":{"layout":"default","base_unit_name":{"singular":null,"plural":null},"default_variation":null},"tiered_pricing_minimum_quantity":null,"tiered_pricing_roles_data":[],"tiered_pricing_percentage_rules":[],"_links":{"self":[{"href":"https:\/\/luxpro.pt\/en\/wp-json\/wp\/v2\/product\/10291","targetHints":{"allow":["GET"]}}],"collection":[{"href":"https:\/\/luxpro.pt\/en\/wp-json\/wp\/v2\/product"}],"about":[{"href":"https:\/\/luxpro.pt\/en\/wp-json\/wp\/v2\/types\/product"}],"replies":[{"embeddable":true,"href":"https:\/\/luxpro.pt\/en\/wp-json\/wp\/v2\/comments?post=10291"}],"wp:featuredmedia":[{"embeddable":true,"href":"https:\/\/luxpro.pt\/en\/wp-json\/wp\/v2\/media\/6239"}],"wp:attachment":[{"href":"https:\/\/luxpro.pt\/en\/wp-json\/wp\/v2\/media?parent=10291"}],"wp:term":[{"taxonomy":"product_brand","embeddable":true,"href":"https:\/\/luxpro.pt\/en\/wp-json\/wp\/v2\/product_brand?post=10291"},{"taxonomy":"product_cat","embeddable":true,"href":"https:\/\/luxpro.pt\/en\/wp-json\/wp\/v2\/product_cat?post=10291"},{"taxonomy":"product_tag","embeddable":true,"href":"https:\/\/luxpro.pt\/en\/wp-json\/wp\/v2\/product_tag?post=10291"}],"curies":[{"name":"wp","href":"https:\/\/api.w.org\/{rel}","templated":true}]}}