{"id":1080,"date":"2018-09-04T11:00:32","date_gmt":"2018-09-04T11:00:32","guid":{"rendered":"https:\/\/luxpro.pt\/produto\/quadro-eletrico-alternancia-frlqa\/"},"modified":"2025-07-08T17:56:27","modified_gmt":"2025-07-08T16:56:27","slug":"quadro-eletrico-alternancia-frlqa","status":"publish","type":"product","link":"https:\/\/luxpro.pt\/en\/produto\/quadro-eletrico-alternancia-frlqa","title":{"rendered":"Quadro El\u00e9trico de Altern\u00e2ncia RA2 230V\/400V"},"content":{"rendered":"<p>\u2022 Contactores e rel\u00e9s t\u00e9rmicos da marca GACIA ;<br \/>\n\u2022 Rel\u00e9 de altern\u00e2ncia para comando de altern\u00e2ncia e simultaneidade;<br \/>\n\u2022 Funcionamento autom\u00e1tico (AUT), comandado em cada uma das bombas de forma independente por comutador de 2 posi\u00e7\u00f5es com c\u00e1psula protetora;<br \/>\n\u2022 Liga\u00e7\u00e3o com tens\u00e3o reduzida (12V) para comando remoto do arranque\/paragem dos motores (pressostato, boia ou outro);<br \/>\n\u2022 Liga\u00e7\u00e3o com tens\u00e3o reduzida (12V) para comando remoto de seguran\u00e7a (C11-C12) (pressostato, boia ou outro);<br \/>\n\u2022 Prote\u00e7\u00e3o do circuito de comando atrav\u00e9s de disjuntor;<br \/>\n\u2022 Prote\u00e7\u00e3o do circuito de pot\u00eancia contra curto-circuitos atrav\u00e9s de disjuntor;<br \/>\n\u2022 Prote\u00e7\u00e3o do circuito de pot\u00eancia contra sobrecargas atrav\u00e9s de rel\u00e9 t\u00e9rmico;<br \/>\n\u2022 Indica\u00e7\u00e3o individual de motor ligado (sinalizadores verdes);<br \/>\n\u2022 Indica\u00e7\u00e3o individual de disparo t\u00e9rmico (sinalizadores vermelhos);<br \/>\n\u2022 5 Bucins, para passagem dos cabos de liga\u00e7\u00e3o.<\/p>\n","protected":false},"excerpt":{"rendered":"<p>\u2022 Contactores e rel\u00e9s t\u00e9rmicos da marca GACIA ; \u2022 Rel\u00e9 de altern\u00e2ncia para comando de altern\u00e2ncia e simultaneidade; \u2022 Funcionamento autom\u00e1tico (AUT), comandado em cada uma das bombas de forma independente por comutador de 2 posi\u00e7\u00f5es com c\u00e1psula protetora; \u2022 Liga\u00e7\u00e3o com tens\u00e3o reduzida (12V) para comando remoto do arranque\/paragem dos motores (pressostato, boia ou outro); \u2022 Liga\u00e7\u00e3o com [&hellip;]<\/p>\n","protected":false},"featured_media":11315,"comment_status":"closed","ping_status":"closed","template":"","meta":[],"product_brand":[],"product_cat":[21],"product_tag":[],"class_list":{"0":"post-1080","1":"product","2":"type-product","3":"status-publish","4":"has-post-thumbnail","6":"product_cat-quadros","7":"pa_potencia-230v","8":"pa_potencia-400v","9":"pa_amperes-1-16a","10":"pa_amperes-16-24a","11":"pa_amperes-12-18a","12":"pa_amperes-25-4a","13":"pa_amperes-4-6a","14":"pa_amperes-55-8a","15":"pa_amperes-7-10a","16":"pa_amperes-9-13a","17":"pa_tensao-de-entrada-230v-400v","18":"pa_dimensoes-a250xl315xp160mm","20":"first","21":"instock","22":"taxable","23":"shipping-taxable","24":"purchasable","25":"product-type-variable"},"yoast_head":"<!-- This site is optimized with the Yoast SEO plugin v26.5 - https:\/\/yoast.com\/wordpress\/plugins\/seo\/ -->\n<title>Quadro El\u00e9trico de Altern\u00e2ncia RA2 230V\/400V - LuxPro<\/title>\n<meta name=\"description\" content=\"\u2022 Contactores e rel\u00e9s t\u00e9rmicos da marca GACIA ; \u2022 Rel\u00e9 de altern\u00e2ncia para comando de altern\u00e2ncia e simultaneidade; \u2022 Funcionamento autom\u00e1tico (AUT),\" \/>\n<meta name=\"robots\" content=\"index, follow, max-snippet:-1, max-image-preview:large, max-video-preview:-1\" \/>\n<link rel=\"canonical\" href=\"https:\/\/luxpro.pt\/en\/produto\/quadro-eletrico-alternancia-frlqa\" \/>\n<meta property=\"og:locale\" content=\"en_US\" \/>\n<meta property=\"og:type\" content=\"article\" \/>\n<meta property=\"og:title\" content=\"Quadro El\u00e9trico de Altern\u00e2ncia RA2 230V\/400V - LuxPro\" \/>\n<meta property=\"og:description\" content=\"\u2022 Contactores e rel\u00e9s t\u00e9rmicos da marca GACIA ; \u2022 Rel\u00e9 de altern\u00e2ncia para comando de altern\u00e2ncia e simultaneidade; \u2022 Funcionamento autom\u00e1tico (AUT),\" \/>\n<meta property=\"og:url\" content=\"https:\/\/luxpro.pt\/en\/produto\/quadro-eletrico-alternancia-frlqa\" \/>\n<meta property=\"og:site_name\" content=\"LuxPro\" \/>\n<meta property=\"article:modified_time\" content=\"2025-07-08T16:56:27+00:00\" \/>\n<meta property=\"og:image\" content=\"https:\/\/luxpro.pt\/wp-content\/uploads\/2018\/09\/QA_NormalM.jpg\" \/>\n\t<meta property=\"og:image:width\" content=\"800\" \/>\n\t<meta property=\"og:image:height\" content=\"800\" \/>\n\t<meta property=\"og:image:type\" content=\"image\/jpeg\" \/>\n<meta name=\"twitter:card\" content=\"summary_large_image\" \/>\n<meta name=\"twitter:label1\" content=\"Est. reading time\" \/>\n\t<meta name=\"twitter:data1\" content=\"1 minute\" \/>\n<script type=\"application\/ld+json\" class=\"yoast-schema-graph\">{\"@context\":\"https:\/\/schema.org\",\"@graph\":[{\"@type\":\"WebPage\",\"@id\":\"https:\/\/luxpro.pt\/en\/produto\/quadro-eletrico-alternancia-frlqa\",\"url\":\"https:\/\/luxpro.pt\/en\/produto\/quadro-eletrico-alternancia-frlqa\",\"name\":\"Quadro El\u00e9trico de Altern\u00e2ncia RA2 230V\/400V - LuxPro\",\"isPartOf\":{\"@id\":\"https:\/\/luxpro.pt\/en#website\"},\"primaryImageOfPage\":{\"@id\":\"https:\/\/luxpro.pt\/en\/produto\/quadro-eletrico-alternancia-frlqa#primaryimage\"},\"image\":{\"@id\":\"https:\/\/luxpro.pt\/en\/produto\/quadro-eletrico-alternancia-frlqa#primaryimage\"},\"thumbnailUrl\":\"https:\/\/luxpro.pt\/wp-content\/uploads\/2018\/09\/QA_NormalM.jpg\",\"datePublished\":\"2018-09-04T11:00:32+00:00\",\"dateModified\":\"2025-07-08T16:56:27+00:00\",\"description\":\"\u2022 Contactores e rel\u00e9s t\u00e9rmicos da marca GACIA ; \u2022 Rel\u00e9 de altern\u00e2ncia para comando de altern\u00e2ncia e simultaneidade; \u2022 Funcionamento autom\u00e1tico (AUT),\",\"breadcrumb\":{\"@id\":\"https:\/\/luxpro.pt\/en\/produto\/quadro-eletrico-alternancia-frlqa#breadcrumb\"},\"inLanguage\":\"en-US\",\"potentialAction\":[{\"@type\":\"ReadAction\",\"target\":[\"https:\/\/luxpro.pt\/en\/produto\/quadro-eletrico-alternancia-frlqa\"]}]},{\"@type\":\"ImageObject\",\"inLanguage\":\"en-US\",\"@id\":\"https:\/\/luxpro.pt\/en\/produto\/quadro-eletrico-alternancia-frlqa#primaryimage\",\"url\":\"https:\/\/luxpro.pt\/wp-content\/uploads\/2018\/09\/QA_NormalM.jpg\",\"contentUrl\":\"https:\/\/luxpro.pt\/wp-content\/uploads\/2018\/09\/QA_NormalM.jpg\",\"width\":800,\"height\":800},{\"@type\":\"BreadcrumbList\",\"@id\":\"https:\/\/luxpro.pt\/en\/produto\/quadro-eletrico-alternancia-frlqa#breadcrumb\",\"itemListElement\":[{\"@type\":\"ListItem\",\"position\":1,\"name\":\"In\u00edcio\",\"item\":\"https:\/\/luxpro.pt\/en\"},{\"@type\":\"ListItem\",\"position\":2,\"name\":\"Shop\",\"item\":\"https:\/\/luxpro.pt\/en\/shop\"},{\"@type\":\"ListItem\",\"position\":3,\"name\":\"Quadro El\u00e9trico de Altern\u00e2ncia RA2 230V\/400V\"}]},{\"@type\":\"WebSite\",\"@id\":\"https:\/\/luxpro.pt\/en#website\",\"url\":\"https:\/\/luxpro.pt\/en\",\"name\":\"LuxPro\",\"description\":\"\",\"publisher\":{\"@id\":\"https:\/\/luxpro.pt\/en#\/schema\/person\/2d1bed59a52ad49be71622bef025e341\"},\"potentialAction\":[{\"@type\":\"SearchAction\",\"target\":{\"@type\":\"EntryPoint\",\"urlTemplate\":\"https:\/\/luxpro.pt\/en?s={search_term_string}\"},\"query-input\":{\"@type\":\"PropertyValueSpecification\",\"valueRequired\":true,\"valueName\":\"search_term_string\"}}],\"inLanguage\":\"en-US\"},{\"@type\":[\"Person\",\"Organization\"],\"@id\":\"https:\/\/luxpro.pt\/en#\/schema\/person\/2d1bed59a52ad49be71622bef025e341\",\"name\":\"Tiago Amadeu Ferreira\",\"image\":{\"@type\":\"ImageObject\",\"inLanguage\":\"en-US\",\"@id\":\"https:\/\/luxpro.pt\/en#\/schema\/person\/image\/\",\"url\":\"https:\/\/luxpro.pt\/wp-content\/uploads\/2017\/11\/logo.jpg\",\"contentUrl\":\"https:\/\/luxpro.pt\/wp-content\/uploads\/2017\/11\/logo.jpg\",\"width\":150,\"height\":33,\"caption\":\"Tiago Amadeu Ferreira\"},\"logo\":{\"@id\":\"https:\/\/luxpro.pt\/en#\/schema\/person\/image\/\"}}]}<\/script>\n<!-- \/ Yoast SEO plugin. -->","yoast_head_json":{"title":"Quadro El\u00e9trico de Altern\u00e2ncia RA2 230V\/400V - LuxPro","description":"\u2022 Contactores e rel\u00e9s t\u00e9rmicos da marca GACIA ; \u2022 Rel\u00e9 de altern\u00e2ncia para comando de altern\u00e2ncia e simultaneidade; \u2022 Funcionamento autom\u00e1tico (AUT),","robots":{"index":"index","follow":"follow","max-snippet":"max-snippet:-1","max-image-preview":"max-image-preview:large","max-video-preview":"max-video-preview:-1"},"canonical":"https:\/\/luxpro.pt\/en\/produto\/quadro-eletrico-alternancia-frlqa","og_locale":"en_US","og_type":"article","og_title":"Quadro El\u00e9trico de Altern\u00e2ncia RA2 230V\/400V - LuxPro","og_description":"\u2022 Contactores e rel\u00e9s t\u00e9rmicos da marca GACIA ; \u2022 Rel\u00e9 de altern\u00e2ncia para comando de altern\u00e2ncia e simultaneidade; \u2022 Funcionamento autom\u00e1tico (AUT),","og_url":"https:\/\/luxpro.pt\/en\/produto\/quadro-eletrico-alternancia-frlqa","og_site_name":"LuxPro","article_modified_time":"2025-07-08T16:56:27+00:00","og_image":[{"width":800,"height":800,"url":"https:\/\/luxpro.pt\/wp-content\/uploads\/2018\/09\/QA_NormalM.jpg","type":"image\/jpeg"}],"twitter_card":"summary_large_image","twitter_misc":{"Est. reading time":"1 minute"},"schema":{"@context":"https:\/\/schema.org","@graph":[{"@type":"WebPage","@id":"https:\/\/luxpro.pt\/en\/produto\/quadro-eletrico-alternancia-frlqa","url":"https:\/\/luxpro.pt\/en\/produto\/quadro-eletrico-alternancia-frlqa","name":"Quadro El\u00e9trico de Altern\u00e2ncia RA2 230V\/400V - LuxPro","isPartOf":{"@id":"https:\/\/luxpro.pt\/en#website"},"primaryImageOfPage":{"@id":"https:\/\/luxpro.pt\/en\/produto\/quadro-eletrico-alternancia-frlqa#primaryimage"},"image":{"@id":"https:\/\/luxpro.pt\/en\/produto\/quadro-eletrico-alternancia-frlqa#primaryimage"},"thumbnailUrl":"https:\/\/luxpro.pt\/wp-content\/uploads\/2018\/09\/QA_NormalM.jpg","datePublished":"2018-09-04T11:00:32+00:00","dateModified":"2025-07-08T16:56:27+00:00","description":"\u2022 Contactores e rel\u00e9s t\u00e9rmicos da marca GACIA ; \u2022 Rel\u00e9 de altern\u00e2ncia para comando de altern\u00e2ncia e simultaneidade; \u2022 Funcionamento autom\u00e1tico (AUT),","breadcrumb":{"@id":"https:\/\/luxpro.pt\/en\/produto\/quadro-eletrico-alternancia-frlqa#breadcrumb"},"inLanguage":"en-US","potentialAction":[{"@type":"ReadAction","target":["https:\/\/luxpro.pt\/en\/produto\/quadro-eletrico-alternancia-frlqa"]}]},{"@type":"ImageObject","inLanguage":"en-US","@id":"https:\/\/luxpro.pt\/en\/produto\/quadro-eletrico-alternancia-frlqa#primaryimage","url":"https:\/\/luxpro.pt\/wp-content\/uploads\/2018\/09\/QA_NormalM.jpg","contentUrl":"https:\/\/luxpro.pt\/wp-content\/uploads\/2018\/09\/QA_NormalM.jpg","width":800,"height":800},{"@type":"BreadcrumbList","@id":"https:\/\/luxpro.pt\/en\/produto\/quadro-eletrico-alternancia-frlqa#breadcrumb","itemListElement":[{"@type":"ListItem","position":1,"name":"In\u00edcio","item":"https:\/\/luxpro.pt\/en"},{"@type":"ListItem","position":2,"name":"Shop","item":"https:\/\/luxpro.pt\/en\/shop"},{"@type":"ListItem","position":3,"name":"Quadro El\u00e9trico de Altern\u00e2ncia RA2 230V\/400V"}]},{"@type":"WebSite","@id":"https:\/\/luxpro.pt\/en#website","url":"https:\/\/luxpro.pt\/en","name":"LuxPro","description":"","publisher":{"@id":"https:\/\/luxpro.pt\/en#\/schema\/person\/2d1bed59a52ad49be71622bef025e341"},"potentialAction":[{"@type":"SearchAction","target":{"@type":"EntryPoint","urlTemplate":"https:\/\/luxpro.pt\/en?s={search_term_string}"},"query-input":{"@type":"PropertyValueSpecification","valueRequired":true,"valueName":"search_term_string"}}],"inLanguage":"en-US"},{"@type":["Person","Organization"],"@id":"https:\/\/luxpro.pt\/en#\/schema\/person\/2d1bed59a52ad49be71622bef025e341","name":"Tiago Amadeu Ferreira","image":{"@type":"ImageObject","inLanguage":"en-US","@id":"https:\/\/luxpro.pt\/en#\/schema\/person\/image\/","url":"https:\/\/luxpro.pt\/wp-content\/uploads\/2017\/11\/logo.jpg","contentUrl":"https:\/\/luxpro.pt\/wp-content\/uploads\/2017\/11\/logo.jpg","width":150,"height":33,"caption":"Tiago Amadeu Ferreira"},"logo":{"@id":"https:\/\/luxpro.pt\/en#\/schema\/person\/image\/"}}]}},"tiered_pricing_type":"fixed","tiered_pricing_fixed_rules":[],"tiered_pricing_product_settings":{"layout":"default","base_unit_name":{"singular":null,"plural":null},"default_variation":null},"tiered_pricing_minimum_quantity":null,"tiered_pricing_roles_data":[],"tiered_pricing_percentage_rules":[],"_links":{"self":[{"href":"https:\/\/luxpro.pt\/en\/wp-json\/wp\/v2\/product\/1080","targetHints":{"allow":["GET"]}}],"collection":[{"href":"https:\/\/luxpro.pt\/en\/wp-json\/wp\/v2\/product"}],"about":[{"href":"https:\/\/luxpro.pt\/en\/wp-json\/wp\/v2\/types\/product"}],"replies":[{"embeddable":true,"href":"https:\/\/luxpro.pt\/en\/wp-json\/wp\/v2\/comments?post=1080"}],"wp:featuredmedia":[{"embeddable":true,"href":"https:\/\/luxpro.pt\/en\/wp-json\/wp\/v2\/media\/11315"}],"wp:attachment":[{"href":"https:\/\/luxpro.pt\/en\/wp-json\/wp\/v2\/media?parent=1080"}],"wp:term":[{"taxonomy":"product_brand","embeddable":true,"href":"https:\/\/luxpro.pt\/en\/wp-json\/wp\/v2\/product_brand?post=1080"},{"taxonomy":"product_cat","embeddable":true,"href":"https:\/\/luxpro.pt\/en\/wp-json\/wp\/v2\/product_cat?post=1080"},{"taxonomy":"product_tag","embeddable":true,"href":"https:\/\/luxpro.pt\/en\/wp-json\/wp\/v2\/product_tag?post=1080"}],"curies":[{"name":"wp","href":"https:\/\/api.w.org\/{rel}","templated":true}]}}