{"id":11080,"date":"2023-04-04T15:55:16","date_gmt":"2023-04-04T14:55:16","guid":{"rendered":"https:\/\/luxpro.pt\/?post_type=product&#038;p=11080"},"modified":"2026-03-09T19:27:53","modified_gmt":"2026-03-09T19:27:53","slug":"central-para-1-motor-mc50","status":"publish","type":"product","link":"https:\/\/luxpro.pt\/en\/produto\/central-para-1-motor-mc50","title":{"rendered":"Central para 1 motor MC50"},"content":{"rendered":"<p>A MC50 \u00e9 uma central eletr\u00f3nica monof\u00e1sica de 230V desenvolvida para a automatiza\u00e7\u00e3o de\u00a0<a href=\"https:\/\/motorline.pt\/produtos\/automatismos\/portoes-de-correr\/\">port\u00f5es de correr<\/a>, portas seccionadas e\u00a0<a href=\"https:\/\/motorline.pt\/produtos\/automatismos\/controlo-rodoviario\/\">barreiras<\/a>\u00a0com motores a 230V.<\/p>\n<p>Est\u00e1 inclu\u00edda nos kits standard\u00a0<a href=\"https:\/\/motorline.pt\/produto\/bravo500\/\">BRAVO500<\/a>,\u00a0<a href=\"https:\/\/motorline.pt\/produto\/slide800a-slide1024\/\">SLIDE800<\/a>,<a href=\"https:\/\/motorline.pt\/produto\/ol1500-ol2000\/\">\u00a0OL1500<\/a>\u00a0e\u00a0<a href=\"https:\/\/motorline.pt\/produto\/ol1500-ol2000\/\">OL2000<\/a>\u00a0e nos motores de ataque ao veio\u00a0<a href=\"https:\/\/motorline.pt\/produto\/kvm105-kvm110-kvm115\/\">KVM105<\/a>\u00a0e\u00a0<a href=\"https:\/\/motorline.pt\/produto\/kvm105-kvm110-kvm115\/\">KVM110<\/a>.<\/p>\n<p>Com este novo modelo apenas precisa de selecionar no menu da central, o tipo de motor onde ser\u00e1 instalada.<\/p>\n<p>Possui recetor incorporado, mem\u00f3ria at\u00e9 100 c\u00f3digos Rolling Code de abertura total, mais 100 de abertura pedonal. Pode ainda tamb\u00e9m ser aplicada em motores at\u00e9 1000W.<\/p>\n","protected":false},"excerpt":{"rendered":"<p>A MC50 \u00e9 uma central eletr\u00f3nica monof\u00e1sica de 230V desenvolvida para a automatiza\u00e7\u00e3o de\u00a0port\u00f5es de correr, portas seccionadas e\u00a0barreiras\u00a0com motores a 230V. Est\u00e1 inclu\u00edda nos kits standard\u00a0BRAVO500,\u00a0SLIDE800,\u00a0OL1500\u00a0e\u00a0OL2000\u00a0e nos motores de ataque ao veio\u00a0KVM105\u00a0e\u00a0KVM110. Com este novo modelo apenas precisa de selecionar no menu da central, o tipo de motor onde ser\u00e1 instalada. Possui recetor incorporado, mem\u00f3ria at\u00e9 100 c\u00f3digos Rolling [&hellip;]<\/p>\n","protected":false},"featured_media":11087,"comment_status":"open","ping_status":"closed","template":"","meta":[],"product_brand":[],"product_cat":[652],"product_tag":[1666,1665,877],"class_list":{"0":"post-11080","1":"product","2":"type-product","3":"status-publish","4":"has-post-thumbnail","6":"product_cat-acessorios","7":"product_tag-central","8":"product_tag-mc50","9":"product_tag-motorline","11":"first","12":"instock","13":"taxable","14":"shipping-taxable","15":"purchasable","16":"product-type-simple"},"yoast_head":"<!-- This site is optimized with the Yoast SEO plugin v26.5 - https:\/\/yoast.com\/wordpress\/plugins\/seo\/ -->\n<title>Central para 1 motor MC50 - LuxPro<\/title>\n<meta name=\"description\" content=\"A MC50 \u00e9 uma central eletr\u00f3nica monof\u00e1sica de 230V desenvolvida para a automatiza\u00e7\u00e3o de\u00a0port\u00f5es de correr, portas seccionadas e\u00a0barreiras\u00a0com motores a\" \/>\n<meta name=\"robots\" content=\"index, follow, max-snippet:-1, max-image-preview:large, max-video-preview:-1\" \/>\n<link rel=\"canonical\" href=\"https:\/\/luxpro.pt\/en\/produto\/central-para-1-motor-mc50\" \/>\n<meta property=\"og:locale\" content=\"en_US\" \/>\n<meta property=\"og:type\" content=\"article\" \/>\n<meta property=\"og:title\" content=\"Central para 1 motor MC50 - LuxPro\" \/>\n<meta property=\"og:description\" content=\"A MC50 \u00e9 uma central eletr\u00f3nica monof\u00e1sica de 230V desenvolvida para a automatiza\u00e7\u00e3o de\u00a0port\u00f5es de correr, portas seccionadas e\u00a0barreiras\u00a0com motores a\" \/>\n<meta property=\"og:url\" content=\"https:\/\/luxpro.pt\/en\/produto\/central-para-1-motor-mc50\" \/>\n<meta property=\"og:site_name\" content=\"LuxPro\" \/>\n<meta property=\"article:modified_time\" content=\"2026-03-09T19:27:53+00:00\" \/>\n<meta property=\"og:image\" content=\"https:\/\/luxpro.pt\/wp-content\/uploads\/2023\/04\/MC50-G1-scaled.jpg\" \/>\n\t<meta property=\"og:image:width\" content=\"2560\" \/>\n\t<meta property=\"og:image:height\" content=\"1384\" \/>\n\t<meta property=\"og:image:type\" content=\"image\/jpeg\" \/>\n<meta name=\"twitter:card\" content=\"summary_large_image\" \/>\n<meta name=\"twitter:label1\" content=\"Est. reading time\" \/>\n\t<meta name=\"twitter:data1\" content=\"1 minute\" \/>\n<script type=\"application\/ld+json\" class=\"yoast-schema-graph\">{\"@context\":\"https:\/\/schema.org\",\"@graph\":[{\"@type\":\"WebPage\",\"@id\":\"https:\/\/luxpro.pt\/en\/produto\/central-para-1-motor-mc50\",\"url\":\"https:\/\/luxpro.pt\/en\/produto\/central-para-1-motor-mc50\",\"name\":\"Central para 1 motor MC50 - LuxPro\",\"isPartOf\":{\"@id\":\"https:\/\/luxpro.pt\/en#website\"},\"primaryImageOfPage\":{\"@id\":\"https:\/\/luxpro.pt\/en\/produto\/central-para-1-motor-mc50#primaryimage\"},\"image\":{\"@id\":\"https:\/\/luxpro.pt\/en\/produto\/central-para-1-motor-mc50#primaryimage\"},\"thumbnailUrl\":\"https:\/\/luxpro.pt\/wp-content\/uploads\/2023\/04\/MC50-G1-scaled.jpg\",\"datePublished\":\"2023-04-04T14:55:16+00:00\",\"dateModified\":\"2026-03-09T19:27:53+00:00\",\"description\":\"A MC50 \u00e9 uma central eletr\u00f3nica monof\u00e1sica de 230V desenvolvida para a automatiza\u00e7\u00e3o de\u00a0port\u00f5es de correr, portas seccionadas e\u00a0barreiras\u00a0com motores a\",\"breadcrumb\":{\"@id\":\"https:\/\/luxpro.pt\/en\/produto\/central-para-1-motor-mc50#breadcrumb\"},\"inLanguage\":\"en-US\",\"potentialAction\":[{\"@type\":\"ReadAction\",\"target\":[\"https:\/\/luxpro.pt\/en\/produto\/central-para-1-motor-mc50\"]}]},{\"@type\":\"ImageObject\",\"inLanguage\":\"en-US\",\"@id\":\"https:\/\/luxpro.pt\/en\/produto\/central-para-1-motor-mc50#primaryimage\",\"url\":\"https:\/\/luxpro.pt\/wp-content\/uploads\/2023\/04\/MC50-G1-scaled.jpg\",\"contentUrl\":\"https:\/\/luxpro.pt\/wp-content\/uploads\/2023\/04\/MC50-G1-scaled.jpg\",\"width\":2560,\"height\":1384},{\"@type\":\"BreadcrumbList\",\"@id\":\"https:\/\/luxpro.pt\/en\/produto\/central-para-1-motor-mc50#breadcrumb\",\"itemListElement\":[{\"@type\":\"ListItem\",\"position\":1,\"name\":\"In\u00edcio\",\"item\":\"https:\/\/luxpro.pt\/en\"},{\"@type\":\"ListItem\",\"position\":2,\"name\":\"Shop\",\"item\":\"https:\/\/luxpro.pt\/en\/shop\"},{\"@type\":\"ListItem\",\"position\":3,\"name\":\"Central para 1 motor MC50\"}]},{\"@type\":\"WebSite\",\"@id\":\"https:\/\/luxpro.pt\/en#website\",\"url\":\"https:\/\/luxpro.pt\/en\",\"name\":\"LuxPro\",\"description\":\"\",\"publisher\":{\"@id\":\"https:\/\/luxpro.pt\/en#\/schema\/person\/2d1bed59a52ad49be71622bef025e341\"},\"potentialAction\":[{\"@type\":\"SearchAction\",\"target\":{\"@type\":\"EntryPoint\",\"urlTemplate\":\"https:\/\/luxpro.pt\/en?s={search_term_string}\"},\"query-input\":{\"@type\":\"PropertyValueSpecification\",\"valueRequired\":true,\"valueName\":\"search_term_string\"}}],\"inLanguage\":\"en-US\"},{\"@type\":[\"Person\",\"Organization\"],\"@id\":\"https:\/\/luxpro.pt\/en#\/schema\/person\/2d1bed59a52ad49be71622bef025e341\",\"name\":\"Tiago Amadeu Ferreira\",\"image\":{\"@type\":\"ImageObject\",\"inLanguage\":\"en-US\",\"@id\":\"https:\/\/luxpro.pt\/en#\/schema\/person\/image\/\",\"url\":\"https:\/\/luxpro.pt\/wp-content\/uploads\/2017\/11\/logo.jpg\",\"contentUrl\":\"https:\/\/luxpro.pt\/wp-content\/uploads\/2017\/11\/logo.jpg\",\"width\":150,\"height\":33,\"caption\":\"Tiago Amadeu Ferreira\"},\"logo\":{\"@id\":\"https:\/\/luxpro.pt\/en#\/schema\/person\/image\/\"}}]}<\/script>\n<!-- \/ Yoast SEO plugin. -->","yoast_head_json":{"title":"Central para 1 motor MC50 - LuxPro","description":"A MC50 \u00e9 uma central eletr\u00f3nica monof\u00e1sica de 230V desenvolvida para a automatiza\u00e7\u00e3o de\u00a0port\u00f5es de correr, portas seccionadas e\u00a0barreiras\u00a0com motores a","robots":{"index":"index","follow":"follow","max-snippet":"max-snippet:-1","max-image-preview":"max-image-preview:large","max-video-preview":"max-video-preview:-1"},"canonical":"https:\/\/luxpro.pt\/en\/produto\/central-para-1-motor-mc50","og_locale":"en_US","og_type":"article","og_title":"Central para 1 motor MC50 - LuxPro","og_description":"A MC50 \u00e9 uma central eletr\u00f3nica monof\u00e1sica de 230V desenvolvida para a automatiza\u00e7\u00e3o de\u00a0port\u00f5es de correr, portas seccionadas e\u00a0barreiras\u00a0com motores a","og_url":"https:\/\/luxpro.pt\/en\/produto\/central-para-1-motor-mc50","og_site_name":"LuxPro","article_modified_time":"2026-03-09T19:27:53+00:00","og_image":[{"width":2560,"height":1384,"url":"https:\/\/luxpro.pt\/wp-content\/uploads\/2023\/04\/MC50-G1-scaled.jpg","type":"image\/jpeg"}],"twitter_card":"summary_large_image","twitter_misc":{"Est. reading time":"1 minute"},"schema":{"@context":"https:\/\/schema.org","@graph":[{"@type":"WebPage","@id":"https:\/\/luxpro.pt\/en\/produto\/central-para-1-motor-mc50","url":"https:\/\/luxpro.pt\/en\/produto\/central-para-1-motor-mc50","name":"Central para 1 motor MC50 - LuxPro","isPartOf":{"@id":"https:\/\/luxpro.pt\/en#website"},"primaryImageOfPage":{"@id":"https:\/\/luxpro.pt\/en\/produto\/central-para-1-motor-mc50#primaryimage"},"image":{"@id":"https:\/\/luxpro.pt\/en\/produto\/central-para-1-motor-mc50#primaryimage"},"thumbnailUrl":"https:\/\/luxpro.pt\/wp-content\/uploads\/2023\/04\/MC50-G1-scaled.jpg","datePublished":"2023-04-04T14:55:16+00:00","dateModified":"2026-03-09T19:27:53+00:00","description":"A MC50 \u00e9 uma central eletr\u00f3nica monof\u00e1sica de 230V desenvolvida para a automatiza\u00e7\u00e3o de\u00a0port\u00f5es de correr, portas seccionadas e\u00a0barreiras\u00a0com motores a","breadcrumb":{"@id":"https:\/\/luxpro.pt\/en\/produto\/central-para-1-motor-mc50#breadcrumb"},"inLanguage":"en-US","potentialAction":[{"@type":"ReadAction","target":["https:\/\/luxpro.pt\/en\/produto\/central-para-1-motor-mc50"]}]},{"@type":"ImageObject","inLanguage":"en-US","@id":"https:\/\/luxpro.pt\/en\/produto\/central-para-1-motor-mc50#primaryimage","url":"https:\/\/luxpro.pt\/wp-content\/uploads\/2023\/04\/MC50-G1-scaled.jpg","contentUrl":"https:\/\/luxpro.pt\/wp-content\/uploads\/2023\/04\/MC50-G1-scaled.jpg","width":2560,"height":1384},{"@type":"BreadcrumbList","@id":"https:\/\/luxpro.pt\/en\/produto\/central-para-1-motor-mc50#breadcrumb","itemListElement":[{"@type":"ListItem","position":1,"name":"In\u00edcio","item":"https:\/\/luxpro.pt\/en"},{"@type":"ListItem","position":2,"name":"Shop","item":"https:\/\/luxpro.pt\/en\/shop"},{"@type":"ListItem","position":3,"name":"Central para 1 motor MC50"}]},{"@type":"WebSite","@id":"https:\/\/luxpro.pt\/en#website","url":"https:\/\/luxpro.pt\/en","name":"LuxPro","description":"","publisher":{"@id":"https:\/\/luxpro.pt\/en#\/schema\/person\/2d1bed59a52ad49be71622bef025e341"},"potentialAction":[{"@type":"SearchAction","target":{"@type":"EntryPoint","urlTemplate":"https:\/\/luxpro.pt\/en?s={search_term_string}"},"query-input":{"@type":"PropertyValueSpecification","valueRequired":true,"valueName":"search_term_string"}}],"inLanguage":"en-US"},{"@type":["Person","Organization"],"@id":"https:\/\/luxpro.pt\/en#\/schema\/person\/2d1bed59a52ad49be71622bef025e341","name":"Tiago Amadeu Ferreira","image":{"@type":"ImageObject","inLanguage":"en-US","@id":"https:\/\/luxpro.pt\/en#\/schema\/person\/image\/","url":"https:\/\/luxpro.pt\/wp-content\/uploads\/2017\/11\/logo.jpg","contentUrl":"https:\/\/luxpro.pt\/wp-content\/uploads\/2017\/11\/logo.jpg","width":150,"height":33,"caption":"Tiago Amadeu Ferreira"},"logo":{"@id":"https:\/\/luxpro.pt\/en#\/schema\/person\/image\/"}}]}},"tiered_pricing_type":"fixed","tiered_pricing_fixed_rules":[],"tiered_pricing_product_settings":{"layout":"default","base_unit_name":{"singular":null,"plural":null},"default_variation":null},"tiered_pricing_minimum_quantity":null,"tiered_pricing_roles_data":[],"tiered_pricing_percentage_rules":[],"_links":{"self":[{"href":"https:\/\/luxpro.pt\/en\/wp-json\/wp\/v2\/product\/11080","targetHints":{"allow":["GET"]}}],"collection":[{"href":"https:\/\/luxpro.pt\/en\/wp-json\/wp\/v2\/product"}],"about":[{"href":"https:\/\/luxpro.pt\/en\/wp-json\/wp\/v2\/types\/product"}],"replies":[{"embeddable":true,"href":"https:\/\/luxpro.pt\/en\/wp-json\/wp\/v2\/comments?post=11080"}],"wp:featuredmedia":[{"embeddable":true,"href":"https:\/\/luxpro.pt\/en\/wp-json\/wp\/v2\/media\/11087"}],"wp:attachment":[{"href":"https:\/\/luxpro.pt\/en\/wp-json\/wp\/v2\/media?parent=11080"}],"wp:term":[{"taxonomy":"product_brand","embeddable":true,"href":"https:\/\/luxpro.pt\/en\/wp-json\/wp\/v2\/product_brand?post=11080"},{"taxonomy":"product_cat","embeddable":true,"href":"https:\/\/luxpro.pt\/en\/wp-json\/wp\/v2\/product_cat?post=11080"},{"taxonomy":"product_tag","embeddable":true,"href":"https:\/\/luxpro.pt\/en\/wp-json\/wp\/v2\/product_tag?post=11080"}],"curies":[{"name":"wp","href":"https:\/\/api.w.org\/{rel}","templated":true}]}}