{"id":11434,"date":"2023-05-26T16:34:21","date_gmt":"2023-05-26T15:34:21","guid":{"rendered":"https:\/\/luxpro.pt\/?post_type=product&#038;p=11434"},"modified":"2023-06-14T18:59:55","modified_gmt":"2023-06-14T17:59:55","slug":"fusiveis-de-faca-nh00-gg","status":"publish","type":"product","link":"https:\/\/luxpro.pt\/en\/produto\/fusiveis-de-faca-nh00-gg","title":{"rendered":"Fus\u00edveis de &#8220;faca&#8221; NH00 gG"},"content":{"rendered":"<div class=\"product data items\">\n<div class=\"additional-attributes__product-specs\" style=\"text-align: left;\">\n<div class=\"row align-items-baseline\" style=\"text-align: left;\">\n<p>Tens\u00e3o alternada estipulada de utiliza\u00e7\u00e3o 690 V. Intensidade nominal 25-40-63A. Caracter\u00edstica do fus\u00edvel gG. Frequ\u00eancia etimfrequency 50 a 60 Hz.(imagem ilustrativa).<\/p>\n<\/div>\n<div class=\"row align-items-baseline\" style=\"text-align: left;\"><\/div>\n<div class=\"row align-items-baseline\" style=\"text-align: left;\"><\/div>\n<div class=\"additional-attributes__group\">\n<div class=\"row align-items-baseline\">\n<div class=\"additional-attributes__product-specs__data col-md-6\" data-th=\"Palavras de pesquisa\"><\/div>\n<\/div>\n<\/div>\n<\/div>\n<div class=\"additional-attributes__product-specs\">\n<div class=\"additional-attributes__group\" style=\"text-align: left;\"><\/div>\n<div class=\"additional-attributes__group\"><\/div>\n<div class=\"additional-attributes__group\"><\/div>\n<\/div>\n<\/div>\n","protected":false},"excerpt":{"rendered":"<p>Tens\u00e3o alternada estipulada de utiliza\u00e7\u00e3o 690 V. Intensidade nominal 25-40-63A. Caracter\u00edstica do fus\u00edvel gG. Frequ\u00eancia etimfrequency 50 a 60 Hz.(imagem ilustrativa).<\/p>\n","protected":false},"featured_media":11445,"comment_status":"open","ping_status":"closed","template":"","meta":[],"product_brand":[],"product_cat":[28],"product_tag":[1710,1785],"class_list":{"0":"post-11434","1":"product","2":"type-product","3":"status-publish","4":"has-post-thumbnail","6":"product_cat-componentes-electricos-e-industriais","7":"product_tag-fusiveis","8":"product_tag-fusiveis-de-faca","9":"pa_amperes-25a","10":"pa_amperes-40a","11":"pa_amperes-63a","13":"first","14":"instock","15":"taxable","16":"shipping-taxable","17":"purchasable","18":"product-type-variable"},"yoast_head":"<!-- This site is optimized with the Yoast SEO plugin v26.5 - https:\/\/yoast.com\/wordpress\/plugins\/seo\/ -->\n<title>Fus\u00edveis de &quot;faca&quot; NH00 gG - LuxPro<\/title>\n<meta name=\"description\" content=\"Tens\u00e3o alternada estipulada de utiliza\u00e7\u00e3o 690 V. Intensidade nominal 25-40-63A. Caracter\u00edstica do fus\u00edvel gG. Frequ\u00eancia etimfrequency 50 a 60 Hz.(imagem\" \/>\n<meta name=\"robots\" content=\"index, follow, max-snippet:-1, max-image-preview:large, max-video-preview:-1\" \/>\n<link rel=\"canonical\" href=\"https:\/\/luxpro.pt\/en\/produto\/fusiveis-de-faca-nh00-gg\" \/>\n<meta property=\"og:locale\" content=\"en_US\" \/>\n<meta property=\"og:type\" content=\"article\" \/>\n<meta property=\"og:title\" content=\"Fus\u00edveis de &quot;faca&quot; NH00 gG - LuxPro\" \/>\n<meta property=\"og:description\" content=\"Tens\u00e3o alternada estipulada de utiliza\u00e7\u00e3o 690 V. Intensidade nominal 25-40-63A. Caracter\u00edstica do fus\u00edvel gG. Frequ\u00eancia etimfrequency 50 a 60 Hz.(imagem\" \/>\n<meta property=\"og:url\" content=\"https:\/\/luxpro.pt\/en\/produto\/fusiveis-de-faca-nh00-gg\" \/>\n<meta property=\"og:site_name\" content=\"LuxPro\" \/>\n<meta property=\"article:modified_time\" content=\"2023-06-14T17:59:55+00:00\" \/>\n<meta property=\"og:image\" content=\"https:\/\/luxpro.pt\/wp-content\/uploads\/2023\/05\/fusivel_NH00_APC_gG_500V_com_indicador-e1533804471956.jpeg\" \/>\n\t<meta property=\"og:image:width\" content=\"1000\" \/>\n\t<meta property=\"og:image:height\" content=\"680\" \/>\n\t<meta property=\"og:image:type\" content=\"image\/jpeg\" \/>\n<meta name=\"twitter:card\" content=\"summary_large_image\" \/>\n<meta name=\"twitter:label1\" content=\"Est. reading time\" \/>\n\t<meta name=\"twitter:data1\" content=\"1 minute\" \/>\n<script type=\"application\/ld+json\" class=\"yoast-schema-graph\">{\"@context\":\"https:\/\/schema.org\",\"@graph\":[{\"@type\":\"WebPage\",\"@id\":\"https:\/\/luxpro.pt\/en\/produto\/fusiveis-de-faca-nh00-gg\",\"url\":\"https:\/\/luxpro.pt\/en\/produto\/fusiveis-de-faca-nh00-gg\",\"name\":\"Fus\u00edveis de \\\"faca\\\" NH00 gG - LuxPro\",\"isPartOf\":{\"@id\":\"https:\/\/luxpro.pt\/en#website\"},\"primaryImageOfPage\":{\"@id\":\"https:\/\/luxpro.pt\/en\/produto\/fusiveis-de-faca-nh00-gg#primaryimage\"},\"image\":{\"@id\":\"https:\/\/luxpro.pt\/en\/produto\/fusiveis-de-faca-nh00-gg#primaryimage\"},\"thumbnailUrl\":\"https:\/\/luxpro.pt\/wp-content\/uploads\/2023\/05\/fusivel_NH00_APC_gG_500V_com_indicador-e1533804471956.jpeg\",\"datePublished\":\"2023-05-26T15:34:21+00:00\",\"dateModified\":\"2023-06-14T17:59:55+00:00\",\"description\":\"Tens\u00e3o alternada estipulada de utiliza\u00e7\u00e3o 690 V. Intensidade nominal 25-40-63A. Caracter\u00edstica do fus\u00edvel gG. Frequ\u00eancia etimfrequency 50 a 60 Hz.(imagem\",\"breadcrumb\":{\"@id\":\"https:\/\/luxpro.pt\/en\/produto\/fusiveis-de-faca-nh00-gg#breadcrumb\"},\"inLanguage\":\"en-US\",\"potentialAction\":[{\"@type\":\"ReadAction\",\"target\":[\"https:\/\/luxpro.pt\/en\/produto\/fusiveis-de-faca-nh00-gg\"]}]},{\"@type\":\"ImageObject\",\"inLanguage\":\"en-US\",\"@id\":\"https:\/\/luxpro.pt\/en\/produto\/fusiveis-de-faca-nh00-gg#primaryimage\",\"url\":\"https:\/\/luxpro.pt\/wp-content\/uploads\/2023\/05\/fusivel_NH00_APC_gG_500V_com_indicador-e1533804471956.jpeg\",\"contentUrl\":\"https:\/\/luxpro.pt\/wp-content\/uploads\/2023\/05\/fusivel_NH00_APC_gG_500V_com_indicador-e1533804471956.jpeg\",\"width\":1000,\"height\":680},{\"@type\":\"BreadcrumbList\",\"@id\":\"https:\/\/luxpro.pt\/en\/produto\/fusiveis-de-faca-nh00-gg#breadcrumb\",\"itemListElement\":[{\"@type\":\"ListItem\",\"position\":1,\"name\":\"In\u00edcio\",\"item\":\"https:\/\/luxpro.pt\/en\"},{\"@type\":\"ListItem\",\"position\":2,\"name\":\"Shop\",\"item\":\"https:\/\/luxpro.pt\/en\/shop\"},{\"@type\":\"ListItem\",\"position\":3,\"name\":\"Fus\u00edveis de &#8220;faca&#8221; NH00 gG\"}]},{\"@type\":\"WebSite\",\"@id\":\"https:\/\/luxpro.pt\/en#website\",\"url\":\"https:\/\/luxpro.pt\/en\",\"name\":\"LuxPro\",\"description\":\"\",\"publisher\":{\"@id\":\"https:\/\/luxpro.pt\/en#\/schema\/person\/2d1bed59a52ad49be71622bef025e341\"},\"potentialAction\":[{\"@type\":\"SearchAction\",\"target\":{\"@type\":\"EntryPoint\",\"urlTemplate\":\"https:\/\/luxpro.pt\/en?s={search_term_string}\"},\"query-input\":{\"@type\":\"PropertyValueSpecification\",\"valueRequired\":true,\"valueName\":\"search_term_string\"}}],\"inLanguage\":\"en-US\"},{\"@type\":[\"Person\",\"Organization\"],\"@id\":\"https:\/\/luxpro.pt\/en#\/schema\/person\/2d1bed59a52ad49be71622bef025e341\",\"name\":\"Tiago Amadeu Ferreira\",\"image\":{\"@type\":\"ImageObject\",\"inLanguage\":\"en-US\",\"@id\":\"https:\/\/luxpro.pt\/en#\/schema\/person\/image\/\",\"url\":\"https:\/\/luxpro.pt\/wp-content\/uploads\/2017\/11\/logo.jpg\",\"contentUrl\":\"https:\/\/luxpro.pt\/wp-content\/uploads\/2017\/11\/logo.jpg\",\"width\":150,\"height\":33,\"caption\":\"Tiago Amadeu Ferreira\"},\"logo\":{\"@id\":\"https:\/\/luxpro.pt\/en#\/schema\/person\/image\/\"}}]}<\/script>\n<!-- \/ Yoast SEO plugin. -->","yoast_head_json":{"title":"Fus\u00edveis de \"faca\" NH00 gG - LuxPro","description":"Tens\u00e3o alternada estipulada de utiliza\u00e7\u00e3o 690 V. Intensidade nominal 25-40-63A. Caracter\u00edstica do fus\u00edvel gG. Frequ\u00eancia etimfrequency 50 a 60 Hz.(imagem","robots":{"index":"index","follow":"follow","max-snippet":"max-snippet:-1","max-image-preview":"max-image-preview:large","max-video-preview":"max-video-preview:-1"},"canonical":"https:\/\/luxpro.pt\/en\/produto\/fusiveis-de-faca-nh00-gg","og_locale":"en_US","og_type":"article","og_title":"Fus\u00edveis de \"faca\" NH00 gG - LuxPro","og_description":"Tens\u00e3o alternada estipulada de utiliza\u00e7\u00e3o 690 V. Intensidade nominal 25-40-63A. Caracter\u00edstica do fus\u00edvel gG. Frequ\u00eancia etimfrequency 50 a 60 Hz.(imagem","og_url":"https:\/\/luxpro.pt\/en\/produto\/fusiveis-de-faca-nh00-gg","og_site_name":"LuxPro","article_modified_time":"2023-06-14T17:59:55+00:00","og_image":[{"width":1000,"height":680,"url":"https:\/\/luxpro.pt\/wp-content\/uploads\/2023\/05\/fusivel_NH00_APC_gG_500V_com_indicador-e1533804471956.jpeg","type":"image\/jpeg"}],"twitter_card":"summary_large_image","twitter_misc":{"Est. reading time":"1 minute"},"schema":{"@context":"https:\/\/schema.org","@graph":[{"@type":"WebPage","@id":"https:\/\/luxpro.pt\/en\/produto\/fusiveis-de-faca-nh00-gg","url":"https:\/\/luxpro.pt\/en\/produto\/fusiveis-de-faca-nh00-gg","name":"Fus\u00edveis de \"faca\" NH00 gG - LuxPro","isPartOf":{"@id":"https:\/\/luxpro.pt\/en#website"},"primaryImageOfPage":{"@id":"https:\/\/luxpro.pt\/en\/produto\/fusiveis-de-faca-nh00-gg#primaryimage"},"image":{"@id":"https:\/\/luxpro.pt\/en\/produto\/fusiveis-de-faca-nh00-gg#primaryimage"},"thumbnailUrl":"https:\/\/luxpro.pt\/wp-content\/uploads\/2023\/05\/fusivel_NH00_APC_gG_500V_com_indicador-e1533804471956.jpeg","datePublished":"2023-05-26T15:34:21+00:00","dateModified":"2023-06-14T17:59:55+00:00","description":"Tens\u00e3o alternada estipulada de utiliza\u00e7\u00e3o 690 V. Intensidade nominal 25-40-63A. Caracter\u00edstica do fus\u00edvel gG. Frequ\u00eancia etimfrequency 50 a 60 Hz.(imagem","breadcrumb":{"@id":"https:\/\/luxpro.pt\/en\/produto\/fusiveis-de-faca-nh00-gg#breadcrumb"},"inLanguage":"en-US","potentialAction":[{"@type":"ReadAction","target":["https:\/\/luxpro.pt\/en\/produto\/fusiveis-de-faca-nh00-gg"]}]},{"@type":"ImageObject","inLanguage":"en-US","@id":"https:\/\/luxpro.pt\/en\/produto\/fusiveis-de-faca-nh00-gg#primaryimage","url":"https:\/\/luxpro.pt\/wp-content\/uploads\/2023\/05\/fusivel_NH00_APC_gG_500V_com_indicador-e1533804471956.jpeg","contentUrl":"https:\/\/luxpro.pt\/wp-content\/uploads\/2023\/05\/fusivel_NH00_APC_gG_500V_com_indicador-e1533804471956.jpeg","width":1000,"height":680},{"@type":"BreadcrumbList","@id":"https:\/\/luxpro.pt\/en\/produto\/fusiveis-de-faca-nh00-gg#breadcrumb","itemListElement":[{"@type":"ListItem","position":1,"name":"In\u00edcio","item":"https:\/\/luxpro.pt\/en"},{"@type":"ListItem","position":2,"name":"Shop","item":"https:\/\/luxpro.pt\/en\/shop"},{"@type":"ListItem","position":3,"name":"Fus\u00edveis de &#8220;faca&#8221; NH00 gG"}]},{"@type":"WebSite","@id":"https:\/\/luxpro.pt\/en#website","url":"https:\/\/luxpro.pt\/en","name":"LuxPro","description":"","publisher":{"@id":"https:\/\/luxpro.pt\/en#\/schema\/person\/2d1bed59a52ad49be71622bef025e341"},"potentialAction":[{"@type":"SearchAction","target":{"@type":"EntryPoint","urlTemplate":"https:\/\/luxpro.pt\/en?s={search_term_string}"},"query-input":{"@type":"PropertyValueSpecification","valueRequired":true,"valueName":"search_term_string"}}],"inLanguage":"en-US"},{"@type":["Person","Organization"],"@id":"https:\/\/luxpro.pt\/en#\/schema\/person\/2d1bed59a52ad49be71622bef025e341","name":"Tiago Amadeu Ferreira","image":{"@type":"ImageObject","inLanguage":"en-US","@id":"https:\/\/luxpro.pt\/en#\/schema\/person\/image\/","url":"https:\/\/luxpro.pt\/wp-content\/uploads\/2017\/11\/logo.jpg","contentUrl":"https:\/\/luxpro.pt\/wp-content\/uploads\/2017\/11\/logo.jpg","width":150,"height":33,"caption":"Tiago Amadeu Ferreira"},"logo":{"@id":"https:\/\/luxpro.pt\/en#\/schema\/person\/image\/"}}]}},"tiered_pricing_type":"fixed","tiered_pricing_fixed_rules":[],"tiered_pricing_product_settings":{"layout":"default","base_unit_name":{"singular":null,"plural":null},"default_variation":null},"tiered_pricing_minimum_quantity":null,"tiered_pricing_roles_data":[],"tiered_pricing_percentage_rules":[],"_links":{"self":[{"href":"https:\/\/luxpro.pt\/en\/wp-json\/wp\/v2\/product\/11434","targetHints":{"allow":["GET"]}}],"collection":[{"href":"https:\/\/luxpro.pt\/en\/wp-json\/wp\/v2\/product"}],"about":[{"href":"https:\/\/luxpro.pt\/en\/wp-json\/wp\/v2\/types\/product"}],"replies":[{"embeddable":true,"href":"https:\/\/luxpro.pt\/en\/wp-json\/wp\/v2\/comments?post=11434"}],"wp:featuredmedia":[{"embeddable":true,"href":"https:\/\/luxpro.pt\/en\/wp-json\/wp\/v2\/media\/11445"}],"wp:attachment":[{"href":"https:\/\/luxpro.pt\/en\/wp-json\/wp\/v2\/media?parent=11434"}],"wp:term":[{"taxonomy":"product_brand","embeddable":true,"href":"https:\/\/luxpro.pt\/en\/wp-json\/wp\/v2\/product_brand?post=11434"},{"taxonomy":"product_cat","embeddable":true,"href":"https:\/\/luxpro.pt\/en\/wp-json\/wp\/v2\/product_cat?post=11434"},{"taxonomy":"product_tag","embeddable":true,"href":"https:\/\/luxpro.pt\/en\/wp-json\/wp\/v2\/product_tag?post=11434"}],"curies":[{"name":"wp","href":"https:\/\/api.w.org\/{rel}","templated":true}]}}