{"id":1168,"date":"2018-09-04T11:02:26","date_gmt":"2018-09-04T11:02:26","guid":{"rendered":"https:\/\/luxpro.pt\/produto\/quadro-eletrico-protecao-normal-frlgm\/"},"modified":"2025-07-08T17:45:33","modified_gmt":"2025-07-08T16:45:33","slug":"quadro-eletrico-protecao-normal-frlgm","status":"publish","type":"product","link":"https:\/\/luxpro.pt\/en\/produto\/quadro-eletrico-protecao-normal-frlgm","title":{"rendered":"Quadro El\u00e9trico Prote\u00e7\u00e3o Normal"},"content":{"rendered":"<p>\u2022 Quadro ele\u0301trico equipado com um contactor de pote\u0302ncia, rele\u0301 te\u0301rmico regula\u0301vel e um disjuntor;<br \/>\n\u2022 Destinado a proteger motores e electrobombas utilizadas em situac\u0327o\u0303es em que na\u0303o e\u0301 necessa\u0301rio a utilizac\u0327a\u0303o de um rele\u0301 de ni\u0301vel para protec\u0327a\u0303o em caso de falta de a\u0301gua, em virtude de na\u0303o ser necessa\u0301rio ou ser feita por via de interruptores de boia ou pressostato de pressa\u0303o mi\u0301nima.<\/p>\n","protected":false},"excerpt":{"rendered":"<p>\u2022 Quadro ele\u0301trico equipado com um contactor de pote\u0302ncia, rele\u0301 te\u0301rmico regula\u0301vel e um disjuntor; \u2022 Destinado a proteger motores e electrobombas utilizadas em situac\u0327o\u0303es em que na\u0303o e\u0301 necessa\u0301rio a utilizac\u0327a\u0303o de um rele\u0301 de ni\u0301vel para protec\u0327a\u0303o em caso de falta de a\u0301gua, em virtude de na\u0303o ser necessa\u0301rio ou ser feita por via de interruptores de boia [&hellip;]<\/p>\n","protected":false},"featured_media":11300,"comment_status":"closed","ping_status":"closed","template":"","meta":[],"product_brand":[],"product_cat":[21],"product_tag":[2787,2783,2788,2782,1185,1472,2785,2786,2784],"class_list":{"0":"post-1168","1":"product","2":"type-product","3":"status-publish","4":"has-post-thumbnail","6":"product_cat-quadros","7":"product_tag-bomba-trifasica","8":"product_tag-electrobombas","9":"product_tag-motor-monofasico","10":"product_tag-motores","11":"product_tag-protecao-bomba","12":"product_tag-protecao-motor","13":"product_tag-quadro-protecao-bomba","14":"product_tag-quadro-protecao-bomba-monofasica","15":"product_tag-quadro-protecao-motor","16":"pa_potencia-230v","17":"pa_potencia-400v","18":"pa_amperes-1-16a","19":"pa_amperes-16-25a","20":"pa_amperes-12-18a","21":"pa_amperes-25-4a","22":"pa_amperes-4-6a","23":"pa_amperes-55-8a","24":"pa_amperes-7-10a","25":"pa_amperes-9-13a","26":"pa_tensao-de-entrada-230v-400v","27":"pa_dimensoes-l180xa200xp115mm","29":"first","30":"instock","31":"taxable","32":"shipping-taxable","33":"purchasable","34":"product-type-variable"},"yoast_head":"<!-- This site is optimized with the Yoast SEO plugin v26.5 - https:\/\/yoast.com\/wordpress\/plugins\/seo\/ -->\n<title>Quadro El\u00e9trico Prote\u00e7\u00e3o Normal - LuxPro<\/title>\n<meta name=\"description\" content=\"\u2022 Quadro ele\u0301trico equipado com um contactor de pote\u0302ncia, rele\u0301 te\u0301rmico regula\u0301vel e um disjuntor; \u2022 Destinado a proteger motores e electrobombas\" \/>\n<meta name=\"robots\" content=\"index, follow, max-snippet:-1, max-image-preview:large, max-video-preview:-1\" \/>\n<link rel=\"canonical\" href=\"https:\/\/luxpro.pt\/en\/produto\/quadro-eletrico-protecao-normal-frlgm\" \/>\n<meta property=\"og:locale\" content=\"en_US\" \/>\n<meta property=\"og:type\" content=\"article\" \/>\n<meta property=\"og:title\" content=\"Quadro El\u00e9trico Prote\u00e7\u00e3o Normal - LuxPro\" \/>\n<meta property=\"og:description\" content=\"\u2022 Quadro ele\u0301trico equipado com um contactor de pote\u0302ncia, rele\u0301 te\u0301rmico regula\u0301vel e um disjuntor; \u2022 Destinado a proteger motores e electrobombas\" \/>\n<meta property=\"og:url\" content=\"https:\/\/luxpro.pt\/en\/produto\/quadro-eletrico-protecao-normal-frlgm\" \/>\n<meta property=\"og:site_name\" content=\"LuxPro\" \/>\n<meta property=\"article:modified_time\" content=\"2025-07-08T16:45:33+00:00\" \/>\n<meta property=\"og:image\" content=\"https:\/\/luxpro.pt\/wp-content\/uploads\/2018\/09\/GM_Normal3.jpg\" \/>\n\t<meta property=\"og:image:width\" content=\"800\" \/>\n\t<meta property=\"og:image:height\" content=\"800\" \/>\n\t<meta property=\"og:image:type\" content=\"image\/jpeg\" \/>\n<meta name=\"twitter:card\" content=\"summary_large_image\" \/>\n<meta name=\"twitter:label1\" content=\"Est. reading time\" \/>\n\t<meta name=\"twitter:data1\" content=\"1 minute\" \/>\n<script type=\"application\/ld+json\" class=\"yoast-schema-graph\">{\"@context\":\"https:\/\/schema.org\",\"@graph\":[{\"@type\":\"WebPage\",\"@id\":\"https:\/\/luxpro.pt\/en\/produto\/quadro-eletrico-protecao-normal-frlgm\",\"url\":\"https:\/\/luxpro.pt\/en\/produto\/quadro-eletrico-protecao-normal-frlgm\",\"name\":\"Quadro El\u00e9trico Prote\u00e7\u00e3o Normal - LuxPro\",\"isPartOf\":{\"@id\":\"https:\/\/luxpro.pt\/en#website\"},\"primaryImageOfPage\":{\"@id\":\"https:\/\/luxpro.pt\/en\/produto\/quadro-eletrico-protecao-normal-frlgm#primaryimage\"},\"image\":{\"@id\":\"https:\/\/luxpro.pt\/en\/produto\/quadro-eletrico-protecao-normal-frlgm#primaryimage\"},\"thumbnailUrl\":\"https:\/\/luxpro.pt\/wp-content\/uploads\/2018\/09\/GM_Normal3.jpg\",\"datePublished\":\"2018-09-04T11:02:26+00:00\",\"dateModified\":\"2025-07-08T16:45:33+00:00\",\"description\":\"\u2022 Quadro ele\u0301trico equipado com um contactor de pote\u0302ncia, rele\u0301 te\u0301rmico regula\u0301vel e um disjuntor; \u2022 Destinado a proteger motores e electrobombas\",\"breadcrumb\":{\"@id\":\"https:\/\/luxpro.pt\/en\/produto\/quadro-eletrico-protecao-normal-frlgm#breadcrumb\"},\"inLanguage\":\"en-US\",\"potentialAction\":[{\"@type\":\"ReadAction\",\"target\":[\"https:\/\/luxpro.pt\/en\/produto\/quadro-eletrico-protecao-normal-frlgm\"]}]},{\"@type\":\"ImageObject\",\"inLanguage\":\"en-US\",\"@id\":\"https:\/\/luxpro.pt\/en\/produto\/quadro-eletrico-protecao-normal-frlgm#primaryimage\",\"url\":\"https:\/\/luxpro.pt\/wp-content\/uploads\/2018\/09\/GM_Normal3.jpg\",\"contentUrl\":\"https:\/\/luxpro.pt\/wp-content\/uploads\/2018\/09\/GM_Normal3.jpg\",\"width\":800,\"height\":800},{\"@type\":\"BreadcrumbList\",\"@id\":\"https:\/\/luxpro.pt\/en\/produto\/quadro-eletrico-protecao-normal-frlgm#breadcrumb\",\"itemListElement\":[{\"@type\":\"ListItem\",\"position\":1,\"name\":\"In\u00edcio\",\"item\":\"https:\/\/luxpro.pt\/en\"},{\"@type\":\"ListItem\",\"position\":2,\"name\":\"Shop\",\"item\":\"https:\/\/luxpro.pt\/en\/shop\"},{\"@type\":\"ListItem\",\"position\":3,\"name\":\"Quadro El\u00e9trico Prote\u00e7\u00e3o Normal\"}]},{\"@type\":\"WebSite\",\"@id\":\"https:\/\/luxpro.pt\/en#website\",\"url\":\"https:\/\/luxpro.pt\/en\",\"name\":\"LuxPro\",\"description\":\"\",\"publisher\":{\"@id\":\"https:\/\/luxpro.pt\/en#\/schema\/person\/2d1bed59a52ad49be71622bef025e341\"},\"potentialAction\":[{\"@type\":\"SearchAction\",\"target\":{\"@type\":\"EntryPoint\",\"urlTemplate\":\"https:\/\/luxpro.pt\/en?s={search_term_string}\"},\"query-input\":{\"@type\":\"PropertyValueSpecification\",\"valueRequired\":true,\"valueName\":\"search_term_string\"}}],\"inLanguage\":\"en-US\"},{\"@type\":[\"Person\",\"Organization\"],\"@id\":\"https:\/\/luxpro.pt\/en#\/schema\/person\/2d1bed59a52ad49be71622bef025e341\",\"name\":\"Tiago Amadeu Ferreira\",\"image\":{\"@type\":\"ImageObject\",\"inLanguage\":\"en-US\",\"@id\":\"https:\/\/luxpro.pt\/en#\/schema\/person\/image\/\",\"url\":\"https:\/\/luxpro.pt\/wp-content\/uploads\/2017\/11\/logo.jpg\",\"contentUrl\":\"https:\/\/luxpro.pt\/wp-content\/uploads\/2017\/11\/logo.jpg\",\"width\":150,\"height\":33,\"caption\":\"Tiago Amadeu Ferreira\"},\"logo\":{\"@id\":\"https:\/\/luxpro.pt\/en#\/schema\/person\/image\/\"}}]}<\/script>\n<!-- \/ Yoast SEO plugin. -->","yoast_head_json":{"title":"Quadro El\u00e9trico Prote\u00e7\u00e3o Normal - LuxPro","description":"\u2022 Quadro ele\u0301trico equipado com um contactor de pote\u0302ncia, rele\u0301 te\u0301rmico regula\u0301vel e um disjuntor; \u2022 Destinado a proteger motores e electrobombas","robots":{"index":"index","follow":"follow","max-snippet":"max-snippet:-1","max-image-preview":"max-image-preview:large","max-video-preview":"max-video-preview:-1"},"canonical":"https:\/\/luxpro.pt\/en\/produto\/quadro-eletrico-protecao-normal-frlgm","og_locale":"en_US","og_type":"article","og_title":"Quadro El\u00e9trico Prote\u00e7\u00e3o Normal - LuxPro","og_description":"\u2022 Quadro ele\u0301trico equipado com um contactor de pote\u0302ncia, rele\u0301 te\u0301rmico regula\u0301vel e um disjuntor; \u2022 Destinado a proteger motores e electrobombas","og_url":"https:\/\/luxpro.pt\/en\/produto\/quadro-eletrico-protecao-normal-frlgm","og_site_name":"LuxPro","article_modified_time":"2025-07-08T16:45:33+00:00","og_image":[{"width":800,"height":800,"url":"https:\/\/luxpro.pt\/wp-content\/uploads\/2018\/09\/GM_Normal3.jpg","type":"image\/jpeg"}],"twitter_card":"summary_large_image","twitter_misc":{"Est. reading time":"1 minute"},"schema":{"@context":"https:\/\/schema.org","@graph":[{"@type":"WebPage","@id":"https:\/\/luxpro.pt\/en\/produto\/quadro-eletrico-protecao-normal-frlgm","url":"https:\/\/luxpro.pt\/en\/produto\/quadro-eletrico-protecao-normal-frlgm","name":"Quadro El\u00e9trico Prote\u00e7\u00e3o Normal - LuxPro","isPartOf":{"@id":"https:\/\/luxpro.pt\/en#website"},"primaryImageOfPage":{"@id":"https:\/\/luxpro.pt\/en\/produto\/quadro-eletrico-protecao-normal-frlgm#primaryimage"},"image":{"@id":"https:\/\/luxpro.pt\/en\/produto\/quadro-eletrico-protecao-normal-frlgm#primaryimage"},"thumbnailUrl":"https:\/\/luxpro.pt\/wp-content\/uploads\/2018\/09\/GM_Normal3.jpg","datePublished":"2018-09-04T11:02:26+00:00","dateModified":"2025-07-08T16:45:33+00:00","description":"\u2022 Quadro ele\u0301trico equipado com um contactor de pote\u0302ncia, rele\u0301 te\u0301rmico regula\u0301vel e um disjuntor; \u2022 Destinado a proteger motores e electrobombas","breadcrumb":{"@id":"https:\/\/luxpro.pt\/en\/produto\/quadro-eletrico-protecao-normal-frlgm#breadcrumb"},"inLanguage":"en-US","potentialAction":[{"@type":"ReadAction","target":["https:\/\/luxpro.pt\/en\/produto\/quadro-eletrico-protecao-normal-frlgm"]}]},{"@type":"ImageObject","inLanguage":"en-US","@id":"https:\/\/luxpro.pt\/en\/produto\/quadro-eletrico-protecao-normal-frlgm#primaryimage","url":"https:\/\/luxpro.pt\/wp-content\/uploads\/2018\/09\/GM_Normal3.jpg","contentUrl":"https:\/\/luxpro.pt\/wp-content\/uploads\/2018\/09\/GM_Normal3.jpg","width":800,"height":800},{"@type":"BreadcrumbList","@id":"https:\/\/luxpro.pt\/en\/produto\/quadro-eletrico-protecao-normal-frlgm#breadcrumb","itemListElement":[{"@type":"ListItem","position":1,"name":"In\u00edcio","item":"https:\/\/luxpro.pt\/en"},{"@type":"ListItem","position":2,"name":"Shop","item":"https:\/\/luxpro.pt\/en\/shop"},{"@type":"ListItem","position":3,"name":"Quadro El\u00e9trico Prote\u00e7\u00e3o Normal"}]},{"@type":"WebSite","@id":"https:\/\/luxpro.pt\/en#website","url":"https:\/\/luxpro.pt\/en","name":"LuxPro","description":"","publisher":{"@id":"https:\/\/luxpro.pt\/en#\/schema\/person\/2d1bed59a52ad49be71622bef025e341"},"potentialAction":[{"@type":"SearchAction","target":{"@type":"EntryPoint","urlTemplate":"https:\/\/luxpro.pt\/en?s={search_term_string}"},"query-input":{"@type":"PropertyValueSpecification","valueRequired":true,"valueName":"search_term_string"}}],"inLanguage":"en-US"},{"@type":["Person","Organization"],"@id":"https:\/\/luxpro.pt\/en#\/schema\/person\/2d1bed59a52ad49be71622bef025e341","name":"Tiago Amadeu Ferreira","image":{"@type":"ImageObject","inLanguage":"en-US","@id":"https:\/\/luxpro.pt\/en#\/schema\/person\/image\/","url":"https:\/\/luxpro.pt\/wp-content\/uploads\/2017\/11\/logo.jpg","contentUrl":"https:\/\/luxpro.pt\/wp-content\/uploads\/2017\/11\/logo.jpg","width":150,"height":33,"caption":"Tiago Amadeu Ferreira"},"logo":{"@id":"https:\/\/luxpro.pt\/en#\/schema\/person\/image\/"}}]}},"tiered_pricing_type":"fixed","tiered_pricing_fixed_rules":[],"tiered_pricing_product_settings":{"layout":"default","base_unit_name":{"singular":null,"plural":null},"default_variation":null},"tiered_pricing_minimum_quantity":null,"tiered_pricing_roles_data":[],"tiered_pricing_percentage_rules":[],"_links":{"self":[{"href":"https:\/\/luxpro.pt\/en\/wp-json\/wp\/v2\/product\/1168","targetHints":{"allow":["GET"]}}],"collection":[{"href":"https:\/\/luxpro.pt\/en\/wp-json\/wp\/v2\/product"}],"about":[{"href":"https:\/\/luxpro.pt\/en\/wp-json\/wp\/v2\/types\/product"}],"replies":[{"embeddable":true,"href":"https:\/\/luxpro.pt\/en\/wp-json\/wp\/v2\/comments?post=1168"}],"wp:featuredmedia":[{"embeddable":true,"href":"https:\/\/luxpro.pt\/en\/wp-json\/wp\/v2\/media\/11300"}],"wp:attachment":[{"href":"https:\/\/luxpro.pt\/en\/wp-json\/wp\/v2\/media?parent=1168"}],"wp:term":[{"taxonomy":"product_brand","embeddable":true,"href":"https:\/\/luxpro.pt\/en\/wp-json\/wp\/v2\/product_brand?post=1168"},{"taxonomy":"product_cat","embeddable":true,"href":"https:\/\/luxpro.pt\/en\/wp-json\/wp\/v2\/product_cat?post=1168"},{"taxonomy":"product_tag","embeddable":true,"href":"https:\/\/luxpro.pt\/en\/wp-json\/wp\/v2\/product_tag?post=1168"}],"curies":[{"name":"wp","href":"https:\/\/api.w.org\/{rel}","templated":true}]}}