{"id":12012,"date":"2023-09-25T10:49:41","date_gmt":"2023-09-25T09:49:41","guid":{"rendered":"https:\/\/luxpro.pt\/?post_type=product&#038;p=12012"},"modified":"2024-11-11T22:02:34","modified_gmt":"2024-11-11T22:02:34","slug":"tomada-de-bancada-twist-2-redonda-inox","status":"publish","type":"product","link":"https:\/\/luxpro.pt\/en\/produto\/tomada-de-bancada-twist-2-redonda-inox","title":{"rendered":"Tomada de Bancada Twist 2 redonda Inox"},"content":{"rendered":"<p>O novo TWIST 2 pode ser aberto automaticamente ao pressionar um bot\u00e3o e, portanto, \u00e9 ainda mais conveniente de operar. Depois uso, a tampa pode ser fechada de forma simples e segura com a m\u00e3o. O novo o revestimento anti-impress\u00e3o digital garante que nenhum vest\u00edgio do usu\u00e1rio ou impress\u00f5es digitais sejam deixados para tr\u00e1s. A tampa remov\u00edvel torna a limpeza uniforme mais f\u00e1cil. \u00a0TWIST 2 agora tamb\u00e9m est\u00e1 dispon\u00edvel em formato quadrado<br \/>\nvers\u00e3o e com um carregador USB A\/C de 22 watts para dispositivos finais r\u00e1pidos carregando. Uma atualiza\u00e7\u00e3o de design elegante e compacto para cozinhas, salas de estar e escrit\u00f3rios.<\/p>\n","protected":false},"excerpt":{"rendered":"<p>O novo TWIST 2 pode ser aberto automaticamente ao pressionar um bot\u00e3o e, portanto, \u00e9 ainda mais conveniente de operar. Depois uso, a tampa pode ser fechada de forma simples e segura com a m\u00e3o. O novo o revestimento anti-impress\u00e3o digital garante que nenhum vest\u00edgio do usu\u00e1rio ou impress\u00f5es digitais sejam deixados para tr\u00e1s. A tampa remov\u00edvel torna a limpeza [&hellip;]<\/p>\n","protected":false},"featured_media":12013,"comment_status":"open","ping_status":"closed","template":"","meta":[],"product_brand":[],"product_cat":[1537],"product_tag":[2758,1310,740,2761,759,1305,2759,2760,1311],"class_list":{"0":"post-12012","1":"product","2":"type-product","3":"status-publish","4":"has-post-thumbnail","6":"product_cat-tomadas-para-bancadas-cozinha","7":"product_tag-946-000","8":"product_tag-bachmann","9":"product_tag-inox","10":"product_tag-nova-twist","11":"product_tag-tomada","12":"product_tag-tomada-cozinha","13":"product_tag-tomada-de-embutir","14":"product_tag-tomada-redonda","15":"product_tag-twist","17":"first","18":"instock","19":"taxable","20":"shipping-taxable","21":"purchasable","22":"product-type-simple"},"yoast_head":"<!-- This site is optimized with the Yoast SEO plugin v26.5 - https:\/\/yoast.com\/wordpress\/plugins\/seo\/ -->\n<title>Tomada de Bancada Twist 2 redonda Inox - LuxPro<\/title>\n<meta name=\"description\" content=\"O novo TWIST 2 pode ser aberto automaticamente ao pressionar um bot\u00e3o e, portanto, \u00e9 ainda mais conveniente de operar. Depois uso, a tampa pode ser\" \/>\n<meta name=\"robots\" content=\"index, follow, max-snippet:-1, max-image-preview:large, max-video-preview:-1\" \/>\n<link rel=\"canonical\" href=\"https:\/\/luxpro.pt\/en\/produto\/tomada-de-bancada-twist-2-redonda-inox\" \/>\n<meta property=\"og:locale\" content=\"en_US\" \/>\n<meta property=\"og:type\" content=\"article\" \/>\n<meta property=\"og:title\" content=\"Tomada de Bancada Twist 2 redonda Inox - LuxPro\" \/>\n<meta property=\"og:description\" content=\"O novo TWIST 2 pode ser aberto automaticamente ao pressionar um bot\u00e3o e, portanto, \u00e9 ainda mais conveniente de operar. Depois uso, a tampa pode ser\" \/>\n<meta property=\"og:url\" content=\"https:\/\/luxpro.pt\/en\/produto\/tomada-de-bancada-twist-2-redonda-inox\" \/>\n<meta property=\"og:site_name\" content=\"LuxPro\" \/>\n<meta property=\"article:modified_time\" content=\"2024-11-11T22:02:34+00:00\" \/>\n<meta property=\"og:image\" content=\"https:\/\/luxpro.pt\/wp-content\/uploads\/2023\/09\/Captura-de-ecra-2023-09-25-as-10.40.20.png\" \/>\n\t<meta property=\"og:image:width\" content=\"1796\" \/>\n\t<meta property=\"og:image:height\" content=\"1672\" \/>\n\t<meta property=\"og:image:type\" content=\"image\/png\" \/>\n<meta name=\"twitter:card\" content=\"summary_large_image\" \/>\n<meta name=\"twitter:label1\" content=\"Est. reading time\" \/>\n\t<meta name=\"twitter:data1\" content=\"1 minute\" \/>\n<script type=\"application\/ld+json\" class=\"yoast-schema-graph\">{\"@context\":\"https:\/\/schema.org\",\"@graph\":[{\"@type\":\"WebPage\",\"@id\":\"https:\/\/luxpro.pt\/en\/produto\/tomada-de-bancada-twist-2-redonda-inox\",\"url\":\"https:\/\/luxpro.pt\/en\/produto\/tomada-de-bancada-twist-2-redonda-inox\",\"name\":\"Tomada de Bancada Twist 2 redonda Inox - LuxPro\",\"isPartOf\":{\"@id\":\"https:\/\/luxpro.pt\/en#website\"},\"primaryImageOfPage\":{\"@id\":\"https:\/\/luxpro.pt\/en\/produto\/tomada-de-bancada-twist-2-redonda-inox#primaryimage\"},\"image\":{\"@id\":\"https:\/\/luxpro.pt\/en\/produto\/tomada-de-bancada-twist-2-redonda-inox#primaryimage\"},\"thumbnailUrl\":\"https:\/\/luxpro.pt\/wp-content\/uploads\/2023\/09\/Captura-de-ecra-2023-09-25-as-10.40.20.png\",\"datePublished\":\"2023-09-25T09:49:41+00:00\",\"dateModified\":\"2024-11-11T22:02:34+00:00\",\"description\":\"O novo TWIST 2 pode ser aberto automaticamente ao pressionar um bot\u00e3o e, portanto, \u00e9 ainda mais conveniente de operar. Depois uso, a tampa pode ser\",\"breadcrumb\":{\"@id\":\"https:\/\/luxpro.pt\/en\/produto\/tomada-de-bancada-twist-2-redonda-inox#breadcrumb\"},\"inLanguage\":\"en-US\",\"potentialAction\":[{\"@type\":\"ReadAction\",\"target\":[\"https:\/\/luxpro.pt\/en\/produto\/tomada-de-bancada-twist-2-redonda-inox\"]}]},{\"@type\":\"ImageObject\",\"inLanguage\":\"en-US\",\"@id\":\"https:\/\/luxpro.pt\/en\/produto\/tomada-de-bancada-twist-2-redonda-inox#primaryimage\",\"url\":\"https:\/\/luxpro.pt\/wp-content\/uploads\/2023\/09\/Captura-de-ecra-2023-09-25-as-10.40.20.png\",\"contentUrl\":\"https:\/\/luxpro.pt\/wp-content\/uploads\/2023\/09\/Captura-de-ecra-2023-09-25-as-10.40.20.png\",\"width\":1796,\"height\":1672},{\"@type\":\"BreadcrumbList\",\"@id\":\"https:\/\/luxpro.pt\/en\/produto\/tomada-de-bancada-twist-2-redonda-inox#breadcrumb\",\"itemListElement\":[{\"@type\":\"ListItem\",\"position\":1,\"name\":\"In\u00edcio\",\"item\":\"https:\/\/luxpro.pt\/en\"},{\"@type\":\"ListItem\",\"position\":2,\"name\":\"Shop\",\"item\":\"https:\/\/luxpro.pt\/en\/shop\"},{\"@type\":\"ListItem\",\"position\":3,\"name\":\"Tomada de Bancada Twist 2 redonda Inox\"}]},{\"@type\":\"WebSite\",\"@id\":\"https:\/\/luxpro.pt\/en#website\",\"url\":\"https:\/\/luxpro.pt\/en\",\"name\":\"LuxPro\",\"description\":\"\",\"publisher\":{\"@id\":\"https:\/\/luxpro.pt\/en#\/schema\/person\/2d1bed59a52ad49be71622bef025e341\"},\"potentialAction\":[{\"@type\":\"SearchAction\",\"target\":{\"@type\":\"EntryPoint\",\"urlTemplate\":\"https:\/\/luxpro.pt\/en?s={search_term_string}\"},\"query-input\":{\"@type\":\"PropertyValueSpecification\",\"valueRequired\":true,\"valueName\":\"search_term_string\"}}],\"inLanguage\":\"en-US\"},{\"@type\":[\"Person\",\"Organization\"],\"@id\":\"https:\/\/luxpro.pt\/en#\/schema\/person\/2d1bed59a52ad49be71622bef025e341\",\"name\":\"Tiago Amadeu Ferreira\",\"image\":{\"@type\":\"ImageObject\",\"inLanguage\":\"en-US\",\"@id\":\"https:\/\/luxpro.pt\/en#\/schema\/person\/image\/\",\"url\":\"https:\/\/luxpro.pt\/wp-content\/uploads\/2017\/11\/logo.jpg\",\"contentUrl\":\"https:\/\/luxpro.pt\/wp-content\/uploads\/2017\/11\/logo.jpg\",\"width\":150,\"height\":33,\"caption\":\"Tiago Amadeu Ferreira\"},\"logo\":{\"@id\":\"https:\/\/luxpro.pt\/en#\/schema\/person\/image\/\"}}]}<\/script>\n<!-- \/ Yoast SEO plugin. -->","yoast_head_json":{"title":"Tomada de Bancada Twist 2 redonda Inox - LuxPro","description":"O novo TWIST 2 pode ser aberto automaticamente ao pressionar um bot\u00e3o e, portanto, \u00e9 ainda mais conveniente de operar. Depois uso, a tampa pode ser","robots":{"index":"index","follow":"follow","max-snippet":"max-snippet:-1","max-image-preview":"max-image-preview:large","max-video-preview":"max-video-preview:-1"},"canonical":"https:\/\/luxpro.pt\/en\/produto\/tomada-de-bancada-twist-2-redonda-inox","og_locale":"en_US","og_type":"article","og_title":"Tomada de Bancada Twist 2 redonda Inox - LuxPro","og_description":"O novo TWIST 2 pode ser aberto automaticamente ao pressionar um bot\u00e3o e, portanto, \u00e9 ainda mais conveniente de operar. Depois uso, a tampa pode ser","og_url":"https:\/\/luxpro.pt\/en\/produto\/tomada-de-bancada-twist-2-redonda-inox","og_site_name":"LuxPro","article_modified_time":"2024-11-11T22:02:34+00:00","og_image":[{"width":1796,"height":1672,"url":"https:\/\/luxpro.pt\/wp-content\/uploads\/2023\/09\/Captura-de-ecra-2023-09-25-as-10.40.20.png","type":"image\/png"}],"twitter_card":"summary_large_image","twitter_misc":{"Est. reading time":"1 minute"},"schema":{"@context":"https:\/\/schema.org","@graph":[{"@type":"WebPage","@id":"https:\/\/luxpro.pt\/en\/produto\/tomada-de-bancada-twist-2-redonda-inox","url":"https:\/\/luxpro.pt\/en\/produto\/tomada-de-bancada-twist-2-redonda-inox","name":"Tomada de Bancada Twist 2 redonda Inox - LuxPro","isPartOf":{"@id":"https:\/\/luxpro.pt\/en#website"},"primaryImageOfPage":{"@id":"https:\/\/luxpro.pt\/en\/produto\/tomada-de-bancada-twist-2-redonda-inox#primaryimage"},"image":{"@id":"https:\/\/luxpro.pt\/en\/produto\/tomada-de-bancada-twist-2-redonda-inox#primaryimage"},"thumbnailUrl":"https:\/\/luxpro.pt\/wp-content\/uploads\/2023\/09\/Captura-de-ecra-2023-09-25-as-10.40.20.png","datePublished":"2023-09-25T09:49:41+00:00","dateModified":"2024-11-11T22:02:34+00:00","description":"O novo TWIST 2 pode ser aberto automaticamente ao pressionar um bot\u00e3o e, portanto, \u00e9 ainda mais conveniente de operar. Depois uso, a tampa pode ser","breadcrumb":{"@id":"https:\/\/luxpro.pt\/en\/produto\/tomada-de-bancada-twist-2-redonda-inox#breadcrumb"},"inLanguage":"en-US","potentialAction":[{"@type":"ReadAction","target":["https:\/\/luxpro.pt\/en\/produto\/tomada-de-bancada-twist-2-redonda-inox"]}]},{"@type":"ImageObject","inLanguage":"en-US","@id":"https:\/\/luxpro.pt\/en\/produto\/tomada-de-bancada-twist-2-redonda-inox#primaryimage","url":"https:\/\/luxpro.pt\/wp-content\/uploads\/2023\/09\/Captura-de-ecra-2023-09-25-as-10.40.20.png","contentUrl":"https:\/\/luxpro.pt\/wp-content\/uploads\/2023\/09\/Captura-de-ecra-2023-09-25-as-10.40.20.png","width":1796,"height":1672},{"@type":"BreadcrumbList","@id":"https:\/\/luxpro.pt\/en\/produto\/tomada-de-bancada-twist-2-redonda-inox#breadcrumb","itemListElement":[{"@type":"ListItem","position":1,"name":"In\u00edcio","item":"https:\/\/luxpro.pt\/en"},{"@type":"ListItem","position":2,"name":"Shop","item":"https:\/\/luxpro.pt\/en\/shop"},{"@type":"ListItem","position":3,"name":"Tomada de Bancada Twist 2 redonda Inox"}]},{"@type":"WebSite","@id":"https:\/\/luxpro.pt\/en#website","url":"https:\/\/luxpro.pt\/en","name":"LuxPro","description":"","publisher":{"@id":"https:\/\/luxpro.pt\/en#\/schema\/person\/2d1bed59a52ad49be71622bef025e341"},"potentialAction":[{"@type":"SearchAction","target":{"@type":"EntryPoint","urlTemplate":"https:\/\/luxpro.pt\/en?s={search_term_string}"},"query-input":{"@type":"PropertyValueSpecification","valueRequired":true,"valueName":"search_term_string"}}],"inLanguage":"en-US"},{"@type":["Person","Organization"],"@id":"https:\/\/luxpro.pt\/en#\/schema\/person\/2d1bed59a52ad49be71622bef025e341","name":"Tiago Amadeu Ferreira","image":{"@type":"ImageObject","inLanguage":"en-US","@id":"https:\/\/luxpro.pt\/en#\/schema\/person\/image\/","url":"https:\/\/luxpro.pt\/wp-content\/uploads\/2017\/11\/logo.jpg","contentUrl":"https:\/\/luxpro.pt\/wp-content\/uploads\/2017\/11\/logo.jpg","width":150,"height":33,"caption":"Tiago Amadeu Ferreira"},"logo":{"@id":"https:\/\/luxpro.pt\/en#\/schema\/person\/image\/"}}]}},"tiered_pricing_type":"fixed","tiered_pricing_fixed_rules":[],"tiered_pricing_product_settings":{"layout":"default","base_unit_name":{"singular":null,"plural":null},"default_variation":null},"tiered_pricing_minimum_quantity":null,"tiered_pricing_roles_data":[],"tiered_pricing_percentage_rules":[],"_links":{"self":[{"href":"https:\/\/luxpro.pt\/en\/wp-json\/wp\/v2\/product\/12012","targetHints":{"allow":["GET"]}}],"collection":[{"href":"https:\/\/luxpro.pt\/en\/wp-json\/wp\/v2\/product"}],"about":[{"href":"https:\/\/luxpro.pt\/en\/wp-json\/wp\/v2\/types\/product"}],"replies":[{"embeddable":true,"href":"https:\/\/luxpro.pt\/en\/wp-json\/wp\/v2\/comments?post=12012"}],"wp:featuredmedia":[{"embeddable":true,"href":"https:\/\/luxpro.pt\/en\/wp-json\/wp\/v2\/media\/12013"}],"wp:attachment":[{"href":"https:\/\/luxpro.pt\/en\/wp-json\/wp\/v2\/media?parent=12012"}],"wp:term":[{"taxonomy":"product_brand","embeddable":true,"href":"https:\/\/luxpro.pt\/en\/wp-json\/wp\/v2\/product_brand?post=12012"},{"taxonomy":"product_cat","embeddable":true,"href":"https:\/\/luxpro.pt\/en\/wp-json\/wp\/v2\/product_cat?post=12012"},{"taxonomy":"product_tag","embeddable":true,"href":"https:\/\/luxpro.pt\/en\/wp-json\/wp\/v2\/product_tag?post=12012"}],"curies":[{"name":"wp","href":"https:\/\/api.w.org\/{rel}","templated":true}]}}