{"id":12157,"date":"2023-10-25T11:41:43","date_gmt":"2023-10-25T10:41:43","guid":{"rendered":"https:\/\/luxpro.pt\/?post_type=product&#038;p=12157"},"modified":"2024-09-24T20:39:36","modified_gmt":"2024-09-24T19:39:36","slug":"modulo-interruptor-p-automacao-wi-fi-bluetooth-shelly-plus-1","status":"publish","type":"product","link":"https:\/\/luxpro.pt\/en\/produto\/modulo-interruptor-p-automacao-wi-fi-bluetooth-shelly-plus-1","title":{"rendered":"M\u00f3dulo Interruptor p\/ Automa\u00e7\u00e3o Wi-Fi\/Bluetooth &#8211; Shelly Plus 1"},"content":{"rendered":"<p>M\u00f3dulo interruptor com rel\u00e9 controlado por Wi-Fi ou Bluetooth, 1 canal, 16A.<br \/>\nControle uma ampla gama de eletrodom\u00e9sticos e equipamentos de escrit\u00f3rio (luzes, linhas de energia, sistemas de seguran\u00e7a, radiadores de aquecimento, ar condicionado, etc.) de qualquer lugar com o menor interruptor de rel\u00e9 operado por WiFi, com conex\u00e3o Bluetooth.<\/p>\n<p>&#8211; Concex\u00e3o por Wi-Fi &#8211; conecta-se \u00e0 sua rede Wi-Fi. N\u00e3o \u00e9 necess\u00e1rio HUB!<br \/>\n&#8211; Bluetooth &#8211; Adicione dispositivos de forma r\u00e1pida e f\u00e1cil via conex\u00e3o Bluetooth, usando o aplicativo Shelly Cloud<br \/>\n&#8211; Contatos secos<br \/>\n&#8211; Suporte de baixa tens\u00e3o<br \/>\n&#8211; Processador extremamente r\u00e1pido &#8211; ESP32<br \/>\n&#8211; Seguran\u00e7a aprimorada &#8211; prote\u00e7\u00e3o contra sobreaquecimento<br \/>\n&#8211; Seguran\u00e7a aprimorada &#8211; suporte MQTT e WSS, TLS e suporte a certificados personalizados<br \/>\n&#8211; Interface de API aprimorada<\/p>\n<p>CARACTER\u00cdSTICAS:<br \/>\n&#8211; Alimenta\u00e7\u00e3o AC: 110-230V \u00b110%, 50\/60Hz<br \/>\n&#8211; Alimenta\u00e7\u00e3o DC: 24 \u0096 240V \/ 12V estabilizado<br \/>\n&#8211; Contatos secos: Sim<br \/>\n&#8211; Modo do obturador de rolo: N\u00e3o<br \/>\n&#8211; Prote\u00e7\u00e3o de temperatura do dispositivo: Sim<br \/>\n&#8211; Prote\u00e7\u00e3o contra sobrecarga: N\u00e3o<br \/>\n&#8211; Medi\u00e7\u00e3o de pot\u00eancia: N\u00e3o<br \/>\n&#8211; Trabalha sem uma linha neutra: N\u00e3o<br \/>\n&#8211; HTTP\/HTTPS webhooks: Sim<br \/>\n&#8211; Scripts personalizados (mJs): Sim<br \/>\n&#8211; Canais: 1 Canal<br \/>\n&#8211; Carga m\u00e1xima: 16A<br \/>\n&#8211; Temperatura operacional: de 0 \u00b0 C a + 40 \u00b0 C<br \/>\n&#8211; Consumo de energia do dispositivo: &lt;1 W<br \/>\n&#8211; Ligado \/ Desligado Inteligente: Sim<br \/>\n&#8211; Controle local e remoto: Sim<br \/>\n&#8211; Nascer \/ P\u00f4r-do-sol: Sim<br \/>\n&#8211; Programa\u00e7\u00e3o Semanal: Sim<br \/>\n&#8211; Op\u00e7\u00e3o listada pela UL: N\u00e3o<br \/>\n&#8211; Protocolo: Wi-Fi 802.11 b \/ g \/ n<br \/>\n&#8211; Frequ\u00eancia de r\u00e1dio Wi-Fi: 2412 &#8211; 2484 MHz<br \/>\n&#8211; Pot\u00eancia do sinal de r\u00e1dio Wi-Fi: 1mW<br \/>\n&#8211; Alcance Wi-Fi: de at\u00e9 50 m no exterior e at\u00e9 30 m no interior (dependendo dos materiais de constru\u00e7\u00e3o)<br \/>\n&#8211; Bluetooth: Sim<br \/>\n&#8211; Dimens\u00f5es: 42mm x 37mm x 16mm<\/p>\n","protected":false},"excerpt":{"rendered":"<p>M\u00f3dulo interruptor com rel\u00e9 controlado por Wi-Fi ou Bluetooth, 1 canal, 16A. Controle uma ampla gama de eletrodom\u00e9sticos e equipamentos de escrit\u00f3rio (luzes, linhas de energia, sistemas de seguran\u00e7a, radiadores de aquecimento, ar condicionado, etc.) de qualquer lugar com o menor interruptor de rel\u00e9 operado por WiFi, com conex\u00e3o Bluetooth. &#8211; Concex\u00e3o por Wi-Fi &#8211; conecta-se \u00e0 sua rede Wi-Fi. [&hellip;]<\/p>\n","protected":false},"featured_media":12167,"comment_status":"open","ping_status":"closed","template":"","meta":[],"product_brand":[],"product_cat":[28],"product_tag":[],"class_list":{"0":"post-12157","1":"product","2":"type-product","3":"status-publish","4":"has-post-thumbnail","6":"product_cat-componentes-electricos-e-industriais","8":"first","9":"instock","10":"taxable","11":"shipping-taxable","12":"purchasable","13":"product-type-simple"},"yoast_head":"<!-- This site is optimized with the Yoast SEO plugin v26.5 - https:\/\/yoast.com\/wordpress\/plugins\/seo\/ -->\n<title>M\u00f3dulo Interruptor p\/ Automa\u00e7\u00e3o Wi-Fi\/Bluetooth - Shelly Plus 1 - LuxPro<\/title>\n<meta name=\"description\" content=\"M\u00f3dulo interruptor com rel\u00e9 controlado por Wi-Fi ou Bluetooth, 1 canal, 16A. Controle uma ampla gama de eletrodom\u00e9sticos e equipamentos de escrit\u00f3rio\" \/>\n<meta name=\"robots\" content=\"index, follow, max-snippet:-1, max-image-preview:large, max-video-preview:-1\" \/>\n<link rel=\"canonical\" href=\"https:\/\/luxpro.pt\/en\/produto\/modulo-interruptor-p-automacao-wi-fi-bluetooth-shelly-plus-1\" \/>\n<meta property=\"og:locale\" content=\"en_US\" \/>\n<meta property=\"og:type\" content=\"article\" \/>\n<meta property=\"og:title\" content=\"M\u00f3dulo Interruptor p\/ Automa\u00e7\u00e3o Wi-Fi\/Bluetooth - Shelly Plus 1 - LuxPro\" \/>\n<meta property=\"og:description\" content=\"M\u00f3dulo interruptor com rel\u00e9 controlado por Wi-Fi ou Bluetooth, 1 canal, 16A. Controle uma ampla gama de eletrodom\u00e9sticos e equipamentos de escrit\u00f3rio\" \/>\n<meta property=\"og:url\" content=\"https:\/\/luxpro.pt\/en\/produto\/modulo-interruptor-p-automacao-wi-fi-bluetooth-shelly-plus-1\" \/>\n<meta property=\"og:site_name\" content=\"LuxPro\" \/>\n<meta property=\"article:modified_time\" content=\"2024-09-24T19:39:36+00:00\" \/>\n<meta property=\"og:image\" content=\"https:\/\/luxpro.pt\/wp-content\/uploads\/2023\/10\/shelly1plus.png\" \/>\n\t<meta property=\"og:image:width\" content=\"800\" \/>\n\t<meta property=\"og:image:height\" content=\"800\" \/>\n\t<meta property=\"og:image:type\" content=\"image\/png\" \/>\n<meta name=\"twitter:card\" content=\"summary_large_image\" \/>\n<meta name=\"twitter:label1\" content=\"Est. reading time\" \/>\n\t<meta name=\"twitter:data1\" content=\"2 minutes\" \/>\n<script type=\"application\/ld+json\" class=\"yoast-schema-graph\">{\"@context\":\"https:\/\/schema.org\",\"@graph\":[{\"@type\":\"WebPage\",\"@id\":\"https:\/\/luxpro.pt\/en\/produto\/modulo-interruptor-p-automacao-wi-fi-bluetooth-shelly-plus-1\",\"url\":\"https:\/\/luxpro.pt\/en\/produto\/modulo-interruptor-p-automacao-wi-fi-bluetooth-shelly-plus-1\",\"name\":\"M\u00f3dulo Interruptor p\/ Automa\u00e7\u00e3o Wi-Fi\/Bluetooth - Shelly Plus 1 - LuxPro\",\"isPartOf\":{\"@id\":\"https:\/\/luxpro.pt\/en#website\"},\"primaryImageOfPage\":{\"@id\":\"https:\/\/luxpro.pt\/en\/produto\/modulo-interruptor-p-automacao-wi-fi-bluetooth-shelly-plus-1#primaryimage\"},\"image\":{\"@id\":\"https:\/\/luxpro.pt\/en\/produto\/modulo-interruptor-p-automacao-wi-fi-bluetooth-shelly-plus-1#primaryimage\"},\"thumbnailUrl\":\"https:\/\/luxpro.pt\/wp-content\/uploads\/2023\/10\/shelly1plus.png\",\"datePublished\":\"2023-10-25T10:41:43+00:00\",\"dateModified\":\"2024-09-24T19:39:36+00:00\",\"description\":\"M\u00f3dulo interruptor com rel\u00e9 controlado por Wi-Fi ou Bluetooth, 1 canal, 16A. Controle uma ampla gama de eletrodom\u00e9sticos e equipamentos de escrit\u00f3rio\",\"breadcrumb\":{\"@id\":\"https:\/\/luxpro.pt\/en\/produto\/modulo-interruptor-p-automacao-wi-fi-bluetooth-shelly-plus-1#breadcrumb\"},\"inLanguage\":\"en-US\",\"potentialAction\":[{\"@type\":\"ReadAction\",\"target\":[\"https:\/\/luxpro.pt\/en\/produto\/modulo-interruptor-p-automacao-wi-fi-bluetooth-shelly-plus-1\"]}]},{\"@type\":\"ImageObject\",\"inLanguage\":\"en-US\",\"@id\":\"https:\/\/luxpro.pt\/en\/produto\/modulo-interruptor-p-automacao-wi-fi-bluetooth-shelly-plus-1#primaryimage\",\"url\":\"https:\/\/luxpro.pt\/wp-content\/uploads\/2023\/10\/shelly1plus.png\",\"contentUrl\":\"https:\/\/luxpro.pt\/wp-content\/uploads\/2023\/10\/shelly1plus.png\",\"width\":800,\"height\":800},{\"@type\":\"BreadcrumbList\",\"@id\":\"https:\/\/luxpro.pt\/en\/produto\/modulo-interruptor-p-automacao-wi-fi-bluetooth-shelly-plus-1#breadcrumb\",\"itemListElement\":[{\"@type\":\"ListItem\",\"position\":1,\"name\":\"In\u00edcio\",\"item\":\"https:\/\/luxpro.pt\/en\"},{\"@type\":\"ListItem\",\"position\":2,\"name\":\"Shop\",\"item\":\"https:\/\/luxpro.pt\/en\/shop\"},{\"@type\":\"ListItem\",\"position\":3,\"name\":\"M\u00f3dulo Interruptor p\/ Automa\u00e7\u00e3o Wi-Fi\/Bluetooth &#8211; Shelly Plus 1\"}]},{\"@type\":\"WebSite\",\"@id\":\"https:\/\/luxpro.pt\/en#website\",\"url\":\"https:\/\/luxpro.pt\/en\",\"name\":\"LuxPro\",\"description\":\"\",\"publisher\":{\"@id\":\"https:\/\/luxpro.pt\/en#\/schema\/person\/2d1bed59a52ad49be71622bef025e341\"},\"potentialAction\":[{\"@type\":\"SearchAction\",\"target\":{\"@type\":\"EntryPoint\",\"urlTemplate\":\"https:\/\/luxpro.pt\/en?s={search_term_string}\"},\"query-input\":{\"@type\":\"PropertyValueSpecification\",\"valueRequired\":true,\"valueName\":\"search_term_string\"}}],\"inLanguage\":\"en-US\"},{\"@type\":[\"Person\",\"Organization\"],\"@id\":\"https:\/\/luxpro.pt\/en#\/schema\/person\/2d1bed59a52ad49be71622bef025e341\",\"name\":\"Tiago Amadeu Ferreira\",\"image\":{\"@type\":\"ImageObject\",\"inLanguage\":\"en-US\",\"@id\":\"https:\/\/luxpro.pt\/en#\/schema\/person\/image\/\",\"url\":\"https:\/\/luxpro.pt\/wp-content\/uploads\/2017\/11\/logo.jpg\",\"contentUrl\":\"https:\/\/luxpro.pt\/wp-content\/uploads\/2017\/11\/logo.jpg\",\"width\":150,\"height\":33,\"caption\":\"Tiago Amadeu Ferreira\"},\"logo\":{\"@id\":\"https:\/\/luxpro.pt\/en#\/schema\/person\/image\/\"}}]}<\/script>\n<!-- \/ Yoast SEO plugin. -->","yoast_head_json":{"title":"M\u00f3dulo Interruptor p\/ Automa\u00e7\u00e3o Wi-Fi\/Bluetooth - Shelly Plus 1 - LuxPro","description":"M\u00f3dulo interruptor com rel\u00e9 controlado por Wi-Fi ou Bluetooth, 1 canal, 16A. Controle uma ampla gama de eletrodom\u00e9sticos e equipamentos de escrit\u00f3rio","robots":{"index":"index","follow":"follow","max-snippet":"max-snippet:-1","max-image-preview":"max-image-preview:large","max-video-preview":"max-video-preview:-1"},"canonical":"https:\/\/luxpro.pt\/en\/produto\/modulo-interruptor-p-automacao-wi-fi-bluetooth-shelly-plus-1","og_locale":"en_US","og_type":"article","og_title":"M\u00f3dulo Interruptor p\/ Automa\u00e7\u00e3o Wi-Fi\/Bluetooth - Shelly Plus 1 - LuxPro","og_description":"M\u00f3dulo interruptor com rel\u00e9 controlado por Wi-Fi ou Bluetooth, 1 canal, 16A. Controle uma ampla gama de eletrodom\u00e9sticos e equipamentos de escrit\u00f3rio","og_url":"https:\/\/luxpro.pt\/en\/produto\/modulo-interruptor-p-automacao-wi-fi-bluetooth-shelly-plus-1","og_site_name":"LuxPro","article_modified_time":"2024-09-24T19:39:36+00:00","og_image":[{"width":800,"height":800,"url":"https:\/\/luxpro.pt\/wp-content\/uploads\/2023\/10\/shelly1plus.png","type":"image\/png"}],"twitter_card":"summary_large_image","twitter_misc":{"Est. reading time":"2 minutes"},"schema":{"@context":"https:\/\/schema.org","@graph":[{"@type":"WebPage","@id":"https:\/\/luxpro.pt\/en\/produto\/modulo-interruptor-p-automacao-wi-fi-bluetooth-shelly-plus-1","url":"https:\/\/luxpro.pt\/en\/produto\/modulo-interruptor-p-automacao-wi-fi-bluetooth-shelly-plus-1","name":"M\u00f3dulo Interruptor p\/ Automa\u00e7\u00e3o Wi-Fi\/Bluetooth - Shelly Plus 1 - LuxPro","isPartOf":{"@id":"https:\/\/luxpro.pt\/en#website"},"primaryImageOfPage":{"@id":"https:\/\/luxpro.pt\/en\/produto\/modulo-interruptor-p-automacao-wi-fi-bluetooth-shelly-plus-1#primaryimage"},"image":{"@id":"https:\/\/luxpro.pt\/en\/produto\/modulo-interruptor-p-automacao-wi-fi-bluetooth-shelly-plus-1#primaryimage"},"thumbnailUrl":"https:\/\/luxpro.pt\/wp-content\/uploads\/2023\/10\/shelly1plus.png","datePublished":"2023-10-25T10:41:43+00:00","dateModified":"2024-09-24T19:39:36+00:00","description":"M\u00f3dulo interruptor com rel\u00e9 controlado por Wi-Fi ou Bluetooth, 1 canal, 16A. Controle uma ampla gama de eletrodom\u00e9sticos e equipamentos de escrit\u00f3rio","breadcrumb":{"@id":"https:\/\/luxpro.pt\/en\/produto\/modulo-interruptor-p-automacao-wi-fi-bluetooth-shelly-plus-1#breadcrumb"},"inLanguage":"en-US","potentialAction":[{"@type":"ReadAction","target":["https:\/\/luxpro.pt\/en\/produto\/modulo-interruptor-p-automacao-wi-fi-bluetooth-shelly-plus-1"]}]},{"@type":"ImageObject","inLanguage":"en-US","@id":"https:\/\/luxpro.pt\/en\/produto\/modulo-interruptor-p-automacao-wi-fi-bluetooth-shelly-plus-1#primaryimage","url":"https:\/\/luxpro.pt\/wp-content\/uploads\/2023\/10\/shelly1plus.png","contentUrl":"https:\/\/luxpro.pt\/wp-content\/uploads\/2023\/10\/shelly1plus.png","width":800,"height":800},{"@type":"BreadcrumbList","@id":"https:\/\/luxpro.pt\/en\/produto\/modulo-interruptor-p-automacao-wi-fi-bluetooth-shelly-plus-1#breadcrumb","itemListElement":[{"@type":"ListItem","position":1,"name":"In\u00edcio","item":"https:\/\/luxpro.pt\/en"},{"@type":"ListItem","position":2,"name":"Shop","item":"https:\/\/luxpro.pt\/en\/shop"},{"@type":"ListItem","position":3,"name":"M\u00f3dulo Interruptor p\/ Automa\u00e7\u00e3o Wi-Fi\/Bluetooth &#8211; Shelly Plus 1"}]},{"@type":"WebSite","@id":"https:\/\/luxpro.pt\/en#website","url":"https:\/\/luxpro.pt\/en","name":"LuxPro","description":"","publisher":{"@id":"https:\/\/luxpro.pt\/en#\/schema\/person\/2d1bed59a52ad49be71622bef025e341"},"potentialAction":[{"@type":"SearchAction","target":{"@type":"EntryPoint","urlTemplate":"https:\/\/luxpro.pt\/en?s={search_term_string}"},"query-input":{"@type":"PropertyValueSpecification","valueRequired":true,"valueName":"search_term_string"}}],"inLanguage":"en-US"},{"@type":["Person","Organization"],"@id":"https:\/\/luxpro.pt\/en#\/schema\/person\/2d1bed59a52ad49be71622bef025e341","name":"Tiago Amadeu Ferreira","image":{"@type":"ImageObject","inLanguage":"en-US","@id":"https:\/\/luxpro.pt\/en#\/schema\/person\/image\/","url":"https:\/\/luxpro.pt\/wp-content\/uploads\/2017\/11\/logo.jpg","contentUrl":"https:\/\/luxpro.pt\/wp-content\/uploads\/2017\/11\/logo.jpg","width":150,"height":33,"caption":"Tiago Amadeu Ferreira"},"logo":{"@id":"https:\/\/luxpro.pt\/en#\/schema\/person\/image\/"}}]}},"tiered_pricing_type":"fixed","tiered_pricing_fixed_rules":[],"tiered_pricing_product_settings":{"layout":"default","base_unit_name":{"singular":null,"plural":null},"default_variation":null},"tiered_pricing_minimum_quantity":null,"tiered_pricing_roles_data":[],"tiered_pricing_percentage_rules":[],"_links":{"self":[{"href":"https:\/\/luxpro.pt\/en\/wp-json\/wp\/v2\/product\/12157","targetHints":{"allow":["GET"]}}],"collection":[{"href":"https:\/\/luxpro.pt\/en\/wp-json\/wp\/v2\/product"}],"about":[{"href":"https:\/\/luxpro.pt\/en\/wp-json\/wp\/v2\/types\/product"}],"replies":[{"embeddable":true,"href":"https:\/\/luxpro.pt\/en\/wp-json\/wp\/v2\/comments?post=12157"}],"wp:featuredmedia":[{"embeddable":true,"href":"https:\/\/luxpro.pt\/en\/wp-json\/wp\/v2\/media\/12167"}],"wp:attachment":[{"href":"https:\/\/luxpro.pt\/en\/wp-json\/wp\/v2\/media?parent=12157"}],"wp:term":[{"taxonomy":"product_brand","embeddable":true,"href":"https:\/\/luxpro.pt\/en\/wp-json\/wp\/v2\/product_brand?post=12157"},{"taxonomy":"product_cat","embeddable":true,"href":"https:\/\/luxpro.pt\/en\/wp-json\/wp\/v2\/product_cat?post=12157"},{"taxonomy":"product_tag","embeddable":true,"href":"https:\/\/luxpro.pt\/en\/wp-json\/wp\/v2\/product_tag?post=12157"}],"curies":[{"name":"wp","href":"https:\/\/api.w.org\/{rel}","templated":true}]}}