{"id":12183,"date":"2023-10-25T12:11:36","date_gmt":"2023-10-25T11:11:36","guid":{"rendered":"https:\/\/luxpro.pt\/?post_type=product&#038;p=12183"},"modified":"2024-09-24T20:38:52","modified_gmt":"2024-09-24T19:38:52","slug":"modulo-interruptor-p-autom-wi-fi-bluetooh-c-med-cons-shellyplus-1pm","status":"publish","type":"product","link":"https:\/\/luxpro.pt\/en\/produto\/modulo-interruptor-p-autom-wi-fi-bluetooh-c-med-cons-shellyplus-1pm","title":{"rendered":"M\u00f3dulo Interruptor p\/ Autom. Wi-Fi\/Bluetooh c\/ Med. Cons. &#8211; ShellyPlus 1PM"},"content":{"rendered":"<div class=\"body-wrap\">\n<div id=\"content\">\n<div class=\"container-fluid px-md-0\">\n<div id=\"lvDetalhe\" class=\"prod-detail\">\n<div class=\"col-12 px-0\">\n<div id=\"nav-tabContent\" class=\"tab-content\">\n<div id=\"prod-detail-tab1\" class=\"tab-pane fade show active\" role=\"tabpanel\" aria-labelledby=\"prod-detail-tab1-tab\">\n<div class=\"specs-txt prod-descricao\">Controle e me\u00e7a o consumo de energia para uma ampla gama de eletrodom\u00e9sticos e equipamentos (luzes, linhas de energia, sistemas de seguran\u00e7a, radiadores de aquecimento, ar condicionados, etc.) de qualquer lugar com, com o pequeno interruptor de rel\u00e9 operado por WiFi, com conex\u00e3o Bluetooth.<\/p>\n<p>&#8211; Conex\u00e3o por Wi-Fi &#8211; conecta-se \u00e0 sua rede Wi-Fi. N\u00e3o \u00e9 necess\u00e1rio HUB!<br \/>\n&#8211; Bluetooth &#8211; Adicione dispositivos de forma r\u00e1pida e f\u00e1cil via conex\u00e3o Bluetooth, usando o aplicativo Shelly Cloud<br \/>\n&#8211; Medi\u00e7\u00e3o de energia com armazenamento de dados<br \/>\n&#8211; Grande variedade de tens\u00f5es suportadas<br \/>\n&#8211; Processador extremamente r\u00e1pido &#8211; ESP32<br \/>\n&#8211; Prote\u00e7\u00e3o el\u00e9ctrica &#8211; prote\u00e7\u00e3o contra sobretens\u00e3o, sobretens\u00e3o e superaquecimento<br \/>\n&#8211; Seguran\u00e7a aprimorada &#8211; suporte MQTT e WSS, TLS e suporte a certificados personalizados<br \/>\n&#8211; Interface de API aprimorada<\/p>\n<p>&#8211; Fonte de alimenta\u00e7\u00e3o AC: 110-230V \u00b110%, 50\/60Hz<br \/>\n&#8211; Fonte de alimenta\u00e7\u00e3o DC: 24 \u0096 240V<br \/>\n&#8211; Contactos secos: N\u00e3o<br \/>\n&#8211; Prote\u00e7\u00e3o de temperatura do dispositivo: Sim<br \/>\n&#8211; Prote\u00e7\u00e3o de sobrecarga: Sim<br \/>\n&#8211; Medi\u00e7\u00e3o de pot\u00eancia: Sim<br \/>\n&#8211; HTTP\/HTTPS webhooks: Sim<br \/>\n&#8211; Scripts personalizados (mJs): Sim<br \/>\n&#8211; Canais: 1 canal<br \/>\n&#8211; Carga m\u00e1xima: 16A<br \/>\n&#8211; Temperatura de opera\u00e7\u00e3o: 0\u00b0C a + 40 \u00b0C<br \/>\n&#8211; Consumo de energia do dispositivo: &lt; 1 W<br \/>\n&#8211; On\/Off Inteligente: Sim<br \/>\n&#8211; Controle local e remoto: Sim<br \/>\n&#8211; Nascer do sol\/ p\u00f4r do sol: Sim<br \/>\n&#8211; Hor\u00e1rio semanal: Sim<br \/>\n&#8211; Op\u00e7\u00e3o listada pela UL: N\u00e3o<br \/>\n&#8211; Protocolo Wi-Fi: 802.11 b\/g\/n<br \/>\n&#8211; Frequ\u00eancia de r\u00e1dio Wi-Fi: 2412 &#8211; 2484 MHz<br \/>\n&#8211; Pot\u00eancia do sinal de r\u00e1dio Wi-Fi: 1mW<br \/>\n&#8211; Alcance Wi-Fi: at\u00e9 50 m no exterior e at\u00e9 30 m no interior (dependendo dos materiais de constru\u00e7\u00e3o)<br \/>\n&#8211; Bluetooth: Sim<br \/>\n&#8211; Dimens\u00f5es: 41mm x 36mm x 15mm<\/p><\/div>\n<div id=\"prod-obs1\"><\/div>\n<\/div>\n<\/div>\n<\/div>\n<\/div>\n<\/div>\n<\/div>\n<div id=\"gtm-detail\" data-id=\"SHELLYPLUS-1PM\" data-ref=\"SHELLYPLUS-1PM\" data-name=\"M\u00f3dulo Interruptor p\/ Autom. Wi-Fi\/Bluetooh c\/ Med. Cons. 110\/230VAC; 24-240VDC 16A - ShellyPlus 1PM\" data-price=\"18.89\" data-brand=\"SHELLY\" data-category=\"Material Electrico\"><\/div>\n<div class=\"clear\"><\/div>\n<div id=\"els-content\"><\/div>\n<\/div>\n<div class=\"footer hidden-print\"><\/div>\n","protected":false},"excerpt":{"rendered":"<p>Controle e me\u00e7a o consumo de energia para uma ampla gama de eletrodom\u00e9sticos e equipamentos (luzes, linhas de energia, sistemas de seguran\u00e7a, radiadores de aquecimento, ar condicionados, etc.) de qualquer lugar com, com o pequeno interruptor de rel\u00e9 operado por WiFi, com conex\u00e3o Bluetooth. &#8211; Conex\u00e3o por Wi-Fi &#8211; conecta-se \u00e0 sua rede Wi-Fi. N\u00e3o \u00e9 necess\u00e1rio HUB! &#8211; Bluetooth [&hellip;]<\/p>\n","protected":false},"featured_media":12184,"comment_status":"open","ping_status":"closed","template":"","meta":[],"product_brand":[],"product_cat":[28],"product_tag":[2776,2779,2780],"class_list":{"0":"post-12183","1":"product","2":"type-product","3":"status-publish","4":"has-post-thumbnail","6":"product_cat-componentes-electricos-e-industriais","7":"product_tag-shelly","8":"product_tag-shelly-1pm","9":"product_tag-sistemas-automacao","11":"first","12":"instock","13":"taxable","14":"shipping-taxable","15":"purchasable","16":"product-type-simple"},"yoast_head":"<!-- This site is optimized with the Yoast SEO plugin v26.5 - https:\/\/yoast.com\/wordpress\/plugins\/seo\/ -->\n<title>M\u00f3dulo Interruptor p\/ Autom. Wi-Fi\/Bluetooh c\/ Med. Cons. - ShellyPlus 1PM - LuxPro<\/title>\n<meta name=\"description\" content=\"Controle e me\u00e7a o consumo de energia para uma ampla gama de eletrodom\u00e9sticos e equipamentos (luzes, linhas de energia, sistemas de seguran\u00e7a, radiadores\" \/>\n<meta name=\"robots\" content=\"index, follow, max-snippet:-1, max-image-preview:large, max-video-preview:-1\" \/>\n<link rel=\"canonical\" href=\"https:\/\/luxpro.pt\/en\/produto\/modulo-interruptor-p-autom-wi-fi-bluetooh-c-med-cons-shellyplus-1pm\" \/>\n<meta property=\"og:locale\" content=\"en_US\" \/>\n<meta property=\"og:type\" content=\"article\" \/>\n<meta property=\"og:title\" content=\"M\u00f3dulo Interruptor p\/ Autom. Wi-Fi\/Bluetooh c\/ Med. Cons. - ShellyPlus 1PM - LuxPro\" \/>\n<meta property=\"og:description\" content=\"Controle e me\u00e7a o consumo de energia para uma ampla gama de eletrodom\u00e9sticos e equipamentos (luzes, linhas de energia, sistemas de seguran\u00e7a, radiadores\" \/>\n<meta property=\"og:url\" content=\"https:\/\/luxpro.pt\/en\/produto\/modulo-interruptor-p-autom-wi-fi-bluetooh-c-med-cons-shellyplus-1pm\" \/>\n<meta property=\"og:site_name\" content=\"LuxPro\" \/>\n<meta property=\"article:modified_time\" content=\"2024-09-24T19:38:52+00:00\" \/>\n<meta property=\"og:image\" content=\"https:\/\/luxpro.pt\/wp-content\/uploads\/2023\/10\/shelly1pmplus.png\" \/>\n\t<meta property=\"og:image:width\" content=\"800\" \/>\n\t<meta property=\"og:image:height\" content=\"800\" \/>\n\t<meta property=\"og:image:type\" content=\"image\/png\" \/>\n<meta name=\"twitter:card\" content=\"summary_large_image\" \/>\n<meta name=\"twitter:label1\" content=\"Est. reading time\" \/>\n\t<meta name=\"twitter:data1\" content=\"2 minutes\" \/>\n<script type=\"application\/ld+json\" class=\"yoast-schema-graph\">{\"@context\":\"https:\/\/schema.org\",\"@graph\":[{\"@type\":\"WebPage\",\"@id\":\"https:\/\/luxpro.pt\/en\/produto\/modulo-interruptor-p-autom-wi-fi-bluetooh-c-med-cons-shellyplus-1pm\",\"url\":\"https:\/\/luxpro.pt\/en\/produto\/modulo-interruptor-p-autom-wi-fi-bluetooh-c-med-cons-shellyplus-1pm\",\"name\":\"M\u00f3dulo Interruptor p\/ Autom. Wi-Fi\/Bluetooh c\/ Med. Cons. - ShellyPlus 1PM - LuxPro\",\"isPartOf\":{\"@id\":\"https:\/\/luxpro.pt\/en#website\"},\"primaryImageOfPage\":{\"@id\":\"https:\/\/luxpro.pt\/en\/produto\/modulo-interruptor-p-autom-wi-fi-bluetooh-c-med-cons-shellyplus-1pm#primaryimage\"},\"image\":{\"@id\":\"https:\/\/luxpro.pt\/en\/produto\/modulo-interruptor-p-autom-wi-fi-bluetooh-c-med-cons-shellyplus-1pm#primaryimage\"},\"thumbnailUrl\":\"https:\/\/luxpro.pt\/wp-content\/uploads\/2023\/10\/shelly1pmplus.png\",\"datePublished\":\"2023-10-25T11:11:36+00:00\",\"dateModified\":\"2024-09-24T19:38:52+00:00\",\"description\":\"Controle e me\u00e7a o consumo de energia para uma ampla gama de eletrodom\u00e9sticos e equipamentos (luzes, linhas de energia, sistemas de seguran\u00e7a, radiadores\",\"breadcrumb\":{\"@id\":\"https:\/\/luxpro.pt\/en\/produto\/modulo-interruptor-p-autom-wi-fi-bluetooh-c-med-cons-shellyplus-1pm#breadcrumb\"},\"inLanguage\":\"en-US\",\"potentialAction\":[{\"@type\":\"ReadAction\",\"target\":[\"https:\/\/luxpro.pt\/en\/produto\/modulo-interruptor-p-autom-wi-fi-bluetooh-c-med-cons-shellyplus-1pm\"]}]},{\"@type\":\"ImageObject\",\"inLanguage\":\"en-US\",\"@id\":\"https:\/\/luxpro.pt\/en\/produto\/modulo-interruptor-p-autom-wi-fi-bluetooh-c-med-cons-shellyplus-1pm#primaryimage\",\"url\":\"https:\/\/luxpro.pt\/wp-content\/uploads\/2023\/10\/shelly1pmplus.png\",\"contentUrl\":\"https:\/\/luxpro.pt\/wp-content\/uploads\/2023\/10\/shelly1pmplus.png\",\"width\":800,\"height\":800},{\"@type\":\"BreadcrumbList\",\"@id\":\"https:\/\/luxpro.pt\/en\/produto\/modulo-interruptor-p-autom-wi-fi-bluetooh-c-med-cons-shellyplus-1pm#breadcrumb\",\"itemListElement\":[{\"@type\":\"ListItem\",\"position\":1,\"name\":\"In\u00edcio\",\"item\":\"https:\/\/luxpro.pt\/en\"},{\"@type\":\"ListItem\",\"position\":2,\"name\":\"Shop\",\"item\":\"https:\/\/luxpro.pt\/en\/shop\"},{\"@type\":\"ListItem\",\"position\":3,\"name\":\"M\u00f3dulo Interruptor p\/ Autom. Wi-Fi\/Bluetooh c\/ Med. Cons. &#8211; ShellyPlus 1PM\"}]},{\"@type\":\"WebSite\",\"@id\":\"https:\/\/luxpro.pt\/en#website\",\"url\":\"https:\/\/luxpro.pt\/en\",\"name\":\"LuxPro\",\"description\":\"\",\"publisher\":{\"@id\":\"https:\/\/luxpro.pt\/en#\/schema\/person\/2d1bed59a52ad49be71622bef025e341\"},\"potentialAction\":[{\"@type\":\"SearchAction\",\"target\":{\"@type\":\"EntryPoint\",\"urlTemplate\":\"https:\/\/luxpro.pt\/en?s={search_term_string}\"},\"query-input\":{\"@type\":\"PropertyValueSpecification\",\"valueRequired\":true,\"valueName\":\"search_term_string\"}}],\"inLanguage\":\"en-US\"},{\"@type\":[\"Person\",\"Organization\"],\"@id\":\"https:\/\/luxpro.pt\/en#\/schema\/person\/2d1bed59a52ad49be71622bef025e341\",\"name\":\"Tiago Amadeu Ferreira\",\"image\":{\"@type\":\"ImageObject\",\"inLanguage\":\"en-US\",\"@id\":\"https:\/\/luxpro.pt\/en#\/schema\/person\/image\/\",\"url\":\"https:\/\/luxpro.pt\/wp-content\/uploads\/2017\/11\/logo.jpg\",\"contentUrl\":\"https:\/\/luxpro.pt\/wp-content\/uploads\/2017\/11\/logo.jpg\",\"width\":150,\"height\":33,\"caption\":\"Tiago Amadeu Ferreira\"},\"logo\":{\"@id\":\"https:\/\/luxpro.pt\/en#\/schema\/person\/image\/\"}}]}<\/script>\n<!-- \/ Yoast SEO plugin. -->","yoast_head_json":{"title":"M\u00f3dulo Interruptor p\/ Autom. Wi-Fi\/Bluetooh c\/ Med. Cons. - ShellyPlus 1PM - LuxPro","description":"Controle e me\u00e7a o consumo de energia para uma ampla gama de eletrodom\u00e9sticos e equipamentos (luzes, linhas de energia, sistemas de seguran\u00e7a, radiadores","robots":{"index":"index","follow":"follow","max-snippet":"max-snippet:-1","max-image-preview":"max-image-preview:large","max-video-preview":"max-video-preview:-1"},"canonical":"https:\/\/luxpro.pt\/en\/produto\/modulo-interruptor-p-autom-wi-fi-bluetooh-c-med-cons-shellyplus-1pm","og_locale":"en_US","og_type":"article","og_title":"M\u00f3dulo Interruptor p\/ Autom. Wi-Fi\/Bluetooh c\/ Med. Cons. - ShellyPlus 1PM - LuxPro","og_description":"Controle e me\u00e7a o consumo de energia para uma ampla gama de eletrodom\u00e9sticos e equipamentos (luzes, linhas de energia, sistemas de seguran\u00e7a, radiadores","og_url":"https:\/\/luxpro.pt\/en\/produto\/modulo-interruptor-p-autom-wi-fi-bluetooh-c-med-cons-shellyplus-1pm","og_site_name":"LuxPro","article_modified_time":"2024-09-24T19:38:52+00:00","og_image":[{"width":800,"height":800,"url":"https:\/\/luxpro.pt\/wp-content\/uploads\/2023\/10\/shelly1pmplus.png","type":"image\/png"}],"twitter_card":"summary_large_image","twitter_misc":{"Est. reading time":"2 minutes"},"schema":{"@context":"https:\/\/schema.org","@graph":[{"@type":"WebPage","@id":"https:\/\/luxpro.pt\/en\/produto\/modulo-interruptor-p-autom-wi-fi-bluetooh-c-med-cons-shellyplus-1pm","url":"https:\/\/luxpro.pt\/en\/produto\/modulo-interruptor-p-autom-wi-fi-bluetooh-c-med-cons-shellyplus-1pm","name":"M\u00f3dulo Interruptor p\/ Autom. Wi-Fi\/Bluetooh c\/ Med. Cons. - ShellyPlus 1PM - LuxPro","isPartOf":{"@id":"https:\/\/luxpro.pt\/en#website"},"primaryImageOfPage":{"@id":"https:\/\/luxpro.pt\/en\/produto\/modulo-interruptor-p-autom-wi-fi-bluetooh-c-med-cons-shellyplus-1pm#primaryimage"},"image":{"@id":"https:\/\/luxpro.pt\/en\/produto\/modulo-interruptor-p-autom-wi-fi-bluetooh-c-med-cons-shellyplus-1pm#primaryimage"},"thumbnailUrl":"https:\/\/luxpro.pt\/wp-content\/uploads\/2023\/10\/shelly1pmplus.png","datePublished":"2023-10-25T11:11:36+00:00","dateModified":"2024-09-24T19:38:52+00:00","description":"Controle e me\u00e7a o consumo de energia para uma ampla gama de eletrodom\u00e9sticos e equipamentos (luzes, linhas de energia, sistemas de seguran\u00e7a, radiadores","breadcrumb":{"@id":"https:\/\/luxpro.pt\/en\/produto\/modulo-interruptor-p-autom-wi-fi-bluetooh-c-med-cons-shellyplus-1pm#breadcrumb"},"inLanguage":"en-US","potentialAction":[{"@type":"ReadAction","target":["https:\/\/luxpro.pt\/en\/produto\/modulo-interruptor-p-autom-wi-fi-bluetooh-c-med-cons-shellyplus-1pm"]}]},{"@type":"ImageObject","inLanguage":"en-US","@id":"https:\/\/luxpro.pt\/en\/produto\/modulo-interruptor-p-autom-wi-fi-bluetooh-c-med-cons-shellyplus-1pm#primaryimage","url":"https:\/\/luxpro.pt\/wp-content\/uploads\/2023\/10\/shelly1pmplus.png","contentUrl":"https:\/\/luxpro.pt\/wp-content\/uploads\/2023\/10\/shelly1pmplus.png","width":800,"height":800},{"@type":"BreadcrumbList","@id":"https:\/\/luxpro.pt\/en\/produto\/modulo-interruptor-p-autom-wi-fi-bluetooh-c-med-cons-shellyplus-1pm#breadcrumb","itemListElement":[{"@type":"ListItem","position":1,"name":"In\u00edcio","item":"https:\/\/luxpro.pt\/en"},{"@type":"ListItem","position":2,"name":"Shop","item":"https:\/\/luxpro.pt\/en\/shop"},{"@type":"ListItem","position":3,"name":"M\u00f3dulo Interruptor p\/ Autom. Wi-Fi\/Bluetooh c\/ Med. Cons. &#8211; ShellyPlus 1PM"}]},{"@type":"WebSite","@id":"https:\/\/luxpro.pt\/en#website","url":"https:\/\/luxpro.pt\/en","name":"LuxPro","description":"","publisher":{"@id":"https:\/\/luxpro.pt\/en#\/schema\/person\/2d1bed59a52ad49be71622bef025e341"},"potentialAction":[{"@type":"SearchAction","target":{"@type":"EntryPoint","urlTemplate":"https:\/\/luxpro.pt\/en?s={search_term_string}"},"query-input":{"@type":"PropertyValueSpecification","valueRequired":true,"valueName":"search_term_string"}}],"inLanguage":"en-US"},{"@type":["Person","Organization"],"@id":"https:\/\/luxpro.pt\/en#\/schema\/person\/2d1bed59a52ad49be71622bef025e341","name":"Tiago Amadeu Ferreira","image":{"@type":"ImageObject","inLanguage":"en-US","@id":"https:\/\/luxpro.pt\/en#\/schema\/person\/image\/","url":"https:\/\/luxpro.pt\/wp-content\/uploads\/2017\/11\/logo.jpg","contentUrl":"https:\/\/luxpro.pt\/wp-content\/uploads\/2017\/11\/logo.jpg","width":150,"height":33,"caption":"Tiago Amadeu Ferreira"},"logo":{"@id":"https:\/\/luxpro.pt\/en#\/schema\/person\/image\/"}}]}},"tiered_pricing_type":"fixed","tiered_pricing_fixed_rules":[],"tiered_pricing_product_settings":{"layout":"default","base_unit_name":{"singular":null,"plural":null},"default_variation":null},"tiered_pricing_minimum_quantity":null,"tiered_pricing_roles_data":[],"tiered_pricing_percentage_rules":[],"_links":{"self":[{"href":"https:\/\/luxpro.pt\/en\/wp-json\/wp\/v2\/product\/12183","targetHints":{"allow":["GET"]}}],"collection":[{"href":"https:\/\/luxpro.pt\/en\/wp-json\/wp\/v2\/product"}],"about":[{"href":"https:\/\/luxpro.pt\/en\/wp-json\/wp\/v2\/types\/product"}],"replies":[{"embeddable":true,"href":"https:\/\/luxpro.pt\/en\/wp-json\/wp\/v2\/comments?post=12183"}],"wp:featuredmedia":[{"embeddable":true,"href":"https:\/\/luxpro.pt\/en\/wp-json\/wp\/v2\/media\/12184"}],"wp:attachment":[{"href":"https:\/\/luxpro.pt\/en\/wp-json\/wp\/v2\/media?parent=12183"}],"wp:term":[{"taxonomy":"product_brand","embeddable":true,"href":"https:\/\/luxpro.pt\/en\/wp-json\/wp\/v2\/product_brand?post=12183"},{"taxonomy":"product_cat","embeddable":true,"href":"https:\/\/luxpro.pt\/en\/wp-json\/wp\/v2\/product_cat?post=12183"},{"taxonomy":"product_tag","embeddable":true,"href":"https:\/\/luxpro.pt\/en\/wp-json\/wp\/v2\/product_tag?post=12183"}],"curies":[{"name":"wp","href":"https:\/\/api.w.org\/{rel}","templated":true}]}}