{"id":12870,"date":"2023-12-21T15:58:33","date_gmt":"2023-12-21T15:58:33","guid":{"rendered":"https:\/\/luxpro.pt\/?post_type=product&#038;p=12870"},"modified":"2024-01-03T11:43:41","modified_gmt":"2024-01-03T11:43:41","slug":"tomada-macho-encastrar-ip44-3ptn-16a-400","status":"publish","type":"product","link":"https:\/\/luxpro.pt\/en\/produto\/tomada-macho-encastrar-ip44-3ptn-16a-400","title":{"rendered":"Tomada Macho Encastrar IP44 3P+T+N 16A 400"},"content":{"rendered":"<p><span>Plugue flangeado CEE 70&#215;70 reto 16A 5p 6h IP44<\/span><br \/>\n<span>material da caixa: PA6<\/span><br \/>\n<span>corrente nominal: 16A<\/span><br \/>\n<span>n\u00famero de p\u00f3los: 5 (3P+N+PE)<\/span><br \/>\n<span>posi\u00e7\u00e3o do rel\u00f3gio: 6h<\/span><br \/>\n<span>tens\u00e3o\/frequ\u00eancia nominal: 200\/346V~ &#8211; 240\/415V~ \/ 50+60HzClasse de prote\u00e7\u00e3o IP: IP44\u00a0dimens\u00f5es (flange\/centro de fixa\u00e7\u00e3o): 70&#215;70 mm \/ 56&#215;56 mmtecnologia de conex\u00e3o: terminais de parafuso<\/span><br \/>\n<span>contatos: lat\u00e3o<\/span><\/p>\n","protected":false},"excerpt":{"rendered":"<p>Plugue flangeado CEE 70&#215;70 reto 16A 5p 6h IP44 material da caixa: PA6 corrente nominal: 16A n\u00famero de p\u00f3los: 5 (3P+N+PE) posi\u00e7\u00e3o do rel\u00f3gio: 6h tens\u00e3o\/frequ\u00eancia nominal: 200\/346V~ &#8211; 240\/415V~ \/ 50+60HzClasse de prote\u00e7\u00e3o IP: IP44\u00a0dimens\u00f5es (flange\/centro de fixa\u00e7\u00e3o): 70&#215;70 mm \/ 56&#215;56 mmtecnologia de conex\u00e3o: terminais de parafuso contatos: lat\u00e3o<\/p>\n","protected":false},"featured_media":12871,"comment_status":"open","ping_status":"closed","template":"","meta":[],"product_brand":[],"product_cat":[2855,682],"product_tag":[],"class_list":{"0":"post-12870","1":"product","2":"type-product","3":"status-publish","4":"has-post-thumbnail","6":"product_cat-tomadas-macho-encastrar-cee","7":"product_cat-material-cee","9":"first","10":"instock","11":"taxable","12":"shipping-taxable","13":"purchasable","14":"product-type-simple"},"yoast_head":"<!-- This site is optimized with the Yoast SEO plugin v26.5 - https:\/\/yoast.com\/wordpress\/plugins\/seo\/ -->\n<title>Tomada Macho Encastrar IP44 3P+T+N 16A 400 - LuxPro<\/title>\n<meta name=\"description\" content=\"Plugue flangeado CEE 70x70 reto 16A 5p 6h IP44 material da caixa: PA6 corrente nominal: 16A n\u00famero de p\u00f3los: 5 (3P+N+PE) posi\u00e7\u00e3o do rel\u00f3gio: 6h\" \/>\n<meta name=\"robots\" content=\"index, follow, max-snippet:-1, max-image-preview:large, max-video-preview:-1\" \/>\n<link rel=\"canonical\" href=\"https:\/\/luxpro.pt\/en\/produto\/tomada-macho-encastrar-ip44-3ptn-16a-400\" \/>\n<meta property=\"og:locale\" content=\"en_US\" \/>\n<meta property=\"og:type\" content=\"article\" \/>\n<meta property=\"og:title\" content=\"Tomada Macho Encastrar IP44 3P+T+N 16A 400 - LuxPro\" \/>\n<meta property=\"og:description\" content=\"Plugue flangeado CEE 70x70 reto 16A 5p 6h IP44 material da caixa: PA6 corrente nominal: 16A n\u00famero de p\u00f3los: 5 (3P+N+PE) posi\u00e7\u00e3o do rel\u00f3gio: 6h\" \/>\n<meta property=\"og:url\" content=\"https:\/\/luxpro.pt\/en\/produto\/tomada-macho-encastrar-ip44-3ptn-16a-400\" \/>\n<meta property=\"og:site_name\" content=\"LuxPro\" \/>\n<meta property=\"article:modified_time\" content=\"2024-01-03T11:43:41+00:00\" \/>\n<meta property=\"og:image\" content=\"https:\/\/luxpro.pt\/wp-content\/uploads\/2023\/12\/615-6_615-6TT_zoom_b8afeb34afb8ff0b160fb564155fb09e.jpg\" \/>\n\t<meta property=\"og:image:width\" content=\"270\" \/>\n\t<meta property=\"og:image:height\" content=\"270\" \/>\n\t<meta property=\"og:image:type\" content=\"image\/jpeg\" \/>\n<meta name=\"twitter:card\" content=\"summary_large_image\" \/>\n<meta name=\"twitter:label1\" content=\"Est. reading time\" \/>\n\t<meta name=\"twitter:data1\" content=\"1 minute\" \/>\n<script type=\"application\/ld+json\" class=\"yoast-schema-graph\">{\"@context\":\"https:\/\/schema.org\",\"@graph\":[{\"@type\":\"WebPage\",\"@id\":\"https:\/\/luxpro.pt\/en\/produto\/tomada-macho-encastrar-ip44-3ptn-16a-400\",\"url\":\"https:\/\/luxpro.pt\/en\/produto\/tomada-macho-encastrar-ip44-3ptn-16a-400\",\"name\":\"Tomada Macho Encastrar IP44 3P+T+N 16A 400 - LuxPro\",\"isPartOf\":{\"@id\":\"https:\/\/luxpro.pt\/en#website\"},\"primaryImageOfPage\":{\"@id\":\"https:\/\/luxpro.pt\/en\/produto\/tomada-macho-encastrar-ip44-3ptn-16a-400#primaryimage\"},\"image\":{\"@id\":\"https:\/\/luxpro.pt\/en\/produto\/tomada-macho-encastrar-ip44-3ptn-16a-400#primaryimage\"},\"thumbnailUrl\":\"https:\/\/luxpro.pt\/wp-content\/uploads\/2023\/12\/615-6_615-6TT_zoom_b8afeb34afb8ff0b160fb564155fb09e.jpg\",\"datePublished\":\"2023-12-21T15:58:33+00:00\",\"dateModified\":\"2024-01-03T11:43:41+00:00\",\"description\":\"Plugue flangeado CEE 70x70 reto 16A 5p 6h IP44 material da caixa: PA6 corrente nominal: 16A n\u00famero de p\u00f3los: 5 (3P+N+PE) posi\u00e7\u00e3o do rel\u00f3gio: 6h\",\"breadcrumb\":{\"@id\":\"https:\/\/luxpro.pt\/en\/produto\/tomada-macho-encastrar-ip44-3ptn-16a-400#breadcrumb\"},\"inLanguage\":\"en-US\",\"potentialAction\":[{\"@type\":\"ReadAction\",\"target\":[\"https:\/\/luxpro.pt\/en\/produto\/tomada-macho-encastrar-ip44-3ptn-16a-400\"]}]},{\"@type\":\"ImageObject\",\"inLanguage\":\"en-US\",\"@id\":\"https:\/\/luxpro.pt\/en\/produto\/tomada-macho-encastrar-ip44-3ptn-16a-400#primaryimage\",\"url\":\"https:\/\/luxpro.pt\/wp-content\/uploads\/2023\/12\/615-6_615-6TT_zoom_b8afeb34afb8ff0b160fb564155fb09e.jpg\",\"contentUrl\":\"https:\/\/luxpro.pt\/wp-content\/uploads\/2023\/12\/615-6_615-6TT_zoom_b8afeb34afb8ff0b160fb564155fb09e.jpg\",\"width\":270,\"height\":270},{\"@type\":\"BreadcrumbList\",\"@id\":\"https:\/\/luxpro.pt\/en\/produto\/tomada-macho-encastrar-ip44-3ptn-16a-400#breadcrumb\",\"itemListElement\":[{\"@type\":\"ListItem\",\"position\":1,\"name\":\"In\u00edcio\",\"item\":\"https:\/\/luxpro.pt\/en\"},{\"@type\":\"ListItem\",\"position\":2,\"name\":\"Shop\",\"item\":\"https:\/\/luxpro.pt\/en\/shop\"},{\"@type\":\"ListItem\",\"position\":3,\"name\":\"Tomada Macho Encastrar IP44 3P+T+N 16A 400\"}]},{\"@type\":\"WebSite\",\"@id\":\"https:\/\/luxpro.pt\/en#website\",\"url\":\"https:\/\/luxpro.pt\/en\",\"name\":\"LuxPro\",\"description\":\"\",\"publisher\":{\"@id\":\"https:\/\/luxpro.pt\/en#\/schema\/person\/2d1bed59a52ad49be71622bef025e341\"},\"potentialAction\":[{\"@type\":\"SearchAction\",\"target\":{\"@type\":\"EntryPoint\",\"urlTemplate\":\"https:\/\/luxpro.pt\/en?s={search_term_string}\"},\"query-input\":{\"@type\":\"PropertyValueSpecification\",\"valueRequired\":true,\"valueName\":\"search_term_string\"}}],\"inLanguage\":\"en-US\"},{\"@type\":[\"Person\",\"Organization\"],\"@id\":\"https:\/\/luxpro.pt\/en#\/schema\/person\/2d1bed59a52ad49be71622bef025e341\",\"name\":\"Tiago Amadeu Ferreira\",\"image\":{\"@type\":\"ImageObject\",\"inLanguage\":\"en-US\",\"@id\":\"https:\/\/luxpro.pt\/en#\/schema\/person\/image\/\",\"url\":\"https:\/\/luxpro.pt\/wp-content\/uploads\/2017\/11\/logo.jpg\",\"contentUrl\":\"https:\/\/luxpro.pt\/wp-content\/uploads\/2017\/11\/logo.jpg\",\"width\":150,\"height\":33,\"caption\":\"Tiago Amadeu Ferreira\"},\"logo\":{\"@id\":\"https:\/\/luxpro.pt\/en#\/schema\/person\/image\/\"}}]}<\/script>\n<!-- \/ Yoast SEO plugin. -->","yoast_head_json":{"title":"Tomada Macho Encastrar IP44 3P+T+N 16A 400 - LuxPro","description":"Plugue flangeado CEE 70x70 reto 16A 5p 6h IP44 material da caixa: PA6 corrente nominal: 16A n\u00famero de p\u00f3los: 5 (3P+N+PE) posi\u00e7\u00e3o do rel\u00f3gio: 6h","robots":{"index":"index","follow":"follow","max-snippet":"max-snippet:-1","max-image-preview":"max-image-preview:large","max-video-preview":"max-video-preview:-1"},"canonical":"https:\/\/luxpro.pt\/en\/produto\/tomada-macho-encastrar-ip44-3ptn-16a-400","og_locale":"en_US","og_type":"article","og_title":"Tomada Macho Encastrar IP44 3P+T+N 16A 400 - LuxPro","og_description":"Plugue flangeado CEE 70x70 reto 16A 5p 6h IP44 material da caixa: PA6 corrente nominal: 16A n\u00famero de p\u00f3los: 5 (3P+N+PE) posi\u00e7\u00e3o do rel\u00f3gio: 6h","og_url":"https:\/\/luxpro.pt\/en\/produto\/tomada-macho-encastrar-ip44-3ptn-16a-400","og_site_name":"LuxPro","article_modified_time":"2024-01-03T11:43:41+00:00","og_image":[{"width":270,"height":270,"url":"https:\/\/luxpro.pt\/wp-content\/uploads\/2023\/12\/615-6_615-6TT_zoom_b8afeb34afb8ff0b160fb564155fb09e.jpg","type":"image\/jpeg"}],"twitter_card":"summary_large_image","twitter_misc":{"Est. reading time":"1 minute"},"schema":{"@context":"https:\/\/schema.org","@graph":[{"@type":"WebPage","@id":"https:\/\/luxpro.pt\/en\/produto\/tomada-macho-encastrar-ip44-3ptn-16a-400","url":"https:\/\/luxpro.pt\/en\/produto\/tomada-macho-encastrar-ip44-3ptn-16a-400","name":"Tomada Macho Encastrar IP44 3P+T+N 16A 400 - LuxPro","isPartOf":{"@id":"https:\/\/luxpro.pt\/en#website"},"primaryImageOfPage":{"@id":"https:\/\/luxpro.pt\/en\/produto\/tomada-macho-encastrar-ip44-3ptn-16a-400#primaryimage"},"image":{"@id":"https:\/\/luxpro.pt\/en\/produto\/tomada-macho-encastrar-ip44-3ptn-16a-400#primaryimage"},"thumbnailUrl":"https:\/\/luxpro.pt\/wp-content\/uploads\/2023\/12\/615-6_615-6TT_zoom_b8afeb34afb8ff0b160fb564155fb09e.jpg","datePublished":"2023-12-21T15:58:33+00:00","dateModified":"2024-01-03T11:43:41+00:00","description":"Plugue flangeado CEE 70x70 reto 16A 5p 6h IP44 material da caixa: PA6 corrente nominal: 16A n\u00famero de p\u00f3los: 5 (3P+N+PE) posi\u00e7\u00e3o do rel\u00f3gio: 6h","breadcrumb":{"@id":"https:\/\/luxpro.pt\/en\/produto\/tomada-macho-encastrar-ip44-3ptn-16a-400#breadcrumb"},"inLanguage":"en-US","potentialAction":[{"@type":"ReadAction","target":["https:\/\/luxpro.pt\/en\/produto\/tomada-macho-encastrar-ip44-3ptn-16a-400"]}]},{"@type":"ImageObject","inLanguage":"en-US","@id":"https:\/\/luxpro.pt\/en\/produto\/tomada-macho-encastrar-ip44-3ptn-16a-400#primaryimage","url":"https:\/\/luxpro.pt\/wp-content\/uploads\/2023\/12\/615-6_615-6TT_zoom_b8afeb34afb8ff0b160fb564155fb09e.jpg","contentUrl":"https:\/\/luxpro.pt\/wp-content\/uploads\/2023\/12\/615-6_615-6TT_zoom_b8afeb34afb8ff0b160fb564155fb09e.jpg","width":270,"height":270},{"@type":"BreadcrumbList","@id":"https:\/\/luxpro.pt\/en\/produto\/tomada-macho-encastrar-ip44-3ptn-16a-400#breadcrumb","itemListElement":[{"@type":"ListItem","position":1,"name":"In\u00edcio","item":"https:\/\/luxpro.pt\/en"},{"@type":"ListItem","position":2,"name":"Shop","item":"https:\/\/luxpro.pt\/en\/shop"},{"@type":"ListItem","position":3,"name":"Tomada Macho Encastrar IP44 3P+T+N 16A 400"}]},{"@type":"WebSite","@id":"https:\/\/luxpro.pt\/en#website","url":"https:\/\/luxpro.pt\/en","name":"LuxPro","description":"","publisher":{"@id":"https:\/\/luxpro.pt\/en#\/schema\/person\/2d1bed59a52ad49be71622bef025e341"},"potentialAction":[{"@type":"SearchAction","target":{"@type":"EntryPoint","urlTemplate":"https:\/\/luxpro.pt\/en?s={search_term_string}"},"query-input":{"@type":"PropertyValueSpecification","valueRequired":true,"valueName":"search_term_string"}}],"inLanguage":"en-US"},{"@type":["Person","Organization"],"@id":"https:\/\/luxpro.pt\/en#\/schema\/person\/2d1bed59a52ad49be71622bef025e341","name":"Tiago Amadeu Ferreira","image":{"@type":"ImageObject","inLanguage":"en-US","@id":"https:\/\/luxpro.pt\/en#\/schema\/person\/image\/","url":"https:\/\/luxpro.pt\/wp-content\/uploads\/2017\/11\/logo.jpg","contentUrl":"https:\/\/luxpro.pt\/wp-content\/uploads\/2017\/11\/logo.jpg","width":150,"height":33,"caption":"Tiago Amadeu Ferreira"},"logo":{"@id":"https:\/\/luxpro.pt\/en#\/schema\/person\/image\/"}}]}},"tiered_pricing_type":"fixed","tiered_pricing_fixed_rules":[],"tiered_pricing_product_settings":{"layout":"default","base_unit_name":{"singular":null,"plural":null},"default_variation":null},"tiered_pricing_minimum_quantity":null,"tiered_pricing_roles_data":[],"tiered_pricing_percentage_rules":[],"_links":{"self":[{"href":"https:\/\/luxpro.pt\/en\/wp-json\/wp\/v2\/product\/12870","targetHints":{"allow":["GET"]}}],"collection":[{"href":"https:\/\/luxpro.pt\/en\/wp-json\/wp\/v2\/product"}],"about":[{"href":"https:\/\/luxpro.pt\/en\/wp-json\/wp\/v2\/types\/product"}],"replies":[{"embeddable":true,"href":"https:\/\/luxpro.pt\/en\/wp-json\/wp\/v2\/comments?post=12870"}],"wp:featuredmedia":[{"embeddable":true,"href":"https:\/\/luxpro.pt\/en\/wp-json\/wp\/v2\/media\/12871"}],"wp:attachment":[{"href":"https:\/\/luxpro.pt\/en\/wp-json\/wp\/v2\/media?parent=12870"}],"wp:term":[{"taxonomy":"product_brand","embeddable":true,"href":"https:\/\/luxpro.pt\/en\/wp-json\/wp\/v2\/product_brand?post=12870"},{"taxonomy":"product_cat","embeddable":true,"href":"https:\/\/luxpro.pt\/en\/wp-json\/wp\/v2\/product_cat?post=12870"},{"taxonomy":"product_tag","embeddable":true,"href":"https:\/\/luxpro.pt\/en\/wp-json\/wp\/v2\/product_tag?post=12870"}],"curies":[{"name":"wp","href":"https:\/\/api.w.org\/{rel}","templated":true}]}}