{"id":14719,"date":"2025-07-03T22:41:11","date_gmt":"2025-07-03T21:41:11","guid":{"rendered":"https:\/\/luxpro.pt\/?post_type=product&#038;p=14719"},"modified":"2025-07-03T22:43:17","modified_gmt":"2025-07-03T21:43:17","slug":"tomada-veiculo-electrico-16a-saliente-efapel-81751","status":"publish","type":"product","link":"https:\/\/luxpro.pt\/en\/produto\/tomada-veiculo-electrico-16a-saliente-efapel-81751","title":{"rendered":"Tomada Ve\u00edculo El\u00e9ctrico 16A Saliente Efapel 81751"},"content":{"rendered":"<p>Tomada para carregar veiculos el\u00e9tricos em modo 1 ou modo 2.<br \/>\n&#8211; Tomada refor\u00e7ada: testada com ciclos de carga 8h a 230V~ 16A<br \/>\n&#8211; Tomada suporta correntes at\u00e9 16A, sendo a corrente de carregamento limitada pelo VE e pelo regulamentos de cada pa\u00eds (8A a 16A).<\/p>\n","protected":false},"excerpt":{"rendered":"<p>Tomada para carregar veiculos el\u00e9tricos em modo 1 ou modo 2. &#8211; Tomada refor\u00e7ada: testada com ciclos de carga 8h a 230V~ 16A &#8211; Tomada suporta correntes at\u00e9 16A, sendo a corrente de carregamento limitada pelo VE e pelo regulamentos de cada pa\u00eds (8A a 16A).<\/p>\n","protected":false},"featured_media":14720,"comment_status":"closed","ping_status":"closed","template":"","meta":[],"product_brand":[],"product_cat":[589],"product_tag":[],"class_list":{"0":"post-14719","1":"product","2":"type-product","3":"status-publish","4":"has-post-thumbnail","6":"product_cat-ferramentas-gerais","8":"first","9":"instock","10":"taxable","11":"shipping-taxable","12":"purchasable","13":"product-type-simple"},"yoast_head":"<!-- This site is optimized with the Yoast SEO plugin v26.5 - https:\/\/yoast.com\/wordpress\/plugins\/seo\/ -->\n<title>Tomada Ve\u00edculo El\u00e9ctrico 16A Saliente Efapel 81751 - LuxPro<\/title>\n<meta name=\"description\" content=\"Tomada para carregar veiculos el\u00e9tricos em modo 1 ou modo 2. - Tomada refor\u00e7ada: testada com ciclos de carga 8h a 230V~ 16A - Tomada suporta correntes at\u00e9\" \/>\n<meta name=\"robots\" content=\"index, follow, max-snippet:-1, max-image-preview:large, max-video-preview:-1\" \/>\n<link rel=\"canonical\" href=\"https:\/\/luxpro.pt\/en\/produto\/tomada-veiculo-electrico-16a-saliente-efapel-81751\" \/>\n<meta property=\"og:locale\" content=\"en_US\" \/>\n<meta property=\"og:type\" content=\"article\" \/>\n<meta property=\"og:title\" content=\"Tomada Ve\u00edculo El\u00e9ctrico 16A Saliente Efapel 81751 - LuxPro\" \/>\n<meta property=\"og:description\" content=\"Tomada para carregar veiculos el\u00e9tricos em modo 1 ou modo 2. - Tomada refor\u00e7ada: testada com ciclos de carga 8h a 230V~ 16A - Tomada suporta correntes at\u00e9\" \/>\n<meta property=\"og:url\" content=\"https:\/\/luxpro.pt\/en\/produto\/tomada-veiculo-electrico-16a-saliente-efapel-81751\" \/>\n<meta property=\"og:site_name\" content=\"LuxPro\" \/>\n<meta property=\"article:modified_time\" content=\"2025-07-03T21:43:17+00:00\" \/>\n<meta property=\"og:image\" content=\"https:\/\/luxpro.pt\/wp-content\/uploads\/2025\/07\/tomada-veiculo-electrico-16a-saliente-efapel-81751.jpg\" \/>\n\t<meta property=\"og:image:width\" content=\"455\" \/>\n\t<meta property=\"og:image:height\" content=\"455\" \/>\n\t<meta property=\"og:image:type\" content=\"image\/jpeg\" \/>\n<meta name=\"twitter:card\" content=\"summary_large_image\" \/>\n<meta name=\"twitter:label1\" content=\"Est. reading time\" \/>\n\t<meta name=\"twitter:data1\" content=\"1 minute\" \/>\n<script type=\"application\/ld+json\" class=\"yoast-schema-graph\">{\"@context\":\"https:\/\/schema.org\",\"@graph\":[{\"@type\":\"WebPage\",\"@id\":\"https:\/\/luxpro.pt\/en\/produto\/tomada-veiculo-electrico-16a-saliente-efapel-81751\",\"url\":\"https:\/\/luxpro.pt\/en\/produto\/tomada-veiculo-electrico-16a-saliente-efapel-81751\",\"name\":\"Tomada Ve\u00edculo El\u00e9ctrico 16A Saliente Efapel 81751 - LuxPro\",\"isPartOf\":{\"@id\":\"https:\/\/luxpro.pt\/en#website\"},\"primaryImageOfPage\":{\"@id\":\"https:\/\/luxpro.pt\/en\/produto\/tomada-veiculo-electrico-16a-saliente-efapel-81751#primaryimage\"},\"image\":{\"@id\":\"https:\/\/luxpro.pt\/en\/produto\/tomada-veiculo-electrico-16a-saliente-efapel-81751#primaryimage\"},\"thumbnailUrl\":\"https:\/\/luxpro.pt\/wp-content\/uploads\/2025\/07\/tomada-veiculo-electrico-16a-saliente-efapel-81751.jpg\",\"datePublished\":\"2025-07-03T21:41:11+00:00\",\"dateModified\":\"2025-07-03T21:43:17+00:00\",\"description\":\"Tomada para carregar veiculos el\u00e9tricos em modo 1 ou modo 2. - Tomada refor\u00e7ada: testada com ciclos de carga 8h a 230V~ 16A - Tomada suporta correntes at\u00e9\",\"breadcrumb\":{\"@id\":\"https:\/\/luxpro.pt\/en\/produto\/tomada-veiculo-electrico-16a-saliente-efapel-81751#breadcrumb\"},\"inLanguage\":\"en-US\",\"potentialAction\":[{\"@type\":\"ReadAction\",\"target\":[\"https:\/\/luxpro.pt\/en\/produto\/tomada-veiculo-electrico-16a-saliente-efapel-81751\"]}]},{\"@type\":\"ImageObject\",\"inLanguage\":\"en-US\",\"@id\":\"https:\/\/luxpro.pt\/en\/produto\/tomada-veiculo-electrico-16a-saliente-efapel-81751#primaryimage\",\"url\":\"https:\/\/luxpro.pt\/wp-content\/uploads\/2025\/07\/tomada-veiculo-electrico-16a-saliente-efapel-81751.jpg\",\"contentUrl\":\"https:\/\/luxpro.pt\/wp-content\/uploads\/2025\/07\/tomada-veiculo-electrico-16a-saliente-efapel-81751.jpg\",\"width\":455,\"height\":455},{\"@type\":\"BreadcrumbList\",\"@id\":\"https:\/\/luxpro.pt\/en\/produto\/tomada-veiculo-electrico-16a-saliente-efapel-81751#breadcrumb\",\"itemListElement\":[{\"@type\":\"ListItem\",\"position\":1,\"name\":\"In\u00edcio\",\"item\":\"https:\/\/luxpro.pt\/en\"},{\"@type\":\"ListItem\",\"position\":2,\"name\":\"Shop\",\"item\":\"https:\/\/luxpro.pt\/en\/shop\"},{\"@type\":\"ListItem\",\"position\":3,\"name\":\"Tomada Ve\u00edculo El\u00e9ctrico 16A Saliente Efapel 81751\"}]},{\"@type\":\"WebSite\",\"@id\":\"https:\/\/luxpro.pt\/en#website\",\"url\":\"https:\/\/luxpro.pt\/en\",\"name\":\"LuxPro\",\"description\":\"\",\"publisher\":{\"@id\":\"https:\/\/luxpro.pt\/en#\/schema\/person\/2d1bed59a52ad49be71622bef025e341\"},\"potentialAction\":[{\"@type\":\"SearchAction\",\"target\":{\"@type\":\"EntryPoint\",\"urlTemplate\":\"https:\/\/luxpro.pt\/en?s={search_term_string}\"},\"query-input\":{\"@type\":\"PropertyValueSpecification\",\"valueRequired\":true,\"valueName\":\"search_term_string\"}}],\"inLanguage\":\"en-US\"},{\"@type\":[\"Person\",\"Organization\"],\"@id\":\"https:\/\/luxpro.pt\/en#\/schema\/person\/2d1bed59a52ad49be71622bef025e341\",\"name\":\"Tiago Amadeu Ferreira\",\"image\":{\"@type\":\"ImageObject\",\"inLanguage\":\"en-US\",\"@id\":\"https:\/\/luxpro.pt\/en#\/schema\/person\/image\/\",\"url\":\"https:\/\/luxpro.pt\/wp-content\/uploads\/2017\/11\/logo.jpg\",\"contentUrl\":\"https:\/\/luxpro.pt\/wp-content\/uploads\/2017\/11\/logo.jpg\",\"width\":150,\"height\":33,\"caption\":\"Tiago Amadeu Ferreira\"},\"logo\":{\"@id\":\"https:\/\/luxpro.pt\/en#\/schema\/person\/image\/\"}}]}<\/script>\n<!-- \/ Yoast SEO plugin. -->","yoast_head_json":{"title":"Tomada Ve\u00edculo El\u00e9ctrico 16A Saliente Efapel 81751 - LuxPro","description":"Tomada para carregar veiculos el\u00e9tricos em modo 1 ou modo 2. - Tomada refor\u00e7ada: testada com ciclos de carga 8h a 230V~ 16A - Tomada suporta correntes at\u00e9","robots":{"index":"index","follow":"follow","max-snippet":"max-snippet:-1","max-image-preview":"max-image-preview:large","max-video-preview":"max-video-preview:-1"},"canonical":"https:\/\/luxpro.pt\/en\/produto\/tomada-veiculo-electrico-16a-saliente-efapel-81751","og_locale":"en_US","og_type":"article","og_title":"Tomada Ve\u00edculo El\u00e9ctrico 16A Saliente Efapel 81751 - LuxPro","og_description":"Tomada para carregar veiculos el\u00e9tricos em modo 1 ou modo 2. - Tomada refor\u00e7ada: testada com ciclos de carga 8h a 230V~ 16A - Tomada suporta correntes at\u00e9","og_url":"https:\/\/luxpro.pt\/en\/produto\/tomada-veiculo-electrico-16a-saliente-efapel-81751","og_site_name":"LuxPro","article_modified_time":"2025-07-03T21:43:17+00:00","og_image":[{"width":455,"height":455,"url":"https:\/\/luxpro.pt\/wp-content\/uploads\/2025\/07\/tomada-veiculo-electrico-16a-saliente-efapel-81751.jpg","type":"image\/jpeg"}],"twitter_card":"summary_large_image","twitter_misc":{"Est. reading time":"1 minute"},"schema":{"@context":"https:\/\/schema.org","@graph":[{"@type":"WebPage","@id":"https:\/\/luxpro.pt\/en\/produto\/tomada-veiculo-electrico-16a-saliente-efapel-81751","url":"https:\/\/luxpro.pt\/en\/produto\/tomada-veiculo-electrico-16a-saliente-efapel-81751","name":"Tomada Ve\u00edculo El\u00e9ctrico 16A Saliente Efapel 81751 - LuxPro","isPartOf":{"@id":"https:\/\/luxpro.pt\/en#website"},"primaryImageOfPage":{"@id":"https:\/\/luxpro.pt\/en\/produto\/tomada-veiculo-electrico-16a-saliente-efapel-81751#primaryimage"},"image":{"@id":"https:\/\/luxpro.pt\/en\/produto\/tomada-veiculo-electrico-16a-saliente-efapel-81751#primaryimage"},"thumbnailUrl":"https:\/\/luxpro.pt\/wp-content\/uploads\/2025\/07\/tomada-veiculo-electrico-16a-saliente-efapel-81751.jpg","datePublished":"2025-07-03T21:41:11+00:00","dateModified":"2025-07-03T21:43:17+00:00","description":"Tomada para carregar veiculos el\u00e9tricos em modo 1 ou modo 2. - Tomada refor\u00e7ada: testada com ciclos de carga 8h a 230V~ 16A - Tomada suporta correntes at\u00e9","breadcrumb":{"@id":"https:\/\/luxpro.pt\/en\/produto\/tomada-veiculo-electrico-16a-saliente-efapel-81751#breadcrumb"},"inLanguage":"en-US","potentialAction":[{"@type":"ReadAction","target":["https:\/\/luxpro.pt\/en\/produto\/tomada-veiculo-electrico-16a-saliente-efapel-81751"]}]},{"@type":"ImageObject","inLanguage":"en-US","@id":"https:\/\/luxpro.pt\/en\/produto\/tomada-veiculo-electrico-16a-saliente-efapel-81751#primaryimage","url":"https:\/\/luxpro.pt\/wp-content\/uploads\/2025\/07\/tomada-veiculo-electrico-16a-saliente-efapel-81751.jpg","contentUrl":"https:\/\/luxpro.pt\/wp-content\/uploads\/2025\/07\/tomada-veiculo-electrico-16a-saliente-efapel-81751.jpg","width":455,"height":455},{"@type":"BreadcrumbList","@id":"https:\/\/luxpro.pt\/en\/produto\/tomada-veiculo-electrico-16a-saliente-efapel-81751#breadcrumb","itemListElement":[{"@type":"ListItem","position":1,"name":"In\u00edcio","item":"https:\/\/luxpro.pt\/en"},{"@type":"ListItem","position":2,"name":"Shop","item":"https:\/\/luxpro.pt\/en\/shop"},{"@type":"ListItem","position":3,"name":"Tomada Ve\u00edculo El\u00e9ctrico 16A Saliente Efapel 81751"}]},{"@type":"WebSite","@id":"https:\/\/luxpro.pt\/en#website","url":"https:\/\/luxpro.pt\/en","name":"LuxPro","description":"","publisher":{"@id":"https:\/\/luxpro.pt\/en#\/schema\/person\/2d1bed59a52ad49be71622bef025e341"},"potentialAction":[{"@type":"SearchAction","target":{"@type":"EntryPoint","urlTemplate":"https:\/\/luxpro.pt\/en?s={search_term_string}"},"query-input":{"@type":"PropertyValueSpecification","valueRequired":true,"valueName":"search_term_string"}}],"inLanguage":"en-US"},{"@type":["Person","Organization"],"@id":"https:\/\/luxpro.pt\/en#\/schema\/person\/2d1bed59a52ad49be71622bef025e341","name":"Tiago Amadeu Ferreira","image":{"@type":"ImageObject","inLanguage":"en-US","@id":"https:\/\/luxpro.pt\/en#\/schema\/person\/image\/","url":"https:\/\/luxpro.pt\/wp-content\/uploads\/2017\/11\/logo.jpg","contentUrl":"https:\/\/luxpro.pt\/wp-content\/uploads\/2017\/11\/logo.jpg","width":150,"height":33,"caption":"Tiago Amadeu Ferreira"},"logo":{"@id":"https:\/\/luxpro.pt\/en#\/schema\/person\/image\/"}}]}},"tiered_pricing_type":"fixed","tiered_pricing_fixed_rules":[],"tiered_pricing_product_settings":{"layout":"default","base_unit_name":{"singular":null,"plural":null},"default_variation":null},"tiered_pricing_minimum_quantity":null,"tiered_pricing_roles_data":[],"tiered_pricing_percentage_rules":[],"_links":{"self":[{"href":"https:\/\/luxpro.pt\/en\/wp-json\/wp\/v2\/product\/14719","targetHints":{"allow":["GET"]}}],"collection":[{"href":"https:\/\/luxpro.pt\/en\/wp-json\/wp\/v2\/product"}],"about":[{"href":"https:\/\/luxpro.pt\/en\/wp-json\/wp\/v2\/types\/product"}],"replies":[{"embeddable":true,"href":"https:\/\/luxpro.pt\/en\/wp-json\/wp\/v2\/comments?post=14719"}],"wp:featuredmedia":[{"embeddable":true,"href":"https:\/\/luxpro.pt\/en\/wp-json\/wp\/v2\/media\/14720"}],"wp:attachment":[{"href":"https:\/\/luxpro.pt\/en\/wp-json\/wp\/v2\/media?parent=14719"}],"wp:term":[{"taxonomy":"product_brand","embeddable":true,"href":"https:\/\/luxpro.pt\/en\/wp-json\/wp\/v2\/product_brand?post=14719"},{"taxonomy":"product_cat","embeddable":true,"href":"https:\/\/luxpro.pt\/en\/wp-json\/wp\/v2\/product_cat?post=14719"},{"taxonomy":"product_tag","embeddable":true,"href":"https:\/\/luxpro.pt\/en\/wp-json\/wp\/v2\/product_tag?post=14719"}],"curies":[{"name":"wp","href":"https:\/\/api.w.org\/{rel}","templated":true}]}}