{"id":15106,"date":"2025-10-19T01:50:01","date_gmt":"2025-10-19T00:50:01","guid":{"rendered":"https:\/\/luxpro.pt\/?post_type=product&#038;p=15106"},"modified":"2025-10-25T19:08:29","modified_gmt":"2025-10-25T18:08:29","slug":"caixa-portinhola-equipada-monofasica","status":"publish","type":"product","link":"https:\/\/luxpro.pt\/en\/produto\/caixa-portinhola-equipada-monofasica","title":{"rendered":"Caixa Portinhola Equipada Monof\u00e1sica"},"content":{"rendered":"<p>Caixa de portinhola monof\u00e1sica equipada de acordo com a DMA<\/p>\n<p>Inclui fechadura triangular,<\/p>\n<p>Equipada com Interruptores-Seccionadores-Fusi\u0301vel (ISF)<\/p>\n<div class=\"page\" title=\"Page 1\">\n<div class=\"layoutArea\">\n<div class=\"column\">\n<p>Fabricada em PC + ABS (Policarbonato + Acrilonitrila butadieno estireno) Cor cinza RAL 7035<\/p>\n<\/div>\n<\/div>\n<\/div>\n<p>\u00cdndice de prote\u00e7\u00e3o IP45\/IK10. Cor cinzenta, Resistente a\u0300 corrosa\u0303o, agentes qui\u0301micos e raios UV Auto extingui\u0301vel, classe V0 (segundo UL94)<\/p>\n<p>Montagem saliente, embutida ou semi-embutida.<\/p>\n<div class=\"page\" title=\"Page 1\">\n<div class=\"layoutArea\">\n<div class=\"column\">\n<p>EN 62208 &#8211; Invo\u0301lucros vazios para conjuntos de aparelhagem de baixa tensa\u0303o; Requisitos gerais<\/p>\n<p>EN 61439 \u2013 Conjuntos de aparelhagem de baixa tensa\u0303o.<\/p>\n<p>DMA-C62-807\/N &#8211; MATERIAL PARA DERIVAC\u0327O\u0303ES E ENTRADAS BT Portinholas de baixa tensa\u0303o. Caracteri\u0301sticas e ensaios<\/p>\n<\/div>\n<\/div>\n<\/div>\n<div class=\"page\" title=\"Page 1\">\n<div class=\"layoutArea\">\n<div class=\"column\">\n<p>&nbsp;<\/p>\n<\/div>\n<\/div>\n<\/div>\n","protected":false},"excerpt":{"rendered":"<p>Caixa de portinhola monof\u00e1sica equipada de acordo com a DMA Inclui fechadura triangular, Equipada com Interruptores-Seccionadores-Fusi\u0301vel (ISF) Fabricada em PC + ABS (Policarbonato + Acrilonitrila butadieno estireno) Cor cinza RAL 7035 \u00cdndice de prote\u00e7\u00e3o IP45\/IK10. Cor cinzenta, Resistente a\u0300 corrosa\u0303o, agentes qui\u0301micos e raios UV Auto extingui\u0301vel, classe V0 (segundo UL94) Montagem saliente, embutida ou semi-embutida. EN 62208 &#8211; Invo\u0301lucros [&hellip;]<\/p>\n","protected":false},"featured_media":15139,"comment_status":"closed","ping_status":"closed","template":"","meta":[],"product_brand":[],"product_cat":[696],"product_tag":[],"class_list":{"0":"post-15106","1":"product","2":"type-product","3":"status-publish","4":"has-post-thumbnail","6":"product_cat-portinholas","8":"first","9":"instock","10":"taxable","11":"shipping-taxable","12":"purchasable","13":"product-type-simple"},"yoast_head":"<!-- This site is optimized with the Yoast SEO plugin v26.5 - https:\/\/yoast.com\/wordpress\/plugins\/seo\/ -->\n<title>Caixa Portinhola Equipada Monof\u00e1sica - LuxPro<\/title>\n<meta name=\"description\" content=\"Caixa de portinhola monof\u00e1sica equipada de acordo com a DMA Inclui fechadura triangular, Equipada com Interruptores-Seccionadores-Fusi\u0301vel (ISF) Fabricada\" \/>\n<meta name=\"robots\" content=\"index, follow, max-snippet:-1, max-image-preview:large, max-video-preview:-1\" \/>\n<link rel=\"canonical\" href=\"https:\/\/luxpro.pt\/en\/produto\/caixa-portinhola-equipada-monofasica\" \/>\n<meta property=\"og:locale\" content=\"en_US\" \/>\n<meta property=\"og:type\" content=\"article\" \/>\n<meta property=\"og:title\" content=\"Caixa Portinhola Equipada Monof\u00e1sica - LuxPro\" \/>\n<meta property=\"og:description\" content=\"Caixa de portinhola monof\u00e1sica equipada de acordo com a DMA Inclui fechadura triangular, Equipada com Interruptores-Seccionadores-Fusi\u0301vel (ISF) Fabricada\" \/>\n<meta property=\"og:url\" content=\"https:\/\/luxpro.pt\/en\/produto\/caixa-portinhola-equipada-monofasica\" \/>\n<meta property=\"og:site_name\" content=\"LuxPro\" \/>\n<meta property=\"article:modified_time\" content=\"2025-10-25T18:08:29+00:00\" \/>\n<meta property=\"og:image\" content=\"https:\/\/luxpro.pt\/wp-content\/uploads\/2025\/10\/WhatsApp-Image-2025-10-25-at-19.05.42.jpeg\" \/>\n\t<meta property=\"og:image:width\" content=\"1000\" \/>\n\t<meta property=\"og:image:height\" content=\"1000\" \/>\n\t<meta property=\"og:image:type\" content=\"image\/jpeg\" \/>\n<meta name=\"twitter:card\" content=\"summary_large_image\" \/>\n<meta name=\"twitter:label1\" content=\"Est. reading time\" \/>\n\t<meta name=\"twitter:data1\" content=\"1 minute\" \/>\n<script type=\"application\/ld+json\" class=\"yoast-schema-graph\">{\"@context\":\"https:\/\/schema.org\",\"@graph\":[{\"@type\":\"WebPage\",\"@id\":\"https:\/\/luxpro.pt\/en\/produto\/caixa-portinhola-equipada-monofasica\",\"url\":\"https:\/\/luxpro.pt\/en\/produto\/caixa-portinhola-equipada-monofasica\",\"name\":\"Caixa Portinhola Equipada Monof\u00e1sica - LuxPro\",\"isPartOf\":{\"@id\":\"https:\/\/luxpro.pt\/en#website\"},\"primaryImageOfPage\":{\"@id\":\"https:\/\/luxpro.pt\/en\/produto\/caixa-portinhola-equipada-monofasica#primaryimage\"},\"image\":{\"@id\":\"https:\/\/luxpro.pt\/en\/produto\/caixa-portinhola-equipada-monofasica#primaryimage\"},\"thumbnailUrl\":\"https:\/\/luxpro.pt\/wp-content\/uploads\/2025\/10\/WhatsApp-Image-2025-10-25-at-19.05.42.jpeg\",\"datePublished\":\"2025-10-19T00:50:01+00:00\",\"dateModified\":\"2025-10-25T18:08:29+00:00\",\"description\":\"Caixa de portinhola monof\u00e1sica equipada de acordo com a DMA Inclui fechadura triangular, Equipada com Interruptores-Seccionadores-Fusi\u0301vel (ISF) Fabricada\",\"breadcrumb\":{\"@id\":\"https:\/\/luxpro.pt\/en\/produto\/caixa-portinhola-equipada-monofasica#breadcrumb\"},\"inLanguage\":\"en-US\",\"potentialAction\":[{\"@type\":\"ReadAction\",\"target\":[\"https:\/\/luxpro.pt\/en\/produto\/caixa-portinhola-equipada-monofasica\"]}]},{\"@type\":\"ImageObject\",\"inLanguage\":\"en-US\",\"@id\":\"https:\/\/luxpro.pt\/en\/produto\/caixa-portinhola-equipada-monofasica#primaryimage\",\"url\":\"https:\/\/luxpro.pt\/wp-content\/uploads\/2025\/10\/WhatsApp-Image-2025-10-25-at-19.05.42.jpeg\",\"contentUrl\":\"https:\/\/luxpro.pt\/wp-content\/uploads\/2025\/10\/WhatsApp-Image-2025-10-25-at-19.05.42.jpeg\",\"width\":1000,\"height\":1000},{\"@type\":\"BreadcrumbList\",\"@id\":\"https:\/\/luxpro.pt\/en\/produto\/caixa-portinhola-equipada-monofasica#breadcrumb\",\"itemListElement\":[{\"@type\":\"ListItem\",\"position\":1,\"name\":\"In\u00edcio\",\"item\":\"https:\/\/luxpro.pt\/en\"},{\"@type\":\"ListItem\",\"position\":2,\"name\":\"Shop\",\"item\":\"https:\/\/luxpro.pt\/en\/shop\"},{\"@type\":\"ListItem\",\"position\":3,\"name\":\"Caixa Portinhola Equipada Monof\u00e1sica\"}]},{\"@type\":\"WebSite\",\"@id\":\"https:\/\/luxpro.pt\/en#website\",\"url\":\"https:\/\/luxpro.pt\/en\",\"name\":\"LuxPro\",\"description\":\"\",\"publisher\":{\"@id\":\"https:\/\/luxpro.pt\/en#\/schema\/person\/2d1bed59a52ad49be71622bef025e341\"},\"potentialAction\":[{\"@type\":\"SearchAction\",\"target\":{\"@type\":\"EntryPoint\",\"urlTemplate\":\"https:\/\/luxpro.pt\/en?s={search_term_string}\"},\"query-input\":{\"@type\":\"PropertyValueSpecification\",\"valueRequired\":true,\"valueName\":\"search_term_string\"}}],\"inLanguage\":\"en-US\"},{\"@type\":[\"Person\",\"Organization\"],\"@id\":\"https:\/\/luxpro.pt\/en#\/schema\/person\/2d1bed59a52ad49be71622bef025e341\",\"name\":\"Tiago Amadeu Ferreira\",\"image\":{\"@type\":\"ImageObject\",\"inLanguage\":\"en-US\",\"@id\":\"https:\/\/luxpro.pt\/en#\/schema\/person\/image\/\",\"url\":\"https:\/\/luxpro.pt\/wp-content\/uploads\/2017\/11\/logo.jpg\",\"contentUrl\":\"https:\/\/luxpro.pt\/wp-content\/uploads\/2017\/11\/logo.jpg\",\"width\":150,\"height\":33,\"caption\":\"Tiago Amadeu Ferreira\"},\"logo\":{\"@id\":\"https:\/\/luxpro.pt\/en#\/schema\/person\/image\/\"}}]}<\/script>\n<!-- \/ Yoast SEO plugin. -->","yoast_head_json":{"title":"Caixa Portinhola Equipada Monof\u00e1sica - LuxPro","description":"Caixa de portinhola monof\u00e1sica equipada de acordo com a DMA Inclui fechadura triangular, Equipada com Interruptores-Seccionadores-Fusi\u0301vel (ISF) Fabricada","robots":{"index":"index","follow":"follow","max-snippet":"max-snippet:-1","max-image-preview":"max-image-preview:large","max-video-preview":"max-video-preview:-1"},"canonical":"https:\/\/luxpro.pt\/en\/produto\/caixa-portinhola-equipada-monofasica","og_locale":"en_US","og_type":"article","og_title":"Caixa Portinhola Equipada Monof\u00e1sica - LuxPro","og_description":"Caixa de portinhola monof\u00e1sica equipada de acordo com a DMA Inclui fechadura triangular, Equipada com Interruptores-Seccionadores-Fusi\u0301vel (ISF) Fabricada","og_url":"https:\/\/luxpro.pt\/en\/produto\/caixa-portinhola-equipada-monofasica","og_site_name":"LuxPro","article_modified_time":"2025-10-25T18:08:29+00:00","og_image":[{"width":1000,"height":1000,"url":"https:\/\/luxpro.pt\/wp-content\/uploads\/2025\/10\/WhatsApp-Image-2025-10-25-at-19.05.42.jpeg","type":"image\/jpeg"}],"twitter_card":"summary_large_image","twitter_misc":{"Est. reading time":"1 minute"},"schema":{"@context":"https:\/\/schema.org","@graph":[{"@type":"WebPage","@id":"https:\/\/luxpro.pt\/en\/produto\/caixa-portinhola-equipada-monofasica","url":"https:\/\/luxpro.pt\/en\/produto\/caixa-portinhola-equipada-monofasica","name":"Caixa Portinhola Equipada Monof\u00e1sica - LuxPro","isPartOf":{"@id":"https:\/\/luxpro.pt\/en#website"},"primaryImageOfPage":{"@id":"https:\/\/luxpro.pt\/en\/produto\/caixa-portinhola-equipada-monofasica#primaryimage"},"image":{"@id":"https:\/\/luxpro.pt\/en\/produto\/caixa-portinhola-equipada-monofasica#primaryimage"},"thumbnailUrl":"https:\/\/luxpro.pt\/wp-content\/uploads\/2025\/10\/WhatsApp-Image-2025-10-25-at-19.05.42.jpeg","datePublished":"2025-10-19T00:50:01+00:00","dateModified":"2025-10-25T18:08:29+00:00","description":"Caixa de portinhola monof\u00e1sica equipada de acordo com a DMA Inclui fechadura triangular, Equipada com Interruptores-Seccionadores-Fusi\u0301vel (ISF) Fabricada","breadcrumb":{"@id":"https:\/\/luxpro.pt\/en\/produto\/caixa-portinhola-equipada-monofasica#breadcrumb"},"inLanguage":"en-US","potentialAction":[{"@type":"ReadAction","target":["https:\/\/luxpro.pt\/en\/produto\/caixa-portinhola-equipada-monofasica"]}]},{"@type":"ImageObject","inLanguage":"en-US","@id":"https:\/\/luxpro.pt\/en\/produto\/caixa-portinhola-equipada-monofasica#primaryimage","url":"https:\/\/luxpro.pt\/wp-content\/uploads\/2025\/10\/WhatsApp-Image-2025-10-25-at-19.05.42.jpeg","contentUrl":"https:\/\/luxpro.pt\/wp-content\/uploads\/2025\/10\/WhatsApp-Image-2025-10-25-at-19.05.42.jpeg","width":1000,"height":1000},{"@type":"BreadcrumbList","@id":"https:\/\/luxpro.pt\/en\/produto\/caixa-portinhola-equipada-monofasica#breadcrumb","itemListElement":[{"@type":"ListItem","position":1,"name":"In\u00edcio","item":"https:\/\/luxpro.pt\/en"},{"@type":"ListItem","position":2,"name":"Shop","item":"https:\/\/luxpro.pt\/en\/shop"},{"@type":"ListItem","position":3,"name":"Caixa Portinhola Equipada Monof\u00e1sica"}]},{"@type":"WebSite","@id":"https:\/\/luxpro.pt\/en#website","url":"https:\/\/luxpro.pt\/en","name":"LuxPro","description":"","publisher":{"@id":"https:\/\/luxpro.pt\/en#\/schema\/person\/2d1bed59a52ad49be71622bef025e341"},"potentialAction":[{"@type":"SearchAction","target":{"@type":"EntryPoint","urlTemplate":"https:\/\/luxpro.pt\/en?s={search_term_string}"},"query-input":{"@type":"PropertyValueSpecification","valueRequired":true,"valueName":"search_term_string"}}],"inLanguage":"en-US"},{"@type":["Person","Organization"],"@id":"https:\/\/luxpro.pt\/en#\/schema\/person\/2d1bed59a52ad49be71622bef025e341","name":"Tiago Amadeu Ferreira","image":{"@type":"ImageObject","inLanguage":"en-US","@id":"https:\/\/luxpro.pt\/en#\/schema\/person\/image\/","url":"https:\/\/luxpro.pt\/wp-content\/uploads\/2017\/11\/logo.jpg","contentUrl":"https:\/\/luxpro.pt\/wp-content\/uploads\/2017\/11\/logo.jpg","width":150,"height":33,"caption":"Tiago Amadeu Ferreira"},"logo":{"@id":"https:\/\/luxpro.pt\/en#\/schema\/person\/image\/"}}]}},"tiered_pricing_type":"fixed","tiered_pricing_fixed_rules":[],"tiered_pricing_product_settings":{"layout":"default","base_unit_name":{"singular":null,"plural":null},"default_variation":null},"tiered_pricing_minimum_quantity":null,"tiered_pricing_roles_data":[],"tiered_pricing_percentage_rules":[],"_links":{"self":[{"href":"https:\/\/luxpro.pt\/en\/wp-json\/wp\/v2\/product\/15106","targetHints":{"allow":["GET"]}}],"collection":[{"href":"https:\/\/luxpro.pt\/en\/wp-json\/wp\/v2\/product"}],"about":[{"href":"https:\/\/luxpro.pt\/en\/wp-json\/wp\/v2\/types\/product"}],"replies":[{"embeddable":true,"href":"https:\/\/luxpro.pt\/en\/wp-json\/wp\/v2\/comments?post=15106"}],"wp:featuredmedia":[{"embeddable":true,"href":"https:\/\/luxpro.pt\/en\/wp-json\/wp\/v2\/media\/15139"}],"wp:attachment":[{"href":"https:\/\/luxpro.pt\/en\/wp-json\/wp\/v2\/media?parent=15106"}],"wp:term":[{"taxonomy":"product_brand","embeddable":true,"href":"https:\/\/luxpro.pt\/en\/wp-json\/wp\/v2\/product_brand?post=15106"},{"taxonomy":"product_cat","embeddable":true,"href":"https:\/\/luxpro.pt\/en\/wp-json\/wp\/v2\/product_cat?post=15106"},{"taxonomy":"product_tag","embeddable":true,"href":"https:\/\/luxpro.pt\/en\/wp-json\/wp\/v2\/product_tag?post=15106"}],"curies":[{"name":"wp","href":"https:\/\/api.w.org\/{rel}","templated":true}]}}