{"id":193,"date":"2018-09-04T10:45:07","date_gmt":"2018-09-04T10:45:07","guid":{"rendered":"https:\/\/luxpro.pt\/produto\/aplique-de-parede-para-iluminacao-exterior-216-frl216\/"},"modified":"2026-03-12T18:15:51","modified_gmt":"2026-03-12T18:15:51","slug":"aplique-de-parede-para-iluminacao-exterior-216-frl216","status":"publish","type":"product","link":"https:\/\/luxpro.pt\/en\/produto\/aplique-de-parede-para-iluminacao-exterior-216-frl216","title":{"rendered":"Aplique de Parede para Ilumina\u00e7\u00e3o Exterior 216"},"content":{"rendered":"<p>Aplique Totalmente em Pl\u00e1stico<\/p>\n","protected":false},"excerpt":{"rendered":"<p>Aplique Totalmente em Pl\u00e1stico<\/p>\n","protected":false},"featured_media":15582,"comment_status":"closed","ping_status":"closed","template":"","meta":[],"product_brand":[],"product_cat":[16],"product_tag":[1301,1473,770,1132,790,935,788,764],"class_list":{"0":"post-193","1":"product","2":"type-product","3":"status-publish","4":"has-post-thumbnail","6":"product_cat-iluminacao-exterior","7":"product_tag-aplique","8":"product_tag-aplique-de-parede","9":"product_tag-branco","10":"product_tag-cinza","11":"product_tag-e27","12":"product_tag-exterior","13":"product_tag-iluminacao","14":"product_tag-preto","15":"pa_cor-branco","16":"pa_cor-cinza","17":"pa_cor-preto","18":"pa_material-de-fabrico-abs","19":"pa_potencia-admissivel-40w","20":"pa_suporte-da-lampada-e27","21":"pa_tensao-de-entrada-230-240v-50hz","22":"pa_resistencia-mecanica-ik06","23":"pa_grau-de-protecao-ip44","24":"pa_grau-de-isolamento-classe-i","26":"first","27":"instock","28":"taxable","29":"shipping-taxable","30":"purchasable","31":"product-type-variable"},"yoast_head":"<!-- This site is optimized with the Yoast SEO plugin v26.5 - https:\/\/yoast.com\/wordpress\/plugins\/seo\/ -->\n<title>Aplique de Parede para Ilumina\u00e7\u00e3o Exterior 216 - LuxPro<\/title>\n<meta name=\"description\" content=\"Aplique Totalmente em Pl\u00e1stico\" \/>\n<meta name=\"robots\" content=\"index, follow, max-snippet:-1, max-image-preview:large, max-video-preview:-1\" \/>\n<link rel=\"canonical\" href=\"https:\/\/luxpro.pt\/en\/produto\/aplique-de-parede-para-iluminacao-exterior-216-frl216\" \/>\n<meta property=\"og:locale\" content=\"en_US\" \/>\n<meta property=\"og:type\" content=\"article\" \/>\n<meta property=\"og:title\" content=\"Aplique de Parede para Ilumina\u00e7\u00e3o Exterior 216 - LuxPro\" \/>\n<meta property=\"og:description\" content=\"Aplique Totalmente em Pl\u00e1stico\" \/>\n<meta property=\"og:url\" content=\"https:\/\/luxpro.pt\/en\/produto\/aplique-de-parede-para-iluminacao-exterior-216-frl216\" \/>\n<meta property=\"og:site_name\" content=\"LuxPro\" \/>\n<meta property=\"article:modified_time\" content=\"2026-03-12T18:15:51+00:00\" \/>\n<meta property=\"og:image\" content=\"https:\/\/luxpro.pt\/wp-content\/uploads\/2018\/09\/WhatsApp-Image-2026-03-11-at-15.56.45.jpeg\" \/>\n\t<meta property=\"og:image:width\" content=\"1600\" \/>\n\t<meta property=\"og:image:height\" content=\"1600\" \/>\n\t<meta property=\"og:image:type\" content=\"image\/jpeg\" \/>\n<meta name=\"twitter:card\" content=\"summary_large_image\" \/>\n<meta name=\"twitter:label1\" content=\"Est. reading time\" \/>\n\t<meta name=\"twitter:data1\" content=\"1 minute\" \/>\n<script type=\"application\/ld+json\" class=\"yoast-schema-graph\">{\"@context\":\"https:\/\/schema.org\",\"@graph\":[{\"@type\":\"WebPage\",\"@id\":\"https:\/\/luxpro.pt\/en\/produto\/aplique-de-parede-para-iluminacao-exterior-216-frl216\",\"url\":\"https:\/\/luxpro.pt\/en\/produto\/aplique-de-parede-para-iluminacao-exterior-216-frl216\",\"name\":\"Aplique de Parede para Ilumina\u00e7\u00e3o Exterior 216 - LuxPro\",\"isPartOf\":{\"@id\":\"https:\/\/luxpro.pt\/en#website\"},\"primaryImageOfPage\":{\"@id\":\"https:\/\/luxpro.pt\/en\/produto\/aplique-de-parede-para-iluminacao-exterior-216-frl216#primaryimage\"},\"image\":{\"@id\":\"https:\/\/luxpro.pt\/en\/produto\/aplique-de-parede-para-iluminacao-exterior-216-frl216#primaryimage\"},\"thumbnailUrl\":\"https:\/\/luxpro.pt\/wp-content\/uploads\/2018\/09\/WhatsApp-Image-2026-03-11-at-15.56.45.jpeg\",\"datePublished\":\"2018-09-04T10:45:07+00:00\",\"dateModified\":\"2026-03-12T18:15:51+00:00\",\"description\":\"Aplique Totalmente em Pl\u00e1stico\",\"breadcrumb\":{\"@id\":\"https:\/\/luxpro.pt\/en\/produto\/aplique-de-parede-para-iluminacao-exterior-216-frl216#breadcrumb\"},\"inLanguage\":\"en-US\",\"potentialAction\":[{\"@type\":\"ReadAction\",\"target\":[\"https:\/\/luxpro.pt\/en\/produto\/aplique-de-parede-para-iluminacao-exterior-216-frl216\"]}]},{\"@type\":\"ImageObject\",\"inLanguage\":\"en-US\",\"@id\":\"https:\/\/luxpro.pt\/en\/produto\/aplique-de-parede-para-iluminacao-exterior-216-frl216#primaryimage\",\"url\":\"https:\/\/luxpro.pt\/wp-content\/uploads\/2018\/09\/WhatsApp-Image-2026-03-11-at-15.56.45.jpeg\",\"contentUrl\":\"https:\/\/luxpro.pt\/wp-content\/uploads\/2018\/09\/WhatsApp-Image-2026-03-11-at-15.56.45.jpeg\",\"width\":1600,\"height\":1600},{\"@type\":\"BreadcrumbList\",\"@id\":\"https:\/\/luxpro.pt\/en\/produto\/aplique-de-parede-para-iluminacao-exterior-216-frl216#breadcrumb\",\"itemListElement\":[{\"@type\":\"ListItem\",\"position\":1,\"name\":\"In\u00edcio\",\"item\":\"https:\/\/luxpro.pt\/en\"},{\"@type\":\"ListItem\",\"position\":2,\"name\":\"Shop\",\"item\":\"https:\/\/luxpro.pt\/en\/shop\"},{\"@type\":\"ListItem\",\"position\":3,\"name\":\"Aplique de Parede para Ilumina\u00e7\u00e3o Exterior 216\"}]},{\"@type\":\"WebSite\",\"@id\":\"https:\/\/luxpro.pt\/en#website\",\"url\":\"https:\/\/luxpro.pt\/en\",\"name\":\"LuxPro\",\"description\":\"\",\"publisher\":{\"@id\":\"https:\/\/luxpro.pt\/en#\/schema\/person\/2d1bed59a52ad49be71622bef025e341\"},\"potentialAction\":[{\"@type\":\"SearchAction\",\"target\":{\"@type\":\"EntryPoint\",\"urlTemplate\":\"https:\/\/luxpro.pt\/en?s={search_term_string}\"},\"query-input\":{\"@type\":\"PropertyValueSpecification\",\"valueRequired\":true,\"valueName\":\"search_term_string\"}}],\"inLanguage\":\"en-US\"},{\"@type\":[\"Person\",\"Organization\"],\"@id\":\"https:\/\/luxpro.pt\/en#\/schema\/person\/2d1bed59a52ad49be71622bef025e341\",\"name\":\"Tiago Amadeu Ferreira\",\"image\":{\"@type\":\"ImageObject\",\"inLanguage\":\"en-US\",\"@id\":\"https:\/\/luxpro.pt\/en#\/schema\/person\/image\/\",\"url\":\"https:\/\/luxpro.pt\/wp-content\/uploads\/2017\/11\/logo.jpg\",\"contentUrl\":\"https:\/\/luxpro.pt\/wp-content\/uploads\/2017\/11\/logo.jpg\",\"width\":150,\"height\":33,\"caption\":\"Tiago Amadeu Ferreira\"},\"logo\":{\"@id\":\"https:\/\/luxpro.pt\/en#\/schema\/person\/image\/\"}}]}<\/script>\n<!-- \/ Yoast SEO plugin. -->","yoast_head_json":{"title":"Aplique de Parede para Ilumina\u00e7\u00e3o Exterior 216 - LuxPro","description":"Aplique Totalmente em Pl\u00e1stico","robots":{"index":"index","follow":"follow","max-snippet":"max-snippet:-1","max-image-preview":"max-image-preview:large","max-video-preview":"max-video-preview:-1"},"canonical":"https:\/\/luxpro.pt\/en\/produto\/aplique-de-parede-para-iluminacao-exterior-216-frl216","og_locale":"en_US","og_type":"article","og_title":"Aplique de Parede para Ilumina\u00e7\u00e3o Exterior 216 - LuxPro","og_description":"Aplique Totalmente em Pl\u00e1stico","og_url":"https:\/\/luxpro.pt\/en\/produto\/aplique-de-parede-para-iluminacao-exterior-216-frl216","og_site_name":"LuxPro","article_modified_time":"2026-03-12T18:15:51+00:00","og_image":[{"width":1600,"height":1600,"url":"https:\/\/luxpro.pt\/wp-content\/uploads\/2018\/09\/WhatsApp-Image-2026-03-11-at-15.56.45.jpeg","type":"image\/jpeg"}],"twitter_card":"summary_large_image","twitter_misc":{"Est. reading time":"1 minute"},"schema":{"@context":"https:\/\/schema.org","@graph":[{"@type":"WebPage","@id":"https:\/\/luxpro.pt\/en\/produto\/aplique-de-parede-para-iluminacao-exterior-216-frl216","url":"https:\/\/luxpro.pt\/en\/produto\/aplique-de-parede-para-iluminacao-exterior-216-frl216","name":"Aplique de Parede para Ilumina\u00e7\u00e3o Exterior 216 - LuxPro","isPartOf":{"@id":"https:\/\/luxpro.pt\/en#website"},"primaryImageOfPage":{"@id":"https:\/\/luxpro.pt\/en\/produto\/aplique-de-parede-para-iluminacao-exterior-216-frl216#primaryimage"},"image":{"@id":"https:\/\/luxpro.pt\/en\/produto\/aplique-de-parede-para-iluminacao-exterior-216-frl216#primaryimage"},"thumbnailUrl":"https:\/\/luxpro.pt\/wp-content\/uploads\/2018\/09\/WhatsApp-Image-2026-03-11-at-15.56.45.jpeg","datePublished":"2018-09-04T10:45:07+00:00","dateModified":"2026-03-12T18:15:51+00:00","description":"Aplique Totalmente em Pl\u00e1stico","breadcrumb":{"@id":"https:\/\/luxpro.pt\/en\/produto\/aplique-de-parede-para-iluminacao-exterior-216-frl216#breadcrumb"},"inLanguage":"en-US","potentialAction":[{"@type":"ReadAction","target":["https:\/\/luxpro.pt\/en\/produto\/aplique-de-parede-para-iluminacao-exterior-216-frl216"]}]},{"@type":"ImageObject","inLanguage":"en-US","@id":"https:\/\/luxpro.pt\/en\/produto\/aplique-de-parede-para-iluminacao-exterior-216-frl216#primaryimage","url":"https:\/\/luxpro.pt\/wp-content\/uploads\/2018\/09\/WhatsApp-Image-2026-03-11-at-15.56.45.jpeg","contentUrl":"https:\/\/luxpro.pt\/wp-content\/uploads\/2018\/09\/WhatsApp-Image-2026-03-11-at-15.56.45.jpeg","width":1600,"height":1600},{"@type":"BreadcrumbList","@id":"https:\/\/luxpro.pt\/en\/produto\/aplique-de-parede-para-iluminacao-exterior-216-frl216#breadcrumb","itemListElement":[{"@type":"ListItem","position":1,"name":"In\u00edcio","item":"https:\/\/luxpro.pt\/en"},{"@type":"ListItem","position":2,"name":"Shop","item":"https:\/\/luxpro.pt\/en\/shop"},{"@type":"ListItem","position":3,"name":"Aplique de Parede para Ilumina\u00e7\u00e3o Exterior 216"}]},{"@type":"WebSite","@id":"https:\/\/luxpro.pt\/en#website","url":"https:\/\/luxpro.pt\/en","name":"LuxPro","description":"","publisher":{"@id":"https:\/\/luxpro.pt\/en#\/schema\/person\/2d1bed59a52ad49be71622bef025e341"},"potentialAction":[{"@type":"SearchAction","target":{"@type":"EntryPoint","urlTemplate":"https:\/\/luxpro.pt\/en?s={search_term_string}"},"query-input":{"@type":"PropertyValueSpecification","valueRequired":true,"valueName":"search_term_string"}}],"inLanguage":"en-US"},{"@type":["Person","Organization"],"@id":"https:\/\/luxpro.pt\/en#\/schema\/person\/2d1bed59a52ad49be71622bef025e341","name":"Tiago Amadeu Ferreira","image":{"@type":"ImageObject","inLanguage":"en-US","@id":"https:\/\/luxpro.pt\/en#\/schema\/person\/image\/","url":"https:\/\/luxpro.pt\/wp-content\/uploads\/2017\/11\/logo.jpg","contentUrl":"https:\/\/luxpro.pt\/wp-content\/uploads\/2017\/11\/logo.jpg","width":150,"height":33,"caption":"Tiago Amadeu Ferreira"},"logo":{"@id":"https:\/\/luxpro.pt\/en#\/schema\/person\/image\/"}}]}},"tiered_pricing_type":"fixed","tiered_pricing_fixed_rules":[],"tiered_pricing_product_settings":{"layout":"default","base_unit_name":{"singular":null,"plural":null},"default_variation":null},"tiered_pricing_minimum_quantity":null,"tiered_pricing_roles_data":[],"tiered_pricing_percentage_rules":[],"_links":{"self":[{"href":"https:\/\/luxpro.pt\/en\/wp-json\/wp\/v2\/product\/193","targetHints":{"allow":["GET"]}}],"collection":[{"href":"https:\/\/luxpro.pt\/en\/wp-json\/wp\/v2\/product"}],"about":[{"href":"https:\/\/luxpro.pt\/en\/wp-json\/wp\/v2\/types\/product"}],"replies":[{"embeddable":true,"href":"https:\/\/luxpro.pt\/en\/wp-json\/wp\/v2\/comments?post=193"}],"wp:featuredmedia":[{"embeddable":true,"href":"https:\/\/luxpro.pt\/en\/wp-json\/wp\/v2\/media\/15582"}],"wp:attachment":[{"href":"https:\/\/luxpro.pt\/en\/wp-json\/wp\/v2\/media?parent=193"}],"wp:term":[{"taxonomy":"product_brand","embeddable":true,"href":"https:\/\/luxpro.pt\/en\/wp-json\/wp\/v2\/product_brand?post=193"},{"taxonomy":"product_cat","embeddable":true,"href":"https:\/\/luxpro.pt\/en\/wp-json\/wp\/v2\/product_cat?post=193"},{"taxonomy":"product_tag","embeddable":true,"href":"https:\/\/luxpro.pt\/en\/wp-json\/wp\/v2\/product_tag?post=193"}],"curies":[{"name":"wp","href":"https:\/\/api.w.org\/{rel}","templated":true}]}}