{"id":2480,"date":"2019-05-08T17:19:44","date_gmt":"2019-05-08T17:19:44","guid":{"rendered":"https:\/\/luxpro.pt\/?post_type=product&#038;p=2480"},"modified":"2023-11-10T20:35:10","modified_gmt":"2023-11-10T20:35:10","slug":"extrator-de-casa-de-banho-silent-100-sp","status":"publish","type":"product","link":"https:\/\/luxpro.pt\/en\/produto\/extrator-de-casa-de-banho-silent-100-sp","title":{"rendered":"Extractor de banho SILENT 100 DESIGN S&#038;P"},"content":{"rendered":"<p>Faixa de extratores axiais com taxas de fluxo de ar de aprox. 85 m3 \/ h, para liga\u00e7\u00e3o a condutas circulares de 100 mm de di\u00e2metro.<br \/>\nMotor montado em blocos el\u00e1sticos silenciosos que absorvem as vibra\u00e7\u00f5es e permitem oferecer um n\u00edvel de ru\u00eddo muito baixo. Todos os ventiladores s\u00e3o fabricados em pl\u00e1stico moldado por inje\u00e7\u00e3o, equipado com obturador autom\u00e1tico e monof\u00e1sico 230V-50Hz, motor de baixo consumo de classe B equipado com prote\u00e7\u00e3o de sobrecarga t\u00e9rmica. Todos os ventiladores s\u00e3o de isolamento classe II, classifica\u00e7\u00e3o IP45 e adequados para operar com temperatura do ar de at\u00e9 40\u00baC.<\/p>\n","protected":false},"excerpt":{"rendered":"<p>Faixa de extratores axiais com taxas de fluxo de ar de aprox. 85 m3 \/ h, para liga\u00e7\u00e3o a condutas circulares de 100 mm de di\u00e2metro. Motor montado em blocos el\u00e1sticos silenciosos que absorvem as vibra\u00e7\u00f5es e permitem oferecer um n\u00edvel de ru\u00eddo muito baixo. Todos os ventiladores s\u00e3o fabricados em pl\u00e1stico moldado por inje\u00e7\u00e3o, equipado com obturador autom\u00e1tico e [&hellip;]<\/p>\n","protected":false},"featured_media":2477,"comment_status":"closed","ping_status":"closed","template":"","meta":[],"product_brand":[],"product_cat":[27],"product_tag":[772,1018,1267,1266],"class_list":{"0":"post-2480","1":"product","2":"type-product","3":"status-publish","4":"has-post-thumbnail","6":"product_cat-extratores-wc","7":"product_tag-design","8":"product_tag-extractor","9":"product_tag-sp","10":"product_tag-silent","11":"pa_acabamento-branco","12":"pa_tensao-de-entrada-230-240v-50hz","13":"pa_grau-de-protecao-ip45","14":"pa_grau-de-isolamento-classe-ii","15":"pa_dimensoes-158x158x109-mm","17":"first","18":"instock","19":"taxable","20":"shipping-taxable","21":"purchasable","22":"product-type-simple"},"yoast_head":"<!-- This site is optimized with the Yoast SEO plugin v26.5 - https:\/\/yoast.com\/wordpress\/plugins\/seo\/ -->\n<title>Extractor de banho SILENT 100 DESIGN S&amp;P - LuxPro<\/title>\n<meta name=\"description\" content=\"Faixa de extratores axiais com taxas de fluxo de ar de aprox. 85 m3 \/ h, para liga\u00e7\u00e3o a condutas circulares de 100 mm de di\u00e2metro. Motor montado em blocos\" \/>\n<meta name=\"robots\" content=\"index, follow, max-snippet:-1, max-image-preview:large, max-video-preview:-1\" \/>\n<link rel=\"canonical\" href=\"https:\/\/luxpro.pt\/en\/produto\/extrator-de-casa-de-banho-silent-100-sp\" \/>\n<meta property=\"og:locale\" content=\"en_US\" \/>\n<meta property=\"og:type\" content=\"article\" \/>\n<meta property=\"og:title\" content=\"Extractor de banho SILENT 100 DESIGN S&amp;P - LuxPro\" \/>\n<meta property=\"og:description\" content=\"Faixa de extratores axiais com taxas de fluxo de ar de aprox. 85 m3 \/ h, para liga\u00e7\u00e3o a condutas circulares de 100 mm de di\u00e2metro. Motor montado em blocos\" \/>\n<meta property=\"og:url\" content=\"https:\/\/luxpro.pt\/en\/produto\/extrator-de-casa-de-banho-silent-100-sp\" \/>\n<meta property=\"og:site_name\" content=\"LuxPro\" \/>\n<meta property=\"article:modified_time\" content=\"2023-11-10T20:35:10+00:00\" \/>\n<meta property=\"og:image\" content=\"https:\/\/luxpro.pt\/wp-content\/uploads\/2019\/05\/SILENT-DESIGN-SP.jpg\" \/>\n\t<meta property=\"og:image:width\" content=\"2048\" \/>\n\t<meta property=\"og:image:height\" content=\"2048\" \/>\n\t<meta property=\"og:image:type\" content=\"image\/jpeg\" \/>\n<meta name=\"twitter:card\" content=\"summary_large_image\" \/>\n<meta name=\"twitter:label1\" content=\"Est. reading time\" \/>\n\t<meta name=\"twitter:data1\" content=\"1 minute\" \/>\n<script type=\"application\/ld+json\" class=\"yoast-schema-graph\">{\"@context\":\"https:\/\/schema.org\",\"@graph\":[{\"@type\":\"WebPage\",\"@id\":\"https:\/\/luxpro.pt\/en\/produto\/extrator-de-casa-de-banho-silent-100-sp\",\"url\":\"https:\/\/luxpro.pt\/en\/produto\/extrator-de-casa-de-banho-silent-100-sp\",\"name\":\"Extractor de banho SILENT 100 DESIGN S&P - LuxPro\",\"isPartOf\":{\"@id\":\"https:\/\/luxpro.pt\/en#website\"},\"primaryImageOfPage\":{\"@id\":\"https:\/\/luxpro.pt\/en\/produto\/extrator-de-casa-de-banho-silent-100-sp#primaryimage\"},\"image\":{\"@id\":\"https:\/\/luxpro.pt\/en\/produto\/extrator-de-casa-de-banho-silent-100-sp#primaryimage\"},\"thumbnailUrl\":\"https:\/\/luxpro.pt\/wp-content\/uploads\/2019\/05\/SILENT-DESIGN-SP.jpg\",\"datePublished\":\"2019-05-08T17:19:44+00:00\",\"dateModified\":\"2023-11-10T20:35:10+00:00\",\"description\":\"Faixa de extratores axiais com taxas de fluxo de ar de aprox. 85 m3 \/ h, para liga\u00e7\u00e3o a condutas circulares de 100 mm de di\u00e2metro. Motor montado em blocos\",\"breadcrumb\":{\"@id\":\"https:\/\/luxpro.pt\/en\/produto\/extrator-de-casa-de-banho-silent-100-sp#breadcrumb\"},\"inLanguage\":\"en-US\",\"potentialAction\":[{\"@type\":\"ReadAction\",\"target\":[\"https:\/\/luxpro.pt\/en\/produto\/extrator-de-casa-de-banho-silent-100-sp\"]}]},{\"@type\":\"ImageObject\",\"inLanguage\":\"en-US\",\"@id\":\"https:\/\/luxpro.pt\/en\/produto\/extrator-de-casa-de-banho-silent-100-sp#primaryimage\",\"url\":\"https:\/\/luxpro.pt\/wp-content\/uploads\/2019\/05\/SILENT-DESIGN-SP.jpg\",\"contentUrl\":\"https:\/\/luxpro.pt\/wp-content\/uploads\/2019\/05\/SILENT-DESIGN-SP.jpg\",\"width\":2048,\"height\":2048},{\"@type\":\"BreadcrumbList\",\"@id\":\"https:\/\/luxpro.pt\/en\/produto\/extrator-de-casa-de-banho-silent-100-sp#breadcrumb\",\"itemListElement\":[{\"@type\":\"ListItem\",\"position\":1,\"name\":\"In\u00edcio\",\"item\":\"https:\/\/luxpro.pt\/en\"},{\"@type\":\"ListItem\",\"position\":2,\"name\":\"Shop\",\"item\":\"https:\/\/luxpro.pt\/en\/shop\"},{\"@type\":\"ListItem\",\"position\":3,\"name\":\"Extractor de banho SILENT 100 DESIGN S&#038;P\"}]},{\"@type\":\"WebSite\",\"@id\":\"https:\/\/luxpro.pt\/en#website\",\"url\":\"https:\/\/luxpro.pt\/en\",\"name\":\"LuxPro\",\"description\":\"\",\"publisher\":{\"@id\":\"https:\/\/luxpro.pt\/en#\/schema\/person\/2d1bed59a52ad49be71622bef025e341\"},\"potentialAction\":[{\"@type\":\"SearchAction\",\"target\":{\"@type\":\"EntryPoint\",\"urlTemplate\":\"https:\/\/luxpro.pt\/en?s={search_term_string}\"},\"query-input\":{\"@type\":\"PropertyValueSpecification\",\"valueRequired\":true,\"valueName\":\"search_term_string\"}}],\"inLanguage\":\"en-US\"},{\"@type\":[\"Person\",\"Organization\"],\"@id\":\"https:\/\/luxpro.pt\/en#\/schema\/person\/2d1bed59a52ad49be71622bef025e341\",\"name\":\"Tiago Amadeu Ferreira\",\"image\":{\"@type\":\"ImageObject\",\"inLanguage\":\"en-US\",\"@id\":\"https:\/\/luxpro.pt\/en#\/schema\/person\/image\/\",\"url\":\"https:\/\/luxpro.pt\/wp-content\/uploads\/2017\/11\/logo.jpg\",\"contentUrl\":\"https:\/\/luxpro.pt\/wp-content\/uploads\/2017\/11\/logo.jpg\",\"width\":150,\"height\":33,\"caption\":\"Tiago Amadeu Ferreira\"},\"logo\":{\"@id\":\"https:\/\/luxpro.pt\/en#\/schema\/person\/image\/\"}}]}<\/script>\n<!-- \/ Yoast SEO plugin. -->","yoast_head_json":{"title":"Extractor de banho SILENT 100 DESIGN S&P - LuxPro","description":"Faixa de extratores axiais com taxas de fluxo de ar de aprox. 85 m3 \/ h, para liga\u00e7\u00e3o a condutas circulares de 100 mm de di\u00e2metro. Motor montado em blocos","robots":{"index":"index","follow":"follow","max-snippet":"max-snippet:-1","max-image-preview":"max-image-preview:large","max-video-preview":"max-video-preview:-1"},"canonical":"https:\/\/luxpro.pt\/en\/produto\/extrator-de-casa-de-banho-silent-100-sp","og_locale":"en_US","og_type":"article","og_title":"Extractor de banho SILENT 100 DESIGN S&P - LuxPro","og_description":"Faixa de extratores axiais com taxas de fluxo de ar de aprox. 85 m3 \/ h, para liga\u00e7\u00e3o a condutas circulares de 100 mm de di\u00e2metro. Motor montado em blocos","og_url":"https:\/\/luxpro.pt\/en\/produto\/extrator-de-casa-de-banho-silent-100-sp","og_site_name":"LuxPro","article_modified_time":"2023-11-10T20:35:10+00:00","og_image":[{"width":2048,"height":2048,"url":"https:\/\/luxpro.pt\/wp-content\/uploads\/2019\/05\/SILENT-DESIGN-SP.jpg","type":"image\/jpeg"}],"twitter_card":"summary_large_image","twitter_misc":{"Est. reading time":"1 minute"},"schema":{"@context":"https:\/\/schema.org","@graph":[{"@type":"WebPage","@id":"https:\/\/luxpro.pt\/en\/produto\/extrator-de-casa-de-banho-silent-100-sp","url":"https:\/\/luxpro.pt\/en\/produto\/extrator-de-casa-de-banho-silent-100-sp","name":"Extractor de banho SILENT 100 DESIGN S&P - LuxPro","isPartOf":{"@id":"https:\/\/luxpro.pt\/en#website"},"primaryImageOfPage":{"@id":"https:\/\/luxpro.pt\/en\/produto\/extrator-de-casa-de-banho-silent-100-sp#primaryimage"},"image":{"@id":"https:\/\/luxpro.pt\/en\/produto\/extrator-de-casa-de-banho-silent-100-sp#primaryimage"},"thumbnailUrl":"https:\/\/luxpro.pt\/wp-content\/uploads\/2019\/05\/SILENT-DESIGN-SP.jpg","datePublished":"2019-05-08T17:19:44+00:00","dateModified":"2023-11-10T20:35:10+00:00","description":"Faixa de extratores axiais com taxas de fluxo de ar de aprox. 85 m3 \/ h, para liga\u00e7\u00e3o a condutas circulares de 100 mm de di\u00e2metro. Motor montado em blocos","breadcrumb":{"@id":"https:\/\/luxpro.pt\/en\/produto\/extrator-de-casa-de-banho-silent-100-sp#breadcrumb"},"inLanguage":"en-US","potentialAction":[{"@type":"ReadAction","target":["https:\/\/luxpro.pt\/en\/produto\/extrator-de-casa-de-banho-silent-100-sp"]}]},{"@type":"ImageObject","inLanguage":"en-US","@id":"https:\/\/luxpro.pt\/en\/produto\/extrator-de-casa-de-banho-silent-100-sp#primaryimage","url":"https:\/\/luxpro.pt\/wp-content\/uploads\/2019\/05\/SILENT-DESIGN-SP.jpg","contentUrl":"https:\/\/luxpro.pt\/wp-content\/uploads\/2019\/05\/SILENT-DESIGN-SP.jpg","width":2048,"height":2048},{"@type":"BreadcrumbList","@id":"https:\/\/luxpro.pt\/en\/produto\/extrator-de-casa-de-banho-silent-100-sp#breadcrumb","itemListElement":[{"@type":"ListItem","position":1,"name":"In\u00edcio","item":"https:\/\/luxpro.pt\/en"},{"@type":"ListItem","position":2,"name":"Shop","item":"https:\/\/luxpro.pt\/en\/shop"},{"@type":"ListItem","position":3,"name":"Extractor de banho SILENT 100 DESIGN S&#038;P"}]},{"@type":"WebSite","@id":"https:\/\/luxpro.pt\/en#website","url":"https:\/\/luxpro.pt\/en","name":"LuxPro","description":"","publisher":{"@id":"https:\/\/luxpro.pt\/en#\/schema\/person\/2d1bed59a52ad49be71622bef025e341"},"potentialAction":[{"@type":"SearchAction","target":{"@type":"EntryPoint","urlTemplate":"https:\/\/luxpro.pt\/en?s={search_term_string}"},"query-input":{"@type":"PropertyValueSpecification","valueRequired":true,"valueName":"search_term_string"}}],"inLanguage":"en-US"},{"@type":["Person","Organization"],"@id":"https:\/\/luxpro.pt\/en#\/schema\/person\/2d1bed59a52ad49be71622bef025e341","name":"Tiago Amadeu Ferreira","image":{"@type":"ImageObject","inLanguage":"en-US","@id":"https:\/\/luxpro.pt\/en#\/schema\/person\/image\/","url":"https:\/\/luxpro.pt\/wp-content\/uploads\/2017\/11\/logo.jpg","contentUrl":"https:\/\/luxpro.pt\/wp-content\/uploads\/2017\/11\/logo.jpg","width":150,"height":33,"caption":"Tiago Amadeu Ferreira"},"logo":{"@id":"https:\/\/luxpro.pt\/en#\/schema\/person\/image\/"}}]}},"tiered_pricing_type":"fixed","tiered_pricing_fixed_rules":[],"tiered_pricing_product_settings":{"layout":"default","base_unit_name":{"singular":null,"plural":null},"default_variation":null},"tiered_pricing_minimum_quantity":null,"tiered_pricing_roles_data":[],"tiered_pricing_percentage_rules":[],"_links":{"self":[{"href":"https:\/\/luxpro.pt\/en\/wp-json\/wp\/v2\/product\/2480","targetHints":{"allow":["GET"]}}],"collection":[{"href":"https:\/\/luxpro.pt\/en\/wp-json\/wp\/v2\/product"}],"about":[{"href":"https:\/\/luxpro.pt\/en\/wp-json\/wp\/v2\/types\/product"}],"replies":[{"embeddable":true,"href":"https:\/\/luxpro.pt\/en\/wp-json\/wp\/v2\/comments?post=2480"}],"wp:featuredmedia":[{"embeddable":true,"href":"https:\/\/luxpro.pt\/en\/wp-json\/wp\/v2\/media\/2477"}],"wp:attachment":[{"href":"https:\/\/luxpro.pt\/en\/wp-json\/wp\/v2\/media?parent=2480"}],"wp:term":[{"taxonomy":"product_brand","embeddable":true,"href":"https:\/\/luxpro.pt\/en\/wp-json\/wp\/v2\/product_brand?post=2480"},{"taxonomy":"product_cat","embeddable":true,"href":"https:\/\/luxpro.pt\/en\/wp-json\/wp\/v2\/product_cat?post=2480"},{"taxonomy":"product_tag","embeddable":true,"href":"https:\/\/luxpro.pt\/en\/wp-json\/wp\/v2\/product_tag?post=2480"}],"curies":[{"name":"wp","href":"https:\/\/api.w.org\/{rel}","templated":true}]}}