{"id":2665,"date":"2019-06-14T09:55:37","date_gmt":"2019-06-14T09:55:37","guid":{"rendered":"https:\/\/luxpro.pt\/?post_type=product&#038;p=2665"},"modified":"2026-04-07T17:10:55","modified_gmt":"2026-04-07T16:10:55","slug":"pix-1x-schuko-embutir-branco-bach-mann","status":"publish","type":"product","link":"https:\/\/luxpro.pt\/en\/produto\/pix-1x-schuko-embutir-branco-bach-mann","title":{"rendered":"Tomada Pix 1x schuko embutir branco BACH MANN"},"content":{"rendered":"<p>Seja no escrit\u00f3rio, cozinha, sal\u00f5es p\u00fablicos ou em casa: Os an\u00e9is decorativos est\u00e3o dispon\u00edveis em v\u00e1rias cores e podem ser trocados.<\/p>\n<p>Uma tampa engenhosa e girat\u00f3ria, que oferece prote\u00e7\u00e3o contra poeira e sujeira, est\u00e1 dispon\u00edvel como uma op\u00e7\u00e3o para o PIX e tamb\u00e9m pode ser adaptada.<\/p>\n<p>Com sua forma arredondada, plana e apar\u00eancia minimalista, o PIX atende aos requisitos de design exatamente onde voc\u00ea precisa.<\/p>\n","protected":false},"excerpt":{"rendered":"<p>Seja no escrit\u00f3rio, cozinha, sal\u00f5es p\u00fablicos ou em casa: Os an\u00e9is decorativos est\u00e3o dispon\u00edveis em v\u00e1rias cores e podem ser trocados. Uma tampa engenhosa e girat\u00f3ria, que oferece prote\u00e7\u00e3o contra poeira e sujeira, est\u00e1 dispon\u00edvel como uma op\u00e7\u00e3o para o PIX e tamb\u00e9m pode ser adaptada. Com sua forma arredondada, plana e apar\u00eancia minimalista, o PIX atende aos requisitos de [&hellip;]<\/p>\n","protected":false},"featured_media":2669,"comment_status":"open","ping_status":"closed","template":"","meta":[],"product_brand":[],"product_cat":[1537],"product_tag":[1310,1396,759,1538,762],"class_list":{"0":"post-2665","1":"product","2":"type-product","3":"status-publish","4":"has-post-thumbnail","6":"product_cat-tomadas-para-bancadas-cozinha","7":"product_tag-bachmann","8":"product_tag-pix","9":"product_tag-tomada","10":"product_tag-tomada-ip65","11":"product_tag-usb","12":"pa_cor-inox","13":"pa_grau-de-isolamento-classe-ii","15":"first","16":"instock","17":"taxable","18":"shipping-taxable","19":"purchasable","20":"product-type-simple"},"yoast_head":"<!-- This site is optimized with the Yoast SEO plugin v26.5 - https:\/\/yoast.com\/wordpress\/plugins\/seo\/ -->\n<title>Tomada Pix 1x schuko embutir branco BACH MANN - LuxPro<\/title>\n<meta name=\"description\" content=\"Seja no escrit\u00f3rio, cozinha, sal\u00f5es p\u00fablicos ou em casa: Os an\u00e9is decorativos est\u00e3o dispon\u00edveis em v\u00e1rias cores e podem ser trocados. Uma tampa engenhosa\" \/>\n<meta name=\"robots\" content=\"index, follow, max-snippet:-1, max-image-preview:large, max-video-preview:-1\" \/>\n<link rel=\"canonical\" href=\"https:\/\/luxpro.pt\/en\/produto\/pix-1x-schuko-embutir-branco-bach-mann\" \/>\n<meta property=\"og:locale\" content=\"en_US\" \/>\n<meta property=\"og:type\" content=\"article\" \/>\n<meta property=\"og:title\" content=\"Tomada Pix 1x schuko embutir branco BACH MANN - LuxPro\" \/>\n<meta property=\"og:description\" content=\"Seja no escrit\u00f3rio, cozinha, sal\u00f5es p\u00fablicos ou em casa: Os an\u00e9is decorativos est\u00e3o dispon\u00edveis em v\u00e1rias cores e podem ser trocados. Uma tampa engenhosa\" \/>\n<meta property=\"og:url\" content=\"https:\/\/luxpro.pt\/en\/produto\/pix-1x-schuko-embutir-branco-bach-mann\" \/>\n<meta property=\"og:site_name\" content=\"LuxPro\" \/>\n<meta property=\"article:modified_time\" content=\"2026-04-07T16:10:55+00:00\" \/>\n<meta property=\"og:image\" content=\"https:\/\/luxpro.pt\/wp-content\/uploads\/2019\/06\/TOMADA-PIX-1x-SCHUKO-PRETA.jpg\" \/>\n\t<meta property=\"og:image:width\" content=\"800\" \/>\n\t<meta property=\"og:image:height\" content=\"800\" \/>\n\t<meta property=\"og:image:type\" content=\"image\/jpeg\" \/>\n<meta name=\"twitter:card\" content=\"summary_large_image\" \/>\n<meta name=\"twitter:label1\" content=\"Est. reading time\" \/>\n\t<meta name=\"twitter:data1\" content=\"1 minute\" \/>\n<script type=\"application\/ld+json\" class=\"yoast-schema-graph\">{\"@context\":\"https:\/\/schema.org\",\"@graph\":[{\"@type\":\"WebPage\",\"@id\":\"https:\/\/luxpro.pt\/en\/produto\/pix-1x-schuko-embutir-branco-bach-mann\",\"url\":\"https:\/\/luxpro.pt\/en\/produto\/pix-1x-schuko-embutir-branco-bach-mann\",\"name\":\"Tomada Pix 1x schuko embutir branco BACH MANN - LuxPro\",\"isPartOf\":{\"@id\":\"https:\/\/luxpro.pt\/en#website\"},\"primaryImageOfPage\":{\"@id\":\"https:\/\/luxpro.pt\/en\/produto\/pix-1x-schuko-embutir-branco-bach-mann#primaryimage\"},\"image\":{\"@id\":\"https:\/\/luxpro.pt\/en\/produto\/pix-1x-schuko-embutir-branco-bach-mann#primaryimage\"},\"thumbnailUrl\":\"https:\/\/luxpro.pt\/wp-content\/uploads\/2019\/06\/TOMADA-PIX-1x-SCHUKO-PRETA.jpg\",\"datePublished\":\"2019-06-14T09:55:37+00:00\",\"dateModified\":\"2026-04-07T16:10:55+00:00\",\"description\":\"Seja no escrit\u00f3rio, cozinha, sal\u00f5es p\u00fablicos ou em casa: Os an\u00e9is decorativos est\u00e3o dispon\u00edveis em v\u00e1rias cores e podem ser trocados. Uma tampa engenhosa\",\"breadcrumb\":{\"@id\":\"https:\/\/luxpro.pt\/en\/produto\/pix-1x-schuko-embutir-branco-bach-mann#breadcrumb\"},\"inLanguage\":\"en-US\",\"potentialAction\":[{\"@type\":\"ReadAction\",\"target\":[\"https:\/\/luxpro.pt\/en\/produto\/pix-1x-schuko-embutir-branco-bach-mann\"]}]},{\"@type\":\"ImageObject\",\"inLanguage\":\"en-US\",\"@id\":\"https:\/\/luxpro.pt\/en\/produto\/pix-1x-schuko-embutir-branco-bach-mann#primaryimage\",\"url\":\"https:\/\/luxpro.pt\/wp-content\/uploads\/2019\/06\/TOMADA-PIX-1x-SCHUKO-PRETA.jpg\",\"contentUrl\":\"https:\/\/luxpro.pt\/wp-content\/uploads\/2019\/06\/TOMADA-PIX-1x-SCHUKO-PRETA.jpg\",\"width\":800,\"height\":800},{\"@type\":\"BreadcrumbList\",\"@id\":\"https:\/\/luxpro.pt\/en\/produto\/pix-1x-schuko-embutir-branco-bach-mann#breadcrumb\",\"itemListElement\":[{\"@type\":\"ListItem\",\"position\":1,\"name\":\"In\u00edcio\",\"item\":\"https:\/\/luxpro.pt\/en\"},{\"@type\":\"ListItem\",\"position\":2,\"name\":\"Shop\",\"item\":\"https:\/\/luxpro.pt\/en\/shop\"},{\"@type\":\"ListItem\",\"position\":3,\"name\":\"Tomada Pix 1x schuko embutir branco BACH MANN\"}]},{\"@type\":\"WebSite\",\"@id\":\"https:\/\/luxpro.pt\/en#website\",\"url\":\"https:\/\/luxpro.pt\/en\",\"name\":\"LuxPro\",\"description\":\"\",\"publisher\":{\"@id\":\"https:\/\/luxpro.pt\/en#\/schema\/person\/2d1bed59a52ad49be71622bef025e341\"},\"potentialAction\":[{\"@type\":\"SearchAction\",\"target\":{\"@type\":\"EntryPoint\",\"urlTemplate\":\"https:\/\/luxpro.pt\/en?s={search_term_string}\"},\"query-input\":{\"@type\":\"PropertyValueSpecification\",\"valueRequired\":true,\"valueName\":\"search_term_string\"}}],\"inLanguage\":\"en-US\"},{\"@type\":[\"Person\",\"Organization\"],\"@id\":\"https:\/\/luxpro.pt\/en#\/schema\/person\/2d1bed59a52ad49be71622bef025e341\",\"name\":\"Tiago Amadeu Ferreira\",\"image\":{\"@type\":\"ImageObject\",\"inLanguage\":\"en-US\",\"@id\":\"https:\/\/luxpro.pt\/en#\/schema\/person\/image\/\",\"url\":\"https:\/\/luxpro.pt\/wp-content\/uploads\/2017\/11\/logo.jpg\",\"contentUrl\":\"https:\/\/luxpro.pt\/wp-content\/uploads\/2017\/11\/logo.jpg\",\"width\":150,\"height\":33,\"caption\":\"Tiago Amadeu Ferreira\"},\"logo\":{\"@id\":\"https:\/\/luxpro.pt\/en#\/schema\/person\/image\/\"}}]}<\/script>\n<!-- \/ Yoast SEO plugin. -->","yoast_head_json":{"title":"Tomada Pix 1x schuko embutir branco BACH MANN - LuxPro","description":"Seja no escrit\u00f3rio, cozinha, sal\u00f5es p\u00fablicos ou em casa: Os an\u00e9is decorativos est\u00e3o dispon\u00edveis em v\u00e1rias cores e podem ser trocados. Uma tampa engenhosa","robots":{"index":"index","follow":"follow","max-snippet":"max-snippet:-1","max-image-preview":"max-image-preview:large","max-video-preview":"max-video-preview:-1"},"canonical":"https:\/\/luxpro.pt\/en\/produto\/pix-1x-schuko-embutir-branco-bach-mann","og_locale":"en_US","og_type":"article","og_title":"Tomada Pix 1x schuko embutir branco BACH MANN - LuxPro","og_description":"Seja no escrit\u00f3rio, cozinha, sal\u00f5es p\u00fablicos ou em casa: Os an\u00e9is decorativos est\u00e3o dispon\u00edveis em v\u00e1rias cores e podem ser trocados. Uma tampa engenhosa","og_url":"https:\/\/luxpro.pt\/en\/produto\/pix-1x-schuko-embutir-branco-bach-mann","og_site_name":"LuxPro","article_modified_time":"2026-04-07T16:10:55+00:00","og_image":[{"width":800,"height":800,"url":"https:\/\/luxpro.pt\/wp-content\/uploads\/2019\/06\/TOMADA-PIX-1x-SCHUKO-PRETA.jpg","type":"image\/jpeg"}],"twitter_card":"summary_large_image","twitter_misc":{"Est. reading time":"1 minute"},"schema":{"@context":"https:\/\/schema.org","@graph":[{"@type":"WebPage","@id":"https:\/\/luxpro.pt\/en\/produto\/pix-1x-schuko-embutir-branco-bach-mann","url":"https:\/\/luxpro.pt\/en\/produto\/pix-1x-schuko-embutir-branco-bach-mann","name":"Tomada Pix 1x schuko embutir branco BACH MANN - LuxPro","isPartOf":{"@id":"https:\/\/luxpro.pt\/en#website"},"primaryImageOfPage":{"@id":"https:\/\/luxpro.pt\/en\/produto\/pix-1x-schuko-embutir-branco-bach-mann#primaryimage"},"image":{"@id":"https:\/\/luxpro.pt\/en\/produto\/pix-1x-schuko-embutir-branco-bach-mann#primaryimage"},"thumbnailUrl":"https:\/\/luxpro.pt\/wp-content\/uploads\/2019\/06\/TOMADA-PIX-1x-SCHUKO-PRETA.jpg","datePublished":"2019-06-14T09:55:37+00:00","dateModified":"2026-04-07T16:10:55+00:00","description":"Seja no escrit\u00f3rio, cozinha, sal\u00f5es p\u00fablicos ou em casa: Os an\u00e9is decorativos est\u00e3o dispon\u00edveis em v\u00e1rias cores e podem ser trocados. Uma tampa engenhosa","breadcrumb":{"@id":"https:\/\/luxpro.pt\/en\/produto\/pix-1x-schuko-embutir-branco-bach-mann#breadcrumb"},"inLanguage":"en-US","potentialAction":[{"@type":"ReadAction","target":["https:\/\/luxpro.pt\/en\/produto\/pix-1x-schuko-embutir-branco-bach-mann"]}]},{"@type":"ImageObject","inLanguage":"en-US","@id":"https:\/\/luxpro.pt\/en\/produto\/pix-1x-schuko-embutir-branco-bach-mann#primaryimage","url":"https:\/\/luxpro.pt\/wp-content\/uploads\/2019\/06\/TOMADA-PIX-1x-SCHUKO-PRETA.jpg","contentUrl":"https:\/\/luxpro.pt\/wp-content\/uploads\/2019\/06\/TOMADA-PIX-1x-SCHUKO-PRETA.jpg","width":800,"height":800},{"@type":"BreadcrumbList","@id":"https:\/\/luxpro.pt\/en\/produto\/pix-1x-schuko-embutir-branco-bach-mann#breadcrumb","itemListElement":[{"@type":"ListItem","position":1,"name":"In\u00edcio","item":"https:\/\/luxpro.pt\/en"},{"@type":"ListItem","position":2,"name":"Shop","item":"https:\/\/luxpro.pt\/en\/shop"},{"@type":"ListItem","position":3,"name":"Tomada Pix 1x schuko embutir branco BACH MANN"}]},{"@type":"WebSite","@id":"https:\/\/luxpro.pt\/en#website","url":"https:\/\/luxpro.pt\/en","name":"LuxPro","description":"","publisher":{"@id":"https:\/\/luxpro.pt\/en#\/schema\/person\/2d1bed59a52ad49be71622bef025e341"},"potentialAction":[{"@type":"SearchAction","target":{"@type":"EntryPoint","urlTemplate":"https:\/\/luxpro.pt\/en?s={search_term_string}"},"query-input":{"@type":"PropertyValueSpecification","valueRequired":true,"valueName":"search_term_string"}}],"inLanguage":"en-US"},{"@type":["Person","Organization"],"@id":"https:\/\/luxpro.pt\/en#\/schema\/person\/2d1bed59a52ad49be71622bef025e341","name":"Tiago Amadeu Ferreira","image":{"@type":"ImageObject","inLanguage":"en-US","@id":"https:\/\/luxpro.pt\/en#\/schema\/person\/image\/","url":"https:\/\/luxpro.pt\/wp-content\/uploads\/2017\/11\/logo.jpg","contentUrl":"https:\/\/luxpro.pt\/wp-content\/uploads\/2017\/11\/logo.jpg","width":150,"height":33,"caption":"Tiago Amadeu Ferreira"},"logo":{"@id":"https:\/\/luxpro.pt\/en#\/schema\/person\/image\/"}}]}},"tiered_pricing_type":"fixed","tiered_pricing_fixed_rules":[],"tiered_pricing_product_settings":{"layout":"default","base_unit_name":{"singular":null,"plural":null},"default_variation":null},"tiered_pricing_minimum_quantity":null,"tiered_pricing_roles_data":[],"tiered_pricing_percentage_rules":[],"_links":{"self":[{"href":"https:\/\/luxpro.pt\/en\/wp-json\/wp\/v2\/product\/2665","targetHints":{"allow":["GET"]}}],"collection":[{"href":"https:\/\/luxpro.pt\/en\/wp-json\/wp\/v2\/product"}],"about":[{"href":"https:\/\/luxpro.pt\/en\/wp-json\/wp\/v2\/types\/product"}],"replies":[{"embeddable":true,"href":"https:\/\/luxpro.pt\/en\/wp-json\/wp\/v2\/comments?post=2665"}],"wp:featuredmedia":[{"embeddable":true,"href":"https:\/\/luxpro.pt\/en\/wp-json\/wp\/v2\/media\/2669"}],"wp:attachment":[{"href":"https:\/\/luxpro.pt\/en\/wp-json\/wp\/v2\/media?parent=2665"}],"wp:term":[{"taxonomy":"product_brand","embeddable":true,"href":"https:\/\/luxpro.pt\/en\/wp-json\/wp\/v2\/product_brand?post=2665"},{"taxonomy":"product_cat","embeddable":true,"href":"https:\/\/luxpro.pt\/en\/wp-json\/wp\/v2\/product_cat?post=2665"},{"taxonomy":"product_tag","embeddable":true,"href":"https:\/\/luxpro.pt\/en\/wp-json\/wp\/v2\/product_tag?post=2665"}],"curies":[{"name":"wp","href":"https:\/\/api.w.org\/{rel}","templated":true}]}}