{"id":2694,"date":"2019-06-17T14:45:05","date_gmt":"2019-06-17T14:45:05","guid":{"rendered":"https:\/\/luxpro.pt\/?post_type=product&#038;p=2694"},"modified":"2026-03-09T19:57:17","modified_gmt":"2026-03-09T19:57:17","slug":"telefone-t-510r-audio-golmar","status":"publish","type":"product","link":"https:\/\/luxpro.pt\/en\/produto\/telefone-t-510r-audio-golmar","title":{"rendered":"Telefone \u00c1udio Universal T-510R GOLMAR"},"content":{"rendered":"<ul>\n<li>4 + n instala\u00e7\u00e3o anal\u00f3gica.<\/li>\n<li>Especialmente projetado para substituir outros modelos de telefone.<\/li>\n<li>Chamada eletr\u00f4nica ou campainha.<\/li>\n<li>Altifalante e microfone ajustando o volume do n\u00edvel.<\/li>\n<li>Inv\u00f3lucro fabricado em ABS RAL9003 cor branca.<\/li>\n<li>Cabo de telefone destac\u00e1vel com conectores.<\/li>\n<li>Montagem na parede com v\u00e1rios pontos de fixa\u00e7\u00e3o.<\/li>\n<\/ul>\n","protected":false},"excerpt":{"rendered":"<p>4 + n instala\u00e7\u00e3o anal\u00f3gica. Especialmente projetado para substituir outros modelos de telefone. Chamada eletr\u00f4nica ou campainha. Altifalante e microfone ajustando o volume do n\u00edvel. Inv\u00f3lucro fabricado em ABS RAL9003 cor branca. Cabo de telefone destac\u00e1vel com conectores. Montagem na parede com v\u00e1rios pontos de fixa\u00e7\u00e3o.<\/p>\n","protected":false},"featured_media":2695,"comment_status":"open","ping_status":"closed","template":"","meta":[],"product_brand":[],"product_cat":[1312],"product_tag":[804,801,781,1265,806,1264],"class_list":{"0":"post-2694","1":"product","2":"type-product","3":"status-publish","4":"has-post-thumbnail","6":"product_cat-telefones","7":"product_tag-audio","8":"product_tag-campainha","9":"product_tag-golmar","10":"product_tag-t510r","11":"product_tag-telefone","12":"product_tag-universal","13":"pa_cor-inox","14":"pa_medida-mm-85l-x-221a-x-56p-mm","15":"pa_grau-de-isolamento-classe-ii","17":"first","18":"instock","19":"taxable","20":"shipping-taxable","21":"purchasable","22":"product-type-simple"},"yoast_head":"<!-- This site is optimized with the Yoast SEO plugin v26.5 - https:\/\/yoast.com\/wordpress\/plugins\/seo\/ -->\n<title>Telefone \u00c1udio Universal T-510R GOLMAR - LuxPro<\/title>\n<meta name=\"description\" content=\"4 + n instala\u00e7\u00e3o anal\u00f3gica. Especialmente projetado para substituir outros modelos de telefone. Chamada eletr\u00f4nica ou campainha. Altifalante e microfone\" \/>\n<meta name=\"robots\" content=\"index, follow, max-snippet:-1, max-image-preview:large, max-video-preview:-1\" \/>\n<link rel=\"canonical\" href=\"https:\/\/luxpro.pt\/en\/produto\/telefone-t-510r-audio-golmar\" \/>\n<meta property=\"og:locale\" content=\"en_US\" \/>\n<meta property=\"og:type\" content=\"article\" \/>\n<meta property=\"og:title\" content=\"Telefone \u00c1udio Universal T-510R GOLMAR - LuxPro\" \/>\n<meta property=\"og:description\" content=\"4 + n instala\u00e7\u00e3o anal\u00f3gica. Especialmente projetado para substituir outros modelos de telefone. Chamada eletr\u00f4nica ou campainha. Altifalante e microfone\" \/>\n<meta property=\"og:url\" content=\"https:\/\/luxpro.pt\/en\/produto\/telefone-t-510r-audio-golmar\" \/>\n<meta property=\"og:site_name\" content=\"LuxPro\" \/>\n<meta property=\"article:modified_time\" content=\"2026-03-09T19:57:17+00:00\" \/>\n<meta property=\"og:image\" content=\"https:\/\/luxpro.pt\/wp-content\/uploads\/2019\/06\/GT510R.png\" \/>\n\t<meta property=\"og:image:width\" content=\"800\" \/>\n\t<meta property=\"og:image:height\" content=\"800\" \/>\n\t<meta property=\"og:image:type\" content=\"image\/png\" \/>\n<meta name=\"twitter:card\" content=\"summary_large_image\" \/>\n<meta name=\"twitter:label1\" content=\"Est. reading time\" \/>\n\t<meta name=\"twitter:data1\" content=\"1 minute\" \/>\n<script type=\"application\/ld+json\" class=\"yoast-schema-graph\">{\"@context\":\"https:\/\/schema.org\",\"@graph\":[{\"@type\":\"WebPage\",\"@id\":\"https:\/\/luxpro.pt\/en\/produto\/telefone-t-510r-audio-golmar\",\"url\":\"https:\/\/luxpro.pt\/en\/produto\/telefone-t-510r-audio-golmar\",\"name\":\"Telefone \u00c1udio Universal T-510R GOLMAR - LuxPro\",\"isPartOf\":{\"@id\":\"https:\/\/luxpro.pt\/en#website\"},\"primaryImageOfPage\":{\"@id\":\"https:\/\/luxpro.pt\/en\/produto\/telefone-t-510r-audio-golmar#primaryimage\"},\"image\":{\"@id\":\"https:\/\/luxpro.pt\/en\/produto\/telefone-t-510r-audio-golmar#primaryimage\"},\"thumbnailUrl\":\"https:\/\/luxpro.pt\/wp-content\/uploads\/2019\/06\/GT510R.png\",\"datePublished\":\"2019-06-17T14:45:05+00:00\",\"dateModified\":\"2026-03-09T19:57:17+00:00\",\"description\":\"4 + n instala\u00e7\u00e3o anal\u00f3gica. Especialmente projetado para substituir outros modelos de telefone. Chamada eletr\u00f4nica ou campainha. Altifalante e microfone\",\"breadcrumb\":{\"@id\":\"https:\/\/luxpro.pt\/en\/produto\/telefone-t-510r-audio-golmar#breadcrumb\"},\"inLanguage\":\"en-US\",\"potentialAction\":[{\"@type\":\"ReadAction\",\"target\":[\"https:\/\/luxpro.pt\/en\/produto\/telefone-t-510r-audio-golmar\"]}]},{\"@type\":\"ImageObject\",\"inLanguage\":\"en-US\",\"@id\":\"https:\/\/luxpro.pt\/en\/produto\/telefone-t-510r-audio-golmar#primaryimage\",\"url\":\"https:\/\/luxpro.pt\/wp-content\/uploads\/2019\/06\/GT510R.png\",\"contentUrl\":\"https:\/\/luxpro.pt\/wp-content\/uploads\/2019\/06\/GT510R.png\",\"width\":800,\"height\":800},{\"@type\":\"BreadcrumbList\",\"@id\":\"https:\/\/luxpro.pt\/en\/produto\/telefone-t-510r-audio-golmar#breadcrumb\",\"itemListElement\":[{\"@type\":\"ListItem\",\"position\":1,\"name\":\"In\u00edcio\",\"item\":\"https:\/\/luxpro.pt\/en\"},{\"@type\":\"ListItem\",\"position\":2,\"name\":\"Shop\",\"item\":\"https:\/\/luxpro.pt\/en\/shop\"},{\"@type\":\"ListItem\",\"position\":3,\"name\":\"Telefone \u00c1udio Universal T-510R GOLMAR\"}]},{\"@type\":\"WebSite\",\"@id\":\"https:\/\/luxpro.pt\/en#website\",\"url\":\"https:\/\/luxpro.pt\/en\",\"name\":\"LuxPro\",\"description\":\"\",\"publisher\":{\"@id\":\"https:\/\/luxpro.pt\/en#\/schema\/person\/2d1bed59a52ad49be71622bef025e341\"},\"potentialAction\":[{\"@type\":\"SearchAction\",\"target\":{\"@type\":\"EntryPoint\",\"urlTemplate\":\"https:\/\/luxpro.pt\/en?s={search_term_string}\"},\"query-input\":{\"@type\":\"PropertyValueSpecification\",\"valueRequired\":true,\"valueName\":\"search_term_string\"}}],\"inLanguage\":\"en-US\"},{\"@type\":[\"Person\",\"Organization\"],\"@id\":\"https:\/\/luxpro.pt\/en#\/schema\/person\/2d1bed59a52ad49be71622bef025e341\",\"name\":\"Tiago Amadeu Ferreira\",\"image\":{\"@type\":\"ImageObject\",\"inLanguage\":\"en-US\",\"@id\":\"https:\/\/luxpro.pt\/en#\/schema\/person\/image\/\",\"url\":\"https:\/\/luxpro.pt\/wp-content\/uploads\/2017\/11\/logo.jpg\",\"contentUrl\":\"https:\/\/luxpro.pt\/wp-content\/uploads\/2017\/11\/logo.jpg\",\"width\":150,\"height\":33,\"caption\":\"Tiago Amadeu Ferreira\"},\"logo\":{\"@id\":\"https:\/\/luxpro.pt\/en#\/schema\/person\/image\/\"}}]}<\/script>\n<!-- \/ Yoast SEO plugin. -->","yoast_head_json":{"title":"Telefone \u00c1udio Universal T-510R GOLMAR - LuxPro","description":"4 + n instala\u00e7\u00e3o anal\u00f3gica. Especialmente projetado para substituir outros modelos de telefone. Chamada eletr\u00f4nica ou campainha. Altifalante e microfone","robots":{"index":"index","follow":"follow","max-snippet":"max-snippet:-1","max-image-preview":"max-image-preview:large","max-video-preview":"max-video-preview:-1"},"canonical":"https:\/\/luxpro.pt\/en\/produto\/telefone-t-510r-audio-golmar","og_locale":"en_US","og_type":"article","og_title":"Telefone \u00c1udio Universal T-510R GOLMAR - LuxPro","og_description":"4 + n instala\u00e7\u00e3o anal\u00f3gica. Especialmente projetado para substituir outros modelos de telefone. Chamada eletr\u00f4nica ou campainha. Altifalante e microfone","og_url":"https:\/\/luxpro.pt\/en\/produto\/telefone-t-510r-audio-golmar","og_site_name":"LuxPro","article_modified_time":"2026-03-09T19:57:17+00:00","og_image":[{"width":800,"height":800,"url":"https:\/\/luxpro.pt\/wp-content\/uploads\/2019\/06\/GT510R.png","type":"image\/png"}],"twitter_card":"summary_large_image","twitter_misc":{"Est. reading time":"1 minute"},"schema":{"@context":"https:\/\/schema.org","@graph":[{"@type":"WebPage","@id":"https:\/\/luxpro.pt\/en\/produto\/telefone-t-510r-audio-golmar","url":"https:\/\/luxpro.pt\/en\/produto\/telefone-t-510r-audio-golmar","name":"Telefone \u00c1udio Universal T-510R GOLMAR - LuxPro","isPartOf":{"@id":"https:\/\/luxpro.pt\/en#website"},"primaryImageOfPage":{"@id":"https:\/\/luxpro.pt\/en\/produto\/telefone-t-510r-audio-golmar#primaryimage"},"image":{"@id":"https:\/\/luxpro.pt\/en\/produto\/telefone-t-510r-audio-golmar#primaryimage"},"thumbnailUrl":"https:\/\/luxpro.pt\/wp-content\/uploads\/2019\/06\/GT510R.png","datePublished":"2019-06-17T14:45:05+00:00","dateModified":"2026-03-09T19:57:17+00:00","description":"4 + n instala\u00e7\u00e3o anal\u00f3gica. Especialmente projetado para substituir outros modelos de telefone. Chamada eletr\u00f4nica ou campainha. Altifalante e microfone","breadcrumb":{"@id":"https:\/\/luxpro.pt\/en\/produto\/telefone-t-510r-audio-golmar#breadcrumb"},"inLanguage":"en-US","potentialAction":[{"@type":"ReadAction","target":["https:\/\/luxpro.pt\/en\/produto\/telefone-t-510r-audio-golmar"]}]},{"@type":"ImageObject","inLanguage":"en-US","@id":"https:\/\/luxpro.pt\/en\/produto\/telefone-t-510r-audio-golmar#primaryimage","url":"https:\/\/luxpro.pt\/wp-content\/uploads\/2019\/06\/GT510R.png","contentUrl":"https:\/\/luxpro.pt\/wp-content\/uploads\/2019\/06\/GT510R.png","width":800,"height":800},{"@type":"BreadcrumbList","@id":"https:\/\/luxpro.pt\/en\/produto\/telefone-t-510r-audio-golmar#breadcrumb","itemListElement":[{"@type":"ListItem","position":1,"name":"In\u00edcio","item":"https:\/\/luxpro.pt\/en"},{"@type":"ListItem","position":2,"name":"Shop","item":"https:\/\/luxpro.pt\/en\/shop"},{"@type":"ListItem","position":3,"name":"Telefone \u00c1udio Universal T-510R GOLMAR"}]},{"@type":"WebSite","@id":"https:\/\/luxpro.pt\/en#website","url":"https:\/\/luxpro.pt\/en","name":"LuxPro","description":"","publisher":{"@id":"https:\/\/luxpro.pt\/en#\/schema\/person\/2d1bed59a52ad49be71622bef025e341"},"potentialAction":[{"@type":"SearchAction","target":{"@type":"EntryPoint","urlTemplate":"https:\/\/luxpro.pt\/en?s={search_term_string}"},"query-input":{"@type":"PropertyValueSpecification","valueRequired":true,"valueName":"search_term_string"}}],"inLanguage":"en-US"},{"@type":["Person","Organization"],"@id":"https:\/\/luxpro.pt\/en#\/schema\/person\/2d1bed59a52ad49be71622bef025e341","name":"Tiago Amadeu Ferreira","image":{"@type":"ImageObject","inLanguage":"en-US","@id":"https:\/\/luxpro.pt\/en#\/schema\/person\/image\/","url":"https:\/\/luxpro.pt\/wp-content\/uploads\/2017\/11\/logo.jpg","contentUrl":"https:\/\/luxpro.pt\/wp-content\/uploads\/2017\/11\/logo.jpg","width":150,"height":33,"caption":"Tiago Amadeu Ferreira"},"logo":{"@id":"https:\/\/luxpro.pt\/en#\/schema\/person\/image\/"}}]}},"tiered_pricing_type":"fixed","tiered_pricing_fixed_rules":[],"tiered_pricing_product_settings":{"layout":"default","base_unit_name":{"singular":null,"plural":null},"default_variation":null},"tiered_pricing_minimum_quantity":null,"tiered_pricing_roles_data":[],"tiered_pricing_percentage_rules":[],"_links":{"self":[{"href":"https:\/\/luxpro.pt\/en\/wp-json\/wp\/v2\/product\/2694","targetHints":{"allow":["GET"]}}],"collection":[{"href":"https:\/\/luxpro.pt\/en\/wp-json\/wp\/v2\/product"}],"about":[{"href":"https:\/\/luxpro.pt\/en\/wp-json\/wp\/v2\/types\/product"}],"replies":[{"embeddable":true,"href":"https:\/\/luxpro.pt\/en\/wp-json\/wp\/v2\/comments?post=2694"}],"wp:featuredmedia":[{"embeddable":true,"href":"https:\/\/luxpro.pt\/en\/wp-json\/wp\/v2\/media\/2695"}],"wp:attachment":[{"href":"https:\/\/luxpro.pt\/en\/wp-json\/wp\/v2\/media?parent=2694"}],"wp:term":[{"taxonomy":"product_brand","embeddable":true,"href":"https:\/\/luxpro.pt\/en\/wp-json\/wp\/v2\/product_brand?post=2694"},{"taxonomy":"product_cat","embeddable":true,"href":"https:\/\/luxpro.pt\/en\/wp-json\/wp\/v2\/product_cat?post=2694"},{"taxonomy":"product_tag","embeddable":true,"href":"https:\/\/luxpro.pt\/en\/wp-json\/wp\/v2\/product_tag?post=2694"}],"curies":[{"name":"wp","href":"https:\/\/api.w.org\/{rel}","templated":true}]}}