{"id":2860,"date":"2019-06-27T15:20:23","date_gmt":"2019-06-27T15:20:23","guid":{"rendered":"https:\/\/luxpro.pt\/?post_type=product&#038;p=2860"},"modified":"2023-10-30T22:21:00","modified_gmt":"2023-10-30T22:21:00","slug":"rele-termico-tr2-d13-gacia","status":"publish","type":"product","link":"https:\/\/luxpro.pt\/en\/produto\/rele-termico-tr2-d13-gacia","title":{"rendered":"Rel\u00e9 T\u00e9rmico TR2-D13 GACIA"},"content":{"rendered":"<p>Faixa de regula\u00e7\u00e3o do rel\u00e9 t\u00e9rmico: 12 a 18 A.<br \/>\nTens\u00e3o de isolamento (Ui): 660V \/ 1000V.<br \/>\nTemperatura ambiente: -5\u00baC &#8230; + 40\u00baC.<br \/>\nAltitude: m\u00e1ximo 2000m.<br \/>\nGrau de prote\u00e7\u00e3o: IP20.<br \/>\nCondi\u00e7\u00f5es de montagem: A inclina\u00e7\u00e3o m\u00e1xima n\u00e3o deve exceder \u00b1 5%.<br \/>\nRefer\u00eancia do fornecedor: LR2-D13.<\/p>\n","protected":false},"excerpt":{"rendered":"<p>Faixa de regula\u00e7\u00e3o do rel\u00e9 t\u00e9rmico: 12 a 18 A. Tens\u00e3o de isolamento (Ui): 660V \/ 1000V. Temperatura ambiente: -5\u00baC &#8230; + 40\u00baC. Altitude: m\u00e1ximo 2000m. Grau de prote\u00e7\u00e3o: IP20. Condi\u00e7\u00f5es de montagem: A inclina\u00e7\u00e3o m\u00e1xima n\u00e3o deve exceder \u00b1 5%. Refer\u00eancia do fornecedor: LR2-D13.<\/p>\n","protected":false},"featured_media":2863,"comment_status":"open","ping_status":"closed","template":"","meta":[],"product_brand":[],"product_cat":[672],"product_tag":[],"class_list":{"0":"post-2860","1":"product","2":"type-product","3":"status-publish","4":"has-post-thumbnail","6":"product_cat-reles-termicos","7":"pa_amperes-1-16a","8":"pa_amperes-16-24a","9":"pa_amperes-25-4a","10":"pa_amperes-4-6a","11":"pa_amperes-55-8a","12":"pa_amperes-7-10a","13":"pa_amperes-9-13a","15":"first","16":"instock","17":"taxable","18":"shipping-taxable","19":"purchasable","20":"product-type-variable"},"yoast_head":"<!-- This site is optimized with the Yoast SEO plugin v26.5 - https:\/\/yoast.com\/wordpress\/plugins\/seo\/ -->\n<title>Rel\u00e9 T\u00e9rmico TR2-D13 GACIA - LuxPro<\/title>\n<meta name=\"description\" content=\"Faixa de regula\u00e7\u00e3o do rel\u00e9 t\u00e9rmico: 12 a 18 A. Tens\u00e3o de isolamento (Ui): 660V \/ 1000V. Temperatura ambiente: -5\u00baC ... + 40\u00baC. Altitude: m\u00e1ximo 2000m.\" \/>\n<meta name=\"robots\" content=\"index, follow, max-snippet:-1, max-image-preview:large, max-video-preview:-1\" \/>\n<link rel=\"canonical\" href=\"https:\/\/luxpro.pt\/en\/produto\/rele-termico-tr2-d13-gacia\" \/>\n<meta property=\"og:locale\" content=\"en_US\" \/>\n<meta property=\"og:type\" content=\"article\" \/>\n<meta property=\"og:title\" content=\"Rel\u00e9 T\u00e9rmico TR2-D13 GACIA - LuxPro\" \/>\n<meta property=\"og:description\" content=\"Faixa de regula\u00e7\u00e3o do rel\u00e9 t\u00e9rmico: 12 a 18 A. Tens\u00e3o de isolamento (Ui): 660V \/ 1000V. Temperatura ambiente: -5\u00baC ... + 40\u00baC. Altitude: m\u00e1ximo 2000m.\" \/>\n<meta property=\"og:url\" content=\"https:\/\/luxpro.pt\/en\/produto\/rele-termico-tr2-d13-gacia\" \/>\n<meta property=\"og:site_name\" content=\"LuxPro\" \/>\n<meta property=\"article:modified_time\" content=\"2023-10-30T22:21:00+00:00\" \/>\n<meta property=\"og:image\" content=\"https:\/\/luxpro.pt\/wp-content\/uploads\/2019\/06\/RELE-TERMICO.png\" \/>\n\t<meta property=\"og:image:width\" content=\"800\" \/>\n\t<meta property=\"og:image:height\" content=\"800\" \/>\n\t<meta property=\"og:image:type\" content=\"image\/png\" \/>\n<meta name=\"twitter:card\" content=\"summary_large_image\" \/>\n<meta name=\"twitter:label1\" content=\"Est. reading time\" \/>\n\t<meta name=\"twitter:data1\" content=\"1 minute\" \/>\n<script type=\"application\/ld+json\" class=\"yoast-schema-graph\">{\"@context\":\"https:\/\/schema.org\",\"@graph\":[{\"@type\":\"WebPage\",\"@id\":\"https:\/\/luxpro.pt\/en\/produto\/rele-termico-tr2-d13-gacia\",\"url\":\"https:\/\/luxpro.pt\/en\/produto\/rele-termico-tr2-d13-gacia\",\"name\":\"Rel\u00e9 T\u00e9rmico TR2-D13 GACIA - LuxPro\",\"isPartOf\":{\"@id\":\"https:\/\/luxpro.pt\/en#website\"},\"primaryImageOfPage\":{\"@id\":\"https:\/\/luxpro.pt\/en\/produto\/rele-termico-tr2-d13-gacia#primaryimage\"},\"image\":{\"@id\":\"https:\/\/luxpro.pt\/en\/produto\/rele-termico-tr2-d13-gacia#primaryimage\"},\"thumbnailUrl\":\"https:\/\/luxpro.pt\/wp-content\/uploads\/2019\/06\/RELE-TERMICO.png\",\"datePublished\":\"2019-06-27T15:20:23+00:00\",\"dateModified\":\"2023-10-30T22:21:00+00:00\",\"description\":\"Faixa de regula\u00e7\u00e3o do rel\u00e9 t\u00e9rmico: 12 a 18 A. Tens\u00e3o de isolamento (Ui): 660V \/ 1000V. Temperatura ambiente: -5\u00baC ... + 40\u00baC. Altitude: m\u00e1ximo 2000m.\",\"breadcrumb\":{\"@id\":\"https:\/\/luxpro.pt\/en\/produto\/rele-termico-tr2-d13-gacia#breadcrumb\"},\"inLanguage\":\"en-US\",\"potentialAction\":[{\"@type\":\"ReadAction\",\"target\":[\"https:\/\/luxpro.pt\/en\/produto\/rele-termico-tr2-d13-gacia\"]}]},{\"@type\":\"ImageObject\",\"inLanguage\":\"en-US\",\"@id\":\"https:\/\/luxpro.pt\/en\/produto\/rele-termico-tr2-d13-gacia#primaryimage\",\"url\":\"https:\/\/luxpro.pt\/wp-content\/uploads\/2019\/06\/RELE-TERMICO.png\",\"contentUrl\":\"https:\/\/luxpro.pt\/wp-content\/uploads\/2019\/06\/RELE-TERMICO.png\",\"width\":800,\"height\":800},{\"@type\":\"BreadcrumbList\",\"@id\":\"https:\/\/luxpro.pt\/en\/produto\/rele-termico-tr2-d13-gacia#breadcrumb\",\"itemListElement\":[{\"@type\":\"ListItem\",\"position\":1,\"name\":\"In\u00edcio\",\"item\":\"https:\/\/luxpro.pt\/en\"},{\"@type\":\"ListItem\",\"position\":2,\"name\":\"Shop\",\"item\":\"https:\/\/luxpro.pt\/en\/shop\"},{\"@type\":\"ListItem\",\"position\":3,\"name\":\"Rel\u00e9 T\u00e9rmico TR2-D13 GACIA\"}]},{\"@type\":\"WebSite\",\"@id\":\"https:\/\/luxpro.pt\/en#website\",\"url\":\"https:\/\/luxpro.pt\/en\",\"name\":\"LuxPro\",\"description\":\"\",\"publisher\":{\"@id\":\"https:\/\/luxpro.pt\/en#\/schema\/person\/2d1bed59a52ad49be71622bef025e341\"},\"potentialAction\":[{\"@type\":\"SearchAction\",\"target\":{\"@type\":\"EntryPoint\",\"urlTemplate\":\"https:\/\/luxpro.pt\/en?s={search_term_string}\"},\"query-input\":{\"@type\":\"PropertyValueSpecification\",\"valueRequired\":true,\"valueName\":\"search_term_string\"}}],\"inLanguage\":\"en-US\"},{\"@type\":[\"Person\",\"Organization\"],\"@id\":\"https:\/\/luxpro.pt\/en#\/schema\/person\/2d1bed59a52ad49be71622bef025e341\",\"name\":\"Tiago Amadeu Ferreira\",\"image\":{\"@type\":\"ImageObject\",\"inLanguage\":\"en-US\",\"@id\":\"https:\/\/luxpro.pt\/en#\/schema\/person\/image\/\",\"url\":\"https:\/\/luxpro.pt\/wp-content\/uploads\/2017\/11\/logo.jpg\",\"contentUrl\":\"https:\/\/luxpro.pt\/wp-content\/uploads\/2017\/11\/logo.jpg\",\"width\":150,\"height\":33,\"caption\":\"Tiago Amadeu Ferreira\"},\"logo\":{\"@id\":\"https:\/\/luxpro.pt\/en#\/schema\/person\/image\/\"}}]}<\/script>\n<!-- \/ Yoast SEO plugin. -->","yoast_head_json":{"title":"Rel\u00e9 T\u00e9rmico TR2-D13 GACIA - LuxPro","description":"Faixa de regula\u00e7\u00e3o do rel\u00e9 t\u00e9rmico: 12 a 18 A. Tens\u00e3o de isolamento (Ui): 660V \/ 1000V. Temperatura ambiente: -5\u00baC ... + 40\u00baC. Altitude: m\u00e1ximo 2000m.","robots":{"index":"index","follow":"follow","max-snippet":"max-snippet:-1","max-image-preview":"max-image-preview:large","max-video-preview":"max-video-preview:-1"},"canonical":"https:\/\/luxpro.pt\/en\/produto\/rele-termico-tr2-d13-gacia","og_locale":"en_US","og_type":"article","og_title":"Rel\u00e9 T\u00e9rmico TR2-D13 GACIA - LuxPro","og_description":"Faixa de regula\u00e7\u00e3o do rel\u00e9 t\u00e9rmico: 12 a 18 A. Tens\u00e3o de isolamento (Ui): 660V \/ 1000V. Temperatura ambiente: -5\u00baC ... + 40\u00baC. Altitude: m\u00e1ximo 2000m.","og_url":"https:\/\/luxpro.pt\/en\/produto\/rele-termico-tr2-d13-gacia","og_site_name":"LuxPro","article_modified_time":"2023-10-30T22:21:00+00:00","og_image":[{"width":800,"height":800,"url":"https:\/\/luxpro.pt\/wp-content\/uploads\/2019\/06\/RELE-TERMICO.png","type":"image\/png"}],"twitter_card":"summary_large_image","twitter_misc":{"Est. reading time":"1 minute"},"schema":{"@context":"https:\/\/schema.org","@graph":[{"@type":"WebPage","@id":"https:\/\/luxpro.pt\/en\/produto\/rele-termico-tr2-d13-gacia","url":"https:\/\/luxpro.pt\/en\/produto\/rele-termico-tr2-d13-gacia","name":"Rel\u00e9 T\u00e9rmico TR2-D13 GACIA - LuxPro","isPartOf":{"@id":"https:\/\/luxpro.pt\/en#website"},"primaryImageOfPage":{"@id":"https:\/\/luxpro.pt\/en\/produto\/rele-termico-tr2-d13-gacia#primaryimage"},"image":{"@id":"https:\/\/luxpro.pt\/en\/produto\/rele-termico-tr2-d13-gacia#primaryimage"},"thumbnailUrl":"https:\/\/luxpro.pt\/wp-content\/uploads\/2019\/06\/RELE-TERMICO.png","datePublished":"2019-06-27T15:20:23+00:00","dateModified":"2023-10-30T22:21:00+00:00","description":"Faixa de regula\u00e7\u00e3o do rel\u00e9 t\u00e9rmico: 12 a 18 A. Tens\u00e3o de isolamento (Ui): 660V \/ 1000V. Temperatura ambiente: -5\u00baC ... + 40\u00baC. Altitude: m\u00e1ximo 2000m.","breadcrumb":{"@id":"https:\/\/luxpro.pt\/en\/produto\/rele-termico-tr2-d13-gacia#breadcrumb"},"inLanguage":"en-US","potentialAction":[{"@type":"ReadAction","target":["https:\/\/luxpro.pt\/en\/produto\/rele-termico-tr2-d13-gacia"]}]},{"@type":"ImageObject","inLanguage":"en-US","@id":"https:\/\/luxpro.pt\/en\/produto\/rele-termico-tr2-d13-gacia#primaryimage","url":"https:\/\/luxpro.pt\/wp-content\/uploads\/2019\/06\/RELE-TERMICO.png","contentUrl":"https:\/\/luxpro.pt\/wp-content\/uploads\/2019\/06\/RELE-TERMICO.png","width":800,"height":800},{"@type":"BreadcrumbList","@id":"https:\/\/luxpro.pt\/en\/produto\/rele-termico-tr2-d13-gacia#breadcrumb","itemListElement":[{"@type":"ListItem","position":1,"name":"In\u00edcio","item":"https:\/\/luxpro.pt\/en"},{"@type":"ListItem","position":2,"name":"Shop","item":"https:\/\/luxpro.pt\/en\/shop"},{"@type":"ListItem","position":3,"name":"Rel\u00e9 T\u00e9rmico TR2-D13 GACIA"}]},{"@type":"WebSite","@id":"https:\/\/luxpro.pt\/en#website","url":"https:\/\/luxpro.pt\/en","name":"LuxPro","description":"","publisher":{"@id":"https:\/\/luxpro.pt\/en#\/schema\/person\/2d1bed59a52ad49be71622bef025e341"},"potentialAction":[{"@type":"SearchAction","target":{"@type":"EntryPoint","urlTemplate":"https:\/\/luxpro.pt\/en?s={search_term_string}"},"query-input":{"@type":"PropertyValueSpecification","valueRequired":true,"valueName":"search_term_string"}}],"inLanguage":"en-US"},{"@type":["Person","Organization"],"@id":"https:\/\/luxpro.pt\/en#\/schema\/person\/2d1bed59a52ad49be71622bef025e341","name":"Tiago Amadeu Ferreira","image":{"@type":"ImageObject","inLanguage":"en-US","@id":"https:\/\/luxpro.pt\/en#\/schema\/person\/image\/","url":"https:\/\/luxpro.pt\/wp-content\/uploads\/2017\/11\/logo.jpg","contentUrl":"https:\/\/luxpro.pt\/wp-content\/uploads\/2017\/11\/logo.jpg","width":150,"height":33,"caption":"Tiago Amadeu Ferreira"},"logo":{"@id":"https:\/\/luxpro.pt\/en#\/schema\/person\/image\/"}}]}},"tiered_pricing_type":"fixed","tiered_pricing_fixed_rules":[],"tiered_pricing_product_settings":{"layout":"default","base_unit_name":{"singular":null,"plural":null},"default_variation":null},"tiered_pricing_minimum_quantity":null,"tiered_pricing_roles_data":[],"tiered_pricing_percentage_rules":[],"_links":{"self":[{"href":"https:\/\/luxpro.pt\/en\/wp-json\/wp\/v2\/product\/2860","targetHints":{"allow":["GET"]}}],"collection":[{"href":"https:\/\/luxpro.pt\/en\/wp-json\/wp\/v2\/product"}],"about":[{"href":"https:\/\/luxpro.pt\/en\/wp-json\/wp\/v2\/types\/product"}],"replies":[{"embeddable":true,"href":"https:\/\/luxpro.pt\/en\/wp-json\/wp\/v2\/comments?post=2860"}],"wp:featuredmedia":[{"embeddable":true,"href":"https:\/\/luxpro.pt\/en\/wp-json\/wp\/v2\/media\/2863"}],"wp:attachment":[{"href":"https:\/\/luxpro.pt\/en\/wp-json\/wp\/v2\/media?parent=2860"}],"wp:term":[{"taxonomy":"product_brand","embeddable":true,"href":"https:\/\/luxpro.pt\/en\/wp-json\/wp\/v2\/product_brand?post=2860"},{"taxonomy":"product_cat","embeddable":true,"href":"https:\/\/luxpro.pt\/en\/wp-json\/wp\/v2\/product_cat?post=2860"},{"taxonomy":"product_tag","embeddable":true,"href":"https:\/\/luxpro.pt\/en\/wp-json\/wp\/v2\/product_tag?post=2860"}],"curies":[{"name":"wp","href":"https:\/\/api.w.org\/{rel}","templated":true}]}}