{"id":3086,"date":"2019-07-17T16:41:09","date_gmt":"2019-07-17T16:41:09","guid":{"rendered":"https:\/\/luxpro.pt\/?post_type=product&#038;p=3086"},"modified":"2023-06-22T16:00:23","modified_gmt":"2023-06-22T15:00:23","slug":"projectore-de-calha-30w-branco","status":"publish","type":"product","link":"https:\/\/luxpro.pt\/en\/produto\/projectore-de-calha-30w-branco","title":{"rendered":"Projector de Calha 30W Monof\u00e1sico branco"},"content":{"rendered":"<p>Seu eficaz diodo COB de 30W de alta pot\u00eancia, alta luminosidade e resist\u00eancia, \u00e9 focado para usos comerciais e profissionais como museus, lojas, expositores, galerias, joalherias, \u00f3ticas, farm\u00e1cias, exposi\u00e7\u00f5es, est\u00fadios, etc. Tem a vantagem de se adaptar \u00e0 necessidade que temos em todos os momentos.<\/p>\n<p>A lente do projetor de calha consegue um efeito duplo gra\u00e7as \u00e0 lente de efeito duplo (concentrador de feixe de luz) de \u00faltima gera\u00e7\u00e3o feita de PMMA (metacrilato de metilo), fazendo com que uma luz de base e um \u00e2ngulo prim\u00e1rio de 24\u00ba concentrado enfatizem o objeto a ser iluminado, e um \u00e2ngulo secund\u00e1rio mais suave de 60\u00ba para evitar tais sombras acentuadas.<\/p>\n","protected":false},"excerpt":{"rendered":"<p>Seu eficaz diodo COB de 30W de alta pot\u00eancia, alta luminosidade e resist\u00eancia, \u00e9 focado para usos comerciais e profissionais como museus, lojas, expositores, galerias, joalherias, \u00f3ticas, farm\u00e1cias, exposi\u00e7\u00f5es, est\u00fadios, etc. Tem a vantagem de se adaptar \u00e0 necessidade que temos em todos os momentos. A lente do projetor de calha consegue um efeito duplo gra\u00e7as \u00e0 lente de efeito [&hellip;]<\/p>\n","protected":false},"featured_media":3087,"comment_status":"open","ping_status":"closed","template":"","meta":[],"product_brand":[],"product_cat":[950],"product_tag":[],"class_list":{"0":"post-3086","1":"product","2":"type-product","3":"status-publish","4":"has-post-thumbnail","6":"product_cat-projetores-de-teto","7":"pa_cor-branco","8":"pa_cor-do-led-3000k","10":"first","11":"instock","12":"taxable","13":"shipping-taxable","14":"purchasable","15":"product-type-variable"},"yoast_head":"<!-- This site is optimized with the Yoast SEO plugin v26.5 - https:\/\/yoast.com\/wordpress\/plugins\/seo\/ -->\n<title>Projector de Calha 30W Monof\u00e1sico branco - LuxPro<\/title>\n<meta name=\"description\" content=\"Seu eficaz diodo COB de 30W de alta pot\u00eancia, alta luminosidade e resist\u00eancia, \u00e9 focado para usos comerciais e profissionais como museus, lojas,\" \/>\n<meta name=\"robots\" content=\"index, follow, max-snippet:-1, max-image-preview:large, max-video-preview:-1\" \/>\n<link rel=\"canonical\" href=\"https:\/\/luxpro.pt\/en\/produto\/projectore-de-calha-30w-branco\" \/>\n<meta property=\"og:locale\" content=\"en_US\" \/>\n<meta property=\"og:type\" content=\"article\" \/>\n<meta property=\"og:title\" content=\"Projector de Calha 30W Monof\u00e1sico branco - LuxPro\" \/>\n<meta property=\"og:description\" content=\"Seu eficaz diodo COB de 30W de alta pot\u00eancia, alta luminosidade e resist\u00eancia, \u00e9 focado para usos comerciais e profissionais como museus, lojas,\" \/>\n<meta property=\"og:url\" content=\"https:\/\/luxpro.pt\/en\/produto\/projectore-de-calha-30w-branco\" \/>\n<meta property=\"og:site_name\" content=\"LuxPro\" \/>\n<meta property=\"article:modified_time\" content=\"2023-06-22T15:00:23+00:00\" \/>\n<meta property=\"og:image\" content=\"https:\/\/luxpro.pt\/wp-content\/uploads\/2019\/07\/PROJCALHA.jpg\" \/>\n\t<meta property=\"og:image:width\" content=\"637\" \/>\n\t<meta property=\"og:image:height\" content=\"637\" \/>\n\t<meta property=\"og:image:type\" content=\"image\/jpeg\" \/>\n<meta name=\"twitter:card\" content=\"summary_large_image\" \/>\n<meta name=\"twitter:label1\" content=\"Est. reading time\" \/>\n\t<meta name=\"twitter:data1\" content=\"1 minute\" \/>\n<script type=\"application\/ld+json\" class=\"yoast-schema-graph\">{\"@context\":\"https:\/\/schema.org\",\"@graph\":[{\"@type\":\"WebPage\",\"@id\":\"https:\/\/luxpro.pt\/en\/produto\/projectore-de-calha-30w-branco\",\"url\":\"https:\/\/luxpro.pt\/en\/produto\/projectore-de-calha-30w-branco\",\"name\":\"Projector de Calha 30W Monof\u00e1sico branco - LuxPro\",\"isPartOf\":{\"@id\":\"https:\/\/luxpro.pt\/en#website\"},\"primaryImageOfPage\":{\"@id\":\"https:\/\/luxpro.pt\/en\/produto\/projectore-de-calha-30w-branco#primaryimage\"},\"image\":{\"@id\":\"https:\/\/luxpro.pt\/en\/produto\/projectore-de-calha-30w-branco#primaryimage\"},\"thumbnailUrl\":\"https:\/\/luxpro.pt\/wp-content\/uploads\/2019\/07\/PROJCALHA.jpg\",\"datePublished\":\"2019-07-17T16:41:09+00:00\",\"dateModified\":\"2023-06-22T15:00:23+00:00\",\"description\":\"Seu eficaz diodo COB de 30W de alta pot\u00eancia, alta luminosidade e resist\u00eancia, \u00e9 focado para usos comerciais e profissionais como museus, lojas,\",\"breadcrumb\":{\"@id\":\"https:\/\/luxpro.pt\/en\/produto\/projectore-de-calha-30w-branco#breadcrumb\"},\"inLanguage\":\"en-US\",\"potentialAction\":[{\"@type\":\"ReadAction\",\"target\":[\"https:\/\/luxpro.pt\/en\/produto\/projectore-de-calha-30w-branco\"]}]},{\"@type\":\"ImageObject\",\"inLanguage\":\"en-US\",\"@id\":\"https:\/\/luxpro.pt\/en\/produto\/projectore-de-calha-30w-branco#primaryimage\",\"url\":\"https:\/\/luxpro.pt\/wp-content\/uploads\/2019\/07\/PROJCALHA.jpg\",\"contentUrl\":\"https:\/\/luxpro.pt\/wp-content\/uploads\/2019\/07\/PROJCALHA.jpg\",\"width\":637,\"height\":637},{\"@type\":\"BreadcrumbList\",\"@id\":\"https:\/\/luxpro.pt\/en\/produto\/projectore-de-calha-30w-branco#breadcrumb\",\"itemListElement\":[{\"@type\":\"ListItem\",\"position\":1,\"name\":\"In\u00edcio\",\"item\":\"https:\/\/luxpro.pt\/en\"},{\"@type\":\"ListItem\",\"position\":2,\"name\":\"Shop\",\"item\":\"https:\/\/luxpro.pt\/en\/shop\"},{\"@type\":\"ListItem\",\"position\":3,\"name\":\"Projector de Calha 30W Monof\u00e1sico branco\"}]},{\"@type\":\"WebSite\",\"@id\":\"https:\/\/luxpro.pt\/en#website\",\"url\":\"https:\/\/luxpro.pt\/en\",\"name\":\"LuxPro\",\"description\":\"\",\"publisher\":{\"@id\":\"https:\/\/luxpro.pt\/en#\/schema\/person\/2d1bed59a52ad49be71622bef025e341\"},\"potentialAction\":[{\"@type\":\"SearchAction\",\"target\":{\"@type\":\"EntryPoint\",\"urlTemplate\":\"https:\/\/luxpro.pt\/en?s={search_term_string}\"},\"query-input\":{\"@type\":\"PropertyValueSpecification\",\"valueRequired\":true,\"valueName\":\"search_term_string\"}}],\"inLanguage\":\"en-US\"},{\"@type\":[\"Person\",\"Organization\"],\"@id\":\"https:\/\/luxpro.pt\/en#\/schema\/person\/2d1bed59a52ad49be71622bef025e341\",\"name\":\"Tiago Amadeu Ferreira\",\"image\":{\"@type\":\"ImageObject\",\"inLanguage\":\"en-US\",\"@id\":\"https:\/\/luxpro.pt\/en#\/schema\/person\/image\/\",\"url\":\"https:\/\/luxpro.pt\/wp-content\/uploads\/2017\/11\/logo.jpg\",\"contentUrl\":\"https:\/\/luxpro.pt\/wp-content\/uploads\/2017\/11\/logo.jpg\",\"width\":150,\"height\":33,\"caption\":\"Tiago Amadeu Ferreira\"},\"logo\":{\"@id\":\"https:\/\/luxpro.pt\/en#\/schema\/person\/image\/\"}}]}<\/script>\n<!-- \/ Yoast SEO plugin. -->","yoast_head_json":{"title":"Projector de Calha 30W Monof\u00e1sico branco - LuxPro","description":"Seu eficaz diodo COB de 30W de alta pot\u00eancia, alta luminosidade e resist\u00eancia, \u00e9 focado para usos comerciais e profissionais como museus, lojas,","robots":{"index":"index","follow":"follow","max-snippet":"max-snippet:-1","max-image-preview":"max-image-preview:large","max-video-preview":"max-video-preview:-1"},"canonical":"https:\/\/luxpro.pt\/en\/produto\/projectore-de-calha-30w-branco","og_locale":"en_US","og_type":"article","og_title":"Projector de Calha 30W Monof\u00e1sico branco - LuxPro","og_description":"Seu eficaz diodo COB de 30W de alta pot\u00eancia, alta luminosidade e resist\u00eancia, \u00e9 focado para usos comerciais e profissionais como museus, lojas,","og_url":"https:\/\/luxpro.pt\/en\/produto\/projectore-de-calha-30w-branco","og_site_name":"LuxPro","article_modified_time":"2023-06-22T15:00:23+00:00","og_image":[{"width":637,"height":637,"url":"https:\/\/luxpro.pt\/wp-content\/uploads\/2019\/07\/PROJCALHA.jpg","type":"image\/jpeg"}],"twitter_card":"summary_large_image","twitter_misc":{"Est. reading time":"1 minute"},"schema":{"@context":"https:\/\/schema.org","@graph":[{"@type":"WebPage","@id":"https:\/\/luxpro.pt\/en\/produto\/projectore-de-calha-30w-branco","url":"https:\/\/luxpro.pt\/en\/produto\/projectore-de-calha-30w-branco","name":"Projector de Calha 30W Monof\u00e1sico branco - LuxPro","isPartOf":{"@id":"https:\/\/luxpro.pt\/en#website"},"primaryImageOfPage":{"@id":"https:\/\/luxpro.pt\/en\/produto\/projectore-de-calha-30w-branco#primaryimage"},"image":{"@id":"https:\/\/luxpro.pt\/en\/produto\/projectore-de-calha-30w-branco#primaryimage"},"thumbnailUrl":"https:\/\/luxpro.pt\/wp-content\/uploads\/2019\/07\/PROJCALHA.jpg","datePublished":"2019-07-17T16:41:09+00:00","dateModified":"2023-06-22T15:00:23+00:00","description":"Seu eficaz diodo COB de 30W de alta pot\u00eancia, alta luminosidade e resist\u00eancia, \u00e9 focado para usos comerciais e profissionais como museus, lojas,","breadcrumb":{"@id":"https:\/\/luxpro.pt\/en\/produto\/projectore-de-calha-30w-branco#breadcrumb"},"inLanguage":"en-US","potentialAction":[{"@type":"ReadAction","target":["https:\/\/luxpro.pt\/en\/produto\/projectore-de-calha-30w-branco"]}]},{"@type":"ImageObject","inLanguage":"en-US","@id":"https:\/\/luxpro.pt\/en\/produto\/projectore-de-calha-30w-branco#primaryimage","url":"https:\/\/luxpro.pt\/wp-content\/uploads\/2019\/07\/PROJCALHA.jpg","contentUrl":"https:\/\/luxpro.pt\/wp-content\/uploads\/2019\/07\/PROJCALHA.jpg","width":637,"height":637},{"@type":"BreadcrumbList","@id":"https:\/\/luxpro.pt\/en\/produto\/projectore-de-calha-30w-branco#breadcrumb","itemListElement":[{"@type":"ListItem","position":1,"name":"In\u00edcio","item":"https:\/\/luxpro.pt\/en"},{"@type":"ListItem","position":2,"name":"Shop","item":"https:\/\/luxpro.pt\/en\/shop"},{"@type":"ListItem","position":3,"name":"Projector de Calha 30W Monof\u00e1sico branco"}]},{"@type":"WebSite","@id":"https:\/\/luxpro.pt\/en#website","url":"https:\/\/luxpro.pt\/en","name":"LuxPro","description":"","publisher":{"@id":"https:\/\/luxpro.pt\/en#\/schema\/person\/2d1bed59a52ad49be71622bef025e341"},"potentialAction":[{"@type":"SearchAction","target":{"@type":"EntryPoint","urlTemplate":"https:\/\/luxpro.pt\/en?s={search_term_string}"},"query-input":{"@type":"PropertyValueSpecification","valueRequired":true,"valueName":"search_term_string"}}],"inLanguage":"en-US"},{"@type":["Person","Organization"],"@id":"https:\/\/luxpro.pt\/en#\/schema\/person\/2d1bed59a52ad49be71622bef025e341","name":"Tiago Amadeu Ferreira","image":{"@type":"ImageObject","inLanguage":"en-US","@id":"https:\/\/luxpro.pt\/en#\/schema\/person\/image\/","url":"https:\/\/luxpro.pt\/wp-content\/uploads\/2017\/11\/logo.jpg","contentUrl":"https:\/\/luxpro.pt\/wp-content\/uploads\/2017\/11\/logo.jpg","width":150,"height":33,"caption":"Tiago Amadeu Ferreira"},"logo":{"@id":"https:\/\/luxpro.pt\/en#\/schema\/person\/image\/"}}]}},"tiered_pricing_type":"fixed","tiered_pricing_fixed_rules":[],"tiered_pricing_product_settings":{"layout":"default","base_unit_name":{"singular":null,"plural":null},"default_variation":null},"tiered_pricing_minimum_quantity":null,"tiered_pricing_roles_data":[],"tiered_pricing_percentage_rules":[],"_links":{"self":[{"href":"https:\/\/luxpro.pt\/en\/wp-json\/wp\/v2\/product\/3086","targetHints":{"allow":["GET"]}}],"collection":[{"href":"https:\/\/luxpro.pt\/en\/wp-json\/wp\/v2\/product"}],"about":[{"href":"https:\/\/luxpro.pt\/en\/wp-json\/wp\/v2\/types\/product"}],"replies":[{"embeddable":true,"href":"https:\/\/luxpro.pt\/en\/wp-json\/wp\/v2\/comments?post=3086"}],"wp:featuredmedia":[{"embeddable":true,"href":"https:\/\/luxpro.pt\/en\/wp-json\/wp\/v2\/media\/3087"}],"wp:attachment":[{"href":"https:\/\/luxpro.pt\/en\/wp-json\/wp\/v2\/media?parent=3086"}],"wp:term":[{"taxonomy":"product_brand","embeddable":true,"href":"https:\/\/luxpro.pt\/en\/wp-json\/wp\/v2\/product_brand?post=3086"},{"taxonomy":"product_cat","embeddable":true,"href":"https:\/\/luxpro.pt\/en\/wp-json\/wp\/v2\/product_cat?post=3086"},{"taxonomy":"product_tag","embeddable":true,"href":"https:\/\/luxpro.pt\/en\/wp-json\/wp\/v2\/product_tag?post=3086"}],"curies":[{"name":"wp","href":"https:\/\/api.w.org\/{rel}","templated":true}]}}