{"id":3306,"date":"2019-08-23T15:12:26","date_gmt":"2019-08-23T15:12:26","guid":{"rendered":"https:\/\/luxpro.pt\/?post_type=product&#038;p=3306"},"modified":"2025-06-16T17:10:47","modified_gmt":"2025-06-16T16:10:47","slug":"fonte-de-alimentacao-fa-805","status":"publish","type":"product","link":"https:\/\/luxpro.pt\/en\/produto\/fonte-de-alimentacao-fa-805","title":{"rendered":"Alimentador FA-805 GOLMAR"},"content":{"rendered":"<ul>\n<li>Para sistemas com instala\u00e7\u00e3o digital &#8220;Plus&#8221;.<\/li>\n<li>Apenas para instala\u00e7\u00f5es de moradias.<\/li>\n<li>Sa\u00eddas de 12V CA e 18V CC.\u00a0Entrada 110 e 230V ac \/ 25VA.<\/li>\n<\/ul>\n<p>&nbsp;<\/p>\n<p>Dimens\u00f5es: 107 (L) x 90 (A) x 62 (D) mm.\u00a0(6 DIN).<\/p>\n","protected":false},"excerpt":{"rendered":"<p>Para sistemas com instala\u00e7\u00e3o digital &#8220;Plus&#8221;. Apenas para instala\u00e7\u00f5es de moradias. Sa\u00eddas de 12V CA e 18V CC.\u00a0Entrada 110 e 230V ac \/ 25VA. &nbsp; Dimens\u00f5es: 107 (L) x 90 (A) x 62 (D) mm.\u00a0(6 DIN).<\/p>\n","protected":false},"featured_media":3307,"comment_status":"open","ping_status":"closed","template":"","meta":[],"product_brand":[],"product_cat":[661],"product_tag":[],"class_list":{"0":"post-3306","1":"product","2":"type-product","3":"status-publish","4":"has-post-thumbnail","6":"product_cat-acessorios-2","8":"first","9":"instock","10":"taxable","11":"shipping-taxable","12":"purchasable","13":"product-type-simple"},"yoast_head":"<!-- This site is optimized with the Yoast SEO plugin v26.5 - https:\/\/yoast.com\/wordpress\/plugins\/seo\/ -->\n<title>Alimentador FA-805 GOLMAR - LuxPro<\/title>\n<meta name=\"description\" content=\"Para sistemas com instala\u00e7\u00e3o digital &quot;Plus&quot;. Apenas para instala\u00e7\u00f5es de moradias. Sa\u00eddas de 12V CA e 18V CC.\u00a0Entrada 110 e 230V ac \/ 25VA. &nbsp;\" \/>\n<meta name=\"robots\" content=\"index, follow, max-snippet:-1, max-image-preview:large, max-video-preview:-1\" \/>\n<link rel=\"canonical\" href=\"https:\/\/luxpro.pt\/en\/produto\/fonte-de-alimentacao-fa-805\" \/>\n<meta property=\"og:locale\" content=\"en_US\" \/>\n<meta property=\"og:type\" content=\"article\" \/>\n<meta property=\"og:title\" content=\"Alimentador FA-805 GOLMAR - LuxPro\" \/>\n<meta property=\"og:description\" content=\"Para sistemas com instala\u00e7\u00e3o digital &quot;Plus&quot;. Apenas para instala\u00e7\u00f5es de moradias. Sa\u00eddas de 12V CA e 18V CC.\u00a0Entrada 110 e 230V ac \/ 25VA. &nbsp;\" \/>\n<meta property=\"og:url\" content=\"https:\/\/luxpro.pt\/en\/produto\/fonte-de-alimentacao-fa-805\" \/>\n<meta property=\"og:site_name\" content=\"LuxPro\" \/>\n<meta property=\"article:modified_time\" content=\"2025-06-16T16:10:47+00:00\" \/>\n<meta property=\"og:image\" content=\"https:\/\/luxpro.pt\/wp-content\/uploads\/2019\/08\/11704805.png\" \/>\n\t<meta property=\"og:image:width\" content=\"1500\" \/>\n\t<meta property=\"og:image:height\" content=\"1275\" \/>\n\t<meta property=\"og:image:type\" content=\"image\/png\" \/>\n<meta name=\"twitter:card\" content=\"summary_large_image\" \/>\n<meta name=\"twitter:label1\" content=\"Est. reading time\" \/>\n\t<meta name=\"twitter:data1\" content=\"1 minute\" \/>\n<script type=\"application\/ld+json\" class=\"yoast-schema-graph\">{\"@context\":\"https:\/\/schema.org\",\"@graph\":[{\"@type\":\"WebPage\",\"@id\":\"https:\/\/luxpro.pt\/en\/produto\/fonte-de-alimentacao-fa-805\",\"url\":\"https:\/\/luxpro.pt\/en\/produto\/fonte-de-alimentacao-fa-805\",\"name\":\"Alimentador FA-805 GOLMAR - LuxPro\",\"isPartOf\":{\"@id\":\"https:\/\/luxpro.pt\/en#website\"},\"primaryImageOfPage\":{\"@id\":\"https:\/\/luxpro.pt\/en\/produto\/fonte-de-alimentacao-fa-805#primaryimage\"},\"image\":{\"@id\":\"https:\/\/luxpro.pt\/en\/produto\/fonte-de-alimentacao-fa-805#primaryimage\"},\"thumbnailUrl\":\"https:\/\/luxpro.pt\/wp-content\/uploads\/2019\/08\/11704805.png\",\"datePublished\":\"2019-08-23T15:12:26+00:00\",\"dateModified\":\"2025-06-16T16:10:47+00:00\",\"description\":\"Para sistemas com instala\u00e7\u00e3o digital \\\"Plus\\\". Apenas para instala\u00e7\u00f5es de moradias. Sa\u00eddas de 12V CA e 18V CC.\u00a0Entrada 110 e 230V ac \/ 25VA. &nbsp;\",\"breadcrumb\":{\"@id\":\"https:\/\/luxpro.pt\/en\/produto\/fonte-de-alimentacao-fa-805#breadcrumb\"},\"inLanguage\":\"en-US\",\"potentialAction\":[{\"@type\":\"ReadAction\",\"target\":[\"https:\/\/luxpro.pt\/en\/produto\/fonte-de-alimentacao-fa-805\"]}]},{\"@type\":\"ImageObject\",\"inLanguage\":\"en-US\",\"@id\":\"https:\/\/luxpro.pt\/en\/produto\/fonte-de-alimentacao-fa-805#primaryimage\",\"url\":\"https:\/\/luxpro.pt\/wp-content\/uploads\/2019\/08\/11704805.png\",\"contentUrl\":\"https:\/\/luxpro.pt\/wp-content\/uploads\/2019\/08\/11704805.png\",\"width\":1500,\"height\":1275},{\"@type\":\"BreadcrumbList\",\"@id\":\"https:\/\/luxpro.pt\/en\/produto\/fonte-de-alimentacao-fa-805#breadcrumb\",\"itemListElement\":[{\"@type\":\"ListItem\",\"position\":1,\"name\":\"In\u00edcio\",\"item\":\"https:\/\/luxpro.pt\/en\"},{\"@type\":\"ListItem\",\"position\":2,\"name\":\"Shop\",\"item\":\"https:\/\/luxpro.pt\/en\/shop\"},{\"@type\":\"ListItem\",\"position\":3,\"name\":\"Alimentador FA-805 GOLMAR\"}]},{\"@type\":\"WebSite\",\"@id\":\"https:\/\/luxpro.pt\/en#website\",\"url\":\"https:\/\/luxpro.pt\/en\",\"name\":\"LuxPro\",\"description\":\"\",\"publisher\":{\"@id\":\"https:\/\/luxpro.pt\/en#\/schema\/person\/2d1bed59a52ad49be71622bef025e341\"},\"potentialAction\":[{\"@type\":\"SearchAction\",\"target\":{\"@type\":\"EntryPoint\",\"urlTemplate\":\"https:\/\/luxpro.pt\/en?s={search_term_string}\"},\"query-input\":{\"@type\":\"PropertyValueSpecification\",\"valueRequired\":true,\"valueName\":\"search_term_string\"}}],\"inLanguage\":\"en-US\"},{\"@type\":[\"Person\",\"Organization\"],\"@id\":\"https:\/\/luxpro.pt\/en#\/schema\/person\/2d1bed59a52ad49be71622bef025e341\",\"name\":\"Tiago Amadeu Ferreira\",\"image\":{\"@type\":\"ImageObject\",\"inLanguage\":\"en-US\",\"@id\":\"https:\/\/luxpro.pt\/en#\/schema\/person\/image\/\",\"url\":\"https:\/\/luxpro.pt\/wp-content\/uploads\/2017\/11\/logo.jpg\",\"contentUrl\":\"https:\/\/luxpro.pt\/wp-content\/uploads\/2017\/11\/logo.jpg\",\"width\":150,\"height\":33,\"caption\":\"Tiago Amadeu Ferreira\"},\"logo\":{\"@id\":\"https:\/\/luxpro.pt\/en#\/schema\/person\/image\/\"}}]}<\/script>\n<!-- \/ Yoast SEO plugin. -->","yoast_head_json":{"title":"Alimentador FA-805 GOLMAR - LuxPro","description":"Para sistemas com instala\u00e7\u00e3o digital \"Plus\". Apenas para instala\u00e7\u00f5es de moradias. Sa\u00eddas de 12V CA e 18V CC.\u00a0Entrada 110 e 230V ac \/ 25VA. &nbsp;","robots":{"index":"index","follow":"follow","max-snippet":"max-snippet:-1","max-image-preview":"max-image-preview:large","max-video-preview":"max-video-preview:-1"},"canonical":"https:\/\/luxpro.pt\/en\/produto\/fonte-de-alimentacao-fa-805","og_locale":"en_US","og_type":"article","og_title":"Alimentador FA-805 GOLMAR - LuxPro","og_description":"Para sistemas com instala\u00e7\u00e3o digital \"Plus\". Apenas para instala\u00e7\u00f5es de moradias. Sa\u00eddas de 12V CA e 18V CC.\u00a0Entrada 110 e 230V ac \/ 25VA. &nbsp;","og_url":"https:\/\/luxpro.pt\/en\/produto\/fonte-de-alimentacao-fa-805","og_site_name":"LuxPro","article_modified_time":"2025-06-16T16:10:47+00:00","og_image":[{"width":1500,"height":1275,"url":"https:\/\/luxpro.pt\/wp-content\/uploads\/2019\/08\/11704805.png","type":"image\/png"}],"twitter_card":"summary_large_image","twitter_misc":{"Est. reading time":"1 minute"},"schema":{"@context":"https:\/\/schema.org","@graph":[{"@type":"WebPage","@id":"https:\/\/luxpro.pt\/en\/produto\/fonte-de-alimentacao-fa-805","url":"https:\/\/luxpro.pt\/en\/produto\/fonte-de-alimentacao-fa-805","name":"Alimentador FA-805 GOLMAR - LuxPro","isPartOf":{"@id":"https:\/\/luxpro.pt\/en#website"},"primaryImageOfPage":{"@id":"https:\/\/luxpro.pt\/en\/produto\/fonte-de-alimentacao-fa-805#primaryimage"},"image":{"@id":"https:\/\/luxpro.pt\/en\/produto\/fonte-de-alimentacao-fa-805#primaryimage"},"thumbnailUrl":"https:\/\/luxpro.pt\/wp-content\/uploads\/2019\/08\/11704805.png","datePublished":"2019-08-23T15:12:26+00:00","dateModified":"2025-06-16T16:10:47+00:00","description":"Para sistemas com instala\u00e7\u00e3o digital \"Plus\". Apenas para instala\u00e7\u00f5es de moradias. Sa\u00eddas de 12V CA e 18V CC.\u00a0Entrada 110 e 230V ac \/ 25VA. &nbsp;","breadcrumb":{"@id":"https:\/\/luxpro.pt\/en\/produto\/fonte-de-alimentacao-fa-805#breadcrumb"},"inLanguage":"en-US","potentialAction":[{"@type":"ReadAction","target":["https:\/\/luxpro.pt\/en\/produto\/fonte-de-alimentacao-fa-805"]}]},{"@type":"ImageObject","inLanguage":"en-US","@id":"https:\/\/luxpro.pt\/en\/produto\/fonte-de-alimentacao-fa-805#primaryimage","url":"https:\/\/luxpro.pt\/wp-content\/uploads\/2019\/08\/11704805.png","contentUrl":"https:\/\/luxpro.pt\/wp-content\/uploads\/2019\/08\/11704805.png","width":1500,"height":1275},{"@type":"BreadcrumbList","@id":"https:\/\/luxpro.pt\/en\/produto\/fonte-de-alimentacao-fa-805#breadcrumb","itemListElement":[{"@type":"ListItem","position":1,"name":"In\u00edcio","item":"https:\/\/luxpro.pt\/en"},{"@type":"ListItem","position":2,"name":"Shop","item":"https:\/\/luxpro.pt\/en\/shop"},{"@type":"ListItem","position":3,"name":"Alimentador FA-805 GOLMAR"}]},{"@type":"WebSite","@id":"https:\/\/luxpro.pt\/en#website","url":"https:\/\/luxpro.pt\/en","name":"LuxPro","description":"","publisher":{"@id":"https:\/\/luxpro.pt\/en#\/schema\/person\/2d1bed59a52ad49be71622bef025e341"},"potentialAction":[{"@type":"SearchAction","target":{"@type":"EntryPoint","urlTemplate":"https:\/\/luxpro.pt\/en?s={search_term_string}"},"query-input":{"@type":"PropertyValueSpecification","valueRequired":true,"valueName":"search_term_string"}}],"inLanguage":"en-US"},{"@type":["Person","Organization"],"@id":"https:\/\/luxpro.pt\/en#\/schema\/person\/2d1bed59a52ad49be71622bef025e341","name":"Tiago Amadeu Ferreira","image":{"@type":"ImageObject","inLanguage":"en-US","@id":"https:\/\/luxpro.pt\/en#\/schema\/person\/image\/","url":"https:\/\/luxpro.pt\/wp-content\/uploads\/2017\/11\/logo.jpg","contentUrl":"https:\/\/luxpro.pt\/wp-content\/uploads\/2017\/11\/logo.jpg","width":150,"height":33,"caption":"Tiago Amadeu Ferreira"},"logo":{"@id":"https:\/\/luxpro.pt\/en#\/schema\/person\/image\/"}}]}},"tiered_pricing_type":"fixed","tiered_pricing_fixed_rules":[],"tiered_pricing_product_settings":{"layout":"default","base_unit_name":{"singular":null,"plural":null},"default_variation":null},"tiered_pricing_minimum_quantity":null,"tiered_pricing_roles_data":[],"tiered_pricing_percentage_rules":[],"_links":{"self":[{"href":"https:\/\/luxpro.pt\/en\/wp-json\/wp\/v2\/product\/3306","targetHints":{"allow":["GET"]}}],"collection":[{"href":"https:\/\/luxpro.pt\/en\/wp-json\/wp\/v2\/product"}],"about":[{"href":"https:\/\/luxpro.pt\/en\/wp-json\/wp\/v2\/types\/product"}],"replies":[{"embeddable":true,"href":"https:\/\/luxpro.pt\/en\/wp-json\/wp\/v2\/comments?post=3306"}],"wp:featuredmedia":[{"embeddable":true,"href":"https:\/\/luxpro.pt\/en\/wp-json\/wp\/v2\/media\/3307"}],"wp:attachment":[{"href":"https:\/\/luxpro.pt\/en\/wp-json\/wp\/v2\/media?parent=3306"}],"wp:term":[{"taxonomy":"product_brand","embeddable":true,"href":"https:\/\/luxpro.pt\/en\/wp-json\/wp\/v2\/product_brand?post=3306"},{"taxonomy":"product_cat","embeddable":true,"href":"https:\/\/luxpro.pt\/en\/wp-json\/wp\/v2\/product_cat?post=3306"},{"taxonomy":"product_tag","embeddable":true,"href":"https:\/\/luxpro.pt\/en\/wp-json\/wp\/v2\/product_tag?post=3306"}],"curies":[{"name":"wp","href":"https:\/\/api.w.org\/{rel}","templated":true}]}}