{"id":3625,"date":"2019-10-23T15:39:52","date_gmt":"2019-10-23T15:39:52","guid":{"rendered":"https:\/\/luxpro.pt\/?post_type=product&#038;p=3625"},"modified":"2023-10-02T20:10:39","modified_gmt":"2023-10-02T19:10:39","slug":"selector-2-posicoes-com-chave-1-contacto-sassin","status":"publish","type":"product","link":"https:\/\/luxpro.pt\/en\/produto\/selector-2-posicoes-com-chave-1-contacto-sassin","title":{"rendered":"Selector 2 posi\u00e7\u00f5es com chave"},"content":{"rendered":"<p>SELECTOR 2 POSI\u00c7\u00d5ES COM CHAVE 1 CONTACTO SASSIN<\/p>\n","protected":false},"excerpt":{"rendered":"<p>SELECTOR 2 POSI\u00c7\u00d5ES COM CHAVE 1 CONTACTO SASSIN<\/p>\n","protected":false},"featured_media":3626,"comment_status":"open","ping_status":"closed","template":"","meta":[],"product_brand":[],"product_cat":[28],"product_tag":[2773,1284,2772],"class_list":{"0":"post-3625","1":"product","2":"type-product","3":"status-publish","4":"has-post-thumbnail","6":"product_cat-componentes-electricos-e-industriais","7":"product_tag-sassin","8":"product_tag-selector","9":"product_tag-selerctor-2-posicoes","11":"first","12":"instock","13":"taxable","14":"shipping-taxable","15":"purchasable","16":"product-type-simple"},"yoast_head":"<!-- This site is optimized with the Yoast SEO plugin v26.5 - https:\/\/yoast.com\/wordpress\/plugins\/seo\/ -->\n<title>Selector 2 posi\u00e7\u00f5es com chave - LuxPro<\/title>\n<meta name=\"description\" content=\"SELECTOR 2 POSI\u00c7\u00d5ES COM CHAVE 1 CONTACTO SASSIN\" \/>\n<meta name=\"robots\" content=\"index, follow, max-snippet:-1, max-image-preview:large, max-video-preview:-1\" \/>\n<link rel=\"canonical\" href=\"https:\/\/luxpro.pt\/en\/produto\/selector-2-posicoes-com-chave-1-contacto-sassin\" \/>\n<meta property=\"og:locale\" content=\"en_US\" \/>\n<meta property=\"og:type\" content=\"article\" \/>\n<meta property=\"og:title\" content=\"Selector 2 posi\u00e7\u00f5es com chave - LuxPro\" \/>\n<meta property=\"og:description\" content=\"SELECTOR 2 POSI\u00c7\u00d5ES COM CHAVE 1 CONTACTO SASSIN\" \/>\n<meta property=\"og:url\" content=\"https:\/\/luxpro.pt\/en\/produto\/selector-2-posicoes-com-chave-1-contacto-sassin\" \/>\n<meta property=\"og:site_name\" content=\"LuxPro\" \/>\n<meta property=\"article:modified_time\" content=\"2023-10-02T19:10:39+00:00\" \/>\n<meta property=\"og:image\" content=\"https:\/\/luxpro.pt\/wp-content\/uploads\/2019\/10\/82234.jpg\" \/>\n\t<meta property=\"og:image:width\" content=\"1000\" \/>\n\t<meta property=\"og:image:height\" content=\"1000\" \/>\n\t<meta property=\"og:image:type\" content=\"image\/jpeg\" \/>\n<meta name=\"twitter:card\" content=\"summary_large_image\" \/>\n<meta name=\"twitter:label1\" content=\"Est. reading time\" \/>\n\t<meta name=\"twitter:data1\" content=\"1 minute\" \/>\n<script type=\"application\/ld+json\" class=\"yoast-schema-graph\">{\"@context\":\"https:\/\/schema.org\",\"@graph\":[{\"@type\":\"WebPage\",\"@id\":\"https:\/\/luxpro.pt\/en\/produto\/selector-2-posicoes-com-chave-1-contacto-sassin\",\"url\":\"https:\/\/luxpro.pt\/en\/produto\/selector-2-posicoes-com-chave-1-contacto-sassin\",\"name\":\"Selector 2 posi\u00e7\u00f5es com chave - LuxPro\",\"isPartOf\":{\"@id\":\"https:\/\/luxpro.pt\/en#website\"},\"primaryImageOfPage\":{\"@id\":\"https:\/\/luxpro.pt\/en\/produto\/selector-2-posicoes-com-chave-1-contacto-sassin#primaryimage\"},\"image\":{\"@id\":\"https:\/\/luxpro.pt\/en\/produto\/selector-2-posicoes-com-chave-1-contacto-sassin#primaryimage\"},\"thumbnailUrl\":\"https:\/\/luxpro.pt\/wp-content\/uploads\/2019\/10\/82234.jpg\",\"datePublished\":\"2019-10-23T15:39:52+00:00\",\"dateModified\":\"2023-10-02T19:10:39+00:00\",\"description\":\"SELECTOR 2 POSI\u00c7\u00d5ES COM CHAVE 1 CONTACTO SASSIN\",\"breadcrumb\":{\"@id\":\"https:\/\/luxpro.pt\/en\/produto\/selector-2-posicoes-com-chave-1-contacto-sassin#breadcrumb\"},\"inLanguage\":\"en-US\",\"potentialAction\":[{\"@type\":\"ReadAction\",\"target\":[\"https:\/\/luxpro.pt\/en\/produto\/selector-2-posicoes-com-chave-1-contacto-sassin\"]}]},{\"@type\":\"ImageObject\",\"inLanguage\":\"en-US\",\"@id\":\"https:\/\/luxpro.pt\/en\/produto\/selector-2-posicoes-com-chave-1-contacto-sassin#primaryimage\",\"url\":\"https:\/\/luxpro.pt\/wp-content\/uploads\/2019\/10\/82234.jpg\",\"contentUrl\":\"https:\/\/luxpro.pt\/wp-content\/uploads\/2019\/10\/82234.jpg\",\"width\":1000,\"height\":1000},{\"@type\":\"BreadcrumbList\",\"@id\":\"https:\/\/luxpro.pt\/en\/produto\/selector-2-posicoes-com-chave-1-contacto-sassin#breadcrumb\",\"itemListElement\":[{\"@type\":\"ListItem\",\"position\":1,\"name\":\"In\u00edcio\",\"item\":\"https:\/\/luxpro.pt\/en\"},{\"@type\":\"ListItem\",\"position\":2,\"name\":\"Shop\",\"item\":\"https:\/\/luxpro.pt\/en\/shop\"},{\"@type\":\"ListItem\",\"position\":3,\"name\":\"Selector 2 posi\u00e7\u00f5es com chave\"}]},{\"@type\":\"WebSite\",\"@id\":\"https:\/\/luxpro.pt\/en#website\",\"url\":\"https:\/\/luxpro.pt\/en\",\"name\":\"LuxPro\",\"description\":\"\",\"publisher\":{\"@id\":\"https:\/\/luxpro.pt\/en#\/schema\/person\/2d1bed59a52ad49be71622bef025e341\"},\"potentialAction\":[{\"@type\":\"SearchAction\",\"target\":{\"@type\":\"EntryPoint\",\"urlTemplate\":\"https:\/\/luxpro.pt\/en?s={search_term_string}\"},\"query-input\":{\"@type\":\"PropertyValueSpecification\",\"valueRequired\":true,\"valueName\":\"search_term_string\"}}],\"inLanguage\":\"en-US\"},{\"@type\":[\"Person\",\"Organization\"],\"@id\":\"https:\/\/luxpro.pt\/en#\/schema\/person\/2d1bed59a52ad49be71622bef025e341\",\"name\":\"Tiago Amadeu Ferreira\",\"image\":{\"@type\":\"ImageObject\",\"inLanguage\":\"en-US\",\"@id\":\"https:\/\/luxpro.pt\/en#\/schema\/person\/image\/\",\"url\":\"https:\/\/luxpro.pt\/wp-content\/uploads\/2017\/11\/logo.jpg\",\"contentUrl\":\"https:\/\/luxpro.pt\/wp-content\/uploads\/2017\/11\/logo.jpg\",\"width\":150,\"height\":33,\"caption\":\"Tiago Amadeu Ferreira\"},\"logo\":{\"@id\":\"https:\/\/luxpro.pt\/en#\/schema\/person\/image\/\"}}]}<\/script>\n<!-- \/ Yoast SEO plugin. -->","yoast_head_json":{"title":"Selector 2 posi\u00e7\u00f5es com chave - LuxPro","description":"SELECTOR 2 POSI\u00c7\u00d5ES COM CHAVE 1 CONTACTO SASSIN","robots":{"index":"index","follow":"follow","max-snippet":"max-snippet:-1","max-image-preview":"max-image-preview:large","max-video-preview":"max-video-preview:-1"},"canonical":"https:\/\/luxpro.pt\/en\/produto\/selector-2-posicoes-com-chave-1-contacto-sassin","og_locale":"en_US","og_type":"article","og_title":"Selector 2 posi\u00e7\u00f5es com chave - LuxPro","og_description":"SELECTOR 2 POSI\u00c7\u00d5ES COM CHAVE 1 CONTACTO SASSIN","og_url":"https:\/\/luxpro.pt\/en\/produto\/selector-2-posicoes-com-chave-1-contacto-sassin","og_site_name":"LuxPro","article_modified_time":"2023-10-02T19:10:39+00:00","og_image":[{"width":1000,"height":1000,"url":"https:\/\/luxpro.pt\/wp-content\/uploads\/2019\/10\/82234.jpg","type":"image\/jpeg"}],"twitter_card":"summary_large_image","twitter_misc":{"Est. reading time":"1 minute"},"schema":{"@context":"https:\/\/schema.org","@graph":[{"@type":"WebPage","@id":"https:\/\/luxpro.pt\/en\/produto\/selector-2-posicoes-com-chave-1-contacto-sassin","url":"https:\/\/luxpro.pt\/en\/produto\/selector-2-posicoes-com-chave-1-contacto-sassin","name":"Selector 2 posi\u00e7\u00f5es com chave - LuxPro","isPartOf":{"@id":"https:\/\/luxpro.pt\/en#website"},"primaryImageOfPage":{"@id":"https:\/\/luxpro.pt\/en\/produto\/selector-2-posicoes-com-chave-1-contacto-sassin#primaryimage"},"image":{"@id":"https:\/\/luxpro.pt\/en\/produto\/selector-2-posicoes-com-chave-1-contacto-sassin#primaryimage"},"thumbnailUrl":"https:\/\/luxpro.pt\/wp-content\/uploads\/2019\/10\/82234.jpg","datePublished":"2019-10-23T15:39:52+00:00","dateModified":"2023-10-02T19:10:39+00:00","description":"SELECTOR 2 POSI\u00c7\u00d5ES COM CHAVE 1 CONTACTO SASSIN","breadcrumb":{"@id":"https:\/\/luxpro.pt\/en\/produto\/selector-2-posicoes-com-chave-1-contacto-sassin#breadcrumb"},"inLanguage":"en-US","potentialAction":[{"@type":"ReadAction","target":["https:\/\/luxpro.pt\/en\/produto\/selector-2-posicoes-com-chave-1-contacto-sassin"]}]},{"@type":"ImageObject","inLanguage":"en-US","@id":"https:\/\/luxpro.pt\/en\/produto\/selector-2-posicoes-com-chave-1-contacto-sassin#primaryimage","url":"https:\/\/luxpro.pt\/wp-content\/uploads\/2019\/10\/82234.jpg","contentUrl":"https:\/\/luxpro.pt\/wp-content\/uploads\/2019\/10\/82234.jpg","width":1000,"height":1000},{"@type":"BreadcrumbList","@id":"https:\/\/luxpro.pt\/en\/produto\/selector-2-posicoes-com-chave-1-contacto-sassin#breadcrumb","itemListElement":[{"@type":"ListItem","position":1,"name":"In\u00edcio","item":"https:\/\/luxpro.pt\/en"},{"@type":"ListItem","position":2,"name":"Shop","item":"https:\/\/luxpro.pt\/en\/shop"},{"@type":"ListItem","position":3,"name":"Selector 2 posi\u00e7\u00f5es com chave"}]},{"@type":"WebSite","@id":"https:\/\/luxpro.pt\/en#website","url":"https:\/\/luxpro.pt\/en","name":"LuxPro","description":"","publisher":{"@id":"https:\/\/luxpro.pt\/en#\/schema\/person\/2d1bed59a52ad49be71622bef025e341"},"potentialAction":[{"@type":"SearchAction","target":{"@type":"EntryPoint","urlTemplate":"https:\/\/luxpro.pt\/en?s={search_term_string}"},"query-input":{"@type":"PropertyValueSpecification","valueRequired":true,"valueName":"search_term_string"}}],"inLanguage":"en-US"},{"@type":["Person","Organization"],"@id":"https:\/\/luxpro.pt\/en#\/schema\/person\/2d1bed59a52ad49be71622bef025e341","name":"Tiago Amadeu Ferreira","image":{"@type":"ImageObject","inLanguage":"en-US","@id":"https:\/\/luxpro.pt\/en#\/schema\/person\/image\/","url":"https:\/\/luxpro.pt\/wp-content\/uploads\/2017\/11\/logo.jpg","contentUrl":"https:\/\/luxpro.pt\/wp-content\/uploads\/2017\/11\/logo.jpg","width":150,"height":33,"caption":"Tiago Amadeu Ferreira"},"logo":{"@id":"https:\/\/luxpro.pt\/en#\/schema\/person\/image\/"}}]}},"tiered_pricing_type":"fixed","tiered_pricing_fixed_rules":[],"tiered_pricing_product_settings":{"layout":"default","base_unit_name":{"singular":null,"plural":null},"default_variation":null},"tiered_pricing_minimum_quantity":null,"tiered_pricing_roles_data":[],"tiered_pricing_percentage_rules":[],"_links":{"self":[{"href":"https:\/\/luxpro.pt\/en\/wp-json\/wp\/v2\/product\/3625","targetHints":{"allow":["GET"]}}],"collection":[{"href":"https:\/\/luxpro.pt\/en\/wp-json\/wp\/v2\/product"}],"about":[{"href":"https:\/\/luxpro.pt\/en\/wp-json\/wp\/v2\/types\/product"}],"replies":[{"embeddable":true,"href":"https:\/\/luxpro.pt\/en\/wp-json\/wp\/v2\/comments?post=3625"}],"wp:featuredmedia":[{"embeddable":true,"href":"https:\/\/luxpro.pt\/en\/wp-json\/wp\/v2\/media\/3626"}],"wp:attachment":[{"href":"https:\/\/luxpro.pt\/en\/wp-json\/wp\/v2\/media?parent=3625"}],"wp:term":[{"taxonomy":"product_brand","embeddable":true,"href":"https:\/\/luxpro.pt\/en\/wp-json\/wp\/v2\/product_brand?post=3625"},{"taxonomy":"product_cat","embeddable":true,"href":"https:\/\/luxpro.pt\/en\/wp-json\/wp\/v2\/product_cat?post=3625"},{"taxonomy":"product_tag","embeddable":true,"href":"https:\/\/luxpro.pt\/en\/wp-json\/wp\/v2\/product_tag?post=3625"}],"curies":[{"name":"wp","href":"https:\/\/api.w.org\/{rel}","templated":true}]}}