{"id":3951,"date":"2019-12-09T16:31:30","date_gmt":"2019-12-09T16:31:30","guid":{"rendered":"https:\/\/luxpro.pt\/?post_type=product&#038;p=3951"},"modified":"2023-06-19T19:46:31","modified_gmt":"2023-06-19T18:46:31","slug":"borne-universal-p-calha-din-viking-cinza-rsa-2-5a-100-unidades","status":"publish","type":"product","link":"https:\/\/luxpro.pt\/en\/produto\/borne-universal-p-calha-din-viking-cinza-rsa-2-5a-100-unidades","title":{"rendered":"Borne Universal P\/ Calha DIN VIKING cinza RSA 2.5A (100 unidades)"},"content":{"rendered":"<table width=\"564\">\n<tbody>\n<tr>\n<td>Se\u00e7\u00e3o transversal nominal do condutor [mm2]<\/td>\n<td>2,5<\/td>\n<\/tr>\n<tr>\n<td>Corrente nominal [A] *<\/td>\n<td>24<\/td>\n<\/tr>\n<tr>\n<td>Resist\u00eancia a curto-circuito [A]<\/td>\n<td>300<\/td>\n<\/tr>\n<tr>\n<td>Tens\u00e3o operacional m\u00e1xima [V]<\/td>\n<td>1.000<\/td>\n<\/tr>\n<tr>\n<td>Tens\u00e3o nominal de isolamento Ui [U]<\/td>\n<td>1.000<\/td>\n<\/tr>\n<tr>\n<td>Tens\u00e3o nominal suport\u00e1vel de impulso U (imp) [kV]<\/td>\n<td>6<\/td>\n<\/tr>\n<tr>\n<td>IP<\/td>\n<td>20<\/td>\n<\/tr>\n<tr>\n<td>Tipo de conex\u00e3o \/ ponta de chave de fenda (cruzada \/ chata)<\/td>\n<td>parafuso \/ PH 0 \/ 0,5 \u00d7 3<\/td>\n<\/tr>\n<tr>\n<td>N\u00famero de conex\u00f5es<\/td>\n<td>\u00a02<\/td>\n<\/tr>\n<tr>\n<td>Parafuso de fixa\u00e7\u00e3o<\/td>\n<td>M 2,5x 7,6<\/td>\n<\/tr>\n<tr>\n<td>\u00a0Largura \/ altura \/ comprimento [mm]<\/td>\n<td>5 \/ 40,5 \/ 41,5<\/td>\n<\/tr>\n<\/tbody>\n<\/table>\n<p>&nbsp;<\/p>\n","protected":false},"excerpt":{"rendered":"<p>Se\u00e7\u00e3o transversal nominal do condutor [mm2] 2,5 Corrente nominal [A] * 24 Resist\u00eancia a curto-circuito [A] 300 Tens\u00e3o operacional m\u00e1xima [V] 1.000 Tens\u00e3o nominal de isolamento Ui [U] 1.000 Tens\u00e3o nominal suport\u00e1vel de impulso U (imp) [kV] 6 IP 20 Tipo de conex\u00e3o \/ ponta de chave de fenda (cruzada \/ chata) parafuso \/ PH 0 \/ 0,5 \u00d7 3 [&hellip;]<\/p>\n","protected":false},"featured_media":3929,"comment_status":"open","ping_status":"closed","template":"","meta":[],"product_brand":[],"product_cat":[20,675],"product_tag":[],"class_list":{"0":"post-3951","1":"product","2":"type-product","3":"status-publish","4":"has-post-thumbnail","6":"product_cat-materiais-eletricos","7":"product_cat-ligadores","9":"first","10":"instock","11":"taxable","12":"shipping-taxable","13":"purchasable","14":"product-type-simple"},"yoast_head":"<!-- This site is optimized with the Yoast SEO plugin v26.5 - https:\/\/yoast.com\/wordpress\/plugins\/seo\/ -->\n<title>LuxPro<\/title>\n<meta name=\"description\" content=\"Se\u00e7\u00e3o transversal nominal do condutor 2,5 Corrente nominal * 24 Resist\u00eancia a curto-circuito 300 Tens\u00e3o operacional m\u00e1xima 1.000 Tens\u00e3o nominal de\" \/>\n<meta name=\"robots\" content=\"index, follow, max-snippet:-1, max-image-preview:large, max-video-preview:-1\" \/>\n<link rel=\"canonical\" href=\"https:\/\/luxpro.pt\/en\/produto\/borne-universal-p-calha-din-viking-cinza-rsa-2-5a-100-unidades\" \/>\n<meta property=\"og:locale\" content=\"en_US\" \/>\n<meta property=\"og:type\" content=\"article\" \/>\n<meta property=\"og:title\" content=\"LuxPro\" \/>\n<meta property=\"og:description\" content=\"Se\u00e7\u00e3o transversal nominal do condutor 2,5 Corrente nominal * 24 Resist\u00eancia a curto-circuito 300 Tens\u00e3o operacional m\u00e1xima 1.000 Tens\u00e3o nominal de\" \/>\n<meta property=\"og:url\" content=\"https:\/\/luxpro.pt\/en\/produto\/borne-universal-p-calha-din-viking-cinza-rsa-2-5a-100-unidades\" \/>\n<meta property=\"og:site_name\" content=\"LuxPro\" \/>\n<meta property=\"article:modified_time\" content=\"2023-06-19T18:46:31+00:00\" \/>\n<meta property=\"og:image\" content=\"https:\/\/luxpro.pt\/wp-content\/uploads\/2019\/12\/2.5.jpg\" \/>\n\t<meta property=\"og:image:width\" content=\"1181\" \/>\n\t<meta property=\"og:image:height\" content=\"1181\" \/>\n\t<meta property=\"og:image:type\" content=\"image\/jpeg\" \/>\n<meta name=\"twitter:card\" content=\"summary_large_image\" \/>\n<meta name=\"twitter:label1\" content=\"Est. reading time\" \/>\n\t<meta name=\"twitter:data1\" content=\"1 minute\" \/>\n<script type=\"application\/ld+json\" class=\"yoast-schema-graph\">{\"@context\":\"https:\/\/schema.org\",\"@graph\":[{\"@type\":\"WebPage\",\"@id\":\"https:\/\/luxpro.pt\/en\/produto\/borne-universal-p-calha-din-viking-cinza-rsa-2-5a-100-unidades\",\"url\":\"https:\/\/luxpro.pt\/en\/produto\/borne-universal-p-calha-din-viking-cinza-rsa-2-5a-100-unidades\",\"name\":\"LuxPro\",\"isPartOf\":{\"@id\":\"https:\/\/luxpro.pt\/en#website\"},\"primaryImageOfPage\":{\"@id\":\"https:\/\/luxpro.pt\/en\/produto\/borne-universal-p-calha-din-viking-cinza-rsa-2-5a-100-unidades#primaryimage\"},\"image\":{\"@id\":\"https:\/\/luxpro.pt\/en\/produto\/borne-universal-p-calha-din-viking-cinza-rsa-2-5a-100-unidades#primaryimage\"},\"thumbnailUrl\":\"https:\/\/luxpro.pt\/wp-content\/uploads\/2019\/12\/2.5.jpg\",\"datePublished\":\"2019-12-09T16:31:30+00:00\",\"dateModified\":\"2023-06-19T18:46:31+00:00\",\"description\":\"Se\u00e7\u00e3o transversal nominal do condutor 2,5 Corrente nominal * 24 Resist\u00eancia a curto-circuito 300 Tens\u00e3o operacional m\u00e1xima 1.000 Tens\u00e3o nominal de\",\"breadcrumb\":{\"@id\":\"https:\/\/luxpro.pt\/en\/produto\/borne-universal-p-calha-din-viking-cinza-rsa-2-5a-100-unidades#breadcrumb\"},\"inLanguage\":\"en-US\",\"potentialAction\":[{\"@type\":\"ReadAction\",\"target\":[\"https:\/\/luxpro.pt\/en\/produto\/borne-universal-p-calha-din-viking-cinza-rsa-2-5a-100-unidades\"]}]},{\"@type\":\"ImageObject\",\"inLanguage\":\"en-US\",\"@id\":\"https:\/\/luxpro.pt\/en\/produto\/borne-universal-p-calha-din-viking-cinza-rsa-2-5a-100-unidades#primaryimage\",\"url\":\"https:\/\/luxpro.pt\/wp-content\/uploads\/2019\/12\/2.5.jpg\",\"contentUrl\":\"https:\/\/luxpro.pt\/wp-content\/uploads\/2019\/12\/2.5.jpg\",\"width\":1181,\"height\":1181},{\"@type\":\"BreadcrumbList\",\"@id\":\"https:\/\/luxpro.pt\/en\/produto\/borne-universal-p-calha-din-viking-cinza-rsa-2-5a-100-unidades#breadcrumb\",\"itemListElement\":[{\"@type\":\"ListItem\",\"position\":1,\"name\":\"In\u00edcio\",\"item\":\"https:\/\/luxpro.pt\/en\"},{\"@type\":\"ListItem\",\"position\":2,\"name\":\"Shop\",\"item\":\"https:\/\/luxpro.pt\/en\/shop\"},{\"@type\":\"ListItem\",\"position\":3,\"name\":\"Borne Universal P\/ Calha DIN VIKING cinza RSA 2.5A (100 unidades)\"}]},{\"@type\":\"WebSite\",\"@id\":\"https:\/\/luxpro.pt\/en#website\",\"url\":\"https:\/\/luxpro.pt\/en\",\"name\":\"LuxPro\",\"description\":\"\",\"publisher\":{\"@id\":\"https:\/\/luxpro.pt\/en#\/schema\/person\/2d1bed59a52ad49be71622bef025e341\"},\"potentialAction\":[{\"@type\":\"SearchAction\",\"target\":{\"@type\":\"EntryPoint\",\"urlTemplate\":\"https:\/\/luxpro.pt\/en?s={search_term_string}\"},\"query-input\":{\"@type\":\"PropertyValueSpecification\",\"valueRequired\":true,\"valueName\":\"search_term_string\"}}],\"inLanguage\":\"en-US\"},{\"@type\":[\"Person\",\"Organization\"],\"@id\":\"https:\/\/luxpro.pt\/en#\/schema\/person\/2d1bed59a52ad49be71622bef025e341\",\"name\":\"Tiago Amadeu Ferreira\",\"image\":{\"@type\":\"ImageObject\",\"inLanguage\":\"en-US\",\"@id\":\"https:\/\/luxpro.pt\/en#\/schema\/person\/image\/\",\"url\":\"https:\/\/luxpro.pt\/wp-content\/uploads\/2017\/11\/logo.jpg\",\"contentUrl\":\"https:\/\/luxpro.pt\/wp-content\/uploads\/2017\/11\/logo.jpg\",\"width\":150,\"height\":33,\"caption\":\"Tiago Amadeu Ferreira\"},\"logo\":{\"@id\":\"https:\/\/luxpro.pt\/en#\/schema\/person\/image\/\"}}]}<\/script>\n<!-- \/ Yoast SEO plugin. -->","yoast_head_json":{"title":"LuxPro","description":"Se\u00e7\u00e3o transversal nominal do condutor 2,5 Corrente nominal * 24 Resist\u00eancia a curto-circuito 300 Tens\u00e3o operacional m\u00e1xima 1.000 Tens\u00e3o nominal de","robots":{"index":"index","follow":"follow","max-snippet":"max-snippet:-1","max-image-preview":"max-image-preview:large","max-video-preview":"max-video-preview:-1"},"canonical":"https:\/\/luxpro.pt\/en\/produto\/borne-universal-p-calha-din-viking-cinza-rsa-2-5a-100-unidades","og_locale":"en_US","og_type":"article","og_title":"LuxPro","og_description":"Se\u00e7\u00e3o transversal nominal do condutor 2,5 Corrente nominal * 24 Resist\u00eancia a curto-circuito 300 Tens\u00e3o operacional m\u00e1xima 1.000 Tens\u00e3o nominal de","og_url":"https:\/\/luxpro.pt\/en\/produto\/borne-universal-p-calha-din-viking-cinza-rsa-2-5a-100-unidades","og_site_name":"LuxPro","article_modified_time":"2023-06-19T18:46:31+00:00","og_image":[{"width":1181,"height":1181,"url":"https:\/\/luxpro.pt\/wp-content\/uploads\/2019\/12\/2.5.jpg","type":"image\/jpeg"}],"twitter_card":"summary_large_image","twitter_misc":{"Est. reading time":"1 minute"},"schema":{"@context":"https:\/\/schema.org","@graph":[{"@type":"WebPage","@id":"https:\/\/luxpro.pt\/en\/produto\/borne-universal-p-calha-din-viking-cinza-rsa-2-5a-100-unidades","url":"https:\/\/luxpro.pt\/en\/produto\/borne-universal-p-calha-din-viking-cinza-rsa-2-5a-100-unidades","name":"LuxPro","isPartOf":{"@id":"https:\/\/luxpro.pt\/en#website"},"primaryImageOfPage":{"@id":"https:\/\/luxpro.pt\/en\/produto\/borne-universal-p-calha-din-viking-cinza-rsa-2-5a-100-unidades#primaryimage"},"image":{"@id":"https:\/\/luxpro.pt\/en\/produto\/borne-universal-p-calha-din-viking-cinza-rsa-2-5a-100-unidades#primaryimage"},"thumbnailUrl":"https:\/\/luxpro.pt\/wp-content\/uploads\/2019\/12\/2.5.jpg","datePublished":"2019-12-09T16:31:30+00:00","dateModified":"2023-06-19T18:46:31+00:00","description":"Se\u00e7\u00e3o transversal nominal do condutor 2,5 Corrente nominal * 24 Resist\u00eancia a curto-circuito 300 Tens\u00e3o operacional m\u00e1xima 1.000 Tens\u00e3o nominal de","breadcrumb":{"@id":"https:\/\/luxpro.pt\/en\/produto\/borne-universal-p-calha-din-viking-cinza-rsa-2-5a-100-unidades#breadcrumb"},"inLanguage":"en-US","potentialAction":[{"@type":"ReadAction","target":["https:\/\/luxpro.pt\/en\/produto\/borne-universal-p-calha-din-viking-cinza-rsa-2-5a-100-unidades"]}]},{"@type":"ImageObject","inLanguage":"en-US","@id":"https:\/\/luxpro.pt\/en\/produto\/borne-universal-p-calha-din-viking-cinza-rsa-2-5a-100-unidades#primaryimage","url":"https:\/\/luxpro.pt\/wp-content\/uploads\/2019\/12\/2.5.jpg","contentUrl":"https:\/\/luxpro.pt\/wp-content\/uploads\/2019\/12\/2.5.jpg","width":1181,"height":1181},{"@type":"BreadcrumbList","@id":"https:\/\/luxpro.pt\/en\/produto\/borne-universal-p-calha-din-viking-cinza-rsa-2-5a-100-unidades#breadcrumb","itemListElement":[{"@type":"ListItem","position":1,"name":"In\u00edcio","item":"https:\/\/luxpro.pt\/en"},{"@type":"ListItem","position":2,"name":"Shop","item":"https:\/\/luxpro.pt\/en\/shop"},{"@type":"ListItem","position":3,"name":"Borne Universal P\/ Calha DIN VIKING cinza RSA 2.5A (100 unidades)"}]},{"@type":"WebSite","@id":"https:\/\/luxpro.pt\/en#website","url":"https:\/\/luxpro.pt\/en","name":"LuxPro","description":"","publisher":{"@id":"https:\/\/luxpro.pt\/en#\/schema\/person\/2d1bed59a52ad49be71622bef025e341"},"potentialAction":[{"@type":"SearchAction","target":{"@type":"EntryPoint","urlTemplate":"https:\/\/luxpro.pt\/en?s={search_term_string}"},"query-input":{"@type":"PropertyValueSpecification","valueRequired":true,"valueName":"search_term_string"}}],"inLanguage":"en-US"},{"@type":["Person","Organization"],"@id":"https:\/\/luxpro.pt\/en#\/schema\/person\/2d1bed59a52ad49be71622bef025e341","name":"Tiago Amadeu Ferreira","image":{"@type":"ImageObject","inLanguage":"en-US","@id":"https:\/\/luxpro.pt\/en#\/schema\/person\/image\/","url":"https:\/\/luxpro.pt\/wp-content\/uploads\/2017\/11\/logo.jpg","contentUrl":"https:\/\/luxpro.pt\/wp-content\/uploads\/2017\/11\/logo.jpg","width":150,"height":33,"caption":"Tiago Amadeu Ferreira"},"logo":{"@id":"https:\/\/luxpro.pt\/en#\/schema\/person\/image\/"}}]}},"tiered_pricing_type":"fixed","tiered_pricing_fixed_rules":[],"tiered_pricing_product_settings":{"layout":"default","base_unit_name":{"singular":null,"plural":null},"default_variation":null},"tiered_pricing_minimum_quantity":null,"tiered_pricing_roles_data":[],"tiered_pricing_percentage_rules":[],"_links":{"self":[{"href":"https:\/\/luxpro.pt\/en\/wp-json\/wp\/v2\/product\/3951","targetHints":{"allow":["GET"]}}],"collection":[{"href":"https:\/\/luxpro.pt\/en\/wp-json\/wp\/v2\/product"}],"about":[{"href":"https:\/\/luxpro.pt\/en\/wp-json\/wp\/v2\/types\/product"}],"replies":[{"embeddable":true,"href":"https:\/\/luxpro.pt\/en\/wp-json\/wp\/v2\/comments?post=3951"}],"wp:featuredmedia":[{"embeddable":true,"href":"https:\/\/luxpro.pt\/en\/wp-json\/wp\/v2\/media\/3929"}],"wp:attachment":[{"href":"https:\/\/luxpro.pt\/en\/wp-json\/wp\/v2\/media?parent=3951"}],"wp:term":[{"taxonomy":"product_brand","embeddable":true,"href":"https:\/\/luxpro.pt\/en\/wp-json\/wp\/v2\/product_brand?post=3951"},{"taxonomy":"product_cat","embeddable":true,"href":"https:\/\/luxpro.pt\/en\/wp-json\/wp\/v2\/product_cat?post=3951"},{"taxonomy":"product_tag","embeddable":true,"href":"https:\/\/luxpro.pt\/en\/wp-json\/wp\/v2\/product_tag?post=3951"}],"curies":[{"name":"wp","href":"https:\/\/api.w.org\/{rel}","templated":true}]}}