{"id":436,"date":"2018-09-04T10:48:25","date_gmt":"2018-09-04T10:48:25","guid":{"rendered":"https:\/\/luxpro.pt\/produto\/aplique-de-parede-para-iluminacao-interior-cunha-500mm-frlcunha\/"},"modified":"2025-01-22T16:20:26","modified_gmt":"2025-01-22T16:20:26","slug":"aplique-de-parede-para-iluminacao-interior-cunha-500mm-frlcunha","status":"publish","type":"product","link":"https:\/\/luxpro.pt\/en\/produto\/aplique-de-parede-para-iluminacao-interior-cunha-500mm-frlcunha","title":{"rendered":"Aplique de Parede Cunha Branco 500mm 18W LED 3000k"},"content":{"rendered":"<p>&nbsp;<\/p>\n<ul>\n<li>Corpo em chapa lacado<\/li>\n<li>Acabamento em Cor branco<\/li>\n<li>1 Placa de LED 420mm 500mA total 18w 3258 lumens<\/li>\n<li>Dispon\u00edvel em 2700k, 4000k, 6500k<\/li>\n<li>Fixa\u00e7\u00e3o do Aplique em parede.<\/li>\n<li>Equipamento ele\u0301trico, alimentac\u0327a\u0303o 230-240V\/50Hz<\/li>\n<\/ul>\n","protected":false},"excerpt":{"rendered":"<p>&nbsp; Corpo em chapa lacado Acabamento em Cor branco 1 Placa de LED 420mm 500mA total 18w 3258 lumens Dispon\u00edvel em 2700k, 4000k, 6500k Fixa\u00e7\u00e3o do Aplique em parede. Equipamento ele\u0301trico, alimentac\u0327a\u0303o 230-240V\/50Hz<\/p>\n","protected":false},"featured_media":433,"comment_status":"closed","ping_status":"closed","template":"","meta":[],"product_brand":[],"product_cat":[1530],"product_tag":[],"class_list":{"0":"post-436","1":"product","2":"type-product","3":"status-publish","4":"has-post-thumbnail","6":"product_cat-apliques-de-parede-interior","7":"pa_cor-branco","8":"pa_medida-mm-a170xl500xp120mm","9":"pa_material-de-fabrico-aluminio","10":"pa_acabamento-branco-cinza-preto","11":"pa_potencia-admissivel-18w","12":"pa_tensao-de-entrada-230-240v-50hz","13":"pa_grau-de-isolamento-classe-i","15":"first","16":"instock","17":"taxable","18":"shipping-taxable","19":"purchasable","20":"product-type-simple"},"yoast_head":"<!-- This site is optimized with the Yoast SEO plugin v26.5 - https:\/\/yoast.com\/wordpress\/plugins\/seo\/ -->\n<title>Aplique de Parede Cunha Branco 500mm 18W LED 3000k -<\/title>\n<meta name=\"description\" content=\"&nbsp; Corpo em chapa lacado Acabamento em Cor branco 1 Placa de LED 420mm 500mA total 18w 3258 lumens Dispon\u00edvel em 2700k, 4000k, 6500k Fixa\u00e7\u00e3o do\" \/>\n<meta name=\"robots\" content=\"index, follow, max-snippet:-1, max-image-preview:large, max-video-preview:-1\" \/>\n<link rel=\"canonical\" href=\"https:\/\/luxpro.pt\/en\/produto\/aplique-de-parede-para-iluminacao-interior-cunha-500mm-frlcunha\" \/>\n<meta property=\"og:locale\" content=\"en_US\" \/>\n<meta property=\"og:type\" content=\"article\" \/>\n<meta property=\"og:title\" content=\"Aplique de Parede Cunha Branco 500mm 18W LED 3000k -\" \/>\n<meta property=\"og:description\" content=\"&nbsp; Corpo em chapa lacado Acabamento em Cor branco 1 Placa de LED 420mm 500mA total 18w 3258 lumens Dispon\u00edvel em 2700k, 4000k, 6500k Fixa\u00e7\u00e3o do\" \/>\n<meta property=\"og:url\" content=\"https:\/\/luxpro.pt\/en\/produto\/aplique-de-parede-para-iluminacao-interior-cunha-500mm-frlcunha\" \/>\n<meta property=\"og:site_name\" content=\"LuxPro\" \/>\n<meta property=\"article:modified_time\" content=\"2025-01-22T16:20:26+00:00\" \/>\n<meta property=\"og:image\" content=\"https:\/\/luxpro.pt\/wp-content\/uploads\/2018\/09\/CUNHA.jpg\" \/>\n\t<meta property=\"og:image:width\" content=\"1000\" \/>\n\t<meta property=\"og:image:height\" content=\"1000\" \/>\n\t<meta property=\"og:image:type\" content=\"image\/jpeg\" \/>\n<meta name=\"twitter:card\" content=\"summary_large_image\" \/>\n<meta name=\"twitter:label1\" content=\"Est. reading time\" \/>\n\t<meta name=\"twitter:data1\" content=\"1 minute\" \/>\n<script type=\"application\/ld+json\" class=\"yoast-schema-graph\">{\"@context\":\"https:\/\/schema.org\",\"@graph\":[{\"@type\":\"WebPage\",\"@id\":\"https:\/\/luxpro.pt\/en\/produto\/aplique-de-parede-para-iluminacao-interior-cunha-500mm-frlcunha\",\"url\":\"https:\/\/luxpro.pt\/en\/produto\/aplique-de-parede-para-iluminacao-interior-cunha-500mm-frlcunha\",\"name\":\"Aplique de Parede Cunha Branco 500mm 18W LED 3000k -\",\"isPartOf\":{\"@id\":\"https:\/\/luxpro.pt\/en#website\"},\"primaryImageOfPage\":{\"@id\":\"https:\/\/luxpro.pt\/en\/produto\/aplique-de-parede-para-iluminacao-interior-cunha-500mm-frlcunha#primaryimage\"},\"image\":{\"@id\":\"https:\/\/luxpro.pt\/en\/produto\/aplique-de-parede-para-iluminacao-interior-cunha-500mm-frlcunha#primaryimage\"},\"thumbnailUrl\":\"https:\/\/luxpro.pt\/wp-content\/uploads\/2018\/09\/CUNHA.jpg\",\"datePublished\":\"2018-09-04T10:48:25+00:00\",\"dateModified\":\"2025-01-22T16:20:26+00:00\",\"description\":\"&nbsp; Corpo em chapa lacado Acabamento em Cor branco 1 Placa de LED 420mm 500mA total 18w 3258 lumens Dispon\u00edvel em 2700k, 4000k, 6500k Fixa\u00e7\u00e3o do\",\"breadcrumb\":{\"@id\":\"https:\/\/luxpro.pt\/en\/produto\/aplique-de-parede-para-iluminacao-interior-cunha-500mm-frlcunha#breadcrumb\"},\"inLanguage\":\"en-US\",\"potentialAction\":[{\"@type\":\"ReadAction\",\"target\":[\"https:\/\/luxpro.pt\/en\/produto\/aplique-de-parede-para-iluminacao-interior-cunha-500mm-frlcunha\"]}]},{\"@type\":\"ImageObject\",\"inLanguage\":\"en-US\",\"@id\":\"https:\/\/luxpro.pt\/en\/produto\/aplique-de-parede-para-iluminacao-interior-cunha-500mm-frlcunha#primaryimage\",\"url\":\"https:\/\/luxpro.pt\/wp-content\/uploads\/2018\/09\/CUNHA.jpg\",\"contentUrl\":\"https:\/\/luxpro.pt\/wp-content\/uploads\/2018\/09\/CUNHA.jpg\",\"width\":1000,\"height\":1000},{\"@type\":\"BreadcrumbList\",\"@id\":\"https:\/\/luxpro.pt\/en\/produto\/aplique-de-parede-para-iluminacao-interior-cunha-500mm-frlcunha#breadcrumb\",\"itemListElement\":[{\"@type\":\"ListItem\",\"position\":1,\"name\":\"In\u00edcio\",\"item\":\"https:\/\/luxpro.pt\/en\"},{\"@type\":\"ListItem\",\"position\":2,\"name\":\"Shop\",\"item\":\"https:\/\/luxpro.pt\/en\/shop\"},{\"@type\":\"ListItem\",\"position\":3,\"name\":\"Aplique de Parede Cunha Branco 500mm 18W LED 3000k\"}]},{\"@type\":\"WebSite\",\"@id\":\"https:\/\/luxpro.pt\/en#website\",\"url\":\"https:\/\/luxpro.pt\/en\",\"name\":\"LuxPro\",\"description\":\"\",\"publisher\":{\"@id\":\"https:\/\/luxpro.pt\/en#\/schema\/person\/2d1bed59a52ad49be71622bef025e341\"},\"potentialAction\":[{\"@type\":\"SearchAction\",\"target\":{\"@type\":\"EntryPoint\",\"urlTemplate\":\"https:\/\/luxpro.pt\/en?s={search_term_string}\"},\"query-input\":{\"@type\":\"PropertyValueSpecification\",\"valueRequired\":true,\"valueName\":\"search_term_string\"}}],\"inLanguage\":\"en-US\"},{\"@type\":[\"Person\",\"Organization\"],\"@id\":\"https:\/\/luxpro.pt\/en#\/schema\/person\/2d1bed59a52ad49be71622bef025e341\",\"name\":\"Tiago Amadeu Ferreira\",\"image\":{\"@type\":\"ImageObject\",\"inLanguage\":\"en-US\",\"@id\":\"https:\/\/luxpro.pt\/en#\/schema\/person\/image\/\",\"url\":\"https:\/\/luxpro.pt\/wp-content\/uploads\/2017\/11\/logo.jpg\",\"contentUrl\":\"https:\/\/luxpro.pt\/wp-content\/uploads\/2017\/11\/logo.jpg\",\"width\":150,\"height\":33,\"caption\":\"Tiago Amadeu Ferreira\"},\"logo\":{\"@id\":\"https:\/\/luxpro.pt\/en#\/schema\/person\/image\/\"}}]}<\/script>\n<!-- \/ Yoast SEO plugin. -->","yoast_head_json":{"title":"Aplique de Parede Cunha Branco 500mm 18W LED 3000k -","description":"&nbsp; Corpo em chapa lacado Acabamento em Cor branco 1 Placa de LED 420mm 500mA total 18w 3258 lumens Dispon\u00edvel em 2700k, 4000k, 6500k Fixa\u00e7\u00e3o do","robots":{"index":"index","follow":"follow","max-snippet":"max-snippet:-1","max-image-preview":"max-image-preview:large","max-video-preview":"max-video-preview:-1"},"canonical":"https:\/\/luxpro.pt\/en\/produto\/aplique-de-parede-para-iluminacao-interior-cunha-500mm-frlcunha","og_locale":"en_US","og_type":"article","og_title":"Aplique de Parede Cunha Branco 500mm 18W LED 3000k -","og_description":"&nbsp; Corpo em chapa lacado Acabamento em Cor branco 1 Placa de LED 420mm 500mA total 18w 3258 lumens Dispon\u00edvel em 2700k, 4000k, 6500k Fixa\u00e7\u00e3o do","og_url":"https:\/\/luxpro.pt\/en\/produto\/aplique-de-parede-para-iluminacao-interior-cunha-500mm-frlcunha","og_site_name":"LuxPro","article_modified_time":"2025-01-22T16:20:26+00:00","og_image":[{"width":1000,"height":1000,"url":"https:\/\/luxpro.pt\/wp-content\/uploads\/2018\/09\/CUNHA.jpg","type":"image\/jpeg"}],"twitter_card":"summary_large_image","twitter_misc":{"Est. reading time":"1 minute"},"schema":{"@context":"https:\/\/schema.org","@graph":[{"@type":"WebPage","@id":"https:\/\/luxpro.pt\/en\/produto\/aplique-de-parede-para-iluminacao-interior-cunha-500mm-frlcunha","url":"https:\/\/luxpro.pt\/en\/produto\/aplique-de-parede-para-iluminacao-interior-cunha-500mm-frlcunha","name":"Aplique de Parede Cunha Branco 500mm 18W LED 3000k -","isPartOf":{"@id":"https:\/\/luxpro.pt\/en#website"},"primaryImageOfPage":{"@id":"https:\/\/luxpro.pt\/en\/produto\/aplique-de-parede-para-iluminacao-interior-cunha-500mm-frlcunha#primaryimage"},"image":{"@id":"https:\/\/luxpro.pt\/en\/produto\/aplique-de-parede-para-iluminacao-interior-cunha-500mm-frlcunha#primaryimage"},"thumbnailUrl":"https:\/\/luxpro.pt\/wp-content\/uploads\/2018\/09\/CUNHA.jpg","datePublished":"2018-09-04T10:48:25+00:00","dateModified":"2025-01-22T16:20:26+00:00","description":"&nbsp; Corpo em chapa lacado Acabamento em Cor branco 1 Placa de LED 420mm 500mA total 18w 3258 lumens Dispon\u00edvel em 2700k, 4000k, 6500k Fixa\u00e7\u00e3o do","breadcrumb":{"@id":"https:\/\/luxpro.pt\/en\/produto\/aplique-de-parede-para-iluminacao-interior-cunha-500mm-frlcunha#breadcrumb"},"inLanguage":"en-US","potentialAction":[{"@type":"ReadAction","target":["https:\/\/luxpro.pt\/en\/produto\/aplique-de-parede-para-iluminacao-interior-cunha-500mm-frlcunha"]}]},{"@type":"ImageObject","inLanguage":"en-US","@id":"https:\/\/luxpro.pt\/en\/produto\/aplique-de-parede-para-iluminacao-interior-cunha-500mm-frlcunha#primaryimage","url":"https:\/\/luxpro.pt\/wp-content\/uploads\/2018\/09\/CUNHA.jpg","contentUrl":"https:\/\/luxpro.pt\/wp-content\/uploads\/2018\/09\/CUNHA.jpg","width":1000,"height":1000},{"@type":"BreadcrumbList","@id":"https:\/\/luxpro.pt\/en\/produto\/aplique-de-parede-para-iluminacao-interior-cunha-500mm-frlcunha#breadcrumb","itemListElement":[{"@type":"ListItem","position":1,"name":"In\u00edcio","item":"https:\/\/luxpro.pt\/en"},{"@type":"ListItem","position":2,"name":"Shop","item":"https:\/\/luxpro.pt\/en\/shop"},{"@type":"ListItem","position":3,"name":"Aplique de Parede Cunha Branco 500mm 18W LED 3000k"}]},{"@type":"WebSite","@id":"https:\/\/luxpro.pt\/en#website","url":"https:\/\/luxpro.pt\/en","name":"LuxPro","description":"","publisher":{"@id":"https:\/\/luxpro.pt\/en#\/schema\/person\/2d1bed59a52ad49be71622bef025e341"},"potentialAction":[{"@type":"SearchAction","target":{"@type":"EntryPoint","urlTemplate":"https:\/\/luxpro.pt\/en?s={search_term_string}"},"query-input":{"@type":"PropertyValueSpecification","valueRequired":true,"valueName":"search_term_string"}}],"inLanguage":"en-US"},{"@type":["Person","Organization"],"@id":"https:\/\/luxpro.pt\/en#\/schema\/person\/2d1bed59a52ad49be71622bef025e341","name":"Tiago Amadeu Ferreira","image":{"@type":"ImageObject","inLanguage":"en-US","@id":"https:\/\/luxpro.pt\/en#\/schema\/person\/image\/","url":"https:\/\/luxpro.pt\/wp-content\/uploads\/2017\/11\/logo.jpg","contentUrl":"https:\/\/luxpro.pt\/wp-content\/uploads\/2017\/11\/logo.jpg","width":150,"height":33,"caption":"Tiago Amadeu Ferreira"},"logo":{"@id":"https:\/\/luxpro.pt\/en#\/schema\/person\/image\/"}}]}},"tiered_pricing_type":"fixed","tiered_pricing_fixed_rules":[],"tiered_pricing_product_settings":{"layout":"default","base_unit_name":{"singular":null,"plural":null},"default_variation":null},"tiered_pricing_minimum_quantity":null,"tiered_pricing_roles_data":[],"tiered_pricing_percentage_rules":[],"_links":{"self":[{"href":"https:\/\/luxpro.pt\/en\/wp-json\/wp\/v2\/product\/436","targetHints":{"allow":["GET"]}}],"collection":[{"href":"https:\/\/luxpro.pt\/en\/wp-json\/wp\/v2\/product"}],"about":[{"href":"https:\/\/luxpro.pt\/en\/wp-json\/wp\/v2\/types\/product"}],"replies":[{"embeddable":true,"href":"https:\/\/luxpro.pt\/en\/wp-json\/wp\/v2\/comments?post=436"}],"wp:featuredmedia":[{"embeddable":true,"href":"https:\/\/luxpro.pt\/en\/wp-json\/wp\/v2\/media\/433"}],"wp:attachment":[{"href":"https:\/\/luxpro.pt\/en\/wp-json\/wp\/v2\/media?parent=436"}],"wp:term":[{"taxonomy":"product_brand","embeddable":true,"href":"https:\/\/luxpro.pt\/en\/wp-json\/wp\/v2\/product_brand?post=436"},{"taxonomy":"product_cat","embeddable":true,"href":"https:\/\/luxpro.pt\/en\/wp-json\/wp\/v2\/product_cat?post=436"},{"taxonomy":"product_tag","embeddable":true,"href":"https:\/\/luxpro.pt\/en\/wp-json\/wp\/v2\/product_tag?post=436"}],"curies":[{"name":"wp","href":"https:\/\/api.w.org\/{rel}","templated":true}]}}