{"id":4361,"date":"2020-01-14T10:02:31","date_gmt":"2020-01-14T10:02:31","guid":{"rendered":"https:\/\/luxpro.pt\/?post_type=product&#038;p=4361"},"modified":"2023-06-28T13:45:48","modified_gmt":"2023-06-28T12:45:48","slug":"placa-de-video-de-4-teclas-soul-4-golmar","status":"publish","type":"product","link":"https:\/\/luxpro.pt\/en\/produto\/placa-de-video-de-4-teclas-soul-4-golmar","title":{"rendered":"Placa de V\u00eddeo de 4 TECLAS SOUL\/4 GOLMAR"},"content":{"rendered":"<ul>\n<li>Frente em Zamak com acabamento em grafite.<\/li>\n<li>C\u00e2mera CMOS 120\u00ba.<\/li>\n<li>Painel da porta resistente a vandalismo (IK-07) e \u00e0 prova de intemp\u00e9ries (IP-44).<\/li>\n<li>LEDs de in\u00edcio autom\u00e1tico, dependendo da ilumina\u00e7\u00e3o externa.<\/li>\n<li>Os \u00edcones das guias de cores indicam os diferentes estados do sistema (chamada em andamento, comunica\u00e7\u00e3o, abertura de porta ou sistema ocupado)<\/li>\n<li>Quatro bot\u00f5es de chamada met\u00e1licos.<\/li>\n<li>Comunica\u00e7\u00e3o secreta de \u00e1udio, v\u00eddeo e abertura de porta.<\/li>\n<li>Sa\u00edda de rel\u00e9 para ativa\u00e7\u00e3o de duas portas.<\/li>\n<li>Conex\u00e3o \u00e0 c\u00e2mera anal\u00f3gica de CFTV.<\/li>\n<li>Leitor de proximidade RFID para 60 usu\u00e1rios.<\/li>\n<li>Instala\u00e7\u00e3o de superf\u00edcie.<\/li>\n<\/ul>\n","protected":false},"excerpt":{"rendered":"<p>Frente em Zamak com acabamento em grafite. C\u00e2mera CMOS 120\u00ba. Painel da porta resistente a vandalismo (IK-07) e \u00e0 prova de intemp\u00e9ries (IP-44). LEDs de in\u00edcio autom\u00e1tico, dependendo da ilumina\u00e7\u00e3o externa. Os \u00edcones das guias de cores indicam os diferentes estados do sistema (chamada em andamento, comunica\u00e7\u00e3o, abertura de porta ou sistema ocupado) Quatro bot\u00f5es de chamada met\u00e1licos. Comunica\u00e7\u00e3o secreta [&hellip;]<\/p>\n","protected":false},"featured_media":5774,"comment_status":"open","ping_status":"closed","template":"","meta":[],"product_brand":[],"product_cat":[1169,678],"product_tag":[],"class_list":{"0":"post-4361","1":"product","2":"type-product","3":"status-publish","4":"has-post-thumbnail","6":"product_cat-soul","7":"product_cat-botoneiras","9":"first","10":"instock","11":"taxable","12":"shipping-taxable","13":"purchasable","14":"product-type-simple"},"yoast_head":"<!-- This site is optimized with the Yoast SEO plugin v26.5 - https:\/\/yoast.com\/wordpress\/plugins\/seo\/ -->\n<title>PLACA DE V\u00cdDEO DE 2 TECLAS SOUL\/2 GOLMAR<\/title>\n<meta name=\"description\" content=\"PLACA DE V\u00cdDEO DE 2 TECLAS SOUL\/2 GOLMAR\" \/>\n<meta name=\"robots\" content=\"index, follow, max-snippet:-1, max-image-preview:large, max-video-preview:-1\" \/>\n<link rel=\"canonical\" href=\"https:\/\/luxpro.pt\/en\/produto\/placa-de-video-de-4-teclas-soul-4-golmar\" \/>\n<meta property=\"og:locale\" content=\"en_US\" \/>\n<meta property=\"og:type\" content=\"article\" \/>\n<meta property=\"og:title\" content=\"PLACA DE V\u00cdDEO DE 2 TECLAS SOUL\/2 GOLMAR\" \/>\n<meta property=\"og:description\" content=\"PLACA DE V\u00cdDEO DE 2 TECLAS SOUL\/2 GOLMAR\" \/>\n<meta property=\"og:url\" content=\"https:\/\/luxpro.pt\/en\/produto\/placa-de-video-de-4-teclas-soul-4-golmar\" \/>\n<meta property=\"og:site_name\" content=\"LuxPro\" \/>\n<meta property=\"article:modified_time\" content=\"2023-06-28T12:45:48+00:00\" \/>\n<meta property=\"og:image\" content=\"https:\/\/luxpro.pt\/wp-content\/uploads\/2020\/01\/SOUL4.jpg\" \/>\n\t<meta property=\"og:image:width\" content=\"800\" \/>\n\t<meta property=\"og:image:height\" content=\"800\" \/>\n\t<meta property=\"og:image:type\" content=\"image\/jpeg\" \/>\n<meta name=\"twitter:card\" content=\"summary_large_image\" \/>\n<meta name=\"twitter:label1\" content=\"Est. reading time\" \/>\n\t<meta name=\"twitter:data1\" content=\"1 minute\" \/>\n<script type=\"application\/ld+json\" class=\"yoast-schema-graph\">{\"@context\":\"https:\/\/schema.org\",\"@graph\":[{\"@type\":\"WebPage\",\"@id\":\"https:\/\/luxpro.pt\/en\/produto\/placa-de-video-de-4-teclas-soul-4-golmar\",\"url\":\"https:\/\/luxpro.pt\/en\/produto\/placa-de-video-de-4-teclas-soul-4-golmar\",\"name\":\"PLACA DE V\u00cdDEO DE 2 TECLAS SOUL\/2 GOLMAR\",\"isPartOf\":{\"@id\":\"https:\/\/luxpro.pt\/en#website\"},\"primaryImageOfPage\":{\"@id\":\"https:\/\/luxpro.pt\/en\/produto\/placa-de-video-de-4-teclas-soul-4-golmar#primaryimage\"},\"image\":{\"@id\":\"https:\/\/luxpro.pt\/en\/produto\/placa-de-video-de-4-teclas-soul-4-golmar#primaryimage\"},\"thumbnailUrl\":\"https:\/\/luxpro.pt\/wp-content\/uploads\/2020\/01\/SOUL4.jpg\",\"datePublished\":\"2020-01-14T10:02:31+00:00\",\"dateModified\":\"2023-06-28T12:45:48+00:00\",\"description\":\"PLACA DE V\u00cdDEO DE 2 TECLAS SOUL\/2 GOLMAR\",\"breadcrumb\":{\"@id\":\"https:\/\/luxpro.pt\/en\/produto\/placa-de-video-de-4-teclas-soul-4-golmar#breadcrumb\"},\"inLanguage\":\"en-US\",\"potentialAction\":[{\"@type\":\"ReadAction\",\"target\":[\"https:\/\/luxpro.pt\/en\/produto\/placa-de-video-de-4-teclas-soul-4-golmar\"]}]},{\"@type\":\"ImageObject\",\"inLanguage\":\"en-US\",\"@id\":\"https:\/\/luxpro.pt\/en\/produto\/placa-de-video-de-4-teclas-soul-4-golmar#primaryimage\",\"url\":\"https:\/\/luxpro.pt\/wp-content\/uploads\/2020\/01\/SOUL4.jpg\",\"contentUrl\":\"https:\/\/luxpro.pt\/wp-content\/uploads\/2020\/01\/SOUL4.jpg\",\"width\":800,\"height\":800},{\"@type\":\"BreadcrumbList\",\"@id\":\"https:\/\/luxpro.pt\/en\/produto\/placa-de-video-de-4-teclas-soul-4-golmar#breadcrumb\",\"itemListElement\":[{\"@type\":\"ListItem\",\"position\":1,\"name\":\"In\u00edcio\",\"item\":\"https:\/\/luxpro.pt\/en\"},{\"@type\":\"ListItem\",\"position\":2,\"name\":\"Shop\",\"item\":\"https:\/\/luxpro.pt\/en\/shop\"},{\"@type\":\"ListItem\",\"position\":3,\"name\":\"Placa de V\u00eddeo de 4 TECLAS SOUL\/4 GOLMAR\"}]},{\"@type\":\"WebSite\",\"@id\":\"https:\/\/luxpro.pt\/en#website\",\"url\":\"https:\/\/luxpro.pt\/en\",\"name\":\"LuxPro\",\"description\":\"\",\"publisher\":{\"@id\":\"https:\/\/luxpro.pt\/en#\/schema\/person\/2d1bed59a52ad49be71622bef025e341\"},\"potentialAction\":[{\"@type\":\"SearchAction\",\"target\":{\"@type\":\"EntryPoint\",\"urlTemplate\":\"https:\/\/luxpro.pt\/en?s={search_term_string}\"},\"query-input\":{\"@type\":\"PropertyValueSpecification\",\"valueRequired\":true,\"valueName\":\"search_term_string\"}}],\"inLanguage\":\"en-US\"},{\"@type\":[\"Person\",\"Organization\"],\"@id\":\"https:\/\/luxpro.pt\/en#\/schema\/person\/2d1bed59a52ad49be71622bef025e341\",\"name\":\"Tiago Amadeu Ferreira\",\"image\":{\"@type\":\"ImageObject\",\"inLanguage\":\"en-US\",\"@id\":\"https:\/\/luxpro.pt\/en#\/schema\/person\/image\/\",\"url\":\"https:\/\/luxpro.pt\/wp-content\/uploads\/2017\/11\/logo.jpg\",\"contentUrl\":\"https:\/\/luxpro.pt\/wp-content\/uploads\/2017\/11\/logo.jpg\",\"width\":150,\"height\":33,\"caption\":\"Tiago Amadeu Ferreira\"},\"logo\":{\"@id\":\"https:\/\/luxpro.pt\/en#\/schema\/person\/image\/\"}}]}<\/script>\n<!-- \/ Yoast SEO plugin. -->","yoast_head_json":{"title":"PLACA DE V\u00cdDEO DE 2 TECLAS SOUL\/2 GOLMAR","description":"PLACA DE V\u00cdDEO DE 2 TECLAS SOUL\/2 GOLMAR","robots":{"index":"index","follow":"follow","max-snippet":"max-snippet:-1","max-image-preview":"max-image-preview:large","max-video-preview":"max-video-preview:-1"},"canonical":"https:\/\/luxpro.pt\/en\/produto\/placa-de-video-de-4-teclas-soul-4-golmar","og_locale":"en_US","og_type":"article","og_title":"PLACA DE V\u00cdDEO DE 2 TECLAS SOUL\/2 GOLMAR","og_description":"PLACA DE V\u00cdDEO DE 2 TECLAS SOUL\/2 GOLMAR","og_url":"https:\/\/luxpro.pt\/en\/produto\/placa-de-video-de-4-teclas-soul-4-golmar","og_site_name":"LuxPro","article_modified_time":"2023-06-28T12:45:48+00:00","og_image":[{"width":800,"height":800,"url":"https:\/\/luxpro.pt\/wp-content\/uploads\/2020\/01\/SOUL4.jpg","type":"image\/jpeg"}],"twitter_card":"summary_large_image","twitter_misc":{"Est. reading time":"1 minute"},"schema":{"@context":"https:\/\/schema.org","@graph":[{"@type":"WebPage","@id":"https:\/\/luxpro.pt\/en\/produto\/placa-de-video-de-4-teclas-soul-4-golmar","url":"https:\/\/luxpro.pt\/en\/produto\/placa-de-video-de-4-teclas-soul-4-golmar","name":"PLACA DE V\u00cdDEO DE 2 TECLAS SOUL\/2 GOLMAR","isPartOf":{"@id":"https:\/\/luxpro.pt\/en#website"},"primaryImageOfPage":{"@id":"https:\/\/luxpro.pt\/en\/produto\/placa-de-video-de-4-teclas-soul-4-golmar#primaryimage"},"image":{"@id":"https:\/\/luxpro.pt\/en\/produto\/placa-de-video-de-4-teclas-soul-4-golmar#primaryimage"},"thumbnailUrl":"https:\/\/luxpro.pt\/wp-content\/uploads\/2020\/01\/SOUL4.jpg","datePublished":"2020-01-14T10:02:31+00:00","dateModified":"2023-06-28T12:45:48+00:00","description":"PLACA DE V\u00cdDEO DE 2 TECLAS SOUL\/2 GOLMAR","breadcrumb":{"@id":"https:\/\/luxpro.pt\/en\/produto\/placa-de-video-de-4-teclas-soul-4-golmar#breadcrumb"},"inLanguage":"en-US","potentialAction":[{"@type":"ReadAction","target":["https:\/\/luxpro.pt\/en\/produto\/placa-de-video-de-4-teclas-soul-4-golmar"]}]},{"@type":"ImageObject","inLanguage":"en-US","@id":"https:\/\/luxpro.pt\/en\/produto\/placa-de-video-de-4-teclas-soul-4-golmar#primaryimage","url":"https:\/\/luxpro.pt\/wp-content\/uploads\/2020\/01\/SOUL4.jpg","contentUrl":"https:\/\/luxpro.pt\/wp-content\/uploads\/2020\/01\/SOUL4.jpg","width":800,"height":800},{"@type":"BreadcrumbList","@id":"https:\/\/luxpro.pt\/en\/produto\/placa-de-video-de-4-teclas-soul-4-golmar#breadcrumb","itemListElement":[{"@type":"ListItem","position":1,"name":"In\u00edcio","item":"https:\/\/luxpro.pt\/en"},{"@type":"ListItem","position":2,"name":"Shop","item":"https:\/\/luxpro.pt\/en\/shop"},{"@type":"ListItem","position":3,"name":"Placa de V\u00eddeo de 4 TECLAS SOUL\/4 GOLMAR"}]},{"@type":"WebSite","@id":"https:\/\/luxpro.pt\/en#website","url":"https:\/\/luxpro.pt\/en","name":"LuxPro","description":"","publisher":{"@id":"https:\/\/luxpro.pt\/en#\/schema\/person\/2d1bed59a52ad49be71622bef025e341"},"potentialAction":[{"@type":"SearchAction","target":{"@type":"EntryPoint","urlTemplate":"https:\/\/luxpro.pt\/en?s={search_term_string}"},"query-input":{"@type":"PropertyValueSpecification","valueRequired":true,"valueName":"search_term_string"}}],"inLanguage":"en-US"},{"@type":["Person","Organization"],"@id":"https:\/\/luxpro.pt\/en#\/schema\/person\/2d1bed59a52ad49be71622bef025e341","name":"Tiago Amadeu Ferreira","image":{"@type":"ImageObject","inLanguage":"en-US","@id":"https:\/\/luxpro.pt\/en#\/schema\/person\/image\/","url":"https:\/\/luxpro.pt\/wp-content\/uploads\/2017\/11\/logo.jpg","contentUrl":"https:\/\/luxpro.pt\/wp-content\/uploads\/2017\/11\/logo.jpg","width":150,"height":33,"caption":"Tiago Amadeu Ferreira"},"logo":{"@id":"https:\/\/luxpro.pt\/en#\/schema\/person\/image\/"}}]}},"tiered_pricing_type":"fixed","tiered_pricing_fixed_rules":[],"tiered_pricing_product_settings":{"layout":"default","base_unit_name":{"singular":null,"plural":null},"default_variation":null},"tiered_pricing_minimum_quantity":null,"tiered_pricing_roles_data":[],"tiered_pricing_percentage_rules":[],"_links":{"self":[{"href":"https:\/\/luxpro.pt\/en\/wp-json\/wp\/v2\/product\/4361","targetHints":{"allow":["GET"]}}],"collection":[{"href":"https:\/\/luxpro.pt\/en\/wp-json\/wp\/v2\/product"}],"about":[{"href":"https:\/\/luxpro.pt\/en\/wp-json\/wp\/v2\/types\/product"}],"replies":[{"embeddable":true,"href":"https:\/\/luxpro.pt\/en\/wp-json\/wp\/v2\/comments?post=4361"}],"wp:featuredmedia":[{"embeddable":true,"href":"https:\/\/luxpro.pt\/en\/wp-json\/wp\/v2\/media\/5774"}],"wp:attachment":[{"href":"https:\/\/luxpro.pt\/en\/wp-json\/wp\/v2\/media?parent=4361"}],"wp:term":[{"taxonomy":"product_brand","embeddable":true,"href":"https:\/\/luxpro.pt\/en\/wp-json\/wp\/v2\/product_brand?post=4361"},{"taxonomy":"product_cat","embeddable":true,"href":"https:\/\/luxpro.pt\/en\/wp-json\/wp\/v2\/product_cat?post=4361"},{"taxonomy":"product_tag","embeddable":true,"href":"https:\/\/luxpro.pt\/en\/wp-json\/wp\/v2\/product_tag?post=4361"}],"curies":[{"name":"wp","href":"https:\/\/api.w.org\/{rel}","templated":true}]}}