{"id":4555,"date":"2020-02-10T18:18:21","date_gmt":"2020-02-10T18:18:21","guid":{"rendered":"https:\/\/luxpro.pt\/?post_type=product&#038;p=4555"},"modified":"2023-11-02T21:32:39","modified_gmt":"2023-11-02T21:32:39","slug":"interruptor-horario-digital-semanal-aslo","status":"publish","type":"product","link":"https:\/\/luxpro.pt\/en\/produto\/interruptor-horario-digital-semanal-aslo","title":{"rendered":"Interruptor Hor\u00e1rio Digital ASLO"},"content":{"rendered":"<ul>\n<li>Instala\u00e7\u00e3o calha DIN,<\/li>\n<li>Pr\u00e9 defini\u00e7\u00e3o avan\u00e7ada uma semana antes,<\/li>\n<li>Temporizador eletr\u00f3nico digital de uso geral com programas di\u00e1rios e semanais,<\/li>\n<li>Repeti\u00e7\u00e3o programas com 16 configura\u00e7\u00f5es ON\/OFF, 18 programas de temporiza\u00e7\u00e3o, e defini\u00e7\u00e3o de ligar\/desligar manualmente,<\/li>\n<li>Bateria de Lithium de reserva de energia, quando a fonte de alimenta\u00e7\u00e3o \u00e9 cortada,<\/li>\n<li>Auto corre\u00e7\u00e3o de erro de tempo\u00a0 \u00b1 30seg. semanal.<\/li>\n<\/ul>\n","protected":false},"excerpt":{"rendered":"<p>Instala\u00e7\u00e3o calha DIN, Pr\u00e9 defini\u00e7\u00e3o avan\u00e7ada uma semana antes, Temporizador eletr\u00f3nico digital de uso geral com programas di\u00e1rios e semanais, Repeti\u00e7\u00e3o programas com 16 configura\u00e7\u00f5es ON\/OFF, 18 programas de temporiza\u00e7\u00e3o, e defini\u00e7\u00e3o de ligar\/desligar manualmente, Bateria de Lithium de reserva de energia, quando a fonte de alimenta\u00e7\u00e3o \u00e9 cortada, Auto corre\u00e7\u00e3o de erro de tempo\u00a0 \u00b1 30seg. semanal.<\/p>\n","protected":false},"featured_media":4556,"comment_status":"open","ping_status":"closed","template":"","meta":[],"product_brand":[],"product_cat":[1440],"product_tag":[1457,882,1254,758],"class_list":{"0":"post-4555","1":"product","2":"type-product","3":"status-publish","4":"has-post-thumbnail","6":"product_cat-interruptores-horarios","7":"product_tag-aslo","8":"product_tag-digital","9":"product_tag-horario","10":"product_tag-interruptor","12":"first","13":"instock","14":"taxable","15":"shipping-taxable","16":"purchasable","17":"product-type-simple"},"yoast_head":"<!-- This site is optimized with the Yoast SEO plugin v26.5 - https:\/\/yoast.com\/wordpress\/plugins\/seo\/ -->\n<title>INTERRUPTOR HOR\u00c1RIO DIGITAL SEMANAL ASLO<\/title>\n<meta name=\"description\" content=\"Temporizador eletr\u00f3nico digital de uso geral com programas di\u00e1rios e semanais, bateria de Lithium de reserva de energia. Instala\u00e7\u00e3o calha DIN.\" \/>\n<meta name=\"robots\" content=\"index, follow, max-snippet:-1, max-image-preview:large, max-video-preview:-1\" \/>\n<link rel=\"canonical\" href=\"https:\/\/luxpro.pt\/en\/produto\/interruptor-horario-digital-semanal-aslo\" \/>\n<meta property=\"og:locale\" content=\"en_US\" \/>\n<meta property=\"og:type\" content=\"article\" \/>\n<meta property=\"og:title\" content=\"INTERRUPTOR HOR\u00c1RIO DIGITAL SEMANAL ASLO\" \/>\n<meta property=\"og:description\" content=\"Temporizador eletr\u00f3nico digital de uso geral com programas di\u00e1rios e semanais, bateria de Lithium de reserva de energia. Instala\u00e7\u00e3o calha DIN.\" \/>\n<meta property=\"og:url\" content=\"https:\/\/luxpro.pt\/en\/produto\/interruptor-horario-digital-semanal-aslo\" \/>\n<meta property=\"og:site_name\" content=\"LuxPro\" \/>\n<meta property=\"article:modified_time\" content=\"2023-11-02T21:32:39+00:00\" \/>\n<meta property=\"og:image\" content=\"https:\/\/luxpro.pt\/wp-content\/uploads\/2020\/02\/IMG_1910-768x1024.png\" \/>\n\t<meta property=\"og:image:width\" content=\"768\" \/>\n\t<meta property=\"og:image:height\" content=\"1024\" \/>\n\t<meta property=\"og:image:type\" content=\"image\/png\" \/>\n<meta name=\"twitter:card\" content=\"summary_large_image\" \/>\n<meta name=\"twitter:label1\" content=\"Est. reading time\" \/>\n\t<meta name=\"twitter:data1\" content=\"1 minute\" \/>\n<script type=\"application\/ld+json\" class=\"yoast-schema-graph\">{\"@context\":\"https:\/\/schema.org\",\"@graph\":[{\"@type\":\"WebPage\",\"@id\":\"https:\/\/luxpro.pt\/en\/produto\/interruptor-horario-digital-semanal-aslo\",\"url\":\"https:\/\/luxpro.pt\/en\/produto\/interruptor-horario-digital-semanal-aslo\",\"name\":\"INTERRUPTOR HOR\u00c1RIO DIGITAL SEMANAL ASLO\",\"isPartOf\":{\"@id\":\"https:\/\/luxpro.pt\/en#website\"},\"primaryImageOfPage\":{\"@id\":\"https:\/\/luxpro.pt\/en\/produto\/interruptor-horario-digital-semanal-aslo#primaryimage\"},\"image\":{\"@id\":\"https:\/\/luxpro.pt\/en\/produto\/interruptor-horario-digital-semanal-aslo#primaryimage\"},\"thumbnailUrl\":\"https:\/\/luxpro.pt\/wp-content\/uploads\/2020\/02\/IMG_1910.png\",\"datePublished\":\"2020-02-10T18:18:21+00:00\",\"dateModified\":\"2023-11-02T21:32:39+00:00\",\"description\":\"Temporizador eletr\u00f3nico digital de uso geral com programas di\u00e1rios e semanais, bateria de Lithium de reserva de energia. Instala\u00e7\u00e3o calha DIN.\",\"breadcrumb\":{\"@id\":\"https:\/\/luxpro.pt\/en\/produto\/interruptor-horario-digital-semanal-aslo#breadcrumb\"},\"inLanguage\":\"en-US\",\"potentialAction\":[{\"@type\":\"ReadAction\",\"target\":[\"https:\/\/luxpro.pt\/en\/produto\/interruptor-horario-digital-semanal-aslo\"]}]},{\"@type\":\"ImageObject\",\"inLanguage\":\"en-US\",\"@id\":\"https:\/\/luxpro.pt\/en\/produto\/interruptor-horario-digital-semanal-aslo#primaryimage\",\"url\":\"https:\/\/luxpro.pt\/wp-content\/uploads\/2020\/02\/IMG_1910.png\",\"contentUrl\":\"https:\/\/luxpro.pt\/wp-content\/uploads\/2020\/02\/IMG_1910.png\",\"width\":2168,\"height\":2890},{\"@type\":\"BreadcrumbList\",\"@id\":\"https:\/\/luxpro.pt\/en\/produto\/interruptor-horario-digital-semanal-aslo#breadcrumb\",\"itemListElement\":[{\"@type\":\"ListItem\",\"position\":1,\"name\":\"In\u00edcio\",\"item\":\"https:\/\/luxpro.pt\/en\"},{\"@type\":\"ListItem\",\"position\":2,\"name\":\"Shop\",\"item\":\"https:\/\/luxpro.pt\/en\/shop\"},{\"@type\":\"ListItem\",\"position\":3,\"name\":\"Interruptor Hor\u00e1rio Digital ASLO\"}]},{\"@type\":\"WebSite\",\"@id\":\"https:\/\/luxpro.pt\/en#website\",\"url\":\"https:\/\/luxpro.pt\/en\",\"name\":\"LuxPro\",\"description\":\"\",\"publisher\":{\"@id\":\"https:\/\/luxpro.pt\/en#\/schema\/person\/2d1bed59a52ad49be71622bef025e341\"},\"potentialAction\":[{\"@type\":\"SearchAction\",\"target\":{\"@type\":\"EntryPoint\",\"urlTemplate\":\"https:\/\/luxpro.pt\/en?s={search_term_string}\"},\"query-input\":{\"@type\":\"PropertyValueSpecification\",\"valueRequired\":true,\"valueName\":\"search_term_string\"}}],\"inLanguage\":\"en-US\"},{\"@type\":[\"Person\",\"Organization\"],\"@id\":\"https:\/\/luxpro.pt\/en#\/schema\/person\/2d1bed59a52ad49be71622bef025e341\",\"name\":\"Tiago Amadeu Ferreira\",\"image\":{\"@type\":\"ImageObject\",\"inLanguage\":\"en-US\",\"@id\":\"https:\/\/luxpro.pt\/en#\/schema\/person\/image\/\",\"url\":\"https:\/\/luxpro.pt\/wp-content\/uploads\/2017\/11\/logo.jpg\",\"contentUrl\":\"https:\/\/luxpro.pt\/wp-content\/uploads\/2017\/11\/logo.jpg\",\"width\":150,\"height\":33,\"caption\":\"Tiago Amadeu Ferreira\"},\"logo\":{\"@id\":\"https:\/\/luxpro.pt\/en#\/schema\/person\/image\/\"}}]}<\/script>\n<!-- \/ Yoast SEO plugin. -->","yoast_head_json":{"title":"INTERRUPTOR HOR\u00c1RIO DIGITAL SEMANAL ASLO","description":"Temporizador eletr\u00f3nico digital de uso geral com programas di\u00e1rios e semanais, bateria de Lithium de reserva de energia. Instala\u00e7\u00e3o calha DIN.","robots":{"index":"index","follow":"follow","max-snippet":"max-snippet:-1","max-image-preview":"max-image-preview:large","max-video-preview":"max-video-preview:-1"},"canonical":"https:\/\/luxpro.pt\/en\/produto\/interruptor-horario-digital-semanal-aslo","og_locale":"en_US","og_type":"article","og_title":"INTERRUPTOR HOR\u00c1RIO DIGITAL SEMANAL ASLO","og_description":"Temporizador eletr\u00f3nico digital de uso geral com programas di\u00e1rios e semanais, bateria de Lithium de reserva de energia. Instala\u00e7\u00e3o calha DIN.","og_url":"https:\/\/luxpro.pt\/en\/produto\/interruptor-horario-digital-semanal-aslo","og_site_name":"LuxPro","article_modified_time":"2023-11-02T21:32:39+00:00","og_image":[{"width":768,"height":1024,"url":"https:\/\/luxpro.pt\/wp-content\/uploads\/2020\/02\/IMG_1910-768x1024.png","type":"image\/png"}],"twitter_card":"summary_large_image","twitter_misc":{"Est. reading time":"1 minute"},"schema":{"@context":"https:\/\/schema.org","@graph":[{"@type":"WebPage","@id":"https:\/\/luxpro.pt\/en\/produto\/interruptor-horario-digital-semanal-aslo","url":"https:\/\/luxpro.pt\/en\/produto\/interruptor-horario-digital-semanal-aslo","name":"INTERRUPTOR HOR\u00c1RIO DIGITAL SEMANAL ASLO","isPartOf":{"@id":"https:\/\/luxpro.pt\/en#website"},"primaryImageOfPage":{"@id":"https:\/\/luxpro.pt\/en\/produto\/interruptor-horario-digital-semanal-aslo#primaryimage"},"image":{"@id":"https:\/\/luxpro.pt\/en\/produto\/interruptor-horario-digital-semanal-aslo#primaryimage"},"thumbnailUrl":"https:\/\/luxpro.pt\/wp-content\/uploads\/2020\/02\/IMG_1910.png","datePublished":"2020-02-10T18:18:21+00:00","dateModified":"2023-11-02T21:32:39+00:00","description":"Temporizador eletr\u00f3nico digital de uso geral com programas di\u00e1rios e semanais, bateria de Lithium de reserva de energia. Instala\u00e7\u00e3o calha DIN.","breadcrumb":{"@id":"https:\/\/luxpro.pt\/en\/produto\/interruptor-horario-digital-semanal-aslo#breadcrumb"},"inLanguage":"en-US","potentialAction":[{"@type":"ReadAction","target":["https:\/\/luxpro.pt\/en\/produto\/interruptor-horario-digital-semanal-aslo"]}]},{"@type":"ImageObject","inLanguage":"en-US","@id":"https:\/\/luxpro.pt\/en\/produto\/interruptor-horario-digital-semanal-aslo#primaryimage","url":"https:\/\/luxpro.pt\/wp-content\/uploads\/2020\/02\/IMG_1910.png","contentUrl":"https:\/\/luxpro.pt\/wp-content\/uploads\/2020\/02\/IMG_1910.png","width":2168,"height":2890},{"@type":"BreadcrumbList","@id":"https:\/\/luxpro.pt\/en\/produto\/interruptor-horario-digital-semanal-aslo#breadcrumb","itemListElement":[{"@type":"ListItem","position":1,"name":"In\u00edcio","item":"https:\/\/luxpro.pt\/en"},{"@type":"ListItem","position":2,"name":"Shop","item":"https:\/\/luxpro.pt\/en\/shop"},{"@type":"ListItem","position":3,"name":"Interruptor Hor\u00e1rio Digital ASLO"}]},{"@type":"WebSite","@id":"https:\/\/luxpro.pt\/en#website","url":"https:\/\/luxpro.pt\/en","name":"LuxPro","description":"","publisher":{"@id":"https:\/\/luxpro.pt\/en#\/schema\/person\/2d1bed59a52ad49be71622bef025e341"},"potentialAction":[{"@type":"SearchAction","target":{"@type":"EntryPoint","urlTemplate":"https:\/\/luxpro.pt\/en?s={search_term_string}"},"query-input":{"@type":"PropertyValueSpecification","valueRequired":true,"valueName":"search_term_string"}}],"inLanguage":"en-US"},{"@type":["Person","Organization"],"@id":"https:\/\/luxpro.pt\/en#\/schema\/person\/2d1bed59a52ad49be71622bef025e341","name":"Tiago Amadeu Ferreira","image":{"@type":"ImageObject","inLanguage":"en-US","@id":"https:\/\/luxpro.pt\/en#\/schema\/person\/image\/","url":"https:\/\/luxpro.pt\/wp-content\/uploads\/2017\/11\/logo.jpg","contentUrl":"https:\/\/luxpro.pt\/wp-content\/uploads\/2017\/11\/logo.jpg","width":150,"height":33,"caption":"Tiago Amadeu Ferreira"},"logo":{"@id":"https:\/\/luxpro.pt\/en#\/schema\/person\/image\/"}}]}},"tiered_pricing_type":"fixed","tiered_pricing_fixed_rules":[],"tiered_pricing_product_settings":{"layout":"default","base_unit_name":{"singular":null,"plural":null},"default_variation":null},"tiered_pricing_minimum_quantity":null,"tiered_pricing_roles_data":[],"tiered_pricing_percentage_rules":[],"_links":{"self":[{"href":"https:\/\/luxpro.pt\/en\/wp-json\/wp\/v2\/product\/4555","targetHints":{"allow":["GET"]}}],"collection":[{"href":"https:\/\/luxpro.pt\/en\/wp-json\/wp\/v2\/product"}],"about":[{"href":"https:\/\/luxpro.pt\/en\/wp-json\/wp\/v2\/types\/product"}],"replies":[{"embeddable":true,"href":"https:\/\/luxpro.pt\/en\/wp-json\/wp\/v2\/comments?post=4555"}],"wp:featuredmedia":[{"embeddable":true,"href":"https:\/\/luxpro.pt\/en\/wp-json\/wp\/v2\/media\/4556"}],"wp:attachment":[{"href":"https:\/\/luxpro.pt\/en\/wp-json\/wp\/v2\/media?parent=4555"}],"wp:term":[{"taxonomy":"product_brand","embeddable":true,"href":"https:\/\/luxpro.pt\/en\/wp-json\/wp\/v2\/product_brand?post=4555"},{"taxonomy":"product_cat","embeddable":true,"href":"https:\/\/luxpro.pt\/en\/wp-json\/wp\/v2\/product_cat?post=4555"},{"taxonomy":"product_tag","embeddable":true,"href":"https:\/\/luxpro.pt\/en\/wp-json\/wp\/v2\/product_tag?post=4555"}],"curies":[{"name":"wp","href":"https:\/\/api.w.org\/{rel}","templated":true}]}}