{"id":541,"date":"2018-09-04T10:49:43","date_gmt":"2018-09-04T10:49:43","guid":{"rendered":"https:\/\/luxpro.pt\/produto\/aplique-de-tecto-para-iluminacao-interior-invicta-frlinva\/"},"modified":"2023-03-29T17:31:24","modified_gmt":"2023-03-29T16:31:24","slug":"aplique-de-tecto-para-iluminacao-interior-invicta-frlinva","status":"publish","type":"product","link":"https:\/\/luxpro.pt\/en\/produto\/aplique-de-tecto-para-iluminacao-interior-invicta-frlinva","title":{"rendered":"Aplique de Parede Invicta E27 IP65"},"content":{"rendered":"<p>Aplique de parede ou mesmo de tecto.<\/p>\n<p>aplique vers\u00e1til a v\u00e1rios espa\u00e7os<\/p>\n<p>com suporte de lampada E27<\/p>\n<p>fabricado todo em policarbonato<\/p>\n<p>IP65<\/p>\n<div class=\"page\" title=\"Page 17\">\n<div class=\"layoutArea\">\n<div class=\"column\">\n<p>Aplique: (L)220x(A)110x(P)120mm<\/p>\n<\/div>\n<\/div>\n<\/div>\n","protected":false},"excerpt":{"rendered":"<p>Aplique de parede ou mesmo de tecto. aplique vers\u00e1til a v\u00e1rios espa\u00e7os com suporte de lampada E27 fabricado todo em policarbonato IP65 Aplique: (L)220x(A)110x(P)120mm<\/p>\n","protected":false},"featured_media":542,"comment_status":"closed","ping_status":"closed","template":"","meta":[],"product_brand":[],"product_cat":[1530],"product_tag":[1301,1659,790,788,920,798,1658,898],"class_list":{"0":"post-541","1":"product","2":"type-product","3":"status-publish","4":"has-post-thumbnail","6":"product_cat-apliques-de-parede-interior","7":"product_tag-aplique","8":"product_tag-aplique-policarbonato","9":"product_tag-e27","10":"product_tag-iluminacao","11":"product_tag-ip65","12":"product_tag-led","13":"product_tag-olho-de-boi","14":"product_tag-transparente","15":"pa_estrutura-oval","16":"pa_material-de-fabrico-abs","17":"pa_acabamento-branco","18":"pa_potencia-admissivel-40w","19":"pa_suporte-da-lampada-e27","20":"pa_tensao-de-entrada-230-240v-50hz","21":"pa_grau-de-protecao-ip44","22":"pa_grau-de-isolamento-classe-i","23":"pa_dimensoes-a110xl220xp120mm","25":"first","26":"instock","27":"taxable","28":"shipping-taxable","29":"purchasable","30":"product-type-simple"},"yoast_head":"<!-- This site is optimized with the Yoast SEO plugin v26.5 - https:\/\/yoast.com\/wordpress\/plugins\/seo\/ -->\n<title>Aplique de Parede Invicta E27 IP65 - LuxPro<\/title>\n<meta name=\"description\" content=\"Aplique de parede ou mesmo para tecto, modelo vers\u00e1til a v\u00e1rios espa\u00e7os, fabricado em policarbonato, com suporte de lampada E27.\" \/>\n<meta name=\"robots\" content=\"index, follow, max-snippet:-1, max-image-preview:large, max-video-preview:-1\" \/>\n<link rel=\"canonical\" href=\"https:\/\/luxpro.pt\/en\/produto\/aplique-de-tecto-para-iluminacao-interior-invicta-frlinva\" \/>\n<meta property=\"og:locale\" content=\"en_US\" \/>\n<meta property=\"og:type\" content=\"article\" \/>\n<meta property=\"og:title\" content=\"Aplique de Parede Invicta E27 IP65 - LuxPro\" \/>\n<meta property=\"og:description\" content=\"Aplique de parede ou mesmo para tecto, modelo vers\u00e1til a v\u00e1rios espa\u00e7os, fabricado em policarbonato, com suporte de lampada E27.\" \/>\n<meta property=\"og:url\" content=\"https:\/\/luxpro.pt\/en\/produto\/aplique-de-tecto-para-iluminacao-interior-invicta-frlinva\" \/>\n<meta property=\"og:site_name\" content=\"LuxPro\" \/>\n<meta property=\"article:modified_time\" content=\"2023-03-29T16:31:24+00:00\" \/>\n<meta property=\"og:image\" content=\"https:\/\/luxpro.pt\/wp-content\/uploads\/2018\/09\/INVICTA-APL.jpg\" \/>\n\t<meta property=\"og:image:width\" content=\"1000\" \/>\n\t<meta property=\"og:image:height\" content=\"1000\" \/>\n\t<meta property=\"og:image:type\" content=\"image\/jpeg\" \/>\n<meta name=\"twitter:card\" content=\"summary_large_image\" \/>\n<meta name=\"twitter:label1\" content=\"Est. reading time\" \/>\n\t<meta name=\"twitter:data1\" content=\"1 minute\" \/>\n<script type=\"application\/ld+json\" class=\"yoast-schema-graph\">{\"@context\":\"https:\/\/schema.org\",\"@graph\":[{\"@type\":\"WebPage\",\"@id\":\"https:\/\/luxpro.pt\/en\/produto\/aplique-de-tecto-para-iluminacao-interior-invicta-frlinva\",\"url\":\"https:\/\/luxpro.pt\/en\/produto\/aplique-de-tecto-para-iluminacao-interior-invicta-frlinva\",\"name\":\"Aplique de Parede Invicta E27 IP65 - LuxPro\",\"isPartOf\":{\"@id\":\"https:\/\/luxpro.pt\/en#website\"},\"primaryImageOfPage\":{\"@id\":\"https:\/\/luxpro.pt\/en\/produto\/aplique-de-tecto-para-iluminacao-interior-invicta-frlinva#primaryimage\"},\"image\":{\"@id\":\"https:\/\/luxpro.pt\/en\/produto\/aplique-de-tecto-para-iluminacao-interior-invicta-frlinva#primaryimage\"},\"thumbnailUrl\":\"https:\/\/luxpro.pt\/wp-content\/uploads\/2018\/09\/INVICTA-APL.jpg\",\"datePublished\":\"2018-09-04T10:49:43+00:00\",\"dateModified\":\"2023-03-29T16:31:24+00:00\",\"description\":\"Aplique de parede ou mesmo para tecto, modelo vers\u00e1til a v\u00e1rios espa\u00e7os, fabricado em policarbonato, com suporte de lampada E27.\",\"breadcrumb\":{\"@id\":\"https:\/\/luxpro.pt\/en\/produto\/aplique-de-tecto-para-iluminacao-interior-invicta-frlinva#breadcrumb\"},\"inLanguage\":\"en-US\",\"potentialAction\":[{\"@type\":\"ReadAction\",\"target\":[\"https:\/\/luxpro.pt\/en\/produto\/aplique-de-tecto-para-iluminacao-interior-invicta-frlinva\"]}]},{\"@type\":\"ImageObject\",\"inLanguage\":\"en-US\",\"@id\":\"https:\/\/luxpro.pt\/en\/produto\/aplique-de-tecto-para-iluminacao-interior-invicta-frlinva#primaryimage\",\"url\":\"https:\/\/luxpro.pt\/wp-content\/uploads\/2018\/09\/INVICTA-APL.jpg\",\"contentUrl\":\"https:\/\/luxpro.pt\/wp-content\/uploads\/2018\/09\/INVICTA-APL.jpg\",\"width\":1000,\"height\":1000},{\"@type\":\"BreadcrumbList\",\"@id\":\"https:\/\/luxpro.pt\/en\/produto\/aplique-de-tecto-para-iluminacao-interior-invicta-frlinva#breadcrumb\",\"itemListElement\":[{\"@type\":\"ListItem\",\"position\":1,\"name\":\"In\u00edcio\",\"item\":\"https:\/\/luxpro.pt\/en\"},{\"@type\":\"ListItem\",\"position\":2,\"name\":\"Shop\",\"item\":\"https:\/\/luxpro.pt\/en\/shop\"},{\"@type\":\"ListItem\",\"position\":3,\"name\":\"Aplique de Parede Invicta E27 IP65\"}]},{\"@type\":\"WebSite\",\"@id\":\"https:\/\/luxpro.pt\/en#website\",\"url\":\"https:\/\/luxpro.pt\/en\",\"name\":\"LuxPro\",\"description\":\"\",\"publisher\":{\"@id\":\"https:\/\/luxpro.pt\/en#\/schema\/person\/2d1bed59a52ad49be71622bef025e341\"},\"potentialAction\":[{\"@type\":\"SearchAction\",\"target\":{\"@type\":\"EntryPoint\",\"urlTemplate\":\"https:\/\/luxpro.pt\/en?s={search_term_string}\"},\"query-input\":{\"@type\":\"PropertyValueSpecification\",\"valueRequired\":true,\"valueName\":\"search_term_string\"}}],\"inLanguage\":\"en-US\"},{\"@type\":[\"Person\",\"Organization\"],\"@id\":\"https:\/\/luxpro.pt\/en#\/schema\/person\/2d1bed59a52ad49be71622bef025e341\",\"name\":\"Tiago Amadeu Ferreira\",\"image\":{\"@type\":\"ImageObject\",\"inLanguage\":\"en-US\",\"@id\":\"https:\/\/luxpro.pt\/en#\/schema\/person\/image\/\",\"url\":\"https:\/\/luxpro.pt\/wp-content\/uploads\/2017\/11\/logo.jpg\",\"contentUrl\":\"https:\/\/luxpro.pt\/wp-content\/uploads\/2017\/11\/logo.jpg\",\"width\":150,\"height\":33,\"caption\":\"Tiago Amadeu Ferreira\"},\"logo\":{\"@id\":\"https:\/\/luxpro.pt\/en#\/schema\/person\/image\/\"}}]}<\/script>\n<!-- \/ Yoast SEO plugin. -->","yoast_head_json":{"title":"Aplique de Parede Invicta E27 IP65 - LuxPro","description":"Aplique de parede ou mesmo para tecto, modelo vers\u00e1til a v\u00e1rios espa\u00e7os, fabricado em policarbonato, com suporte de lampada E27.","robots":{"index":"index","follow":"follow","max-snippet":"max-snippet:-1","max-image-preview":"max-image-preview:large","max-video-preview":"max-video-preview:-1"},"canonical":"https:\/\/luxpro.pt\/en\/produto\/aplique-de-tecto-para-iluminacao-interior-invicta-frlinva","og_locale":"en_US","og_type":"article","og_title":"Aplique de Parede Invicta E27 IP65 - LuxPro","og_description":"Aplique de parede ou mesmo para tecto, modelo vers\u00e1til a v\u00e1rios espa\u00e7os, fabricado em policarbonato, com suporte de lampada E27.","og_url":"https:\/\/luxpro.pt\/en\/produto\/aplique-de-tecto-para-iluminacao-interior-invicta-frlinva","og_site_name":"LuxPro","article_modified_time":"2023-03-29T16:31:24+00:00","og_image":[{"width":1000,"height":1000,"url":"https:\/\/luxpro.pt\/wp-content\/uploads\/2018\/09\/INVICTA-APL.jpg","type":"image\/jpeg"}],"twitter_card":"summary_large_image","twitter_misc":{"Est. reading time":"1 minute"},"schema":{"@context":"https:\/\/schema.org","@graph":[{"@type":"WebPage","@id":"https:\/\/luxpro.pt\/en\/produto\/aplique-de-tecto-para-iluminacao-interior-invicta-frlinva","url":"https:\/\/luxpro.pt\/en\/produto\/aplique-de-tecto-para-iluminacao-interior-invicta-frlinva","name":"Aplique de Parede Invicta E27 IP65 - LuxPro","isPartOf":{"@id":"https:\/\/luxpro.pt\/en#website"},"primaryImageOfPage":{"@id":"https:\/\/luxpro.pt\/en\/produto\/aplique-de-tecto-para-iluminacao-interior-invicta-frlinva#primaryimage"},"image":{"@id":"https:\/\/luxpro.pt\/en\/produto\/aplique-de-tecto-para-iluminacao-interior-invicta-frlinva#primaryimage"},"thumbnailUrl":"https:\/\/luxpro.pt\/wp-content\/uploads\/2018\/09\/INVICTA-APL.jpg","datePublished":"2018-09-04T10:49:43+00:00","dateModified":"2023-03-29T16:31:24+00:00","description":"Aplique de parede ou mesmo para tecto, modelo vers\u00e1til a v\u00e1rios espa\u00e7os, fabricado em policarbonato, com suporte de lampada E27.","breadcrumb":{"@id":"https:\/\/luxpro.pt\/en\/produto\/aplique-de-tecto-para-iluminacao-interior-invicta-frlinva#breadcrumb"},"inLanguage":"en-US","potentialAction":[{"@type":"ReadAction","target":["https:\/\/luxpro.pt\/en\/produto\/aplique-de-tecto-para-iluminacao-interior-invicta-frlinva"]}]},{"@type":"ImageObject","inLanguage":"en-US","@id":"https:\/\/luxpro.pt\/en\/produto\/aplique-de-tecto-para-iluminacao-interior-invicta-frlinva#primaryimage","url":"https:\/\/luxpro.pt\/wp-content\/uploads\/2018\/09\/INVICTA-APL.jpg","contentUrl":"https:\/\/luxpro.pt\/wp-content\/uploads\/2018\/09\/INVICTA-APL.jpg","width":1000,"height":1000},{"@type":"BreadcrumbList","@id":"https:\/\/luxpro.pt\/en\/produto\/aplique-de-tecto-para-iluminacao-interior-invicta-frlinva#breadcrumb","itemListElement":[{"@type":"ListItem","position":1,"name":"In\u00edcio","item":"https:\/\/luxpro.pt\/en"},{"@type":"ListItem","position":2,"name":"Shop","item":"https:\/\/luxpro.pt\/en\/shop"},{"@type":"ListItem","position":3,"name":"Aplique de Parede Invicta E27 IP65"}]},{"@type":"WebSite","@id":"https:\/\/luxpro.pt\/en#website","url":"https:\/\/luxpro.pt\/en","name":"LuxPro","description":"","publisher":{"@id":"https:\/\/luxpro.pt\/en#\/schema\/person\/2d1bed59a52ad49be71622bef025e341"},"potentialAction":[{"@type":"SearchAction","target":{"@type":"EntryPoint","urlTemplate":"https:\/\/luxpro.pt\/en?s={search_term_string}"},"query-input":{"@type":"PropertyValueSpecification","valueRequired":true,"valueName":"search_term_string"}}],"inLanguage":"en-US"},{"@type":["Person","Organization"],"@id":"https:\/\/luxpro.pt\/en#\/schema\/person\/2d1bed59a52ad49be71622bef025e341","name":"Tiago Amadeu Ferreira","image":{"@type":"ImageObject","inLanguage":"en-US","@id":"https:\/\/luxpro.pt\/en#\/schema\/person\/image\/","url":"https:\/\/luxpro.pt\/wp-content\/uploads\/2017\/11\/logo.jpg","contentUrl":"https:\/\/luxpro.pt\/wp-content\/uploads\/2017\/11\/logo.jpg","width":150,"height":33,"caption":"Tiago Amadeu Ferreira"},"logo":{"@id":"https:\/\/luxpro.pt\/en#\/schema\/person\/image\/"}}]}},"tiered_pricing_type":"fixed","tiered_pricing_fixed_rules":[],"tiered_pricing_product_settings":{"layout":"default","base_unit_name":{"singular":null,"plural":null},"default_variation":null},"tiered_pricing_minimum_quantity":null,"tiered_pricing_roles_data":[],"tiered_pricing_percentage_rules":[],"_links":{"self":[{"href":"https:\/\/luxpro.pt\/en\/wp-json\/wp\/v2\/product\/541","targetHints":{"allow":["GET"]}}],"collection":[{"href":"https:\/\/luxpro.pt\/en\/wp-json\/wp\/v2\/product"}],"about":[{"href":"https:\/\/luxpro.pt\/en\/wp-json\/wp\/v2\/types\/product"}],"replies":[{"embeddable":true,"href":"https:\/\/luxpro.pt\/en\/wp-json\/wp\/v2\/comments?post=541"}],"wp:featuredmedia":[{"embeddable":true,"href":"https:\/\/luxpro.pt\/en\/wp-json\/wp\/v2\/media\/542"}],"wp:attachment":[{"href":"https:\/\/luxpro.pt\/en\/wp-json\/wp\/v2\/media?parent=541"}],"wp:term":[{"taxonomy":"product_brand","embeddable":true,"href":"https:\/\/luxpro.pt\/en\/wp-json\/wp\/v2\/product_brand?post=541"},{"taxonomy":"product_cat","embeddable":true,"href":"https:\/\/luxpro.pt\/en\/wp-json\/wp\/v2\/product_cat?post=541"},{"taxonomy":"product_tag","embeddable":true,"href":"https:\/\/luxpro.pt\/en\/wp-json\/wp\/v2\/product_tag?post=541"}],"curies":[{"name":"wp","href":"https:\/\/api.w.org\/{rel}","templated":true}]}}