{"id":5709,"date":"2020-09-21T10:24:17","date_gmt":"2020-09-21T10:24:17","guid":{"rendered":"https:\/\/luxpro.pt\/?post_type=product&#038;p=5709"},"modified":"2023-10-30T23:08:41","modified_gmt":"2023-10-30T23:08:41","slug":"extensao-macho-femea-10m-20m","status":"publish","type":"product","link":"https:\/\/luxpro.pt\/en\/produto\/extensao-macho-femea-10m-20m","title":{"rendered":"Exten\u00e7\u00e3o com Ficha Macho e F\u00eamea 10m e 20m"},"content":{"rendered":"<p>Exten\u00e7\u00e3o de cabo 3x1mm H05 VV-F CE, com ficha de borracha f\u00eamea e macho,<\/p>\n<p>com sa\u00edda m\u00e1xima: 2000W.\u00a0 mais cores dispon\u00edveis.<\/p>\n","protected":false},"excerpt":{"rendered":"<p>Exten\u00e7\u00e3o de cabo 3x1mm H05 VV-F CE, com ficha de borracha f\u00eamea e macho, com sa\u00edda m\u00e1xima: 2000W.\u00a0 mais cores dispon\u00edveis.<\/p>\n","protected":false},"featured_media":5713,"comment_status":"open","ping_status":"closed","template":"","meta":[],"product_brand":[],"product_cat":[523],"product_tag":[770,765,755,760,758,756,764,757,766,763,759,761,762],"class_list":{"0":"post-5709","1":"product","2":"type-product","3":"status-publish","4":"has-post-thumbnail","6":"product_cat-bloco-de-tomadas","7":"product_tag-branco","8":"product_tag-escritorio","9":"product_tag-extensao","10":"product_tag-ficha","11":"product_tag-interruptor","12":"product_tag-office","13":"product_tag-preto","14":"product_tag-pro","15":"product_tag-profissional","16":"product_tag-sobretensao","17":"product_tag-tomada","18":"product_tag-tripla","19":"product_tag-usb","20":"pa_cor-laranja","21":"pa_dimensoes-10m","22":"pa_dimensoes-20m","24":"first","25":"instock","26":"taxable","27":"shipping-taxable","28":"purchasable","29":"product-type-variable","30":"has-default-attributes"},"yoast_head":"<!-- This site is optimized with the Yoast SEO plugin v26.5 - https:\/\/yoast.com\/wordpress\/plugins\/seo\/ -->\n<title>EXTENS\u00c3O MACHO FEMEA 10m 20m<\/title>\n<meta name=\"description\" content=\"EXTENS\u00c3O MACHO FEMEA 10m 20m\" \/>\n<meta name=\"robots\" content=\"index, follow, max-snippet:-1, max-image-preview:large, max-video-preview:-1\" \/>\n<link rel=\"canonical\" href=\"https:\/\/luxpro.pt\/en\/produto\/extensao-macho-femea-10m-20m\" \/>\n<meta property=\"og:locale\" content=\"en_US\" \/>\n<meta property=\"og:type\" content=\"article\" \/>\n<meta property=\"og:title\" content=\"EXTENS\u00c3O MACHO FEMEA 10m 20m\" \/>\n<meta property=\"og:description\" content=\"EXTENS\u00c3O MACHO FEMEA 10m 20m\" \/>\n<meta property=\"og:url\" content=\"https:\/\/luxpro.pt\/en\/produto\/extensao-macho-femea-10m-20m\" \/>\n<meta property=\"og:site_name\" content=\"LuxPro\" \/>\n<meta property=\"article:modified_time\" content=\"2023-10-30T23:08:41+00:00\" \/>\n<meta property=\"og:image\" content=\"https:\/\/luxpro.pt\/wp-content\/uploads\/2020\/09\/phpThumb_generated_thumbnail.png.png\" \/>\n\t<meta property=\"og:image:width\" content=\"750\" \/>\n\t<meta property=\"og:image:height\" content=\"750\" \/>\n\t<meta property=\"og:image:type\" content=\"image\/png\" \/>\n<meta name=\"twitter:card\" content=\"summary_large_image\" \/>\n<meta name=\"twitter:label1\" content=\"Est. reading time\" \/>\n\t<meta name=\"twitter:data1\" content=\"1 minute\" \/>\n<script type=\"application\/ld+json\" class=\"yoast-schema-graph\">{\"@context\":\"https:\/\/schema.org\",\"@graph\":[{\"@type\":\"WebPage\",\"@id\":\"https:\/\/luxpro.pt\/en\/produto\/extensao-macho-femea-10m-20m\",\"url\":\"https:\/\/luxpro.pt\/en\/produto\/extensao-macho-femea-10m-20m\",\"name\":\"EXTENS\u00c3O MACHO FEMEA 10m 20m\",\"isPartOf\":{\"@id\":\"https:\/\/luxpro.pt\/en#website\"},\"primaryImageOfPage\":{\"@id\":\"https:\/\/luxpro.pt\/en\/produto\/extensao-macho-femea-10m-20m#primaryimage\"},\"image\":{\"@id\":\"https:\/\/luxpro.pt\/en\/produto\/extensao-macho-femea-10m-20m#primaryimage\"},\"thumbnailUrl\":\"https:\/\/luxpro.pt\/wp-content\/uploads\/2020\/09\/phpThumb_generated_thumbnail.png.png\",\"datePublished\":\"2020-09-21T10:24:17+00:00\",\"dateModified\":\"2023-10-30T23:08:41+00:00\",\"description\":\"EXTENS\u00c3O MACHO FEMEA 10m 20m\",\"breadcrumb\":{\"@id\":\"https:\/\/luxpro.pt\/en\/produto\/extensao-macho-femea-10m-20m#breadcrumb\"},\"inLanguage\":\"en-US\",\"potentialAction\":[{\"@type\":\"ReadAction\",\"target\":[\"https:\/\/luxpro.pt\/en\/produto\/extensao-macho-femea-10m-20m\"]}]},{\"@type\":\"ImageObject\",\"inLanguage\":\"en-US\",\"@id\":\"https:\/\/luxpro.pt\/en\/produto\/extensao-macho-femea-10m-20m#primaryimage\",\"url\":\"https:\/\/luxpro.pt\/wp-content\/uploads\/2020\/09\/phpThumb_generated_thumbnail.png.png\",\"contentUrl\":\"https:\/\/luxpro.pt\/wp-content\/uploads\/2020\/09\/phpThumb_generated_thumbnail.png.png\",\"width\":750,\"height\":750},{\"@type\":\"BreadcrumbList\",\"@id\":\"https:\/\/luxpro.pt\/en\/produto\/extensao-macho-femea-10m-20m#breadcrumb\",\"itemListElement\":[{\"@type\":\"ListItem\",\"position\":1,\"name\":\"In\u00edcio\",\"item\":\"https:\/\/luxpro.pt\/en\"},{\"@type\":\"ListItem\",\"position\":2,\"name\":\"Shop\",\"item\":\"https:\/\/luxpro.pt\/en\/shop\"},{\"@type\":\"ListItem\",\"position\":3,\"name\":\"Exten\u00e7\u00e3o com Ficha Macho e F\u00eamea 10m e 20m\"}]},{\"@type\":\"WebSite\",\"@id\":\"https:\/\/luxpro.pt\/en#website\",\"url\":\"https:\/\/luxpro.pt\/en\",\"name\":\"LuxPro\",\"description\":\"\",\"publisher\":{\"@id\":\"https:\/\/luxpro.pt\/en#\/schema\/person\/2d1bed59a52ad49be71622bef025e341\"},\"potentialAction\":[{\"@type\":\"SearchAction\",\"target\":{\"@type\":\"EntryPoint\",\"urlTemplate\":\"https:\/\/luxpro.pt\/en?s={search_term_string}\"},\"query-input\":{\"@type\":\"PropertyValueSpecification\",\"valueRequired\":true,\"valueName\":\"search_term_string\"}}],\"inLanguage\":\"en-US\"},{\"@type\":[\"Person\",\"Organization\"],\"@id\":\"https:\/\/luxpro.pt\/en#\/schema\/person\/2d1bed59a52ad49be71622bef025e341\",\"name\":\"Tiago Amadeu Ferreira\",\"image\":{\"@type\":\"ImageObject\",\"inLanguage\":\"en-US\",\"@id\":\"https:\/\/luxpro.pt\/en#\/schema\/person\/image\/\",\"url\":\"https:\/\/luxpro.pt\/wp-content\/uploads\/2017\/11\/logo.jpg\",\"contentUrl\":\"https:\/\/luxpro.pt\/wp-content\/uploads\/2017\/11\/logo.jpg\",\"width\":150,\"height\":33,\"caption\":\"Tiago Amadeu Ferreira\"},\"logo\":{\"@id\":\"https:\/\/luxpro.pt\/en#\/schema\/person\/image\/\"}}]}<\/script>\n<!-- \/ Yoast SEO plugin. -->","yoast_head_json":{"title":"EXTENS\u00c3O MACHO FEMEA 10m 20m","description":"EXTENS\u00c3O MACHO FEMEA 10m 20m","robots":{"index":"index","follow":"follow","max-snippet":"max-snippet:-1","max-image-preview":"max-image-preview:large","max-video-preview":"max-video-preview:-1"},"canonical":"https:\/\/luxpro.pt\/en\/produto\/extensao-macho-femea-10m-20m","og_locale":"en_US","og_type":"article","og_title":"EXTENS\u00c3O MACHO FEMEA 10m 20m","og_description":"EXTENS\u00c3O MACHO FEMEA 10m 20m","og_url":"https:\/\/luxpro.pt\/en\/produto\/extensao-macho-femea-10m-20m","og_site_name":"LuxPro","article_modified_time":"2023-10-30T23:08:41+00:00","og_image":[{"width":750,"height":750,"url":"https:\/\/luxpro.pt\/wp-content\/uploads\/2020\/09\/phpThumb_generated_thumbnail.png.png","type":"image\/png"}],"twitter_card":"summary_large_image","twitter_misc":{"Est. reading time":"1 minute"},"schema":{"@context":"https:\/\/schema.org","@graph":[{"@type":"WebPage","@id":"https:\/\/luxpro.pt\/en\/produto\/extensao-macho-femea-10m-20m","url":"https:\/\/luxpro.pt\/en\/produto\/extensao-macho-femea-10m-20m","name":"EXTENS\u00c3O MACHO FEMEA 10m 20m","isPartOf":{"@id":"https:\/\/luxpro.pt\/en#website"},"primaryImageOfPage":{"@id":"https:\/\/luxpro.pt\/en\/produto\/extensao-macho-femea-10m-20m#primaryimage"},"image":{"@id":"https:\/\/luxpro.pt\/en\/produto\/extensao-macho-femea-10m-20m#primaryimage"},"thumbnailUrl":"https:\/\/luxpro.pt\/wp-content\/uploads\/2020\/09\/phpThumb_generated_thumbnail.png.png","datePublished":"2020-09-21T10:24:17+00:00","dateModified":"2023-10-30T23:08:41+00:00","description":"EXTENS\u00c3O MACHO FEMEA 10m 20m","breadcrumb":{"@id":"https:\/\/luxpro.pt\/en\/produto\/extensao-macho-femea-10m-20m#breadcrumb"},"inLanguage":"en-US","potentialAction":[{"@type":"ReadAction","target":["https:\/\/luxpro.pt\/en\/produto\/extensao-macho-femea-10m-20m"]}]},{"@type":"ImageObject","inLanguage":"en-US","@id":"https:\/\/luxpro.pt\/en\/produto\/extensao-macho-femea-10m-20m#primaryimage","url":"https:\/\/luxpro.pt\/wp-content\/uploads\/2020\/09\/phpThumb_generated_thumbnail.png.png","contentUrl":"https:\/\/luxpro.pt\/wp-content\/uploads\/2020\/09\/phpThumb_generated_thumbnail.png.png","width":750,"height":750},{"@type":"BreadcrumbList","@id":"https:\/\/luxpro.pt\/en\/produto\/extensao-macho-femea-10m-20m#breadcrumb","itemListElement":[{"@type":"ListItem","position":1,"name":"In\u00edcio","item":"https:\/\/luxpro.pt\/en"},{"@type":"ListItem","position":2,"name":"Shop","item":"https:\/\/luxpro.pt\/en\/shop"},{"@type":"ListItem","position":3,"name":"Exten\u00e7\u00e3o com Ficha Macho e F\u00eamea 10m e 20m"}]},{"@type":"WebSite","@id":"https:\/\/luxpro.pt\/en#website","url":"https:\/\/luxpro.pt\/en","name":"LuxPro","description":"","publisher":{"@id":"https:\/\/luxpro.pt\/en#\/schema\/person\/2d1bed59a52ad49be71622bef025e341"},"potentialAction":[{"@type":"SearchAction","target":{"@type":"EntryPoint","urlTemplate":"https:\/\/luxpro.pt\/en?s={search_term_string}"},"query-input":{"@type":"PropertyValueSpecification","valueRequired":true,"valueName":"search_term_string"}}],"inLanguage":"en-US"},{"@type":["Person","Organization"],"@id":"https:\/\/luxpro.pt\/en#\/schema\/person\/2d1bed59a52ad49be71622bef025e341","name":"Tiago Amadeu Ferreira","image":{"@type":"ImageObject","inLanguage":"en-US","@id":"https:\/\/luxpro.pt\/en#\/schema\/person\/image\/","url":"https:\/\/luxpro.pt\/wp-content\/uploads\/2017\/11\/logo.jpg","contentUrl":"https:\/\/luxpro.pt\/wp-content\/uploads\/2017\/11\/logo.jpg","width":150,"height":33,"caption":"Tiago Amadeu Ferreira"},"logo":{"@id":"https:\/\/luxpro.pt\/en#\/schema\/person\/image\/"}}]}},"tiered_pricing_type":"fixed","tiered_pricing_fixed_rules":[],"tiered_pricing_product_settings":{"layout":"default","base_unit_name":{"singular":null,"plural":null},"default_variation":null},"tiered_pricing_minimum_quantity":null,"tiered_pricing_roles_data":[],"tiered_pricing_percentage_rules":[],"_links":{"self":[{"href":"https:\/\/luxpro.pt\/en\/wp-json\/wp\/v2\/product\/5709","targetHints":{"allow":["GET"]}}],"collection":[{"href":"https:\/\/luxpro.pt\/en\/wp-json\/wp\/v2\/product"}],"about":[{"href":"https:\/\/luxpro.pt\/en\/wp-json\/wp\/v2\/types\/product"}],"replies":[{"embeddable":true,"href":"https:\/\/luxpro.pt\/en\/wp-json\/wp\/v2\/comments?post=5709"}],"wp:featuredmedia":[{"embeddable":true,"href":"https:\/\/luxpro.pt\/en\/wp-json\/wp\/v2\/media\/5713"}],"wp:attachment":[{"href":"https:\/\/luxpro.pt\/en\/wp-json\/wp\/v2\/media?parent=5709"}],"wp:term":[{"taxonomy":"product_brand","embeddable":true,"href":"https:\/\/luxpro.pt\/en\/wp-json\/wp\/v2\/product_brand?post=5709"},{"taxonomy":"product_cat","embeddable":true,"href":"https:\/\/luxpro.pt\/en\/wp-json\/wp\/v2\/product_cat?post=5709"},{"taxonomy":"product_tag","embeddable":true,"href":"https:\/\/luxpro.pt\/en\/wp-json\/wp\/v2\/product_tag?post=5709"}],"curies":[{"name":"wp","href":"https:\/\/api.w.org\/{rel}","templated":true}]}}