{"id":5790,"date":"2020-10-01T10:00:44","date_gmt":"2020-10-01T10:00:44","guid":{"rendered":"https:\/\/luxpro.pt\/?post_type=product&#038;p=5790"},"modified":"2024-03-18T16:40:23","modified_gmt":"2024-03-18T16:40:23","slug":"kit-de-audio-k-202-grf-golmar","status":"publish","type":"product","link":"https:\/\/luxpro.pt\/en\/produto\/kit-de-audio-k-202-grf-golmar","title":{"rendered":"Kit de Audio K-202 GRF Golmar"},"content":{"rendered":"<p>Instala\u00e7\u00e3o anal\u00f3gica 4 + n. Composto por: Placa PE-295\/2 GRF com dois bot\u00f5es de chamada.<\/p>\n<p>Caixa de incorpora\u00e7\u00e3o M.<\/p>\n<p>2 telefones Tekna T-500 com chamada eletr\u00f3nica.<\/p>\n<p>Transformador TF-104.<\/p>\n<p>Admite at\u00e9 3 telefones na mesma casa.<\/p>\n<p>Use com fechos de porta el\u00e9tricos de 12V AC<\/p>\n","protected":false},"excerpt":{"rendered":"<p>Instala\u00e7\u00e3o anal\u00f3gica 4 + n. Composto por: Placa PE-295\/2 GRF com dois bot\u00f5es de chamada. Caixa de incorpora\u00e7\u00e3o M. 2 telefones Tekna T-500 com chamada eletr\u00f3nica. Transformador TF-104. Admite at\u00e9 3 telefones na mesma casa. Use com fechos de porta el\u00e9tricos de 12V AC<\/p>\n","protected":false},"featured_media":5791,"comment_status":"open","ping_status":"closed","template":"","meta":[],"product_brand":[],"product_cat":[1157],"product_tag":[804,801,781,803,805,806],"class_list":{"0":"post-5790","1":"product","2":"type-product","3":"status-publish","4":"has-post-thumbnail","6":"product_cat-kits-audio","7":"product_tag-audio","8":"product_tag-campainha","9":"product_tag-golmar","10":"product_tag-k202","11":"product_tag-kitaudio","12":"product_tag-telefone","14":"first","15":"instock","16":"taxable","17":"shipping-taxable","18":"purchasable","19":"product-type-simple"},"yoast_head":"<!-- This site is optimized with the Yoast SEO plugin v26.5 - https:\/\/yoast.com\/wordpress\/plugins\/seo\/ -->\n<title>Kit de Audio K-202 GRF Golmar - LuxPro<\/title>\n<meta name=\"description\" content=\"Instala\u00e7\u00e3o anal\u00f3gica 4 + n. Composto por: Placa PE-295\/2 GRF com dois bot\u00f5es de chamada. Caixa de incorpora\u00e7\u00e3o M. 2 telefones Tekna T-500 com chamada\" \/>\n<meta name=\"robots\" content=\"index, follow, max-snippet:-1, max-image-preview:large, max-video-preview:-1\" \/>\n<link rel=\"canonical\" href=\"https:\/\/luxpro.pt\/en\/produto\/kit-de-audio-k-202-grf-golmar\" \/>\n<meta property=\"og:locale\" content=\"en_US\" \/>\n<meta property=\"og:type\" content=\"article\" \/>\n<meta property=\"og:title\" content=\"Kit de Audio K-202 GRF Golmar - LuxPro\" \/>\n<meta property=\"og:description\" content=\"Instala\u00e7\u00e3o anal\u00f3gica 4 + n. Composto por: Placa PE-295\/2 GRF com dois bot\u00f5es de chamada. Caixa de incorpora\u00e7\u00e3o M. 2 telefones Tekna T-500 com chamada\" \/>\n<meta property=\"og:url\" content=\"https:\/\/luxpro.pt\/en\/produto\/kit-de-audio-k-202-grf-golmar\" \/>\n<meta property=\"og:site_name\" content=\"LuxPro\" \/>\n<meta property=\"article:modified_time\" content=\"2024-03-18T16:40:23+00:00\" \/>\n<meta property=\"og:image\" content=\"https:\/\/luxpro.pt\/wp-content\/uploads\/2020\/10\/k202.jpg\" \/>\n\t<meta property=\"og:image:width\" content=\"800\" \/>\n\t<meta property=\"og:image:height\" content=\"800\" \/>\n\t<meta property=\"og:image:type\" content=\"image\/jpeg\" \/>\n<meta name=\"twitter:card\" content=\"summary_large_image\" \/>\n<meta name=\"twitter:label1\" content=\"Est. reading time\" \/>\n\t<meta name=\"twitter:data1\" content=\"1 minute\" \/>\n<script type=\"application\/ld+json\" class=\"yoast-schema-graph\">{\"@context\":\"https:\/\/schema.org\",\"@graph\":[{\"@type\":\"WebPage\",\"@id\":\"https:\/\/luxpro.pt\/en\/produto\/kit-de-audio-k-202-grf-golmar\",\"url\":\"https:\/\/luxpro.pt\/en\/produto\/kit-de-audio-k-202-grf-golmar\",\"name\":\"Kit de Audio K-202 GRF Golmar - LuxPro\",\"isPartOf\":{\"@id\":\"https:\/\/luxpro.pt\/en#website\"},\"primaryImageOfPage\":{\"@id\":\"https:\/\/luxpro.pt\/en\/produto\/kit-de-audio-k-202-grf-golmar#primaryimage\"},\"image\":{\"@id\":\"https:\/\/luxpro.pt\/en\/produto\/kit-de-audio-k-202-grf-golmar#primaryimage\"},\"thumbnailUrl\":\"https:\/\/luxpro.pt\/wp-content\/uploads\/2020\/10\/k202.jpg\",\"datePublished\":\"2020-10-01T10:00:44+00:00\",\"dateModified\":\"2024-03-18T16:40:23+00:00\",\"description\":\"Instala\u00e7\u00e3o anal\u00f3gica 4 + n. Composto por: Placa PE-295\/2 GRF com dois bot\u00f5es de chamada. Caixa de incorpora\u00e7\u00e3o M. 2 telefones Tekna T-500 com chamada\",\"breadcrumb\":{\"@id\":\"https:\/\/luxpro.pt\/en\/produto\/kit-de-audio-k-202-grf-golmar#breadcrumb\"},\"inLanguage\":\"en-US\",\"potentialAction\":[{\"@type\":\"ReadAction\",\"target\":[\"https:\/\/luxpro.pt\/en\/produto\/kit-de-audio-k-202-grf-golmar\"]}]},{\"@type\":\"ImageObject\",\"inLanguage\":\"en-US\",\"@id\":\"https:\/\/luxpro.pt\/en\/produto\/kit-de-audio-k-202-grf-golmar#primaryimage\",\"url\":\"https:\/\/luxpro.pt\/wp-content\/uploads\/2020\/10\/k202.jpg\",\"contentUrl\":\"https:\/\/luxpro.pt\/wp-content\/uploads\/2020\/10\/k202.jpg\",\"width\":800,\"height\":800},{\"@type\":\"BreadcrumbList\",\"@id\":\"https:\/\/luxpro.pt\/en\/produto\/kit-de-audio-k-202-grf-golmar#breadcrumb\",\"itemListElement\":[{\"@type\":\"ListItem\",\"position\":1,\"name\":\"In\u00edcio\",\"item\":\"https:\/\/luxpro.pt\/en\"},{\"@type\":\"ListItem\",\"position\":2,\"name\":\"Shop\",\"item\":\"https:\/\/luxpro.pt\/en\/shop\"},{\"@type\":\"ListItem\",\"position\":3,\"name\":\"Kit de Audio K-202 GRF Golmar\"}]},{\"@type\":\"WebSite\",\"@id\":\"https:\/\/luxpro.pt\/en#website\",\"url\":\"https:\/\/luxpro.pt\/en\",\"name\":\"LuxPro\",\"description\":\"\",\"publisher\":{\"@id\":\"https:\/\/luxpro.pt\/en#\/schema\/person\/2d1bed59a52ad49be71622bef025e341\"},\"potentialAction\":[{\"@type\":\"SearchAction\",\"target\":{\"@type\":\"EntryPoint\",\"urlTemplate\":\"https:\/\/luxpro.pt\/en?s={search_term_string}\"},\"query-input\":{\"@type\":\"PropertyValueSpecification\",\"valueRequired\":true,\"valueName\":\"search_term_string\"}}],\"inLanguage\":\"en-US\"},{\"@type\":[\"Person\",\"Organization\"],\"@id\":\"https:\/\/luxpro.pt\/en#\/schema\/person\/2d1bed59a52ad49be71622bef025e341\",\"name\":\"Tiago Amadeu Ferreira\",\"image\":{\"@type\":\"ImageObject\",\"inLanguage\":\"en-US\",\"@id\":\"https:\/\/luxpro.pt\/en#\/schema\/person\/image\/\",\"url\":\"https:\/\/luxpro.pt\/wp-content\/uploads\/2017\/11\/logo.jpg\",\"contentUrl\":\"https:\/\/luxpro.pt\/wp-content\/uploads\/2017\/11\/logo.jpg\",\"width\":150,\"height\":33,\"caption\":\"Tiago Amadeu Ferreira\"},\"logo\":{\"@id\":\"https:\/\/luxpro.pt\/en#\/schema\/person\/image\/\"}}]}<\/script>\n<!-- \/ Yoast SEO plugin. -->","yoast_head_json":{"title":"Kit de Audio K-202 GRF Golmar - LuxPro","description":"Instala\u00e7\u00e3o anal\u00f3gica 4 + n. Composto por: Placa PE-295\/2 GRF com dois bot\u00f5es de chamada. Caixa de incorpora\u00e7\u00e3o M. 2 telefones Tekna T-500 com chamada","robots":{"index":"index","follow":"follow","max-snippet":"max-snippet:-1","max-image-preview":"max-image-preview:large","max-video-preview":"max-video-preview:-1"},"canonical":"https:\/\/luxpro.pt\/en\/produto\/kit-de-audio-k-202-grf-golmar","og_locale":"en_US","og_type":"article","og_title":"Kit de Audio K-202 GRF Golmar - LuxPro","og_description":"Instala\u00e7\u00e3o anal\u00f3gica 4 + n. Composto por: Placa PE-295\/2 GRF com dois bot\u00f5es de chamada. Caixa de incorpora\u00e7\u00e3o M. 2 telefones Tekna T-500 com chamada","og_url":"https:\/\/luxpro.pt\/en\/produto\/kit-de-audio-k-202-grf-golmar","og_site_name":"LuxPro","article_modified_time":"2024-03-18T16:40:23+00:00","og_image":[{"width":800,"height":800,"url":"https:\/\/luxpro.pt\/wp-content\/uploads\/2020\/10\/k202.jpg","type":"image\/jpeg"}],"twitter_card":"summary_large_image","twitter_misc":{"Est. reading time":"1 minute"},"schema":{"@context":"https:\/\/schema.org","@graph":[{"@type":"WebPage","@id":"https:\/\/luxpro.pt\/en\/produto\/kit-de-audio-k-202-grf-golmar","url":"https:\/\/luxpro.pt\/en\/produto\/kit-de-audio-k-202-grf-golmar","name":"Kit de Audio K-202 GRF Golmar - LuxPro","isPartOf":{"@id":"https:\/\/luxpro.pt\/en#website"},"primaryImageOfPage":{"@id":"https:\/\/luxpro.pt\/en\/produto\/kit-de-audio-k-202-grf-golmar#primaryimage"},"image":{"@id":"https:\/\/luxpro.pt\/en\/produto\/kit-de-audio-k-202-grf-golmar#primaryimage"},"thumbnailUrl":"https:\/\/luxpro.pt\/wp-content\/uploads\/2020\/10\/k202.jpg","datePublished":"2020-10-01T10:00:44+00:00","dateModified":"2024-03-18T16:40:23+00:00","description":"Instala\u00e7\u00e3o anal\u00f3gica 4 + n. Composto por: Placa PE-295\/2 GRF com dois bot\u00f5es de chamada. Caixa de incorpora\u00e7\u00e3o M. 2 telefones Tekna T-500 com chamada","breadcrumb":{"@id":"https:\/\/luxpro.pt\/en\/produto\/kit-de-audio-k-202-grf-golmar#breadcrumb"},"inLanguage":"en-US","potentialAction":[{"@type":"ReadAction","target":["https:\/\/luxpro.pt\/en\/produto\/kit-de-audio-k-202-grf-golmar"]}]},{"@type":"ImageObject","inLanguage":"en-US","@id":"https:\/\/luxpro.pt\/en\/produto\/kit-de-audio-k-202-grf-golmar#primaryimage","url":"https:\/\/luxpro.pt\/wp-content\/uploads\/2020\/10\/k202.jpg","contentUrl":"https:\/\/luxpro.pt\/wp-content\/uploads\/2020\/10\/k202.jpg","width":800,"height":800},{"@type":"BreadcrumbList","@id":"https:\/\/luxpro.pt\/en\/produto\/kit-de-audio-k-202-grf-golmar#breadcrumb","itemListElement":[{"@type":"ListItem","position":1,"name":"In\u00edcio","item":"https:\/\/luxpro.pt\/en"},{"@type":"ListItem","position":2,"name":"Shop","item":"https:\/\/luxpro.pt\/en\/shop"},{"@type":"ListItem","position":3,"name":"Kit de Audio K-202 GRF Golmar"}]},{"@type":"WebSite","@id":"https:\/\/luxpro.pt\/en#website","url":"https:\/\/luxpro.pt\/en","name":"LuxPro","description":"","publisher":{"@id":"https:\/\/luxpro.pt\/en#\/schema\/person\/2d1bed59a52ad49be71622bef025e341"},"potentialAction":[{"@type":"SearchAction","target":{"@type":"EntryPoint","urlTemplate":"https:\/\/luxpro.pt\/en?s={search_term_string}"},"query-input":{"@type":"PropertyValueSpecification","valueRequired":true,"valueName":"search_term_string"}}],"inLanguage":"en-US"},{"@type":["Person","Organization"],"@id":"https:\/\/luxpro.pt\/en#\/schema\/person\/2d1bed59a52ad49be71622bef025e341","name":"Tiago Amadeu Ferreira","image":{"@type":"ImageObject","inLanguage":"en-US","@id":"https:\/\/luxpro.pt\/en#\/schema\/person\/image\/","url":"https:\/\/luxpro.pt\/wp-content\/uploads\/2017\/11\/logo.jpg","contentUrl":"https:\/\/luxpro.pt\/wp-content\/uploads\/2017\/11\/logo.jpg","width":150,"height":33,"caption":"Tiago Amadeu Ferreira"},"logo":{"@id":"https:\/\/luxpro.pt\/en#\/schema\/person\/image\/"}}]}},"tiered_pricing_type":"fixed","tiered_pricing_fixed_rules":[],"tiered_pricing_product_settings":{"layout":"default","base_unit_name":{"singular":null,"plural":null},"default_variation":null},"tiered_pricing_minimum_quantity":null,"tiered_pricing_roles_data":[],"tiered_pricing_percentage_rules":[],"_links":{"self":[{"href":"https:\/\/luxpro.pt\/en\/wp-json\/wp\/v2\/product\/5790","targetHints":{"allow":["GET"]}}],"collection":[{"href":"https:\/\/luxpro.pt\/en\/wp-json\/wp\/v2\/product"}],"about":[{"href":"https:\/\/luxpro.pt\/en\/wp-json\/wp\/v2\/types\/product"}],"replies":[{"embeddable":true,"href":"https:\/\/luxpro.pt\/en\/wp-json\/wp\/v2\/comments?post=5790"}],"wp:featuredmedia":[{"embeddable":true,"href":"https:\/\/luxpro.pt\/en\/wp-json\/wp\/v2\/media\/5791"}],"wp:attachment":[{"href":"https:\/\/luxpro.pt\/en\/wp-json\/wp\/v2\/media?parent=5790"}],"wp:term":[{"taxonomy":"product_brand","embeddable":true,"href":"https:\/\/luxpro.pt\/en\/wp-json\/wp\/v2\/product_brand?post=5790"},{"taxonomy":"product_cat","embeddable":true,"href":"https:\/\/luxpro.pt\/en\/wp-json\/wp\/v2\/product_cat?post=5790"},{"taxonomy":"product_tag","embeddable":true,"href":"https:\/\/luxpro.pt\/en\/wp-json\/wp\/v2\/product_tag?post=5790"}],"curies":[{"name":"wp","href":"https:\/\/api.w.org\/{rel}","templated":true}]}}