{"id":5840,"date":"2020-10-08T09:44:00","date_gmt":"2020-10-08T09:44:00","guid":{"rendered":"https:\/\/luxpro.pt\/?post_type=product&#038;p=5840"},"modified":"2024-03-18T16:36:10","modified_gmt":"2024-03-18T16:36:10","slug":"audio-stadio-3-botoes-4130-al-golmar","status":"publish","type":"product","link":"https:\/\/luxpro.pt\/en\/produto\/audio-stadio-3-botoes-4130-al-golmar","title":{"rendered":"Kit \u00c1udio STADIO 3 Bot\u00f5es 4130\/AL GOLMAR"},"content":{"rendered":"<p>Instala\u00e7\u00e3o anal\u00f3gica 4+n.<\/p>\n<p>Placa de \u00e1udio com 3 bot\u00f5es de chamada.<\/p>\n<p>Caixa de encastrar CE610.<\/p>\n<p>3 telefones Tekna T-500 com chamada eletr\u00f3nica.<\/p>\n<p>Transformador TF-104.<\/p>\n<p>Admite at\u00e9 3 telefones na mesma casa.<\/p>\n<p>Use com abridores de portas el\u00e9tricos de 12V c.a.<\/p>\n","protected":false},"excerpt":{"rendered":"<p>Instala\u00e7\u00e3o anal\u00f3gica 4+n. Placa de \u00e1udio com 3 bot\u00f5es de chamada. Caixa de encastrar CE610. 3 telefones Tekna T-500 com chamada eletr\u00f3nica. Transformador TF-104. Admite at\u00e9 3 telefones na mesma casa. Use com abridores de portas el\u00e9tricos de 12V c.a.<\/p>\n","protected":false},"featured_media":5841,"comment_status":"open","ping_status":"closed","template":"","meta":[],"product_brand":[],"product_cat":[1157,524],"product_tag":[738,817,804,814,801,776,816,819,818,781,812,813,820,821,808,815],"class_list":{"0":"post-5840","1":"product","2":"type-product","3":"status-publish","4":"has-post-thumbnail","6":"product_cat-kits-audio","7":"product_cat-video-porteiros","8":"product_tag-aluminio","9":"product_tag-apartamento","10":"product_tag-audio","11":"product_tag-botoes","12":"product_tag-campainha","13":"product_tag-casa","14":"product_tag-chamada","15":"product_tag-cinzento","16":"product_tag-entrada","17":"product_tag-golmar","18":"product_tag-intercomunicador","19":"product_tag-kit","20":"product_tag-metal","21":"product_tag-metalico","22":"product_tag-porteiro","23":"product_tag-voz","25":"first","26":"instock","27":"taxable","28":"shipping-taxable","29":"purchasable","30":"product-type-simple"},"yoast_head":"<!-- This site is optimized with the Yoast SEO plugin v26.5 - https:\/\/yoast.com\/wordpress\/plugins\/seo\/ -->\n<title>Kit \u00c1udio STADIO 3 Bot\u00f5es 4130\/AL GOLMAR - LuxPro<\/title>\n<meta name=\"description\" content=\"Instala\u00e7\u00e3o anal\u00f3gica 4+n. Placa de \u00e1udio com 3 bot\u00f5es de chamada. Caixa de encastrar CE610. 3 telefones Tekna T-500 com chamada eletr\u00f3nica. Transformador\" \/>\n<meta name=\"robots\" content=\"index, follow, max-snippet:-1, max-image-preview:large, max-video-preview:-1\" \/>\n<link rel=\"canonical\" href=\"https:\/\/luxpro.pt\/en\/produto\/audio-stadio-3-botoes-4130-al-golmar\" \/>\n<meta property=\"og:locale\" content=\"en_US\" \/>\n<meta property=\"og:type\" content=\"article\" \/>\n<meta property=\"og:title\" content=\"Kit \u00c1udio STADIO 3 Bot\u00f5es 4130\/AL GOLMAR - LuxPro\" \/>\n<meta property=\"og:description\" content=\"Instala\u00e7\u00e3o anal\u00f3gica 4+n. Placa de \u00e1udio com 3 bot\u00f5es de chamada. Caixa de encastrar CE610. 3 telefones Tekna T-500 com chamada eletr\u00f3nica. Transformador\" \/>\n<meta property=\"og:url\" content=\"https:\/\/luxpro.pt\/en\/produto\/audio-stadio-3-botoes-4130-al-golmar\" \/>\n<meta property=\"og:site_name\" content=\"LuxPro\" \/>\n<meta property=\"article:modified_time\" content=\"2024-03-18T16:36:10+00:00\" \/>\n<meta property=\"og:image\" content=\"https:\/\/luxpro.pt\/wp-content\/uploads\/2020\/10\/11284130B.png\" \/>\n\t<meta property=\"og:image:width\" content=\"843\" \/>\n\t<meta property=\"og:image:height\" content=\"1006\" \/>\n\t<meta property=\"og:image:type\" content=\"image\/png\" \/>\n<meta name=\"twitter:card\" content=\"summary_large_image\" \/>\n<meta name=\"twitter:label1\" content=\"Est. reading time\" \/>\n\t<meta name=\"twitter:data1\" content=\"1 minute\" \/>\n<script type=\"application\/ld+json\" class=\"yoast-schema-graph\">{\"@context\":\"https:\/\/schema.org\",\"@graph\":[{\"@type\":\"WebPage\",\"@id\":\"https:\/\/luxpro.pt\/en\/produto\/audio-stadio-3-botoes-4130-al-golmar\",\"url\":\"https:\/\/luxpro.pt\/en\/produto\/audio-stadio-3-botoes-4130-al-golmar\",\"name\":\"Kit \u00c1udio STADIO 3 Bot\u00f5es 4130\/AL GOLMAR - LuxPro\",\"isPartOf\":{\"@id\":\"https:\/\/luxpro.pt\/en#website\"},\"primaryImageOfPage\":{\"@id\":\"https:\/\/luxpro.pt\/en\/produto\/audio-stadio-3-botoes-4130-al-golmar#primaryimage\"},\"image\":{\"@id\":\"https:\/\/luxpro.pt\/en\/produto\/audio-stadio-3-botoes-4130-al-golmar#primaryimage\"},\"thumbnailUrl\":\"https:\/\/luxpro.pt\/wp-content\/uploads\/2020\/10\/11284130B.png\",\"datePublished\":\"2020-10-08T09:44:00+00:00\",\"dateModified\":\"2024-03-18T16:36:10+00:00\",\"description\":\"Instala\u00e7\u00e3o anal\u00f3gica 4+n. Placa de \u00e1udio com 3 bot\u00f5es de chamada. Caixa de encastrar CE610. 3 telefones Tekna T-500 com chamada eletr\u00f3nica. Transformador\",\"breadcrumb\":{\"@id\":\"https:\/\/luxpro.pt\/en\/produto\/audio-stadio-3-botoes-4130-al-golmar#breadcrumb\"},\"inLanguage\":\"en-US\",\"potentialAction\":[{\"@type\":\"ReadAction\",\"target\":[\"https:\/\/luxpro.pt\/en\/produto\/audio-stadio-3-botoes-4130-al-golmar\"]}]},{\"@type\":\"ImageObject\",\"inLanguage\":\"en-US\",\"@id\":\"https:\/\/luxpro.pt\/en\/produto\/audio-stadio-3-botoes-4130-al-golmar#primaryimage\",\"url\":\"https:\/\/luxpro.pt\/wp-content\/uploads\/2020\/10\/11284130B.png\",\"contentUrl\":\"https:\/\/luxpro.pt\/wp-content\/uploads\/2020\/10\/11284130B.png\",\"width\":843,\"height\":1006},{\"@type\":\"BreadcrumbList\",\"@id\":\"https:\/\/luxpro.pt\/en\/produto\/audio-stadio-3-botoes-4130-al-golmar#breadcrumb\",\"itemListElement\":[{\"@type\":\"ListItem\",\"position\":1,\"name\":\"In\u00edcio\",\"item\":\"https:\/\/luxpro.pt\/en\"},{\"@type\":\"ListItem\",\"position\":2,\"name\":\"Shop\",\"item\":\"https:\/\/luxpro.pt\/en\/shop\"},{\"@type\":\"ListItem\",\"position\":3,\"name\":\"Kit \u00c1udio STADIO 3 Bot\u00f5es 4130\/AL GOLMAR\"}]},{\"@type\":\"WebSite\",\"@id\":\"https:\/\/luxpro.pt\/en#website\",\"url\":\"https:\/\/luxpro.pt\/en\",\"name\":\"LuxPro\",\"description\":\"\",\"publisher\":{\"@id\":\"https:\/\/luxpro.pt\/en#\/schema\/person\/2d1bed59a52ad49be71622bef025e341\"},\"potentialAction\":[{\"@type\":\"SearchAction\",\"target\":{\"@type\":\"EntryPoint\",\"urlTemplate\":\"https:\/\/luxpro.pt\/en?s={search_term_string}\"},\"query-input\":{\"@type\":\"PropertyValueSpecification\",\"valueRequired\":true,\"valueName\":\"search_term_string\"}}],\"inLanguage\":\"en-US\"},{\"@type\":[\"Person\",\"Organization\"],\"@id\":\"https:\/\/luxpro.pt\/en#\/schema\/person\/2d1bed59a52ad49be71622bef025e341\",\"name\":\"Tiago Amadeu Ferreira\",\"image\":{\"@type\":\"ImageObject\",\"inLanguage\":\"en-US\",\"@id\":\"https:\/\/luxpro.pt\/en#\/schema\/person\/image\/\",\"url\":\"https:\/\/luxpro.pt\/wp-content\/uploads\/2017\/11\/logo.jpg\",\"contentUrl\":\"https:\/\/luxpro.pt\/wp-content\/uploads\/2017\/11\/logo.jpg\",\"width\":150,\"height\":33,\"caption\":\"Tiago Amadeu Ferreira\"},\"logo\":{\"@id\":\"https:\/\/luxpro.pt\/en#\/schema\/person\/image\/\"}}]}<\/script>\n<!-- \/ Yoast SEO plugin. -->","yoast_head_json":{"title":"Kit \u00c1udio STADIO 3 Bot\u00f5es 4130\/AL GOLMAR - LuxPro","description":"Instala\u00e7\u00e3o anal\u00f3gica 4+n. Placa de \u00e1udio com 3 bot\u00f5es de chamada. Caixa de encastrar CE610. 3 telefones Tekna T-500 com chamada eletr\u00f3nica. Transformador","robots":{"index":"index","follow":"follow","max-snippet":"max-snippet:-1","max-image-preview":"max-image-preview:large","max-video-preview":"max-video-preview:-1"},"canonical":"https:\/\/luxpro.pt\/en\/produto\/audio-stadio-3-botoes-4130-al-golmar","og_locale":"en_US","og_type":"article","og_title":"Kit \u00c1udio STADIO 3 Bot\u00f5es 4130\/AL GOLMAR - LuxPro","og_description":"Instala\u00e7\u00e3o anal\u00f3gica 4+n. Placa de \u00e1udio com 3 bot\u00f5es de chamada. Caixa de encastrar CE610. 3 telefones Tekna T-500 com chamada eletr\u00f3nica. Transformador","og_url":"https:\/\/luxpro.pt\/en\/produto\/audio-stadio-3-botoes-4130-al-golmar","og_site_name":"LuxPro","article_modified_time":"2024-03-18T16:36:10+00:00","og_image":[{"width":843,"height":1006,"url":"https:\/\/luxpro.pt\/wp-content\/uploads\/2020\/10\/11284130B.png","type":"image\/png"}],"twitter_card":"summary_large_image","twitter_misc":{"Est. reading time":"1 minute"},"schema":{"@context":"https:\/\/schema.org","@graph":[{"@type":"WebPage","@id":"https:\/\/luxpro.pt\/en\/produto\/audio-stadio-3-botoes-4130-al-golmar","url":"https:\/\/luxpro.pt\/en\/produto\/audio-stadio-3-botoes-4130-al-golmar","name":"Kit \u00c1udio STADIO 3 Bot\u00f5es 4130\/AL GOLMAR - LuxPro","isPartOf":{"@id":"https:\/\/luxpro.pt\/en#website"},"primaryImageOfPage":{"@id":"https:\/\/luxpro.pt\/en\/produto\/audio-stadio-3-botoes-4130-al-golmar#primaryimage"},"image":{"@id":"https:\/\/luxpro.pt\/en\/produto\/audio-stadio-3-botoes-4130-al-golmar#primaryimage"},"thumbnailUrl":"https:\/\/luxpro.pt\/wp-content\/uploads\/2020\/10\/11284130B.png","datePublished":"2020-10-08T09:44:00+00:00","dateModified":"2024-03-18T16:36:10+00:00","description":"Instala\u00e7\u00e3o anal\u00f3gica 4+n. Placa de \u00e1udio com 3 bot\u00f5es de chamada. Caixa de encastrar CE610. 3 telefones Tekna T-500 com chamada eletr\u00f3nica. Transformador","breadcrumb":{"@id":"https:\/\/luxpro.pt\/en\/produto\/audio-stadio-3-botoes-4130-al-golmar#breadcrumb"},"inLanguage":"en-US","potentialAction":[{"@type":"ReadAction","target":["https:\/\/luxpro.pt\/en\/produto\/audio-stadio-3-botoes-4130-al-golmar"]}]},{"@type":"ImageObject","inLanguage":"en-US","@id":"https:\/\/luxpro.pt\/en\/produto\/audio-stadio-3-botoes-4130-al-golmar#primaryimage","url":"https:\/\/luxpro.pt\/wp-content\/uploads\/2020\/10\/11284130B.png","contentUrl":"https:\/\/luxpro.pt\/wp-content\/uploads\/2020\/10\/11284130B.png","width":843,"height":1006},{"@type":"BreadcrumbList","@id":"https:\/\/luxpro.pt\/en\/produto\/audio-stadio-3-botoes-4130-al-golmar#breadcrumb","itemListElement":[{"@type":"ListItem","position":1,"name":"In\u00edcio","item":"https:\/\/luxpro.pt\/en"},{"@type":"ListItem","position":2,"name":"Shop","item":"https:\/\/luxpro.pt\/en\/shop"},{"@type":"ListItem","position":3,"name":"Kit \u00c1udio STADIO 3 Bot\u00f5es 4130\/AL GOLMAR"}]},{"@type":"WebSite","@id":"https:\/\/luxpro.pt\/en#website","url":"https:\/\/luxpro.pt\/en","name":"LuxPro","description":"","publisher":{"@id":"https:\/\/luxpro.pt\/en#\/schema\/person\/2d1bed59a52ad49be71622bef025e341"},"potentialAction":[{"@type":"SearchAction","target":{"@type":"EntryPoint","urlTemplate":"https:\/\/luxpro.pt\/en?s={search_term_string}"},"query-input":{"@type":"PropertyValueSpecification","valueRequired":true,"valueName":"search_term_string"}}],"inLanguage":"en-US"},{"@type":["Person","Organization"],"@id":"https:\/\/luxpro.pt\/en#\/schema\/person\/2d1bed59a52ad49be71622bef025e341","name":"Tiago Amadeu Ferreira","image":{"@type":"ImageObject","inLanguage":"en-US","@id":"https:\/\/luxpro.pt\/en#\/schema\/person\/image\/","url":"https:\/\/luxpro.pt\/wp-content\/uploads\/2017\/11\/logo.jpg","contentUrl":"https:\/\/luxpro.pt\/wp-content\/uploads\/2017\/11\/logo.jpg","width":150,"height":33,"caption":"Tiago Amadeu Ferreira"},"logo":{"@id":"https:\/\/luxpro.pt\/en#\/schema\/person\/image\/"}}]}},"tiered_pricing_type":"fixed","tiered_pricing_fixed_rules":[],"tiered_pricing_product_settings":{"layout":"default","base_unit_name":{"singular":null,"plural":null},"default_variation":null},"tiered_pricing_minimum_quantity":null,"tiered_pricing_roles_data":[],"tiered_pricing_percentage_rules":[],"_links":{"self":[{"href":"https:\/\/luxpro.pt\/en\/wp-json\/wp\/v2\/product\/5840","targetHints":{"allow":["GET"]}}],"collection":[{"href":"https:\/\/luxpro.pt\/en\/wp-json\/wp\/v2\/product"}],"about":[{"href":"https:\/\/luxpro.pt\/en\/wp-json\/wp\/v2\/types\/product"}],"replies":[{"embeddable":true,"href":"https:\/\/luxpro.pt\/en\/wp-json\/wp\/v2\/comments?post=5840"}],"wp:featuredmedia":[{"embeddable":true,"href":"https:\/\/luxpro.pt\/en\/wp-json\/wp\/v2\/media\/5841"}],"wp:attachment":[{"href":"https:\/\/luxpro.pt\/en\/wp-json\/wp\/v2\/media?parent=5840"}],"wp:term":[{"taxonomy":"product_brand","embeddable":true,"href":"https:\/\/luxpro.pt\/en\/wp-json\/wp\/v2\/product_brand?post=5840"},{"taxonomy":"product_cat","embeddable":true,"href":"https:\/\/luxpro.pt\/en\/wp-json\/wp\/v2\/product_cat?post=5840"},{"taxonomy":"product_tag","embeddable":true,"href":"https:\/\/luxpro.pt\/en\/wp-json\/wp\/v2\/product_tag?post=5840"}],"curies":[{"name":"wp","href":"https:\/\/api.w.org\/{rel}","templated":true}]}}