{"id":5936,"date":"2020-10-15T14:46:35","date_gmt":"2020-10-15T14:46:35","guid":{"rendered":"https:\/\/luxpro.pt\/?post_type=product&#038;p=5936"},"modified":"2023-06-23T10:28:26","modified_gmt":"2023-06-23T09:28:26","slug":"bandeirola-metacrilato-iluminacao-emergencia-excellence-normalux","status":"publish","type":"product","link":"https:\/\/luxpro.pt\/en\/produto\/bandeirola-metacrilato-iluminacao-emergencia-excellence-normalux","title":{"rendered":"Difusor Metacrilato para Armadura EXCELLENCE NORMALUX"},"content":{"rendered":"<p>Difusor em l\u00e2mina de metacrilato.<\/p>\n<p>Compat\u00edvel com equipamento de s\u00e9rie EXCELLENCE.<\/p>\n<p>Dimens\u00f5es: 350x180x5mm.<\/p>\n<p>Dist\u00e2ncia m\u00e1xima de visualiza\u00e7\u00e3o: 36m.<\/p>\n<p>&nbsp;<\/p>\n","protected":false},"excerpt":{"rendered":"<p>Difusor em l\u00e2mina de metacrilato. Compat\u00edvel com equipamento de s\u00e9rie EXCELLENCE. Dimens\u00f5es: 350x180x5mm. Dist\u00e2ncia m\u00e1xima de visualiza\u00e7\u00e3o: 36m. &nbsp;<\/p>\n","protected":false},"featured_media":5937,"comment_status":"open","ping_status":"closed","template":"","meta":[],"product_brand":[],"product_cat":[965,526],"product_tag":[850,854,772,841,849,842,835,848,840,847,788,798,845,853,839,836],"class_list":{"0":"post-5936","1":"product","2":"type-product","3":"status-publish","4":"has-post-thumbnail","6":"product_cat-excellence","7":"product_cat-armadura-de-emergencia","8":"product_tag-acessorios","9":"product_tag-bandeirola","10":"product_tag-design","11":"product_tag-e-200l","12":"product_tag-e-300l","13":"product_tag-e200l","14":"product_tag-emergencia","15":"product_tag-excellence","16":"product_tag-exit","17":"product_tag-funcionalidade","18":"product_tag-iluminacao","19":"product_tag-led","20":"product_tag-luz","21":"product_tag-metacrilato","22":"product_tag-normalux","23":"product_tag-saida","25":"first","26":"instock","27":"taxable","28":"shipping-taxable","29":"purchasable","30":"product-type-simple"},"yoast_head":"<!-- This site is optimized with the Yoast SEO plugin v26.5 - https:\/\/yoast.com\/wordpress\/plugins\/seo\/ -->\n<title>Difusor Metacrilato para Armadura EXCELLENCE NORMALUX<\/title>\n<meta name=\"description\" content=\"Difusor em l\u00e2mina de metacrilato. Compat\u00edvel com equipamento de s\u00e9rie EXCELLENCE. Dimens\u00f5es: 350x180x5mm. Dist\u00e2ncia m\u00e1xima de visualiza\u00e7\u00e3o: 36m.\" \/>\n<meta name=\"robots\" content=\"index, follow, max-snippet:-1, max-image-preview:large, max-video-preview:-1\" \/>\n<link rel=\"canonical\" href=\"https:\/\/luxpro.pt\/en\/produto\/bandeirola-metacrilato-iluminacao-emergencia-excellence-normalux\" \/>\n<meta property=\"og:locale\" content=\"en_US\" \/>\n<meta property=\"og:type\" content=\"article\" \/>\n<meta property=\"og:title\" content=\"Difusor Metacrilato para Armadura EXCELLENCE NORMALUX\" \/>\n<meta property=\"og:description\" content=\"Difusor em l\u00e2mina de metacrilato. Compat\u00edvel com equipamento de s\u00e9rie EXCELLENCE. Dimens\u00f5es: 350x180x5mm. Dist\u00e2ncia m\u00e1xima de visualiza\u00e7\u00e3o: 36m.\" \/>\n<meta property=\"og:url\" content=\"https:\/\/luxpro.pt\/en\/produto\/bandeirola-metacrilato-iluminacao-emergencia-excellence-normalux\" \/>\n<meta property=\"og:site_name\" content=\"LuxPro\" \/>\n<meta property=\"article:modified_time\" content=\"2023-06-23T09:28:26+00:00\" \/>\n<meta property=\"og:image\" content=\"https:\/\/luxpro.pt\/wp-content\/uploads\/2020\/10\/e_db_ft.jpg\" \/>\n\t<meta property=\"og:image:width\" content=\"397\" \/>\n\t<meta property=\"og:image:height\" content=\"322\" \/>\n\t<meta property=\"og:image:type\" content=\"image\/jpeg\" \/>\n<meta name=\"twitter:card\" content=\"summary_large_image\" \/>\n<meta name=\"twitter:label1\" content=\"Est. reading time\" \/>\n\t<meta name=\"twitter:data1\" content=\"1 minute\" \/>\n<script type=\"application\/ld+json\" class=\"yoast-schema-graph\">{\"@context\":\"https:\/\/schema.org\",\"@graph\":[{\"@type\":\"WebPage\",\"@id\":\"https:\/\/luxpro.pt\/en\/produto\/bandeirola-metacrilato-iluminacao-emergencia-excellence-normalux\",\"url\":\"https:\/\/luxpro.pt\/en\/produto\/bandeirola-metacrilato-iluminacao-emergencia-excellence-normalux\",\"name\":\"Difusor Metacrilato para Armadura EXCELLENCE NORMALUX\",\"isPartOf\":{\"@id\":\"https:\/\/luxpro.pt\/en#website\"},\"primaryImageOfPage\":{\"@id\":\"https:\/\/luxpro.pt\/en\/produto\/bandeirola-metacrilato-iluminacao-emergencia-excellence-normalux#primaryimage\"},\"image\":{\"@id\":\"https:\/\/luxpro.pt\/en\/produto\/bandeirola-metacrilato-iluminacao-emergencia-excellence-normalux#primaryimage\"},\"thumbnailUrl\":\"https:\/\/luxpro.pt\/wp-content\/uploads\/2020\/10\/e_db_ft.jpg\",\"datePublished\":\"2020-10-15T14:46:35+00:00\",\"dateModified\":\"2023-06-23T09:28:26+00:00\",\"description\":\"Difusor em l\u00e2mina de metacrilato. Compat\u00edvel com equipamento de s\u00e9rie EXCELLENCE. Dimens\u00f5es: 350x180x5mm. Dist\u00e2ncia m\u00e1xima de visualiza\u00e7\u00e3o: 36m.\",\"breadcrumb\":{\"@id\":\"https:\/\/luxpro.pt\/en\/produto\/bandeirola-metacrilato-iluminacao-emergencia-excellence-normalux#breadcrumb\"},\"inLanguage\":\"en-US\",\"potentialAction\":[{\"@type\":\"ReadAction\",\"target\":[\"https:\/\/luxpro.pt\/en\/produto\/bandeirola-metacrilato-iluminacao-emergencia-excellence-normalux\"]}]},{\"@type\":\"ImageObject\",\"inLanguage\":\"en-US\",\"@id\":\"https:\/\/luxpro.pt\/en\/produto\/bandeirola-metacrilato-iluminacao-emergencia-excellence-normalux#primaryimage\",\"url\":\"https:\/\/luxpro.pt\/wp-content\/uploads\/2020\/10\/e_db_ft.jpg\",\"contentUrl\":\"https:\/\/luxpro.pt\/wp-content\/uploads\/2020\/10\/e_db_ft.jpg\",\"width\":397,\"height\":322},{\"@type\":\"BreadcrumbList\",\"@id\":\"https:\/\/luxpro.pt\/en\/produto\/bandeirola-metacrilato-iluminacao-emergencia-excellence-normalux#breadcrumb\",\"itemListElement\":[{\"@type\":\"ListItem\",\"position\":1,\"name\":\"In\u00edcio\",\"item\":\"https:\/\/luxpro.pt\/en\"},{\"@type\":\"ListItem\",\"position\":2,\"name\":\"Shop\",\"item\":\"https:\/\/luxpro.pt\/en\/shop\"},{\"@type\":\"ListItem\",\"position\":3,\"name\":\"Difusor Metacrilato para Armadura EXCELLENCE NORMALUX\"}]},{\"@type\":\"WebSite\",\"@id\":\"https:\/\/luxpro.pt\/en#website\",\"url\":\"https:\/\/luxpro.pt\/en\",\"name\":\"LuxPro\",\"description\":\"\",\"publisher\":{\"@id\":\"https:\/\/luxpro.pt\/en#\/schema\/person\/2d1bed59a52ad49be71622bef025e341\"},\"potentialAction\":[{\"@type\":\"SearchAction\",\"target\":{\"@type\":\"EntryPoint\",\"urlTemplate\":\"https:\/\/luxpro.pt\/en?s={search_term_string}\"},\"query-input\":{\"@type\":\"PropertyValueSpecification\",\"valueRequired\":true,\"valueName\":\"search_term_string\"}}],\"inLanguage\":\"en-US\"},{\"@type\":[\"Person\",\"Organization\"],\"@id\":\"https:\/\/luxpro.pt\/en#\/schema\/person\/2d1bed59a52ad49be71622bef025e341\",\"name\":\"Tiago Amadeu Ferreira\",\"image\":{\"@type\":\"ImageObject\",\"inLanguage\":\"en-US\",\"@id\":\"https:\/\/luxpro.pt\/en#\/schema\/person\/image\/\",\"url\":\"https:\/\/luxpro.pt\/wp-content\/uploads\/2017\/11\/logo.jpg\",\"contentUrl\":\"https:\/\/luxpro.pt\/wp-content\/uploads\/2017\/11\/logo.jpg\",\"width\":150,\"height\":33,\"caption\":\"Tiago Amadeu Ferreira\"},\"logo\":{\"@id\":\"https:\/\/luxpro.pt\/en#\/schema\/person\/image\/\"}}]}<\/script>\n<!-- \/ Yoast SEO plugin. -->","yoast_head_json":{"title":"Difusor Metacrilato para Armadura EXCELLENCE NORMALUX","description":"Difusor em l\u00e2mina de metacrilato. Compat\u00edvel com equipamento de s\u00e9rie EXCELLENCE. Dimens\u00f5es: 350x180x5mm. Dist\u00e2ncia m\u00e1xima de visualiza\u00e7\u00e3o: 36m.","robots":{"index":"index","follow":"follow","max-snippet":"max-snippet:-1","max-image-preview":"max-image-preview:large","max-video-preview":"max-video-preview:-1"},"canonical":"https:\/\/luxpro.pt\/en\/produto\/bandeirola-metacrilato-iluminacao-emergencia-excellence-normalux","og_locale":"en_US","og_type":"article","og_title":"Difusor Metacrilato para Armadura EXCELLENCE NORMALUX","og_description":"Difusor em l\u00e2mina de metacrilato. Compat\u00edvel com equipamento de s\u00e9rie EXCELLENCE. Dimens\u00f5es: 350x180x5mm. Dist\u00e2ncia m\u00e1xima de visualiza\u00e7\u00e3o: 36m.","og_url":"https:\/\/luxpro.pt\/en\/produto\/bandeirola-metacrilato-iluminacao-emergencia-excellence-normalux","og_site_name":"LuxPro","article_modified_time":"2023-06-23T09:28:26+00:00","og_image":[{"width":397,"height":322,"url":"https:\/\/luxpro.pt\/wp-content\/uploads\/2020\/10\/e_db_ft.jpg","type":"image\/jpeg"}],"twitter_card":"summary_large_image","twitter_misc":{"Est. reading time":"1 minute"},"schema":{"@context":"https:\/\/schema.org","@graph":[{"@type":"WebPage","@id":"https:\/\/luxpro.pt\/en\/produto\/bandeirola-metacrilato-iluminacao-emergencia-excellence-normalux","url":"https:\/\/luxpro.pt\/en\/produto\/bandeirola-metacrilato-iluminacao-emergencia-excellence-normalux","name":"Difusor Metacrilato para Armadura EXCELLENCE NORMALUX","isPartOf":{"@id":"https:\/\/luxpro.pt\/en#website"},"primaryImageOfPage":{"@id":"https:\/\/luxpro.pt\/en\/produto\/bandeirola-metacrilato-iluminacao-emergencia-excellence-normalux#primaryimage"},"image":{"@id":"https:\/\/luxpro.pt\/en\/produto\/bandeirola-metacrilato-iluminacao-emergencia-excellence-normalux#primaryimage"},"thumbnailUrl":"https:\/\/luxpro.pt\/wp-content\/uploads\/2020\/10\/e_db_ft.jpg","datePublished":"2020-10-15T14:46:35+00:00","dateModified":"2023-06-23T09:28:26+00:00","description":"Difusor em l\u00e2mina de metacrilato. Compat\u00edvel com equipamento de s\u00e9rie EXCELLENCE. Dimens\u00f5es: 350x180x5mm. Dist\u00e2ncia m\u00e1xima de visualiza\u00e7\u00e3o: 36m.","breadcrumb":{"@id":"https:\/\/luxpro.pt\/en\/produto\/bandeirola-metacrilato-iluminacao-emergencia-excellence-normalux#breadcrumb"},"inLanguage":"en-US","potentialAction":[{"@type":"ReadAction","target":["https:\/\/luxpro.pt\/en\/produto\/bandeirola-metacrilato-iluminacao-emergencia-excellence-normalux"]}]},{"@type":"ImageObject","inLanguage":"en-US","@id":"https:\/\/luxpro.pt\/en\/produto\/bandeirola-metacrilato-iluminacao-emergencia-excellence-normalux#primaryimage","url":"https:\/\/luxpro.pt\/wp-content\/uploads\/2020\/10\/e_db_ft.jpg","contentUrl":"https:\/\/luxpro.pt\/wp-content\/uploads\/2020\/10\/e_db_ft.jpg","width":397,"height":322},{"@type":"BreadcrumbList","@id":"https:\/\/luxpro.pt\/en\/produto\/bandeirola-metacrilato-iluminacao-emergencia-excellence-normalux#breadcrumb","itemListElement":[{"@type":"ListItem","position":1,"name":"In\u00edcio","item":"https:\/\/luxpro.pt\/en"},{"@type":"ListItem","position":2,"name":"Shop","item":"https:\/\/luxpro.pt\/en\/shop"},{"@type":"ListItem","position":3,"name":"Difusor Metacrilato para Armadura EXCELLENCE NORMALUX"}]},{"@type":"WebSite","@id":"https:\/\/luxpro.pt\/en#website","url":"https:\/\/luxpro.pt\/en","name":"LuxPro","description":"","publisher":{"@id":"https:\/\/luxpro.pt\/en#\/schema\/person\/2d1bed59a52ad49be71622bef025e341"},"potentialAction":[{"@type":"SearchAction","target":{"@type":"EntryPoint","urlTemplate":"https:\/\/luxpro.pt\/en?s={search_term_string}"},"query-input":{"@type":"PropertyValueSpecification","valueRequired":true,"valueName":"search_term_string"}}],"inLanguage":"en-US"},{"@type":["Person","Organization"],"@id":"https:\/\/luxpro.pt\/en#\/schema\/person\/2d1bed59a52ad49be71622bef025e341","name":"Tiago Amadeu Ferreira","image":{"@type":"ImageObject","inLanguage":"en-US","@id":"https:\/\/luxpro.pt\/en#\/schema\/person\/image\/","url":"https:\/\/luxpro.pt\/wp-content\/uploads\/2017\/11\/logo.jpg","contentUrl":"https:\/\/luxpro.pt\/wp-content\/uploads\/2017\/11\/logo.jpg","width":150,"height":33,"caption":"Tiago Amadeu Ferreira"},"logo":{"@id":"https:\/\/luxpro.pt\/en#\/schema\/person\/image\/"}}]}},"tiered_pricing_type":"fixed","tiered_pricing_fixed_rules":[],"tiered_pricing_product_settings":{"layout":"default","base_unit_name":{"singular":null,"plural":null},"default_variation":null},"tiered_pricing_minimum_quantity":null,"tiered_pricing_roles_data":[],"tiered_pricing_percentage_rules":[],"_links":{"self":[{"href":"https:\/\/luxpro.pt\/en\/wp-json\/wp\/v2\/product\/5936","targetHints":{"allow":["GET"]}}],"collection":[{"href":"https:\/\/luxpro.pt\/en\/wp-json\/wp\/v2\/product"}],"about":[{"href":"https:\/\/luxpro.pt\/en\/wp-json\/wp\/v2\/types\/product"}],"replies":[{"embeddable":true,"href":"https:\/\/luxpro.pt\/en\/wp-json\/wp\/v2\/comments?post=5936"}],"wp:featuredmedia":[{"embeddable":true,"href":"https:\/\/luxpro.pt\/en\/wp-json\/wp\/v2\/media\/5937"}],"wp:attachment":[{"href":"https:\/\/luxpro.pt\/en\/wp-json\/wp\/v2\/media?parent=5936"}],"wp:term":[{"taxonomy":"product_brand","embeddable":true,"href":"https:\/\/luxpro.pt\/en\/wp-json\/wp\/v2\/product_brand?post=5936"},{"taxonomy":"product_cat","embeddable":true,"href":"https:\/\/luxpro.pt\/en\/wp-json\/wp\/v2\/product_cat?post=5936"},{"taxonomy":"product_tag","embeddable":true,"href":"https:\/\/luxpro.pt\/en\/wp-json\/wp\/v2\/product_tag?post=5936"}],"curies":[{"name":"wp","href":"https:\/\/api.w.org\/{rel}","templated":true}]}}