{"id":6600,"date":"2020-11-16T17:31:07","date_gmt":"2020-11-16T17:31:07","guid":{"rendered":"https:\/\/luxpro.pt\/?post_type=product&#038;p=6600"},"modified":"2023-06-22T15:53:19","modified_gmt":"2023-06-22T14:53:19","slug":"conetor-para-calha-monofasica-em-l-preto","status":"publish","type":"product","link":"https:\/\/luxpro.pt\/en\/produto\/conetor-para-calha-monofasica-em-l-preto","title":{"rendered":"Conector para Calha Monof\u00e1sica em L preto"},"content":{"rendered":"<p>Conetor para calha monof\u00e1sica em formato tipo L de alum\u00ednio e PVC com acabamento em preto.<\/p>\n<p>Conetor compat\u00edvel com produto <a href=\"https:\/\/luxpro.pt\/produto\/calha-projector-monofasica-max-250w-preto-2mt\/\">LM3207<\/a> e <span class=\"sku\"><a href=\"https:\/\/luxpro.pt\/produto\/calha-projector-monofasica-max-250w-preto-1mt\/\">LM3206<\/a>. <\/span><\/p>\n<p>Dimens\u00f5es: 65 x 65 x 16 mm<\/p>\n","protected":false},"excerpt":{"rendered":"<p>Conetor para calha monof\u00e1sica em formato tipo L de alum\u00ednio e PVC com acabamento em preto. Conetor compat\u00edvel com produto LM3207 e LM3206. Dimens\u00f5es: 65 x 65 x 16 mm<\/p>\n","protected":false},"featured_media":6601,"comment_status":"open","ping_status":"closed","template":"","meta":[],"product_brand":[],"product_cat":[950],"product_tag":[738,770,953,974,983,982,984,973],"class_list":{"0":"post-6600","1":"product","2":"type-product","3":"status-publish","4":"has-post-thumbnail","6":"product_cat-projetores-de-teto","7":"product_tag-aluminio","8":"product_tag-branco","9":"product_tag-calha","10":"product_tag-conetor","11":"product_tag-formato","12":"product_tag-l","13":"product_tag-tipo","14":"product_tag-trifasica","16":"first","17":"instock","18":"taxable","19":"shipping-taxable","20":"purchasable","21":"product-type-simple"},"yoast_head":"<!-- This site is optimized with the Yoast SEO plugin v26.5 - https:\/\/yoast.com\/wordpress\/plugins\/seo\/ -->\n<title>Conector para Calha Monof\u00e1sica em L preto - LuxPro<\/title>\n<meta name=\"description\" content=\"Conetor para calha monof\u00e1sica em formato tipo L de alum\u00ednio e PVC com acabamento em preto. Conetor compat\u00edvel com produto LM3207 e LM3206. Dimens\u00f5es: 65 x\" \/>\n<meta name=\"robots\" content=\"index, follow, max-snippet:-1, max-image-preview:large, max-video-preview:-1\" \/>\n<link rel=\"canonical\" href=\"https:\/\/luxpro.pt\/en\/produto\/conetor-para-calha-monofasica-em-l-preto\" \/>\n<meta property=\"og:locale\" content=\"en_US\" \/>\n<meta property=\"og:type\" content=\"article\" \/>\n<meta property=\"og:title\" content=\"Conector para Calha Monof\u00e1sica em L preto - LuxPro\" \/>\n<meta property=\"og:description\" content=\"Conetor para calha monof\u00e1sica em formato tipo L de alum\u00ednio e PVC com acabamento em preto. Conetor compat\u00edvel com produto LM3207 e LM3206. Dimens\u00f5es: 65 x\" \/>\n<meta property=\"og:url\" content=\"https:\/\/luxpro.pt\/en\/produto\/conetor-para-calha-monofasica-em-l-preto\" \/>\n<meta property=\"og:site_name\" content=\"LuxPro\" \/>\n<meta property=\"article:modified_time\" content=\"2023-06-22T14:53:19+00:00\" \/>\n<meta property=\"og:image\" content=\"https:\/\/luxpro.pt\/wp-content\/uploads\/2020\/11\/conector-tipo-L-para-carril1.jpg\" \/>\n\t<meta property=\"og:image:width\" content=\"656\" \/>\n\t<meta property=\"og:image:height\" content=\"656\" \/>\n\t<meta property=\"og:image:type\" content=\"image\/jpeg\" \/>\n<meta name=\"twitter:card\" content=\"summary_large_image\" \/>\n<meta name=\"twitter:label1\" content=\"Est. reading time\" \/>\n\t<meta name=\"twitter:data1\" content=\"1 minute\" \/>\n<script type=\"application\/ld+json\" class=\"yoast-schema-graph\">{\"@context\":\"https:\/\/schema.org\",\"@graph\":[{\"@type\":\"WebPage\",\"@id\":\"https:\/\/luxpro.pt\/en\/produto\/conetor-para-calha-monofasica-em-l-preto\",\"url\":\"https:\/\/luxpro.pt\/en\/produto\/conetor-para-calha-monofasica-em-l-preto\",\"name\":\"Conector para Calha Monof\u00e1sica em L preto - LuxPro\",\"isPartOf\":{\"@id\":\"https:\/\/luxpro.pt\/en#website\"},\"primaryImageOfPage\":{\"@id\":\"https:\/\/luxpro.pt\/en\/produto\/conetor-para-calha-monofasica-em-l-preto#primaryimage\"},\"image\":{\"@id\":\"https:\/\/luxpro.pt\/en\/produto\/conetor-para-calha-monofasica-em-l-preto#primaryimage\"},\"thumbnailUrl\":\"https:\/\/luxpro.pt\/wp-content\/uploads\/2020\/11\/conector-tipo-L-para-carril1.jpg\",\"datePublished\":\"2020-11-16T17:31:07+00:00\",\"dateModified\":\"2023-06-22T14:53:19+00:00\",\"description\":\"Conetor para calha monof\u00e1sica em formato tipo L de alum\u00ednio e PVC com acabamento em preto. Conetor compat\u00edvel com produto LM3207 e LM3206. Dimens\u00f5es: 65 x\",\"breadcrumb\":{\"@id\":\"https:\/\/luxpro.pt\/en\/produto\/conetor-para-calha-monofasica-em-l-preto#breadcrumb\"},\"inLanguage\":\"en-US\",\"potentialAction\":[{\"@type\":\"ReadAction\",\"target\":[\"https:\/\/luxpro.pt\/en\/produto\/conetor-para-calha-monofasica-em-l-preto\"]}]},{\"@type\":\"ImageObject\",\"inLanguage\":\"en-US\",\"@id\":\"https:\/\/luxpro.pt\/en\/produto\/conetor-para-calha-monofasica-em-l-preto#primaryimage\",\"url\":\"https:\/\/luxpro.pt\/wp-content\/uploads\/2020\/11\/conector-tipo-L-para-carril1.jpg\",\"contentUrl\":\"https:\/\/luxpro.pt\/wp-content\/uploads\/2020\/11\/conector-tipo-L-para-carril1.jpg\",\"width\":656,\"height\":656},{\"@type\":\"BreadcrumbList\",\"@id\":\"https:\/\/luxpro.pt\/en\/produto\/conetor-para-calha-monofasica-em-l-preto#breadcrumb\",\"itemListElement\":[{\"@type\":\"ListItem\",\"position\":1,\"name\":\"In\u00edcio\",\"item\":\"https:\/\/luxpro.pt\/en\"},{\"@type\":\"ListItem\",\"position\":2,\"name\":\"Shop\",\"item\":\"https:\/\/luxpro.pt\/en\/shop\"},{\"@type\":\"ListItem\",\"position\":3,\"name\":\"Conector para Calha Monof\u00e1sica em L preto\"}]},{\"@type\":\"WebSite\",\"@id\":\"https:\/\/luxpro.pt\/en#website\",\"url\":\"https:\/\/luxpro.pt\/en\",\"name\":\"LuxPro\",\"description\":\"\",\"publisher\":{\"@id\":\"https:\/\/luxpro.pt\/en#\/schema\/person\/2d1bed59a52ad49be71622bef025e341\"},\"potentialAction\":[{\"@type\":\"SearchAction\",\"target\":{\"@type\":\"EntryPoint\",\"urlTemplate\":\"https:\/\/luxpro.pt\/en?s={search_term_string}\"},\"query-input\":{\"@type\":\"PropertyValueSpecification\",\"valueRequired\":true,\"valueName\":\"search_term_string\"}}],\"inLanguage\":\"en-US\"},{\"@type\":[\"Person\",\"Organization\"],\"@id\":\"https:\/\/luxpro.pt\/en#\/schema\/person\/2d1bed59a52ad49be71622bef025e341\",\"name\":\"Tiago Amadeu Ferreira\",\"image\":{\"@type\":\"ImageObject\",\"inLanguage\":\"en-US\",\"@id\":\"https:\/\/luxpro.pt\/en#\/schema\/person\/image\/\",\"url\":\"https:\/\/luxpro.pt\/wp-content\/uploads\/2017\/11\/logo.jpg\",\"contentUrl\":\"https:\/\/luxpro.pt\/wp-content\/uploads\/2017\/11\/logo.jpg\",\"width\":150,\"height\":33,\"caption\":\"Tiago Amadeu Ferreira\"},\"logo\":{\"@id\":\"https:\/\/luxpro.pt\/en#\/schema\/person\/image\/\"}}]}<\/script>\n<!-- \/ Yoast SEO plugin. -->","yoast_head_json":{"title":"Conector para Calha Monof\u00e1sica em L preto - LuxPro","description":"Conetor para calha monof\u00e1sica em formato tipo L de alum\u00ednio e PVC com acabamento em preto. Conetor compat\u00edvel com produto LM3207 e LM3206. Dimens\u00f5es: 65 x","robots":{"index":"index","follow":"follow","max-snippet":"max-snippet:-1","max-image-preview":"max-image-preview:large","max-video-preview":"max-video-preview:-1"},"canonical":"https:\/\/luxpro.pt\/en\/produto\/conetor-para-calha-monofasica-em-l-preto","og_locale":"en_US","og_type":"article","og_title":"Conector para Calha Monof\u00e1sica em L preto - LuxPro","og_description":"Conetor para calha monof\u00e1sica em formato tipo L de alum\u00ednio e PVC com acabamento em preto. Conetor compat\u00edvel com produto LM3207 e LM3206. Dimens\u00f5es: 65 x","og_url":"https:\/\/luxpro.pt\/en\/produto\/conetor-para-calha-monofasica-em-l-preto","og_site_name":"LuxPro","article_modified_time":"2023-06-22T14:53:19+00:00","og_image":[{"width":656,"height":656,"url":"https:\/\/luxpro.pt\/wp-content\/uploads\/2020\/11\/conector-tipo-L-para-carril1.jpg","type":"image\/jpeg"}],"twitter_card":"summary_large_image","twitter_misc":{"Est. reading time":"1 minute"},"schema":{"@context":"https:\/\/schema.org","@graph":[{"@type":"WebPage","@id":"https:\/\/luxpro.pt\/en\/produto\/conetor-para-calha-monofasica-em-l-preto","url":"https:\/\/luxpro.pt\/en\/produto\/conetor-para-calha-monofasica-em-l-preto","name":"Conector para Calha Monof\u00e1sica em L preto - LuxPro","isPartOf":{"@id":"https:\/\/luxpro.pt\/en#website"},"primaryImageOfPage":{"@id":"https:\/\/luxpro.pt\/en\/produto\/conetor-para-calha-monofasica-em-l-preto#primaryimage"},"image":{"@id":"https:\/\/luxpro.pt\/en\/produto\/conetor-para-calha-monofasica-em-l-preto#primaryimage"},"thumbnailUrl":"https:\/\/luxpro.pt\/wp-content\/uploads\/2020\/11\/conector-tipo-L-para-carril1.jpg","datePublished":"2020-11-16T17:31:07+00:00","dateModified":"2023-06-22T14:53:19+00:00","description":"Conetor para calha monof\u00e1sica em formato tipo L de alum\u00ednio e PVC com acabamento em preto. Conetor compat\u00edvel com produto LM3207 e LM3206. Dimens\u00f5es: 65 x","breadcrumb":{"@id":"https:\/\/luxpro.pt\/en\/produto\/conetor-para-calha-monofasica-em-l-preto#breadcrumb"},"inLanguage":"en-US","potentialAction":[{"@type":"ReadAction","target":["https:\/\/luxpro.pt\/en\/produto\/conetor-para-calha-monofasica-em-l-preto"]}]},{"@type":"ImageObject","inLanguage":"en-US","@id":"https:\/\/luxpro.pt\/en\/produto\/conetor-para-calha-monofasica-em-l-preto#primaryimage","url":"https:\/\/luxpro.pt\/wp-content\/uploads\/2020\/11\/conector-tipo-L-para-carril1.jpg","contentUrl":"https:\/\/luxpro.pt\/wp-content\/uploads\/2020\/11\/conector-tipo-L-para-carril1.jpg","width":656,"height":656},{"@type":"BreadcrumbList","@id":"https:\/\/luxpro.pt\/en\/produto\/conetor-para-calha-monofasica-em-l-preto#breadcrumb","itemListElement":[{"@type":"ListItem","position":1,"name":"In\u00edcio","item":"https:\/\/luxpro.pt\/en"},{"@type":"ListItem","position":2,"name":"Shop","item":"https:\/\/luxpro.pt\/en\/shop"},{"@type":"ListItem","position":3,"name":"Conector para Calha Monof\u00e1sica em L preto"}]},{"@type":"WebSite","@id":"https:\/\/luxpro.pt\/en#website","url":"https:\/\/luxpro.pt\/en","name":"LuxPro","description":"","publisher":{"@id":"https:\/\/luxpro.pt\/en#\/schema\/person\/2d1bed59a52ad49be71622bef025e341"},"potentialAction":[{"@type":"SearchAction","target":{"@type":"EntryPoint","urlTemplate":"https:\/\/luxpro.pt\/en?s={search_term_string}"},"query-input":{"@type":"PropertyValueSpecification","valueRequired":true,"valueName":"search_term_string"}}],"inLanguage":"en-US"},{"@type":["Person","Organization"],"@id":"https:\/\/luxpro.pt\/en#\/schema\/person\/2d1bed59a52ad49be71622bef025e341","name":"Tiago Amadeu Ferreira","image":{"@type":"ImageObject","inLanguage":"en-US","@id":"https:\/\/luxpro.pt\/en#\/schema\/person\/image\/","url":"https:\/\/luxpro.pt\/wp-content\/uploads\/2017\/11\/logo.jpg","contentUrl":"https:\/\/luxpro.pt\/wp-content\/uploads\/2017\/11\/logo.jpg","width":150,"height":33,"caption":"Tiago Amadeu Ferreira"},"logo":{"@id":"https:\/\/luxpro.pt\/en#\/schema\/person\/image\/"}}]}},"tiered_pricing_type":"fixed","tiered_pricing_fixed_rules":[],"tiered_pricing_product_settings":{"layout":"default","base_unit_name":{"singular":null,"plural":null},"default_variation":null},"tiered_pricing_minimum_quantity":null,"tiered_pricing_roles_data":[],"tiered_pricing_percentage_rules":[],"_links":{"self":[{"href":"https:\/\/luxpro.pt\/en\/wp-json\/wp\/v2\/product\/6600","targetHints":{"allow":["GET"]}}],"collection":[{"href":"https:\/\/luxpro.pt\/en\/wp-json\/wp\/v2\/product"}],"about":[{"href":"https:\/\/luxpro.pt\/en\/wp-json\/wp\/v2\/types\/product"}],"replies":[{"embeddable":true,"href":"https:\/\/luxpro.pt\/en\/wp-json\/wp\/v2\/comments?post=6600"}],"wp:featuredmedia":[{"embeddable":true,"href":"https:\/\/luxpro.pt\/en\/wp-json\/wp\/v2\/media\/6601"}],"wp:attachment":[{"href":"https:\/\/luxpro.pt\/en\/wp-json\/wp\/v2\/media?parent=6600"}],"wp:term":[{"taxonomy":"product_brand","embeddable":true,"href":"https:\/\/luxpro.pt\/en\/wp-json\/wp\/v2\/product_brand?post=6600"},{"taxonomy":"product_cat","embeddable":true,"href":"https:\/\/luxpro.pt\/en\/wp-json\/wp\/v2\/product_cat?post=6600"},{"taxonomy":"product_tag","embeddable":true,"href":"https:\/\/luxpro.pt\/en\/wp-json\/wp\/v2\/product_tag?post=6600"}],"curies":[{"name":"wp","href":"https:\/\/api.w.org\/{rel}","templated":true}]}}