{"id":6650,"date":"2020-11-17T15:36:26","date_gmt":"2020-11-17T15:36:26","guid":{"rendered":"https:\/\/luxpro.pt\/?post_type=product&#038;p=6650"},"modified":"2023-06-22T16:05:26","modified_gmt":"2023-06-22T15:05:26","slug":"projetor-led-cobfix-35w-para-calha-monofasica-preto","status":"publish","type":"product","link":"https:\/\/luxpro.pt\/en\/produto\/projetor-led-cobfix-35w-para-calha-monofasica-preto","title":{"rendered":"Projector LED COBFIX 35w para calha monof\u00e1sica preto"},"content":{"rendered":"<p>Foco projetor LED monof\u00e1sico preto para aplica\u00e7\u00e3o em calha com regulador de temperatura de cor inclu\u00eddo.<br \/>\nEscolha ideal para museus, showrooms, superf\u00edcies comerciais, lojas, escrit\u00f3rios e resid\u00eancias.<br \/>\nCorpo e dissipador em alum\u00ednio, fundido a press\u00e3o.<br \/>\n\u00c2ngulo ajust\u00e1vel: 350\u00ba horizontal e 90\u00ba vertical.<\/p>\n","protected":false},"excerpt":{"rendered":"<p>Foco projetor LED monof\u00e1sico preto para aplica\u00e7\u00e3o em calha com regulador de temperatura de cor inclu\u00eddo. Escolha ideal para museus, showrooms, superf\u00edcies comerciais, lojas, escrit\u00f3rios e resid\u00eancias. Corpo e dissipador em alum\u00ednio, fundido a press\u00e3o. \u00c2ngulo ajust\u00e1vel: 350\u00ba horizontal e 90\u00ba vertical.<\/p>\n","protected":false},"featured_media":6651,"comment_status":"open","ping_status":"closed","template":"","meta":[],"product_brand":[],"product_cat":[950],"product_tag":[958,959,970,738,1015,962,770,953,776,963,1017,772,765,951,960,961,930,904,798,956,1014,955,764,793,1016,778,957,952],"class_list":{"0":"post-6650","1":"product","2":"type-product","3":"status-publish","4":"has-post-thumbnail","6":"product_cat-projetores-de-teto","7":"product_tag-3000k","8":"product_tag-4500k","9":"product_tag-6000k","10":"product_tag-aluminio","11":"product_tag-anti","12":"product_tag-armazem","13":"product_tag-branco","14":"product_tag-calha","15":"product_tag-casa","16":"product_tag-centro-comercial","17":"product_tag-cozinha","18":"product_tag-design","19":"product_tag-escritorio","20":"product_tag-foco","21":"product_tag-grandes-superficies","22":"product_tag-hipermercado","23":"product_tag-industrial","24":"product_tag-ip20","25":"product_tag-led","26":"product_tag-lojas","27":"product_tag-monofasico","28":"product_tag-museus","29":"product_tag-preto","30":"product_tag-projetor","31":"product_tag-reflexo","32":"product_tag-sala","33":"product_tag-supermercados","34":"product_tag-teto","36":"first","37":"instock","38":"taxable","39":"shipping-taxable","40":"purchasable","41":"product-type-simple"},"yoast_head":"<!-- This site is optimized with the Yoast SEO plugin v26.5 - https:\/\/yoast.com\/wordpress\/plugins\/seo\/ -->\n<title>Projector LED COBFIX 35w para calha monof\u00e1sica preto - LuxPro<\/title>\n<meta name=\"description\" content=\"Foco projetor LED monof\u00e1sico preto para aplica\u00e7\u00e3o em calha com regulador de temperatura de cor inclu\u00eddo. Escolha ideal para museus, showrooms, superf\u00edcies\" \/>\n<meta name=\"robots\" content=\"index, follow, max-snippet:-1, max-image-preview:large, max-video-preview:-1\" \/>\n<link rel=\"canonical\" href=\"https:\/\/luxpro.pt\/en\/produto\/projetor-led-cobfix-35w-para-calha-monofasica-preto\" \/>\n<meta property=\"og:locale\" content=\"en_US\" \/>\n<meta property=\"og:type\" content=\"article\" \/>\n<meta property=\"og:title\" content=\"Projector LED COBFIX 35w para calha monof\u00e1sica preto - LuxPro\" \/>\n<meta property=\"og:description\" content=\"Foco projetor LED monof\u00e1sico preto para aplica\u00e7\u00e3o em calha com regulador de temperatura de cor inclu\u00eddo. Escolha ideal para museus, showrooms, superf\u00edcies\" \/>\n<meta property=\"og:url\" content=\"https:\/\/luxpro.pt\/en\/produto\/projetor-led-cobfix-35w-para-calha-monofasica-preto\" \/>\n<meta property=\"og:site_name\" content=\"LuxPro\" \/>\n<meta property=\"article:modified_time\" content=\"2023-06-22T15:05:26+00:00\" \/>\n<meta property=\"og:image\" content=\"https:\/\/luxpro.pt\/wp-content\/uploads\/2020\/11\/Foco-LED-para-carril-CobFix-Negro-35W-Monof\u00e1sico-CCT-\u00d3ptica-regulable.jpg\" \/>\n\t<meta property=\"og:image:width\" content=\"742\" \/>\n\t<meta property=\"og:image:height\" content=\"742\" \/>\n\t<meta property=\"og:image:type\" content=\"image\/jpeg\" \/>\n<meta name=\"twitter:card\" content=\"summary_large_image\" \/>\n<meta name=\"twitter:label1\" content=\"Est. reading time\" \/>\n\t<meta name=\"twitter:data1\" content=\"1 minute\" \/>\n<script type=\"application\/ld+json\" class=\"yoast-schema-graph\">{\"@context\":\"https:\/\/schema.org\",\"@graph\":[{\"@type\":\"WebPage\",\"@id\":\"https:\/\/luxpro.pt\/en\/produto\/projetor-led-cobfix-35w-para-calha-monofasica-preto\",\"url\":\"https:\/\/luxpro.pt\/en\/produto\/projetor-led-cobfix-35w-para-calha-monofasica-preto\",\"name\":\"Projector LED COBFIX 35w para calha monof\u00e1sica preto - LuxPro\",\"isPartOf\":{\"@id\":\"https:\/\/luxpro.pt\/en#website\"},\"primaryImageOfPage\":{\"@id\":\"https:\/\/luxpro.pt\/en\/produto\/projetor-led-cobfix-35w-para-calha-monofasica-preto#primaryimage\"},\"image\":{\"@id\":\"https:\/\/luxpro.pt\/en\/produto\/projetor-led-cobfix-35w-para-calha-monofasica-preto#primaryimage\"},\"thumbnailUrl\":\"https:\/\/luxpro.pt\/wp-content\/uploads\/2020\/11\/Foco-LED-para-carril-CobFix-Negro-35W-Monof\u00e1sico-CCT-\u00d3ptica-regulable.jpg\",\"datePublished\":\"2020-11-17T15:36:26+00:00\",\"dateModified\":\"2023-06-22T15:05:26+00:00\",\"description\":\"Foco projetor LED monof\u00e1sico preto para aplica\u00e7\u00e3o em calha com regulador de temperatura de cor inclu\u00eddo. Escolha ideal para museus, showrooms, superf\u00edcies\",\"breadcrumb\":{\"@id\":\"https:\/\/luxpro.pt\/en\/produto\/projetor-led-cobfix-35w-para-calha-monofasica-preto#breadcrumb\"},\"inLanguage\":\"en-US\",\"potentialAction\":[{\"@type\":\"ReadAction\",\"target\":[\"https:\/\/luxpro.pt\/en\/produto\/projetor-led-cobfix-35w-para-calha-monofasica-preto\"]}]},{\"@type\":\"ImageObject\",\"inLanguage\":\"en-US\",\"@id\":\"https:\/\/luxpro.pt\/en\/produto\/projetor-led-cobfix-35w-para-calha-monofasica-preto#primaryimage\",\"url\":\"https:\/\/luxpro.pt\/wp-content\/uploads\/2020\/11\/Foco-LED-para-carril-CobFix-Negro-35W-Monof\u00e1sico-CCT-\u00d3ptica-regulable.jpg\",\"contentUrl\":\"https:\/\/luxpro.pt\/wp-content\/uploads\/2020\/11\/Foco-LED-para-carril-CobFix-Negro-35W-Monof\u00e1sico-CCT-\u00d3ptica-regulable.jpg\",\"width\":742,\"height\":742},{\"@type\":\"BreadcrumbList\",\"@id\":\"https:\/\/luxpro.pt\/en\/produto\/projetor-led-cobfix-35w-para-calha-monofasica-preto#breadcrumb\",\"itemListElement\":[{\"@type\":\"ListItem\",\"position\":1,\"name\":\"In\u00edcio\",\"item\":\"https:\/\/luxpro.pt\/en\"},{\"@type\":\"ListItem\",\"position\":2,\"name\":\"Shop\",\"item\":\"https:\/\/luxpro.pt\/en\/shop\"},{\"@type\":\"ListItem\",\"position\":3,\"name\":\"Projector LED COBFIX 35w para calha monof\u00e1sica preto\"}]},{\"@type\":\"WebSite\",\"@id\":\"https:\/\/luxpro.pt\/en#website\",\"url\":\"https:\/\/luxpro.pt\/en\",\"name\":\"LuxPro\",\"description\":\"\",\"publisher\":{\"@id\":\"https:\/\/luxpro.pt\/en#\/schema\/person\/2d1bed59a52ad49be71622bef025e341\"},\"potentialAction\":[{\"@type\":\"SearchAction\",\"target\":{\"@type\":\"EntryPoint\",\"urlTemplate\":\"https:\/\/luxpro.pt\/en?s={search_term_string}\"},\"query-input\":{\"@type\":\"PropertyValueSpecification\",\"valueRequired\":true,\"valueName\":\"search_term_string\"}}],\"inLanguage\":\"en-US\"},{\"@type\":[\"Person\",\"Organization\"],\"@id\":\"https:\/\/luxpro.pt\/en#\/schema\/person\/2d1bed59a52ad49be71622bef025e341\",\"name\":\"Tiago Amadeu Ferreira\",\"image\":{\"@type\":\"ImageObject\",\"inLanguage\":\"en-US\",\"@id\":\"https:\/\/luxpro.pt\/en#\/schema\/person\/image\/\",\"url\":\"https:\/\/luxpro.pt\/wp-content\/uploads\/2017\/11\/logo.jpg\",\"contentUrl\":\"https:\/\/luxpro.pt\/wp-content\/uploads\/2017\/11\/logo.jpg\",\"width\":150,\"height\":33,\"caption\":\"Tiago Amadeu Ferreira\"},\"logo\":{\"@id\":\"https:\/\/luxpro.pt\/en#\/schema\/person\/image\/\"}}]}<\/script>\n<!-- \/ Yoast SEO plugin. -->","yoast_head_json":{"title":"Projector LED COBFIX 35w para calha monof\u00e1sica preto - LuxPro","description":"Foco projetor LED monof\u00e1sico preto para aplica\u00e7\u00e3o em calha com regulador de temperatura de cor inclu\u00eddo. Escolha ideal para museus, showrooms, superf\u00edcies","robots":{"index":"index","follow":"follow","max-snippet":"max-snippet:-1","max-image-preview":"max-image-preview:large","max-video-preview":"max-video-preview:-1"},"canonical":"https:\/\/luxpro.pt\/en\/produto\/projetor-led-cobfix-35w-para-calha-monofasica-preto","og_locale":"en_US","og_type":"article","og_title":"Projector LED COBFIX 35w para calha monof\u00e1sica preto - LuxPro","og_description":"Foco projetor LED monof\u00e1sico preto para aplica\u00e7\u00e3o em calha com regulador de temperatura de cor inclu\u00eddo. Escolha ideal para museus, showrooms, superf\u00edcies","og_url":"https:\/\/luxpro.pt\/en\/produto\/projetor-led-cobfix-35w-para-calha-monofasica-preto","og_site_name":"LuxPro","article_modified_time":"2023-06-22T15:05:26+00:00","og_image":[{"width":742,"height":742,"url":"https:\/\/luxpro.pt\/wp-content\/uploads\/2020\/11\/Foco-LED-para-carril-CobFix-Negro-35W-Monof\u00e1sico-CCT-\u00d3ptica-regulable.jpg","type":"image\/jpeg"}],"twitter_card":"summary_large_image","twitter_misc":{"Est. reading time":"1 minute"},"schema":{"@context":"https:\/\/schema.org","@graph":[{"@type":"WebPage","@id":"https:\/\/luxpro.pt\/en\/produto\/projetor-led-cobfix-35w-para-calha-monofasica-preto","url":"https:\/\/luxpro.pt\/en\/produto\/projetor-led-cobfix-35w-para-calha-monofasica-preto","name":"Projector LED COBFIX 35w para calha monof\u00e1sica preto - LuxPro","isPartOf":{"@id":"https:\/\/luxpro.pt\/en#website"},"primaryImageOfPage":{"@id":"https:\/\/luxpro.pt\/en\/produto\/projetor-led-cobfix-35w-para-calha-monofasica-preto#primaryimage"},"image":{"@id":"https:\/\/luxpro.pt\/en\/produto\/projetor-led-cobfix-35w-para-calha-monofasica-preto#primaryimage"},"thumbnailUrl":"https:\/\/luxpro.pt\/wp-content\/uploads\/2020\/11\/Foco-LED-para-carril-CobFix-Negro-35W-Monof\u00e1sico-CCT-\u00d3ptica-regulable.jpg","datePublished":"2020-11-17T15:36:26+00:00","dateModified":"2023-06-22T15:05:26+00:00","description":"Foco projetor LED monof\u00e1sico preto para aplica\u00e7\u00e3o em calha com regulador de temperatura de cor inclu\u00eddo. Escolha ideal para museus, showrooms, superf\u00edcies","breadcrumb":{"@id":"https:\/\/luxpro.pt\/en\/produto\/projetor-led-cobfix-35w-para-calha-monofasica-preto#breadcrumb"},"inLanguage":"en-US","potentialAction":[{"@type":"ReadAction","target":["https:\/\/luxpro.pt\/en\/produto\/projetor-led-cobfix-35w-para-calha-monofasica-preto"]}]},{"@type":"ImageObject","inLanguage":"en-US","@id":"https:\/\/luxpro.pt\/en\/produto\/projetor-led-cobfix-35w-para-calha-monofasica-preto#primaryimage","url":"https:\/\/luxpro.pt\/wp-content\/uploads\/2020\/11\/Foco-LED-para-carril-CobFix-Negro-35W-Monof\u00e1sico-CCT-\u00d3ptica-regulable.jpg","contentUrl":"https:\/\/luxpro.pt\/wp-content\/uploads\/2020\/11\/Foco-LED-para-carril-CobFix-Negro-35W-Monof\u00e1sico-CCT-\u00d3ptica-regulable.jpg","width":742,"height":742},{"@type":"BreadcrumbList","@id":"https:\/\/luxpro.pt\/en\/produto\/projetor-led-cobfix-35w-para-calha-monofasica-preto#breadcrumb","itemListElement":[{"@type":"ListItem","position":1,"name":"In\u00edcio","item":"https:\/\/luxpro.pt\/en"},{"@type":"ListItem","position":2,"name":"Shop","item":"https:\/\/luxpro.pt\/en\/shop"},{"@type":"ListItem","position":3,"name":"Projector LED COBFIX 35w para calha monof\u00e1sica preto"}]},{"@type":"WebSite","@id":"https:\/\/luxpro.pt\/en#website","url":"https:\/\/luxpro.pt\/en","name":"LuxPro","description":"","publisher":{"@id":"https:\/\/luxpro.pt\/en#\/schema\/person\/2d1bed59a52ad49be71622bef025e341"},"potentialAction":[{"@type":"SearchAction","target":{"@type":"EntryPoint","urlTemplate":"https:\/\/luxpro.pt\/en?s={search_term_string}"},"query-input":{"@type":"PropertyValueSpecification","valueRequired":true,"valueName":"search_term_string"}}],"inLanguage":"en-US"},{"@type":["Person","Organization"],"@id":"https:\/\/luxpro.pt\/en#\/schema\/person\/2d1bed59a52ad49be71622bef025e341","name":"Tiago Amadeu Ferreira","image":{"@type":"ImageObject","inLanguage":"en-US","@id":"https:\/\/luxpro.pt\/en#\/schema\/person\/image\/","url":"https:\/\/luxpro.pt\/wp-content\/uploads\/2017\/11\/logo.jpg","contentUrl":"https:\/\/luxpro.pt\/wp-content\/uploads\/2017\/11\/logo.jpg","width":150,"height":33,"caption":"Tiago Amadeu Ferreira"},"logo":{"@id":"https:\/\/luxpro.pt\/en#\/schema\/person\/image\/"}}]}},"tiered_pricing_type":"fixed","tiered_pricing_fixed_rules":[],"tiered_pricing_product_settings":{"layout":"default","base_unit_name":{"singular":null,"plural":null},"default_variation":null},"tiered_pricing_minimum_quantity":null,"tiered_pricing_roles_data":[],"tiered_pricing_percentage_rules":[],"_links":{"self":[{"href":"https:\/\/luxpro.pt\/en\/wp-json\/wp\/v2\/product\/6650","targetHints":{"allow":["GET"]}}],"collection":[{"href":"https:\/\/luxpro.pt\/en\/wp-json\/wp\/v2\/product"}],"about":[{"href":"https:\/\/luxpro.pt\/en\/wp-json\/wp\/v2\/types\/product"}],"replies":[{"embeddable":true,"href":"https:\/\/luxpro.pt\/en\/wp-json\/wp\/v2\/comments?post=6650"}],"wp:featuredmedia":[{"embeddable":true,"href":"https:\/\/luxpro.pt\/en\/wp-json\/wp\/v2\/media\/6651"}],"wp:attachment":[{"href":"https:\/\/luxpro.pt\/en\/wp-json\/wp\/v2\/media?parent=6650"}],"wp:term":[{"taxonomy":"product_brand","embeddable":true,"href":"https:\/\/luxpro.pt\/en\/wp-json\/wp\/v2\/product_brand?post=6650"},{"taxonomy":"product_cat","embeddable":true,"href":"https:\/\/luxpro.pt\/en\/wp-json\/wp\/v2\/product_cat?post=6650"},{"taxonomy":"product_tag","embeddable":true,"href":"https:\/\/luxpro.pt\/en\/wp-json\/wp\/v2\/product_tag?post=6650"}],"curies":[{"name":"wp","href":"https:\/\/api.w.org\/{rel}","templated":true}]}}