{"id":740,"date":"2018-09-04T10:53:08","date_gmt":"2018-09-04T10:53:08","guid":{"rendered":"https:\/\/luxpro.pt\/produto\/luminaria-para-iluminacao-industrial-cuba-frlcuba\/"},"modified":"2023-06-22T15:26:20","modified_gmt":"2023-06-22T14:26:20","slug":"luminaria-para-iluminacao-industrial-cuba-frlcuba","status":"publish","type":"product","link":"https:\/\/luxpro.pt\/en\/produto\/luminaria-para-iluminacao-industrial-cuba-frlcuba","title":{"rendered":"Lumin\u00e1ria para Ilumina\u00e7\u00e3o Industrial Cuba"},"content":{"rendered":"<p>Possui um design robusto, simples e atraente. Ideal para longas exposic\u0327o\u0303es em ambientes industriais.<br \/>\nCorpo, fabricado em alumi\u0301nio fundido de 5mm, com acabamento disponi\u0301vel na cor Cinza<br \/>\nDispositivo de fixac\u0327a\u0303o da lumina\u0301ria, por corrente ou cabo de ac\u0327o.<\/p>\n<p>Gancho inclui\u0301do para fixac\u0327a\u0303o do corpo ao sistema de suspensa\u0303o atrave\u0301s de uma argola zincada.<br \/>\nRefletor, fabricado em alumi\u0301nio anodizado, com acabamento em Raiado, Facetado ou Liso.<\/p>\n","protected":false},"excerpt":{"rendered":"<p>Possui um design robusto, simples e atraente. Ideal para longas exposic\u0327o\u0303es em ambientes industriais. Corpo, fabricado em alumi\u0301nio fundido de 5mm, com acabamento disponi\u0301vel na cor Cinza Dispositivo de fixac\u0327a\u0303o da lumina\u0301ria, por corrente ou cabo de ac\u0327o. Gancho inclui\u0301do para fixac\u0327a\u0303o do corpo ao sistema de suspensa\u0303o atrave\u0301s de uma argola zincada. Refletor, fabricado em alumi\u0301nio anodizado, com acabamento [&hellip;]<\/p>\n","protected":false},"featured_media":741,"comment_status":"closed","ping_status":"closed","template":"","meta":[],"product_brand":[],"product_cat":[1191],"product_tag":[1921,790,1922,1649,1920,1923],"class_list":{"0":"post-740","1":"product","2":"type-product","3":"status-publish","4":"has-post-thumbnail","6":"product_cat-iluminacao-industrial","7":"product_tag-cuba","8":"product_tag-e27","9":"product_tag-e40","10":"product_tag-iluminacao-de-tecto","11":"product_tag-luminaria-industrial","12":"product_tag-pavilhoes","13":"pa_material-de-fabrico-aluminio","14":"pa_acabamento-cinza","15":"pa_potencia-admissivel-250w","16":"pa_suporte-da-lampada-e27-e40","17":"pa_tensao-de-entrada-230-240v-50hz","18":"pa_grau-de-isolamento-classe-i","19":"pa_dimensoes-a1290xl1480mm","20":"pa_dimensoes-porta-equipo-a206xl275mm","22":"first","23":"instock","24":"taxable","25":"shipping-taxable","26":"purchasable","27":"product-type-simple"},"yoast_head":"<!-- This site is optimized with the Yoast SEO plugin v26.5 - https:\/\/yoast.com\/wordpress\/plugins\/seo\/ -->\n<title>Lumin\u00e1ria para Ilumina\u00e7\u00e3o Industrial Cuba - LuxPro<\/title>\n<meta name=\"description\" content=\"Possui um design robusto, simples e atraente. Ideal para longas exposic\u0327o\u0303es em ambientes industriais. Corpo, fabricado em alumi\u0301nio fundido de 5mm, com\" \/>\n<meta name=\"robots\" content=\"index, follow, max-snippet:-1, max-image-preview:large, max-video-preview:-1\" \/>\n<link rel=\"canonical\" href=\"https:\/\/luxpro.pt\/en\/produto\/luminaria-para-iluminacao-industrial-cuba-frlcuba\" \/>\n<meta property=\"og:locale\" content=\"en_US\" \/>\n<meta property=\"og:type\" content=\"article\" \/>\n<meta property=\"og:title\" content=\"Lumin\u00e1ria para Ilumina\u00e7\u00e3o Industrial Cuba - LuxPro\" \/>\n<meta property=\"og:description\" content=\"Possui um design robusto, simples e atraente. Ideal para longas exposic\u0327o\u0303es em ambientes industriais. Corpo, fabricado em alumi\u0301nio fundido de 5mm, com\" \/>\n<meta property=\"og:url\" content=\"https:\/\/luxpro.pt\/en\/produto\/luminaria-para-iluminacao-industrial-cuba-frlcuba\" \/>\n<meta property=\"og:site_name\" content=\"LuxPro\" \/>\n<meta property=\"article:modified_time\" content=\"2023-06-22T14:26:20+00:00\" \/>\n<meta property=\"og:image\" content=\"https:\/\/luxpro.pt\/wp-content\/uploads\/2018\/09\/CUBA.jpg\" \/>\n\t<meta property=\"og:image:width\" content=\"1000\" \/>\n\t<meta property=\"og:image:height\" content=\"1000\" \/>\n\t<meta property=\"og:image:type\" content=\"image\/jpeg\" \/>\n<meta name=\"twitter:card\" content=\"summary_large_image\" \/>\n<meta name=\"twitter:label1\" content=\"Est. reading time\" \/>\n\t<meta name=\"twitter:data1\" content=\"1 minute\" \/>\n<script type=\"application\/ld+json\" class=\"yoast-schema-graph\">{\"@context\":\"https:\/\/schema.org\",\"@graph\":[{\"@type\":\"WebPage\",\"@id\":\"https:\/\/luxpro.pt\/en\/produto\/luminaria-para-iluminacao-industrial-cuba-frlcuba\",\"url\":\"https:\/\/luxpro.pt\/en\/produto\/luminaria-para-iluminacao-industrial-cuba-frlcuba\",\"name\":\"Lumin\u00e1ria para Ilumina\u00e7\u00e3o Industrial Cuba - LuxPro\",\"isPartOf\":{\"@id\":\"https:\/\/luxpro.pt\/en#website\"},\"primaryImageOfPage\":{\"@id\":\"https:\/\/luxpro.pt\/en\/produto\/luminaria-para-iluminacao-industrial-cuba-frlcuba#primaryimage\"},\"image\":{\"@id\":\"https:\/\/luxpro.pt\/en\/produto\/luminaria-para-iluminacao-industrial-cuba-frlcuba#primaryimage\"},\"thumbnailUrl\":\"https:\/\/luxpro.pt\/wp-content\/uploads\/2018\/09\/CUBA.jpg\",\"datePublished\":\"2018-09-04T10:53:08+00:00\",\"dateModified\":\"2023-06-22T14:26:20+00:00\",\"description\":\"Possui um design robusto, simples e atraente. Ideal para longas exposic\u0327o\u0303es em ambientes industriais. Corpo, fabricado em alumi\u0301nio fundido de 5mm, com\",\"breadcrumb\":{\"@id\":\"https:\/\/luxpro.pt\/en\/produto\/luminaria-para-iluminacao-industrial-cuba-frlcuba#breadcrumb\"},\"inLanguage\":\"en-US\",\"potentialAction\":[{\"@type\":\"ReadAction\",\"target\":[\"https:\/\/luxpro.pt\/en\/produto\/luminaria-para-iluminacao-industrial-cuba-frlcuba\"]}]},{\"@type\":\"ImageObject\",\"inLanguage\":\"en-US\",\"@id\":\"https:\/\/luxpro.pt\/en\/produto\/luminaria-para-iluminacao-industrial-cuba-frlcuba#primaryimage\",\"url\":\"https:\/\/luxpro.pt\/wp-content\/uploads\/2018\/09\/CUBA.jpg\",\"contentUrl\":\"https:\/\/luxpro.pt\/wp-content\/uploads\/2018\/09\/CUBA.jpg\",\"width\":1000,\"height\":1000},{\"@type\":\"BreadcrumbList\",\"@id\":\"https:\/\/luxpro.pt\/en\/produto\/luminaria-para-iluminacao-industrial-cuba-frlcuba#breadcrumb\",\"itemListElement\":[{\"@type\":\"ListItem\",\"position\":1,\"name\":\"In\u00edcio\",\"item\":\"https:\/\/luxpro.pt\/en\"},{\"@type\":\"ListItem\",\"position\":2,\"name\":\"Shop\",\"item\":\"https:\/\/luxpro.pt\/en\/shop\"},{\"@type\":\"ListItem\",\"position\":3,\"name\":\"Lumin\u00e1ria para Ilumina\u00e7\u00e3o Industrial Cuba\"}]},{\"@type\":\"WebSite\",\"@id\":\"https:\/\/luxpro.pt\/en#website\",\"url\":\"https:\/\/luxpro.pt\/en\",\"name\":\"LuxPro\",\"description\":\"\",\"publisher\":{\"@id\":\"https:\/\/luxpro.pt\/en#\/schema\/person\/2d1bed59a52ad49be71622bef025e341\"},\"potentialAction\":[{\"@type\":\"SearchAction\",\"target\":{\"@type\":\"EntryPoint\",\"urlTemplate\":\"https:\/\/luxpro.pt\/en?s={search_term_string}\"},\"query-input\":{\"@type\":\"PropertyValueSpecification\",\"valueRequired\":true,\"valueName\":\"search_term_string\"}}],\"inLanguage\":\"en-US\"},{\"@type\":[\"Person\",\"Organization\"],\"@id\":\"https:\/\/luxpro.pt\/en#\/schema\/person\/2d1bed59a52ad49be71622bef025e341\",\"name\":\"Tiago Amadeu Ferreira\",\"image\":{\"@type\":\"ImageObject\",\"inLanguage\":\"en-US\",\"@id\":\"https:\/\/luxpro.pt\/en#\/schema\/person\/image\/\",\"url\":\"https:\/\/luxpro.pt\/wp-content\/uploads\/2017\/11\/logo.jpg\",\"contentUrl\":\"https:\/\/luxpro.pt\/wp-content\/uploads\/2017\/11\/logo.jpg\",\"width\":150,\"height\":33,\"caption\":\"Tiago Amadeu Ferreira\"},\"logo\":{\"@id\":\"https:\/\/luxpro.pt\/en#\/schema\/person\/image\/\"}}]}<\/script>\n<!-- \/ Yoast SEO plugin. -->","yoast_head_json":{"title":"Lumin\u00e1ria para Ilumina\u00e7\u00e3o Industrial Cuba - LuxPro","description":"Possui um design robusto, simples e atraente. Ideal para longas exposic\u0327o\u0303es em ambientes industriais. Corpo, fabricado em alumi\u0301nio fundido de 5mm, com","robots":{"index":"index","follow":"follow","max-snippet":"max-snippet:-1","max-image-preview":"max-image-preview:large","max-video-preview":"max-video-preview:-1"},"canonical":"https:\/\/luxpro.pt\/en\/produto\/luminaria-para-iluminacao-industrial-cuba-frlcuba","og_locale":"en_US","og_type":"article","og_title":"Lumin\u00e1ria para Ilumina\u00e7\u00e3o Industrial Cuba - LuxPro","og_description":"Possui um design robusto, simples e atraente. Ideal para longas exposic\u0327o\u0303es em ambientes industriais. Corpo, fabricado em alumi\u0301nio fundido de 5mm, com","og_url":"https:\/\/luxpro.pt\/en\/produto\/luminaria-para-iluminacao-industrial-cuba-frlcuba","og_site_name":"LuxPro","article_modified_time":"2023-06-22T14:26:20+00:00","og_image":[{"width":1000,"height":1000,"url":"https:\/\/luxpro.pt\/wp-content\/uploads\/2018\/09\/CUBA.jpg","type":"image\/jpeg"}],"twitter_card":"summary_large_image","twitter_misc":{"Est. reading time":"1 minute"},"schema":{"@context":"https:\/\/schema.org","@graph":[{"@type":"WebPage","@id":"https:\/\/luxpro.pt\/en\/produto\/luminaria-para-iluminacao-industrial-cuba-frlcuba","url":"https:\/\/luxpro.pt\/en\/produto\/luminaria-para-iluminacao-industrial-cuba-frlcuba","name":"Lumin\u00e1ria para Ilumina\u00e7\u00e3o Industrial Cuba - LuxPro","isPartOf":{"@id":"https:\/\/luxpro.pt\/en#website"},"primaryImageOfPage":{"@id":"https:\/\/luxpro.pt\/en\/produto\/luminaria-para-iluminacao-industrial-cuba-frlcuba#primaryimage"},"image":{"@id":"https:\/\/luxpro.pt\/en\/produto\/luminaria-para-iluminacao-industrial-cuba-frlcuba#primaryimage"},"thumbnailUrl":"https:\/\/luxpro.pt\/wp-content\/uploads\/2018\/09\/CUBA.jpg","datePublished":"2018-09-04T10:53:08+00:00","dateModified":"2023-06-22T14:26:20+00:00","description":"Possui um design robusto, simples e atraente. Ideal para longas exposic\u0327o\u0303es em ambientes industriais. Corpo, fabricado em alumi\u0301nio fundido de 5mm, com","breadcrumb":{"@id":"https:\/\/luxpro.pt\/en\/produto\/luminaria-para-iluminacao-industrial-cuba-frlcuba#breadcrumb"},"inLanguage":"en-US","potentialAction":[{"@type":"ReadAction","target":["https:\/\/luxpro.pt\/en\/produto\/luminaria-para-iluminacao-industrial-cuba-frlcuba"]}]},{"@type":"ImageObject","inLanguage":"en-US","@id":"https:\/\/luxpro.pt\/en\/produto\/luminaria-para-iluminacao-industrial-cuba-frlcuba#primaryimage","url":"https:\/\/luxpro.pt\/wp-content\/uploads\/2018\/09\/CUBA.jpg","contentUrl":"https:\/\/luxpro.pt\/wp-content\/uploads\/2018\/09\/CUBA.jpg","width":1000,"height":1000},{"@type":"BreadcrumbList","@id":"https:\/\/luxpro.pt\/en\/produto\/luminaria-para-iluminacao-industrial-cuba-frlcuba#breadcrumb","itemListElement":[{"@type":"ListItem","position":1,"name":"In\u00edcio","item":"https:\/\/luxpro.pt\/en"},{"@type":"ListItem","position":2,"name":"Shop","item":"https:\/\/luxpro.pt\/en\/shop"},{"@type":"ListItem","position":3,"name":"Lumin\u00e1ria para Ilumina\u00e7\u00e3o Industrial Cuba"}]},{"@type":"WebSite","@id":"https:\/\/luxpro.pt\/en#website","url":"https:\/\/luxpro.pt\/en","name":"LuxPro","description":"","publisher":{"@id":"https:\/\/luxpro.pt\/en#\/schema\/person\/2d1bed59a52ad49be71622bef025e341"},"potentialAction":[{"@type":"SearchAction","target":{"@type":"EntryPoint","urlTemplate":"https:\/\/luxpro.pt\/en?s={search_term_string}"},"query-input":{"@type":"PropertyValueSpecification","valueRequired":true,"valueName":"search_term_string"}}],"inLanguage":"en-US"},{"@type":["Person","Organization"],"@id":"https:\/\/luxpro.pt\/en#\/schema\/person\/2d1bed59a52ad49be71622bef025e341","name":"Tiago Amadeu Ferreira","image":{"@type":"ImageObject","inLanguage":"en-US","@id":"https:\/\/luxpro.pt\/en#\/schema\/person\/image\/","url":"https:\/\/luxpro.pt\/wp-content\/uploads\/2017\/11\/logo.jpg","contentUrl":"https:\/\/luxpro.pt\/wp-content\/uploads\/2017\/11\/logo.jpg","width":150,"height":33,"caption":"Tiago Amadeu Ferreira"},"logo":{"@id":"https:\/\/luxpro.pt\/en#\/schema\/person\/image\/"}}]}},"tiered_pricing_type":"fixed","tiered_pricing_fixed_rules":[],"tiered_pricing_product_settings":{"layout":"default","base_unit_name":{"singular":null,"plural":null},"default_variation":null},"tiered_pricing_minimum_quantity":null,"tiered_pricing_roles_data":[],"tiered_pricing_percentage_rules":[],"_links":{"self":[{"href":"https:\/\/luxpro.pt\/en\/wp-json\/wp\/v2\/product\/740","targetHints":{"allow":["GET"]}}],"collection":[{"href":"https:\/\/luxpro.pt\/en\/wp-json\/wp\/v2\/product"}],"about":[{"href":"https:\/\/luxpro.pt\/en\/wp-json\/wp\/v2\/types\/product"}],"replies":[{"embeddable":true,"href":"https:\/\/luxpro.pt\/en\/wp-json\/wp\/v2\/comments?post=740"}],"wp:featuredmedia":[{"embeddable":true,"href":"https:\/\/luxpro.pt\/en\/wp-json\/wp\/v2\/media\/741"}],"wp:attachment":[{"href":"https:\/\/luxpro.pt\/en\/wp-json\/wp\/v2\/media?parent=740"}],"wp:term":[{"taxonomy":"product_brand","embeddable":true,"href":"https:\/\/luxpro.pt\/en\/wp-json\/wp\/v2\/product_brand?post=740"},{"taxonomy":"product_cat","embeddable":true,"href":"https:\/\/luxpro.pt\/en\/wp-json\/wp\/v2\/product_cat?post=740"},{"taxonomy":"product_tag","embeddable":true,"href":"https:\/\/luxpro.pt\/en\/wp-json\/wp\/v2\/product_tag?post=740"}],"curies":[{"name":"wp","href":"https:\/\/api.w.org\/{rel}","templated":true}]}}