{"id":7435,"date":"2021-01-06T11:30:10","date_gmt":"2021-01-06T11:30:10","guid":{"rendered":"https:\/\/luxpro.pt\/?post_type=product&#038;p=7435"},"modified":"2023-06-28T17:39:37","modified_gmt":"2023-06-28T16:39:37","slug":"multiplexor-placas-4-dpm-g2-golmar","status":"publish","type":"product","link":"https:\/\/luxpro.pt\/en\/produto\/multiplexor-placas-4-dpm-g2-golmar","title":{"rendered":"Multiplexor DPM-G2+ GOLMAR"},"content":{"rendered":"<p>Para sistemas com instala\u00e7\u00e3o digital Golmar &#8220;G2 +&#8221; 2 fios.<br \/>\nDistribuidor para at\u00e9 4 pain\u00e9is.<br \/>\nConector de terminal n\u00e3o remov\u00edvel.<br \/>\nDimens\u00f5es: 69 x 90x 45 mm.<\/p>\n","protected":false},"excerpt":{"rendered":"<p>Para sistemas com instala\u00e7\u00e3o digital Golmar &#8220;G2 +&#8221; 2 fios. Distribuidor para at\u00e9 4 pain\u00e9is. Conector de terminal n\u00e3o remov\u00edvel. Dimens\u00f5es: 69 x 90x 45 mm.<\/p>\n","protected":false},"featured_media":7439,"comment_status":"open","ping_status":"closed","template":"","meta":[],"product_brand":[],"product_cat":[661],"product_tag":[828,1162,1160,781,813,1158,1159,1161,785],"class_list":{"0":"post-7435","1":"product","2":"type-product","3":"status-publish","4":"has-post-thumbnail","6":"product_cat-acessorios-2","7":"product_tag-828","8":"product_tag-art","9":"product_tag-dpm-g2","10":"product_tag-golmar","11":"product_tag-kit","12":"product_tag-multiplexer","13":"product_tag-multiplexor","14":"product_tag-saidas","15":"product_tag-videoporteiro","17":"first","18":"instock","19":"taxable","20":"shipping-taxable","21":"purchasable","22":"product-type-simple"},"yoast_head":"<!-- This site is optimized with the Yoast SEO plugin v26.5 - https:\/\/yoast.com\/wordpress\/plugins\/seo\/ -->\n<title>Multiplexor DPM-G2+ GOLMAR - LuxPro<\/title>\n<meta name=\"description\" content=\"Para sistemas com instala\u00e7\u00e3o digital Golmar &quot;G2 +&quot; 2 fios. Distribuidor para at\u00e9 4 pain\u00e9is. Conector de terminal n\u00e3o remov\u00edvel. Dimens\u00f5es: 69 x 90x 45\" \/>\n<meta name=\"robots\" content=\"index, follow, max-snippet:-1, max-image-preview:large, max-video-preview:-1\" \/>\n<link rel=\"canonical\" href=\"https:\/\/luxpro.pt\/en\/produto\/multiplexor-placas-4-dpm-g2-golmar\" \/>\n<meta property=\"og:locale\" content=\"en_US\" \/>\n<meta property=\"og:type\" content=\"article\" \/>\n<meta property=\"og:title\" content=\"Multiplexor DPM-G2+ GOLMAR - LuxPro\" \/>\n<meta property=\"og:description\" content=\"Para sistemas com instala\u00e7\u00e3o digital Golmar &quot;G2 +&quot; 2 fios. Distribuidor para at\u00e9 4 pain\u00e9is. Conector de terminal n\u00e3o remov\u00edvel. Dimens\u00f5es: 69 x 90x 45\" \/>\n<meta property=\"og:url\" content=\"https:\/\/luxpro.pt\/en\/produto\/multiplexor-placas-4-dpm-g2-golmar\" \/>\n<meta property=\"og:site_name\" content=\"LuxPro\" \/>\n<meta property=\"article:modified_time\" content=\"2023-06-28T16:39:37+00:00\" \/>\n<meta property=\"og:image\" content=\"https:\/\/luxpro.pt\/wp-content\/uploads\/2021\/01\/12258955-1.png\" \/>\n\t<meta property=\"og:image:width\" content=\"851\" \/>\n\t<meta property=\"og:image:height\" content=\"709\" \/>\n\t<meta property=\"og:image:type\" content=\"image\/png\" \/>\n<meta name=\"twitter:card\" content=\"summary_large_image\" \/>\n<meta name=\"twitter:label1\" content=\"Est. reading time\" \/>\n\t<meta name=\"twitter:data1\" content=\"1 minute\" \/>\n<script type=\"application\/ld+json\" class=\"yoast-schema-graph\">{\"@context\":\"https:\/\/schema.org\",\"@graph\":[{\"@type\":\"WebPage\",\"@id\":\"https:\/\/luxpro.pt\/en\/produto\/multiplexor-placas-4-dpm-g2-golmar\",\"url\":\"https:\/\/luxpro.pt\/en\/produto\/multiplexor-placas-4-dpm-g2-golmar\",\"name\":\"Multiplexor DPM-G2+ GOLMAR - LuxPro\",\"isPartOf\":{\"@id\":\"https:\/\/luxpro.pt\/en#website\"},\"primaryImageOfPage\":{\"@id\":\"https:\/\/luxpro.pt\/en\/produto\/multiplexor-placas-4-dpm-g2-golmar#primaryimage\"},\"image\":{\"@id\":\"https:\/\/luxpro.pt\/en\/produto\/multiplexor-placas-4-dpm-g2-golmar#primaryimage\"},\"thumbnailUrl\":\"https:\/\/luxpro.pt\/wp-content\/uploads\/2021\/01\/12258955-1.png\",\"datePublished\":\"2021-01-06T11:30:10+00:00\",\"dateModified\":\"2023-06-28T16:39:37+00:00\",\"description\":\"Para sistemas com instala\u00e7\u00e3o digital Golmar \\\"G2 +\\\" 2 fios. Distribuidor para at\u00e9 4 pain\u00e9is. Conector de terminal n\u00e3o remov\u00edvel. Dimens\u00f5es: 69 x 90x 45\",\"breadcrumb\":{\"@id\":\"https:\/\/luxpro.pt\/en\/produto\/multiplexor-placas-4-dpm-g2-golmar#breadcrumb\"},\"inLanguage\":\"en-US\",\"potentialAction\":[{\"@type\":\"ReadAction\",\"target\":[\"https:\/\/luxpro.pt\/en\/produto\/multiplexor-placas-4-dpm-g2-golmar\"]}]},{\"@type\":\"ImageObject\",\"inLanguage\":\"en-US\",\"@id\":\"https:\/\/luxpro.pt\/en\/produto\/multiplexor-placas-4-dpm-g2-golmar#primaryimage\",\"url\":\"https:\/\/luxpro.pt\/wp-content\/uploads\/2021\/01\/12258955-1.png\",\"contentUrl\":\"https:\/\/luxpro.pt\/wp-content\/uploads\/2021\/01\/12258955-1.png\",\"width\":851,\"height\":709},{\"@type\":\"BreadcrumbList\",\"@id\":\"https:\/\/luxpro.pt\/en\/produto\/multiplexor-placas-4-dpm-g2-golmar#breadcrumb\",\"itemListElement\":[{\"@type\":\"ListItem\",\"position\":1,\"name\":\"In\u00edcio\",\"item\":\"https:\/\/luxpro.pt\/en\"},{\"@type\":\"ListItem\",\"position\":2,\"name\":\"Shop\",\"item\":\"https:\/\/luxpro.pt\/en\/shop\"},{\"@type\":\"ListItem\",\"position\":3,\"name\":\"Multiplexor DPM-G2+ GOLMAR\"}]},{\"@type\":\"WebSite\",\"@id\":\"https:\/\/luxpro.pt\/en#website\",\"url\":\"https:\/\/luxpro.pt\/en\",\"name\":\"LuxPro\",\"description\":\"\",\"publisher\":{\"@id\":\"https:\/\/luxpro.pt\/en#\/schema\/person\/2d1bed59a52ad49be71622bef025e341\"},\"potentialAction\":[{\"@type\":\"SearchAction\",\"target\":{\"@type\":\"EntryPoint\",\"urlTemplate\":\"https:\/\/luxpro.pt\/en?s={search_term_string}\"},\"query-input\":{\"@type\":\"PropertyValueSpecification\",\"valueRequired\":true,\"valueName\":\"search_term_string\"}}],\"inLanguage\":\"en-US\"},{\"@type\":[\"Person\",\"Organization\"],\"@id\":\"https:\/\/luxpro.pt\/en#\/schema\/person\/2d1bed59a52ad49be71622bef025e341\",\"name\":\"Tiago Amadeu Ferreira\",\"image\":{\"@type\":\"ImageObject\",\"inLanguage\":\"en-US\",\"@id\":\"https:\/\/luxpro.pt\/en#\/schema\/person\/image\/\",\"url\":\"https:\/\/luxpro.pt\/wp-content\/uploads\/2017\/11\/logo.jpg\",\"contentUrl\":\"https:\/\/luxpro.pt\/wp-content\/uploads\/2017\/11\/logo.jpg\",\"width\":150,\"height\":33,\"caption\":\"Tiago Amadeu Ferreira\"},\"logo\":{\"@id\":\"https:\/\/luxpro.pt\/en#\/schema\/person\/image\/\"}}]}<\/script>\n<!-- \/ Yoast SEO plugin. -->","yoast_head_json":{"title":"Multiplexor DPM-G2+ GOLMAR - LuxPro","description":"Para sistemas com instala\u00e7\u00e3o digital Golmar \"G2 +\" 2 fios. Distribuidor para at\u00e9 4 pain\u00e9is. Conector de terminal n\u00e3o remov\u00edvel. Dimens\u00f5es: 69 x 90x 45","robots":{"index":"index","follow":"follow","max-snippet":"max-snippet:-1","max-image-preview":"max-image-preview:large","max-video-preview":"max-video-preview:-1"},"canonical":"https:\/\/luxpro.pt\/en\/produto\/multiplexor-placas-4-dpm-g2-golmar","og_locale":"en_US","og_type":"article","og_title":"Multiplexor DPM-G2+ GOLMAR - LuxPro","og_description":"Para sistemas com instala\u00e7\u00e3o digital Golmar \"G2 +\" 2 fios. Distribuidor para at\u00e9 4 pain\u00e9is. Conector de terminal n\u00e3o remov\u00edvel. Dimens\u00f5es: 69 x 90x 45","og_url":"https:\/\/luxpro.pt\/en\/produto\/multiplexor-placas-4-dpm-g2-golmar","og_site_name":"LuxPro","article_modified_time":"2023-06-28T16:39:37+00:00","og_image":[{"width":851,"height":709,"url":"https:\/\/luxpro.pt\/wp-content\/uploads\/2021\/01\/12258955-1.png","type":"image\/png"}],"twitter_card":"summary_large_image","twitter_misc":{"Est. reading time":"1 minute"},"schema":{"@context":"https:\/\/schema.org","@graph":[{"@type":"WebPage","@id":"https:\/\/luxpro.pt\/en\/produto\/multiplexor-placas-4-dpm-g2-golmar","url":"https:\/\/luxpro.pt\/en\/produto\/multiplexor-placas-4-dpm-g2-golmar","name":"Multiplexor DPM-G2+ GOLMAR - LuxPro","isPartOf":{"@id":"https:\/\/luxpro.pt\/en#website"},"primaryImageOfPage":{"@id":"https:\/\/luxpro.pt\/en\/produto\/multiplexor-placas-4-dpm-g2-golmar#primaryimage"},"image":{"@id":"https:\/\/luxpro.pt\/en\/produto\/multiplexor-placas-4-dpm-g2-golmar#primaryimage"},"thumbnailUrl":"https:\/\/luxpro.pt\/wp-content\/uploads\/2021\/01\/12258955-1.png","datePublished":"2021-01-06T11:30:10+00:00","dateModified":"2023-06-28T16:39:37+00:00","description":"Para sistemas com instala\u00e7\u00e3o digital Golmar \"G2 +\" 2 fios. Distribuidor para at\u00e9 4 pain\u00e9is. Conector de terminal n\u00e3o remov\u00edvel. Dimens\u00f5es: 69 x 90x 45","breadcrumb":{"@id":"https:\/\/luxpro.pt\/en\/produto\/multiplexor-placas-4-dpm-g2-golmar#breadcrumb"},"inLanguage":"en-US","potentialAction":[{"@type":"ReadAction","target":["https:\/\/luxpro.pt\/en\/produto\/multiplexor-placas-4-dpm-g2-golmar"]}]},{"@type":"ImageObject","inLanguage":"en-US","@id":"https:\/\/luxpro.pt\/en\/produto\/multiplexor-placas-4-dpm-g2-golmar#primaryimage","url":"https:\/\/luxpro.pt\/wp-content\/uploads\/2021\/01\/12258955-1.png","contentUrl":"https:\/\/luxpro.pt\/wp-content\/uploads\/2021\/01\/12258955-1.png","width":851,"height":709},{"@type":"BreadcrumbList","@id":"https:\/\/luxpro.pt\/en\/produto\/multiplexor-placas-4-dpm-g2-golmar#breadcrumb","itemListElement":[{"@type":"ListItem","position":1,"name":"In\u00edcio","item":"https:\/\/luxpro.pt\/en"},{"@type":"ListItem","position":2,"name":"Shop","item":"https:\/\/luxpro.pt\/en\/shop"},{"@type":"ListItem","position":3,"name":"Multiplexor DPM-G2+ GOLMAR"}]},{"@type":"WebSite","@id":"https:\/\/luxpro.pt\/en#website","url":"https:\/\/luxpro.pt\/en","name":"LuxPro","description":"","publisher":{"@id":"https:\/\/luxpro.pt\/en#\/schema\/person\/2d1bed59a52ad49be71622bef025e341"},"potentialAction":[{"@type":"SearchAction","target":{"@type":"EntryPoint","urlTemplate":"https:\/\/luxpro.pt\/en?s={search_term_string}"},"query-input":{"@type":"PropertyValueSpecification","valueRequired":true,"valueName":"search_term_string"}}],"inLanguage":"en-US"},{"@type":["Person","Organization"],"@id":"https:\/\/luxpro.pt\/en#\/schema\/person\/2d1bed59a52ad49be71622bef025e341","name":"Tiago Amadeu Ferreira","image":{"@type":"ImageObject","inLanguage":"en-US","@id":"https:\/\/luxpro.pt\/en#\/schema\/person\/image\/","url":"https:\/\/luxpro.pt\/wp-content\/uploads\/2017\/11\/logo.jpg","contentUrl":"https:\/\/luxpro.pt\/wp-content\/uploads\/2017\/11\/logo.jpg","width":150,"height":33,"caption":"Tiago Amadeu Ferreira"},"logo":{"@id":"https:\/\/luxpro.pt\/en#\/schema\/person\/image\/"}}]}},"tiered_pricing_type":"fixed","tiered_pricing_fixed_rules":[],"tiered_pricing_product_settings":{"layout":"default","base_unit_name":{"singular":null,"plural":null},"default_variation":null},"tiered_pricing_minimum_quantity":null,"tiered_pricing_roles_data":[],"tiered_pricing_percentage_rules":[],"_links":{"self":[{"href":"https:\/\/luxpro.pt\/en\/wp-json\/wp\/v2\/product\/7435","targetHints":{"allow":["GET"]}}],"collection":[{"href":"https:\/\/luxpro.pt\/en\/wp-json\/wp\/v2\/product"}],"about":[{"href":"https:\/\/luxpro.pt\/en\/wp-json\/wp\/v2\/types\/product"}],"replies":[{"embeddable":true,"href":"https:\/\/luxpro.pt\/en\/wp-json\/wp\/v2\/comments?post=7435"}],"wp:featuredmedia":[{"embeddable":true,"href":"https:\/\/luxpro.pt\/en\/wp-json\/wp\/v2\/media\/7439"}],"wp:attachment":[{"href":"https:\/\/luxpro.pt\/en\/wp-json\/wp\/v2\/media?parent=7435"}],"wp:term":[{"taxonomy":"product_brand","embeddable":true,"href":"https:\/\/luxpro.pt\/en\/wp-json\/wp\/v2\/product_brand?post=7435"},{"taxonomy":"product_cat","embeddable":true,"href":"https:\/\/luxpro.pt\/en\/wp-json\/wp\/v2\/product_cat?post=7435"},{"taxonomy":"product_tag","embeddable":true,"href":"https:\/\/luxpro.pt\/en\/wp-json\/wp\/v2\/product_tag?post=7435"}],"curies":[{"name":"wp","href":"https:\/\/api.w.org\/{rel}","templated":true}]}}