{"id":770,"date":"2018-09-04T10:54:02","date_gmt":"2018-09-04T10:54:02","guid":{"rendered":"https:\/\/luxpro.pt\/produto\/caixa-para-material-eletrico-ctp-contador-de-energia-em-abs-ip44-frlctp\/"},"modified":"2025-10-25T19:10:43","modified_gmt":"2025-10-25T18:10:43","slug":"caixa-para-material-eletrico-ctp-contador-de-energia-em-abs-ip44-frlctp","status":"publish","type":"product","link":"https:\/\/luxpro.pt\/en\/produto\/caixa-para-material-eletrico-ctp-contador-de-energia-em-abs-ip44-frlctp","title":{"rendered":"Caixa Contador de Energia Trif\u00e1sico IP44"},"content":{"rendered":"<p>\u2022 Caixa adapt\u00e1vel para ambientes industriais ou dom\u00e9sticos. No interior ou exterior do mesmo;<br \/>\n\u2022 Para todo o tipo de instala\u00e7\u00f5es privadas ou publicas de abastecimento de energia em edif\u00edcios;<br \/>\n\u2022 Projetada para instala\u00e7\u00e3o de um contador de energia trif\u00e1sico ou monof\u00e1sico;<br \/>\n\u2022 Dotada de uma tampa porta frontal transparente em policarbonato fechada atrav\u00e9s de quatro parafusos para prote\u00e7\u00e3o e isolamento do contador tamb\u00e9m para uma melhor visualiza\u00e7\u00e3o de leituras do contador;<br \/>\n\u2022 M\u00e9todo de fecho atrav\u00e9s de press\u00e3o, uma vez pressionada a porta da caixa, esta tranca com um clip em policarbonato acoplado na inje\u00e7\u00e3o da porta;<br \/>\n\u2022 Resistentes \u00e0 corros\u00e3o, aos agentes qu\u00edmicos e aos raios UV.<\/p>\n","protected":false},"excerpt":{"rendered":"<p>\u2022 Caixa adapt\u00e1vel para ambientes industriais ou dom\u00e9sticos. No interior ou exterior do mesmo; \u2022 Para todo o tipo de instala\u00e7\u00f5es privadas ou publicas de abastecimento de energia em edif\u00edcios; \u2022 Projetada para instala\u00e7\u00e3o de um contador de energia trif\u00e1sico ou monof\u00e1sico; \u2022 Dotada de uma tampa porta frontal transparente em policarbonato fechada atrav\u00e9s de quatro parafusos para prote\u00e7\u00e3o e [&hellip;]<\/p>\n","protected":false},"featured_media":15140,"comment_status":"closed","ping_status":"closed","template":"","meta":[],"product_brand":[],"product_cat":[697],"product_tag":[1560,1562,1561,1293],"class_list":{"0":"post-770","1":"product","2":"type-product","3":"status-publish","4":"has-post-thumbnail","6":"product_cat-caixas-contador","7":"product_tag-caixa-contador-de-energia-trifasico","8":"product_tag-caixas-em-abs","9":"product_tag-contador-da-edp","10":"product_tag-edp","11":"pa_material-de-fabrico-abs","12":"pa_acabamento-cinza-ral-7035","13":"pa_resistencia-mecanica-ik08","14":"pa_grau-de-isolamento-classe-ii","15":"pa_dimensoes-l300xa400xp200mm","16":"pa_abertura-da-porta-297","17":"pa_tipo-de-instalacao-embutida-saliente","18":"pa_metodo-de-fecho-fechadura-de-encaixe","20":"first","21":"instock","22":"taxable","23":"shipping-taxable","24":"purchasable","25":"product-type-simple"},"yoast_head":"<!-- This site is optimized with the Yoast SEO plugin v26.5 - https:\/\/yoast.com\/wordpress\/plugins\/seo\/ -->\n<title>Caixa Contador de Energia Trif\u00e1sico IP44 - LuxPro<\/title>\n<meta name=\"description\" content=\"\u2022 Caixa adapt\u00e1vel para ambientes industriais ou dom\u00e9sticos. No interior ou exterior do mesmo; \u2022 Para todo o tipo de instala\u00e7\u00f5es privadas ou publicas de\" \/>\n<meta name=\"robots\" content=\"index, follow, max-snippet:-1, max-image-preview:large, max-video-preview:-1\" \/>\n<link rel=\"canonical\" href=\"https:\/\/luxpro.pt\/en\/produto\/caixa-para-material-eletrico-ctp-contador-de-energia-em-abs-ip44-frlctp\" \/>\n<meta property=\"og:locale\" content=\"en_US\" \/>\n<meta property=\"og:type\" content=\"article\" \/>\n<meta property=\"og:title\" content=\"Caixa Contador de Energia Trif\u00e1sico IP44 - LuxPro\" \/>\n<meta property=\"og:description\" content=\"\u2022 Caixa adapt\u00e1vel para ambientes industriais ou dom\u00e9sticos. No interior ou exterior do mesmo; \u2022 Para todo o tipo de instala\u00e7\u00f5es privadas ou publicas de\" \/>\n<meta property=\"og:url\" content=\"https:\/\/luxpro.pt\/en\/produto\/caixa-para-material-eletrico-ctp-contador-de-energia-em-abs-ip44-frlctp\" \/>\n<meta property=\"og:site_name\" content=\"LuxPro\" \/>\n<meta property=\"article:modified_time\" content=\"2025-10-25T18:10:43+00:00\" \/>\n<meta property=\"og:image\" content=\"https:\/\/luxpro.pt\/wp-content\/uploads\/2018\/09\/WhatsApp-Image-2025-10-25-at-19.05.42-1.jpeg\" \/>\n\t<meta property=\"og:image:width\" content=\"1000\" \/>\n\t<meta property=\"og:image:height\" content=\"1000\" \/>\n\t<meta property=\"og:image:type\" content=\"image\/jpeg\" \/>\n<meta name=\"twitter:card\" content=\"summary_large_image\" \/>\n<meta name=\"twitter:label1\" content=\"Est. reading time\" \/>\n\t<meta name=\"twitter:data1\" content=\"1 minute\" \/>\n<script type=\"application\/ld+json\" class=\"yoast-schema-graph\">{\"@context\":\"https:\/\/schema.org\",\"@graph\":[{\"@type\":\"WebPage\",\"@id\":\"https:\/\/luxpro.pt\/en\/produto\/caixa-para-material-eletrico-ctp-contador-de-energia-em-abs-ip44-frlctp\",\"url\":\"https:\/\/luxpro.pt\/en\/produto\/caixa-para-material-eletrico-ctp-contador-de-energia-em-abs-ip44-frlctp\",\"name\":\"Caixa Contador de Energia Trif\u00e1sico IP44 - LuxPro\",\"isPartOf\":{\"@id\":\"https:\/\/luxpro.pt\/en#website\"},\"primaryImageOfPage\":{\"@id\":\"https:\/\/luxpro.pt\/en\/produto\/caixa-para-material-eletrico-ctp-contador-de-energia-em-abs-ip44-frlctp#primaryimage\"},\"image\":{\"@id\":\"https:\/\/luxpro.pt\/en\/produto\/caixa-para-material-eletrico-ctp-contador-de-energia-em-abs-ip44-frlctp#primaryimage\"},\"thumbnailUrl\":\"https:\/\/luxpro.pt\/wp-content\/uploads\/2018\/09\/WhatsApp-Image-2025-10-25-at-19.05.42-1.jpeg\",\"datePublished\":\"2018-09-04T10:54:02+00:00\",\"dateModified\":\"2025-10-25T18:10:43+00:00\",\"description\":\"\u2022 Caixa adapt\u00e1vel para ambientes industriais ou dom\u00e9sticos. No interior ou exterior do mesmo; \u2022 Para todo o tipo de instala\u00e7\u00f5es privadas ou publicas de\",\"breadcrumb\":{\"@id\":\"https:\/\/luxpro.pt\/en\/produto\/caixa-para-material-eletrico-ctp-contador-de-energia-em-abs-ip44-frlctp#breadcrumb\"},\"inLanguage\":\"en-US\",\"potentialAction\":[{\"@type\":\"ReadAction\",\"target\":[\"https:\/\/luxpro.pt\/en\/produto\/caixa-para-material-eletrico-ctp-contador-de-energia-em-abs-ip44-frlctp\"]}]},{\"@type\":\"ImageObject\",\"inLanguage\":\"en-US\",\"@id\":\"https:\/\/luxpro.pt\/en\/produto\/caixa-para-material-eletrico-ctp-contador-de-energia-em-abs-ip44-frlctp#primaryimage\",\"url\":\"https:\/\/luxpro.pt\/wp-content\/uploads\/2018\/09\/WhatsApp-Image-2025-10-25-at-19.05.42-1.jpeg\",\"contentUrl\":\"https:\/\/luxpro.pt\/wp-content\/uploads\/2018\/09\/WhatsApp-Image-2025-10-25-at-19.05.42-1.jpeg\",\"width\":1000,\"height\":1000},{\"@type\":\"BreadcrumbList\",\"@id\":\"https:\/\/luxpro.pt\/en\/produto\/caixa-para-material-eletrico-ctp-contador-de-energia-em-abs-ip44-frlctp#breadcrumb\",\"itemListElement\":[{\"@type\":\"ListItem\",\"position\":1,\"name\":\"In\u00edcio\",\"item\":\"https:\/\/luxpro.pt\/en\"},{\"@type\":\"ListItem\",\"position\":2,\"name\":\"Shop\",\"item\":\"https:\/\/luxpro.pt\/en\/shop\"},{\"@type\":\"ListItem\",\"position\":3,\"name\":\"Caixa Contador de Energia Trif\u00e1sico IP44\"}]},{\"@type\":\"WebSite\",\"@id\":\"https:\/\/luxpro.pt\/en#website\",\"url\":\"https:\/\/luxpro.pt\/en\",\"name\":\"LuxPro\",\"description\":\"\",\"publisher\":{\"@id\":\"https:\/\/luxpro.pt\/en#\/schema\/person\/2d1bed59a52ad49be71622bef025e341\"},\"potentialAction\":[{\"@type\":\"SearchAction\",\"target\":{\"@type\":\"EntryPoint\",\"urlTemplate\":\"https:\/\/luxpro.pt\/en?s={search_term_string}\"},\"query-input\":{\"@type\":\"PropertyValueSpecification\",\"valueRequired\":true,\"valueName\":\"search_term_string\"}}],\"inLanguage\":\"en-US\"},{\"@type\":[\"Person\",\"Organization\"],\"@id\":\"https:\/\/luxpro.pt\/en#\/schema\/person\/2d1bed59a52ad49be71622bef025e341\",\"name\":\"Tiago Amadeu Ferreira\",\"image\":{\"@type\":\"ImageObject\",\"inLanguage\":\"en-US\",\"@id\":\"https:\/\/luxpro.pt\/en#\/schema\/person\/image\/\",\"url\":\"https:\/\/luxpro.pt\/wp-content\/uploads\/2017\/11\/logo.jpg\",\"contentUrl\":\"https:\/\/luxpro.pt\/wp-content\/uploads\/2017\/11\/logo.jpg\",\"width\":150,\"height\":33,\"caption\":\"Tiago Amadeu Ferreira\"},\"logo\":{\"@id\":\"https:\/\/luxpro.pt\/en#\/schema\/person\/image\/\"}}]}<\/script>\n<!-- \/ Yoast SEO plugin. -->","yoast_head_json":{"title":"Caixa Contador de Energia Trif\u00e1sico IP44 - LuxPro","description":"\u2022 Caixa adapt\u00e1vel para ambientes industriais ou dom\u00e9sticos. No interior ou exterior do mesmo; \u2022 Para todo o tipo de instala\u00e7\u00f5es privadas ou publicas de","robots":{"index":"index","follow":"follow","max-snippet":"max-snippet:-1","max-image-preview":"max-image-preview:large","max-video-preview":"max-video-preview:-1"},"canonical":"https:\/\/luxpro.pt\/en\/produto\/caixa-para-material-eletrico-ctp-contador-de-energia-em-abs-ip44-frlctp","og_locale":"en_US","og_type":"article","og_title":"Caixa Contador de Energia Trif\u00e1sico IP44 - LuxPro","og_description":"\u2022 Caixa adapt\u00e1vel para ambientes industriais ou dom\u00e9sticos. No interior ou exterior do mesmo; \u2022 Para todo o tipo de instala\u00e7\u00f5es privadas ou publicas de","og_url":"https:\/\/luxpro.pt\/en\/produto\/caixa-para-material-eletrico-ctp-contador-de-energia-em-abs-ip44-frlctp","og_site_name":"LuxPro","article_modified_time":"2025-10-25T18:10:43+00:00","og_image":[{"width":1000,"height":1000,"url":"https:\/\/luxpro.pt\/wp-content\/uploads\/2018\/09\/WhatsApp-Image-2025-10-25-at-19.05.42-1.jpeg","type":"image\/jpeg"}],"twitter_card":"summary_large_image","twitter_misc":{"Est. reading time":"1 minute"},"schema":{"@context":"https:\/\/schema.org","@graph":[{"@type":"WebPage","@id":"https:\/\/luxpro.pt\/en\/produto\/caixa-para-material-eletrico-ctp-contador-de-energia-em-abs-ip44-frlctp","url":"https:\/\/luxpro.pt\/en\/produto\/caixa-para-material-eletrico-ctp-contador-de-energia-em-abs-ip44-frlctp","name":"Caixa Contador de Energia Trif\u00e1sico IP44 - LuxPro","isPartOf":{"@id":"https:\/\/luxpro.pt\/en#website"},"primaryImageOfPage":{"@id":"https:\/\/luxpro.pt\/en\/produto\/caixa-para-material-eletrico-ctp-contador-de-energia-em-abs-ip44-frlctp#primaryimage"},"image":{"@id":"https:\/\/luxpro.pt\/en\/produto\/caixa-para-material-eletrico-ctp-contador-de-energia-em-abs-ip44-frlctp#primaryimage"},"thumbnailUrl":"https:\/\/luxpro.pt\/wp-content\/uploads\/2018\/09\/WhatsApp-Image-2025-10-25-at-19.05.42-1.jpeg","datePublished":"2018-09-04T10:54:02+00:00","dateModified":"2025-10-25T18:10:43+00:00","description":"\u2022 Caixa adapt\u00e1vel para ambientes industriais ou dom\u00e9sticos. No interior ou exterior do mesmo; \u2022 Para todo o tipo de instala\u00e7\u00f5es privadas ou publicas de","breadcrumb":{"@id":"https:\/\/luxpro.pt\/en\/produto\/caixa-para-material-eletrico-ctp-contador-de-energia-em-abs-ip44-frlctp#breadcrumb"},"inLanguage":"en-US","potentialAction":[{"@type":"ReadAction","target":["https:\/\/luxpro.pt\/en\/produto\/caixa-para-material-eletrico-ctp-contador-de-energia-em-abs-ip44-frlctp"]}]},{"@type":"ImageObject","inLanguage":"en-US","@id":"https:\/\/luxpro.pt\/en\/produto\/caixa-para-material-eletrico-ctp-contador-de-energia-em-abs-ip44-frlctp#primaryimage","url":"https:\/\/luxpro.pt\/wp-content\/uploads\/2018\/09\/WhatsApp-Image-2025-10-25-at-19.05.42-1.jpeg","contentUrl":"https:\/\/luxpro.pt\/wp-content\/uploads\/2018\/09\/WhatsApp-Image-2025-10-25-at-19.05.42-1.jpeg","width":1000,"height":1000},{"@type":"BreadcrumbList","@id":"https:\/\/luxpro.pt\/en\/produto\/caixa-para-material-eletrico-ctp-contador-de-energia-em-abs-ip44-frlctp#breadcrumb","itemListElement":[{"@type":"ListItem","position":1,"name":"In\u00edcio","item":"https:\/\/luxpro.pt\/en"},{"@type":"ListItem","position":2,"name":"Shop","item":"https:\/\/luxpro.pt\/en\/shop"},{"@type":"ListItem","position":3,"name":"Caixa Contador de Energia Trif\u00e1sico IP44"}]},{"@type":"WebSite","@id":"https:\/\/luxpro.pt\/en#website","url":"https:\/\/luxpro.pt\/en","name":"LuxPro","description":"","publisher":{"@id":"https:\/\/luxpro.pt\/en#\/schema\/person\/2d1bed59a52ad49be71622bef025e341"},"potentialAction":[{"@type":"SearchAction","target":{"@type":"EntryPoint","urlTemplate":"https:\/\/luxpro.pt\/en?s={search_term_string}"},"query-input":{"@type":"PropertyValueSpecification","valueRequired":true,"valueName":"search_term_string"}}],"inLanguage":"en-US"},{"@type":["Person","Organization"],"@id":"https:\/\/luxpro.pt\/en#\/schema\/person\/2d1bed59a52ad49be71622bef025e341","name":"Tiago Amadeu Ferreira","image":{"@type":"ImageObject","inLanguage":"en-US","@id":"https:\/\/luxpro.pt\/en#\/schema\/person\/image\/","url":"https:\/\/luxpro.pt\/wp-content\/uploads\/2017\/11\/logo.jpg","contentUrl":"https:\/\/luxpro.pt\/wp-content\/uploads\/2017\/11\/logo.jpg","width":150,"height":33,"caption":"Tiago Amadeu Ferreira"},"logo":{"@id":"https:\/\/luxpro.pt\/en#\/schema\/person\/image\/"}}]}},"tiered_pricing_type":"fixed","tiered_pricing_fixed_rules":[],"tiered_pricing_product_settings":{"layout":"default","base_unit_name":{"singular":null,"plural":null},"default_variation":null},"tiered_pricing_minimum_quantity":null,"tiered_pricing_roles_data":[],"tiered_pricing_percentage_rules":[],"_links":{"self":[{"href":"https:\/\/luxpro.pt\/en\/wp-json\/wp\/v2\/product\/770","targetHints":{"allow":["GET"]}}],"collection":[{"href":"https:\/\/luxpro.pt\/en\/wp-json\/wp\/v2\/product"}],"about":[{"href":"https:\/\/luxpro.pt\/en\/wp-json\/wp\/v2\/types\/product"}],"replies":[{"embeddable":true,"href":"https:\/\/luxpro.pt\/en\/wp-json\/wp\/v2\/comments?post=770"}],"wp:featuredmedia":[{"embeddable":true,"href":"https:\/\/luxpro.pt\/en\/wp-json\/wp\/v2\/media\/15140"}],"wp:attachment":[{"href":"https:\/\/luxpro.pt\/en\/wp-json\/wp\/v2\/media?parent=770"}],"wp:term":[{"taxonomy":"product_brand","embeddable":true,"href":"https:\/\/luxpro.pt\/en\/wp-json\/wp\/v2\/product_brand?post=770"},{"taxonomy":"product_cat","embeddable":true,"href":"https:\/\/luxpro.pt\/en\/wp-json\/wp\/v2\/product_cat?post=770"},{"taxonomy":"product_tag","embeddable":true,"href":"https:\/\/luxpro.pt\/en\/wp-json\/wp\/v2\/product_tag?post=770"}],"curies":[{"name":"wp","href":"https:\/\/api.w.org\/{rel}","templated":true}]}}