{"id":8013,"date":"2021-05-20T14:06:44","date_gmt":"2021-05-20T14:06:44","guid":{"rendered":"https:\/\/luxpro.pt\/?post_type=product&#038;p=8013"},"modified":"2025-07-08T17:50:15","modified_gmt":"2025-07-08T16:50:15","slug":"quadro-piscina-com-diferencial-luxpro","status":"publish","type":"product","link":"https:\/\/luxpro.pt\/en\/produto\/quadro-piscina-com-diferencial-luxpro","title":{"rendered":"Quadro de Piscina Com Diferencial e Transformador P\/Led"},"content":{"rendered":"<div align=\"left\">\u00a0Caixa em ABS\u00a0 cinza 265 x 300 x 120 RAL7035 e tampa com janela transparente.<\/div>\n<div align=\"left\">&#8211; Contactor e disjuntor-motor da marca GACIA.<\/div>\n<div align=\"left\">&#8211; Interruptor hor\u00e1rio com reserva para luzes piscina<\/div>\n<div align=\"left\">-Bot\u00e3o de 3 posi\u00e7\u00f5es, que permite o funcionamento autom\u00e1tico, manual ou desligado.<\/div>\n<div align=\"left\">&#8211;\u00a0Prote\u00e7\u00e3o contra correntes de defeito &gt;30mA atrav\u00e9s de interruptor diferencial.<\/div>\n<div align=\"left\">&#8211;\u00a0Prote\u00e7\u00e3o contra curto-circuitos no circuito do transformador atrav\u00e9s de disjuntor.<\/div>\n<div align=\"left\">&#8211;\u00a0Prote\u00e7\u00e3o do circuito de pot\u00eancia contra curto-circuitos e sobrecargas atrav\u00e9s de disjuntor-motor.<\/div>\n","protected":false},"excerpt":{"rendered":"<p>\u00a0Caixa em ABS\u00a0 cinza 265 x 300 x 120 RAL7035 e tampa com janela transparente. &#8211; Contactor e disjuntor-motor da marca GACIA. &#8211; Interruptor hor\u00e1rio com reserva para luzes piscina -Bot\u00e3o de 3 posi\u00e7\u00f5es, que permite o funcionamento autom\u00e1tico, manual ou desligado. &#8211;\u00a0Prote\u00e7\u00e3o contra correntes de defeito &gt;30mA atrav\u00e9s de interruptor diferencial. &#8211;\u00a0Prote\u00e7\u00e3o contra curto-circuitos no circuito do transformador atrav\u00e9s [&hellip;]<\/p>\n","protected":false},"featured_media":9692,"comment_status":"open","ping_status":"closed","template":"","meta":[],"product_brand":[],"product_cat":[21],"product_tag":[649,1249,1248,1246,1247,1244,1245],"class_list":{"0":"post-8013","1":"product","2":"type-product","3":"status-publish","4":"has-post-thumbnail","6":"product_cat-quadros","7":"product_tag-agua","8":"product_tag-led-piscina","9":"product_tag-piscina","10":"product_tag-pool","11":"product_tag-quadro-eletrico-piscina","12":"product_tag-quadro-piscina","13":"product_tag-quadros-piscinas","14":"pa_potencia-230v","15":"pa_potencia-400v","16":"pa_amperes-10-16a","17":"pa_amperes-6-10a","18":"pa_amperes-8-12a","19":"pa_amperes-1-16a","20":"pa_amperes-16-25a","21":"pa_amperes-25-4a","22":"pa_amperes-4-6a","24":"first","25":"instock","26":"taxable","27":"shipping-taxable","28":"purchasable","29":"product-type-variable"},"yoast_head":"<!-- This site is optimized with the Yoast SEO plugin v26.5 - https:\/\/yoast.com\/wordpress\/plugins\/seo\/ -->\n<title>Quadro de Piscina Com Diferencial e Transformador P\/Led - LuxPro<\/title>\n<meta name=\"description\" content=\"\u00a0Caixa em ABS\u00a0 cinza 265 x 300 x 120 RAL7035 e tampa com janela transparente. - Contactor e disjuntor-motor da marca GACIA. - Interruptor hor\u00e1rio com\" \/>\n<meta name=\"robots\" content=\"index, follow, max-snippet:-1, max-image-preview:large, max-video-preview:-1\" \/>\n<link rel=\"canonical\" href=\"https:\/\/luxpro.pt\/en\/produto\/quadro-piscina-com-diferencial-luxpro\" \/>\n<meta property=\"og:locale\" content=\"en_US\" \/>\n<meta property=\"og:type\" content=\"article\" \/>\n<meta property=\"og:title\" content=\"Quadro de Piscina Com Diferencial e Transformador P\/Led - LuxPro\" \/>\n<meta property=\"og:description\" content=\"\u00a0Caixa em ABS\u00a0 cinza 265 x 300 x 120 RAL7035 e tampa com janela transparente. - Contactor e disjuntor-motor da marca GACIA. - Interruptor hor\u00e1rio com\" \/>\n<meta property=\"og:url\" content=\"https:\/\/luxpro.pt\/en\/produto\/quadro-piscina-com-diferencial-luxpro\" \/>\n<meta property=\"og:site_name\" content=\"LuxPro\" \/>\n<meta property=\"article:modified_time\" content=\"2025-07-08T16:50:15+00:00\" \/>\n<meta property=\"og:image\" content=\"https:\/\/luxpro.pt\/wp-content\/uploads\/2021\/05\/QP_Completo.png\" \/>\n\t<meta property=\"og:image:width\" content=\"800\" \/>\n\t<meta property=\"og:image:height\" content=\"800\" \/>\n\t<meta property=\"og:image:type\" content=\"image\/png\" \/>\n<meta name=\"twitter:card\" content=\"summary_large_image\" \/>\n<meta name=\"twitter:label1\" content=\"Est. reading time\" \/>\n\t<meta name=\"twitter:data1\" content=\"1 minute\" \/>\n<script type=\"application\/ld+json\" class=\"yoast-schema-graph\">{\"@context\":\"https:\/\/schema.org\",\"@graph\":[{\"@type\":\"WebPage\",\"@id\":\"https:\/\/luxpro.pt\/en\/produto\/quadro-piscina-com-diferencial-luxpro\",\"url\":\"https:\/\/luxpro.pt\/en\/produto\/quadro-piscina-com-diferencial-luxpro\",\"name\":\"Quadro de Piscina Com Diferencial e Transformador P\/Led - LuxPro\",\"isPartOf\":{\"@id\":\"https:\/\/luxpro.pt\/en#website\"},\"primaryImageOfPage\":{\"@id\":\"https:\/\/luxpro.pt\/en\/produto\/quadro-piscina-com-diferencial-luxpro#primaryimage\"},\"image\":{\"@id\":\"https:\/\/luxpro.pt\/en\/produto\/quadro-piscina-com-diferencial-luxpro#primaryimage\"},\"thumbnailUrl\":\"https:\/\/luxpro.pt\/wp-content\/uploads\/2021\/05\/QP_Completo.png\",\"datePublished\":\"2021-05-20T14:06:44+00:00\",\"dateModified\":\"2025-07-08T16:50:15+00:00\",\"description\":\"\u00a0Caixa em ABS\u00a0 cinza 265 x 300 x 120 RAL7035 e tampa com janela transparente. - Contactor e disjuntor-motor da marca GACIA. - Interruptor hor\u00e1rio com\",\"breadcrumb\":{\"@id\":\"https:\/\/luxpro.pt\/en\/produto\/quadro-piscina-com-diferencial-luxpro#breadcrumb\"},\"inLanguage\":\"en-US\",\"potentialAction\":[{\"@type\":\"ReadAction\",\"target\":[\"https:\/\/luxpro.pt\/en\/produto\/quadro-piscina-com-diferencial-luxpro\"]}]},{\"@type\":\"ImageObject\",\"inLanguage\":\"en-US\",\"@id\":\"https:\/\/luxpro.pt\/en\/produto\/quadro-piscina-com-diferencial-luxpro#primaryimage\",\"url\":\"https:\/\/luxpro.pt\/wp-content\/uploads\/2021\/05\/QP_Completo.png\",\"contentUrl\":\"https:\/\/luxpro.pt\/wp-content\/uploads\/2021\/05\/QP_Completo.png\",\"width\":800,\"height\":800},{\"@type\":\"BreadcrumbList\",\"@id\":\"https:\/\/luxpro.pt\/en\/produto\/quadro-piscina-com-diferencial-luxpro#breadcrumb\",\"itemListElement\":[{\"@type\":\"ListItem\",\"position\":1,\"name\":\"In\u00edcio\",\"item\":\"https:\/\/luxpro.pt\/en\"},{\"@type\":\"ListItem\",\"position\":2,\"name\":\"Shop\",\"item\":\"https:\/\/luxpro.pt\/en\/shop\"},{\"@type\":\"ListItem\",\"position\":3,\"name\":\"Quadro de Piscina Com Diferencial e Transformador P\/Led\"}]},{\"@type\":\"WebSite\",\"@id\":\"https:\/\/luxpro.pt\/en#website\",\"url\":\"https:\/\/luxpro.pt\/en\",\"name\":\"LuxPro\",\"description\":\"\",\"publisher\":{\"@id\":\"https:\/\/luxpro.pt\/en#\/schema\/person\/2d1bed59a52ad49be71622bef025e341\"},\"potentialAction\":[{\"@type\":\"SearchAction\",\"target\":{\"@type\":\"EntryPoint\",\"urlTemplate\":\"https:\/\/luxpro.pt\/en?s={search_term_string}\"},\"query-input\":{\"@type\":\"PropertyValueSpecification\",\"valueRequired\":true,\"valueName\":\"search_term_string\"}}],\"inLanguage\":\"en-US\"},{\"@type\":[\"Person\",\"Organization\"],\"@id\":\"https:\/\/luxpro.pt\/en#\/schema\/person\/2d1bed59a52ad49be71622bef025e341\",\"name\":\"Tiago Amadeu Ferreira\",\"image\":{\"@type\":\"ImageObject\",\"inLanguage\":\"en-US\",\"@id\":\"https:\/\/luxpro.pt\/en#\/schema\/person\/image\/\",\"url\":\"https:\/\/luxpro.pt\/wp-content\/uploads\/2017\/11\/logo.jpg\",\"contentUrl\":\"https:\/\/luxpro.pt\/wp-content\/uploads\/2017\/11\/logo.jpg\",\"width\":150,\"height\":33,\"caption\":\"Tiago Amadeu Ferreira\"},\"logo\":{\"@id\":\"https:\/\/luxpro.pt\/en#\/schema\/person\/image\/\"}}]}<\/script>\n<!-- \/ Yoast SEO plugin. -->","yoast_head_json":{"title":"Quadro de Piscina Com Diferencial e Transformador P\/Led - LuxPro","description":"\u00a0Caixa em ABS\u00a0 cinza 265 x 300 x 120 RAL7035 e tampa com janela transparente. - Contactor e disjuntor-motor da marca GACIA. - Interruptor hor\u00e1rio com","robots":{"index":"index","follow":"follow","max-snippet":"max-snippet:-1","max-image-preview":"max-image-preview:large","max-video-preview":"max-video-preview:-1"},"canonical":"https:\/\/luxpro.pt\/en\/produto\/quadro-piscina-com-diferencial-luxpro","og_locale":"en_US","og_type":"article","og_title":"Quadro de Piscina Com Diferencial e Transformador P\/Led - LuxPro","og_description":"\u00a0Caixa em ABS\u00a0 cinza 265 x 300 x 120 RAL7035 e tampa com janela transparente. - Contactor e disjuntor-motor da marca GACIA. - Interruptor hor\u00e1rio com","og_url":"https:\/\/luxpro.pt\/en\/produto\/quadro-piscina-com-diferencial-luxpro","og_site_name":"LuxPro","article_modified_time":"2025-07-08T16:50:15+00:00","og_image":[{"width":800,"height":800,"url":"https:\/\/luxpro.pt\/wp-content\/uploads\/2021\/05\/QP_Completo.png","type":"image\/png"}],"twitter_card":"summary_large_image","twitter_misc":{"Est. reading time":"1 minute"},"schema":{"@context":"https:\/\/schema.org","@graph":[{"@type":"WebPage","@id":"https:\/\/luxpro.pt\/en\/produto\/quadro-piscina-com-diferencial-luxpro","url":"https:\/\/luxpro.pt\/en\/produto\/quadro-piscina-com-diferencial-luxpro","name":"Quadro de Piscina Com Diferencial e Transformador P\/Led - LuxPro","isPartOf":{"@id":"https:\/\/luxpro.pt\/en#website"},"primaryImageOfPage":{"@id":"https:\/\/luxpro.pt\/en\/produto\/quadro-piscina-com-diferencial-luxpro#primaryimage"},"image":{"@id":"https:\/\/luxpro.pt\/en\/produto\/quadro-piscina-com-diferencial-luxpro#primaryimage"},"thumbnailUrl":"https:\/\/luxpro.pt\/wp-content\/uploads\/2021\/05\/QP_Completo.png","datePublished":"2021-05-20T14:06:44+00:00","dateModified":"2025-07-08T16:50:15+00:00","description":"\u00a0Caixa em ABS\u00a0 cinza 265 x 300 x 120 RAL7035 e tampa com janela transparente. - Contactor e disjuntor-motor da marca GACIA. - Interruptor hor\u00e1rio com","breadcrumb":{"@id":"https:\/\/luxpro.pt\/en\/produto\/quadro-piscina-com-diferencial-luxpro#breadcrumb"},"inLanguage":"en-US","potentialAction":[{"@type":"ReadAction","target":["https:\/\/luxpro.pt\/en\/produto\/quadro-piscina-com-diferencial-luxpro"]}]},{"@type":"ImageObject","inLanguage":"en-US","@id":"https:\/\/luxpro.pt\/en\/produto\/quadro-piscina-com-diferencial-luxpro#primaryimage","url":"https:\/\/luxpro.pt\/wp-content\/uploads\/2021\/05\/QP_Completo.png","contentUrl":"https:\/\/luxpro.pt\/wp-content\/uploads\/2021\/05\/QP_Completo.png","width":800,"height":800},{"@type":"BreadcrumbList","@id":"https:\/\/luxpro.pt\/en\/produto\/quadro-piscina-com-diferencial-luxpro#breadcrumb","itemListElement":[{"@type":"ListItem","position":1,"name":"In\u00edcio","item":"https:\/\/luxpro.pt\/en"},{"@type":"ListItem","position":2,"name":"Shop","item":"https:\/\/luxpro.pt\/en\/shop"},{"@type":"ListItem","position":3,"name":"Quadro de Piscina Com Diferencial e Transformador P\/Led"}]},{"@type":"WebSite","@id":"https:\/\/luxpro.pt\/en#website","url":"https:\/\/luxpro.pt\/en","name":"LuxPro","description":"","publisher":{"@id":"https:\/\/luxpro.pt\/en#\/schema\/person\/2d1bed59a52ad49be71622bef025e341"},"potentialAction":[{"@type":"SearchAction","target":{"@type":"EntryPoint","urlTemplate":"https:\/\/luxpro.pt\/en?s={search_term_string}"},"query-input":{"@type":"PropertyValueSpecification","valueRequired":true,"valueName":"search_term_string"}}],"inLanguage":"en-US"},{"@type":["Person","Organization"],"@id":"https:\/\/luxpro.pt\/en#\/schema\/person\/2d1bed59a52ad49be71622bef025e341","name":"Tiago Amadeu Ferreira","image":{"@type":"ImageObject","inLanguage":"en-US","@id":"https:\/\/luxpro.pt\/en#\/schema\/person\/image\/","url":"https:\/\/luxpro.pt\/wp-content\/uploads\/2017\/11\/logo.jpg","contentUrl":"https:\/\/luxpro.pt\/wp-content\/uploads\/2017\/11\/logo.jpg","width":150,"height":33,"caption":"Tiago Amadeu Ferreira"},"logo":{"@id":"https:\/\/luxpro.pt\/en#\/schema\/person\/image\/"}}]}},"tiered_pricing_type":"fixed","tiered_pricing_fixed_rules":[],"tiered_pricing_product_settings":{"layout":"default","base_unit_name":{"singular":null,"plural":null},"default_variation":null},"tiered_pricing_minimum_quantity":null,"tiered_pricing_roles_data":[],"tiered_pricing_percentage_rules":[],"_links":{"self":[{"href":"https:\/\/luxpro.pt\/en\/wp-json\/wp\/v2\/product\/8013","targetHints":{"allow":["GET"]}}],"collection":[{"href":"https:\/\/luxpro.pt\/en\/wp-json\/wp\/v2\/product"}],"about":[{"href":"https:\/\/luxpro.pt\/en\/wp-json\/wp\/v2\/types\/product"}],"replies":[{"embeddable":true,"href":"https:\/\/luxpro.pt\/en\/wp-json\/wp\/v2\/comments?post=8013"}],"wp:featuredmedia":[{"embeddable":true,"href":"https:\/\/luxpro.pt\/en\/wp-json\/wp\/v2\/media\/9692"}],"wp:attachment":[{"href":"https:\/\/luxpro.pt\/en\/wp-json\/wp\/v2\/media?parent=8013"}],"wp:term":[{"taxonomy":"product_brand","embeddable":true,"href":"https:\/\/luxpro.pt\/en\/wp-json\/wp\/v2\/product_brand?post=8013"},{"taxonomy":"product_cat","embeddable":true,"href":"https:\/\/luxpro.pt\/en\/wp-json\/wp\/v2\/product_cat?post=8013"},{"taxonomy":"product_tag","embeddable":true,"href":"https:\/\/luxpro.pt\/en\/wp-json\/wp\/v2\/product_tag?post=8013"}],"curies":[{"name":"wp","href":"https:\/\/api.w.org\/{rel}","templated":true}]}}