{"id":806,"date":"2018-09-04T10:54:02","date_gmt":"2018-09-04T10:54:02","guid":{"rendered":"https:\/\/luxpro.pt\/produto\/caixa-para-material-eletrico-2007-em-abs-ip53-frl2007\/"},"modified":"2025-04-03T16:46:00","modified_gmt":"2025-04-03T15:46:00","slug":"caixa-para-material-eletrico-2007-em-abs-ip53-frl2007","status":"publish","type":"product","link":"https:\/\/luxpro.pt\/en\/produto\/caixa-para-material-eletrico-2007-em-abs-ip53-frl2007","title":{"rendered":"Caixa Medi\u00e7\u00e3o de Terra 2007"},"content":{"rendered":"<p>Caixa adapt\u00e1vel para ambientes industriais ou dom\u00e9sticos.<\/p>\n<p>Para todo o tipo de instala\u00e7\u00f5es privadas ou p\u00fablicas.<\/p>\n<p>Essencialmente projetada para fazer a liga\u00e7\u00e3o entre o el\u00e9trodo de terra e a instala\u00e7\u00e3o de terras do edif\u00edcio, permitindo a medi\u00e7\u00e3o do valor de resist\u00eancia do el\u00e9trodo terra atrav\u00e9s de um ligador amov\u00edvel.<\/p>\n<p>O ligador amov\u00edvel apenas \u00e9 desmont\u00e1vel por meio de uma ferramenta, \u00e9 mecanicamente seguro para garantir a continuidade el\u00e9trica das liga\u00e7\u00f5es \u00e0 terra.<\/p>\n<p>M\u00e9todo de fecho atrav\u00e9s de quatro parafusos zincados; Resistentes \u00e0 corros\u00e3o, aos agentes qu\u00edmicos e aos raios UV.<\/p>\n","protected":false},"excerpt":{"rendered":"<p>Caixa adapt\u00e1vel para ambientes industriais ou dom\u00e9sticos. Para todo o tipo de instala\u00e7\u00f5es privadas ou p\u00fablicas. Essencialmente projetada para fazer a liga\u00e7\u00e3o entre o el\u00e9trodo de terra e a instala\u00e7\u00e3o de terras do edif\u00edcio, permitindo a medi\u00e7\u00e3o do valor de resist\u00eancia do el\u00e9trodo terra atrav\u00e9s de um ligador amov\u00edvel. O ligador amov\u00edvel apenas \u00e9 desmont\u00e1vel por meio de uma ferramenta, [&hellip;]<\/p>\n","protected":false},"featured_media":807,"comment_status":"closed","ping_status":"closed","template":"","meta":[],"product_brand":[],"product_cat":[697,698],"product_tag":[],"class_list":{"0":"post-806","1":"product","2":"type-product","3":"status-publish","4":"has-post-thumbnail","6":"product_cat-caixas-contador","7":"product_cat-caixas-instalacao","8":"pa_material-de-fabrico-abs","9":"pa_acabamento-cinza-ral-7035","10":"pa_resistencia-mecanica-ik08","11":"pa_grau-de-isolamento-classe-ii","12":"pa_dimensoes-l95xa145xp75mm","13":"pa_tipo-de-instalacao-embutida","14":"pa_metodo-de-fecho-quatro-parafusos-zincados","16":"first","17":"instock","18":"taxable","19":"shipping-taxable","20":"purchasable","21":"product-type-simple"},"yoast_head":"<!-- This site is optimized with the Yoast SEO plugin v26.5 - https:\/\/yoast.com\/wordpress\/plugins\/seo\/ -->\n<title>Caixa Medi\u00e7\u00e3o de Terra 2007 - LuxPro<\/title>\n<meta name=\"description\" content=\"Caixa adapt\u00e1vel para ambientes industriais ou dom\u00e9sticos. Para todo o tipo de instala\u00e7\u00f5es privadas ou p\u00fablicas. Essencialmente projetada para fazer a\" \/>\n<meta name=\"robots\" content=\"index, follow, max-snippet:-1, max-image-preview:large, max-video-preview:-1\" \/>\n<link rel=\"canonical\" href=\"https:\/\/luxpro.pt\/en\/produto\/caixa-para-material-eletrico-2007-em-abs-ip53-frl2007\" \/>\n<meta property=\"og:locale\" content=\"en_US\" \/>\n<meta property=\"og:type\" content=\"article\" \/>\n<meta property=\"og:title\" content=\"Caixa Medi\u00e7\u00e3o de Terra 2007 - LuxPro\" \/>\n<meta property=\"og:description\" content=\"Caixa adapt\u00e1vel para ambientes industriais ou dom\u00e9sticos. Para todo o tipo de instala\u00e7\u00f5es privadas ou p\u00fablicas. Essencialmente projetada para fazer a\" \/>\n<meta property=\"og:url\" content=\"https:\/\/luxpro.pt\/en\/produto\/caixa-para-material-eletrico-2007-em-abs-ip53-frl2007\" \/>\n<meta property=\"og:site_name\" content=\"LuxPro\" \/>\n<meta property=\"article:modified_time\" content=\"2025-04-03T15:46:00+00:00\" \/>\n<meta property=\"og:image\" content=\"https:\/\/luxpro.pt\/wp-content\/uploads\/2018\/09\/MEDIC\u0327A\u0303O-TERRA-FRL-2007.jpg\" \/>\n\t<meta property=\"og:image:width\" content=\"1000\" \/>\n\t<meta property=\"og:image:height\" content=\"1000\" \/>\n\t<meta property=\"og:image:type\" content=\"image\/jpeg\" \/>\n<meta name=\"twitter:card\" content=\"summary_large_image\" \/>\n<meta name=\"twitter:label1\" content=\"Est. reading time\" \/>\n\t<meta name=\"twitter:data1\" content=\"1 minute\" \/>\n<script type=\"application\/ld+json\" class=\"yoast-schema-graph\">{\"@context\":\"https:\/\/schema.org\",\"@graph\":[{\"@type\":\"WebPage\",\"@id\":\"https:\/\/luxpro.pt\/en\/produto\/caixa-para-material-eletrico-2007-em-abs-ip53-frl2007\",\"url\":\"https:\/\/luxpro.pt\/en\/produto\/caixa-para-material-eletrico-2007-em-abs-ip53-frl2007\",\"name\":\"Caixa Medi\u00e7\u00e3o de Terra 2007 - LuxPro\",\"isPartOf\":{\"@id\":\"https:\/\/luxpro.pt\/en#website\"},\"primaryImageOfPage\":{\"@id\":\"https:\/\/luxpro.pt\/en\/produto\/caixa-para-material-eletrico-2007-em-abs-ip53-frl2007#primaryimage\"},\"image\":{\"@id\":\"https:\/\/luxpro.pt\/en\/produto\/caixa-para-material-eletrico-2007-em-abs-ip53-frl2007#primaryimage\"},\"thumbnailUrl\":\"https:\/\/luxpro.pt\/wp-content\/uploads\/2018\/09\/MEDIC\u0327A\u0303O-TERRA-FRL-2007.jpg\",\"datePublished\":\"2018-09-04T10:54:02+00:00\",\"dateModified\":\"2025-04-03T15:46:00+00:00\",\"description\":\"Caixa adapt\u00e1vel para ambientes industriais ou dom\u00e9sticos. Para todo o tipo de instala\u00e7\u00f5es privadas ou p\u00fablicas. Essencialmente projetada para fazer a\",\"breadcrumb\":{\"@id\":\"https:\/\/luxpro.pt\/en\/produto\/caixa-para-material-eletrico-2007-em-abs-ip53-frl2007#breadcrumb\"},\"inLanguage\":\"en-US\",\"potentialAction\":[{\"@type\":\"ReadAction\",\"target\":[\"https:\/\/luxpro.pt\/en\/produto\/caixa-para-material-eletrico-2007-em-abs-ip53-frl2007\"]}]},{\"@type\":\"ImageObject\",\"inLanguage\":\"en-US\",\"@id\":\"https:\/\/luxpro.pt\/en\/produto\/caixa-para-material-eletrico-2007-em-abs-ip53-frl2007#primaryimage\",\"url\":\"https:\/\/luxpro.pt\/wp-content\/uploads\/2018\/09\/MEDIC\u0327A\u0303O-TERRA-FRL-2007.jpg\",\"contentUrl\":\"https:\/\/luxpro.pt\/wp-content\/uploads\/2018\/09\/MEDIC\u0327A\u0303O-TERRA-FRL-2007.jpg\",\"width\":1000,\"height\":1000},{\"@type\":\"BreadcrumbList\",\"@id\":\"https:\/\/luxpro.pt\/en\/produto\/caixa-para-material-eletrico-2007-em-abs-ip53-frl2007#breadcrumb\",\"itemListElement\":[{\"@type\":\"ListItem\",\"position\":1,\"name\":\"In\u00edcio\",\"item\":\"https:\/\/luxpro.pt\/en\"},{\"@type\":\"ListItem\",\"position\":2,\"name\":\"Shop\",\"item\":\"https:\/\/luxpro.pt\/en\/shop\"},{\"@type\":\"ListItem\",\"position\":3,\"name\":\"Caixa Medi\u00e7\u00e3o de Terra 2007\"}]},{\"@type\":\"WebSite\",\"@id\":\"https:\/\/luxpro.pt\/en#website\",\"url\":\"https:\/\/luxpro.pt\/en\",\"name\":\"LuxPro\",\"description\":\"\",\"publisher\":{\"@id\":\"https:\/\/luxpro.pt\/en#\/schema\/person\/2d1bed59a52ad49be71622bef025e341\"},\"potentialAction\":[{\"@type\":\"SearchAction\",\"target\":{\"@type\":\"EntryPoint\",\"urlTemplate\":\"https:\/\/luxpro.pt\/en?s={search_term_string}\"},\"query-input\":{\"@type\":\"PropertyValueSpecification\",\"valueRequired\":true,\"valueName\":\"search_term_string\"}}],\"inLanguage\":\"en-US\"},{\"@type\":[\"Person\",\"Organization\"],\"@id\":\"https:\/\/luxpro.pt\/en#\/schema\/person\/2d1bed59a52ad49be71622bef025e341\",\"name\":\"Tiago Amadeu Ferreira\",\"image\":{\"@type\":\"ImageObject\",\"inLanguage\":\"en-US\",\"@id\":\"https:\/\/luxpro.pt\/en#\/schema\/person\/image\/\",\"url\":\"https:\/\/luxpro.pt\/wp-content\/uploads\/2017\/11\/logo.jpg\",\"contentUrl\":\"https:\/\/luxpro.pt\/wp-content\/uploads\/2017\/11\/logo.jpg\",\"width\":150,\"height\":33,\"caption\":\"Tiago Amadeu Ferreira\"},\"logo\":{\"@id\":\"https:\/\/luxpro.pt\/en#\/schema\/person\/image\/\"}}]}<\/script>\n<!-- \/ Yoast SEO plugin. -->","yoast_head_json":{"title":"Caixa Medi\u00e7\u00e3o de Terra 2007 - LuxPro","description":"Caixa adapt\u00e1vel para ambientes industriais ou dom\u00e9sticos. Para todo o tipo de instala\u00e7\u00f5es privadas ou p\u00fablicas. Essencialmente projetada para fazer a","robots":{"index":"index","follow":"follow","max-snippet":"max-snippet:-1","max-image-preview":"max-image-preview:large","max-video-preview":"max-video-preview:-1"},"canonical":"https:\/\/luxpro.pt\/en\/produto\/caixa-para-material-eletrico-2007-em-abs-ip53-frl2007","og_locale":"en_US","og_type":"article","og_title":"Caixa Medi\u00e7\u00e3o de Terra 2007 - LuxPro","og_description":"Caixa adapt\u00e1vel para ambientes industriais ou dom\u00e9sticos. Para todo o tipo de instala\u00e7\u00f5es privadas ou p\u00fablicas. Essencialmente projetada para fazer a","og_url":"https:\/\/luxpro.pt\/en\/produto\/caixa-para-material-eletrico-2007-em-abs-ip53-frl2007","og_site_name":"LuxPro","article_modified_time":"2025-04-03T15:46:00+00:00","og_image":[{"width":1000,"height":1000,"url":"https:\/\/luxpro.pt\/wp-content\/uploads\/2018\/09\/MEDIC\u0327A\u0303O-TERRA-FRL-2007.jpg","type":"image\/jpeg"}],"twitter_card":"summary_large_image","twitter_misc":{"Est. reading time":"1 minute"},"schema":{"@context":"https:\/\/schema.org","@graph":[{"@type":"WebPage","@id":"https:\/\/luxpro.pt\/en\/produto\/caixa-para-material-eletrico-2007-em-abs-ip53-frl2007","url":"https:\/\/luxpro.pt\/en\/produto\/caixa-para-material-eletrico-2007-em-abs-ip53-frl2007","name":"Caixa Medi\u00e7\u00e3o de Terra 2007 - LuxPro","isPartOf":{"@id":"https:\/\/luxpro.pt\/en#website"},"primaryImageOfPage":{"@id":"https:\/\/luxpro.pt\/en\/produto\/caixa-para-material-eletrico-2007-em-abs-ip53-frl2007#primaryimage"},"image":{"@id":"https:\/\/luxpro.pt\/en\/produto\/caixa-para-material-eletrico-2007-em-abs-ip53-frl2007#primaryimage"},"thumbnailUrl":"https:\/\/luxpro.pt\/wp-content\/uploads\/2018\/09\/MEDIC\u0327A\u0303O-TERRA-FRL-2007.jpg","datePublished":"2018-09-04T10:54:02+00:00","dateModified":"2025-04-03T15:46:00+00:00","description":"Caixa adapt\u00e1vel para ambientes industriais ou dom\u00e9sticos. Para todo o tipo de instala\u00e7\u00f5es privadas ou p\u00fablicas. Essencialmente projetada para fazer a","breadcrumb":{"@id":"https:\/\/luxpro.pt\/en\/produto\/caixa-para-material-eletrico-2007-em-abs-ip53-frl2007#breadcrumb"},"inLanguage":"en-US","potentialAction":[{"@type":"ReadAction","target":["https:\/\/luxpro.pt\/en\/produto\/caixa-para-material-eletrico-2007-em-abs-ip53-frl2007"]}]},{"@type":"ImageObject","inLanguage":"en-US","@id":"https:\/\/luxpro.pt\/en\/produto\/caixa-para-material-eletrico-2007-em-abs-ip53-frl2007#primaryimage","url":"https:\/\/luxpro.pt\/wp-content\/uploads\/2018\/09\/MEDIC\u0327A\u0303O-TERRA-FRL-2007.jpg","contentUrl":"https:\/\/luxpro.pt\/wp-content\/uploads\/2018\/09\/MEDIC\u0327A\u0303O-TERRA-FRL-2007.jpg","width":1000,"height":1000},{"@type":"BreadcrumbList","@id":"https:\/\/luxpro.pt\/en\/produto\/caixa-para-material-eletrico-2007-em-abs-ip53-frl2007#breadcrumb","itemListElement":[{"@type":"ListItem","position":1,"name":"In\u00edcio","item":"https:\/\/luxpro.pt\/en"},{"@type":"ListItem","position":2,"name":"Shop","item":"https:\/\/luxpro.pt\/en\/shop"},{"@type":"ListItem","position":3,"name":"Caixa Medi\u00e7\u00e3o de Terra 2007"}]},{"@type":"WebSite","@id":"https:\/\/luxpro.pt\/en#website","url":"https:\/\/luxpro.pt\/en","name":"LuxPro","description":"","publisher":{"@id":"https:\/\/luxpro.pt\/en#\/schema\/person\/2d1bed59a52ad49be71622bef025e341"},"potentialAction":[{"@type":"SearchAction","target":{"@type":"EntryPoint","urlTemplate":"https:\/\/luxpro.pt\/en?s={search_term_string}"},"query-input":{"@type":"PropertyValueSpecification","valueRequired":true,"valueName":"search_term_string"}}],"inLanguage":"en-US"},{"@type":["Person","Organization"],"@id":"https:\/\/luxpro.pt\/en#\/schema\/person\/2d1bed59a52ad49be71622bef025e341","name":"Tiago Amadeu Ferreira","image":{"@type":"ImageObject","inLanguage":"en-US","@id":"https:\/\/luxpro.pt\/en#\/schema\/person\/image\/","url":"https:\/\/luxpro.pt\/wp-content\/uploads\/2017\/11\/logo.jpg","contentUrl":"https:\/\/luxpro.pt\/wp-content\/uploads\/2017\/11\/logo.jpg","width":150,"height":33,"caption":"Tiago Amadeu Ferreira"},"logo":{"@id":"https:\/\/luxpro.pt\/en#\/schema\/person\/image\/"}}]}},"tiered_pricing_type":"fixed","tiered_pricing_fixed_rules":[],"tiered_pricing_product_settings":{"layout":"default","base_unit_name":{"singular":null,"plural":null},"default_variation":null},"tiered_pricing_minimum_quantity":null,"tiered_pricing_roles_data":[],"tiered_pricing_percentage_rules":[],"_links":{"self":[{"href":"https:\/\/luxpro.pt\/en\/wp-json\/wp\/v2\/product\/806","targetHints":{"allow":["GET"]}}],"collection":[{"href":"https:\/\/luxpro.pt\/en\/wp-json\/wp\/v2\/product"}],"about":[{"href":"https:\/\/luxpro.pt\/en\/wp-json\/wp\/v2\/types\/product"}],"replies":[{"embeddable":true,"href":"https:\/\/luxpro.pt\/en\/wp-json\/wp\/v2\/comments?post=806"}],"wp:featuredmedia":[{"embeddable":true,"href":"https:\/\/luxpro.pt\/en\/wp-json\/wp\/v2\/media\/807"}],"wp:attachment":[{"href":"https:\/\/luxpro.pt\/en\/wp-json\/wp\/v2\/media?parent=806"}],"wp:term":[{"taxonomy":"product_brand","embeddable":true,"href":"https:\/\/luxpro.pt\/en\/wp-json\/wp\/v2\/product_brand?post=806"},{"taxonomy":"product_cat","embeddable":true,"href":"https:\/\/luxpro.pt\/en\/wp-json\/wp\/v2\/product_cat?post=806"},{"taxonomy":"product_tag","embeddable":true,"href":"https:\/\/luxpro.pt\/en\/wp-json\/wp\/v2\/product_tag?post=806"}],"curies":[{"name":"wp","href":"https:\/\/api.w.org\/{rel}","templated":true}]}}