{"id":8127,"date":"2021-06-16T14:20:48","date_gmt":"2021-06-16T14:20:48","guid":{"rendered":"https:\/\/luxpro.pt\/?post_type=product&#038;p=8127"},"modified":"2024-10-15T22:37:08","modified_gmt":"2024-10-15T21:37:08","slug":"sinalizadores-luminosos-led-230v-verde-vermelho-amarelo-22mm","status":"publish","type":"product","link":"https:\/\/luxpro.pt\/en\/produto\/sinalizadores-luminosos-led-230v-verde-vermelho-amarelo-22mm","title":{"rendered":"Sinalizador Luminoso Led 230V 22mm"},"content":{"rendered":"<ul>\n<li>Luz LED compat\u00edvel com orif\u00edcios de 22 mm de di\u00e2metro.<\/li>\n<li>Montagem em Painel.<\/li>\n<li>Tens\u00e3o de 220 VAC. Intensidade menor que 20 mA.<\/li>\n<li>Luz verde LED montada em estrutura pl\u00e1stica com rosca de aperto ajust\u00e1vel<\/li>\n<li>Tamanho interior (alto x di\u00e2metro): 35 x 20 mm.<\/li>\n<li>Tamanho exterior (altura x di\u00e2metro): 15x 30 mm.<\/li>\n<\/ul>\n","protected":false},"excerpt":{"rendered":"<p>Luz LED compat\u00edvel com orif\u00edcios de 22 mm de di\u00e2metro. Montagem em Painel. Tens\u00e3o de 220 VAC. Intensidade menor que 20 mA. Luz verde LED montada em estrutura pl\u00e1stica com rosca de aperto ajust\u00e1vel Tamanho interior (alto x di\u00e2metro): 35 x 20 mm. Tamanho exterior (altura x di\u00e2metro): 15x 30 mm.<\/p>\n","protected":false},"featured_media":8128,"comment_status":"open","ping_status":"closed","template":"","meta":[],"product_brand":[],"product_cat":[28],"product_tag":[1278,1277,1214,798,1275,1276,897,927],"class_list":{"0":"post-8127","1":"product","2":"type-product","3":"status-publish","4":"has-post-thumbnail","6":"product_cat-componentes-electricos-e-industriais","7":"product_tag-22mm","8":"product_tag-230v","9":"product_tag-amarelo","10":"product_tag-led","11":"product_tag-luminosos","12":"product_tag-sinalizadores","13":"product_tag-verde","14":"product_tag-vermelho","15":"pa_cor-amarelo","16":"pa_cor-verde","17":"pa_cor-vermelho","19":"first","20":"instock","21":"taxable","22":"shipping-taxable","23":"purchasable","24":"product-type-variable"},"yoast_head":"<!-- This site is optimized with the Yoast SEO plugin v26.5 - https:\/\/yoast.com\/wordpress\/plugins\/seo\/ -->\n<title>LuxPro<\/title>\n<meta name=\"description\" content=\"Luz LED compat\u00edvel com orif\u00edcios de 22 mm de di\u00e2metro. Montagem em Painel. Tens\u00e3o de 220 VAC. Intensidade menor que 20 mA. Luz verde LED montada em\" \/>\n<meta name=\"robots\" content=\"index, follow, max-snippet:-1, max-image-preview:large, max-video-preview:-1\" \/>\n<link rel=\"canonical\" href=\"https:\/\/luxpro.pt\/en\/produto\/sinalizadores-luminosos-led-230v-verde-vermelho-amarelo-22mm\" \/>\n<meta property=\"og:locale\" content=\"en_US\" \/>\n<meta property=\"og:type\" content=\"article\" \/>\n<meta property=\"og:title\" content=\"LuxPro\" \/>\n<meta property=\"og:description\" content=\"Luz LED compat\u00edvel com orif\u00edcios de 22 mm de di\u00e2metro. Montagem em Painel. Tens\u00e3o de 220 VAC. Intensidade menor que 20 mA. Luz verde LED montada em\" \/>\n<meta property=\"og:url\" content=\"https:\/\/luxpro.pt\/en\/produto\/sinalizadores-luminosos-led-230v-verde-vermelho-amarelo-22mm\" \/>\n<meta property=\"og:site_name\" content=\"LuxPro\" \/>\n<meta property=\"article:modified_time\" content=\"2024-10-15T21:37:08+00:00\" \/>\n<meta property=\"og:image\" content=\"https:\/\/luxpro.pt\/wp-content\/uploads\/2021\/06\/X_20201007_2040025744.png\" \/>\n\t<meta property=\"og:image:width\" content=\"1200\" \/>\n\t<meta property=\"og:image:height\" content=\"1047\" \/>\n\t<meta property=\"og:image:type\" content=\"image\/png\" \/>\n<meta name=\"twitter:card\" content=\"summary_large_image\" \/>\n<meta name=\"twitter:label1\" content=\"Est. reading time\" \/>\n\t<meta name=\"twitter:data1\" content=\"1 minute\" \/>\n<script type=\"application\/ld+json\" class=\"yoast-schema-graph\">{\"@context\":\"https:\/\/schema.org\",\"@graph\":[{\"@type\":\"WebPage\",\"@id\":\"https:\/\/luxpro.pt\/en\/produto\/sinalizadores-luminosos-led-230v-verde-vermelho-amarelo-22mm\",\"url\":\"https:\/\/luxpro.pt\/en\/produto\/sinalizadores-luminosos-led-230v-verde-vermelho-amarelo-22mm\",\"name\":\"LuxPro\",\"isPartOf\":{\"@id\":\"https:\/\/luxpro.pt\/en#website\"},\"primaryImageOfPage\":{\"@id\":\"https:\/\/luxpro.pt\/en\/produto\/sinalizadores-luminosos-led-230v-verde-vermelho-amarelo-22mm#primaryimage\"},\"image\":{\"@id\":\"https:\/\/luxpro.pt\/en\/produto\/sinalizadores-luminosos-led-230v-verde-vermelho-amarelo-22mm#primaryimage\"},\"thumbnailUrl\":\"https:\/\/luxpro.pt\/wp-content\/uploads\/2021\/06\/X_20201007_2040025744.png\",\"datePublished\":\"2021-06-16T14:20:48+00:00\",\"dateModified\":\"2024-10-15T21:37:08+00:00\",\"description\":\"Luz LED compat\u00edvel com orif\u00edcios de 22 mm de di\u00e2metro. Montagem em Painel. Tens\u00e3o de 220 VAC. Intensidade menor que 20 mA. Luz verde LED montada em\",\"breadcrumb\":{\"@id\":\"https:\/\/luxpro.pt\/en\/produto\/sinalizadores-luminosos-led-230v-verde-vermelho-amarelo-22mm#breadcrumb\"},\"inLanguage\":\"en-US\",\"potentialAction\":[{\"@type\":\"ReadAction\",\"target\":[\"https:\/\/luxpro.pt\/en\/produto\/sinalizadores-luminosos-led-230v-verde-vermelho-amarelo-22mm\"]}]},{\"@type\":\"ImageObject\",\"inLanguage\":\"en-US\",\"@id\":\"https:\/\/luxpro.pt\/en\/produto\/sinalizadores-luminosos-led-230v-verde-vermelho-amarelo-22mm#primaryimage\",\"url\":\"https:\/\/luxpro.pt\/wp-content\/uploads\/2021\/06\/X_20201007_2040025744.png\",\"contentUrl\":\"https:\/\/luxpro.pt\/wp-content\/uploads\/2021\/06\/X_20201007_2040025744.png\",\"width\":1200,\"height\":1047},{\"@type\":\"BreadcrumbList\",\"@id\":\"https:\/\/luxpro.pt\/en\/produto\/sinalizadores-luminosos-led-230v-verde-vermelho-amarelo-22mm#breadcrumb\",\"itemListElement\":[{\"@type\":\"ListItem\",\"position\":1,\"name\":\"In\u00edcio\",\"item\":\"https:\/\/luxpro.pt\/en\"},{\"@type\":\"ListItem\",\"position\":2,\"name\":\"Shop\",\"item\":\"https:\/\/luxpro.pt\/en\/shop\"},{\"@type\":\"ListItem\",\"position\":3,\"name\":\"Sinalizador Luminoso Led 230V 22mm\"}]},{\"@type\":\"WebSite\",\"@id\":\"https:\/\/luxpro.pt\/en#website\",\"url\":\"https:\/\/luxpro.pt\/en\",\"name\":\"LuxPro\",\"description\":\"\",\"publisher\":{\"@id\":\"https:\/\/luxpro.pt\/en#\/schema\/person\/2d1bed59a52ad49be71622bef025e341\"},\"potentialAction\":[{\"@type\":\"SearchAction\",\"target\":{\"@type\":\"EntryPoint\",\"urlTemplate\":\"https:\/\/luxpro.pt\/en?s={search_term_string}\"},\"query-input\":{\"@type\":\"PropertyValueSpecification\",\"valueRequired\":true,\"valueName\":\"search_term_string\"}}],\"inLanguage\":\"en-US\"},{\"@type\":[\"Person\",\"Organization\"],\"@id\":\"https:\/\/luxpro.pt\/en#\/schema\/person\/2d1bed59a52ad49be71622bef025e341\",\"name\":\"Tiago Amadeu Ferreira\",\"image\":{\"@type\":\"ImageObject\",\"inLanguage\":\"en-US\",\"@id\":\"https:\/\/luxpro.pt\/en#\/schema\/person\/image\/\",\"url\":\"https:\/\/luxpro.pt\/wp-content\/uploads\/2017\/11\/logo.jpg\",\"contentUrl\":\"https:\/\/luxpro.pt\/wp-content\/uploads\/2017\/11\/logo.jpg\",\"width\":150,\"height\":33,\"caption\":\"Tiago Amadeu Ferreira\"},\"logo\":{\"@id\":\"https:\/\/luxpro.pt\/en#\/schema\/person\/image\/\"}}]}<\/script>\n<!-- \/ Yoast SEO plugin. -->","yoast_head_json":{"title":"LuxPro","description":"Luz LED compat\u00edvel com orif\u00edcios de 22 mm de di\u00e2metro. Montagem em Painel. Tens\u00e3o de 220 VAC. Intensidade menor que 20 mA. Luz verde LED montada em","robots":{"index":"index","follow":"follow","max-snippet":"max-snippet:-1","max-image-preview":"max-image-preview:large","max-video-preview":"max-video-preview:-1"},"canonical":"https:\/\/luxpro.pt\/en\/produto\/sinalizadores-luminosos-led-230v-verde-vermelho-amarelo-22mm","og_locale":"en_US","og_type":"article","og_title":"LuxPro","og_description":"Luz LED compat\u00edvel com orif\u00edcios de 22 mm de di\u00e2metro. Montagem em Painel. Tens\u00e3o de 220 VAC. Intensidade menor que 20 mA. Luz verde LED montada em","og_url":"https:\/\/luxpro.pt\/en\/produto\/sinalizadores-luminosos-led-230v-verde-vermelho-amarelo-22mm","og_site_name":"LuxPro","article_modified_time":"2024-10-15T21:37:08+00:00","og_image":[{"width":1200,"height":1047,"url":"https:\/\/luxpro.pt\/wp-content\/uploads\/2021\/06\/X_20201007_2040025744.png","type":"image\/png"}],"twitter_card":"summary_large_image","twitter_misc":{"Est. reading time":"1 minute"},"schema":{"@context":"https:\/\/schema.org","@graph":[{"@type":"WebPage","@id":"https:\/\/luxpro.pt\/en\/produto\/sinalizadores-luminosos-led-230v-verde-vermelho-amarelo-22mm","url":"https:\/\/luxpro.pt\/en\/produto\/sinalizadores-luminosos-led-230v-verde-vermelho-amarelo-22mm","name":"LuxPro","isPartOf":{"@id":"https:\/\/luxpro.pt\/en#website"},"primaryImageOfPage":{"@id":"https:\/\/luxpro.pt\/en\/produto\/sinalizadores-luminosos-led-230v-verde-vermelho-amarelo-22mm#primaryimage"},"image":{"@id":"https:\/\/luxpro.pt\/en\/produto\/sinalizadores-luminosos-led-230v-verde-vermelho-amarelo-22mm#primaryimage"},"thumbnailUrl":"https:\/\/luxpro.pt\/wp-content\/uploads\/2021\/06\/X_20201007_2040025744.png","datePublished":"2021-06-16T14:20:48+00:00","dateModified":"2024-10-15T21:37:08+00:00","description":"Luz LED compat\u00edvel com orif\u00edcios de 22 mm de di\u00e2metro. Montagem em Painel. Tens\u00e3o de 220 VAC. Intensidade menor que 20 mA. Luz verde LED montada em","breadcrumb":{"@id":"https:\/\/luxpro.pt\/en\/produto\/sinalizadores-luminosos-led-230v-verde-vermelho-amarelo-22mm#breadcrumb"},"inLanguage":"en-US","potentialAction":[{"@type":"ReadAction","target":["https:\/\/luxpro.pt\/en\/produto\/sinalizadores-luminosos-led-230v-verde-vermelho-amarelo-22mm"]}]},{"@type":"ImageObject","inLanguage":"en-US","@id":"https:\/\/luxpro.pt\/en\/produto\/sinalizadores-luminosos-led-230v-verde-vermelho-amarelo-22mm#primaryimage","url":"https:\/\/luxpro.pt\/wp-content\/uploads\/2021\/06\/X_20201007_2040025744.png","contentUrl":"https:\/\/luxpro.pt\/wp-content\/uploads\/2021\/06\/X_20201007_2040025744.png","width":1200,"height":1047},{"@type":"BreadcrumbList","@id":"https:\/\/luxpro.pt\/en\/produto\/sinalizadores-luminosos-led-230v-verde-vermelho-amarelo-22mm#breadcrumb","itemListElement":[{"@type":"ListItem","position":1,"name":"In\u00edcio","item":"https:\/\/luxpro.pt\/en"},{"@type":"ListItem","position":2,"name":"Shop","item":"https:\/\/luxpro.pt\/en\/shop"},{"@type":"ListItem","position":3,"name":"Sinalizador Luminoso Led 230V 22mm"}]},{"@type":"WebSite","@id":"https:\/\/luxpro.pt\/en#website","url":"https:\/\/luxpro.pt\/en","name":"LuxPro","description":"","publisher":{"@id":"https:\/\/luxpro.pt\/en#\/schema\/person\/2d1bed59a52ad49be71622bef025e341"},"potentialAction":[{"@type":"SearchAction","target":{"@type":"EntryPoint","urlTemplate":"https:\/\/luxpro.pt\/en?s={search_term_string}"},"query-input":{"@type":"PropertyValueSpecification","valueRequired":true,"valueName":"search_term_string"}}],"inLanguage":"en-US"},{"@type":["Person","Organization"],"@id":"https:\/\/luxpro.pt\/en#\/schema\/person\/2d1bed59a52ad49be71622bef025e341","name":"Tiago Amadeu Ferreira","image":{"@type":"ImageObject","inLanguage":"en-US","@id":"https:\/\/luxpro.pt\/en#\/schema\/person\/image\/","url":"https:\/\/luxpro.pt\/wp-content\/uploads\/2017\/11\/logo.jpg","contentUrl":"https:\/\/luxpro.pt\/wp-content\/uploads\/2017\/11\/logo.jpg","width":150,"height":33,"caption":"Tiago Amadeu Ferreira"},"logo":{"@id":"https:\/\/luxpro.pt\/en#\/schema\/person\/image\/"}}]}},"tiered_pricing_type":"fixed","tiered_pricing_fixed_rules":[],"tiered_pricing_product_settings":{"layout":"default","base_unit_name":{"singular":null,"plural":null},"default_variation":null},"tiered_pricing_minimum_quantity":null,"tiered_pricing_roles_data":[],"tiered_pricing_percentage_rules":[],"_links":{"self":[{"href":"https:\/\/luxpro.pt\/en\/wp-json\/wp\/v2\/product\/8127","targetHints":{"allow":["GET"]}}],"collection":[{"href":"https:\/\/luxpro.pt\/en\/wp-json\/wp\/v2\/product"}],"about":[{"href":"https:\/\/luxpro.pt\/en\/wp-json\/wp\/v2\/types\/product"}],"replies":[{"embeddable":true,"href":"https:\/\/luxpro.pt\/en\/wp-json\/wp\/v2\/comments?post=8127"}],"wp:featuredmedia":[{"embeddable":true,"href":"https:\/\/luxpro.pt\/en\/wp-json\/wp\/v2\/media\/8128"}],"wp:attachment":[{"href":"https:\/\/luxpro.pt\/en\/wp-json\/wp\/v2\/media?parent=8127"}],"wp:term":[{"taxonomy":"product_brand","embeddable":true,"href":"https:\/\/luxpro.pt\/en\/wp-json\/wp\/v2\/product_brand?post=8127"},{"taxonomy":"product_cat","embeddable":true,"href":"https:\/\/luxpro.pt\/en\/wp-json\/wp\/v2\/product_cat?post=8127"},{"taxonomy":"product_tag","embeddable":true,"href":"https:\/\/luxpro.pt\/en\/wp-json\/wp\/v2\/product_tag?post=8127"}],"curies":[{"name":"wp","href":"https:\/\/api.w.org\/{rel}","templated":true}]}}