{"id":8164,"date":"2021-06-21T13:51:19","date_gmt":"2021-06-21T13:51:19","guid":{"rendered":"https:\/\/luxpro.pt\/?post_type=product&#038;p=8164"},"modified":"2023-06-28T13:25:55","modified_gmt":"2023-06-28T12:25:55","slug":"unidade-de-audio-nhea-gb2-maos-livres","status":"publish","type":"product","link":"https:\/\/luxpro.pt\/en\/produto\/unidade-de-audio-nhea-gb2-maos-livres","title":{"rendered":"Unidade de \u00c1udio NHEA GB2 M\u00e3os Livres Golmar"},"content":{"rendered":"<p>\u00c1udio de m\u00e3os livres NHEA GB2.<\/p>\n<p>Instala\u00e7\u00e3o digital 2 fios &#8220;GB2&#8221;.<\/p>\n<p>\u00c9 necess\u00e1rio usar distribuidores de v\u00eddeo D2L-GB2 para a conex\u00e3o das unidades internas.<\/p>\n<p>Corpo em pl\u00e1stico ABS branco. Bot\u00f5es capacitivos com confirma\u00e7\u00e3o ac\u00fastica da pulsa\u00e7\u00e3o.<\/p>\n<p>&nbsp;<\/p>\n","protected":false},"excerpt":{"rendered":"<p>\u00c1udio de m\u00e3os livres NHEA GB2. Instala\u00e7\u00e3o digital 2 fios &#8220;GB2&#8221;. \u00c9 necess\u00e1rio usar distribuidores de v\u00eddeo D2L-GB2 para a conex\u00e3o das unidades internas. Corpo em pl\u00e1stico ABS branco. Bot\u00f5es capacitivos com confirma\u00e7\u00e3o ac\u00fastica da pulsa\u00e7\u00e3o. &nbsp;<\/p>\n","protected":false},"featured_media":8165,"comment_status":"open","ping_status":"closed","template":"","meta":[],"product_brand":[],"product_cat":[1312],"product_tag":[804,801,781,1315,1313,1314,806,1316],"class_list":{"0":"post-8164","1":"product","2":"type-product","3":"status-publish","4":"has-post-thumbnail","6":"product_cat-telefones","7":"product_tag-audio","8":"product_tag-campainha","9":"product_tag-golmar","10":"product_tag-kit-audio","11":"product_tag-nhea","12":"product_tag-nheagb2","13":"product_tag-telefone","14":"product_tag-unidade-de-audio","16":"first","17":"instock","18":"taxable","19":"shipping-taxable","20":"purchasable","21":"product-type-simple"},"yoast_head":"<!-- This site is optimized with the Yoast SEO plugin v26.5 - https:\/\/yoast.com\/wordpress\/plugins\/seo\/ -->\n<title>Unidade de \u00c1udio NHEA GB2 M\u00e3os Livres Golmar - LuxPro<\/title>\n<meta name=\"description\" content=\"\u00c1udio de m\u00e3os livres NHEA GB2. Instala\u00e7\u00e3o digital 2 fios &quot;GB2&quot;. \u00c9 necess\u00e1rio usar distribuidores de v\u00eddeo D2L-GB2 para a conex\u00e3o das unidades internas.\" \/>\n<meta name=\"robots\" content=\"index, follow, max-snippet:-1, max-image-preview:large, max-video-preview:-1\" \/>\n<link rel=\"canonical\" href=\"https:\/\/luxpro.pt\/en\/produto\/unidade-de-audio-nhea-gb2-maos-livres\" \/>\n<meta property=\"og:locale\" content=\"en_US\" \/>\n<meta property=\"og:type\" content=\"article\" \/>\n<meta property=\"og:title\" content=\"Unidade de \u00c1udio NHEA GB2 M\u00e3os Livres Golmar - LuxPro\" \/>\n<meta property=\"og:description\" content=\"\u00c1udio de m\u00e3os livres NHEA GB2. Instala\u00e7\u00e3o digital 2 fios &quot;GB2&quot;. \u00c9 necess\u00e1rio usar distribuidores de v\u00eddeo D2L-GB2 para a conex\u00e3o das unidades internas.\" \/>\n<meta property=\"og:url\" content=\"https:\/\/luxpro.pt\/en\/produto\/unidade-de-audio-nhea-gb2-maos-livres\" \/>\n<meta property=\"og:site_name\" content=\"LuxPro\" \/>\n<meta property=\"article:modified_time\" content=\"2023-06-28T12:25:55+00:00\" \/>\n<meta property=\"og:image\" content=\"https:\/\/luxpro.pt\/wp-content\/uploads\/2021\/06\/golmar-11700140.jpeg\" \/>\n\t<meta property=\"og:image:width\" content=\"800\" \/>\n\t<meta property=\"og:image:height\" content=\"800\" \/>\n\t<meta property=\"og:image:type\" content=\"image\/jpeg\" \/>\n<meta name=\"twitter:card\" content=\"summary_large_image\" \/>\n<meta name=\"twitter:label1\" content=\"Est. reading time\" \/>\n\t<meta name=\"twitter:data1\" content=\"1 minute\" \/>\n<script type=\"application\/ld+json\" class=\"yoast-schema-graph\">{\"@context\":\"https:\/\/schema.org\",\"@graph\":[{\"@type\":\"WebPage\",\"@id\":\"https:\/\/luxpro.pt\/en\/produto\/unidade-de-audio-nhea-gb2-maos-livres\",\"url\":\"https:\/\/luxpro.pt\/en\/produto\/unidade-de-audio-nhea-gb2-maos-livres\",\"name\":\"Unidade de \u00c1udio NHEA GB2 M\u00e3os Livres Golmar - LuxPro\",\"isPartOf\":{\"@id\":\"https:\/\/luxpro.pt\/en#website\"},\"primaryImageOfPage\":{\"@id\":\"https:\/\/luxpro.pt\/en\/produto\/unidade-de-audio-nhea-gb2-maos-livres#primaryimage\"},\"image\":{\"@id\":\"https:\/\/luxpro.pt\/en\/produto\/unidade-de-audio-nhea-gb2-maos-livres#primaryimage\"},\"thumbnailUrl\":\"https:\/\/luxpro.pt\/wp-content\/uploads\/2021\/06\/golmar-11700140.jpeg\",\"datePublished\":\"2021-06-21T13:51:19+00:00\",\"dateModified\":\"2023-06-28T12:25:55+00:00\",\"description\":\"\u00c1udio de m\u00e3os livres NHEA GB2. Instala\u00e7\u00e3o digital 2 fios \\\"GB2\\\". \u00c9 necess\u00e1rio usar distribuidores de v\u00eddeo D2L-GB2 para a conex\u00e3o das unidades internas.\",\"breadcrumb\":{\"@id\":\"https:\/\/luxpro.pt\/en\/produto\/unidade-de-audio-nhea-gb2-maos-livres#breadcrumb\"},\"inLanguage\":\"en-US\",\"potentialAction\":[{\"@type\":\"ReadAction\",\"target\":[\"https:\/\/luxpro.pt\/en\/produto\/unidade-de-audio-nhea-gb2-maos-livres\"]}]},{\"@type\":\"ImageObject\",\"inLanguage\":\"en-US\",\"@id\":\"https:\/\/luxpro.pt\/en\/produto\/unidade-de-audio-nhea-gb2-maos-livres#primaryimage\",\"url\":\"https:\/\/luxpro.pt\/wp-content\/uploads\/2021\/06\/golmar-11700140.jpeg\",\"contentUrl\":\"https:\/\/luxpro.pt\/wp-content\/uploads\/2021\/06\/golmar-11700140.jpeg\",\"width\":800,\"height\":800},{\"@type\":\"BreadcrumbList\",\"@id\":\"https:\/\/luxpro.pt\/en\/produto\/unidade-de-audio-nhea-gb2-maos-livres#breadcrumb\",\"itemListElement\":[{\"@type\":\"ListItem\",\"position\":1,\"name\":\"In\u00edcio\",\"item\":\"https:\/\/luxpro.pt\/en\"},{\"@type\":\"ListItem\",\"position\":2,\"name\":\"Shop\",\"item\":\"https:\/\/luxpro.pt\/en\/shop\"},{\"@type\":\"ListItem\",\"position\":3,\"name\":\"Unidade de \u00c1udio NHEA GB2 M\u00e3os Livres Golmar\"}]},{\"@type\":\"WebSite\",\"@id\":\"https:\/\/luxpro.pt\/en#website\",\"url\":\"https:\/\/luxpro.pt\/en\",\"name\":\"LuxPro\",\"description\":\"\",\"publisher\":{\"@id\":\"https:\/\/luxpro.pt\/en#\/schema\/person\/2d1bed59a52ad49be71622bef025e341\"},\"potentialAction\":[{\"@type\":\"SearchAction\",\"target\":{\"@type\":\"EntryPoint\",\"urlTemplate\":\"https:\/\/luxpro.pt\/en?s={search_term_string}\"},\"query-input\":{\"@type\":\"PropertyValueSpecification\",\"valueRequired\":true,\"valueName\":\"search_term_string\"}}],\"inLanguage\":\"en-US\"},{\"@type\":[\"Person\",\"Organization\"],\"@id\":\"https:\/\/luxpro.pt\/en#\/schema\/person\/2d1bed59a52ad49be71622bef025e341\",\"name\":\"Tiago Amadeu Ferreira\",\"image\":{\"@type\":\"ImageObject\",\"inLanguage\":\"en-US\",\"@id\":\"https:\/\/luxpro.pt\/en#\/schema\/person\/image\/\",\"url\":\"https:\/\/luxpro.pt\/wp-content\/uploads\/2017\/11\/logo.jpg\",\"contentUrl\":\"https:\/\/luxpro.pt\/wp-content\/uploads\/2017\/11\/logo.jpg\",\"width\":150,\"height\":33,\"caption\":\"Tiago Amadeu Ferreira\"},\"logo\":{\"@id\":\"https:\/\/luxpro.pt\/en#\/schema\/person\/image\/\"}}]}<\/script>\n<!-- \/ Yoast SEO plugin. -->","yoast_head_json":{"title":"Unidade de \u00c1udio NHEA GB2 M\u00e3os Livres Golmar - LuxPro","description":"\u00c1udio de m\u00e3os livres NHEA GB2. Instala\u00e7\u00e3o digital 2 fios \"GB2\". \u00c9 necess\u00e1rio usar distribuidores de v\u00eddeo D2L-GB2 para a conex\u00e3o das unidades internas.","robots":{"index":"index","follow":"follow","max-snippet":"max-snippet:-1","max-image-preview":"max-image-preview:large","max-video-preview":"max-video-preview:-1"},"canonical":"https:\/\/luxpro.pt\/en\/produto\/unidade-de-audio-nhea-gb2-maos-livres","og_locale":"en_US","og_type":"article","og_title":"Unidade de \u00c1udio NHEA GB2 M\u00e3os Livres Golmar - LuxPro","og_description":"\u00c1udio de m\u00e3os livres NHEA GB2. Instala\u00e7\u00e3o digital 2 fios \"GB2\". \u00c9 necess\u00e1rio usar distribuidores de v\u00eddeo D2L-GB2 para a conex\u00e3o das unidades internas.","og_url":"https:\/\/luxpro.pt\/en\/produto\/unidade-de-audio-nhea-gb2-maos-livres","og_site_name":"LuxPro","article_modified_time":"2023-06-28T12:25:55+00:00","og_image":[{"width":800,"height":800,"url":"https:\/\/luxpro.pt\/wp-content\/uploads\/2021\/06\/golmar-11700140.jpeg","type":"image\/jpeg"}],"twitter_card":"summary_large_image","twitter_misc":{"Est. reading time":"1 minute"},"schema":{"@context":"https:\/\/schema.org","@graph":[{"@type":"WebPage","@id":"https:\/\/luxpro.pt\/en\/produto\/unidade-de-audio-nhea-gb2-maos-livres","url":"https:\/\/luxpro.pt\/en\/produto\/unidade-de-audio-nhea-gb2-maos-livres","name":"Unidade de \u00c1udio NHEA GB2 M\u00e3os Livres Golmar - LuxPro","isPartOf":{"@id":"https:\/\/luxpro.pt\/en#website"},"primaryImageOfPage":{"@id":"https:\/\/luxpro.pt\/en\/produto\/unidade-de-audio-nhea-gb2-maos-livres#primaryimage"},"image":{"@id":"https:\/\/luxpro.pt\/en\/produto\/unidade-de-audio-nhea-gb2-maos-livres#primaryimage"},"thumbnailUrl":"https:\/\/luxpro.pt\/wp-content\/uploads\/2021\/06\/golmar-11700140.jpeg","datePublished":"2021-06-21T13:51:19+00:00","dateModified":"2023-06-28T12:25:55+00:00","description":"\u00c1udio de m\u00e3os livres NHEA GB2. Instala\u00e7\u00e3o digital 2 fios \"GB2\". \u00c9 necess\u00e1rio usar distribuidores de v\u00eddeo D2L-GB2 para a conex\u00e3o das unidades internas.","breadcrumb":{"@id":"https:\/\/luxpro.pt\/en\/produto\/unidade-de-audio-nhea-gb2-maos-livres#breadcrumb"},"inLanguage":"en-US","potentialAction":[{"@type":"ReadAction","target":["https:\/\/luxpro.pt\/en\/produto\/unidade-de-audio-nhea-gb2-maos-livres"]}]},{"@type":"ImageObject","inLanguage":"en-US","@id":"https:\/\/luxpro.pt\/en\/produto\/unidade-de-audio-nhea-gb2-maos-livres#primaryimage","url":"https:\/\/luxpro.pt\/wp-content\/uploads\/2021\/06\/golmar-11700140.jpeg","contentUrl":"https:\/\/luxpro.pt\/wp-content\/uploads\/2021\/06\/golmar-11700140.jpeg","width":800,"height":800},{"@type":"BreadcrumbList","@id":"https:\/\/luxpro.pt\/en\/produto\/unidade-de-audio-nhea-gb2-maos-livres#breadcrumb","itemListElement":[{"@type":"ListItem","position":1,"name":"In\u00edcio","item":"https:\/\/luxpro.pt\/en"},{"@type":"ListItem","position":2,"name":"Shop","item":"https:\/\/luxpro.pt\/en\/shop"},{"@type":"ListItem","position":3,"name":"Unidade de \u00c1udio NHEA GB2 M\u00e3os Livres Golmar"}]},{"@type":"WebSite","@id":"https:\/\/luxpro.pt\/en#website","url":"https:\/\/luxpro.pt\/en","name":"LuxPro","description":"","publisher":{"@id":"https:\/\/luxpro.pt\/en#\/schema\/person\/2d1bed59a52ad49be71622bef025e341"},"potentialAction":[{"@type":"SearchAction","target":{"@type":"EntryPoint","urlTemplate":"https:\/\/luxpro.pt\/en?s={search_term_string}"},"query-input":{"@type":"PropertyValueSpecification","valueRequired":true,"valueName":"search_term_string"}}],"inLanguage":"en-US"},{"@type":["Person","Organization"],"@id":"https:\/\/luxpro.pt\/en#\/schema\/person\/2d1bed59a52ad49be71622bef025e341","name":"Tiago Amadeu Ferreira","image":{"@type":"ImageObject","inLanguage":"en-US","@id":"https:\/\/luxpro.pt\/en#\/schema\/person\/image\/","url":"https:\/\/luxpro.pt\/wp-content\/uploads\/2017\/11\/logo.jpg","contentUrl":"https:\/\/luxpro.pt\/wp-content\/uploads\/2017\/11\/logo.jpg","width":150,"height":33,"caption":"Tiago Amadeu Ferreira"},"logo":{"@id":"https:\/\/luxpro.pt\/en#\/schema\/person\/image\/"}}]}},"tiered_pricing_type":"fixed","tiered_pricing_fixed_rules":[],"tiered_pricing_product_settings":{"layout":"default","base_unit_name":{"singular":null,"plural":null},"default_variation":null},"tiered_pricing_minimum_quantity":null,"tiered_pricing_roles_data":[],"tiered_pricing_percentage_rules":[],"_links":{"self":[{"href":"https:\/\/luxpro.pt\/en\/wp-json\/wp\/v2\/product\/8164","targetHints":{"allow":["GET"]}}],"collection":[{"href":"https:\/\/luxpro.pt\/en\/wp-json\/wp\/v2\/product"}],"about":[{"href":"https:\/\/luxpro.pt\/en\/wp-json\/wp\/v2\/types\/product"}],"replies":[{"embeddable":true,"href":"https:\/\/luxpro.pt\/en\/wp-json\/wp\/v2\/comments?post=8164"}],"wp:featuredmedia":[{"embeddable":true,"href":"https:\/\/luxpro.pt\/en\/wp-json\/wp\/v2\/media\/8165"}],"wp:attachment":[{"href":"https:\/\/luxpro.pt\/en\/wp-json\/wp\/v2\/media?parent=8164"}],"wp:term":[{"taxonomy":"product_brand","embeddable":true,"href":"https:\/\/luxpro.pt\/en\/wp-json\/wp\/v2\/product_brand?post=8164"},{"taxonomy":"product_cat","embeddable":true,"href":"https:\/\/luxpro.pt\/en\/wp-json\/wp\/v2\/product_cat?post=8164"},{"taxonomy":"product_tag","embeddable":true,"href":"https:\/\/luxpro.pt\/en\/wp-json\/wp\/v2\/product_tag?post=8164"}],"curies":[{"name":"wp","href":"https:\/\/api.w.org\/{rel}","templated":true}]}}