{"id":820,"date":"2018-09-04T10:54:35","date_gmt":"2018-09-04T10:54:35","guid":{"rendered":"https:\/\/luxpro.pt\/produto\/caixa-para-material-eletrico-211-em-abs-ip30-frl211\/"},"modified":"2025-07-29T18:22:51","modified_gmt":"2025-07-29T17:22:51","slug":"caixa-para-material-eletrico-211-em-abs-ip30-frl211","status":"publish","type":"product","link":"https:\/\/luxpro.pt\/en\/produto\/caixa-para-material-eletrico-211-em-abs-ip30-frl211","title":{"rendered":"Caixa baixa 211"},"content":{"rendered":"<p>\u2022 Caixas para instala\u00e7\u00f5es el\u00e9tricas interiores. Adapt\u00e1vel para ambientes industriais ou dom\u00e9sticos;<br \/>\n\u2022 Projetada para instala\u00e7\u00e3o de aparelhagem de comando, deriva\u00e7\u00e3o de condutores ou conex\u00e3o de pontos de luz;<br \/>\n\u2022 Caixa com um grau de prote\u00e7\u00e3o IP 30. Resist\u00eancia ao impacto IK06;<br \/>\n\u2022 Temperatura de servi\u00e7o: -25\u00baC a +60\u00baC.<\/p>\n","protected":false},"excerpt":{"rendered":"<p>\u2022 Caixas para instala\u00e7\u00f5es el\u00e9tricas interiores. Adapt\u00e1vel para ambientes industriais ou dom\u00e9sticos; \u2022 Projetada para instala\u00e7\u00e3o de aparelhagem de comando, deriva\u00e7\u00e3o de condutores ou conex\u00e3o de pontos de luz; \u2022 Caixa com um grau de prote\u00e7\u00e3o IP 30. Resist\u00eancia ao impacto IK06; \u2022 Temperatura de servi\u00e7o: -25\u00baC a +60\u00baC.<\/p>\n","protected":false},"featured_media":821,"comment_status":"closed","ping_status":"closed","template":"","meta":[],"product_brand":[],"product_cat":[698],"product_tag":[],"class_list":{"0":"post-820","1":"product","2":"type-product","3":"status-publish","4":"has-post-thumbnail","6":"product_cat-caixas-instalacao","7":"pa_material-de-fabrico-termoplastico","8":"pa_acabamento-cinza-ral-7035-cor-de-laranja-ral-2003","9":"pa_resistencia-mecanica-ik06","10":"pa_grau-de-isolamento-classe-i","11":"pa_dimensoes-l70xp40mm","12":"pa_tipo-de-instalacao-embutido-em-paredes-e-tetos-falsos","13":"pa_entrada-saidas-para-tubos-lisos-ou-corrugados","14":"pa_meio-de-fixacao-atraves-de-duas-garras-de-aperto-rapido","16":"first","17":"instock","18":"taxable","19":"shipping-taxable","20":"purchasable","21":"product-type-simple"},"yoast_head":"<!-- This site is optimized with the Yoast SEO plugin v26.5 - https:\/\/yoast.com\/wordpress\/plugins\/seo\/ -->\n<title>Caixa baixa 211 - LuxPro<\/title>\n<meta name=\"description\" content=\"\u2022 Caixas para instala\u00e7\u00f5es el\u00e9tricas interiores. Adapt\u00e1vel para ambientes industriais ou dom\u00e9sticos; \u2022 Projetada para instala\u00e7\u00e3o de aparelhagem de comando,\" \/>\n<meta name=\"robots\" content=\"index, follow, max-snippet:-1, max-image-preview:large, max-video-preview:-1\" \/>\n<link rel=\"canonical\" href=\"https:\/\/luxpro.pt\/en\/produto\/caixa-para-material-eletrico-211-em-abs-ip30-frl211\" \/>\n<meta property=\"og:locale\" content=\"en_US\" \/>\n<meta property=\"og:type\" content=\"article\" \/>\n<meta property=\"og:title\" content=\"Caixa baixa 211 - LuxPro\" \/>\n<meta property=\"og:description\" content=\"\u2022 Caixas para instala\u00e7\u00f5es el\u00e9tricas interiores. Adapt\u00e1vel para ambientes industriais ou dom\u00e9sticos; \u2022 Projetada para instala\u00e7\u00e3o de aparelhagem de comando,\" \/>\n<meta property=\"og:url\" content=\"https:\/\/luxpro.pt\/en\/produto\/caixa-para-material-eletrico-211-em-abs-ip30-frl211\" \/>\n<meta property=\"og:site_name\" content=\"LuxPro\" \/>\n<meta property=\"article:modified_time\" content=\"2025-07-29T17:22:51+00:00\" \/>\n<meta property=\"og:image\" content=\"https:\/\/luxpro.pt\/wp-content\/uploads\/2018\/09\/FRL211.jpg\" \/>\n\t<meta property=\"og:image:width\" content=\"1000\" \/>\n\t<meta property=\"og:image:height\" content=\"1000\" \/>\n\t<meta property=\"og:image:type\" content=\"image\/jpeg\" \/>\n<meta name=\"twitter:card\" content=\"summary_large_image\" \/>\n<meta name=\"twitter:label1\" content=\"Est. reading time\" \/>\n\t<meta name=\"twitter:data1\" content=\"1 minute\" \/>\n<script type=\"application\/ld+json\" class=\"yoast-schema-graph\">{\"@context\":\"https:\/\/schema.org\",\"@graph\":[{\"@type\":\"WebPage\",\"@id\":\"https:\/\/luxpro.pt\/en\/produto\/caixa-para-material-eletrico-211-em-abs-ip30-frl211\",\"url\":\"https:\/\/luxpro.pt\/en\/produto\/caixa-para-material-eletrico-211-em-abs-ip30-frl211\",\"name\":\"Caixa baixa 211 - LuxPro\",\"isPartOf\":{\"@id\":\"https:\/\/luxpro.pt\/en#website\"},\"primaryImageOfPage\":{\"@id\":\"https:\/\/luxpro.pt\/en\/produto\/caixa-para-material-eletrico-211-em-abs-ip30-frl211#primaryimage\"},\"image\":{\"@id\":\"https:\/\/luxpro.pt\/en\/produto\/caixa-para-material-eletrico-211-em-abs-ip30-frl211#primaryimage\"},\"thumbnailUrl\":\"https:\/\/luxpro.pt\/wp-content\/uploads\/2018\/09\/FRL211.jpg\",\"datePublished\":\"2018-09-04T10:54:35+00:00\",\"dateModified\":\"2025-07-29T17:22:51+00:00\",\"description\":\"\u2022 Caixas para instala\u00e7\u00f5es el\u00e9tricas interiores. Adapt\u00e1vel para ambientes industriais ou dom\u00e9sticos; \u2022 Projetada para instala\u00e7\u00e3o de aparelhagem de comando,\",\"breadcrumb\":{\"@id\":\"https:\/\/luxpro.pt\/en\/produto\/caixa-para-material-eletrico-211-em-abs-ip30-frl211#breadcrumb\"},\"inLanguage\":\"en-US\",\"potentialAction\":[{\"@type\":\"ReadAction\",\"target\":[\"https:\/\/luxpro.pt\/en\/produto\/caixa-para-material-eletrico-211-em-abs-ip30-frl211\"]}]},{\"@type\":\"ImageObject\",\"inLanguage\":\"en-US\",\"@id\":\"https:\/\/luxpro.pt\/en\/produto\/caixa-para-material-eletrico-211-em-abs-ip30-frl211#primaryimage\",\"url\":\"https:\/\/luxpro.pt\/wp-content\/uploads\/2018\/09\/FRL211.jpg\",\"contentUrl\":\"https:\/\/luxpro.pt\/wp-content\/uploads\/2018\/09\/FRL211.jpg\",\"width\":1000,\"height\":1000},{\"@type\":\"BreadcrumbList\",\"@id\":\"https:\/\/luxpro.pt\/en\/produto\/caixa-para-material-eletrico-211-em-abs-ip30-frl211#breadcrumb\",\"itemListElement\":[{\"@type\":\"ListItem\",\"position\":1,\"name\":\"In\u00edcio\",\"item\":\"https:\/\/luxpro.pt\/en\"},{\"@type\":\"ListItem\",\"position\":2,\"name\":\"Shop\",\"item\":\"https:\/\/luxpro.pt\/en\/shop\"},{\"@type\":\"ListItem\",\"position\":3,\"name\":\"Caixa baixa 211\"}]},{\"@type\":\"WebSite\",\"@id\":\"https:\/\/luxpro.pt\/en#website\",\"url\":\"https:\/\/luxpro.pt\/en\",\"name\":\"LuxPro\",\"description\":\"\",\"publisher\":{\"@id\":\"https:\/\/luxpro.pt\/en#\/schema\/person\/2d1bed59a52ad49be71622bef025e341\"},\"potentialAction\":[{\"@type\":\"SearchAction\",\"target\":{\"@type\":\"EntryPoint\",\"urlTemplate\":\"https:\/\/luxpro.pt\/en?s={search_term_string}\"},\"query-input\":{\"@type\":\"PropertyValueSpecification\",\"valueRequired\":true,\"valueName\":\"search_term_string\"}}],\"inLanguage\":\"en-US\"},{\"@type\":[\"Person\",\"Organization\"],\"@id\":\"https:\/\/luxpro.pt\/en#\/schema\/person\/2d1bed59a52ad49be71622bef025e341\",\"name\":\"Tiago Amadeu Ferreira\",\"image\":{\"@type\":\"ImageObject\",\"inLanguage\":\"en-US\",\"@id\":\"https:\/\/luxpro.pt\/en#\/schema\/person\/image\/\",\"url\":\"https:\/\/luxpro.pt\/wp-content\/uploads\/2017\/11\/logo.jpg\",\"contentUrl\":\"https:\/\/luxpro.pt\/wp-content\/uploads\/2017\/11\/logo.jpg\",\"width\":150,\"height\":33,\"caption\":\"Tiago Amadeu Ferreira\"},\"logo\":{\"@id\":\"https:\/\/luxpro.pt\/en#\/schema\/person\/image\/\"}}]}<\/script>\n<!-- \/ Yoast SEO plugin. -->","yoast_head_json":{"title":"Caixa baixa 211 - LuxPro","description":"\u2022 Caixas para instala\u00e7\u00f5es el\u00e9tricas interiores. Adapt\u00e1vel para ambientes industriais ou dom\u00e9sticos; \u2022 Projetada para instala\u00e7\u00e3o de aparelhagem de comando,","robots":{"index":"index","follow":"follow","max-snippet":"max-snippet:-1","max-image-preview":"max-image-preview:large","max-video-preview":"max-video-preview:-1"},"canonical":"https:\/\/luxpro.pt\/en\/produto\/caixa-para-material-eletrico-211-em-abs-ip30-frl211","og_locale":"en_US","og_type":"article","og_title":"Caixa baixa 211 - LuxPro","og_description":"\u2022 Caixas para instala\u00e7\u00f5es el\u00e9tricas interiores. Adapt\u00e1vel para ambientes industriais ou dom\u00e9sticos; \u2022 Projetada para instala\u00e7\u00e3o de aparelhagem de comando,","og_url":"https:\/\/luxpro.pt\/en\/produto\/caixa-para-material-eletrico-211-em-abs-ip30-frl211","og_site_name":"LuxPro","article_modified_time":"2025-07-29T17:22:51+00:00","og_image":[{"width":1000,"height":1000,"url":"https:\/\/luxpro.pt\/wp-content\/uploads\/2018\/09\/FRL211.jpg","type":"image\/jpeg"}],"twitter_card":"summary_large_image","twitter_misc":{"Est. reading time":"1 minute"},"schema":{"@context":"https:\/\/schema.org","@graph":[{"@type":"WebPage","@id":"https:\/\/luxpro.pt\/en\/produto\/caixa-para-material-eletrico-211-em-abs-ip30-frl211","url":"https:\/\/luxpro.pt\/en\/produto\/caixa-para-material-eletrico-211-em-abs-ip30-frl211","name":"Caixa baixa 211 - LuxPro","isPartOf":{"@id":"https:\/\/luxpro.pt\/en#website"},"primaryImageOfPage":{"@id":"https:\/\/luxpro.pt\/en\/produto\/caixa-para-material-eletrico-211-em-abs-ip30-frl211#primaryimage"},"image":{"@id":"https:\/\/luxpro.pt\/en\/produto\/caixa-para-material-eletrico-211-em-abs-ip30-frl211#primaryimage"},"thumbnailUrl":"https:\/\/luxpro.pt\/wp-content\/uploads\/2018\/09\/FRL211.jpg","datePublished":"2018-09-04T10:54:35+00:00","dateModified":"2025-07-29T17:22:51+00:00","description":"\u2022 Caixas para instala\u00e7\u00f5es el\u00e9tricas interiores. Adapt\u00e1vel para ambientes industriais ou dom\u00e9sticos; \u2022 Projetada para instala\u00e7\u00e3o de aparelhagem de comando,","breadcrumb":{"@id":"https:\/\/luxpro.pt\/en\/produto\/caixa-para-material-eletrico-211-em-abs-ip30-frl211#breadcrumb"},"inLanguage":"en-US","potentialAction":[{"@type":"ReadAction","target":["https:\/\/luxpro.pt\/en\/produto\/caixa-para-material-eletrico-211-em-abs-ip30-frl211"]}]},{"@type":"ImageObject","inLanguage":"en-US","@id":"https:\/\/luxpro.pt\/en\/produto\/caixa-para-material-eletrico-211-em-abs-ip30-frl211#primaryimage","url":"https:\/\/luxpro.pt\/wp-content\/uploads\/2018\/09\/FRL211.jpg","contentUrl":"https:\/\/luxpro.pt\/wp-content\/uploads\/2018\/09\/FRL211.jpg","width":1000,"height":1000},{"@type":"BreadcrumbList","@id":"https:\/\/luxpro.pt\/en\/produto\/caixa-para-material-eletrico-211-em-abs-ip30-frl211#breadcrumb","itemListElement":[{"@type":"ListItem","position":1,"name":"In\u00edcio","item":"https:\/\/luxpro.pt\/en"},{"@type":"ListItem","position":2,"name":"Shop","item":"https:\/\/luxpro.pt\/en\/shop"},{"@type":"ListItem","position":3,"name":"Caixa baixa 211"}]},{"@type":"WebSite","@id":"https:\/\/luxpro.pt\/en#website","url":"https:\/\/luxpro.pt\/en","name":"LuxPro","description":"","publisher":{"@id":"https:\/\/luxpro.pt\/en#\/schema\/person\/2d1bed59a52ad49be71622bef025e341"},"potentialAction":[{"@type":"SearchAction","target":{"@type":"EntryPoint","urlTemplate":"https:\/\/luxpro.pt\/en?s={search_term_string}"},"query-input":{"@type":"PropertyValueSpecification","valueRequired":true,"valueName":"search_term_string"}}],"inLanguage":"en-US"},{"@type":["Person","Organization"],"@id":"https:\/\/luxpro.pt\/en#\/schema\/person\/2d1bed59a52ad49be71622bef025e341","name":"Tiago Amadeu Ferreira","image":{"@type":"ImageObject","inLanguage":"en-US","@id":"https:\/\/luxpro.pt\/en#\/schema\/person\/image\/","url":"https:\/\/luxpro.pt\/wp-content\/uploads\/2017\/11\/logo.jpg","contentUrl":"https:\/\/luxpro.pt\/wp-content\/uploads\/2017\/11\/logo.jpg","width":150,"height":33,"caption":"Tiago Amadeu Ferreira"},"logo":{"@id":"https:\/\/luxpro.pt\/en#\/schema\/person\/image\/"}}]}},"tiered_pricing_type":"fixed","tiered_pricing_fixed_rules":[],"tiered_pricing_product_settings":{"layout":"default","base_unit_name":{"singular":null,"plural":null},"default_variation":null},"tiered_pricing_minimum_quantity":null,"tiered_pricing_roles_data":[],"tiered_pricing_percentage_rules":[],"_links":{"self":[{"href":"https:\/\/luxpro.pt\/en\/wp-json\/wp\/v2\/product\/820","targetHints":{"allow":["GET"]}}],"collection":[{"href":"https:\/\/luxpro.pt\/en\/wp-json\/wp\/v2\/product"}],"about":[{"href":"https:\/\/luxpro.pt\/en\/wp-json\/wp\/v2\/types\/product"}],"replies":[{"embeddable":true,"href":"https:\/\/luxpro.pt\/en\/wp-json\/wp\/v2\/comments?post=820"}],"wp:featuredmedia":[{"embeddable":true,"href":"https:\/\/luxpro.pt\/en\/wp-json\/wp\/v2\/media\/821"}],"wp:attachment":[{"href":"https:\/\/luxpro.pt\/en\/wp-json\/wp\/v2\/media?parent=820"}],"wp:term":[{"taxonomy":"product_brand","embeddable":true,"href":"https:\/\/luxpro.pt\/en\/wp-json\/wp\/v2\/product_brand?post=820"},{"taxonomy":"product_cat","embeddable":true,"href":"https:\/\/luxpro.pt\/en\/wp-json\/wp\/v2\/product_cat?post=820"},{"taxonomy":"product_tag","embeddable":true,"href":"https:\/\/luxpro.pt\/en\/wp-json\/wp\/v2\/product_tag?post=820"}],"curies":[{"name":"wp","href":"https:\/\/api.w.org\/{rel}","templated":true}]}}