{"id":8245,"date":"2021-07-07T09:09:52","date_gmt":"2021-07-07T09:09:52","guid":{"rendered":"https:\/\/luxpro.pt\/?post_type=product&#038;p=8245"},"modified":"2021-09-14T14:46:17","modified_gmt":"2021-09-14T14:46:17","slug":"kit-de-video-golmar-nx5110-art-7w-com-wifi","status":"publish","type":"product","link":"https:\/\/luxpro.pt\/en\/produto\/kit-de-video-golmar-nx5110-art-7w-com-wifi","title":{"rendered":"Kit de V\u00eddeo GOLMAR NX5110 \/ ART 7W com Wifi"},"content":{"rendered":"<ul>\n<li>M\u00f3dulo de grade de bot\u00e3o de\u00a0<a href=\"https:\/\/www.golmar.es\/products\/nx1110-audio-video-grille-module\">a\u00e7\u00e3o NX1110<\/a>\u00a0.<\/li>\n<li>M\u00f3dulo de som\u00a0<a href=\"https:\/\/www.golmar.es\/products\/el632-g2-se-sound-module-with-colour-camera\">EL632 \/ G2 + SE<\/a>\u00a0com c\u00e2mera colorida.<\/li>\n<li><a href=\"https:\/\/www.golmar.es\/products\/nx6001-assembling-frame\">Estrutura de<\/a>\u00a0montagem\u00a0<a href=\"https:\/\/www.golmar.es\/products\/nx6001-assembling-frame\">NX6001<\/a>\u00a0.<\/li>\n<li><a href=\"https:\/\/www.golmar.es\/products\/ce610-embedding-box\">Caixa de<\/a>\u00a0incorpora\u00e7\u00e3o\u00a0<a href=\"https:\/\/www.golmar.es\/products\/ce610-embedding-box\">CE610<\/a>\u00a0.<\/li>\n<li>Monitor m\u00e3os-livres\u00a0<a href=\"https:\/\/www.golmar.es\/products\/art-7w-g2-7-hands-free-monitor-with-wifi\">ART 7W \/ G2 +<\/a>\u00a07 &#8220;com Wifi e la\u00e7o indutivo integrado.<\/li>\n<li>Fonte de alimenta\u00e7\u00e3o\u00a0<a href=\"https:\/\/www.golmar.es\/products\/fa-g2-power-supply\">FA-G2 +<\/a>\u00a0.<\/li>\n<\/ul>\n","protected":false},"excerpt":{"rendered":"<p>M\u00f3dulo de grade de bot\u00e3o de\u00a0a\u00e7\u00e3o NX1110\u00a0. M\u00f3dulo de som\u00a0EL632 \/ G2 + SE\u00a0com c\u00e2mera colorida. Estrutura de\u00a0montagem\u00a0NX6001\u00a0. Caixa de\u00a0incorpora\u00e7\u00e3o\u00a0CE610\u00a0. Monitor m\u00e3os-livres\u00a0ART 7W \/ G2 +\u00a07 &#8220;com Wifi e la\u00e7o indutivo integrado. Fonte de alimenta\u00e7\u00e3o\u00a0FA-G2 +\u00a0.<\/p>\n","protected":false},"featured_media":8246,"comment_status":"open","ping_status":"closed","template":"","meta":[],"product_brand":[],"product_cat":[663],"product_tag":[1327,1328,801,781,1326,1325,1220,786,1324],"class_list":{"0":"post-8245","1":"product","2":"type-product","3":"status-publish","4":"has-post-thumbnail","6":"product_cat-kits","7":"product_tag-art7","8":"product_tag-art7w","9":"product_tag-campainha","10":"product_tag-golmar","11":"product_tag-kit-video","12":"product_tag-nx5110","13":"product_tag-soul","14":"product_tag-video","15":"product_tag-wifi","17":"first","18":"instock","19":"taxable","20":"shipping-taxable","21":"purchasable","22":"product-type-simple"},"yoast_head":"<!-- This site is optimized with the Yoast SEO plugin v26.5 - https:\/\/yoast.com\/wordpress\/plugins\/seo\/ -->\n<title>Kit de V\u00eddeo GOLMAR NX5110 \/ ART 7W com Wifi - LuxPro<\/title>\n<meta name=\"description\" content=\"M\u00f3dulo de grade de bot\u00e3o de\u00a0a\u00e7\u00e3o NX1110\u00a0. M\u00f3dulo de som\u00a0EL632 \/ G2 + SE\u00a0com c\u00e2mera colorida. Estrutura de\u00a0montagem\u00a0NX6001\u00a0. Caixa de\u00a0incorpora\u00e7\u00e3o\u00a0CE610\u00a0.\" \/>\n<meta name=\"robots\" content=\"index, follow, max-snippet:-1, max-image-preview:large, max-video-preview:-1\" \/>\n<link rel=\"canonical\" href=\"https:\/\/luxpro.pt\/en\/produto\/kit-de-video-golmar-nx5110-art-7w-com-wifi\" \/>\n<meta property=\"og:locale\" content=\"en_US\" \/>\n<meta property=\"og:type\" content=\"article\" \/>\n<meta property=\"og:title\" content=\"Kit de V\u00eddeo GOLMAR NX5110 \/ ART 7W com Wifi - LuxPro\" \/>\n<meta property=\"og:description\" content=\"M\u00f3dulo de grade de bot\u00e3o de\u00a0a\u00e7\u00e3o NX1110\u00a0. M\u00f3dulo de som\u00a0EL632 \/ G2 + SE\u00a0com c\u00e2mera colorida. Estrutura de\u00a0montagem\u00a0NX6001\u00a0. Caixa de\u00a0incorpora\u00e7\u00e3o\u00a0CE610\u00a0.\" \/>\n<meta property=\"og:url\" content=\"https:\/\/luxpro.pt\/en\/produto\/kit-de-video-golmar-nx5110-art-7w-com-wifi\" \/>\n<meta property=\"og:site_name\" content=\"LuxPro\" \/>\n<meta property=\"article:modified_time\" content=\"2021-09-14T14:46:17+00:00\" \/>\n<meta property=\"og:image\" content=\"https:\/\/luxpro.pt\/wp-content\/uploads\/2021\/07\/NX5110-ART-7W_12205119_Completo.png\" \/>\n\t<meta property=\"og:image:width\" content=\"1500\" \/>\n\t<meta property=\"og:image:height\" content=\"1500\" \/>\n\t<meta property=\"og:image:type\" content=\"image\/png\" \/>\n<meta name=\"twitter:card\" content=\"summary_large_image\" \/>\n<script type=\"application\/ld+json\" class=\"yoast-schema-graph\">{\"@context\":\"https:\/\/schema.org\",\"@graph\":[{\"@type\":\"WebPage\",\"@id\":\"https:\/\/luxpro.pt\/en\/produto\/kit-de-video-golmar-nx5110-art-7w-com-wifi\",\"url\":\"https:\/\/luxpro.pt\/en\/produto\/kit-de-video-golmar-nx5110-art-7w-com-wifi\",\"name\":\"Kit de V\u00eddeo GOLMAR NX5110 \/ ART 7W com Wifi - LuxPro\",\"isPartOf\":{\"@id\":\"https:\/\/luxpro.pt\/en#website\"},\"primaryImageOfPage\":{\"@id\":\"https:\/\/luxpro.pt\/en\/produto\/kit-de-video-golmar-nx5110-art-7w-com-wifi#primaryimage\"},\"image\":{\"@id\":\"https:\/\/luxpro.pt\/en\/produto\/kit-de-video-golmar-nx5110-art-7w-com-wifi#primaryimage\"},\"thumbnailUrl\":\"https:\/\/luxpro.pt\/wp-content\/uploads\/2021\/07\/NX5110-ART-7W_12205119_Completo.png\",\"datePublished\":\"2021-07-07T09:09:52+00:00\",\"dateModified\":\"2021-09-14T14:46:17+00:00\",\"description\":\"M\u00f3dulo de grade de bot\u00e3o de\u00a0a\u00e7\u00e3o NX1110\u00a0. M\u00f3dulo de som\u00a0EL632 \/ G2 + SE\u00a0com c\u00e2mera colorida. Estrutura de\u00a0montagem\u00a0NX6001\u00a0. Caixa de\u00a0incorpora\u00e7\u00e3o\u00a0CE610\u00a0.\",\"breadcrumb\":{\"@id\":\"https:\/\/luxpro.pt\/en\/produto\/kit-de-video-golmar-nx5110-art-7w-com-wifi#breadcrumb\"},\"inLanguage\":\"en-US\",\"potentialAction\":[{\"@type\":\"ReadAction\",\"target\":[\"https:\/\/luxpro.pt\/en\/produto\/kit-de-video-golmar-nx5110-art-7w-com-wifi\"]}]},{\"@type\":\"ImageObject\",\"inLanguage\":\"en-US\",\"@id\":\"https:\/\/luxpro.pt\/en\/produto\/kit-de-video-golmar-nx5110-art-7w-com-wifi#primaryimage\",\"url\":\"https:\/\/luxpro.pt\/wp-content\/uploads\/2021\/07\/NX5110-ART-7W_12205119_Completo.png\",\"contentUrl\":\"https:\/\/luxpro.pt\/wp-content\/uploads\/2021\/07\/NX5110-ART-7W_12205119_Completo.png\",\"width\":1500,\"height\":1500},{\"@type\":\"BreadcrumbList\",\"@id\":\"https:\/\/luxpro.pt\/en\/produto\/kit-de-video-golmar-nx5110-art-7w-com-wifi#breadcrumb\",\"itemListElement\":[{\"@type\":\"ListItem\",\"position\":1,\"name\":\"In\u00edcio\",\"item\":\"https:\/\/luxpro.pt\/en\"},{\"@type\":\"ListItem\",\"position\":2,\"name\":\"Shop\",\"item\":\"https:\/\/luxpro.pt\/en\/shop\"},{\"@type\":\"ListItem\",\"position\":3,\"name\":\"Kit de V\u00eddeo GOLMAR NX5110 \/ ART 7W com Wifi\"}]},{\"@type\":\"WebSite\",\"@id\":\"https:\/\/luxpro.pt\/en#website\",\"url\":\"https:\/\/luxpro.pt\/en\",\"name\":\"LuxPro\",\"description\":\"\",\"publisher\":{\"@id\":\"https:\/\/luxpro.pt\/en#\/schema\/person\/2d1bed59a52ad49be71622bef025e341\"},\"potentialAction\":[{\"@type\":\"SearchAction\",\"target\":{\"@type\":\"EntryPoint\",\"urlTemplate\":\"https:\/\/luxpro.pt\/en?s={search_term_string}\"},\"query-input\":{\"@type\":\"PropertyValueSpecification\",\"valueRequired\":true,\"valueName\":\"search_term_string\"}}],\"inLanguage\":\"en-US\"},{\"@type\":[\"Person\",\"Organization\"],\"@id\":\"https:\/\/luxpro.pt\/en#\/schema\/person\/2d1bed59a52ad49be71622bef025e341\",\"name\":\"Tiago Amadeu Ferreira\",\"image\":{\"@type\":\"ImageObject\",\"inLanguage\":\"en-US\",\"@id\":\"https:\/\/luxpro.pt\/en#\/schema\/person\/image\/\",\"url\":\"https:\/\/luxpro.pt\/wp-content\/uploads\/2017\/11\/logo.jpg\",\"contentUrl\":\"https:\/\/luxpro.pt\/wp-content\/uploads\/2017\/11\/logo.jpg\",\"width\":150,\"height\":33,\"caption\":\"Tiago Amadeu Ferreira\"},\"logo\":{\"@id\":\"https:\/\/luxpro.pt\/en#\/schema\/person\/image\/\"}}]}<\/script>\n<!-- \/ Yoast SEO plugin. -->","yoast_head_json":{"title":"Kit de V\u00eddeo GOLMAR NX5110 \/ ART 7W com Wifi - LuxPro","description":"M\u00f3dulo de grade de bot\u00e3o de\u00a0a\u00e7\u00e3o NX1110\u00a0. M\u00f3dulo de som\u00a0EL632 \/ G2 + SE\u00a0com c\u00e2mera colorida. Estrutura de\u00a0montagem\u00a0NX6001\u00a0. Caixa de\u00a0incorpora\u00e7\u00e3o\u00a0CE610\u00a0.","robots":{"index":"index","follow":"follow","max-snippet":"max-snippet:-1","max-image-preview":"max-image-preview:large","max-video-preview":"max-video-preview:-1"},"canonical":"https:\/\/luxpro.pt\/en\/produto\/kit-de-video-golmar-nx5110-art-7w-com-wifi","og_locale":"en_US","og_type":"article","og_title":"Kit de V\u00eddeo GOLMAR NX5110 \/ ART 7W com Wifi - LuxPro","og_description":"M\u00f3dulo de grade de bot\u00e3o de\u00a0a\u00e7\u00e3o NX1110\u00a0. M\u00f3dulo de som\u00a0EL632 \/ G2 + SE\u00a0com c\u00e2mera colorida. Estrutura de\u00a0montagem\u00a0NX6001\u00a0. Caixa de\u00a0incorpora\u00e7\u00e3o\u00a0CE610\u00a0.","og_url":"https:\/\/luxpro.pt\/en\/produto\/kit-de-video-golmar-nx5110-art-7w-com-wifi","og_site_name":"LuxPro","article_modified_time":"2021-09-14T14:46:17+00:00","og_image":[{"width":1500,"height":1500,"url":"https:\/\/luxpro.pt\/wp-content\/uploads\/2021\/07\/NX5110-ART-7W_12205119_Completo.png","type":"image\/png"}],"twitter_card":"summary_large_image","schema":{"@context":"https:\/\/schema.org","@graph":[{"@type":"WebPage","@id":"https:\/\/luxpro.pt\/en\/produto\/kit-de-video-golmar-nx5110-art-7w-com-wifi","url":"https:\/\/luxpro.pt\/en\/produto\/kit-de-video-golmar-nx5110-art-7w-com-wifi","name":"Kit de V\u00eddeo GOLMAR NX5110 \/ ART 7W com Wifi - LuxPro","isPartOf":{"@id":"https:\/\/luxpro.pt\/en#website"},"primaryImageOfPage":{"@id":"https:\/\/luxpro.pt\/en\/produto\/kit-de-video-golmar-nx5110-art-7w-com-wifi#primaryimage"},"image":{"@id":"https:\/\/luxpro.pt\/en\/produto\/kit-de-video-golmar-nx5110-art-7w-com-wifi#primaryimage"},"thumbnailUrl":"https:\/\/luxpro.pt\/wp-content\/uploads\/2021\/07\/NX5110-ART-7W_12205119_Completo.png","datePublished":"2021-07-07T09:09:52+00:00","dateModified":"2021-09-14T14:46:17+00:00","description":"M\u00f3dulo de grade de bot\u00e3o de\u00a0a\u00e7\u00e3o NX1110\u00a0. M\u00f3dulo de som\u00a0EL632 \/ G2 + SE\u00a0com c\u00e2mera colorida. Estrutura de\u00a0montagem\u00a0NX6001\u00a0. Caixa de\u00a0incorpora\u00e7\u00e3o\u00a0CE610\u00a0.","breadcrumb":{"@id":"https:\/\/luxpro.pt\/en\/produto\/kit-de-video-golmar-nx5110-art-7w-com-wifi#breadcrumb"},"inLanguage":"en-US","potentialAction":[{"@type":"ReadAction","target":["https:\/\/luxpro.pt\/en\/produto\/kit-de-video-golmar-nx5110-art-7w-com-wifi"]}]},{"@type":"ImageObject","inLanguage":"en-US","@id":"https:\/\/luxpro.pt\/en\/produto\/kit-de-video-golmar-nx5110-art-7w-com-wifi#primaryimage","url":"https:\/\/luxpro.pt\/wp-content\/uploads\/2021\/07\/NX5110-ART-7W_12205119_Completo.png","contentUrl":"https:\/\/luxpro.pt\/wp-content\/uploads\/2021\/07\/NX5110-ART-7W_12205119_Completo.png","width":1500,"height":1500},{"@type":"BreadcrumbList","@id":"https:\/\/luxpro.pt\/en\/produto\/kit-de-video-golmar-nx5110-art-7w-com-wifi#breadcrumb","itemListElement":[{"@type":"ListItem","position":1,"name":"In\u00edcio","item":"https:\/\/luxpro.pt\/en"},{"@type":"ListItem","position":2,"name":"Shop","item":"https:\/\/luxpro.pt\/en\/shop"},{"@type":"ListItem","position":3,"name":"Kit de V\u00eddeo GOLMAR NX5110 \/ ART 7W com Wifi"}]},{"@type":"WebSite","@id":"https:\/\/luxpro.pt\/en#website","url":"https:\/\/luxpro.pt\/en","name":"LuxPro","description":"","publisher":{"@id":"https:\/\/luxpro.pt\/en#\/schema\/person\/2d1bed59a52ad49be71622bef025e341"},"potentialAction":[{"@type":"SearchAction","target":{"@type":"EntryPoint","urlTemplate":"https:\/\/luxpro.pt\/en?s={search_term_string}"},"query-input":{"@type":"PropertyValueSpecification","valueRequired":true,"valueName":"search_term_string"}}],"inLanguage":"en-US"},{"@type":["Person","Organization"],"@id":"https:\/\/luxpro.pt\/en#\/schema\/person\/2d1bed59a52ad49be71622bef025e341","name":"Tiago Amadeu Ferreira","image":{"@type":"ImageObject","inLanguage":"en-US","@id":"https:\/\/luxpro.pt\/en#\/schema\/person\/image\/","url":"https:\/\/luxpro.pt\/wp-content\/uploads\/2017\/11\/logo.jpg","contentUrl":"https:\/\/luxpro.pt\/wp-content\/uploads\/2017\/11\/logo.jpg","width":150,"height":33,"caption":"Tiago Amadeu Ferreira"},"logo":{"@id":"https:\/\/luxpro.pt\/en#\/schema\/person\/image\/"}}]}},"tiered_pricing_type":"fixed","tiered_pricing_fixed_rules":[],"tiered_pricing_product_settings":{"layout":"default","base_unit_name":{"singular":null,"plural":null},"default_variation":null},"tiered_pricing_minimum_quantity":null,"tiered_pricing_roles_data":[],"tiered_pricing_percentage_rules":[],"_links":{"self":[{"href":"https:\/\/luxpro.pt\/en\/wp-json\/wp\/v2\/product\/8245","targetHints":{"allow":["GET"]}}],"collection":[{"href":"https:\/\/luxpro.pt\/en\/wp-json\/wp\/v2\/product"}],"about":[{"href":"https:\/\/luxpro.pt\/en\/wp-json\/wp\/v2\/types\/product"}],"replies":[{"embeddable":true,"href":"https:\/\/luxpro.pt\/en\/wp-json\/wp\/v2\/comments?post=8245"}],"wp:featuredmedia":[{"embeddable":true,"href":"https:\/\/luxpro.pt\/en\/wp-json\/wp\/v2\/media\/8246"}],"wp:attachment":[{"href":"https:\/\/luxpro.pt\/en\/wp-json\/wp\/v2\/media?parent=8245"}],"wp:term":[{"taxonomy":"product_brand","embeddable":true,"href":"https:\/\/luxpro.pt\/en\/wp-json\/wp\/v2\/product_brand?post=8245"},{"taxonomy":"product_cat","embeddable":true,"href":"https:\/\/luxpro.pt\/en\/wp-json\/wp\/v2\/product_cat?post=8245"},{"taxonomy":"product_tag","embeddable":true,"href":"https:\/\/luxpro.pt\/en\/wp-json\/wp\/v2\/product_tag?post=8245"}],"curies":[{"name":"wp","href":"https:\/\/api.w.org\/{rel}","templated":true}]}}