{"id":827,"date":"2018-09-04T10:54:35","date_gmt":"2018-09-04T10:54:35","guid":{"rendered":"https:\/\/luxpro.pt\/produto\/caixa-para-material-eletrico-145-em-abs-ip65-frl145\/"},"modified":"2023-12-10T21:04:27","modified_gmt":"2023-12-10T21:04:27","slug":"caixa-para-material-eletrico-145-em-abs-ip65-frl145","status":"publish","type":"product","link":"https:\/\/luxpro.pt\/en\/produto\/caixa-para-material-eletrico-145-em-abs-ip65-frl145","title":{"rendered":"Caixa em Pl\u00e1stico 140x140x95mm C\/ Bucins IP65"},"content":{"rendered":"<p>\u2022 Caixa adapt\u00e1vel para ambientes industriais ou dom\u00e9sticos no interior ou exterior do mesmo;<br \/>\n\u2022 Projetada para instala\u00e7\u00e3o de aparelhagem el\u00e9trica, que visa a deriva\u00e7\u00e3o e isolamento de condutores el\u00e9tricos;<br \/>\n\u2022 Caixa com um grau de prote\u00e7\u00e3o IP 65. Resist\u00eancia ao impacto IK08;<br \/>\n\u2022 Material de fabrico em policarbonato com acabamento opaco na cor Cinza ou branca;<br \/>\n\u2022 Permite a op\u00e7\u00e3o de ter tamp\u00f5es em PVC plastificado ou completamente fechada (op\u00e7\u00e3o dever\u00e1 ser confirmada no ato da encomenda);<br \/>\n\u2022 M\u00e9todo de fecho atrav\u00e9s de quatro parafusos em a\u00e7o zincado;<br \/>\n\u2022 Resistentes \u00e0 corros\u00e3o, aos agentes qu\u00edmicos e aos raios UV.<\/p>\n","protected":false},"excerpt":{"rendered":"<p>\u2022 Caixa adapt\u00e1vel para ambientes industriais ou dom\u00e9sticos no interior ou exterior do mesmo; \u2022 Projetada para instala\u00e7\u00e3o de aparelhagem el\u00e9trica, que visa a deriva\u00e7\u00e3o e isolamento de condutores el\u00e9tricos; \u2022 Caixa com um grau de prote\u00e7\u00e3o IP 65. Resist\u00eancia ao impacto IK08; \u2022 Material de fabrico em policarbonato com acabamento opaco na cor Cinza ou branca; \u2022 Permite a [&hellip;]<\/p>\n","protected":false},"featured_media":828,"comment_status":"closed","ping_status":"closed","template":"","meta":[],"product_brand":[],"product_cat":[698],"product_tag":[1564,1496,1495,1482],"class_list":{"0":"post-827","1":"product","2":"type-product","3":"status-publish","4":"has-post-thumbnail","6":"product_cat-caixas-instalacao","7":"product_tag-1564","8":"product_tag-caixa-de-ligacoes","9":"product_tag-caixa-plastica","10":"product_tag-caixa-pvc","11":"pa_material-de-fabrico-abs","12":"pa_acabamento-cinza-ral-7035","13":"pa_resistencia-mecanica-ik08","14":"pa_grau-de-isolamento-classe-ii","15":"pa_dimensoes-l140xa140xp95mm","16":"pa_tipo-de-instalacao-saliente","17":"pa_metodo-de-fecho-quatro-parafusos-zincados","19":"first","20":"instock","21":"taxable","22":"shipping-taxable","23":"purchasable","24":"product-type-simple"},"yoast_head":"<!-- This site is optimized with the Yoast SEO plugin v26.5 - https:\/\/yoast.com\/wordpress\/plugins\/seo\/ -->\n<title>Caixa em Pl\u00e1stico 140x140x95mm C\/ Bucins IP65 - LuxPro<\/title>\n<meta name=\"description\" content=\"\u2022 Caixa adapt\u00e1vel para ambientes industriais ou dom\u00e9sticos no interior ou exterior do mesmo; \u2022 Projetada para instala\u00e7\u00e3o de aparelhagem el\u00e9trica, que visa\" \/>\n<meta name=\"robots\" content=\"index, follow, max-snippet:-1, max-image-preview:large, max-video-preview:-1\" \/>\n<link rel=\"canonical\" href=\"https:\/\/luxpro.pt\/en\/produto\/caixa-para-material-eletrico-145-em-abs-ip65-frl145\" \/>\n<meta property=\"og:locale\" content=\"en_US\" \/>\n<meta property=\"og:type\" content=\"article\" \/>\n<meta property=\"og:title\" content=\"Caixa em Pl\u00e1stico 140x140x95mm C\/ Bucins IP65 - LuxPro\" \/>\n<meta property=\"og:description\" content=\"\u2022 Caixa adapt\u00e1vel para ambientes industriais ou dom\u00e9sticos no interior ou exterior do mesmo; \u2022 Projetada para instala\u00e7\u00e3o de aparelhagem el\u00e9trica, que visa\" \/>\n<meta property=\"og:url\" content=\"https:\/\/luxpro.pt\/en\/produto\/caixa-para-material-eletrico-145-em-abs-ip65-frl145\" \/>\n<meta property=\"og:site_name\" content=\"LuxPro\" \/>\n<meta property=\"article:modified_time\" content=\"2023-12-10T21:04:27+00:00\" \/>\n<meta property=\"og:image\" content=\"https:\/\/luxpro.pt\/wp-content\/uploads\/2018\/09\/145-CZ-COM-BUCINS.jpg\" \/>\n\t<meta property=\"og:image:width\" content=\"1000\" \/>\n\t<meta property=\"og:image:height\" content=\"1000\" \/>\n\t<meta property=\"og:image:type\" content=\"image\/jpeg\" \/>\n<meta name=\"twitter:card\" content=\"summary_large_image\" \/>\n<meta name=\"twitter:label1\" content=\"Est. reading time\" \/>\n\t<meta name=\"twitter:data1\" content=\"1 minute\" \/>\n<script type=\"application\/ld+json\" class=\"yoast-schema-graph\">{\"@context\":\"https:\/\/schema.org\",\"@graph\":[{\"@type\":\"WebPage\",\"@id\":\"https:\/\/luxpro.pt\/en\/produto\/caixa-para-material-eletrico-145-em-abs-ip65-frl145\",\"url\":\"https:\/\/luxpro.pt\/en\/produto\/caixa-para-material-eletrico-145-em-abs-ip65-frl145\",\"name\":\"Caixa em Pl\u00e1stico 140x140x95mm C\/ Bucins IP65 - LuxPro\",\"isPartOf\":{\"@id\":\"https:\/\/luxpro.pt\/en#website\"},\"primaryImageOfPage\":{\"@id\":\"https:\/\/luxpro.pt\/en\/produto\/caixa-para-material-eletrico-145-em-abs-ip65-frl145#primaryimage\"},\"image\":{\"@id\":\"https:\/\/luxpro.pt\/en\/produto\/caixa-para-material-eletrico-145-em-abs-ip65-frl145#primaryimage\"},\"thumbnailUrl\":\"https:\/\/luxpro.pt\/wp-content\/uploads\/2018\/09\/145-CZ-COM-BUCINS.jpg\",\"datePublished\":\"2018-09-04T10:54:35+00:00\",\"dateModified\":\"2023-12-10T21:04:27+00:00\",\"description\":\"\u2022 Caixa adapt\u00e1vel para ambientes industriais ou dom\u00e9sticos no interior ou exterior do mesmo; \u2022 Projetada para instala\u00e7\u00e3o de aparelhagem el\u00e9trica, que visa\",\"breadcrumb\":{\"@id\":\"https:\/\/luxpro.pt\/en\/produto\/caixa-para-material-eletrico-145-em-abs-ip65-frl145#breadcrumb\"},\"inLanguage\":\"en-US\",\"potentialAction\":[{\"@type\":\"ReadAction\",\"target\":[\"https:\/\/luxpro.pt\/en\/produto\/caixa-para-material-eletrico-145-em-abs-ip65-frl145\"]}]},{\"@type\":\"ImageObject\",\"inLanguage\":\"en-US\",\"@id\":\"https:\/\/luxpro.pt\/en\/produto\/caixa-para-material-eletrico-145-em-abs-ip65-frl145#primaryimage\",\"url\":\"https:\/\/luxpro.pt\/wp-content\/uploads\/2018\/09\/145-CZ-COM-BUCINS.jpg\",\"contentUrl\":\"https:\/\/luxpro.pt\/wp-content\/uploads\/2018\/09\/145-CZ-COM-BUCINS.jpg\",\"width\":1000,\"height\":1000},{\"@type\":\"BreadcrumbList\",\"@id\":\"https:\/\/luxpro.pt\/en\/produto\/caixa-para-material-eletrico-145-em-abs-ip65-frl145#breadcrumb\",\"itemListElement\":[{\"@type\":\"ListItem\",\"position\":1,\"name\":\"In\u00edcio\",\"item\":\"https:\/\/luxpro.pt\/en\"},{\"@type\":\"ListItem\",\"position\":2,\"name\":\"Shop\",\"item\":\"https:\/\/luxpro.pt\/en\/shop\"},{\"@type\":\"ListItem\",\"position\":3,\"name\":\"Caixa em Pl\u00e1stico 140x140x95mm C\/ Bucins IP65\"}]},{\"@type\":\"WebSite\",\"@id\":\"https:\/\/luxpro.pt\/en#website\",\"url\":\"https:\/\/luxpro.pt\/en\",\"name\":\"LuxPro\",\"description\":\"\",\"publisher\":{\"@id\":\"https:\/\/luxpro.pt\/en#\/schema\/person\/2d1bed59a52ad49be71622bef025e341\"},\"potentialAction\":[{\"@type\":\"SearchAction\",\"target\":{\"@type\":\"EntryPoint\",\"urlTemplate\":\"https:\/\/luxpro.pt\/en?s={search_term_string}\"},\"query-input\":{\"@type\":\"PropertyValueSpecification\",\"valueRequired\":true,\"valueName\":\"search_term_string\"}}],\"inLanguage\":\"en-US\"},{\"@type\":[\"Person\",\"Organization\"],\"@id\":\"https:\/\/luxpro.pt\/en#\/schema\/person\/2d1bed59a52ad49be71622bef025e341\",\"name\":\"Tiago Amadeu Ferreira\",\"image\":{\"@type\":\"ImageObject\",\"inLanguage\":\"en-US\",\"@id\":\"https:\/\/luxpro.pt\/en#\/schema\/person\/image\/\",\"url\":\"https:\/\/luxpro.pt\/wp-content\/uploads\/2017\/11\/logo.jpg\",\"contentUrl\":\"https:\/\/luxpro.pt\/wp-content\/uploads\/2017\/11\/logo.jpg\",\"width\":150,\"height\":33,\"caption\":\"Tiago Amadeu Ferreira\"},\"logo\":{\"@id\":\"https:\/\/luxpro.pt\/en#\/schema\/person\/image\/\"}}]}<\/script>\n<!-- \/ Yoast SEO plugin. -->","yoast_head_json":{"title":"Caixa em Pl\u00e1stico 140x140x95mm C\/ Bucins IP65 - LuxPro","description":"\u2022 Caixa adapt\u00e1vel para ambientes industriais ou dom\u00e9sticos no interior ou exterior do mesmo; \u2022 Projetada para instala\u00e7\u00e3o de aparelhagem el\u00e9trica, que visa","robots":{"index":"index","follow":"follow","max-snippet":"max-snippet:-1","max-image-preview":"max-image-preview:large","max-video-preview":"max-video-preview:-1"},"canonical":"https:\/\/luxpro.pt\/en\/produto\/caixa-para-material-eletrico-145-em-abs-ip65-frl145","og_locale":"en_US","og_type":"article","og_title":"Caixa em Pl\u00e1stico 140x140x95mm C\/ Bucins IP65 - LuxPro","og_description":"\u2022 Caixa adapt\u00e1vel para ambientes industriais ou dom\u00e9sticos no interior ou exterior do mesmo; \u2022 Projetada para instala\u00e7\u00e3o de aparelhagem el\u00e9trica, que visa","og_url":"https:\/\/luxpro.pt\/en\/produto\/caixa-para-material-eletrico-145-em-abs-ip65-frl145","og_site_name":"LuxPro","article_modified_time":"2023-12-10T21:04:27+00:00","og_image":[{"width":1000,"height":1000,"url":"https:\/\/luxpro.pt\/wp-content\/uploads\/2018\/09\/145-CZ-COM-BUCINS.jpg","type":"image\/jpeg"}],"twitter_card":"summary_large_image","twitter_misc":{"Est. reading time":"1 minute"},"schema":{"@context":"https:\/\/schema.org","@graph":[{"@type":"WebPage","@id":"https:\/\/luxpro.pt\/en\/produto\/caixa-para-material-eletrico-145-em-abs-ip65-frl145","url":"https:\/\/luxpro.pt\/en\/produto\/caixa-para-material-eletrico-145-em-abs-ip65-frl145","name":"Caixa em Pl\u00e1stico 140x140x95mm C\/ Bucins IP65 - LuxPro","isPartOf":{"@id":"https:\/\/luxpro.pt\/en#website"},"primaryImageOfPage":{"@id":"https:\/\/luxpro.pt\/en\/produto\/caixa-para-material-eletrico-145-em-abs-ip65-frl145#primaryimage"},"image":{"@id":"https:\/\/luxpro.pt\/en\/produto\/caixa-para-material-eletrico-145-em-abs-ip65-frl145#primaryimage"},"thumbnailUrl":"https:\/\/luxpro.pt\/wp-content\/uploads\/2018\/09\/145-CZ-COM-BUCINS.jpg","datePublished":"2018-09-04T10:54:35+00:00","dateModified":"2023-12-10T21:04:27+00:00","description":"\u2022 Caixa adapt\u00e1vel para ambientes industriais ou dom\u00e9sticos no interior ou exterior do mesmo; \u2022 Projetada para instala\u00e7\u00e3o de aparelhagem el\u00e9trica, que visa","breadcrumb":{"@id":"https:\/\/luxpro.pt\/en\/produto\/caixa-para-material-eletrico-145-em-abs-ip65-frl145#breadcrumb"},"inLanguage":"en-US","potentialAction":[{"@type":"ReadAction","target":["https:\/\/luxpro.pt\/en\/produto\/caixa-para-material-eletrico-145-em-abs-ip65-frl145"]}]},{"@type":"ImageObject","inLanguage":"en-US","@id":"https:\/\/luxpro.pt\/en\/produto\/caixa-para-material-eletrico-145-em-abs-ip65-frl145#primaryimage","url":"https:\/\/luxpro.pt\/wp-content\/uploads\/2018\/09\/145-CZ-COM-BUCINS.jpg","contentUrl":"https:\/\/luxpro.pt\/wp-content\/uploads\/2018\/09\/145-CZ-COM-BUCINS.jpg","width":1000,"height":1000},{"@type":"BreadcrumbList","@id":"https:\/\/luxpro.pt\/en\/produto\/caixa-para-material-eletrico-145-em-abs-ip65-frl145#breadcrumb","itemListElement":[{"@type":"ListItem","position":1,"name":"In\u00edcio","item":"https:\/\/luxpro.pt\/en"},{"@type":"ListItem","position":2,"name":"Shop","item":"https:\/\/luxpro.pt\/en\/shop"},{"@type":"ListItem","position":3,"name":"Caixa em Pl\u00e1stico 140x140x95mm C\/ Bucins IP65"}]},{"@type":"WebSite","@id":"https:\/\/luxpro.pt\/en#website","url":"https:\/\/luxpro.pt\/en","name":"LuxPro","description":"","publisher":{"@id":"https:\/\/luxpro.pt\/en#\/schema\/person\/2d1bed59a52ad49be71622bef025e341"},"potentialAction":[{"@type":"SearchAction","target":{"@type":"EntryPoint","urlTemplate":"https:\/\/luxpro.pt\/en?s={search_term_string}"},"query-input":{"@type":"PropertyValueSpecification","valueRequired":true,"valueName":"search_term_string"}}],"inLanguage":"en-US"},{"@type":["Person","Organization"],"@id":"https:\/\/luxpro.pt\/en#\/schema\/person\/2d1bed59a52ad49be71622bef025e341","name":"Tiago Amadeu Ferreira","image":{"@type":"ImageObject","inLanguage":"en-US","@id":"https:\/\/luxpro.pt\/en#\/schema\/person\/image\/","url":"https:\/\/luxpro.pt\/wp-content\/uploads\/2017\/11\/logo.jpg","contentUrl":"https:\/\/luxpro.pt\/wp-content\/uploads\/2017\/11\/logo.jpg","width":150,"height":33,"caption":"Tiago Amadeu Ferreira"},"logo":{"@id":"https:\/\/luxpro.pt\/en#\/schema\/person\/image\/"}}]}},"tiered_pricing_type":"fixed","tiered_pricing_fixed_rules":[],"tiered_pricing_product_settings":{"layout":"default","base_unit_name":{"singular":null,"plural":null},"default_variation":null},"tiered_pricing_minimum_quantity":null,"tiered_pricing_roles_data":[],"tiered_pricing_percentage_rules":[],"_links":{"self":[{"href":"https:\/\/luxpro.pt\/en\/wp-json\/wp\/v2\/product\/827","targetHints":{"allow":["GET"]}}],"collection":[{"href":"https:\/\/luxpro.pt\/en\/wp-json\/wp\/v2\/product"}],"about":[{"href":"https:\/\/luxpro.pt\/en\/wp-json\/wp\/v2\/types\/product"}],"replies":[{"embeddable":true,"href":"https:\/\/luxpro.pt\/en\/wp-json\/wp\/v2\/comments?post=827"}],"wp:featuredmedia":[{"embeddable":true,"href":"https:\/\/luxpro.pt\/en\/wp-json\/wp\/v2\/media\/828"}],"wp:attachment":[{"href":"https:\/\/luxpro.pt\/en\/wp-json\/wp\/v2\/media?parent=827"}],"wp:term":[{"taxonomy":"product_brand","embeddable":true,"href":"https:\/\/luxpro.pt\/en\/wp-json\/wp\/v2\/product_brand?post=827"},{"taxonomy":"product_cat","embeddable":true,"href":"https:\/\/luxpro.pt\/en\/wp-json\/wp\/v2\/product_cat?post=827"},{"taxonomy":"product_tag","embeddable":true,"href":"https:\/\/luxpro.pt\/en\/wp-json\/wp\/v2\/product_tag?post=827"}],"curies":[{"name":"wp","href":"https:\/\/api.w.org\/{rel}","templated":true}]}}