{"id":868,"date":"2018-09-04T10:55:06","date_gmt":"2018-09-04T10:55:06","guid":{"rendered":"https:\/\/luxpro.pt\/produto\/caixa-para-material-eletrico-quadro-sondas-digital-pequena-com-visor-frlqsdv\/"},"modified":"2024-09-01T17:47:56","modified_gmt":"2024-09-01T16:47:56","slug":"caixa-para-material-eletrico-quadro-com-visor","status":"publish","type":"product","link":"https:\/\/luxpro.pt\/en\/produto\/caixa-para-material-eletrico-quadro-com-visor","title":{"rendered":"Quadro Estanque QSVP C\/ Visor 8 mod\u00falos"},"content":{"rendered":"<p>\u2022 Caixa adapt\u00e1vel para ambientes industriais ou dom\u00e9sticos no interior ou exterior do mesmo;<br \/>\n\u2022 Projetada para instala\u00e7\u00e3o de aparelhagem de comando, deriva\u00e7\u00e3o de condutores ou conex\u00e3o de outros materiais;<br \/>\n\u2022 Caixa com um grau de prote\u00e7\u00e3o IP65. Resist\u00eancia ao impacto IK08;<br \/>\n\u2022 Material de fabrico em policarbonato com acabamento opaco na cor Cinza ou branca;<br \/>\n\u2022 Permite a op\u00e7\u00e3o de ter tamp\u00f5es em PVC plastificado ou completamente fechada (op\u00e7\u00e3o dever\u00e1 ser confirmada no ato da encomenda);<br \/>\n\u2022 M\u00e9todo de fecho atrav\u00e9s de quatro parafusos em policarbonato;<br \/>\n\u2022 Resistentes \u00e0 corros\u00e3o, aos agentes qu\u00edmicos e aos raios UV.<\/p>\n","protected":false},"excerpt":{"rendered":"<p>\u2022 Caixa adapt\u00e1vel para ambientes industriais ou dom\u00e9sticos no interior ou exterior do mesmo; \u2022 Projetada para instala\u00e7\u00e3o de aparelhagem de comando, deriva\u00e7\u00e3o de condutores ou conex\u00e3o de outros materiais; \u2022 Caixa com um grau de prote\u00e7\u00e3o IP65. Resist\u00eancia ao impacto IK08; \u2022 Material de fabrico em policarbonato com acabamento opaco na cor Cinza ou branca; \u2022 Permite a op\u00e7\u00e3o [&hellip;]<\/p>\n","protected":false},"featured_media":869,"comment_status":"closed","ping_status":"closed","template":"","meta":[],"product_brand":[],"product_cat":[695,26],"product_tag":[1593,1502,1638,1244],"class_list":{"0":"post-868","1":"product","2":"type-product","3":"status-publish","4":"has-post-thumbnail","6":"product_cat-quadros-estanques","7":"product_cat-caixas","8":"product_tag-caixa-8-modulos","9":"product_tag-quadro-estanque","10":"product_tag-quadro-para-piscina","11":"product_tag-quadro-piscina","12":"pa_material-de-fabrico-abs","13":"pa_acabamento-cinza-ral-7035","14":"pa_resistencia-mecanica-ik08","15":"pa_grau-de-isolamento-classe-ii","16":"pa_dimensoes-l220xa250xp120mm","18":"first","19":"instock","20":"taxable","21":"shipping-taxable","22":"purchasable","23":"product-type-simple"},"yoast_head":"<!-- This site is optimized with the Yoast SEO plugin v26.5 - https:\/\/yoast.com\/wordpress\/plugins\/seo\/ -->\n<title>Quadro Estanque QSVP C\/ Visor 8 mod\u00falos - LuxPro<\/title>\n<meta name=\"description\" content=\"\u2022 Caixa adapt\u00e1vel para ambientes industriais ou dom\u00e9sticos no interior ou exterior do mesmo; \u2022 Projetada para instala\u00e7\u00e3o de aparelhagem de comando,\" \/>\n<meta name=\"robots\" content=\"index, follow, max-snippet:-1, max-image-preview:large, max-video-preview:-1\" \/>\n<link rel=\"canonical\" href=\"https:\/\/luxpro.pt\/en\/produto\/caixa-para-material-eletrico-quadro-com-visor\" \/>\n<meta property=\"og:locale\" content=\"en_US\" \/>\n<meta property=\"og:type\" content=\"article\" \/>\n<meta property=\"og:title\" content=\"Quadro Estanque QSVP C\/ Visor 8 mod\u00falos - LuxPro\" \/>\n<meta property=\"og:description\" content=\"\u2022 Caixa adapt\u00e1vel para ambientes industriais ou dom\u00e9sticos no interior ou exterior do mesmo; \u2022 Projetada para instala\u00e7\u00e3o de aparelhagem de comando,\" \/>\n<meta property=\"og:url\" content=\"https:\/\/luxpro.pt\/en\/produto\/caixa-para-material-eletrico-quadro-com-visor\" \/>\n<meta property=\"og:site_name\" content=\"LuxPro\" \/>\n<meta property=\"article:modified_time\" content=\"2024-09-01T16:47:56+00:00\" \/>\n<meta property=\"og:image\" content=\"https:\/\/luxpro.pt\/wp-content\/uploads\/2018\/09\/CAIXA-QDIGITAL-PEQUENO.jpg\" \/>\n\t<meta property=\"og:image:width\" content=\"1000\" \/>\n\t<meta property=\"og:image:height\" content=\"1000\" \/>\n\t<meta property=\"og:image:type\" content=\"image\/jpeg\" \/>\n<meta name=\"twitter:card\" content=\"summary_large_image\" \/>\n<meta name=\"twitter:label1\" content=\"Est. reading time\" \/>\n\t<meta name=\"twitter:data1\" content=\"1 minute\" \/>\n<script type=\"application\/ld+json\" class=\"yoast-schema-graph\">{\"@context\":\"https:\/\/schema.org\",\"@graph\":[{\"@type\":\"WebPage\",\"@id\":\"https:\/\/luxpro.pt\/en\/produto\/caixa-para-material-eletrico-quadro-com-visor\",\"url\":\"https:\/\/luxpro.pt\/en\/produto\/caixa-para-material-eletrico-quadro-com-visor\",\"name\":\"Quadro Estanque QSVP C\/ Visor 8 mod\u00falos - LuxPro\",\"isPartOf\":{\"@id\":\"https:\/\/luxpro.pt\/en#website\"},\"primaryImageOfPage\":{\"@id\":\"https:\/\/luxpro.pt\/en\/produto\/caixa-para-material-eletrico-quadro-com-visor#primaryimage\"},\"image\":{\"@id\":\"https:\/\/luxpro.pt\/en\/produto\/caixa-para-material-eletrico-quadro-com-visor#primaryimage\"},\"thumbnailUrl\":\"https:\/\/luxpro.pt\/wp-content\/uploads\/2018\/09\/CAIXA-QDIGITAL-PEQUENO.jpg\",\"datePublished\":\"2018-09-04T10:55:06+00:00\",\"dateModified\":\"2024-09-01T16:47:56+00:00\",\"description\":\"\u2022 Caixa adapt\u00e1vel para ambientes industriais ou dom\u00e9sticos no interior ou exterior do mesmo; \u2022 Projetada para instala\u00e7\u00e3o de aparelhagem de comando,\",\"breadcrumb\":{\"@id\":\"https:\/\/luxpro.pt\/en\/produto\/caixa-para-material-eletrico-quadro-com-visor#breadcrumb\"},\"inLanguage\":\"en-US\",\"potentialAction\":[{\"@type\":\"ReadAction\",\"target\":[\"https:\/\/luxpro.pt\/en\/produto\/caixa-para-material-eletrico-quadro-com-visor\"]}]},{\"@type\":\"ImageObject\",\"inLanguage\":\"en-US\",\"@id\":\"https:\/\/luxpro.pt\/en\/produto\/caixa-para-material-eletrico-quadro-com-visor#primaryimage\",\"url\":\"https:\/\/luxpro.pt\/wp-content\/uploads\/2018\/09\/CAIXA-QDIGITAL-PEQUENO.jpg\",\"contentUrl\":\"https:\/\/luxpro.pt\/wp-content\/uploads\/2018\/09\/CAIXA-QDIGITAL-PEQUENO.jpg\",\"width\":1000,\"height\":1000},{\"@type\":\"BreadcrumbList\",\"@id\":\"https:\/\/luxpro.pt\/en\/produto\/caixa-para-material-eletrico-quadro-com-visor#breadcrumb\",\"itemListElement\":[{\"@type\":\"ListItem\",\"position\":1,\"name\":\"In\u00edcio\",\"item\":\"https:\/\/luxpro.pt\/en\"},{\"@type\":\"ListItem\",\"position\":2,\"name\":\"Shop\",\"item\":\"https:\/\/luxpro.pt\/en\/shop\"},{\"@type\":\"ListItem\",\"position\":3,\"name\":\"Quadro Estanque QSVP C\/ Visor 8 mod\u00falos\"}]},{\"@type\":\"WebSite\",\"@id\":\"https:\/\/luxpro.pt\/en#website\",\"url\":\"https:\/\/luxpro.pt\/en\",\"name\":\"LuxPro\",\"description\":\"\",\"publisher\":{\"@id\":\"https:\/\/luxpro.pt\/en#\/schema\/person\/2d1bed59a52ad49be71622bef025e341\"},\"potentialAction\":[{\"@type\":\"SearchAction\",\"target\":{\"@type\":\"EntryPoint\",\"urlTemplate\":\"https:\/\/luxpro.pt\/en?s={search_term_string}\"},\"query-input\":{\"@type\":\"PropertyValueSpecification\",\"valueRequired\":true,\"valueName\":\"search_term_string\"}}],\"inLanguage\":\"en-US\"},{\"@type\":[\"Person\",\"Organization\"],\"@id\":\"https:\/\/luxpro.pt\/en#\/schema\/person\/2d1bed59a52ad49be71622bef025e341\",\"name\":\"Tiago Amadeu Ferreira\",\"image\":{\"@type\":\"ImageObject\",\"inLanguage\":\"en-US\",\"@id\":\"https:\/\/luxpro.pt\/en#\/schema\/person\/image\/\",\"url\":\"https:\/\/luxpro.pt\/wp-content\/uploads\/2017\/11\/logo.jpg\",\"contentUrl\":\"https:\/\/luxpro.pt\/wp-content\/uploads\/2017\/11\/logo.jpg\",\"width\":150,\"height\":33,\"caption\":\"Tiago Amadeu Ferreira\"},\"logo\":{\"@id\":\"https:\/\/luxpro.pt\/en#\/schema\/person\/image\/\"}}]}<\/script>\n<!-- \/ Yoast SEO plugin. -->","yoast_head_json":{"title":"Quadro Estanque QSVP C\/ Visor 8 mod\u00falos - LuxPro","description":"\u2022 Caixa adapt\u00e1vel para ambientes industriais ou dom\u00e9sticos no interior ou exterior do mesmo; \u2022 Projetada para instala\u00e7\u00e3o de aparelhagem de comando,","robots":{"index":"index","follow":"follow","max-snippet":"max-snippet:-1","max-image-preview":"max-image-preview:large","max-video-preview":"max-video-preview:-1"},"canonical":"https:\/\/luxpro.pt\/en\/produto\/caixa-para-material-eletrico-quadro-com-visor","og_locale":"en_US","og_type":"article","og_title":"Quadro Estanque QSVP C\/ Visor 8 mod\u00falos - LuxPro","og_description":"\u2022 Caixa adapt\u00e1vel para ambientes industriais ou dom\u00e9sticos no interior ou exterior do mesmo; \u2022 Projetada para instala\u00e7\u00e3o de aparelhagem de comando,","og_url":"https:\/\/luxpro.pt\/en\/produto\/caixa-para-material-eletrico-quadro-com-visor","og_site_name":"LuxPro","article_modified_time":"2024-09-01T16:47:56+00:00","og_image":[{"width":1000,"height":1000,"url":"https:\/\/luxpro.pt\/wp-content\/uploads\/2018\/09\/CAIXA-QDIGITAL-PEQUENO.jpg","type":"image\/jpeg"}],"twitter_card":"summary_large_image","twitter_misc":{"Est. reading time":"1 minute"},"schema":{"@context":"https:\/\/schema.org","@graph":[{"@type":"WebPage","@id":"https:\/\/luxpro.pt\/en\/produto\/caixa-para-material-eletrico-quadro-com-visor","url":"https:\/\/luxpro.pt\/en\/produto\/caixa-para-material-eletrico-quadro-com-visor","name":"Quadro Estanque QSVP C\/ Visor 8 mod\u00falos - LuxPro","isPartOf":{"@id":"https:\/\/luxpro.pt\/en#website"},"primaryImageOfPage":{"@id":"https:\/\/luxpro.pt\/en\/produto\/caixa-para-material-eletrico-quadro-com-visor#primaryimage"},"image":{"@id":"https:\/\/luxpro.pt\/en\/produto\/caixa-para-material-eletrico-quadro-com-visor#primaryimage"},"thumbnailUrl":"https:\/\/luxpro.pt\/wp-content\/uploads\/2018\/09\/CAIXA-QDIGITAL-PEQUENO.jpg","datePublished":"2018-09-04T10:55:06+00:00","dateModified":"2024-09-01T16:47:56+00:00","description":"\u2022 Caixa adapt\u00e1vel para ambientes industriais ou dom\u00e9sticos no interior ou exterior do mesmo; \u2022 Projetada para instala\u00e7\u00e3o de aparelhagem de comando,","breadcrumb":{"@id":"https:\/\/luxpro.pt\/en\/produto\/caixa-para-material-eletrico-quadro-com-visor#breadcrumb"},"inLanguage":"en-US","potentialAction":[{"@type":"ReadAction","target":["https:\/\/luxpro.pt\/en\/produto\/caixa-para-material-eletrico-quadro-com-visor"]}]},{"@type":"ImageObject","inLanguage":"en-US","@id":"https:\/\/luxpro.pt\/en\/produto\/caixa-para-material-eletrico-quadro-com-visor#primaryimage","url":"https:\/\/luxpro.pt\/wp-content\/uploads\/2018\/09\/CAIXA-QDIGITAL-PEQUENO.jpg","contentUrl":"https:\/\/luxpro.pt\/wp-content\/uploads\/2018\/09\/CAIXA-QDIGITAL-PEQUENO.jpg","width":1000,"height":1000},{"@type":"BreadcrumbList","@id":"https:\/\/luxpro.pt\/en\/produto\/caixa-para-material-eletrico-quadro-com-visor#breadcrumb","itemListElement":[{"@type":"ListItem","position":1,"name":"In\u00edcio","item":"https:\/\/luxpro.pt\/en"},{"@type":"ListItem","position":2,"name":"Shop","item":"https:\/\/luxpro.pt\/en\/shop"},{"@type":"ListItem","position":3,"name":"Quadro Estanque QSVP C\/ Visor 8 mod\u00falos"}]},{"@type":"WebSite","@id":"https:\/\/luxpro.pt\/en#website","url":"https:\/\/luxpro.pt\/en","name":"LuxPro","description":"","publisher":{"@id":"https:\/\/luxpro.pt\/en#\/schema\/person\/2d1bed59a52ad49be71622bef025e341"},"potentialAction":[{"@type":"SearchAction","target":{"@type":"EntryPoint","urlTemplate":"https:\/\/luxpro.pt\/en?s={search_term_string}"},"query-input":{"@type":"PropertyValueSpecification","valueRequired":true,"valueName":"search_term_string"}}],"inLanguage":"en-US"},{"@type":["Person","Organization"],"@id":"https:\/\/luxpro.pt\/en#\/schema\/person\/2d1bed59a52ad49be71622bef025e341","name":"Tiago Amadeu Ferreira","image":{"@type":"ImageObject","inLanguage":"en-US","@id":"https:\/\/luxpro.pt\/en#\/schema\/person\/image\/","url":"https:\/\/luxpro.pt\/wp-content\/uploads\/2017\/11\/logo.jpg","contentUrl":"https:\/\/luxpro.pt\/wp-content\/uploads\/2017\/11\/logo.jpg","width":150,"height":33,"caption":"Tiago Amadeu Ferreira"},"logo":{"@id":"https:\/\/luxpro.pt\/en#\/schema\/person\/image\/"}}]}},"tiered_pricing_type":"fixed","tiered_pricing_fixed_rules":[],"tiered_pricing_product_settings":{"layout":"default","base_unit_name":{"singular":null,"plural":null},"default_variation":null},"tiered_pricing_minimum_quantity":null,"tiered_pricing_roles_data":[],"tiered_pricing_percentage_rules":[],"_links":{"self":[{"href":"https:\/\/luxpro.pt\/en\/wp-json\/wp\/v2\/product\/868","targetHints":{"allow":["GET"]}}],"collection":[{"href":"https:\/\/luxpro.pt\/en\/wp-json\/wp\/v2\/product"}],"about":[{"href":"https:\/\/luxpro.pt\/en\/wp-json\/wp\/v2\/types\/product"}],"replies":[{"embeddable":true,"href":"https:\/\/luxpro.pt\/en\/wp-json\/wp\/v2\/comments?post=868"}],"wp:featuredmedia":[{"embeddable":true,"href":"https:\/\/luxpro.pt\/en\/wp-json\/wp\/v2\/media\/869"}],"wp:attachment":[{"href":"https:\/\/luxpro.pt\/en\/wp-json\/wp\/v2\/media?parent=868"}],"wp:term":[{"taxonomy":"product_brand","embeddable":true,"href":"https:\/\/luxpro.pt\/en\/wp-json\/wp\/v2\/product_brand?post=868"},{"taxonomy":"product_cat","embeddable":true,"href":"https:\/\/luxpro.pt\/en\/wp-json\/wp\/v2\/product_cat?post=868"},{"taxonomy":"product_tag","embeddable":true,"href":"https:\/\/luxpro.pt\/en\/wp-json\/wp\/v2\/product_tag?post=868"}],"curies":[{"name":"wp","href":"https:\/\/api.w.org\/{rel}","templated":true}]}}