{"id":8688,"date":"2021-11-24T11:02:45","date_gmt":"2021-11-24T11:02:45","guid":{"rendered":"https:\/\/luxpro.pt\/?post_type=product&#038;p=8688"},"modified":"2026-03-09T20:34:24","modified_gmt":"2026-03-09T20:34:24","slug":"kit-audio-soul-s4110-t-art-1p","status":"publish","type":"product","link":"https:\/\/luxpro.pt\/en\/produto\/kit-audio-soul-s4110-t-art-1p","title":{"rendered":"Kit de Audio SOUL S4110 \/ ART 1P M\u00e3os Livres"},"content":{"rendered":"<ul>\n<li>Painel da porta\u00a0\u00a0<a href=\"https:\/\/www.golmar.es\/products\/soul-1a\">SOUL \/ 1A<\/a>\u00a0\u00a0\u00e0 prova de vandalismo de \u00e1udio com um bot\u00e3o.<\/li>\n<li>Telefone\u00a0\u00a0<a href=\"https:\/\/www.golmar.es\/products\/t-art-telephone\">T-ART \/ G2 +<\/a>\u00a0.<\/li>\n<li>Fonte de alimenta\u00e7\u00e3o FA-G2 + \/ LITE.<\/li>\n<\/ul>\n<p><strong>Caracter\u00edsticas do painel SOUL \/ 1A:<\/strong><\/p>\n<p>Frente em zamak com acabamento em grafite.<br \/>\nPainel da porta \u00e0 prova de vandalismo (IK-07) e \u00e0 prova de intemp\u00e9ries (IP-44).<br \/>\nOs leds indicam os diferentes estados do sistema (chamada em curso, comunica\u00e7\u00e3o, abertura de porta ou sistema ocupado).<br \/>\nBot\u00e3o de chamada met\u00e1lico.<br \/>\nComunica\u00e7\u00e3o secreta de \u00e1udio e abertura de porta.<br \/>\nSa\u00edda de rel\u00e9 para acionamento de duas portas.<br \/>\nInclui prote\u00e7\u00e3o contra chuva.\u00a0Instala\u00e7\u00e3o de superf\u00edcie.<\/p>\n<p>Dimens\u00f5es: 90 (L) x 170 (A) x 27 (P) mm.<\/p>\n<h4>Unidade de \u00e1udio m\u00e3os livres ART 1\/G2+<\/h4>\n<ul>\n<li>instala\u00e7\u00e3o digital &#8220;G2+&#8221; a dois fios.<\/li>\n<li>Carca\u00e7a fabricada em ABS polido de cor branca.<\/li>\n<li>Bot\u00f5es de toque capacitivo com confirma\u00e7\u00e3o ac\u00fastica ao pressionar.<\/li>\n<li>Instala\u00e7\u00e3o de superf\u00edcie.\u00a0Profundidade sem tira 15mm, profundidade com tira 23mm.<\/li>\n<li>Inclui conector de montagem.<\/li>\n<\/ul>\n<p>Dimens\u00f5es: 90(L) x 138(A) x 15(P) mm.<\/p>\n","protected":false},"excerpt":{"rendered":"<p>Painel da porta\u00a0\u00a0SOUL \/ 1A\u00a0\u00a0\u00e0 prova de vandalismo de \u00e1udio com um bot\u00e3o. Telefone\u00a0\u00a0T-ART \/ G2 +\u00a0. Fonte de alimenta\u00e7\u00e3o FA-G2 + \/ LITE. Caracter\u00edsticas do painel SOUL \/ 1A: Frente em zamak com acabamento em grafite. Painel da porta \u00e0 prova de vandalismo (IK-07) e \u00e0 prova de intemp\u00e9ries (IP-44). Os leds indicam os diferentes estados do sistema (chamada [&hellip;]<\/p>\n","protected":false},"featured_media":8689,"comment_status":"open","ping_status":"closed","template":"","meta":[],"product_brand":[],"product_cat":[1157],"product_tag":[1382,804,801,781,1220],"class_list":{"0":"post-8688","1":"product","2":"type-product","3":"status-publish","4":"has-post-thumbnail","6":"product_cat-kits-audio","7":"product_tag-art1","8":"product_tag-audio","9":"product_tag-campainha","10":"product_tag-golmar","11":"product_tag-soul","13":"first","14":"instock","15":"taxable","16":"shipping-taxable","17":"purchasable","18":"product-type-simple"},"yoast_head":"<!-- This site is optimized with the Yoast SEO plugin v26.5 - https:\/\/yoast.com\/wordpress\/plugins\/seo\/ -->\n<title>Kit de Audio SOUL S4110 \/ ART 1P M\u00e3os Livres - LuxPro<\/title>\n<meta name=\"description\" content=\"Painel da porta\u00a0\u00a0SOUL \/ 1A\u00a0\u00a0\u00e0 prova de vandalismo de \u00e1udio com um bot\u00e3o. Telefone\u00a0\u00a0T-ART \/ G2 +\u00a0. Fonte de alimenta\u00e7\u00e3o FA-G2 + \/ LITE. Caracter\u00edsticas do\" \/>\n<meta name=\"robots\" content=\"index, follow, max-snippet:-1, max-image-preview:large, max-video-preview:-1\" \/>\n<link rel=\"canonical\" href=\"https:\/\/luxpro.pt\/en\/produto\/kit-audio-soul-s4110-t-art-1p\" \/>\n<meta property=\"og:locale\" content=\"en_US\" \/>\n<meta property=\"og:type\" content=\"article\" \/>\n<meta property=\"og:title\" content=\"Kit de Audio SOUL S4110 \/ ART 1P M\u00e3os Livres - LuxPro\" \/>\n<meta property=\"og:description\" content=\"Painel da porta\u00a0\u00a0SOUL \/ 1A\u00a0\u00a0\u00e0 prova de vandalismo de \u00e1udio com um bot\u00e3o. Telefone\u00a0\u00a0T-ART \/ G2 +\u00a0. Fonte de alimenta\u00e7\u00e3o FA-G2 + \/ LITE. Caracter\u00edsticas do\" \/>\n<meta property=\"og:url\" content=\"https:\/\/luxpro.pt\/en\/produto\/kit-audio-soul-s4110-t-art-1p\" \/>\n<meta property=\"og:site_name\" content=\"LuxPro\" \/>\n<meta property=\"article:modified_time\" content=\"2026-03-09T20:34:24+00:00\" \/>\n<meta property=\"og:image\" content=\"https:\/\/luxpro.pt\/wp-content\/uploads\/2021\/11\/golmar-12204115.jpeg\" \/>\n\t<meta property=\"og:image:width\" content=\"800\" \/>\n\t<meta property=\"og:image:height\" content=\"800\" \/>\n\t<meta property=\"og:image:type\" content=\"image\/jpeg\" \/>\n<meta name=\"twitter:card\" content=\"summary_large_image\" \/>\n<meta name=\"twitter:label1\" content=\"Est. reading time\" \/>\n\t<meta name=\"twitter:data1\" content=\"2 minutes\" \/>\n<script type=\"application\/ld+json\" class=\"yoast-schema-graph\">{\"@context\":\"https:\/\/schema.org\",\"@graph\":[{\"@type\":\"WebPage\",\"@id\":\"https:\/\/luxpro.pt\/en\/produto\/kit-audio-soul-s4110-t-art-1p\",\"url\":\"https:\/\/luxpro.pt\/en\/produto\/kit-audio-soul-s4110-t-art-1p\",\"name\":\"Kit de Audio SOUL S4110 \/ ART 1P M\u00e3os Livres - LuxPro\",\"isPartOf\":{\"@id\":\"https:\/\/luxpro.pt\/en#website\"},\"primaryImageOfPage\":{\"@id\":\"https:\/\/luxpro.pt\/en\/produto\/kit-audio-soul-s4110-t-art-1p#primaryimage\"},\"image\":{\"@id\":\"https:\/\/luxpro.pt\/en\/produto\/kit-audio-soul-s4110-t-art-1p#primaryimage\"},\"thumbnailUrl\":\"https:\/\/luxpro.pt\/wp-content\/uploads\/2021\/11\/golmar-12204115.jpeg\",\"datePublished\":\"2021-11-24T11:02:45+00:00\",\"dateModified\":\"2026-03-09T20:34:24+00:00\",\"description\":\"Painel da porta\u00a0\u00a0SOUL \/ 1A\u00a0\u00a0\u00e0 prova de vandalismo de \u00e1udio com um bot\u00e3o. Telefone\u00a0\u00a0T-ART \/ G2 +\u00a0. Fonte de alimenta\u00e7\u00e3o FA-G2 + \/ LITE. Caracter\u00edsticas do\",\"breadcrumb\":{\"@id\":\"https:\/\/luxpro.pt\/en\/produto\/kit-audio-soul-s4110-t-art-1p#breadcrumb\"},\"inLanguage\":\"en-US\",\"potentialAction\":[{\"@type\":\"ReadAction\",\"target\":[\"https:\/\/luxpro.pt\/en\/produto\/kit-audio-soul-s4110-t-art-1p\"]}]},{\"@type\":\"ImageObject\",\"inLanguage\":\"en-US\",\"@id\":\"https:\/\/luxpro.pt\/en\/produto\/kit-audio-soul-s4110-t-art-1p#primaryimage\",\"url\":\"https:\/\/luxpro.pt\/wp-content\/uploads\/2021\/11\/golmar-12204115.jpeg\",\"contentUrl\":\"https:\/\/luxpro.pt\/wp-content\/uploads\/2021\/11\/golmar-12204115.jpeg\",\"width\":800,\"height\":800},{\"@type\":\"BreadcrumbList\",\"@id\":\"https:\/\/luxpro.pt\/en\/produto\/kit-audio-soul-s4110-t-art-1p#breadcrumb\",\"itemListElement\":[{\"@type\":\"ListItem\",\"position\":1,\"name\":\"In\u00edcio\",\"item\":\"https:\/\/luxpro.pt\/en\"},{\"@type\":\"ListItem\",\"position\":2,\"name\":\"Shop\",\"item\":\"https:\/\/luxpro.pt\/en\/shop\"},{\"@type\":\"ListItem\",\"position\":3,\"name\":\"Kit de Audio SOUL S4110 \/ ART 1P M\u00e3os Livres\"}]},{\"@type\":\"WebSite\",\"@id\":\"https:\/\/luxpro.pt\/en#website\",\"url\":\"https:\/\/luxpro.pt\/en\",\"name\":\"LuxPro\",\"description\":\"\",\"publisher\":{\"@id\":\"https:\/\/luxpro.pt\/en#\/schema\/person\/2d1bed59a52ad49be71622bef025e341\"},\"potentialAction\":[{\"@type\":\"SearchAction\",\"target\":{\"@type\":\"EntryPoint\",\"urlTemplate\":\"https:\/\/luxpro.pt\/en?s={search_term_string}\"},\"query-input\":{\"@type\":\"PropertyValueSpecification\",\"valueRequired\":true,\"valueName\":\"search_term_string\"}}],\"inLanguage\":\"en-US\"},{\"@type\":[\"Person\",\"Organization\"],\"@id\":\"https:\/\/luxpro.pt\/en#\/schema\/person\/2d1bed59a52ad49be71622bef025e341\",\"name\":\"Tiago Amadeu Ferreira\",\"image\":{\"@type\":\"ImageObject\",\"inLanguage\":\"en-US\",\"@id\":\"https:\/\/luxpro.pt\/en#\/schema\/person\/image\/\",\"url\":\"https:\/\/luxpro.pt\/wp-content\/uploads\/2017\/11\/logo.jpg\",\"contentUrl\":\"https:\/\/luxpro.pt\/wp-content\/uploads\/2017\/11\/logo.jpg\",\"width\":150,\"height\":33,\"caption\":\"Tiago Amadeu Ferreira\"},\"logo\":{\"@id\":\"https:\/\/luxpro.pt\/en#\/schema\/person\/image\/\"}}]}<\/script>\n<!-- \/ Yoast SEO plugin. -->","yoast_head_json":{"title":"Kit de Audio SOUL S4110 \/ ART 1P M\u00e3os Livres - LuxPro","description":"Painel da porta\u00a0\u00a0SOUL \/ 1A\u00a0\u00a0\u00e0 prova de vandalismo de \u00e1udio com um bot\u00e3o. Telefone\u00a0\u00a0T-ART \/ G2 +\u00a0. Fonte de alimenta\u00e7\u00e3o FA-G2 + \/ LITE. Caracter\u00edsticas do","robots":{"index":"index","follow":"follow","max-snippet":"max-snippet:-1","max-image-preview":"max-image-preview:large","max-video-preview":"max-video-preview:-1"},"canonical":"https:\/\/luxpro.pt\/en\/produto\/kit-audio-soul-s4110-t-art-1p","og_locale":"en_US","og_type":"article","og_title":"Kit de Audio SOUL S4110 \/ ART 1P M\u00e3os Livres - LuxPro","og_description":"Painel da porta\u00a0\u00a0SOUL \/ 1A\u00a0\u00a0\u00e0 prova de vandalismo de \u00e1udio com um bot\u00e3o. Telefone\u00a0\u00a0T-ART \/ G2 +\u00a0. Fonte de alimenta\u00e7\u00e3o FA-G2 + \/ LITE. Caracter\u00edsticas do","og_url":"https:\/\/luxpro.pt\/en\/produto\/kit-audio-soul-s4110-t-art-1p","og_site_name":"LuxPro","article_modified_time":"2026-03-09T20:34:24+00:00","og_image":[{"width":800,"height":800,"url":"https:\/\/luxpro.pt\/wp-content\/uploads\/2021\/11\/golmar-12204115.jpeg","type":"image\/jpeg"}],"twitter_card":"summary_large_image","twitter_misc":{"Est. reading time":"2 minutes"},"schema":{"@context":"https:\/\/schema.org","@graph":[{"@type":"WebPage","@id":"https:\/\/luxpro.pt\/en\/produto\/kit-audio-soul-s4110-t-art-1p","url":"https:\/\/luxpro.pt\/en\/produto\/kit-audio-soul-s4110-t-art-1p","name":"Kit de Audio SOUL S4110 \/ ART 1P M\u00e3os Livres - LuxPro","isPartOf":{"@id":"https:\/\/luxpro.pt\/en#website"},"primaryImageOfPage":{"@id":"https:\/\/luxpro.pt\/en\/produto\/kit-audio-soul-s4110-t-art-1p#primaryimage"},"image":{"@id":"https:\/\/luxpro.pt\/en\/produto\/kit-audio-soul-s4110-t-art-1p#primaryimage"},"thumbnailUrl":"https:\/\/luxpro.pt\/wp-content\/uploads\/2021\/11\/golmar-12204115.jpeg","datePublished":"2021-11-24T11:02:45+00:00","dateModified":"2026-03-09T20:34:24+00:00","description":"Painel da porta\u00a0\u00a0SOUL \/ 1A\u00a0\u00a0\u00e0 prova de vandalismo de \u00e1udio com um bot\u00e3o. Telefone\u00a0\u00a0T-ART \/ G2 +\u00a0. Fonte de alimenta\u00e7\u00e3o FA-G2 + \/ LITE. Caracter\u00edsticas do","breadcrumb":{"@id":"https:\/\/luxpro.pt\/en\/produto\/kit-audio-soul-s4110-t-art-1p#breadcrumb"},"inLanguage":"en-US","potentialAction":[{"@type":"ReadAction","target":["https:\/\/luxpro.pt\/en\/produto\/kit-audio-soul-s4110-t-art-1p"]}]},{"@type":"ImageObject","inLanguage":"en-US","@id":"https:\/\/luxpro.pt\/en\/produto\/kit-audio-soul-s4110-t-art-1p#primaryimage","url":"https:\/\/luxpro.pt\/wp-content\/uploads\/2021\/11\/golmar-12204115.jpeg","contentUrl":"https:\/\/luxpro.pt\/wp-content\/uploads\/2021\/11\/golmar-12204115.jpeg","width":800,"height":800},{"@type":"BreadcrumbList","@id":"https:\/\/luxpro.pt\/en\/produto\/kit-audio-soul-s4110-t-art-1p#breadcrumb","itemListElement":[{"@type":"ListItem","position":1,"name":"In\u00edcio","item":"https:\/\/luxpro.pt\/en"},{"@type":"ListItem","position":2,"name":"Shop","item":"https:\/\/luxpro.pt\/en\/shop"},{"@type":"ListItem","position":3,"name":"Kit de Audio SOUL S4110 \/ ART 1P M\u00e3os Livres"}]},{"@type":"WebSite","@id":"https:\/\/luxpro.pt\/en#website","url":"https:\/\/luxpro.pt\/en","name":"LuxPro","description":"","publisher":{"@id":"https:\/\/luxpro.pt\/en#\/schema\/person\/2d1bed59a52ad49be71622bef025e341"},"potentialAction":[{"@type":"SearchAction","target":{"@type":"EntryPoint","urlTemplate":"https:\/\/luxpro.pt\/en?s={search_term_string}"},"query-input":{"@type":"PropertyValueSpecification","valueRequired":true,"valueName":"search_term_string"}}],"inLanguage":"en-US"},{"@type":["Person","Organization"],"@id":"https:\/\/luxpro.pt\/en#\/schema\/person\/2d1bed59a52ad49be71622bef025e341","name":"Tiago Amadeu Ferreira","image":{"@type":"ImageObject","inLanguage":"en-US","@id":"https:\/\/luxpro.pt\/en#\/schema\/person\/image\/","url":"https:\/\/luxpro.pt\/wp-content\/uploads\/2017\/11\/logo.jpg","contentUrl":"https:\/\/luxpro.pt\/wp-content\/uploads\/2017\/11\/logo.jpg","width":150,"height":33,"caption":"Tiago Amadeu Ferreira"},"logo":{"@id":"https:\/\/luxpro.pt\/en#\/schema\/person\/image\/"}}]}},"tiered_pricing_type":"fixed","tiered_pricing_fixed_rules":[],"tiered_pricing_product_settings":{"layout":"default","base_unit_name":{"singular":null,"plural":null},"default_variation":null},"tiered_pricing_minimum_quantity":null,"tiered_pricing_roles_data":[],"tiered_pricing_percentage_rules":[],"_links":{"self":[{"href":"https:\/\/luxpro.pt\/en\/wp-json\/wp\/v2\/product\/8688","targetHints":{"allow":["GET"]}}],"collection":[{"href":"https:\/\/luxpro.pt\/en\/wp-json\/wp\/v2\/product"}],"about":[{"href":"https:\/\/luxpro.pt\/en\/wp-json\/wp\/v2\/types\/product"}],"replies":[{"embeddable":true,"href":"https:\/\/luxpro.pt\/en\/wp-json\/wp\/v2\/comments?post=8688"}],"wp:featuredmedia":[{"embeddable":true,"href":"https:\/\/luxpro.pt\/en\/wp-json\/wp\/v2\/media\/8689"}],"wp:attachment":[{"href":"https:\/\/luxpro.pt\/en\/wp-json\/wp\/v2\/media?parent=8688"}],"wp:term":[{"taxonomy":"product_brand","embeddable":true,"href":"https:\/\/luxpro.pt\/en\/wp-json\/wp\/v2\/product_brand?post=8688"},{"taxonomy":"product_cat","embeddable":true,"href":"https:\/\/luxpro.pt\/en\/wp-json\/wp\/v2\/product_cat?post=8688"},{"taxonomy":"product_tag","embeddable":true,"href":"https:\/\/luxpro.pt\/en\/wp-json\/wp\/v2\/product_tag?post=8688"}],"curies":[{"name":"wp","href":"https:\/\/api.w.org\/{rel}","templated":true}]}}