{"id":874,"date":"2018-09-04T10:55:06","date_gmt":"2018-09-04T10:55:06","guid":{"rendered":"https:\/\/luxpro.pt\/produto\/caixa-para-material-eletrico-quadro-sondas-ondulada-frlqsond\/"},"modified":"2023-11-09T23:00:30","modified_gmt":"2023-11-09T23:00:30","slug":"caixa-para-material-eletrico-quadro-sondas-ondulada-frlqsond","status":"publish","type":"product","link":"https:\/\/luxpro.pt\/en\/produto\/caixa-para-material-eletrico-quadro-sondas-ondulada-frlqsond","title":{"rendered":"Caixa Quadro de Comando Ondulada"},"content":{"rendered":"<p>\u2022 Caixa adapt\u00e1vel para ambientes industriais ou dom\u00e9sticos no interior ou exterior do mesmo;<br \/>\n\u2022 Projetada para instala\u00e7\u00e3o de aparelhagem de comando, deriva\u00e7\u00e3o de condutores ou conex\u00e3o de outros materiais. Com esta caixa \u00e9 poss\u00edvel fazer um quadro el\u00e9trico;<br \/>\n\u2022 Caixa com um grau de prote\u00e7\u00e3o IP 65. Resist\u00eancia ao impacto IK08;<br \/>\n\u2022 Material de fabrico emPC\/ABS;<br \/>\n\u2022 M\u00e9todo de fecho atrav\u00e9s de quatro parafusos em PC\/ABS;<br \/>\n\u2022 Resistentes \u00e0 corros\u00e3o, aos agentes qu\u00edmicos e aos raios UV.<\/p>\n","protected":false},"excerpt":{"rendered":"<p>\u2022 Caixa adapt\u00e1vel para ambientes industriais ou dom\u00e9sticos no interior ou exterior do mesmo; \u2022 Projetada para instala\u00e7\u00e3o de aparelhagem de comando, deriva\u00e7\u00e3o de condutores ou conex\u00e3o de outros materiais. Com esta caixa \u00e9 poss\u00edvel fazer um quadro el\u00e9trico; \u2022 Caixa com um grau de prote\u00e7\u00e3o IP 65. Resist\u00eancia ao impacto IK08; \u2022 Material de fabrico emPC\/ABS; \u2022 M\u00e9todo de [&hellip;]<\/p>\n","protected":false},"featured_media":875,"comment_status":"closed","ping_status":"closed","template":"","meta":[],"product_brand":[],"product_cat":[26],"product_tag":[],"class_list":{"0":"post-874","1":"product","2":"type-product","3":"status-publish","4":"has-post-thumbnail","6":"product_cat-caixas","7":"pa_material-de-fabrico-abs","8":"pa_acabamento-cinza-ral-7035","9":"pa_resistencia-mecanica-ik08","10":"pa_grau-de-isolamento-classe-ii","11":"pa_dimensoes-l260xa295xp185mm","13":"first","14":"instock","15":"taxable","16":"shipping-taxable","17":"purchasable","18":"product-type-simple"},"yoast_head":"<!-- This site is optimized with the Yoast SEO plugin v26.5 - https:\/\/yoast.com\/wordpress\/plugins\/seo\/ -->\n<title>Caixa Quadro de Comando Ondulada - LuxPro<\/title>\n<meta name=\"description\" content=\"\u2022 Caixa adapt\u00e1vel para ambientes industriais ou dom\u00e9sticos no interior ou exterior do mesmo; \u2022 Projetada para instala\u00e7\u00e3o de aparelhagem de comando,\" \/>\n<meta name=\"robots\" content=\"index, follow, max-snippet:-1, max-image-preview:large, max-video-preview:-1\" \/>\n<link rel=\"canonical\" href=\"https:\/\/luxpro.pt\/en\/produto\/caixa-para-material-eletrico-quadro-sondas-ondulada-frlqsond\" \/>\n<meta property=\"og:locale\" content=\"en_US\" \/>\n<meta property=\"og:type\" content=\"article\" \/>\n<meta property=\"og:title\" content=\"Caixa Quadro de Comando Ondulada - LuxPro\" \/>\n<meta property=\"og:description\" content=\"\u2022 Caixa adapt\u00e1vel para ambientes industriais ou dom\u00e9sticos no interior ou exterior do mesmo; \u2022 Projetada para instala\u00e7\u00e3o de aparelhagem de comando,\" \/>\n<meta property=\"og:url\" content=\"https:\/\/luxpro.pt\/en\/produto\/caixa-para-material-eletrico-quadro-sondas-ondulada-frlqsond\" \/>\n<meta property=\"og:site_name\" content=\"LuxPro\" \/>\n<meta property=\"article:modified_time\" content=\"2023-11-09T23:00:30+00:00\" \/>\n<meta property=\"og:image\" content=\"https:\/\/luxpro.pt\/wp-content\/uploads\/2018\/09\/QSG-OND.jpg\" \/>\n\t<meta property=\"og:image:width\" content=\"1000\" \/>\n\t<meta property=\"og:image:height\" content=\"1000\" \/>\n\t<meta property=\"og:image:type\" content=\"image\/jpeg\" \/>\n<meta name=\"twitter:card\" content=\"summary_large_image\" \/>\n<meta name=\"twitter:label1\" content=\"Est. reading time\" \/>\n\t<meta name=\"twitter:data1\" content=\"1 minute\" \/>\n<script type=\"application\/ld+json\" class=\"yoast-schema-graph\">{\"@context\":\"https:\/\/schema.org\",\"@graph\":[{\"@type\":\"WebPage\",\"@id\":\"https:\/\/luxpro.pt\/en\/produto\/caixa-para-material-eletrico-quadro-sondas-ondulada-frlqsond\",\"url\":\"https:\/\/luxpro.pt\/en\/produto\/caixa-para-material-eletrico-quadro-sondas-ondulada-frlqsond\",\"name\":\"Caixa Quadro de Comando Ondulada - LuxPro\",\"isPartOf\":{\"@id\":\"https:\/\/luxpro.pt\/en#website\"},\"primaryImageOfPage\":{\"@id\":\"https:\/\/luxpro.pt\/en\/produto\/caixa-para-material-eletrico-quadro-sondas-ondulada-frlqsond#primaryimage\"},\"image\":{\"@id\":\"https:\/\/luxpro.pt\/en\/produto\/caixa-para-material-eletrico-quadro-sondas-ondulada-frlqsond#primaryimage\"},\"thumbnailUrl\":\"https:\/\/luxpro.pt\/wp-content\/uploads\/2018\/09\/QSG-OND.jpg\",\"datePublished\":\"2018-09-04T10:55:06+00:00\",\"dateModified\":\"2023-11-09T23:00:30+00:00\",\"description\":\"\u2022 Caixa adapt\u00e1vel para ambientes industriais ou dom\u00e9sticos no interior ou exterior do mesmo; \u2022 Projetada para instala\u00e7\u00e3o de aparelhagem de comando,\",\"breadcrumb\":{\"@id\":\"https:\/\/luxpro.pt\/en\/produto\/caixa-para-material-eletrico-quadro-sondas-ondulada-frlqsond#breadcrumb\"},\"inLanguage\":\"en-US\",\"potentialAction\":[{\"@type\":\"ReadAction\",\"target\":[\"https:\/\/luxpro.pt\/en\/produto\/caixa-para-material-eletrico-quadro-sondas-ondulada-frlqsond\"]}]},{\"@type\":\"ImageObject\",\"inLanguage\":\"en-US\",\"@id\":\"https:\/\/luxpro.pt\/en\/produto\/caixa-para-material-eletrico-quadro-sondas-ondulada-frlqsond#primaryimage\",\"url\":\"https:\/\/luxpro.pt\/wp-content\/uploads\/2018\/09\/QSG-OND.jpg\",\"contentUrl\":\"https:\/\/luxpro.pt\/wp-content\/uploads\/2018\/09\/QSG-OND.jpg\",\"width\":1000,\"height\":1000},{\"@type\":\"BreadcrumbList\",\"@id\":\"https:\/\/luxpro.pt\/en\/produto\/caixa-para-material-eletrico-quadro-sondas-ondulada-frlqsond#breadcrumb\",\"itemListElement\":[{\"@type\":\"ListItem\",\"position\":1,\"name\":\"In\u00edcio\",\"item\":\"https:\/\/luxpro.pt\/en\"},{\"@type\":\"ListItem\",\"position\":2,\"name\":\"Shop\",\"item\":\"https:\/\/luxpro.pt\/en\/shop\"},{\"@type\":\"ListItem\",\"position\":3,\"name\":\"Caixa Quadro de Comando Ondulada\"}]},{\"@type\":\"WebSite\",\"@id\":\"https:\/\/luxpro.pt\/en#website\",\"url\":\"https:\/\/luxpro.pt\/en\",\"name\":\"LuxPro\",\"description\":\"\",\"publisher\":{\"@id\":\"https:\/\/luxpro.pt\/en#\/schema\/person\/2d1bed59a52ad49be71622bef025e341\"},\"potentialAction\":[{\"@type\":\"SearchAction\",\"target\":{\"@type\":\"EntryPoint\",\"urlTemplate\":\"https:\/\/luxpro.pt\/en?s={search_term_string}\"},\"query-input\":{\"@type\":\"PropertyValueSpecification\",\"valueRequired\":true,\"valueName\":\"search_term_string\"}}],\"inLanguage\":\"en-US\"},{\"@type\":[\"Person\",\"Organization\"],\"@id\":\"https:\/\/luxpro.pt\/en#\/schema\/person\/2d1bed59a52ad49be71622bef025e341\",\"name\":\"Tiago Amadeu Ferreira\",\"image\":{\"@type\":\"ImageObject\",\"inLanguage\":\"en-US\",\"@id\":\"https:\/\/luxpro.pt\/en#\/schema\/person\/image\/\",\"url\":\"https:\/\/luxpro.pt\/wp-content\/uploads\/2017\/11\/logo.jpg\",\"contentUrl\":\"https:\/\/luxpro.pt\/wp-content\/uploads\/2017\/11\/logo.jpg\",\"width\":150,\"height\":33,\"caption\":\"Tiago Amadeu Ferreira\"},\"logo\":{\"@id\":\"https:\/\/luxpro.pt\/en#\/schema\/person\/image\/\"}}]}<\/script>\n<!-- \/ Yoast SEO plugin. -->","yoast_head_json":{"title":"Caixa Quadro de Comando Ondulada - LuxPro","description":"\u2022 Caixa adapt\u00e1vel para ambientes industriais ou dom\u00e9sticos no interior ou exterior do mesmo; \u2022 Projetada para instala\u00e7\u00e3o de aparelhagem de comando,","robots":{"index":"index","follow":"follow","max-snippet":"max-snippet:-1","max-image-preview":"max-image-preview:large","max-video-preview":"max-video-preview:-1"},"canonical":"https:\/\/luxpro.pt\/en\/produto\/caixa-para-material-eletrico-quadro-sondas-ondulada-frlqsond","og_locale":"en_US","og_type":"article","og_title":"Caixa Quadro de Comando Ondulada - LuxPro","og_description":"\u2022 Caixa adapt\u00e1vel para ambientes industriais ou dom\u00e9sticos no interior ou exterior do mesmo; \u2022 Projetada para instala\u00e7\u00e3o de aparelhagem de comando,","og_url":"https:\/\/luxpro.pt\/en\/produto\/caixa-para-material-eletrico-quadro-sondas-ondulada-frlqsond","og_site_name":"LuxPro","article_modified_time":"2023-11-09T23:00:30+00:00","og_image":[{"width":1000,"height":1000,"url":"https:\/\/luxpro.pt\/wp-content\/uploads\/2018\/09\/QSG-OND.jpg","type":"image\/jpeg"}],"twitter_card":"summary_large_image","twitter_misc":{"Est. reading time":"1 minute"},"schema":{"@context":"https:\/\/schema.org","@graph":[{"@type":"WebPage","@id":"https:\/\/luxpro.pt\/en\/produto\/caixa-para-material-eletrico-quadro-sondas-ondulada-frlqsond","url":"https:\/\/luxpro.pt\/en\/produto\/caixa-para-material-eletrico-quadro-sondas-ondulada-frlqsond","name":"Caixa Quadro de Comando Ondulada - LuxPro","isPartOf":{"@id":"https:\/\/luxpro.pt\/en#website"},"primaryImageOfPage":{"@id":"https:\/\/luxpro.pt\/en\/produto\/caixa-para-material-eletrico-quadro-sondas-ondulada-frlqsond#primaryimage"},"image":{"@id":"https:\/\/luxpro.pt\/en\/produto\/caixa-para-material-eletrico-quadro-sondas-ondulada-frlqsond#primaryimage"},"thumbnailUrl":"https:\/\/luxpro.pt\/wp-content\/uploads\/2018\/09\/QSG-OND.jpg","datePublished":"2018-09-04T10:55:06+00:00","dateModified":"2023-11-09T23:00:30+00:00","description":"\u2022 Caixa adapt\u00e1vel para ambientes industriais ou dom\u00e9sticos no interior ou exterior do mesmo; \u2022 Projetada para instala\u00e7\u00e3o de aparelhagem de comando,","breadcrumb":{"@id":"https:\/\/luxpro.pt\/en\/produto\/caixa-para-material-eletrico-quadro-sondas-ondulada-frlqsond#breadcrumb"},"inLanguage":"en-US","potentialAction":[{"@type":"ReadAction","target":["https:\/\/luxpro.pt\/en\/produto\/caixa-para-material-eletrico-quadro-sondas-ondulada-frlqsond"]}]},{"@type":"ImageObject","inLanguage":"en-US","@id":"https:\/\/luxpro.pt\/en\/produto\/caixa-para-material-eletrico-quadro-sondas-ondulada-frlqsond#primaryimage","url":"https:\/\/luxpro.pt\/wp-content\/uploads\/2018\/09\/QSG-OND.jpg","contentUrl":"https:\/\/luxpro.pt\/wp-content\/uploads\/2018\/09\/QSG-OND.jpg","width":1000,"height":1000},{"@type":"BreadcrumbList","@id":"https:\/\/luxpro.pt\/en\/produto\/caixa-para-material-eletrico-quadro-sondas-ondulada-frlqsond#breadcrumb","itemListElement":[{"@type":"ListItem","position":1,"name":"In\u00edcio","item":"https:\/\/luxpro.pt\/en"},{"@type":"ListItem","position":2,"name":"Shop","item":"https:\/\/luxpro.pt\/en\/shop"},{"@type":"ListItem","position":3,"name":"Caixa Quadro de Comando Ondulada"}]},{"@type":"WebSite","@id":"https:\/\/luxpro.pt\/en#website","url":"https:\/\/luxpro.pt\/en","name":"LuxPro","description":"","publisher":{"@id":"https:\/\/luxpro.pt\/en#\/schema\/person\/2d1bed59a52ad49be71622bef025e341"},"potentialAction":[{"@type":"SearchAction","target":{"@type":"EntryPoint","urlTemplate":"https:\/\/luxpro.pt\/en?s={search_term_string}"},"query-input":{"@type":"PropertyValueSpecification","valueRequired":true,"valueName":"search_term_string"}}],"inLanguage":"en-US"},{"@type":["Person","Organization"],"@id":"https:\/\/luxpro.pt\/en#\/schema\/person\/2d1bed59a52ad49be71622bef025e341","name":"Tiago Amadeu Ferreira","image":{"@type":"ImageObject","inLanguage":"en-US","@id":"https:\/\/luxpro.pt\/en#\/schema\/person\/image\/","url":"https:\/\/luxpro.pt\/wp-content\/uploads\/2017\/11\/logo.jpg","contentUrl":"https:\/\/luxpro.pt\/wp-content\/uploads\/2017\/11\/logo.jpg","width":150,"height":33,"caption":"Tiago Amadeu Ferreira"},"logo":{"@id":"https:\/\/luxpro.pt\/en#\/schema\/person\/image\/"}}]}},"tiered_pricing_type":"fixed","tiered_pricing_fixed_rules":[],"tiered_pricing_product_settings":{"layout":"default","base_unit_name":{"singular":null,"plural":null},"default_variation":null},"tiered_pricing_minimum_quantity":null,"tiered_pricing_roles_data":[],"tiered_pricing_percentage_rules":[],"_links":{"self":[{"href":"https:\/\/luxpro.pt\/en\/wp-json\/wp\/v2\/product\/874","targetHints":{"allow":["GET"]}}],"collection":[{"href":"https:\/\/luxpro.pt\/en\/wp-json\/wp\/v2\/product"}],"about":[{"href":"https:\/\/luxpro.pt\/en\/wp-json\/wp\/v2\/types\/product"}],"replies":[{"embeddable":true,"href":"https:\/\/luxpro.pt\/en\/wp-json\/wp\/v2\/comments?post=874"}],"wp:featuredmedia":[{"embeddable":true,"href":"https:\/\/luxpro.pt\/en\/wp-json\/wp\/v2\/media\/875"}],"wp:attachment":[{"href":"https:\/\/luxpro.pt\/en\/wp-json\/wp\/v2\/media?parent=874"}],"wp:term":[{"taxonomy":"product_brand","embeddable":true,"href":"https:\/\/luxpro.pt\/en\/wp-json\/wp\/v2\/product_brand?post=874"},{"taxonomy":"product_cat","embeddable":true,"href":"https:\/\/luxpro.pt\/en\/wp-json\/wp\/v2\/product_cat?post=874"},{"taxonomy":"product_tag","embeddable":true,"href":"https:\/\/luxpro.pt\/en\/wp-json\/wp\/v2\/product_tag?post=874"}],"curies":[{"name":"wp","href":"https:\/\/api.w.org\/{rel}","templated":true}]}}