{"id":8807,"date":"2021-12-28T16:03:50","date_gmt":"2021-12-28T16:03:50","guid":{"rendered":"https:\/\/luxpro.pt\/?post_type=product&#038;p=8807"},"modified":"2024-08-16T12:37:11","modified_gmt":"2024-08-16T11:37:11","slug":"alimentador-golmar-fa-plus-c","status":"publish","type":"product","link":"https:\/\/luxpro.pt\/en\/produto\/alimentador-golmar-fa-plus-c","title":{"rendered":"Alimentador Golmar FA-PLUS\/C"},"content":{"rendered":"<p>Para sistemas com instala\u00e7\u00e3o digital &#8220;Plus&#8221; com menos de 20 resid\u00eancias.<\/p>\n<p>Para sistemas com instala\u00e7\u00e3o digital &#8220;2Plus&#8221;, independentemente do n\u00famero de casas.<\/p>\n<p>Sa\u00edda de 18V dc com pot\u00eancia de 110 e 230V ac\/30VA. Dimens\u00f5es: 107 (L) x 90 (A) x 62 (P) mm. (6 DIN).<\/p>\n","protected":false},"excerpt":{"rendered":"<p>Para sistemas com instala\u00e7\u00e3o digital &#8220;Plus&#8221; com menos de 20 resid\u00eancias. Para sistemas com instala\u00e7\u00e3o digital &#8220;2Plus&#8221;, independentemente do n\u00famero de casas. Sa\u00edda de 18V dc com pot\u00eancia de 110 e 230V ac\/30VA. Dimens\u00f5es: 107 (L) x 90 (A) x 62 (P) mm. (6 DIN).<\/p>\n","protected":false},"featured_media":8808,"comment_status":"open","ping_status":"closed","template":"","meta":[],"product_brand":[],"product_cat":[661],"product_tag":[1089,1397,781],"class_list":{"0":"post-8807","1":"product","2":"type-product","3":"status-publish","4":"has-post-thumbnail","6":"product_cat-acessorios-2","7":"product_tag-alimentador","8":"product_tag-faplusc","9":"product_tag-golmar","11":"first","12":"instock","13":"taxable","14":"shipping-taxable","15":"purchasable","16":"product-type-simple"},"yoast_head":"<!-- This site is optimized with the Yoast SEO plugin v26.5 - https:\/\/yoast.com\/wordpress\/plugins\/seo\/ -->\n<title>Alimentador Golmar FA-PLUS\/C - LuxPro<\/title>\n<meta name=\"description\" content=\"Para sistemas com instala\u00e7\u00e3o digital &quot;Plus&quot; com menos de 20 resid\u00eancias. Para sistemas com instala\u00e7\u00e3o digital &quot;2Plus&quot;, independentemente do n\u00famero de\" \/>\n<meta name=\"robots\" content=\"index, follow, max-snippet:-1, max-image-preview:large, max-video-preview:-1\" \/>\n<link rel=\"canonical\" href=\"https:\/\/luxpro.pt\/en\/produto\/alimentador-golmar-fa-plus-c\" \/>\n<meta property=\"og:locale\" content=\"en_US\" \/>\n<meta property=\"og:type\" content=\"article\" \/>\n<meta property=\"og:title\" content=\"Alimentador Golmar FA-PLUS\/C - LuxPro\" \/>\n<meta property=\"og:description\" content=\"Para sistemas com instala\u00e7\u00e3o digital &quot;Plus&quot; com menos de 20 resid\u00eancias. Para sistemas com instala\u00e7\u00e3o digital &quot;2Plus&quot;, independentemente do n\u00famero de\" \/>\n<meta property=\"og:url\" content=\"https:\/\/luxpro.pt\/en\/produto\/alimentador-golmar-fa-plus-c\" \/>\n<meta property=\"og:site_name\" content=\"LuxPro\" \/>\n<meta property=\"article:modified_time\" content=\"2024-08-16T11:37:11+00:00\" \/>\n<meta property=\"og:image\" content=\"https:\/\/luxpro.pt\/wp-content\/uploads\/2021\/12\/golmar-11705107.jpeg\" \/>\n\t<meta property=\"og:image:width\" content=\"800\" \/>\n\t<meta property=\"og:image:height\" content=\"800\" \/>\n\t<meta property=\"og:image:type\" content=\"image\/jpeg\" \/>\n<meta name=\"twitter:card\" content=\"summary_large_image\" \/>\n<meta name=\"twitter:label1\" content=\"Est. reading time\" \/>\n\t<meta name=\"twitter:data1\" content=\"1 minute\" \/>\n<script type=\"application\/ld+json\" class=\"yoast-schema-graph\">{\"@context\":\"https:\/\/schema.org\",\"@graph\":[{\"@type\":\"WebPage\",\"@id\":\"https:\/\/luxpro.pt\/en\/produto\/alimentador-golmar-fa-plus-c\",\"url\":\"https:\/\/luxpro.pt\/en\/produto\/alimentador-golmar-fa-plus-c\",\"name\":\"Alimentador Golmar FA-PLUS\/C - LuxPro\",\"isPartOf\":{\"@id\":\"https:\/\/luxpro.pt\/en#website\"},\"primaryImageOfPage\":{\"@id\":\"https:\/\/luxpro.pt\/en\/produto\/alimentador-golmar-fa-plus-c#primaryimage\"},\"image\":{\"@id\":\"https:\/\/luxpro.pt\/en\/produto\/alimentador-golmar-fa-plus-c#primaryimage\"},\"thumbnailUrl\":\"https:\/\/luxpro.pt\/wp-content\/uploads\/2021\/12\/golmar-11705107.jpeg\",\"datePublished\":\"2021-12-28T16:03:50+00:00\",\"dateModified\":\"2024-08-16T11:37:11+00:00\",\"description\":\"Para sistemas com instala\u00e7\u00e3o digital \\\"Plus\\\" com menos de 20 resid\u00eancias. Para sistemas com instala\u00e7\u00e3o digital \\\"2Plus\\\", independentemente do n\u00famero de\",\"breadcrumb\":{\"@id\":\"https:\/\/luxpro.pt\/en\/produto\/alimentador-golmar-fa-plus-c#breadcrumb\"},\"inLanguage\":\"en-US\",\"potentialAction\":[{\"@type\":\"ReadAction\",\"target\":[\"https:\/\/luxpro.pt\/en\/produto\/alimentador-golmar-fa-plus-c\"]}]},{\"@type\":\"ImageObject\",\"inLanguage\":\"en-US\",\"@id\":\"https:\/\/luxpro.pt\/en\/produto\/alimentador-golmar-fa-plus-c#primaryimage\",\"url\":\"https:\/\/luxpro.pt\/wp-content\/uploads\/2021\/12\/golmar-11705107.jpeg\",\"contentUrl\":\"https:\/\/luxpro.pt\/wp-content\/uploads\/2021\/12\/golmar-11705107.jpeg\",\"width\":800,\"height\":800},{\"@type\":\"BreadcrumbList\",\"@id\":\"https:\/\/luxpro.pt\/en\/produto\/alimentador-golmar-fa-plus-c#breadcrumb\",\"itemListElement\":[{\"@type\":\"ListItem\",\"position\":1,\"name\":\"In\u00edcio\",\"item\":\"https:\/\/luxpro.pt\/en\"},{\"@type\":\"ListItem\",\"position\":2,\"name\":\"Shop\",\"item\":\"https:\/\/luxpro.pt\/en\/shop\"},{\"@type\":\"ListItem\",\"position\":3,\"name\":\"Alimentador Golmar FA-PLUS\/C\"}]},{\"@type\":\"WebSite\",\"@id\":\"https:\/\/luxpro.pt\/en#website\",\"url\":\"https:\/\/luxpro.pt\/en\",\"name\":\"LuxPro\",\"description\":\"\",\"publisher\":{\"@id\":\"https:\/\/luxpro.pt\/en#\/schema\/person\/2d1bed59a52ad49be71622bef025e341\"},\"potentialAction\":[{\"@type\":\"SearchAction\",\"target\":{\"@type\":\"EntryPoint\",\"urlTemplate\":\"https:\/\/luxpro.pt\/en?s={search_term_string}\"},\"query-input\":{\"@type\":\"PropertyValueSpecification\",\"valueRequired\":true,\"valueName\":\"search_term_string\"}}],\"inLanguage\":\"en-US\"},{\"@type\":[\"Person\",\"Organization\"],\"@id\":\"https:\/\/luxpro.pt\/en#\/schema\/person\/2d1bed59a52ad49be71622bef025e341\",\"name\":\"Tiago Amadeu Ferreira\",\"image\":{\"@type\":\"ImageObject\",\"inLanguage\":\"en-US\",\"@id\":\"https:\/\/luxpro.pt\/en#\/schema\/person\/image\/\",\"url\":\"https:\/\/luxpro.pt\/wp-content\/uploads\/2017\/11\/logo.jpg\",\"contentUrl\":\"https:\/\/luxpro.pt\/wp-content\/uploads\/2017\/11\/logo.jpg\",\"width\":150,\"height\":33,\"caption\":\"Tiago Amadeu Ferreira\"},\"logo\":{\"@id\":\"https:\/\/luxpro.pt\/en#\/schema\/person\/image\/\"}}]}<\/script>\n<!-- \/ Yoast SEO plugin. -->","yoast_head_json":{"title":"Alimentador Golmar FA-PLUS\/C - LuxPro","description":"Para sistemas com instala\u00e7\u00e3o digital \"Plus\" com menos de 20 resid\u00eancias. Para sistemas com instala\u00e7\u00e3o digital \"2Plus\", independentemente do n\u00famero de","robots":{"index":"index","follow":"follow","max-snippet":"max-snippet:-1","max-image-preview":"max-image-preview:large","max-video-preview":"max-video-preview:-1"},"canonical":"https:\/\/luxpro.pt\/en\/produto\/alimentador-golmar-fa-plus-c","og_locale":"en_US","og_type":"article","og_title":"Alimentador Golmar FA-PLUS\/C - LuxPro","og_description":"Para sistemas com instala\u00e7\u00e3o digital \"Plus\" com menos de 20 resid\u00eancias. Para sistemas com instala\u00e7\u00e3o digital \"2Plus\", independentemente do n\u00famero de","og_url":"https:\/\/luxpro.pt\/en\/produto\/alimentador-golmar-fa-plus-c","og_site_name":"LuxPro","article_modified_time":"2024-08-16T11:37:11+00:00","og_image":[{"width":800,"height":800,"url":"https:\/\/luxpro.pt\/wp-content\/uploads\/2021\/12\/golmar-11705107.jpeg","type":"image\/jpeg"}],"twitter_card":"summary_large_image","twitter_misc":{"Est. reading time":"1 minute"},"schema":{"@context":"https:\/\/schema.org","@graph":[{"@type":"WebPage","@id":"https:\/\/luxpro.pt\/en\/produto\/alimentador-golmar-fa-plus-c","url":"https:\/\/luxpro.pt\/en\/produto\/alimentador-golmar-fa-plus-c","name":"Alimentador Golmar FA-PLUS\/C - LuxPro","isPartOf":{"@id":"https:\/\/luxpro.pt\/en#website"},"primaryImageOfPage":{"@id":"https:\/\/luxpro.pt\/en\/produto\/alimentador-golmar-fa-plus-c#primaryimage"},"image":{"@id":"https:\/\/luxpro.pt\/en\/produto\/alimentador-golmar-fa-plus-c#primaryimage"},"thumbnailUrl":"https:\/\/luxpro.pt\/wp-content\/uploads\/2021\/12\/golmar-11705107.jpeg","datePublished":"2021-12-28T16:03:50+00:00","dateModified":"2024-08-16T11:37:11+00:00","description":"Para sistemas com instala\u00e7\u00e3o digital \"Plus\" com menos de 20 resid\u00eancias. Para sistemas com instala\u00e7\u00e3o digital \"2Plus\", independentemente do n\u00famero de","breadcrumb":{"@id":"https:\/\/luxpro.pt\/en\/produto\/alimentador-golmar-fa-plus-c#breadcrumb"},"inLanguage":"en-US","potentialAction":[{"@type":"ReadAction","target":["https:\/\/luxpro.pt\/en\/produto\/alimentador-golmar-fa-plus-c"]}]},{"@type":"ImageObject","inLanguage":"en-US","@id":"https:\/\/luxpro.pt\/en\/produto\/alimentador-golmar-fa-plus-c#primaryimage","url":"https:\/\/luxpro.pt\/wp-content\/uploads\/2021\/12\/golmar-11705107.jpeg","contentUrl":"https:\/\/luxpro.pt\/wp-content\/uploads\/2021\/12\/golmar-11705107.jpeg","width":800,"height":800},{"@type":"BreadcrumbList","@id":"https:\/\/luxpro.pt\/en\/produto\/alimentador-golmar-fa-plus-c#breadcrumb","itemListElement":[{"@type":"ListItem","position":1,"name":"In\u00edcio","item":"https:\/\/luxpro.pt\/en"},{"@type":"ListItem","position":2,"name":"Shop","item":"https:\/\/luxpro.pt\/en\/shop"},{"@type":"ListItem","position":3,"name":"Alimentador Golmar FA-PLUS\/C"}]},{"@type":"WebSite","@id":"https:\/\/luxpro.pt\/en#website","url":"https:\/\/luxpro.pt\/en","name":"LuxPro","description":"","publisher":{"@id":"https:\/\/luxpro.pt\/en#\/schema\/person\/2d1bed59a52ad49be71622bef025e341"},"potentialAction":[{"@type":"SearchAction","target":{"@type":"EntryPoint","urlTemplate":"https:\/\/luxpro.pt\/en?s={search_term_string}"},"query-input":{"@type":"PropertyValueSpecification","valueRequired":true,"valueName":"search_term_string"}}],"inLanguage":"en-US"},{"@type":["Person","Organization"],"@id":"https:\/\/luxpro.pt\/en#\/schema\/person\/2d1bed59a52ad49be71622bef025e341","name":"Tiago Amadeu Ferreira","image":{"@type":"ImageObject","inLanguage":"en-US","@id":"https:\/\/luxpro.pt\/en#\/schema\/person\/image\/","url":"https:\/\/luxpro.pt\/wp-content\/uploads\/2017\/11\/logo.jpg","contentUrl":"https:\/\/luxpro.pt\/wp-content\/uploads\/2017\/11\/logo.jpg","width":150,"height":33,"caption":"Tiago Amadeu Ferreira"},"logo":{"@id":"https:\/\/luxpro.pt\/en#\/schema\/person\/image\/"}}]}},"tiered_pricing_type":"fixed","tiered_pricing_fixed_rules":[],"tiered_pricing_product_settings":{"layout":"default","base_unit_name":{"singular":null,"plural":null},"default_variation":null},"tiered_pricing_minimum_quantity":null,"tiered_pricing_roles_data":[],"tiered_pricing_percentage_rules":[],"_links":{"self":[{"href":"https:\/\/luxpro.pt\/en\/wp-json\/wp\/v2\/product\/8807","targetHints":{"allow":["GET"]}}],"collection":[{"href":"https:\/\/luxpro.pt\/en\/wp-json\/wp\/v2\/product"}],"about":[{"href":"https:\/\/luxpro.pt\/en\/wp-json\/wp\/v2\/types\/product"}],"replies":[{"embeddable":true,"href":"https:\/\/luxpro.pt\/en\/wp-json\/wp\/v2\/comments?post=8807"}],"wp:featuredmedia":[{"embeddable":true,"href":"https:\/\/luxpro.pt\/en\/wp-json\/wp\/v2\/media\/8808"}],"wp:attachment":[{"href":"https:\/\/luxpro.pt\/en\/wp-json\/wp\/v2\/media?parent=8807"}],"wp:term":[{"taxonomy":"product_brand","embeddable":true,"href":"https:\/\/luxpro.pt\/en\/wp-json\/wp\/v2\/product_brand?post=8807"},{"taxonomy":"product_cat","embeddable":true,"href":"https:\/\/luxpro.pt\/en\/wp-json\/wp\/v2\/product_cat?post=8807"},{"taxonomy":"product_tag","embeddable":true,"href":"https:\/\/luxpro.pt\/en\/wp-json\/wp\/v2\/product_tag?post=8807"}],"curies":[{"name":"wp","href":"https:\/\/api.w.org\/{rel}","templated":true}]}}