{"id":8971,"date":"2022-02-01T19:26:42","date_gmt":"2022-02-01T19:26:42","guid":{"rendered":"https:\/\/luxpro.pt\/?post_type=product&#038;p=8971"},"modified":"2022-02-01T19:26:42","modified_gmt":"2022-02-01T19:26:42","slug":"automatico-de-escada-sr2-gacia","status":"publish","type":"product","link":"https:\/\/luxpro.pt\/en\/produto\/automatico-de-escada-sr2-gacia","title":{"rendered":"Autom\u00e1tico de Escada Sr2 Gacia"},"content":{"rendered":"<ul class=\"list list--pointer\">\n<li>Autom\u00e1tico de escada, eletr\u00f3nico<\/li>\n<li>Interruptor basculante para luz cont\u00ednua<\/li>\n<li>Elevada precis\u00e3o<\/li>\n<li>Abertura de bot\u00e3o com prote\u00e7\u00e3o contra sobrecarga eletr\u00f3nica<\/li>\n<\/ul>\n","protected":false},"excerpt":{"rendered":"<p>Autom\u00e1tico de escada, eletr\u00f3nico Interruptor basculante para luz cont\u00ednua Elevada precis\u00e3o Abertura de bot\u00e3o com prote\u00e7\u00e3o contra sobrecarga eletr\u00f3nica<\/p>\n","protected":false},"featured_media":8968,"comment_status":"open","ping_status":"closed","template":"","meta":[],"product_brand":[],"product_cat":[1445],"product_tag":[1446,1448,1256,1449,1447],"class_list":{"0":"post-8971","1":"product","2":"type-product","3":"status-publish","4":"has-post-thumbnail","6":"product_cat-automaticos-de-escada","7":"product_tag-automatico-de-escada","8":"product_tag-elmark","9":"product_tag-gacia","10":"product_tag-temporisador","11":"product_tag-theben","13":"first","14":"instock","15":"taxable","16":"shipping-taxable","17":"purchasable","18":"product-type-simple"},"yoast_head":"<!-- This site is optimized with the Yoast SEO plugin v26.5 - https:\/\/yoast.com\/wordpress\/plugins\/seo\/ -->\n<title>Autom\u00e1tico de Escada Sr2 Gacia - LuxPro<\/title>\n<meta name=\"description\" content=\"Autom\u00e1tico de escada, eletr\u00f3nico Interruptor basculante para luz cont\u00ednua Elevada precis\u00e3o Abertura de bot\u00e3o com prote\u00e7\u00e3o contra sobrecarga\" \/>\n<meta name=\"robots\" content=\"index, follow, max-snippet:-1, max-image-preview:large, max-video-preview:-1\" \/>\n<link rel=\"canonical\" href=\"https:\/\/luxpro.pt\/en\/produto\/automatico-de-escada-sr2-gacia\" \/>\n<meta property=\"og:locale\" content=\"en_US\" \/>\n<meta property=\"og:type\" content=\"article\" \/>\n<meta property=\"og:title\" content=\"Autom\u00e1tico de Escada Sr2 Gacia - LuxPro\" \/>\n<meta property=\"og:description\" content=\"Autom\u00e1tico de escada, eletr\u00f3nico Interruptor basculante para luz cont\u00ednua Elevada precis\u00e3o Abertura de bot\u00e3o com prote\u00e7\u00e3o contra sobrecarga\" \/>\n<meta property=\"og:url\" content=\"https:\/\/luxpro.pt\/en\/produto\/automatico-de-escada-sr2-gacia\" \/>\n<meta property=\"og:site_name\" content=\"LuxPro\" \/>\n<meta property=\"og:image\" content=\"https:\/\/luxpro.pt\/wp-content\/uploads\/2022\/02\/c40cc2ef-055a-4d37-9272-cc9f7f08e7a5.jpg_500xaf.jpg\" \/>\n\t<meta property=\"og:image:width\" content=\"500\" \/>\n\t<meta property=\"og:image:height\" content=\"500\" \/>\n\t<meta property=\"og:image:type\" content=\"image\/jpeg\" \/>\n<meta name=\"twitter:card\" content=\"summary_large_image\" \/>\n<meta name=\"twitter:label1\" content=\"Est. reading time\" \/>\n\t<meta name=\"twitter:data1\" content=\"1 minute\" \/>\n<script type=\"application\/ld+json\" class=\"yoast-schema-graph\">{\"@context\":\"https:\/\/schema.org\",\"@graph\":[{\"@type\":\"WebPage\",\"@id\":\"https:\/\/luxpro.pt\/en\/produto\/automatico-de-escada-sr2-gacia\",\"url\":\"https:\/\/luxpro.pt\/en\/produto\/automatico-de-escada-sr2-gacia\",\"name\":\"Autom\u00e1tico de Escada Sr2 Gacia - LuxPro\",\"isPartOf\":{\"@id\":\"https:\/\/luxpro.pt\/en#website\"},\"primaryImageOfPage\":{\"@id\":\"https:\/\/luxpro.pt\/en\/produto\/automatico-de-escada-sr2-gacia#primaryimage\"},\"image\":{\"@id\":\"https:\/\/luxpro.pt\/en\/produto\/automatico-de-escada-sr2-gacia#primaryimage\"},\"thumbnailUrl\":\"https:\/\/luxpro.pt\/wp-content\/uploads\/2022\/02\/c40cc2ef-055a-4d37-9272-cc9f7f08e7a5.jpg_500xaf.jpg\",\"datePublished\":\"2022-02-01T19:26:42+00:00\",\"description\":\"Autom\u00e1tico de escada, eletr\u00f3nico Interruptor basculante para luz cont\u00ednua Elevada precis\u00e3o Abertura de bot\u00e3o com prote\u00e7\u00e3o contra sobrecarga\",\"breadcrumb\":{\"@id\":\"https:\/\/luxpro.pt\/en\/produto\/automatico-de-escada-sr2-gacia#breadcrumb\"},\"inLanguage\":\"en-US\",\"potentialAction\":[{\"@type\":\"ReadAction\",\"target\":[\"https:\/\/luxpro.pt\/en\/produto\/automatico-de-escada-sr2-gacia\"]}]},{\"@type\":\"ImageObject\",\"inLanguage\":\"en-US\",\"@id\":\"https:\/\/luxpro.pt\/en\/produto\/automatico-de-escada-sr2-gacia#primaryimage\",\"url\":\"https:\/\/luxpro.pt\/wp-content\/uploads\/2022\/02\/c40cc2ef-055a-4d37-9272-cc9f7f08e7a5.jpg_500xaf.jpg\",\"contentUrl\":\"https:\/\/luxpro.pt\/wp-content\/uploads\/2022\/02\/c40cc2ef-055a-4d37-9272-cc9f7f08e7a5.jpg_500xaf.jpg\",\"width\":500,\"height\":500},{\"@type\":\"BreadcrumbList\",\"@id\":\"https:\/\/luxpro.pt\/en\/produto\/automatico-de-escada-sr2-gacia#breadcrumb\",\"itemListElement\":[{\"@type\":\"ListItem\",\"position\":1,\"name\":\"In\u00edcio\",\"item\":\"https:\/\/luxpro.pt\/en\"},{\"@type\":\"ListItem\",\"position\":2,\"name\":\"Shop\",\"item\":\"https:\/\/luxpro.pt\/en\/shop\"},{\"@type\":\"ListItem\",\"position\":3,\"name\":\"Autom\u00e1tico de Escada Sr2 Gacia\"}]},{\"@type\":\"WebSite\",\"@id\":\"https:\/\/luxpro.pt\/en#website\",\"url\":\"https:\/\/luxpro.pt\/en\",\"name\":\"LuxPro\",\"description\":\"\",\"publisher\":{\"@id\":\"https:\/\/luxpro.pt\/en#\/schema\/person\/2d1bed59a52ad49be71622bef025e341\"},\"potentialAction\":[{\"@type\":\"SearchAction\",\"target\":{\"@type\":\"EntryPoint\",\"urlTemplate\":\"https:\/\/luxpro.pt\/en?s={search_term_string}\"},\"query-input\":{\"@type\":\"PropertyValueSpecification\",\"valueRequired\":true,\"valueName\":\"search_term_string\"}}],\"inLanguage\":\"en-US\"},{\"@type\":[\"Person\",\"Organization\"],\"@id\":\"https:\/\/luxpro.pt\/en#\/schema\/person\/2d1bed59a52ad49be71622bef025e341\",\"name\":\"Tiago Amadeu Ferreira\",\"image\":{\"@type\":\"ImageObject\",\"inLanguage\":\"en-US\",\"@id\":\"https:\/\/luxpro.pt\/en#\/schema\/person\/image\/\",\"url\":\"https:\/\/luxpro.pt\/wp-content\/uploads\/2017\/11\/logo.jpg\",\"contentUrl\":\"https:\/\/luxpro.pt\/wp-content\/uploads\/2017\/11\/logo.jpg\",\"width\":150,\"height\":33,\"caption\":\"Tiago Amadeu Ferreira\"},\"logo\":{\"@id\":\"https:\/\/luxpro.pt\/en#\/schema\/person\/image\/\"}}]}<\/script>\n<!-- \/ Yoast SEO plugin. -->","yoast_head_json":{"title":"Autom\u00e1tico de Escada Sr2 Gacia - LuxPro","description":"Autom\u00e1tico de escada, eletr\u00f3nico Interruptor basculante para luz cont\u00ednua Elevada precis\u00e3o Abertura de bot\u00e3o com prote\u00e7\u00e3o contra sobrecarga","robots":{"index":"index","follow":"follow","max-snippet":"max-snippet:-1","max-image-preview":"max-image-preview:large","max-video-preview":"max-video-preview:-1"},"canonical":"https:\/\/luxpro.pt\/en\/produto\/automatico-de-escada-sr2-gacia","og_locale":"en_US","og_type":"article","og_title":"Autom\u00e1tico de Escada Sr2 Gacia - LuxPro","og_description":"Autom\u00e1tico de escada, eletr\u00f3nico Interruptor basculante para luz cont\u00ednua Elevada precis\u00e3o Abertura de bot\u00e3o com prote\u00e7\u00e3o contra sobrecarga","og_url":"https:\/\/luxpro.pt\/en\/produto\/automatico-de-escada-sr2-gacia","og_site_name":"LuxPro","og_image":[{"width":500,"height":500,"url":"https:\/\/luxpro.pt\/wp-content\/uploads\/2022\/02\/c40cc2ef-055a-4d37-9272-cc9f7f08e7a5.jpg_500xaf.jpg","type":"image\/jpeg"}],"twitter_card":"summary_large_image","twitter_misc":{"Est. reading time":"1 minute"},"schema":{"@context":"https:\/\/schema.org","@graph":[{"@type":"WebPage","@id":"https:\/\/luxpro.pt\/en\/produto\/automatico-de-escada-sr2-gacia","url":"https:\/\/luxpro.pt\/en\/produto\/automatico-de-escada-sr2-gacia","name":"Autom\u00e1tico de Escada Sr2 Gacia - LuxPro","isPartOf":{"@id":"https:\/\/luxpro.pt\/en#website"},"primaryImageOfPage":{"@id":"https:\/\/luxpro.pt\/en\/produto\/automatico-de-escada-sr2-gacia#primaryimage"},"image":{"@id":"https:\/\/luxpro.pt\/en\/produto\/automatico-de-escada-sr2-gacia#primaryimage"},"thumbnailUrl":"https:\/\/luxpro.pt\/wp-content\/uploads\/2022\/02\/c40cc2ef-055a-4d37-9272-cc9f7f08e7a5.jpg_500xaf.jpg","datePublished":"2022-02-01T19:26:42+00:00","description":"Autom\u00e1tico de escada, eletr\u00f3nico Interruptor basculante para luz cont\u00ednua Elevada precis\u00e3o Abertura de bot\u00e3o com prote\u00e7\u00e3o contra sobrecarga","breadcrumb":{"@id":"https:\/\/luxpro.pt\/en\/produto\/automatico-de-escada-sr2-gacia#breadcrumb"},"inLanguage":"en-US","potentialAction":[{"@type":"ReadAction","target":["https:\/\/luxpro.pt\/en\/produto\/automatico-de-escada-sr2-gacia"]}]},{"@type":"ImageObject","inLanguage":"en-US","@id":"https:\/\/luxpro.pt\/en\/produto\/automatico-de-escada-sr2-gacia#primaryimage","url":"https:\/\/luxpro.pt\/wp-content\/uploads\/2022\/02\/c40cc2ef-055a-4d37-9272-cc9f7f08e7a5.jpg_500xaf.jpg","contentUrl":"https:\/\/luxpro.pt\/wp-content\/uploads\/2022\/02\/c40cc2ef-055a-4d37-9272-cc9f7f08e7a5.jpg_500xaf.jpg","width":500,"height":500},{"@type":"BreadcrumbList","@id":"https:\/\/luxpro.pt\/en\/produto\/automatico-de-escada-sr2-gacia#breadcrumb","itemListElement":[{"@type":"ListItem","position":1,"name":"In\u00edcio","item":"https:\/\/luxpro.pt\/en"},{"@type":"ListItem","position":2,"name":"Shop","item":"https:\/\/luxpro.pt\/en\/shop"},{"@type":"ListItem","position":3,"name":"Autom\u00e1tico de Escada Sr2 Gacia"}]},{"@type":"WebSite","@id":"https:\/\/luxpro.pt\/en#website","url":"https:\/\/luxpro.pt\/en","name":"LuxPro","description":"","publisher":{"@id":"https:\/\/luxpro.pt\/en#\/schema\/person\/2d1bed59a52ad49be71622bef025e341"},"potentialAction":[{"@type":"SearchAction","target":{"@type":"EntryPoint","urlTemplate":"https:\/\/luxpro.pt\/en?s={search_term_string}"},"query-input":{"@type":"PropertyValueSpecification","valueRequired":true,"valueName":"search_term_string"}}],"inLanguage":"en-US"},{"@type":["Person","Organization"],"@id":"https:\/\/luxpro.pt\/en#\/schema\/person\/2d1bed59a52ad49be71622bef025e341","name":"Tiago Amadeu Ferreira","image":{"@type":"ImageObject","inLanguage":"en-US","@id":"https:\/\/luxpro.pt\/en#\/schema\/person\/image\/","url":"https:\/\/luxpro.pt\/wp-content\/uploads\/2017\/11\/logo.jpg","contentUrl":"https:\/\/luxpro.pt\/wp-content\/uploads\/2017\/11\/logo.jpg","width":150,"height":33,"caption":"Tiago Amadeu Ferreira"},"logo":{"@id":"https:\/\/luxpro.pt\/en#\/schema\/person\/image\/"}}]}},"tiered_pricing_type":"fixed","tiered_pricing_fixed_rules":[],"tiered_pricing_product_settings":{"layout":"default","base_unit_name":{"singular":null,"plural":null},"default_variation":null},"tiered_pricing_minimum_quantity":null,"tiered_pricing_roles_data":[],"tiered_pricing_percentage_rules":[],"_links":{"self":[{"href":"https:\/\/luxpro.pt\/en\/wp-json\/wp\/v2\/product\/8971","targetHints":{"allow":["GET"]}}],"collection":[{"href":"https:\/\/luxpro.pt\/en\/wp-json\/wp\/v2\/product"}],"about":[{"href":"https:\/\/luxpro.pt\/en\/wp-json\/wp\/v2\/types\/product"}],"replies":[{"embeddable":true,"href":"https:\/\/luxpro.pt\/en\/wp-json\/wp\/v2\/comments?post=8971"}],"wp:featuredmedia":[{"embeddable":true,"href":"https:\/\/luxpro.pt\/en\/wp-json\/wp\/v2\/media\/8968"}],"wp:attachment":[{"href":"https:\/\/luxpro.pt\/en\/wp-json\/wp\/v2\/media?parent=8971"}],"wp:term":[{"taxonomy":"product_brand","embeddable":true,"href":"https:\/\/luxpro.pt\/en\/wp-json\/wp\/v2\/product_brand?post=8971"},{"taxonomy":"product_cat","embeddable":true,"href":"https:\/\/luxpro.pt\/en\/wp-json\/wp\/v2\/product_cat?post=8971"},{"taxonomy":"product_tag","embeddable":true,"href":"https:\/\/luxpro.pt\/en\/wp-json\/wp\/v2\/product_tag?post=8971"}],"curies":[{"name":"wp","href":"https:\/\/api.w.org\/{rel}","templated":true}]}}