{"id":9293,"date":"2022-04-07T17:20:47","date_gmt":"2022-04-07T17:20:47","guid":{"rendered":"https:\/\/luxpro.pt\/?post_type=product&#038;p=9293"},"modified":"2023-11-10T12:34:52","modified_gmt":"2023-11-10T12:34:52","slug":"disjuntor-p-motor-mp2-m-gacia-2","status":"publish","type":"product","link":"https:\/\/luxpro.pt\/en\/produto\/disjuntor-p-motor-mp2-m-gacia-2","title":{"rendered":"Disjuntor P\/Motor MP2-M Gacia"},"content":{"rendered":"<p>O disjuntor de prote\u00e7\u00e3o de 3 polos est\u00e1 pensado para proteger os motores e circuitos el\u00e9tricos. Protege contra sobrecargas (Prote\u00e7\u00e3o t\u00e9rmica), curto-circuitos (Prote\u00e7\u00e3o magn\u00e9tica) e falho de fase. Disp\u00f5e de pulsador de acendido e apagado para poder controlar o disparo de forma manual. Al\u00e9m disso, pode-se ajustar o alcance de intensidade de trabalho. Permite ser instalado mediante conex\u00e3o a perfil e conex\u00e3o de cabos em extremos do parafuso.<\/p>\n","protected":false},"excerpt":{"rendered":"<p>O disjuntor de prote\u00e7\u00e3o de 3 polos est\u00e1 pensado para proteger os motores e circuitos el\u00e9tricos. Protege contra sobrecargas (Prote\u00e7\u00e3o t\u00e9rmica), curto-circuitos (Prote\u00e7\u00e3o magn\u00e9tica) e falho de fase. Disp\u00f5e de pulsador de acendido e apagado para poder controlar o disparo de forma manual. Al\u00e9m disso, pode-se ajustar o alcance de intensidade de trabalho. Permite ser instalado mediante conex\u00e3o a perfil [&hellip;]<\/p>\n","protected":false},"featured_media":12446,"comment_status":"open","ping_status":"closed","template":"","meta":[],"product_brand":[],"product_cat":[31,671,673,672],"product_tag":[1335,1184,1550,1256,1185,1426,1434],"class_list":{"0":"post-9293","1":"product","2":"type-product","3":"status-publish","4":"has-post-thumbnail","6":"product_cat-outros-material-agua","7":"product_cat-contactores","8":"product_cat-disjuntores","9":"product_cat-reles-termicos","10":"product_tag-avel","11":"product_tag-contactor","12":"product_tag-disjuntor-motor","13":"product_tag-gacia","14":"product_tag-protecao-bomba","15":"product_tag-sheneider","16":"product_tag-telemecanique","17":"pa_amperes-6-10a","18":"pa_amperes-16-25a","19":"pa_amperes-25-4a","20":"pa_amperes-4-6a","22":"first","23":"instock","24":"taxable","25":"shipping-taxable","26":"purchasable","27":"product-type-variable","28":"has-default-attributes"},"yoast_head":"<!-- This site is optimized with the Yoast SEO plugin v26.5 - https:\/\/yoast.com\/wordpress\/plugins\/seo\/ -->\n<title>Disjuntor P\/Motor MP2-M Gacia - LuxPro<\/title>\n<meta name=\"description\" content=\"O disjuntor de prote\u00e7\u00e3o de 3 polos est\u00e1 pensado para proteger os motores e circuitos el\u00e9tricos. Protege contra sobrecargas (Prote\u00e7\u00e3o t\u00e9rmica),\" \/>\n<meta name=\"robots\" content=\"index, follow, max-snippet:-1, max-image-preview:large, max-video-preview:-1\" \/>\n<link rel=\"canonical\" href=\"https:\/\/luxpro.pt\/en\/produto\/disjuntor-p-motor-mp2-m-gacia-2\" \/>\n<meta property=\"og:locale\" content=\"en_US\" \/>\n<meta property=\"og:type\" content=\"article\" \/>\n<meta property=\"og:title\" content=\"Disjuntor P\/Motor MP2-M Gacia - LuxPro\" \/>\n<meta property=\"og:description\" content=\"O disjuntor de prote\u00e7\u00e3o de 3 polos est\u00e1 pensado para proteger os motores e circuitos el\u00e9tricos. Protege contra sobrecargas (Prote\u00e7\u00e3o t\u00e9rmica),\" \/>\n<meta property=\"og:url\" content=\"https:\/\/luxpro.pt\/en\/produto\/disjuntor-p-motor-mp2-m-gacia-2\" \/>\n<meta property=\"og:site_name\" content=\"LuxPro\" \/>\n<meta property=\"article:modified_time\" content=\"2023-11-10T12:34:52+00:00\" \/>\n<meta property=\"og:image\" content=\"https:\/\/luxpro.pt\/wp-content\/uploads\/2022\/04\/Captura-de-ecra-2022-08-19-as-15.54.37.png\" \/>\n\t<meta property=\"og:image:width\" content=\"564\" \/>\n\t<meta property=\"og:image:height\" content=\"542\" \/>\n\t<meta property=\"og:image:type\" content=\"image\/png\" \/>\n<meta name=\"twitter:card\" content=\"summary_large_image\" \/>\n<meta name=\"twitter:label1\" content=\"Est. reading time\" \/>\n\t<meta name=\"twitter:data1\" content=\"1 minute\" \/>\n<script type=\"application\/ld+json\" class=\"yoast-schema-graph\">{\"@context\":\"https:\/\/schema.org\",\"@graph\":[{\"@type\":\"WebPage\",\"@id\":\"https:\/\/luxpro.pt\/en\/produto\/disjuntor-p-motor-mp2-m-gacia-2\",\"url\":\"https:\/\/luxpro.pt\/en\/produto\/disjuntor-p-motor-mp2-m-gacia-2\",\"name\":\"Disjuntor P\/Motor MP2-M Gacia - LuxPro\",\"isPartOf\":{\"@id\":\"https:\/\/luxpro.pt\/en#website\"},\"primaryImageOfPage\":{\"@id\":\"https:\/\/luxpro.pt\/en\/produto\/disjuntor-p-motor-mp2-m-gacia-2#primaryimage\"},\"image\":{\"@id\":\"https:\/\/luxpro.pt\/en\/produto\/disjuntor-p-motor-mp2-m-gacia-2#primaryimage\"},\"thumbnailUrl\":\"https:\/\/luxpro.pt\/wp-content\/uploads\/2022\/04\/Captura-de-ecra-2022-08-19-as-15.54.37.png\",\"datePublished\":\"2022-04-07T17:20:47+00:00\",\"dateModified\":\"2023-11-10T12:34:52+00:00\",\"description\":\"O disjuntor de prote\u00e7\u00e3o de 3 polos est\u00e1 pensado para proteger os motores e circuitos el\u00e9tricos. Protege contra sobrecargas (Prote\u00e7\u00e3o t\u00e9rmica),\",\"breadcrumb\":{\"@id\":\"https:\/\/luxpro.pt\/en\/produto\/disjuntor-p-motor-mp2-m-gacia-2#breadcrumb\"},\"inLanguage\":\"en-US\",\"potentialAction\":[{\"@type\":\"ReadAction\",\"target\":[\"https:\/\/luxpro.pt\/en\/produto\/disjuntor-p-motor-mp2-m-gacia-2\"]}]},{\"@type\":\"ImageObject\",\"inLanguage\":\"en-US\",\"@id\":\"https:\/\/luxpro.pt\/en\/produto\/disjuntor-p-motor-mp2-m-gacia-2#primaryimage\",\"url\":\"https:\/\/luxpro.pt\/wp-content\/uploads\/2022\/04\/Captura-de-ecra-2022-08-19-as-15.54.37.png\",\"contentUrl\":\"https:\/\/luxpro.pt\/wp-content\/uploads\/2022\/04\/Captura-de-ecra-2022-08-19-as-15.54.37.png\",\"width\":564,\"height\":542},{\"@type\":\"BreadcrumbList\",\"@id\":\"https:\/\/luxpro.pt\/en\/produto\/disjuntor-p-motor-mp2-m-gacia-2#breadcrumb\",\"itemListElement\":[{\"@type\":\"ListItem\",\"position\":1,\"name\":\"In\u00edcio\",\"item\":\"https:\/\/luxpro.pt\/en\"},{\"@type\":\"ListItem\",\"position\":2,\"name\":\"Shop\",\"item\":\"https:\/\/luxpro.pt\/en\/shop\"},{\"@type\":\"ListItem\",\"position\":3,\"name\":\"Disjuntor P\/Motor MP2-M Gacia\"}]},{\"@type\":\"WebSite\",\"@id\":\"https:\/\/luxpro.pt\/en#website\",\"url\":\"https:\/\/luxpro.pt\/en\",\"name\":\"LuxPro\",\"description\":\"\",\"publisher\":{\"@id\":\"https:\/\/luxpro.pt\/en#\/schema\/person\/2d1bed59a52ad49be71622bef025e341\"},\"potentialAction\":[{\"@type\":\"SearchAction\",\"target\":{\"@type\":\"EntryPoint\",\"urlTemplate\":\"https:\/\/luxpro.pt\/en?s={search_term_string}\"},\"query-input\":{\"@type\":\"PropertyValueSpecification\",\"valueRequired\":true,\"valueName\":\"search_term_string\"}}],\"inLanguage\":\"en-US\"},{\"@type\":[\"Person\",\"Organization\"],\"@id\":\"https:\/\/luxpro.pt\/en#\/schema\/person\/2d1bed59a52ad49be71622bef025e341\",\"name\":\"Tiago Amadeu Ferreira\",\"image\":{\"@type\":\"ImageObject\",\"inLanguage\":\"en-US\",\"@id\":\"https:\/\/luxpro.pt\/en#\/schema\/person\/image\/\",\"url\":\"https:\/\/luxpro.pt\/wp-content\/uploads\/2017\/11\/logo.jpg\",\"contentUrl\":\"https:\/\/luxpro.pt\/wp-content\/uploads\/2017\/11\/logo.jpg\",\"width\":150,\"height\":33,\"caption\":\"Tiago Amadeu Ferreira\"},\"logo\":{\"@id\":\"https:\/\/luxpro.pt\/en#\/schema\/person\/image\/\"}}]}<\/script>\n<!-- \/ Yoast SEO plugin. -->","yoast_head_json":{"title":"Disjuntor P\/Motor MP2-M Gacia - LuxPro","description":"O disjuntor de prote\u00e7\u00e3o de 3 polos est\u00e1 pensado para proteger os motores e circuitos el\u00e9tricos. Protege contra sobrecargas (Prote\u00e7\u00e3o t\u00e9rmica),","robots":{"index":"index","follow":"follow","max-snippet":"max-snippet:-1","max-image-preview":"max-image-preview:large","max-video-preview":"max-video-preview:-1"},"canonical":"https:\/\/luxpro.pt\/en\/produto\/disjuntor-p-motor-mp2-m-gacia-2","og_locale":"en_US","og_type":"article","og_title":"Disjuntor P\/Motor MP2-M Gacia - LuxPro","og_description":"O disjuntor de prote\u00e7\u00e3o de 3 polos est\u00e1 pensado para proteger os motores e circuitos el\u00e9tricos. Protege contra sobrecargas (Prote\u00e7\u00e3o t\u00e9rmica),","og_url":"https:\/\/luxpro.pt\/en\/produto\/disjuntor-p-motor-mp2-m-gacia-2","og_site_name":"LuxPro","article_modified_time":"2023-11-10T12:34:52+00:00","og_image":[{"width":564,"height":542,"url":"https:\/\/luxpro.pt\/wp-content\/uploads\/2022\/04\/Captura-de-ecra-2022-08-19-as-15.54.37.png","type":"image\/png"}],"twitter_card":"summary_large_image","twitter_misc":{"Est. reading time":"1 minute"},"schema":{"@context":"https:\/\/schema.org","@graph":[{"@type":"WebPage","@id":"https:\/\/luxpro.pt\/en\/produto\/disjuntor-p-motor-mp2-m-gacia-2","url":"https:\/\/luxpro.pt\/en\/produto\/disjuntor-p-motor-mp2-m-gacia-2","name":"Disjuntor P\/Motor MP2-M Gacia - LuxPro","isPartOf":{"@id":"https:\/\/luxpro.pt\/en#website"},"primaryImageOfPage":{"@id":"https:\/\/luxpro.pt\/en\/produto\/disjuntor-p-motor-mp2-m-gacia-2#primaryimage"},"image":{"@id":"https:\/\/luxpro.pt\/en\/produto\/disjuntor-p-motor-mp2-m-gacia-2#primaryimage"},"thumbnailUrl":"https:\/\/luxpro.pt\/wp-content\/uploads\/2022\/04\/Captura-de-ecra-2022-08-19-as-15.54.37.png","datePublished":"2022-04-07T17:20:47+00:00","dateModified":"2023-11-10T12:34:52+00:00","description":"O disjuntor de prote\u00e7\u00e3o de 3 polos est\u00e1 pensado para proteger os motores e circuitos el\u00e9tricos. Protege contra sobrecargas (Prote\u00e7\u00e3o t\u00e9rmica),","breadcrumb":{"@id":"https:\/\/luxpro.pt\/en\/produto\/disjuntor-p-motor-mp2-m-gacia-2#breadcrumb"},"inLanguage":"en-US","potentialAction":[{"@type":"ReadAction","target":["https:\/\/luxpro.pt\/en\/produto\/disjuntor-p-motor-mp2-m-gacia-2"]}]},{"@type":"ImageObject","inLanguage":"en-US","@id":"https:\/\/luxpro.pt\/en\/produto\/disjuntor-p-motor-mp2-m-gacia-2#primaryimage","url":"https:\/\/luxpro.pt\/wp-content\/uploads\/2022\/04\/Captura-de-ecra-2022-08-19-as-15.54.37.png","contentUrl":"https:\/\/luxpro.pt\/wp-content\/uploads\/2022\/04\/Captura-de-ecra-2022-08-19-as-15.54.37.png","width":564,"height":542},{"@type":"BreadcrumbList","@id":"https:\/\/luxpro.pt\/en\/produto\/disjuntor-p-motor-mp2-m-gacia-2#breadcrumb","itemListElement":[{"@type":"ListItem","position":1,"name":"In\u00edcio","item":"https:\/\/luxpro.pt\/en"},{"@type":"ListItem","position":2,"name":"Shop","item":"https:\/\/luxpro.pt\/en\/shop"},{"@type":"ListItem","position":3,"name":"Disjuntor P\/Motor MP2-M Gacia"}]},{"@type":"WebSite","@id":"https:\/\/luxpro.pt\/en#website","url":"https:\/\/luxpro.pt\/en","name":"LuxPro","description":"","publisher":{"@id":"https:\/\/luxpro.pt\/en#\/schema\/person\/2d1bed59a52ad49be71622bef025e341"},"potentialAction":[{"@type":"SearchAction","target":{"@type":"EntryPoint","urlTemplate":"https:\/\/luxpro.pt\/en?s={search_term_string}"},"query-input":{"@type":"PropertyValueSpecification","valueRequired":true,"valueName":"search_term_string"}}],"inLanguage":"en-US"},{"@type":["Person","Organization"],"@id":"https:\/\/luxpro.pt\/en#\/schema\/person\/2d1bed59a52ad49be71622bef025e341","name":"Tiago Amadeu Ferreira","image":{"@type":"ImageObject","inLanguage":"en-US","@id":"https:\/\/luxpro.pt\/en#\/schema\/person\/image\/","url":"https:\/\/luxpro.pt\/wp-content\/uploads\/2017\/11\/logo.jpg","contentUrl":"https:\/\/luxpro.pt\/wp-content\/uploads\/2017\/11\/logo.jpg","width":150,"height":33,"caption":"Tiago Amadeu Ferreira"},"logo":{"@id":"https:\/\/luxpro.pt\/en#\/schema\/person\/image\/"}}]}},"tiered_pricing_type":"fixed","tiered_pricing_fixed_rules":[],"tiered_pricing_product_settings":{"layout":"default","base_unit_name":{"singular":null,"plural":null},"default_variation":null},"tiered_pricing_minimum_quantity":null,"tiered_pricing_roles_data":[],"tiered_pricing_percentage_rules":[],"_links":{"self":[{"href":"https:\/\/luxpro.pt\/en\/wp-json\/wp\/v2\/product\/9293","targetHints":{"allow":["GET"]}}],"collection":[{"href":"https:\/\/luxpro.pt\/en\/wp-json\/wp\/v2\/product"}],"about":[{"href":"https:\/\/luxpro.pt\/en\/wp-json\/wp\/v2\/types\/product"}],"replies":[{"embeddable":true,"href":"https:\/\/luxpro.pt\/en\/wp-json\/wp\/v2\/comments?post=9293"}],"wp:featuredmedia":[{"embeddable":true,"href":"https:\/\/luxpro.pt\/en\/wp-json\/wp\/v2\/media\/12446"}],"wp:attachment":[{"href":"https:\/\/luxpro.pt\/en\/wp-json\/wp\/v2\/media?parent=9293"}],"wp:term":[{"taxonomy":"product_brand","embeddable":true,"href":"https:\/\/luxpro.pt\/en\/wp-json\/wp\/v2\/product_brand?post=9293"},{"taxonomy":"product_cat","embeddable":true,"href":"https:\/\/luxpro.pt\/en\/wp-json\/wp\/v2\/product_cat?post=9293"},{"taxonomy":"product_tag","embeddable":true,"href":"https:\/\/luxpro.pt\/en\/wp-json\/wp\/v2\/product_tag?post=9293"}],"curies":[{"name":"wp","href":"https:\/\/api.w.org\/{rel}","templated":true}]}}