{"id":88,"date":"2017-11-20T16:53:47","date_gmt":"2017-11-20T16:53:47","guid":{"rendered":"https:\/\/luxpro.pt\/?page_id=88"},"modified":"2019-05-15T17:42:48","modified_gmt":"2019-05-15T17:42:48","slug":"politica-de-privacidade","status":"publish","type":"page","link":"https:\/\/luxpro.pt\/es\/politica-de-privacidade","title":{"rendered":"Pol\u00edtica de Privacidade"},"content":{"rendered":"<p>A utiliza\u00e7\u00e3o deste website\u00a0<a href=\"https:\/\/luxpro.pt\">https:\/\/luxpro.pt<\/a>, LUXPRO NICP: 223942944,\u00a0\u00a0encontra-se sujeita \u00e0 Pol\u00edtica de Privacidade abaixo mencionada, devendo o utilizador verificar os respetivos termos em cada nova utiliza\u00e7\u00e3o.<\/p>\n<p><strong>1. A Nossa Pol\u00edtica<\/strong><br \/>\nO utilizador tem o direito \u00e0 prote\u00e7\u00e3o dos seus dados pessoais. LUXPRO respeita o direito dos utilizadores \u00e0 informa\u00e7\u00e3o sobre a recolha e tratamento dos seus dados pessoais. LUXPRO garante que os dados pessoais s\u00e3o tratados em Portugal de uma forma correta e l\u00edcita, em conformidade com as boas pr\u00e1ticas. Este site foi concebido para que a recolha e utiliza\u00e7\u00e3o dos seus dados pessoais seja m\u00ednima e n\u00e3o exceda o intuito original para o qual foram recolhidos.<\/p>\n<p><strong>2. Tratamento de Dados Pessoais<\/strong><br \/>\nOs seus dados pessoais s\u00e3o recolhidos e tratados pela LUXPRO apenas para fins estritamente ligados ao uso deste site, seus servi\u00e7os e \u00e0 aquisi\u00e7\u00e3o de produtos. No entanto, os seus dados pessoais podem tamb\u00e9m ser utilizados para outras opera\u00e7\u00f5es de processamento que estejam enquadradas dentro dos limites destas utiliza\u00e7\u00f5es:<\/p>\n<p>\u2013 Sempre que executa um processo de compra de produtos vendidos neste site, recolhemos os seus dados pessoais (por exemplo, password, tamanho, endere\u00e7o de e-mail, morada de entrega, n\u00famero do cart\u00e3o de cr\u00e9dito e n\u00famero de telefone) no formul\u00e1rio de compra, apenas para efeitos de venda, separa\u00e7\u00e3o e transporte dos produtos encomendados.<br \/>\n\u2013 Sempre que solicita a assist\u00eancia de servi\u00e7o recolhemos os seus dados pessoais (por exemplo: nome, endere\u00e7o de e-mail) com o objectivo de lhe fornecer os servi\u00e7os de Apoio ao Cliente da loja online que sejam relevantes para este site e para a assist\u00eancia;<br \/>\n\u2013 Sempre que grava um endere\u00e7o de entrega, recolhemos os seus dados pessoais a fim de simplificar a elabora\u00e7\u00e3o das suas futuras encomendas.<\/p>\n<p>Os seus dados pessoais s\u00f3 ser\u00e3o comunicados a terceiros quando for necess\u00e1rio para processar uma encomenda. Os seus dados pessoais ser\u00e3o divulgados nos seguintes casos:<\/p>\n<p>\u2013 Servi\u00e7os de pagamento electr\u00f3nico, atrav\u00e9s de cart\u00f5es de cr\u00e9dito ou d\u00e9bito;<br \/>\n\u2013 Processamento de produtos adquiridos;<br \/>\n\u2013 Seleccionar, embalar e despachar artigos;<br \/>\n\u2013 Solucionar quest\u00f5es ou d\u00favidas relacionados com a venda de produtos;<br \/>\n\u2013 Processar pagamentos da compra de artigos;<br \/>\n\u2013 Processar devolu\u00e7\u00f5es de artigos.<\/p>\n<p>Coment\u00e1rios<br \/>\nQuando os visitantes deixam coment\u00e1rios no site, s\u00e3o guardados os dados presentes no formul\u00e1rio dos coment\u00e1rios, bem como o endere\u00e7o de IP e o agente do utilizador do navegador, para ajudar com a detec\u00e7\u00e3o de spam.<br \/>\nUma string an\u00f3nima criada a partir do seu endere\u00e7o de email (tamb\u00e9m designada por hash) pode ser enviada para o servi\u00e7o Gravatar para verificar se o est\u00e1 a utilizar. A pol\u00edtica de privacidade do servi\u00e7o Gravatar est\u00e1 dispon\u00edvel aqui:\u00a0https:\/\/automattic.com\/privacy\/. Depois do seu coment\u00e1rio ser aprovado, a fotografia do ser perfil fica vis\u00edvel para o p\u00fablico no contexto do seu coment\u00e1rio.<\/p>\n<p>Multim\u00e9dia<br \/>\nAo carregar imagens para o site, deve evitar carregar imagens com dados incorporados de geolocaliza\u00e7\u00e3o (EXIF GPS). Os visitantes podem descarregar e extrair os dados de geolocaliza\u00e7\u00e3o das imagens do site.<\/p>\n<p>Formul\u00e1rios de Contacto<br \/>\nSempre que preencha um formul\u00e1rio de contacto, a informa\u00e7\u00e3o ficar\u00e1 registada durante um certo per\u00edodo de tempo, para fins de apoio ao cliente, no entanto esta n\u00e3o \u00e9 utilizada para efeitos de marketing.<\/p>\n<p>Se tiver uma conta neste site, ou deixou coment\u00e1rios, pode pedir para receber um ficheiro de exporta\u00e7\u00e3o com os dados pessoais guardados sobre si, incluindo qualquer dado pessoal que indicou. Tamb\u00e9m pode solicitar que os dados guardados sejam eliminados. Isto n\u00e3o inclui qualquer dado pessoal que seja obrigat\u00f3rio manter para fins administrativos, legais ou de seguran\u00e7a.<\/p>\n<p><strong>3. Divulga\u00e7\u00e3o de Dados Pessoais<\/strong><br \/>\nOs seus dados pessoais n\u00e3o ser\u00e3o divulgados a terceiros. Qualquer divulga\u00e7\u00e3o ser\u00e1 realizada sem ultrapassar o prop\u00f3sito para o qual os seus dados pessoais foram recolhidos e posteriormente tratados. Adicionalmente, os seus dados pessoais poder\u00e3o ser divulgados a terceiros, para:<\/p>\n<p>\u2013 cumprir leis aplic\u00e1veis;<br \/>\n\u2013 responder a inqu\u00e9ritos judiciais e governamentais;<br \/>\n\u2013 estar em conformidade com processos legais v\u00e1lidos;<br \/>\n\u2013 proteger os direitos ou propriedade da LUXPRO.<\/p>\n<p>Os dados pessoais recolhidos s\u00e3o integrados numa base de dados que se encontra devidamente regularizada junto da Comiss\u00e3o Nacional de Protec\u00e7\u00e3o de Dados (CNPD) e que cumpre a legisla\u00e7\u00e3o portuguesa sobre o tratamento de dados pessoais.<\/p>\n<p>Para utilizadores que se registem no nosso site (se algum), guardamos a informa\u00e7\u00e3o pessoal fornecida no seu perfil de utilizador. Todos os utilizadores podem ver, editar, ou eliminar a sua informa\u00e7\u00e3o pessoal a qualquer momento (com a excep\u00e7\u00e3o de n\u00e3o poderem alterar o nome de utilizador). Os administradores do site podem tamb\u00e9m ver e editar essa informa\u00e7\u00e3o.<\/p>\n<p><strong>4. Cookies<\/strong><br \/>\nA LUXPRO utiliza sistemas autom\u00e1ticos de recolha de dados como cookies. Uma \u201ccookie\u201d \u00e9 um dispositivo transmitido para o disco r\u00edgido de um utilizador da Internet que permite recolher designadamente e se dispon\u00edvel, o endere\u00e7o IP, o sistema operativo, o navegador da Web (browser) e a administra\u00e7\u00e3o de sistema. Trata-se de informa\u00e7\u00e3o estat\u00edstica sobre como a utilizadora navega no nosso website. Apenas a LUXPRO tem acesso a estas informa\u00e7\u00f5es recolhidas pelas cookies, de forma coletiva e an\u00f3nima, a fim de otimizar os seus servi\u00e7os e os deste site para as necessidades e prefer\u00eancias do utilizador e para que a prepara\u00e7\u00e3o das p\u00e1ginas da Web sejam personalizadas. Assim, auxiliam-nos a melhorar o nosso website e a prestar um servi\u00e7o melhor e mais personalizado. Se configurar o seu browser para bloquear ou apagar cookies, n\u00e3o podemos garantir que ter\u00e1 acesso a todos os recursos e servi\u00e7os oferecidos atrav\u00e9s deste site. Iremos utilizar as cookies para fun\u00e7\u00f5es como a navega\u00e7\u00e3o no cat\u00e1logo, compra de produtos online e a presta\u00e7\u00e3o de servi\u00e7os reservados aos utilizadores registados.<\/p>\n<p>Se deixar um coment\u00e1rio no nosso site pode optar por guardar o seu nome, endere\u00e7o de email e site nos cookies. Isto \u00e9 para sua conveni\u00eancia para n\u00e3o ter de preencher novamente os seus dados quando deixar outro coment\u00e1rio. Estes cookies durar\u00e3o um ano.<br \/>\nSe tem uma conta e iniciar sess\u00e3o neste site, ser\u00e1 configurado um cookie tempor\u00e1rio para determinar se o seu navegador aceita cookies. Este cookie n\u00e3o cont\u00e9m dados pessoais e ser\u00e1 eliminado ao fechar o seu navegador.<br \/>\nAo iniciar a sess\u00e3o, ser\u00e3o configurados alguns cookies para guardar a sua informa\u00e7\u00e3o de sess\u00e3o e as suas escolhas de visualiza\u00e7\u00e3o de ecr\u00e3. Os cookies de in\u00edcio de sess\u00e3o duram um ano. Se seleccionar \u201cLembrar-me\u201d, a sua sess\u00e3o ir\u00e1 persistir durante duas semanas. Ao terminar a sess\u00e3o, os cookies de inicio de sess\u00e3o ser\u00e3o removidos.<br \/>\nSe editar ou publicar um artigo, ser\u00e1 guardado no seu navegador um cookie adicional. Este cookie n\u00e3o inclui dados pessoais apenas indica o ID de conte\u00fado do artigo que acabou de editar. Expira ao fim de 1 dia.<\/p>\n<p>Este site pode recolher dados sobre si, usar cookies, incorporar rastreio feito por terceiros, monitorizar as suas interac\u00e7\u00f5es com o mesmo, incluindo registar as interac\u00e7\u00f5es com conte\u00fado incorporado se tiver uma conta e estiver com sess\u00e3o iniciada nesse site.<\/p>\n<p><strong>5. Legisla\u00e7\u00e3o<\/strong><br \/>\nO tratamento de dados pessoais pela LUXPRO ser\u00e1 realizado em conformidade com a Lei Portuguesa em vigor. Os contratos de compra e venda de produtos atrav\u00e9s deste site s\u00e3o regulados pela Lei Portuguesa.<\/p>\n<p><strong>6. Avisos, Modifica\u00e7\u00f5es e Cancelamento de Servi\u00e7os<\/strong><br \/>\nA LUXPRO pode alterar ou atualizar a qualquer momento a totalidade ou partes desta Pol\u00edtica de Privacidade, mesmo que n\u00e3o seja exigido pela legisla\u00e7\u00e3o e regulamenta\u00e7\u00e3o aplic\u00e1veis. Todas as altera\u00e7\u00f5es e atualiza\u00e7\u00f5es entrar\u00e3o em vigor ap\u00f3s a sua publica\u00e7\u00e3o nesta parte do site. Desta forma, deve aceder regularmente a esta sec\u00e7\u00e3o do site, a fim de ver a vers\u00e3o atualizada da nossa Pol\u00edtica de Privacidade.<\/p>\n<p><strong>7. Direitos de Propriedade Intelectual<\/strong><br \/>\nTodos conte\u00fados presentes neste site s\u00e3o propriedade exclusiva da LUXPRO: textos, imagens, ou qualquer outro tipo de informa\u00e7\u00f5es que n\u00e3o provenham de terceiros. Desta forma est\u00e3o protegidos pelo C\u00f3digo do Direito de Autor. A LUXPRO reserva-se ao direito de, a qualquer momento, introduzir altera\u00e7\u00f5es nestes conte\u00fados, n\u00e3o tendo obriga\u00e7\u00e3o de efetuar qualquer comunica\u00e7\u00e3o pr\u00e9via aos utilizadores.<\/p>\n<p><strong>8. Conte\u00fado de Terceiros<\/strong><br \/>\nEste site pode conter links para sites de terceiros (\u201csites vinculados\u201d). Os sites vinculados n\u00e3o est\u00e3o sob o controle da LUXPRO, n\u00e3o sendo a LUXPRO respons\u00e1vel pelo conte\u00fado de qualquer Site Vinculado.<\/p>\n","protected":false},"excerpt":{"rendered":"<p>A utiliza\u00e7\u00e3o deste website\u00a0https:\/\/luxpro.pt, LUXPRO NICP: 223942944,\u00a0\u00a0encontra-se sujeita \u00e0 Pol\u00edtica de Privacidade abaixo mencionada, devendo o utilizador verificar os respetivos termos em cada nova utiliza\u00e7\u00e3o. 1. A Nossa Pol\u00edtica O utilizador tem o direito \u00e0 prote\u00e7\u00e3o dos seus dados pessoais. LUXPRO respeita o direito dos utilizadores \u00e0 informa\u00e7\u00e3o sobre a recolha e tratamento dos seus dados pessoais. LUXPRO garante que [&hellip;]<\/p>\n","protected":false},"author":728,"featured_media":0,"parent":0,"menu_order":0,"comment_status":"closed","ping_status":"closed","template":"","meta":{"footnotes":""},"class_list":["post-88","page","type-page","status-publish","hentry"],"yoast_head":"<!-- This site is optimized with the Yoast SEO plugin v26.5 - https:\/\/yoast.com\/wordpress\/plugins\/seo\/ -->\n<title>Pol\u00edtica de Privacidade - LuxPro<\/title>\n<meta name=\"robots\" content=\"index, follow, max-snippet:-1, max-image-preview:large, max-video-preview:-1\" \/>\n<link rel=\"canonical\" href=\"https:\/\/luxpro.pt\/es\/politica-de-privacidade\" \/>\n<meta property=\"og:locale\" content=\"es_ES\" \/>\n<meta property=\"og:type\" content=\"article\" \/>\n<meta property=\"og:title\" content=\"Pol\u00edtica de Privacidade - LuxPro\" \/>\n<meta property=\"og:description\" content=\"A utiliza\u00e7\u00e3o deste website\u00a0https:\/\/luxpro.pt, LUXPRO NICP: 223942944,\u00a0\u00a0encontra-se sujeita \u00e0 Pol\u00edtica de Privacidade abaixo mencionada, devendo o utilizador verificar os respetivos termos em cada nova utiliza\u00e7\u00e3o. 1. A Nossa Pol\u00edtica O utilizador tem o direito \u00e0 prote\u00e7\u00e3o dos seus dados pessoais. LUXPRO respeita o direito dos utilizadores \u00e0 informa\u00e7\u00e3o sobre a recolha e tratamento dos seus dados pessoais. LUXPRO garante que [&hellip;]\" \/>\n<meta property=\"og:url\" content=\"https:\/\/luxpro.pt\/es\/politica-de-privacidade\" \/>\n<meta property=\"og:site_name\" content=\"LuxPro\" \/>\n<meta property=\"article:modified_time\" content=\"2019-05-15T17:42:48+00:00\" \/>\n<meta name=\"twitter:card\" content=\"summary_large_image\" \/>\n<meta name=\"twitter:label1\" content=\"Tiempo de lectura\" \/>\n\t<meta name=\"twitter:data1\" content=\"7 minutos\" \/>\n<script type=\"application\/ld+json\" class=\"yoast-schema-graph\">{\"@context\":\"https:\/\/schema.org\",\"@graph\":[{\"@type\":\"WebPage\",\"@id\":\"https:\/\/luxpro.pt\/es\/politica-de-privacidade\",\"url\":\"https:\/\/luxpro.pt\/es\/politica-de-privacidade\",\"name\":\"Pol\u00edtica de Privacidade - LuxPro\",\"isPartOf\":{\"@id\":\"https:\/\/luxpro.pt\/es#website\"},\"datePublished\":\"2017-11-20T16:53:47+00:00\",\"dateModified\":\"2019-05-15T17:42:48+00:00\",\"breadcrumb\":{\"@id\":\"https:\/\/luxpro.pt\/es\/politica-de-privacidade#breadcrumb\"},\"inLanguage\":\"es\",\"potentialAction\":[{\"@type\":\"ReadAction\",\"target\":[\"https:\/\/luxpro.pt\/es\/politica-de-privacidade\"]}]},{\"@type\":\"BreadcrumbList\",\"@id\":\"https:\/\/luxpro.pt\/es\/politica-de-privacidade#breadcrumb\",\"itemListElement\":[{\"@type\":\"ListItem\",\"position\":1,\"name\":\"In\u00edcio\",\"item\":\"https:\/\/luxpro.pt\/es\"},{\"@type\":\"ListItem\",\"position\":2,\"name\":\"Pol\u00edtica de Privacidade\"}]},{\"@type\":\"WebSite\",\"@id\":\"https:\/\/luxpro.pt\/es#website\",\"url\":\"https:\/\/luxpro.pt\/es\",\"name\":\"LuxPro\",\"description\":\"\",\"publisher\":{\"@id\":\"https:\/\/luxpro.pt\/es#\/schema\/person\/2d1bed59a52ad49be71622bef025e341\"},\"potentialAction\":[{\"@type\":\"SearchAction\",\"target\":{\"@type\":\"EntryPoint\",\"urlTemplate\":\"https:\/\/luxpro.pt\/es?s={search_term_string}\"},\"query-input\":{\"@type\":\"PropertyValueSpecification\",\"valueRequired\":true,\"valueName\":\"search_term_string\"}}],\"inLanguage\":\"es\"},{\"@type\":[\"Person\",\"Organization\"],\"@id\":\"https:\/\/luxpro.pt\/es#\/schema\/person\/2d1bed59a52ad49be71622bef025e341\",\"name\":\"Tiago Amadeu Ferreira\",\"image\":{\"@type\":\"ImageObject\",\"inLanguage\":\"es\",\"@id\":\"https:\/\/luxpro.pt\/es#\/schema\/person\/image\/\",\"url\":\"https:\/\/luxpro.pt\/wp-content\/uploads\/2017\/11\/logo.jpg\",\"contentUrl\":\"https:\/\/luxpro.pt\/wp-content\/uploads\/2017\/11\/logo.jpg\",\"width\":150,\"height\":33,\"caption\":\"Tiago Amadeu Ferreira\"},\"logo\":{\"@id\":\"https:\/\/luxpro.pt\/es#\/schema\/person\/image\/\"}}]}<\/script>\n<!-- \/ Yoast SEO plugin. -->","yoast_head_json":{"title":"Pol\u00edtica de Privacidade - LuxPro","robots":{"index":"index","follow":"follow","max-snippet":"max-snippet:-1","max-image-preview":"max-image-preview:large","max-video-preview":"max-video-preview:-1"},"canonical":"https:\/\/luxpro.pt\/es\/politica-de-privacidade","og_locale":"es_ES","og_type":"article","og_title":"Pol\u00edtica de Privacidade - LuxPro","og_description":"A utiliza\u00e7\u00e3o deste website\u00a0https:\/\/luxpro.pt, LUXPRO NICP: 223942944,\u00a0\u00a0encontra-se sujeita \u00e0 Pol\u00edtica de Privacidade abaixo mencionada, devendo o utilizador verificar os respetivos termos em cada nova utiliza\u00e7\u00e3o. 1. A Nossa Pol\u00edtica O utilizador tem o direito \u00e0 prote\u00e7\u00e3o dos seus dados pessoais. LUXPRO respeita o direito dos utilizadores \u00e0 informa\u00e7\u00e3o sobre a recolha e tratamento dos seus dados pessoais. LUXPRO garante que [&hellip;]","og_url":"https:\/\/luxpro.pt\/es\/politica-de-privacidade","og_site_name":"LuxPro","article_modified_time":"2019-05-15T17:42:48+00:00","twitter_card":"summary_large_image","twitter_misc":{"Tiempo de lectura":"7 minutos"},"schema":{"@context":"https:\/\/schema.org","@graph":[{"@type":"WebPage","@id":"https:\/\/luxpro.pt\/es\/politica-de-privacidade","url":"https:\/\/luxpro.pt\/es\/politica-de-privacidade","name":"Pol\u00edtica de Privacidade - LuxPro","isPartOf":{"@id":"https:\/\/luxpro.pt\/es#website"},"datePublished":"2017-11-20T16:53:47+00:00","dateModified":"2019-05-15T17:42:48+00:00","breadcrumb":{"@id":"https:\/\/luxpro.pt\/es\/politica-de-privacidade#breadcrumb"},"inLanguage":"es","potentialAction":[{"@type":"ReadAction","target":["https:\/\/luxpro.pt\/es\/politica-de-privacidade"]}]},{"@type":"BreadcrumbList","@id":"https:\/\/luxpro.pt\/es\/politica-de-privacidade#breadcrumb","itemListElement":[{"@type":"ListItem","position":1,"name":"In\u00edcio","item":"https:\/\/luxpro.pt\/es"},{"@type":"ListItem","position":2,"name":"Pol\u00edtica de Privacidade"}]},{"@type":"WebSite","@id":"https:\/\/luxpro.pt\/es#website","url":"https:\/\/luxpro.pt\/es","name":"LuxPro","description":"","publisher":{"@id":"https:\/\/luxpro.pt\/es#\/schema\/person\/2d1bed59a52ad49be71622bef025e341"},"potentialAction":[{"@type":"SearchAction","target":{"@type":"EntryPoint","urlTemplate":"https:\/\/luxpro.pt\/es?s={search_term_string}"},"query-input":{"@type":"PropertyValueSpecification","valueRequired":true,"valueName":"search_term_string"}}],"inLanguage":"es"},{"@type":["Person","Organization"],"@id":"https:\/\/luxpro.pt\/es#\/schema\/person\/2d1bed59a52ad49be71622bef025e341","name":"Tiago Amadeu Ferreira","image":{"@type":"ImageObject","inLanguage":"es","@id":"https:\/\/luxpro.pt\/es#\/schema\/person\/image\/","url":"https:\/\/luxpro.pt\/wp-content\/uploads\/2017\/11\/logo.jpg","contentUrl":"https:\/\/luxpro.pt\/wp-content\/uploads\/2017\/11\/logo.jpg","width":150,"height":33,"caption":"Tiago Amadeu Ferreira"},"logo":{"@id":"https:\/\/luxpro.pt\/es#\/schema\/person\/image\/"}}]}},"_links":{"self":[{"href":"https:\/\/luxpro.pt\/es\/wp-json\/wp\/v2\/pages\/88","targetHints":{"allow":["GET"]}}],"collection":[{"href":"https:\/\/luxpro.pt\/es\/wp-json\/wp\/v2\/pages"}],"about":[{"href":"https:\/\/luxpro.pt\/es\/wp-json\/wp\/v2\/types\/page"}],"author":[{"embeddable":true,"href":"https:\/\/luxpro.pt\/es\/wp-json\/wp\/v2\/users\/728"}],"replies":[{"embeddable":true,"href":"https:\/\/luxpro.pt\/es\/wp-json\/wp\/v2\/comments?post=88"}],"version-history":[{"count":0,"href":"https:\/\/luxpro.pt\/es\/wp-json\/wp\/v2\/pages\/88\/revisions"}],"wp:attachment":[{"href":"https:\/\/luxpro.pt\/es\/wp-json\/wp\/v2\/media?parent=88"}],"curies":[{"name":"wp","href":"https:\/\/api.w.org\/{rel}","templated":true}]}}