{"id":10215,"date":"2022-10-17T14:21:44","date_gmt":"2022-10-17T14:21:44","guid":{"rendered":"https:\/\/luxpro.pt\/?post_type=product&#038;p=10215"},"modified":"2023-11-23T16:44:30","modified_gmt":"2023-11-23T16:44:30","slug":"telefone-t-art-g2-golmar-12210100","status":"publish","type":"product","link":"https:\/\/luxpro.pt\/es\/produto\/telefone-t-art-g2-golmar-12210100","title":{"rendered":"Telefone T-ART \/ G2 + Golmar"},"content":{"rendered":"<ul>\n<li>instala\u00e7\u00e3o digital \u201cG2+\u201d de 2 fios n\u00e3o polarizados.<\/li>\n<li>Caixa feita de pl\u00e1stico ABS branco.<\/li>\n<li>Cabo de telefone destac\u00e1vel com conectores.<\/li>\n<li>Bot\u00f5es capacitivos com confirma\u00e7\u00e3o de toque ac\u00fastico.<\/li>\n<li>Montagem em superf\u00edcie.<\/li>\n<\/ul>\n","protected":false},"excerpt":{"rendered":"<p>instala\u00e7\u00e3o digital \u201cG2+\u201d de 2 fios n\u00e3o polarizados. Caixa feita de pl\u00e1stico ABS branco. Cabo de telefone destac\u00e1vel com conectores. Bot\u00f5es capacitivos com confirma\u00e7\u00e3o de toque ac\u00fastico. Montagem em superf\u00edcie.<\/p>\n","protected":false},"featured_media":10216,"comment_status":"open","ping_status":"closed","template":"","meta":[],"product_brand":[],"product_cat":[1312,524],"product_tag":[804,781,1596,1595,806,1594],"class_list":{"0":"post-10215","1":"product","2":"type-product","3":"status-publish","4":"has-post-thumbnail","6":"product_cat-telefones","7":"product_cat-video-porteiros","8":"product_tag-audio","9":"product_tag-golmar","10":"product_tag-golmar-audio","11":"product_tag-tart-g2","12":"product_tag-telefone","13":"product_tag-telefone-golmar","15":"first","16":"instock","17":"taxable","18":"shipping-taxable","19":"purchasable","20":"product-type-simple"},"yoast_head":"<!-- This site is optimized with the Yoast SEO plugin v26.5 - https:\/\/yoast.com\/wordpress\/plugins\/seo\/ -->\n<title>Telefone T-ART \/ G2 + Golmar - LuxPro<\/title>\n<meta name=\"description\" content=\"instala\u00e7\u00e3o digital \u201cG2+\u201d de 2 fios n\u00e3o polarizados. Caixa feita de pl\u00e1stico ABS branco. Cabo de telefone destac\u00e1vel com conectores. Bot\u00f5es capacitivos com\" \/>\n<meta name=\"robots\" content=\"index, follow, max-snippet:-1, max-image-preview:large, max-video-preview:-1\" \/>\n<link rel=\"canonical\" href=\"https:\/\/luxpro.pt\/es\/produto\/telefone-t-art-g2-golmar-12210100\" \/>\n<meta property=\"og:locale\" content=\"es_ES\" \/>\n<meta property=\"og:type\" content=\"article\" \/>\n<meta property=\"og:title\" content=\"Telefone T-ART \/ G2 + Golmar - LuxPro\" \/>\n<meta property=\"og:description\" content=\"instala\u00e7\u00e3o digital \u201cG2+\u201d de 2 fios n\u00e3o polarizados. Caixa feita de pl\u00e1stico ABS branco. Cabo de telefone destac\u00e1vel com conectores. Bot\u00f5es capacitivos com\" \/>\n<meta property=\"og:url\" content=\"https:\/\/luxpro.pt\/es\/produto\/telefone-t-art-g2-golmar-12210100\" \/>\n<meta property=\"og:site_name\" content=\"LuxPro\" \/>\n<meta property=\"article:modified_time\" content=\"2023-11-23T16:44:30+00:00\" \/>\n<meta property=\"og:image\" content=\"https:\/\/luxpro.pt\/wp-content\/uploads\/2022\/10\/12210100-e1666016354183.png\" \/>\n\t<meta property=\"og:image:width\" content=\"323\" \/>\n\t<meta property=\"og:image:height\" content=\"392\" \/>\n\t<meta property=\"og:image:type\" content=\"image\/png\" \/>\n<meta name=\"twitter:card\" content=\"summary_large_image\" \/>\n<meta name=\"twitter:label1\" content=\"Tiempo de lectura\" \/>\n\t<meta name=\"twitter:data1\" content=\"1 minuto\" \/>\n<script type=\"application\/ld+json\" class=\"yoast-schema-graph\">{\"@context\":\"https:\/\/schema.org\",\"@graph\":[{\"@type\":\"WebPage\",\"@id\":\"https:\/\/luxpro.pt\/es\/produto\/telefone-t-art-g2-golmar-12210100\",\"url\":\"https:\/\/luxpro.pt\/es\/produto\/telefone-t-art-g2-golmar-12210100\",\"name\":\"Telefone T-ART \/ G2 + Golmar - LuxPro\",\"isPartOf\":{\"@id\":\"https:\/\/luxpro.pt\/es#website\"},\"primaryImageOfPage\":{\"@id\":\"https:\/\/luxpro.pt\/es\/produto\/telefone-t-art-g2-golmar-12210100#primaryimage\"},\"image\":{\"@id\":\"https:\/\/luxpro.pt\/es\/produto\/telefone-t-art-g2-golmar-12210100#primaryimage\"},\"thumbnailUrl\":\"https:\/\/luxpro.pt\/wp-content\/uploads\/2022\/10\/12210100-e1666016354183.png\",\"datePublished\":\"2022-10-17T14:21:44+00:00\",\"dateModified\":\"2023-11-23T16:44:30+00:00\",\"description\":\"instala\u00e7\u00e3o digital \u201cG2+\u201d de 2 fios n\u00e3o polarizados. Caixa feita de pl\u00e1stico ABS branco. Cabo de telefone destac\u00e1vel com conectores. Bot\u00f5es capacitivos com\",\"breadcrumb\":{\"@id\":\"https:\/\/luxpro.pt\/es\/produto\/telefone-t-art-g2-golmar-12210100#breadcrumb\"},\"inLanguage\":\"es\",\"potentialAction\":[{\"@type\":\"ReadAction\",\"target\":[\"https:\/\/luxpro.pt\/es\/produto\/telefone-t-art-g2-golmar-12210100\"]}]},{\"@type\":\"ImageObject\",\"inLanguage\":\"es\",\"@id\":\"https:\/\/luxpro.pt\/es\/produto\/telefone-t-art-g2-golmar-12210100#primaryimage\",\"url\":\"https:\/\/luxpro.pt\/wp-content\/uploads\/2022\/10\/12210100-e1666016354183.png\",\"contentUrl\":\"https:\/\/luxpro.pt\/wp-content\/uploads\/2022\/10\/12210100-e1666016354183.png\",\"width\":323,\"height\":392},{\"@type\":\"BreadcrumbList\",\"@id\":\"https:\/\/luxpro.pt\/es\/produto\/telefone-t-art-g2-golmar-12210100#breadcrumb\",\"itemListElement\":[{\"@type\":\"ListItem\",\"position\":1,\"name\":\"In\u00edcio\",\"item\":\"https:\/\/luxpro.pt\/es\"},{\"@type\":\"ListItem\",\"position\":2,\"name\":\"Loja\",\"item\":\"https:\/\/luxpro.pt\/loja\"},{\"@type\":\"ListItem\",\"position\":3,\"name\":\"Telefone T-ART \/ G2 + Golmar\"}]},{\"@type\":\"WebSite\",\"@id\":\"https:\/\/luxpro.pt\/es#website\",\"url\":\"https:\/\/luxpro.pt\/es\",\"name\":\"LuxPro\",\"description\":\"\",\"publisher\":{\"@id\":\"https:\/\/luxpro.pt\/es#\/schema\/person\/2d1bed59a52ad49be71622bef025e341\"},\"potentialAction\":[{\"@type\":\"SearchAction\",\"target\":{\"@type\":\"EntryPoint\",\"urlTemplate\":\"https:\/\/luxpro.pt\/es?s={search_term_string}\"},\"query-input\":{\"@type\":\"PropertyValueSpecification\",\"valueRequired\":true,\"valueName\":\"search_term_string\"}}],\"inLanguage\":\"es\"},{\"@type\":[\"Person\",\"Organization\"],\"@id\":\"https:\/\/luxpro.pt\/es#\/schema\/person\/2d1bed59a52ad49be71622bef025e341\",\"name\":\"Tiago Amadeu Ferreira\",\"image\":{\"@type\":\"ImageObject\",\"inLanguage\":\"es\",\"@id\":\"https:\/\/luxpro.pt\/es#\/schema\/person\/image\/\",\"url\":\"https:\/\/luxpro.pt\/wp-content\/uploads\/2017\/11\/logo.jpg\",\"contentUrl\":\"https:\/\/luxpro.pt\/wp-content\/uploads\/2017\/11\/logo.jpg\",\"width\":150,\"height\":33,\"caption\":\"Tiago Amadeu Ferreira\"},\"logo\":{\"@id\":\"https:\/\/luxpro.pt\/es#\/schema\/person\/image\/\"}}]}<\/script>\n<!-- \/ Yoast SEO plugin. -->","yoast_head_json":{"title":"Telefone T-ART \/ G2 + Golmar - LuxPro","description":"instala\u00e7\u00e3o digital \u201cG2+\u201d de 2 fios n\u00e3o polarizados. Caixa feita de pl\u00e1stico ABS branco. Cabo de telefone destac\u00e1vel com conectores. Bot\u00f5es capacitivos com","robots":{"index":"index","follow":"follow","max-snippet":"max-snippet:-1","max-image-preview":"max-image-preview:large","max-video-preview":"max-video-preview:-1"},"canonical":"https:\/\/luxpro.pt\/es\/produto\/telefone-t-art-g2-golmar-12210100","og_locale":"es_ES","og_type":"article","og_title":"Telefone T-ART \/ G2 + Golmar - LuxPro","og_description":"instala\u00e7\u00e3o digital \u201cG2+\u201d de 2 fios n\u00e3o polarizados. Caixa feita de pl\u00e1stico ABS branco. Cabo de telefone destac\u00e1vel com conectores. Bot\u00f5es capacitivos com","og_url":"https:\/\/luxpro.pt\/es\/produto\/telefone-t-art-g2-golmar-12210100","og_site_name":"LuxPro","article_modified_time":"2023-11-23T16:44:30+00:00","og_image":[{"width":323,"height":392,"url":"https:\/\/luxpro.pt\/wp-content\/uploads\/2022\/10\/12210100-e1666016354183.png","type":"image\/png"}],"twitter_card":"summary_large_image","twitter_misc":{"Tiempo de lectura":"1 minuto"},"schema":{"@context":"https:\/\/schema.org","@graph":[{"@type":"WebPage","@id":"https:\/\/luxpro.pt\/es\/produto\/telefone-t-art-g2-golmar-12210100","url":"https:\/\/luxpro.pt\/es\/produto\/telefone-t-art-g2-golmar-12210100","name":"Telefone T-ART \/ G2 + Golmar - LuxPro","isPartOf":{"@id":"https:\/\/luxpro.pt\/es#website"},"primaryImageOfPage":{"@id":"https:\/\/luxpro.pt\/es\/produto\/telefone-t-art-g2-golmar-12210100#primaryimage"},"image":{"@id":"https:\/\/luxpro.pt\/es\/produto\/telefone-t-art-g2-golmar-12210100#primaryimage"},"thumbnailUrl":"https:\/\/luxpro.pt\/wp-content\/uploads\/2022\/10\/12210100-e1666016354183.png","datePublished":"2022-10-17T14:21:44+00:00","dateModified":"2023-11-23T16:44:30+00:00","description":"instala\u00e7\u00e3o digital \u201cG2+\u201d de 2 fios n\u00e3o polarizados. Caixa feita de pl\u00e1stico ABS branco. Cabo de telefone destac\u00e1vel com conectores. Bot\u00f5es capacitivos com","breadcrumb":{"@id":"https:\/\/luxpro.pt\/es\/produto\/telefone-t-art-g2-golmar-12210100#breadcrumb"},"inLanguage":"es","potentialAction":[{"@type":"ReadAction","target":["https:\/\/luxpro.pt\/es\/produto\/telefone-t-art-g2-golmar-12210100"]}]},{"@type":"ImageObject","inLanguage":"es","@id":"https:\/\/luxpro.pt\/es\/produto\/telefone-t-art-g2-golmar-12210100#primaryimage","url":"https:\/\/luxpro.pt\/wp-content\/uploads\/2022\/10\/12210100-e1666016354183.png","contentUrl":"https:\/\/luxpro.pt\/wp-content\/uploads\/2022\/10\/12210100-e1666016354183.png","width":323,"height":392},{"@type":"BreadcrumbList","@id":"https:\/\/luxpro.pt\/es\/produto\/telefone-t-art-g2-golmar-12210100#breadcrumb","itemListElement":[{"@type":"ListItem","position":1,"name":"In\u00edcio","item":"https:\/\/luxpro.pt\/es"},{"@type":"ListItem","position":2,"name":"Loja","item":"https:\/\/luxpro.pt\/loja"},{"@type":"ListItem","position":3,"name":"Telefone T-ART \/ G2 + Golmar"}]},{"@type":"WebSite","@id":"https:\/\/luxpro.pt\/es#website","url":"https:\/\/luxpro.pt\/es","name":"LuxPro","description":"","publisher":{"@id":"https:\/\/luxpro.pt\/es#\/schema\/person\/2d1bed59a52ad49be71622bef025e341"},"potentialAction":[{"@type":"SearchAction","target":{"@type":"EntryPoint","urlTemplate":"https:\/\/luxpro.pt\/es?s={search_term_string}"},"query-input":{"@type":"PropertyValueSpecification","valueRequired":true,"valueName":"search_term_string"}}],"inLanguage":"es"},{"@type":["Person","Organization"],"@id":"https:\/\/luxpro.pt\/es#\/schema\/person\/2d1bed59a52ad49be71622bef025e341","name":"Tiago Amadeu Ferreira","image":{"@type":"ImageObject","inLanguage":"es","@id":"https:\/\/luxpro.pt\/es#\/schema\/person\/image\/","url":"https:\/\/luxpro.pt\/wp-content\/uploads\/2017\/11\/logo.jpg","contentUrl":"https:\/\/luxpro.pt\/wp-content\/uploads\/2017\/11\/logo.jpg","width":150,"height":33,"caption":"Tiago Amadeu Ferreira"},"logo":{"@id":"https:\/\/luxpro.pt\/es#\/schema\/person\/image\/"}}]}},"tiered_pricing_type":"fixed","tiered_pricing_fixed_rules":[],"tiered_pricing_product_settings":{"layout":"default","base_unit_name":{"singular":null,"plural":null},"default_variation":null},"tiered_pricing_minimum_quantity":null,"tiered_pricing_roles_data":[],"tiered_pricing_percentage_rules":[],"_links":{"self":[{"href":"https:\/\/luxpro.pt\/es\/wp-json\/wp\/v2\/product\/10215","targetHints":{"allow":["GET"]}}],"collection":[{"href":"https:\/\/luxpro.pt\/es\/wp-json\/wp\/v2\/product"}],"about":[{"href":"https:\/\/luxpro.pt\/es\/wp-json\/wp\/v2\/types\/product"}],"replies":[{"embeddable":true,"href":"https:\/\/luxpro.pt\/es\/wp-json\/wp\/v2\/comments?post=10215"}],"wp:featuredmedia":[{"embeddable":true,"href":"https:\/\/luxpro.pt\/es\/wp-json\/wp\/v2\/media\/10216"}],"wp:attachment":[{"href":"https:\/\/luxpro.pt\/es\/wp-json\/wp\/v2\/media?parent=10215"}],"wp:term":[{"taxonomy":"product_brand","embeddable":true,"href":"https:\/\/luxpro.pt\/es\/wp-json\/wp\/v2\/product_brand?post=10215"},{"taxonomy":"product_cat","embeddable":true,"href":"https:\/\/luxpro.pt\/es\/wp-json\/wp\/v2\/product_cat?post=10215"},{"taxonomy":"product_tag","embeddable":true,"href":"https:\/\/luxpro.pt\/es\/wp-json\/wp\/v2\/product_tag?post=10215"}],"curies":[{"name":"wp","href":"https:\/\/api.w.org\/{rel}","templated":true}]}}