{"id":10281,"date":"2022-10-25T19:11:24","date_gmt":"2022-10-25T18:11:24","guid":{"rendered":"https:\/\/luxpro.pt\/?post_type=product&#038;p=10281"},"modified":"2022-10-25T19:12:26","modified_gmt":"2022-10-25T18:12:26","slug":"modulo-de-som-el642-plus","status":"publish","type":"product","link":"https:\/\/luxpro.pt\/es\/produto\/modulo-de-som-el642-plus","title":{"rendered":"M\u00f3dulo de som EL642\/Plus"},"content":{"rendered":"<ul>\n<li>Para bot\u00f5es Nexa ou pain\u00e9is de porta codificados.<\/li>\n<li>Instala\u00e7\u00e3o digital &#8220;Plus&#8221; de 4 fios.<\/li>\n<li>M\u00f3dulo de som com painel de porta independente e volume de n\u00edvel de ajuste de telefone.<\/li>\n<li>Conector terminal remov\u00edvel para f\u00e1cil fia\u00e7\u00e3o.<\/li>\n<li>A privacidade na porta de \u00e1udio aberta avan\u00e7a.<\/li>\n<li>Chamada eletr\u00f4nica com sinal ac\u00fastico de confirma\u00e7\u00e3o, confirmando que a chamada est\u00e1 em andamento, o sistema est\u00e1 ocupado ou o bloqueio est\u00e1 ativado.<\/li>\n<li>Conex\u00e3o a m\u00f3dulos de bot\u00e3o ou teclado usando pequenos cabos planos fornecidos com os m\u00f3dulos.<\/li>\n<li>Tempo de ativa\u00e7\u00e3o do bloqueio selecion\u00e1vel.<\/li>\n<li>Inclui dois bot\u00f5es de press\u00e3o.<\/li>\n<\/ul>\n","protected":false},"excerpt":{"rendered":"<p>Para bot\u00f5es Nexa ou pain\u00e9is de porta codificados. Instala\u00e7\u00e3o digital &#8220;Plus&#8221; de 4 fios. M\u00f3dulo de som com painel de porta independente e volume de n\u00edvel de ajuste de telefone. Conector terminal remov\u00edvel para f\u00e1cil fia\u00e7\u00e3o. A privacidade na porta de \u00e1udio aberta avan\u00e7a. Chamada eletr\u00f4nica com sinal ac\u00fastico de confirma\u00e7\u00e3o, confirmando que a chamada est\u00e1 em andamento, o sistema [&hellip;]<\/p>\n","protected":false},"featured_media":10282,"comment_status":"open","ping_status":"closed","template":"","meta":[],"product_brand":[],"product_cat":[661],"product_tag":[1605,781,1604],"class_list":{"0":"post-10281","1":"product","2":"type-product","3":"status-publish","4":"has-post-thumbnail","6":"product_cat-acessorios-2","7":"product_tag-el642-plus","8":"product_tag-golmar","9":"product_tag-modulo-som","11":"first","12":"instock","13":"taxable","14":"shipping-taxable","15":"purchasable","16":"product-type-simple"},"yoast_head":"<!-- This site is optimized with the Yoast SEO plugin v26.5 - https:\/\/yoast.com\/wordpress\/plugins\/seo\/ -->\n<title>M\u00f3dulo de som EL642\/Plus - LuxPro<\/title>\n<meta name=\"description\" content=\"Para bot\u00f5es Nexa ou pain\u00e9is de porta codificados. Instala\u00e7\u00e3o digital &quot;Plus&quot; de 4 fios. M\u00f3dulo de som com painel de porta independente e volume de n\u00edvel de\" \/>\n<meta name=\"robots\" content=\"index, follow, max-snippet:-1, max-image-preview:large, max-video-preview:-1\" \/>\n<link rel=\"canonical\" href=\"https:\/\/luxpro.pt\/es\/produto\/modulo-de-som-el642-plus\" \/>\n<meta property=\"og:locale\" content=\"es_ES\" \/>\n<meta property=\"og:type\" content=\"article\" \/>\n<meta property=\"og:title\" content=\"M\u00f3dulo de som EL642\/Plus - LuxPro\" \/>\n<meta property=\"og:description\" content=\"Para bot\u00f5es Nexa ou pain\u00e9is de porta codificados. Instala\u00e7\u00e3o digital &quot;Plus&quot; de 4 fios. M\u00f3dulo de som com painel de porta independente e volume de n\u00edvel de\" \/>\n<meta property=\"og:url\" content=\"https:\/\/luxpro.pt\/es\/produto\/modulo-de-som-el642-plus\" \/>\n<meta property=\"og:site_name\" content=\"LuxPro\" \/>\n<meta property=\"article:modified_time\" content=\"2022-10-25T18:12:26+00:00\" \/>\n<meta property=\"og:image\" content=\"https:\/\/luxpro.pt\/wp-content\/uploads\/2022\/10\/11817640-874x1024.png\" \/>\n\t<meta property=\"og:image:width\" content=\"874\" \/>\n\t<meta property=\"og:image:height\" content=\"1024\" \/>\n\t<meta property=\"og:image:type\" content=\"image\/png\" \/>\n<meta name=\"twitter:card\" content=\"summary_large_image\" \/>\n<meta name=\"twitter:label1\" content=\"Tiempo de lectura\" \/>\n\t<meta name=\"twitter:data1\" content=\"1 minuto\" \/>\n<script type=\"application\/ld+json\" class=\"yoast-schema-graph\">{\"@context\":\"https:\/\/schema.org\",\"@graph\":[{\"@type\":\"WebPage\",\"@id\":\"https:\/\/luxpro.pt\/es\/produto\/modulo-de-som-el642-plus\",\"url\":\"https:\/\/luxpro.pt\/es\/produto\/modulo-de-som-el642-plus\",\"name\":\"M\u00f3dulo de som EL642\/Plus - LuxPro\",\"isPartOf\":{\"@id\":\"https:\/\/luxpro.pt\/es#website\"},\"primaryImageOfPage\":{\"@id\":\"https:\/\/luxpro.pt\/es\/produto\/modulo-de-som-el642-plus#primaryimage\"},\"image\":{\"@id\":\"https:\/\/luxpro.pt\/es\/produto\/modulo-de-som-el642-plus#primaryimage\"},\"thumbnailUrl\":\"https:\/\/luxpro.pt\/wp-content\/uploads\/2022\/10\/11817640.png\",\"datePublished\":\"2022-10-25T18:11:24+00:00\",\"dateModified\":\"2022-10-25T18:12:26+00:00\",\"description\":\"Para bot\u00f5es Nexa ou pain\u00e9is de porta codificados. Instala\u00e7\u00e3o digital \\\"Plus\\\" de 4 fios. M\u00f3dulo de som com painel de porta independente e volume de n\u00edvel de\",\"breadcrumb\":{\"@id\":\"https:\/\/luxpro.pt\/es\/produto\/modulo-de-som-el642-plus#breadcrumb\"},\"inLanguage\":\"es\",\"potentialAction\":[{\"@type\":\"ReadAction\",\"target\":[\"https:\/\/luxpro.pt\/es\/produto\/modulo-de-som-el642-plus\"]}]},{\"@type\":\"ImageObject\",\"inLanguage\":\"es\",\"@id\":\"https:\/\/luxpro.pt\/es\/produto\/modulo-de-som-el642-plus#primaryimage\",\"url\":\"https:\/\/luxpro.pt\/wp-content\/uploads\/2022\/10\/11817640.png\",\"contentUrl\":\"https:\/\/luxpro.pt\/wp-content\/uploads\/2022\/10\/11817640.png\",\"width\":1281,\"height\":1500},{\"@type\":\"BreadcrumbList\",\"@id\":\"https:\/\/luxpro.pt\/es\/produto\/modulo-de-som-el642-plus#breadcrumb\",\"itemListElement\":[{\"@type\":\"ListItem\",\"position\":1,\"name\":\"In\u00edcio\",\"item\":\"https:\/\/luxpro.pt\/es\"},{\"@type\":\"ListItem\",\"position\":2,\"name\":\"Loja\",\"item\":\"https:\/\/luxpro.pt\/loja\"},{\"@type\":\"ListItem\",\"position\":3,\"name\":\"M\u00f3dulo de som EL642\/Plus\"}]},{\"@type\":\"WebSite\",\"@id\":\"https:\/\/luxpro.pt\/es#website\",\"url\":\"https:\/\/luxpro.pt\/es\",\"name\":\"LuxPro\",\"description\":\"\",\"publisher\":{\"@id\":\"https:\/\/luxpro.pt\/es#\/schema\/person\/2d1bed59a52ad49be71622bef025e341\"},\"potentialAction\":[{\"@type\":\"SearchAction\",\"target\":{\"@type\":\"EntryPoint\",\"urlTemplate\":\"https:\/\/luxpro.pt\/es?s={search_term_string}\"},\"query-input\":{\"@type\":\"PropertyValueSpecification\",\"valueRequired\":true,\"valueName\":\"search_term_string\"}}],\"inLanguage\":\"es\"},{\"@type\":[\"Person\",\"Organization\"],\"@id\":\"https:\/\/luxpro.pt\/es#\/schema\/person\/2d1bed59a52ad49be71622bef025e341\",\"name\":\"Tiago Amadeu Ferreira\",\"image\":{\"@type\":\"ImageObject\",\"inLanguage\":\"es\",\"@id\":\"https:\/\/luxpro.pt\/es#\/schema\/person\/image\/\",\"url\":\"https:\/\/luxpro.pt\/wp-content\/uploads\/2017\/11\/logo.jpg\",\"contentUrl\":\"https:\/\/luxpro.pt\/wp-content\/uploads\/2017\/11\/logo.jpg\",\"width\":150,\"height\":33,\"caption\":\"Tiago Amadeu Ferreira\"},\"logo\":{\"@id\":\"https:\/\/luxpro.pt\/es#\/schema\/person\/image\/\"}}]}<\/script>\n<!-- \/ Yoast SEO plugin. -->","yoast_head_json":{"title":"M\u00f3dulo de som EL642\/Plus - LuxPro","description":"Para bot\u00f5es Nexa ou pain\u00e9is de porta codificados. Instala\u00e7\u00e3o digital \"Plus\" de 4 fios. M\u00f3dulo de som com painel de porta independente e volume de n\u00edvel de","robots":{"index":"index","follow":"follow","max-snippet":"max-snippet:-1","max-image-preview":"max-image-preview:large","max-video-preview":"max-video-preview:-1"},"canonical":"https:\/\/luxpro.pt\/es\/produto\/modulo-de-som-el642-plus","og_locale":"es_ES","og_type":"article","og_title":"M\u00f3dulo de som EL642\/Plus - LuxPro","og_description":"Para bot\u00f5es Nexa ou pain\u00e9is de porta codificados. Instala\u00e7\u00e3o digital \"Plus\" de 4 fios. M\u00f3dulo de som com painel de porta independente e volume de n\u00edvel de","og_url":"https:\/\/luxpro.pt\/es\/produto\/modulo-de-som-el642-plus","og_site_name":"LuxPro","article_modified_time":"2022-10-25T18:12:26+00:00","og_image":[{"width":874,"height":1024,"url":"https:\/\/luxpro.pt\/wp-content\/uploads\/2022\/10\/11817640-874x1024.png","type":"image\/png"}],"twitter_card":"summary_large_image","twitter_misc":{"Tiempo de lectura":"1 minuto"},"schema":{"@context":"https:\/\/schema.org","@graph":[{"@type":"WebPage","@id":"https:\/\/luxpro.pt\/es\/produto\/modulo-de-som-el642-plus","url":"https:\/\/luxpro.pt\/es\/produto\/modulo-de-som-el642-plus","name":"M\u00f3dulo de som EL642\/Plus - LuxPro","isPartOf":{"@id":"https:\/\/luxpro.pt\/es#website"},"primaryImageOfPage":{"@id":"https:\/\/luxpro.pt\/es\/produto\/modulo-de-som-el642-plus#primaryimage"},"image":{"@id":"https:\/\/luxpro.pt\/es\/produto\/modulo-de-som-el642-plus#primaryimage"},"thumbnailUrl":"https:\/\/luxpro.pt\/wp-content\/uploads\/2022\/10\/11817640.png","datePublished":"2022-10-25T18:11:24+00:00","dateModified":"2022-10-25T18:12:26+00:00","description":"Para bot\u00f5es Nexa ou pain\u00e9is de porta codificados. Instala\u00e7\u00e3o digital \"Plus\" de 4 fios. M\u00f3dulo de som com painel de porta independente e volume de n\u00edvel de","breadcrumb":{"@id":"https:\/\/luxpro.pt\/es\/produto\/modulo-de-som-el642-plus#breadcrumb"},"inLanguage":"es","potentialAction":[{"@type":"ReadAction","target":["https:\/\/luxpro.pt\/es\/produto\/modulo-de-som-el642-plus"]}]},{"@type":"ImageObject","inLanguage":"es","@id":"https:\/\/luxpro.pt\/es\/produto\/modulo-de-som-el642-plus#primaryimage","url":"https:\/\/luxpro.pt\/wp-content\/uploads\/2022\/10\/11817640.png","contentUrl":"https:\/\/luxpro.pt\/wp-content\/uploads\/2022\/10\/11817640.png","width":1281,"height":1500},{"@type":"BreadcrumbList","@id":"https:\/\/luxpro.pt\/es\/produto\/modulo-de-som-el642-plus#breadcrumb","itemListElement":[{"@type":"ListItem","position":1,"name":"In\u00edcio","item":"https:\/\/luxpro.pt\/es"},{"@type":"ListItem","position":2,"name":"Loja","item":"https:\/\/luxpro.pt\/loja"},{"@type":"ListItem","position":3,"name":"M\u00f3dulo de som EL642\/Plus"}]},{"@type":"WebSite","@id":"https:\/\/luxpro.pt\/es#website","url":"https:\/\/luxpro.pt\/es","name":"LuxPro","description":"","publisher":{"@id":"https:\/\/luxpro.pt\/es#\/schema\/person\/2d1bed59a52ad49be71622bef025e341"},"potentialAction":[{"@type":"SearchAction","target":{"@type":"EntryPoint","urlTemplate":"https:\/\/luxpro.pt\/es?s={search_term_string}"},"query-input":{"@type":"PropertyValueSpecification","valueRequired":true,"valueName":"search_term_string"}}],"inLanguage":"es"},{"@type":["Person","Organization"],"@id":"https:\/\/luxpro.pt\/es#\/schema\/person\/2d1bed59a52ad49be71622bef025e341","name":"Tiago Amadeu Ferreira","image":{"@type":"ImageObject","inLanguage":"es","@id":"https:\/\/luxpro.pt\/es#\/schema\/person\/image\/","url":"https:\/\/luxpro.pt\/wp-content\/uploads\/2017\/11\/logo.jpg","contentUrl":"https:\/\/luxpro.pt\/wp-content\/uploads\/2017\/11\/logo.jpg","width":150,"height":33,"caption":"Tiago Amadeu Ferreira"},"logo":{"@id":"https:\/\/luxpro.pt\/es#\/schema\/person\/image\/"}}]}},"tiered_pricing_type":"fixed","tiered_pricing_fixed_rules":[],"tiered_pricing_product_settings":{"layout":"default","base_unit_name":{"singular":null,"plural":null},"default_variation":null},"tiered_pricing_minimum_quantity":null,"tiered_pricing_roles_data":[],"tiered_pricing_percentage_rules":[],"_links":{"self":[{"href":"https:\/\/luxpro.pt\/es\/wp-json\/wp\/v2\/product\/10281","targetHints":{"allow":["GET"]}}],"collection":[{"href":"https:\/\/luxpro.pt\/es\/wp-json\/wp\/v2\/product"}],"about":[{"href":"https:\/\/luxpro.pt\/es\/wp-json\/wp\/v2\/types\/product"}],"replies":[{"embeddable":true,"href":"https:\/\/luxpro.pt\/es\/wp-json\/wp\/v2\/comments?post=10281"}],"wp:featuredmedia":[{"embeddable":true,"href":"https:\/\/luxpro.pt\/es\/wp-json\/wp\/v2\/media\/10282"}],"wp:attachment":[{"href":"https:\/\/luxpro.pt\/es\/wp-json\/wp\/v2\/media?parent=10281"}],"wp:term":[{"taxonomy":"product_brand","embeddable":true,"href":"https:\/\/luxpro.pt\/es\/wp-json\/wp\/v2\/product_brand?post=10281"},{"taxonomy":"product_cat","embeddable":true,"href":"https:\/\/luxpro.pt\/es\/wp-json\/wp\/v2\/product_cat?post=10281"},{"taxonomy":"product_tag","embeddable":true,"href":"https:\/\/luxpro.pt\/es\/wp-json\/wp\/v2\/product_tag?post=10281"}],"curies":[{"name":"wp","href":"https:\/\/api.w.org\/{rel}","templated":true}]}}